{"id":57129,"date":"2022-04-21T16:34:34","date_gmt":"2022-04-21T13:34:34","guid":{"rendered":"https:\/\/paabaths.com\/catalog\/bez-kategorii\/flow-500\/"},"modified":"2024-08-21T16:01:49","modified_gmt":"2024-08-21T13:01:49","slug":"flow-50","status":"publish","type":"product","link":"https:\/\/paabaths.com\/pl\/katalog\/umywalki\/flow-50\/","title":{"rendered":"Flow 50"},"content":{"rendered":"","protected":false},"excerpt":{"rendered":"","protected":false},"featured_media":0,"template":"","meta":{"_acf_changed":false,"inline_featured_image":false},"product_brand":[],"product_cat":[993],"product_tag":[],"class_list":{"0":"post-57129","1":"product","2":"type-product","3":"status-publish","5":"product_type-variable","6":"product_cat-umywalki","7":"pa_installation-type-made-to-measure-pl","8":"pa_material-silkstone-pl","9":"collection-made-to-measure-pl","11":"first","12":"instock","13":"shipping-taxable","14":"purchasable","15":"product-type-variable","16":"has-default-attributes"},"acf":{"product_type":"mtm","price_pdf_url":"","dealer_type-exclusive":false,"corner_image":null,"square_image":null,"all_models_image":null,"tag_image":null,"description":"","category":993,"material":[971],"collection":[1000],"gallery_1":[{"type":"full","image":57178,"image_2":null,"images":[57137],"video_url":""}],"step_1":{"icon":57127,"text":"Zmierz powierzchni\u0119 swojej \u0142azienki"},"step_2":{"icon":57134,"text":"Dostosuj rozmiar i kszta\u0142t produktu do swojego pomys\u0142u i konkretnych wymaga\u0144 dotycz\u0105cych uk\u0142adu"},"step_3":{"icon":57135,"text":"Wybierz kszta\u0142t i rozmiar umywalki"},"step_4":{"icon":57136,"text":"Dodaj detale, elementy i wybierz kolor(-y)"},"specification_table":[{"type":"material","label":"","value":""},{"type":"size","label":"","value":""}],"optional_products":null,"optional_text":"","downloads":[{"file_type":"cad","label":"0","file":57176},{"file_type":"cad","label":"1","file":57177},{"file_type":"pdf","label":"6","file":64158}],"gallery":[{"type":"slider","image":null,"text":{"text":"","text_vertical_position":54},"image_2":null,"text_2":{"text":"","text_vertical_position":54},"images":"","video_url":""},{"type":"two","image":57139,"text":{"text":"","text_vertical_position":"54"},"image_2":57140,"text_2":{"text":"","text_vertical_position":"54"},"images":null,"video_url":""}],"technical_drawings":{"side_view":57438,"side_view_text":"500 - 3000 x 500 mm\r\nH = 160 mm","end_view":57439,"top_view":57440,"drainage_area":"","mounting_icons":"","":null,"side_view_scale":{"scale":100,"x_position":100,"y_position":100},"top_view_scale":{"scale":100,"x_position":100,"y_position":120},"end_view_scale":{"scale":100,"x_position":115,"y_position":100},"drainage_area_scale":{"scale":100,"x_position":100,"y_position":100},"space":{"before":0,"between":0,"after":30}},"space_afer_drawings":0,"matching_product":[{"product":56183,"variation":968}],"is_main_connected_product":false,"has_no_content":false,"connected_product":57126,"default_product":null,"enable_mtm_icon":false,"vario_page":null,"vario_all":null},"yoast_head":"<!-- This site is optimized with the Yoast SEO plugin v26.1.1 - https:\/\/yoast.com\/wordpress\/plugins\/seo\/ -->\n<title>Flow 50 - PAA<\/title>\n<meta name=\"robots\" content=\"index, follow, max-snippet:-1, max-image-preview:large, max-video-preview:-1\" \/>\n<link rel=\"canonical\" href=\"https:\/\/paabaths.com\/pl\/katalog\/umywalki\/flow-50\/\" \/>\n<meta property=\"og:locale\" content=\"pl_PL\" \/>\n<meta property=\"og:type\" content=\"article\" \/>\n<meta property=\"og:title\" content=\"Flow 50 - PAA\" \/>\n<meta property=\"og:url\" content=\"https:\/\/paabaths.com\/pl\/katalog\/umywalki\/flow-50\/\" \/>\n<meta property=\"og:site_name\" content=\"PAA\" \/>\n<meta property=\"article:publisher\" content=\"https:\/\/www.facebook.com\/paabaths\/\" \/>\n<meta property=\"article:modified_time\" content=\"2024-08-21T13:01:49+00:00\" \/>\n<meta property=\"og:image\" content=\"https:\/\/paabaths.com\/wp-content\/uploads\/2025\/09\/PAA-baths-title2560x1500px.jpg\" \/>\n\t<meta property=\"og:image:width\" content=\"2560\" \/>\n\t<meta property=\"og:image:height\" content=\"1500\" \/>\n\t<meta property=\"og:image:type\" content=\"image\/jpeg\" \/>\n<meta name=\"twitter:card\" content=\"summary_large_image\" \/>\n<script type=\"application\/ld+json\" class=\"yoast-schema-graph\">{\"@context\":\"https:\/\/schema.org\",\"@graph\":[{\"@type\":\"WebPage\",\"@id\":\"https:\/\/paabaths.com\/pl\/katalog\/umywalki\/flow-50\/\",\"url\":\"https:\/\/paabaths.com\/pl\/katalog\/umywalki\/flow-50\/\",\"name\":\"Flow 50 - PAA\",\"isPartOf\":{\"@id\":\"https:\/\/paabaths.com\/pl\/#website\"},\"datePublished\":\"2022-04-21T13:34:34+00:00\",\"dateModified\":\"2024-08-21T13:01:49+00:00\",\"breadcrumb\":{\"@id\":\"https:\/\/paabaths.com\/pl\/katalog\/umywalki\/flow-50\/#breadcrumb\"},\"inLanguage\":\"pl-PL\",\"potentialAction\":[{\"@type\":\"ReadAction\",\"target\":[\"https:\/\/paabaths.com\/pl\/katalog\/umywalki\/flow-50\/\"]}]},{\"@type\":\"BreadcrumbList\",\"@id\":\"https:\/\/paabaths.com\/pl\/katalog\/umywalki\/flow-50\/#breadcrumb\",\"itemListElement\":[{\"@type\":\"ListItem\",\"position\":1,\"name\":\"Home\",\"item\":\"https:\/\/paabaths.com\/pl\/\"},{\"@type\":\"ListItem\",\"position\":2,\"name\":\"Katalog\",\"item\":\"https:\/\/paabaths.com\/lv\/produkcija\/\"},{\"@type\":\"ListItem\",\"position\":3,\"name\":\"Flow 50\"}]},{\"@type\":\"WebSite\",\"@id\":\"https:\/\/paabaths.com\/pl\/#website\",\"url\":\"https:\/\/paabaths.com\/pl\/\",\"name\":\"PAA\",\"description\":\"This is PAA Ltd. brand site\",\"publisher\":{\"@id\":\"https:\/\/paabaths.com\/pl\/#organization\"},\"potentialAction\":[{\"@type\":\"SearchAction\",\"target\":{\"@type\":\"EntryPoint\",\"urlTemplate\":\"https:\/\/paabaths.com\/pl\/?s={search_term_string}\"},\"query-input\":{\"@type\":\"PropertyValueSpecification\",\"valueRequired\":true,\"valueName\":\"search_term_string\"}}],\"inLanguage\":\"pl-PL\"},{\"@type\":\"Organization\",\"@id\":\"https:\/\/paabaths.com\/pl\/#organization\",\"name\":\"PAA Baths\",\"url\":\"https:\/\/paabaths.com\/pl\/\",\"logo\":{\"@type\":\"ImageObject\",\"inLanguage\":\"pl-PL\",\"@id\":\"https:\/\/paabaths.com\/pl\/#\/schema\/logo\/image\/\",\"url\":\"https:\/\/paabaths.com\/wp-content\/uploads\/2023\/02\/84294546_179914056600038_3880533746851512320_n.jpeg\",\"contentUrl\":\"https:\/\/paabaths.com\/wp-content\/uploads\/2023\/02\/84294546_179914056600038_3880533746851512320_n.jpeg\",\"width\":320,\"height\":320,\"caption\":\"PAA Baths\"},\"image\":{\"@id\":\"https:\/\/paabaths.com\/pl\/#\/schema\/logo\/image\/\"},\"sameAs\":[\"https:\/\/www.facebook.com\/paabaths\/\",\"https:\/\/www.instagram.com\/paa_baths\"]}]}<\/script>\n<!-- \/ Yoast SEO plugin. -->","yoast_head_json":{"title":"Flow 50 - PAA","robots":{"index":"index","follow":"follow","max-snippet":"max-snippet:-1","max-image-preview":"max-image-preview:large","max-video-preview":"max-video-preview:-1"},"canonical":"https:\/\/paabaths.com\/pl\/katalog\/umywalki\/flow-50\/","og_locale":"pl_PL","og_type":"article","og_title":"Flow 50 - PAA","og_url":"https:\/\/paabaths.com\/pl\/katalog\/umywalki\/flow-50\/","og_site_name":"PAA","article_publisher":"https:\/\/www.facebook.com\/paabaths\/","article_modified_time":"2024-08-21T13:01:49+00:00","og_image":[{"width":2560,"height":1500,"url":"https:\/\/paabaths.com\/wp-content\/uploads\/2025\/09\/PAA-baths-title2560x1500px.jpg","type":"image\/jpeg"}],"twitter_card":"summary_large_image","schema":{"@context":"https:\/\/schema.org","@graph":[{"@type":"WebPage","@id":"https:\/\/paabaths.com\/pl\/katalog\/umywalki\/flow-50\/","url":"https:\/\/paabaths.com\/pl\/katalog\/umywalki\/flow-50\/","name":"Flow 50 - PAA","isPartOf":{"@id":"https:\/\/paabaths.com\/pl\/#website"},"datePublished":"2022-04-21T13:34:34+00:00","dateModified":"2024-08-21T13:01:49+00:00","breadcrumb":{"@id":"https:\/\/paabaths.com\/pl\/katalog\/umywalki\/flow-50\/#breadcrumb"},"inLanguage":"pl-PL","potentialAction":[{"@type":"ReadAction","target":["https:\/\/paabaths.com\/pl\/katalog\/umywalki\/flow-50\/"]}]},{"@type":"BreadcrumbList","@id":"https:\/\/paabaths.com\/pl\/katalog\/umywalki\/flow-50\/#breadcrumb","itemListElement":[{"@type":"ListItem","position":1,"name":"Home","item":"https:\/\/paabaths.com\/pl\/"},{"@type":"ListItem","position":2,"name":"Katalog","item":"https:\/\/paabaths.com\/lv\/produkcija\/"},{"@type":"ListItem","position":3,"name":"Flow 50"}]},{"@type":"WebSite","@id":"https:\/\/paabaths.com\/pl\/#website","url":"https:\/\/paabaths.com\/pl\/","name":"PAA","description":"This is PAA Ltd. brand site","publisher":{"@id":"https:\/\/paabaths.com\/pl\/#organization"},"potentialAction":[{"@type":"SearchAction","target":{"@type":"EntryPoint","urlTemplate":"https:\/\/paabaths.com\/pl\/?s={search_term_string}"},"query-input":{"@type":"PropertyValueSpecification","valueRequired":true,"valueName":"search_term_string"}}],"inLanguage":"pl-PL"},{"@type":"Organization","@id":"https:\/\/paabaths.com\/pl\/#organization","name":"PAA Baths","url":"https:\/\/paabaths.com\/pl\/","logo":{"@type":"ImageObject","inLanguage":"pl-PL","@id":"https:\/\/paabaths.com\/pl\/#\/schema\/logo\/image\/","url":"https:\/\/paabaths.com\/wp-content\/uploads\/2023\/02\/84294546_179914056600038_3880533746851512320_n.jpeg","contentUrl":"https:\/\/paabaths.com\/wp-content\/uploads\/2023\/02\/84294546_179914056600038_3880533746851512320_n.jpeg","width":320,"height":320,"caption":"PAA Baths"},"image":{"@id":"https:\/\/paabaths.com\/pl\/#\/schema\/logo\/image\/"},"sameAs":["https:\/\/www.facebook.com\/paabaths\/","https:\/\/www.instagram.com\/paa_baths"]}]}},"_links":{"self":[{"href":"https:\/\/paabaths.com\/pl\/wp-json\/wp\/v2\/product\/57129","targetHints":{"allow":["GET"]}}],"collection":[{"href":"https:\/\/paabaths.com\/pl\/wp-json\/wp\/v2\/product"}],"about":[{"href":"https:\/\/paabaths.com\/pl\/wp-json\/wp\/v2\/types\/product"}],"acf:post":[{"embeddable":true,"href":"https:\/\/paabaths.com\/pl\/wp-json\/wp\/v2\/product\/57126"}],"acf:term":[{"embeddable":true,"taxonomy":"collection","href":"https:\/\/paabaths.com\/pl\/wp-json\/wp\/v2\/collection\/1000"},{"embeddable":true,"taxonomy":"pa_material","href":"https:\/\/paabaths.com\/pl\/wp-json\/wp\/v2\/pa_material\/971"},{"embeddable":true,"taxonomy":"product_cat","href":"https:\/\/paabaths.com\/pl\/wp-json\/wp\/v2\/product_cat\/993"}],"wp:attachment":[{"href":"https:\/\/paabaths.com\/pl\/wp-json\/wp\/v2\/media?parent=57129"}],"wp:term":[{"taxonomy":"product_brand","embeddable":true,"href":"https:\/\/paabaths.com\/pl\/wp-json\/wp\/v2\/product_brand?post=57129"},{"taxonomy":"product_cat","embeddable":true,"href":"https:\/\/paabaths.com\/pl\/wp-json\/wp\/v2\/product_cat?post=57129"},{"taxonomy":"product_tag","embeddable":true,"href":"https:\/\/paabaths.com\/pl\/wp-json\/wp\/v2\/product_tag?post=57129"}],"curies":[{"name":"wp","href":"https:\/\/api.w.org\/{rel}","templated":true}]}}