{"id":56333,"date":"2022-03-14T15:39:52","date_gmt":"2022-03-14T13:39:52","guid":{"rendered":"https:\/\/paabaths.com\/catalog\/bez-kategorii\/deco-rim\/"},"modified":"2025-06-03T11:02:20","modified_gmt":"2025-06-03T08:02:20","slug":"deco-rim","status":"publish","type":"product","link":"https:\/\/paabaths.com\/pl\/katalog\/wanny\/deco-rim\/","title":{"rendered":"Deco Rim"},"content":{"rendered":"","protected":false},"excerpt":{"rendered":"","protected":false},"featured_media":56335,"template":"","meta":{"_acf_changed":false,"inline_featured_image":false},"product_brand":[],"product_cat":[961],"product_tag":[],"class_list":{"0":"post-56333","1":"product","2":"type-product","3":"status-publish","4":"has-post-thumbnail","6":"product_type-variable","7":"product_cat-wanny","8":"pa_installation-type-wanna-wolnostojaca","9":"pa_material-silkstone-pl","10":"collection-deco-2-pl","12":"first","13":"instock","14":"shipping-taxable","15":"purchasable","16":"product-type-variable","17":"has-default-attributes"},"acf":{"product_type":"variable","price_pdf_url":"https:\/\/paabaths.com\/wp-content\/uploads\/Product-prices\/PL\/PAA-Baths-Prices-PL_DECORIM1.pdf","dealer_type-exclusive":false,"corner_image":null,"square_image":null,"all_models_image":null,"tag_image":null,"description":"","category":961,"material":[971],"collection":[1014],"gallery_1":null,"step_1":{"icon":null,"text":""},"step_2":{"icon":null,"text":""},"step_3":{"icon":null,"text":""},"step_4":{"icon":null,"text":""},"specification_table":[{"type":"size","label":"","value":""},{"type":"sku","label":"","value":""},{"type":"material","label":"","value":""},{"type":"weight","label":"","value":""},{"type":"color","label":"","value":""},{"type":"volume","label":"","value":""}],"optional_products":null,"optional_text":"","downloads":[{"file_type":"cad","label":"0","file":56375},{"file_type":"cad","label":"1","file":56376}],"gallery":[{"type":"two","image":63981,"text":{"text":"","text_vertical_position":"54"},"image_2":63982,"text_2":{"text":"","text_vertical_position":"54"},"images":null,"video_url":""},{"type":"two","image":62979,"text":{"text":"Bateria z pod\u0142ogi","text_vertical_position":"54"},"image_2":62986,"text_2":{"text":"P\u00f3\u0142ka i wieszak na r\u0119czniki","text_vertical_position":"54"},"images":null,"video_url":""},{"type":"two","image":62965,"text":{"text":"Delikatny przelew","text_vertical_position":"54"},"image_2":62958,"text_2":{"text":"Korek Push-open w \r\ntym samym odcieniu","text_vertical_position":"54"},"images":null,"video_url":""},{"type":"two","image":62993,"text":{"text":"Z dopasowan\u0105 umywalk\u0105","text_vertical_position":"54"},"image_2":62972,"text_2":{"text":"Bia\u0142a lub przyciemniana","text_vertical_position":"54"},"images":null,"video_url":""},{"type":"full","image":56369,"text":{"text":"","text_vertical_position":"54"},"image_2":null,"text_2":{"text":"","text_vertical_position":"54"},"images":null,"video_url":""},{"type":"two","image":56373,"text":{"text":"","text_vertical_position":"54"},"image_2":56374,"text_2":{"text":"","text_vertical_position":"54"},"images":null,"video_url":""}],"technical_drawings":{"side_view":87357,"side_view_text":"1660 \u00d7 810 mm\r\nH = 630 mm","end_view":87364,"top_view":87371,"drainage_area":87350,"mounting_icons":56360,"":null,"side_view_scale":{"scale":100,"x_position":100,"y_position":100},"top_view_scale":{"scale":100,"x_position":100,"y_position":100},"end_view_scale":{"scale":100,"x_position":100,"y_position":100},"drainage_area_scale":{"scale":100,"x_position":100,"y_position":100},"space":{"before":0,"between":0,"after":0}},"space_afer_drawings":0,"matching_product":[{"product":56946,"variation":968}],"is_main_connected_product":false,"has_no_content":false,"connected_product":null,"default_product":null,"enable_mtm_icon":false,"vario_page":null,"vario_all":null},"yoast_head":"<!-- This site is optimized with the Yoast SEO plugin v26.1.1 - https:\/\/yoast.com\/wordpress\/plugins\/seo\/ -->\n<title>Deco Rim - PAA<\/title>\n<meta name=\"robots\" content=\"index, follow, max-snippet:-1, max-image-preview:large, max-video-preview:-1\" \/>\n<link rel=\"canonical\" href=\"https:\/\/paabaths.com\/pl\/katalog\/wanny\/deco-rim\/\" \/>\n<meta property=\"og:locale\" content=\"pl_PL\" \/>\n<meta property=\"og:type\" content=\"article\" \/>\n<meta property=\"og:title\" content=\"Deco Rim - PAA\" \/>\n<meta property=\"og:url\" content=\"https:\/\/paabaths.com\/pl\/katalog\/wanny\/deco-rim\/\" \/>\n<meta property=\"og:site_name\" content=\"PAA\" \/>\n<meta property=\"article:publisher\" content=\"https:\/\/www.facebook.com\/paabaths\/\" \/>\n<meta property=\"article:modified_time\" content=\"2025-06-03T08:02:20+00:00\" \/>\n<meta property=\"og:image\" content=\"https:\/\/paabaths.com\/wp-content\/uploads\/2022\/03\/PAA-Baths-Silkstone-Deco-Rim-1660x815-04-01-Matte-White-Front-View-1000x1000px.jpg\" \/>\n\t<meta property=\"og:image:width\" content=\"1000\" \/>\n\t<meta property=\"og:image:height\" content=\"1000\" \/>\n\t<meta property=\"og:image:type\" content=\"image\/jpeg\" \/>\n<meta name=\"twitter:card\" content=\"summary_large_image\" \/>\n<script type=\"application\/ld+json\" class=\"yoast-schema-graph\">{\"@context\":\"https:\/\/schema.org\",\"@graph\":[{\"@type\":\"WebPage\",\"@id\":\"https:\/\/paabaths.com\/pl\/katalog\/wanny\/deco-rim\/\",\"url\":\"https:\/\/paabaths.com\/pl\/katalog\/wanny\/deco-rim\/\",\"name\":\"Deco Rim - PAA\",\"isPartOf\":{\"@id\":\"https:\/\/paabaths.com\/pl\/#website\"},\"primaryImageOfPage\":{\"@id\":\"https:\/\/paabaths.com\/pl\/katalog\/wanny\/deco-rim\/#primaryimage\"},\"image\":{\"@id\":\"https:\/\/paabaths.com\/pl\/katalog\/wanny\/deco-rim\/#primaryimage\"},\"thumbnailUrl\":\"https:\/\/paabaths.com\/wp-content\/uploads\/2022\/03\/PAA-Baths-Silkstone-Deco-Rim-1660x815-04-01-Matte-White-Front-View-1000x1000px.jpg\",\"datePublished\":\"2022-03-14T13:39:52+00:00\",\"dateModified\":\"2025-06-03T08:02:20+00:00\",\"breadcrumb\":{\"@id\":\"https:\/\/paabaths.com\/pl\/katalog\/wanny\/deco-rim\/#breadcrumb\"},\"inLanguage\":\"pl-PL\",\"potentialAction\":[{\"@type\":\"ReadAction\",\"target\":[\"https:\/\/paabaths.com\/pl\/katalog\/wanny\/deco-rim\/\"]}]},{\"@type\":\"ImageObject\",\"inLanguage\":\"pl-PL\",\"@id\":\"https:\/\/paabaths.com\/pl\/katalog\/wanny\/deco-rim\/#primaryimage\",\"url\":\"https:\/\/paabaths.com\/wp-content\/uploads\/2022\/03\/PAA-Baths-Silkstone-Deco-Rim-1660x815-04-01-Matte-White-Front-View-1000x1000px.jpg\",\"contentUrl\":\"https:\/\/paabaths.com\/wp-content\/uploads\/2022\/03\/PAA-Baths-Silkstone-Deco-Rim-1660x815-04-01-Matte-White-Front-View-1000x1000px.jpg\",\"width\":1000,\"height\":1000},{\"@type\":\"BreadcrumbList\",\"@id\":\"https:\/\/paabaths.com\/pl\/katalog\/wanny\/deco-rim\/#breadcrumb\",\"itemListElement\":[{\"@type\":\"ListItem\",\"position\":1,\"name\":\"Home\",\"item\":\"https:\/\/paabaths.com\/pl\/\"},{\"@type\":\"ListItem\",\"position\":2,\"name\":\"Katalog\",\"item\":\"https:\/\/paabaths.com\/lv\/produkcija\/\"},{\"@type\":\"ListItem\",\"position\":3,\"name\":\"Deco Rim\"}]},{\"@type\":\"WebSite\",\"@id\":\"https:\/\/paabaths.com\/pl\/#website\",\"url\":\"https:\/\/paabaths.com\/pl\/\",\"name\":\"PAA\",\"description\":\"This is PAA Ltd. brand site\",\"publisher\":{\"@id\":\"https:\/\/paabaths.com\/pl\/#organization\"},\"potentialAction\":[{\"@type\":\"SearchAction\",\"target\":{\"@type\":\"EntryPoint\",\"urlTemplate\":\"https:\/\/paabaths.com\/pl\/?s={search_term_string}\"},\"query-input\":{\"@type\":\"PropertyValueSpecification\",\"valueRequired\":true,\"valueName\":\"search_term_string\"}}],\"inLanguage\":\"pl-PL\"},{\"@type\":\"Organization\",\"@id\":\"https:\/\/paabaths.com\/pl\/#organization\",\"name\":\"PAA Baths\",\"url\":\"https:\/\/paabaths.com\/pl\/\",\"logo\":{\"@type\":\"ImageObject\",\"inLanguage\":\"pl-PL\",\"@id\":\"https:\/\/paabaths.com\/pl\/#\/schema\/logo\/image\/\",\"url\":\"https:\/\/paabaths.com\/wp-content\/uploads\/2023\/02\/84294546_179914056600038_3880533746851512320_n.jpeg\",\"contentUrl\":\"https:\/\/paabaths.com\/wp-content\/uploads\/2023\/02\/84294546_179914056600038_3880533746851512320_n.jpeg\",\"width\":320,\"height\":320,\"caption\":\"PAA Baths\"},\"image\":{\"@id\":\"https:\/\/paabaths.com\/pl\/#\/schema\/logo\/image\/\"},\"sameAs\":[\"https:\/\/www.facebook.com\/paabaths\/\",\"https:\/\/www.instagram.com\/paa_baths\"]}]}<\/script>\n<!-- \/ Yoast SEO plugin. -->","yoast_head_json":{"title":"Deco Rim - PAA","robots":{"index":"index","follow":"follow","max-snippet":"max-snippet:-1","max-image-preview":"max-image-preview:large","max-video-preview":"max-video-preview:-1"},"canonical":"https:\/\/paabaths.com\/pl\/katalog\/wanny\/deco-rim\/","og_locale":"pl_PL","og_type":"article","og_title":"Deco Rim - PAA","og_url":"https:\/\/paabaths.com\/pl\/katalog\/wanny\/deco-rim\/","og_site_name":"PAA","article_publisher":"https:\/\/www.facebook.com\/paabaths\/","article_modified_time":"2025-06-03T08:02:20+00:00","og_image":[{"width":1000,"height":1000,"url":"https:\/\/paabaths.com\/wp-content\/uploads\/2022\/03\/PAA-Baths-Silkstone-Deco-Rim-1660x815-04-01-Matte-White-Front-View-1000x1000px.jpg","type":"image\/jpeg"}],"twitter_card":"summary_large_image","schema":{"@context":"https:\/\/schema.org","@graph":[{"@type":"WebPage","@id":"https:\/\/paabaths.com\/pl\/katalog\/wanny\/deco-rim\/","url":"https:\/\/paabaths.com\/pl\/katalog\/wanny\/deco-rim\/","name":"Deco Rim - PAA","isPartOf":{"@id":"https:\/\/paabaths.com\/pl\/#website"},"primaryImageOfPage":{"@id":"https:\/\/paabaths.com\/pl\/katalog\/wanny\/deco-rim\/#primaryimage"},"image":{"@id":"https:\/\/paabaths.com\/pl\/katalog\/wanny\/deco-rim\/#primaryimage"},"thumbnailUrl":"https:\/\/paabaths.com\/wp-content\/uploads\/2022\/03\/PAA-Baths-Silkstone-Deco-Rim-1660x815-04-01-Matte-White-Front-View-1000x1000px.jpg","datePublished":"2022-03-14T13:39:52+00:00","dateModified":"2025-06-03T08:02:20+00:00","breadcrumb":{"@id":"https:\/\/paabaths.com\/pl\/katalog\/wanny\/deco-rim\/#breadcrumb"},"inLanguage":"pl-PL","potentialAction":[{"@type":"ReadAction","target":["https:\/\/paabaths.com\/pl\/katalog\/wanny\/deco-rim\/"]}]},{"@type":"ImageObject","inLanguage":"pl-PL","@id":"https:\/\/paabaths.com\/pl\/katalog\/wanny\/deco-rim\/#primaryimage","url":"https:\/\/paabaths.com\/wp-content\/uploads\/2022\/03\/PAA-Baths-Silkstone-Deco-Rim-1660x815-04-01-Matte-White-Front-View-1000x1000px.jpg","contentUrl":"https:\/\/paabaths.com\/wp-content\/uploads\/2022\/03\/PAA-Baths-Silkstone-Deco-Rim-1660x815-04-01-Matte-White-Front-View-1000x1000px.jpg","width":1000,"height":1000},{"@type":"BreadcrumbList","@id":"https:\/\/paabaths.com\/pl\/katalog\/wanny\/deco-rim\/#breadcrumb","itemListElement":[{"@type":"ListItem","position":1,"name":"Home","item":"https:\/\/paabaths.com\/pl\/"},{"@type":"ListItem","position":2,"name":"Katalog","item":"https:\/\/paabaths.com\/lv\/produkcija\/"},{"@type":"ListItem","position":3,"name":"Deco Rim"}]},{"@type":"WebSite","@id":"https:\/\/paabaths.com\/pl\/#website","url":"https:\/\/paabaths.com\/pl\/","name":"PAA","description":"This is PAA Ltd. brand site","publisher":{"@id":"https:\/\/paabaths.com\/pl\/#organization"},"potentialAction":[{"@type":"SearchAction","target":{"@type":"EntryPoint","urlTemplate":"https:\/\/paabaths.com\/pl\/?s={search_term_string}"},"query-input":{"@type":"PropertyValueSpecification","valueRequired":true,"valueName":"search_term_string"}}],"inLanguage":"pl-PL"},{"@type":"Organization","@id":"https:\/\/paabaths.com\/pl\/#organization","name":"PAA Baths","url":"https:\/\/paabaths.com\/pl\/","logo":{"@type":"ImageObject","inLanguage":"pl-PL","@id":"https:\/\/paabaths.com\/pl\/#\/schema\/logo\/image\/","url":"https:\/\/paabaths.com\/wp-content\/uploads\/2023\/02\/84294546_179914056600038_3880533746851512320_n.jpeg","contentUrl":"https:\/\/paabaths.com\/wp-content\/uploads\/2023\/02\/84294546_179914056600038_3880533746851512320_n.jpeg","width":320,"height":320,"caption":"PAA Baths"},"image":{"@id":"https:\/\/paabaths.com\/pl\/#\/schema\/logo\/image\/"},"sameAs":["https:\/\/www.facebook.com\/paabaths\/","https:\/\/www.instagram.com\/paa_baths"]}]}},"_links":{"self":[{"href":"https:\/\/paabaths.com\/pl\/wp-json\/wp\/v2\/product\/56333","targetHints":{"allow":["GET"]}}],"collection":[{"href":"https:\/\/paabaths.com\/pl\/wp-json\/wp\/v2\/product"}],"about":[{"href":"https:\/\/paabaths.com\/pl\/wp-json\/wp\/v2\/types\/product"}],"acf:term":[{"embeddable":true,"taxonomy":"collection","href":"https:\/\/paabaths.com\/pl\/wp-json\/wp\/v2\/collection\/1014"},{"embeddable":true,"taxonomy":"pa_material","href":"https:\/\/paabaths.com\/pl\/wp-json\/wp\/v2\/pa_material\/971"},{"embeddable":true,"taxonomy":"product_cat","href":"https:\/\/paabaths.com\/pl\/wp-json\/wp\/v2\/product_cat\/961"}],"wp:featuredmedia":[{"embeddable":true,"href":"https:\/\/paabaths.com\/pl\/wp-json\/wp\/v2\/media\/56335"}],"wp:attachment":[{"href":"https:\/\/paabaths.com\/pl\/wp-json\/wp\/v2\/media?parent=56333"}],"wp:term":[{"taxonomy":"product_brand","embeddable":true,"href":"https:\/\/paabaths.com\/pl\/wp-json\/wp\/v2\/product_brand?post=56333"},{"taxonomy":"product_cat","embeddable":true,"href":"https:\/\/paabaths.com\/pl\/wp-json\/wp\/v2\/product_cat?post=56333"},{"taxonomy":"product_tag","embeddable":true,"href":"https:\/\/paabaths.com\/pl\/wp-json\/wp\/v2\/product_tag?post=56333"}],"curies":[{"name":"wp","href":"https:\/\/api.w.org\/{rel}","templated":true}]}}