{"id":55957,"date":"2021-06-02T15:17:03","date_gmt":"2021-06-02T12:17:03","guid":{"rendered":"https:\/\/paabaths.com\/catalog\/bez-kategorii\/vario-l-1660x750-abcd\/"},"modified":"2025-06-03T15:36:17","modified_gmt":"2025-06-03T12:36:17","slug":"vario-l-1660x750-abcd","status":"publish","type":"product","link":"https:\/\/paabaths.com\/pl\/katalog\/wanny\/vario-l-1660x750-abcd\/","title":{"rendered":"Vario L 1660&#215;750 ABCD"},"content":{"rendered":"","protected":false},"excerpt":{"rendered":"","protected":false},"featured_media":0,"template":"","meta":{"_acf_changed":false,"inline_featured_image":false},"product_brand":[],"product_cat":[961],"product_tag":[],"class_list":{"0":"post-55957","1":"product","2":"type-product","3":"status-publish","5":"product_type-variable","6":"product_cat-wanny","7":"pa_installation-type-wanna-wolnostojaca","8":"pa_material-cast-stone-pl","10":"first","11":"instock","12":"shipping-taxable","13":"purchasable","14":"product-type-variable","15":"has-default-attributes"},"acf":{"product_type":"custom_variation","price_pdf_url":"https:\/\/paabaths.com\/wp-content\/uploads\/Product-prices\/PL\/PAA-Baths-Prices-PL_VARIO5.pdf","dealer_type-exclusive":false,"corner_image":56031,"square_image":56034,"all_models_image":56033,"tag_image":null,"description":"Przestronna wanna wolnostoj\u0105ca. Stworzona z konglomeratu marmurowego, trwa\u0142ego, solidnego i stabilnego materia\u0142u o klasycznie b\u0142yszcz\u0105cej powierzchni.","category":961,"material":[970],"collection":false,"gallery_1":null,"step_1":{"icon":null,"text":""},"step_2":{"icon":null,"text":""},"step_3":{"icon":null,"text":""},"step_4":{"icon":null,"text":""},"specification_table":[{"type":"material","label":"","value":""},{"type":"size","label":"","value":""},{"type":"sku","label":"","value":""},{"type":"weight","label":"","value":""}],"optional_products":[{"other_product":59280,"other_image":""},{"other_product":66547,"other_image":""},{"other_product":62517,"other_image":""}],"optional_text":"","downloads":[{"file_type":"cad","label":"0","file":56040},{"file_type":"cad","label":"1","file":56041}],"gallery":[{"type":"two","image":65760,"text":{"text":"Bateria \u015bcienna","text_vertical_position":"54"},"image_2":65746,"text_2":{"text":"B\u0142yszcz\u0105ca powierzchnia","text_vertical_position":"54"},"images":[55888,55892,55893],"video_url":""},{"type":"two","image":65739,"text":{"text":"Wersje jedno- i dwutonowe","text_vertical_position":"54"},"image_2":65753,"text_2":{"text":"Z dopasowan\u0105 umywalk\u0105","text_vertical_position":"54"},"images":null,"video_url":""},{"type":"slider_full","image":null,"text":{"text":"","text_vertical_position":54},"image_2":null,"text_2":{"text":"","text_vertical_position":54},"images":[55888,55892,55893],"video_url":""}],"technical_drawings":{"side_view":56036,"side_view_text":"1660 x 750 mm\r\nH = 625 mm","end_view":55930,"top_view":56039,"drainage_area":56038,"mounting_icons":55924,"":null,"side_view_scale":{"scale":100,"x_position":100,"y_position":100},"top_view_scale":{"scale":100,"x_position":100,"y_position":100},"end_view_scale":{"scale":100,"x_position":100,"y_position":100},"drainage_area_scale":{"scale":100,"x_position":100,"y_position":100},"space":{"before":0,"between":0,"after":0}},"space_afer_drawings":0,"matching_product":null,"is_main_connected_product":false,"has_no_content":false,"connected_product":null,"default_product":null,"enable_mtm_icon":false,"vario_page":55301,"vario_all":56043},"yoast_head":"<!-- This site is optimized with the Yoast SEO plugin v26.1.1 - https:\/\/yoast.com\/wordpress\/plugins\/seo\/ -->\n<title>Vario L 1660x750 ABCD - PAA<\/title>\n<meta name=\"robots\" content=\"index, follow, max-snippet:-1, max-image-preview:large, max-video-preview:-1\" \/>\n<link rel=\"canonical\" href=\"https:\/\/paabaths.com\/pl\/katalog\/wanny\/vario-l-1660x750-abcd\/\" \/>\n<meta property=\"og:locale\" content=\"pl_PL\" \/>\n<meta property=\"og:type\" content=\"article\" \/>\n<meta property=\"og:title\" content=\"Vario L 1660x750 ABCD - PAA\" \/>\n<meta property=\"og:url\" content=\"https:\/\/paabaths.com\/pl\/katalog\/wanny\/vario-l-1660x750-abcd\/\" \/>\n<meta property=\"og:site_name\" content=\"PAA\" \/>\n<meta property=\"article:publisher\" content=\"https:\/\/www.facebook.com\/paabaths\/\" \/>\n<meta property=\"article:modified_time\" content=\"2025-06-03T12:36:17+00:00\" \/>\n<meta property=\"og:image\" content=\"https:\/\/paabaths.com\/wp-content\/uploads\/2025\/09\/PAA-baths-title2560x1500px.jpg\" \/>\n\t<meta property=\"og:image:width\" content=\"2560\" \/>\n\t<meta property=\"og:image:height\" content=\"1500\" \/>\n\t<meta property=\"og:image:type\" content=\"image\/jpeg\" \/>\n<meta name=\"twitter:card\" content=\"summary_large_image\" \/>\n<script type=\"application\/ld+json\" class=\"yoast-schema-graph\">{\"@context\":\"https:\/\/schema.org\",\"@graph\":[{\"@type\":\"WebPage\",\"@id\":\"https:\/\/paabaths.com\/pl\/katalog\/wanny\/vario-l-1660x750-abcd\/\",\"url\":\"https:\/\/paabaths.com\/pl\/katalog\/wanny\/vario-l-1660x750-abcd\/\",\"name\":\"Vario L 1660x750 ABCD - PAA\",\"isPartOf\":{\"@id\":\"https:\/\/paabaths.com\/pl\/#website\"},\"datePublished\":\"2021-06-02T12:17:03+00:00\",\"dateModified\":\"2025-06-03T12:36:17+00:00\",\"breadcrumb\":{\"@id\":\"https:\/\/paabaths.com\/pl\/katalog\/wanny\/vario-l-1660x750-abcd\/#breadcrumb\"},\"inLanguage\":\"pl-PL\",\"potentialAction\":[{\"@type\":\"ReadAction\",\"target\":[\"https:\/\/paabaths.com\/pl\/katalog\/wanny\/vario-l-1660x750-abcd\/\"]}]},{\"@type\":\"BreadcrumbList\",\"@id\":\"https:\/\/paabaths.com\/pl\/katalog\/wanny\/vario-l-1660x750-abcd\/#breadcrumb\",\"itemListElement\":[{\"@type\":\"ListItem\",\"position\":1,\"name\":\"Home\",\"item\":\"https:\/\/paabaths.com\/pl\/\"},{\"@type\":\"ListItem\",\"position\":2,\"name\":\"Katalog\",\"item\":\"https:\/\/paabaths.com\/lv\/produkcija\/\"},{\"@type\":\"ListItem\",\"position\":3,\"name\":\"Vario L 1660&#215;750 ABCD\"}]},{\"@type\":\"WebSite\",\"@id\":\"https:\/\/paabaths.com\/pl\/#website\",\"url\":\"https:\/\/paabaths.com\/pl\/\",\"name\":\"PAA\",\"description\":\"This is PAA Ltd. brand site\",\"publisher\":{\"@id\":\"https:\/\/paabaths.com\/pl\/#organization\"},\"potentialAction\":[{\"@type\":\"SearchAction\",\"target\":{\"@type\":\"EntryPoint\",\"urlTemplate\":\"https:\/\/paabaths.com\/pl\/?s={search_term_string}\"},\"query-input\":{\"@type\":\"PropertyValueSpecification\",\"valueRequired\":true,\"valueName\":\"search_term_string\"}}],\"inLanguage\":\"pl-PL\"},{\"@type\":\"Organization\",\"@id\":\"https:\/\/paabaths.com\/pl\/#organization\",\"name\":\"PAA Baths\",\"url\":\"https:\/\/paabaths.com\/pl\/\",\"logo\":{\"@type\":\"ImageObject\",\"inLanguage\":\"pl-PL\",\"@id\":\"https:\/\/paabaths.com\/pl\/#\/schema\/logo\/image\/\",\"url\":\"https:\/\/paabaths.com\/wp-content\/uploads\/2023\/02\/84294546_179914056600038_3880533746851512320_n.jpeg\",\"contentUrl\":\"https:\/\/paabaths.com\/wp-content\/uploads\/2023\/02\/84294546_179914056600038_3880533746851512320_n.jpeg\",\"width\":320,\"height\":320,\"caption\":\"PAA Baths\"},\"image\":{\"@id\":\"https:\/\/paabaths.com\/pl\/#\/schema\/logo\/image\/\"},\"sameAs\":[\"https:\/\/www.facebook.com\/paabaths\/\",\"https:\/\/www.instagram.com\/paa_baths\"]}]}<\/script>\n<!-- \/ Yoast SEO plugin. -->","yoast_head_json":{"title":"Vario L 1660x750 ABCD - PAA","robots":{"index":"index","follow":"follow","max-snippet":"max-snippet:-1","max-image-preview":"max-image-preview:large","max-video-preview":"max-video-preview:-1"},"canonical":"https:\/\/paabaths.com\/pl\/katalog\/wanny\/vario-l-1660x750-abcd\/","og_locale":"pl_PL","og_type":"article","og_title":"Vario L 1660x750 ABCD - PAA","og_url":"https:\/\/paabaths.com\/pl\/katalog\/wanny\/vario-l-1660x750-abcd\/","og_site_name":"PAA","article_publisher":"https:\/\/www.facebook.com\/paabaths\/","article_modified_time":"2025-06-03T12:36:17+00:00","og_image":[{"width":2560,"height":1500,"url":"https:\/\/paabaths.com\/wp-content\/uploads\/2025\/09\/PAA-baths-title2560x1500px.jpg","type":"image\/jpeg"}],"twitter_card":"summary_large_image","schema":{"@context":"https:\/\/schema.org","@graph":[{"@type":"WebPage","@id":"https:\/\/paabaths.com\/pl\/katalog\/wanny\/vario-l-1660x750-abcd\/","url":"https:\/\/paabaths.com\/pl\/katalog\/wanny\/vario-l-1660x750-abcd\/","name":"Vario L 1660x750 ABCD - PAA","isPartOf":{"@id":"https:\/\/paabaths.com\/pl\/#website"},"datePublished":"2021-06-02T12:17:03+00:00","dateModified":"2025-06-03T12:36:17+00:00","breadcrumb":{"@id":"https:\/\/paabaths.com\/pl\/katalog\/wanny\/vario-l-1660x750-abcd\/#breadcrumb"},"inLanguage":"pl-PL","potentialAction":[{"@type":"ReadAction","target":["https:\/\/paabaths.com\/pl\/katalog\/wanny\/vario-l-1660x750-abcd\/"]}]},{"@type":"BreadcrumbList","@id":"https:\/\/paabaths.com\/pl\/katalog\/wanny\/vario-l-1660x750-abcd\/#breadcrumb","itemListElement":[{"@type":"ListItem","position":1,"name":"Home","item":"https:\/\/paabaths.com\/pl\/"},{"@type":"ListItem","position":2,"name":"Katalog","item":"https:\/\/paabaths.com\/lv\/produkcija\/"},{"@type":"ListItem","position":3,"name":"Vario L 1660&#215;750 ABCD"}]},{"@type":"WebSite","@id":"https:\/\/paabaths.com\/pl\/#website","url":"https:\/\/paabaths.com\/pl\/","name":"PAA","description":"This is PAA Ltd. brand site","publisher":{"@id":"https:\/\/paabaths.com\/pl\/#organization"},"potentialAction":[{"@type":"SearchAction","target":{"@type":"EntryPoint","urlTemplate":"https:\/\/paabaths.com\/pl\/?s={search_term_string}"},"query-input":{"@type":"PropertyValueSpecification","valueRequired":true,"valueName":"search_term_string"}}],"inLanguage":"pl-PL"},{"@type":"Organization","@id":"https:\/\/paabaths.com\/pl\/#organization","name":"PAA Baths","url":"https:\/\/paabaths.com\/pl\/","logo":{"@type":"ImageObject","inLanguage":"pl-PL","@id":"https:\/\/paabaths.com\/pl\/#\/schema\/logo\/image\/","url":"https:\/\/paabaths.com\/wp-content\/uploads\/2023\/02\/84294546_179914056600038_3880533746851512320_n.jpeg","contentUrl":"https:\/\/paabaths.com\/wp-content\/uploads\/2023\/02\/84294546_179914056600038_3880533746851512320_n.jpeg","width":320,"height":320,"caption":"PAA Baths"},"image":{"@id":"https:\/\/paabaths.com\/pl\/#\/schema\/logo\/image\/"},"sameAs":["https:\/\/www.facebook.com\/paabaths\/","https:\/\/www.instagram.com\/paa_baths"]}]}},"_links":{"self":[{"href":"https:\/\/paabaths.com\/pl\/wp-json\/wp\/v2\/product\/55957","targetHints":{"allow":["GET"]}}],"collection":[{"href":"https:\/\/paabaths.com\/pl\/wp-json\/wp\/v2\/product"}],"about":[{"href":"https:\/\/paabaths.com\/pl\/wp-json\/wp\/v2\/types\/product"}],"acf:post":[{"embeddable":true,"href":"https:\/\/paabaths.com\/pl\/wp-json\/wp\/v2\/product\/56043"},{"embeddable":true,"href":"https:\/\/paabaths.com\/pl\/wp-json\/wp\/v2\/product\/55301"}],"acf:term":[{"embeddable":true,"taxonomy":"pa_material","href":"https:\/\/paabaths.com\/pl\/wp-json\/wp\/v2\/pa_material\/970"},{"embeddable":true,"taxonomy":"product_cat","href":"https:\/\/paabaths.com\/pl\/wp-json\/wp\/v2\/product_cat\/961"}],"wp:attachment":[{"href":"https:\/\/paabaths.com\/pl\/wp-json\/wp\/v2\/media?parent=55957"}],"wp:term":[{"taxonomy":"product_brand","embeddable":true,"href":"https:\/\/paabaths.com\/pl\/wp-json\/wp\/v2\/product_brand?post=55957"},{"taxonomy":"product_cat","embeddable":true,"href":"https:\/\/paabaths.com\/pl\/wp-json\/wp\/v2\/product_cat?post=55957"},{"taxonomy":"product_tag","embeddable":true,"href":"https:\/\/paabaths.com\/pl\/wp-json\/wp\/v2\/product_tag?post=55957"}],"curies":[{"name":"wp","href":"https:\/\/api.w.org\/{rel}","templated":true}]}}