{"id":55549,"date":"2021-06-02T15:25:10","date_gmt":"2021-06-02T12:25:10","guid":{"rendered":"https:\/\/paabaths.com\/catalog\/bez-kategorii\/vario-xl-1800x800-a\/"},"modified":"2025-06-03T15:39:26","modified_gmt":"2025-06-03T12:39:26","slug":"vario-xl-1800x800-a","status":"publish","type":"product","link":"https:\/\/paabaths.com\/pl\/katalog\/wanny\/vario-xl-1800x800-a\/","title":{"rendered":"Vario XL 1800&#215;800 A"},"content":{"rendered":"","protected":false},"excerpt":{"rendered":"","protected":false},"featured_media":0,"template":"","meta":{"_acf_changed":false,"inline_featured_image":false},"product_brand":[],"product_cat":[961],"product_tag":[],"class_list":{"0":"post-55549","1":"product","2":"type-product","3":"status-publish","5":"product_type-variable","6":"product_cat-wanny","7":"pa_installation-type-narozna-wanna","9":"first","10":"instock","11":"shipping-taxable","12":"purchasable","13":"product-type-variable","14":"has-default-attributes"},"acf":{"product_type":"custom_variation","price_pdf_url":"https:\/\/paabaths.com\/wp-content\/uploads\/Product-prices\/PL\/PAA-Baths-Prices-PL_VARIO2.pdf","dealer_type-exclusive":false,"corner_image":55567,"square_image":55565,"all_models_image":55564,"tag_image":null,"description":"Du\u017ca i g\u0142\u0119boka wanna z zaokr\u0105glonym naro\u017cnikiem A. Stworzona z konglomeratu marmurowego, trwa\u0142ego, solidnego i stabilnego materia\u0142u o klasycznie b\u0142yszcz\u0105cej powierzchni.","category":961,"material":[970],"collection":false,"gallery_1":null,"step_1":{"icon":null,"text":""},"step_2":{"icon":null,"text":""},"step_3":{"icon":null,"text":""},"step_4":{"icon":null,"text":""},"specification_table":[{"type":"material","label":"","value":""},{"type":"size","label":"","value":""},{"type":"sku","label":"","value":""},{"type":"weight","label":"","value":""}],"optional_products":[{"other_product":59280,"other_image":68287},{"other_product":66547,"other_image":68294},{"other_product":59017,"other_image":59327},{"other_product":59340,"other_image":""}],"optional_text":"","downloads":[{"file_type":"cad","label":"0","file":55571},{"file_type":"cad","label":"1","file":55572}],"gallery":[{"type":"two","image":65824,"text":{"text":"Bateria \u015bcienna","text_vertical_position":"54"},"image_2":65810,"text_2":{"text":"B\u0142yszcz\u0105ca powierzchnia","text_vertical_position":"54"},"images":[55566,55574],"video_url":""},{"type":"two","image":65803,"text":{"text":"Wersje jedno- i dwutonowe","text_vertical_position":"54"},"image_2":65817,"text_2":{"text":"Z dopasowan\u0105 umywalk\u0105","text_vertical_position":"54"},"images":null,"video_url":""},{"type":"slider_full","image":null,"text":{"text":"","text_vertical_position":54},"image_2":null,"text_2":{"text":"","text_vertical_position":54},"images":[55566,55574],"video_url":""}],"technical_drawings":{"side_view":55568,"side_view_text":"1800 x 800 mm\r\nH = 635 mm","end_view":55728,"top_view":55569,"drainage_area":55570,"mounting_icons":55730,"":null,"side_view_scale":{"scale":100,"x_position":100,"y_position":100},"top_view_scale":{"scale":100,"x_position":100,"y_position":100},"end_view_scale":{"scale":100,"x_position":100,"y_position":100},"drainage_area_scale":{"scale":100,"x_position":96,"y_position":100},"space":{"before":0,"between":0,"after":0}},"space_afer_drawings":0,"matching_product":null,"is_main_connected_product":false,"has_no_content":false,"connected_product":null,"default_product":null,"enable_mtm_icon":false,"vario_page":55301,"vario_all":55741},"yoast_head":"<!-- This site is optimized with the Yoast SEO plugin v26.1.1 - https:\/\/yoast.com\/wordpress\/plugins\/seo\/ -->\n<title>Vario XL 1800x800 A - PAA<\/title>\n<meta name=\"robots\" content=\"index, follow, max-snippet:-1, max-image-preview:large, max-video-preview:-1\" \/>\n<link rel=\"canonical\" href=\"https:\/\/paabaths.com\/pl\/katalog\/wanny\/vario-xl-1800x800-a\/\" \/>\n<meta property=\"og:locale\" content=\"pl_PL\" \/>\n<meta property=\"og:type\" content=\"article\" \/>\n<meta property=\"og:title\" content=\"Vario XL 1800x800 A - PAA\" \/>\n<meta property=\"og:url\" content=\"https:\/\/paabaths.com\/pl\/katalog\/wanny\/vario-xl-1800x800-a\/\" \/>\n<meta property=\"og:site_name\" content=\"PAA\" \/>\n<meta property=\"article:publisher\" content=\"https:\/\/www.facebook.com\/paabaths\/\" \/>\n<meta property=\"article:modified_time\" content=\"2025-06-03T12:39:26+00:00\" \/>\n<meta property=\"og:image\" content=\"https:\/\/paabaths.com\/wp-content\/uploads\/2025\/09\/PAA-baths-title2560x1500px.jpg\" \/>\n\t<meta property=\"og:image:width\" content=\"2560\" \/>\n\t<meta property=\"og:image:height\" content=\"1500\" \/>\n\t<meta property=\"og:image:type\" content=\"image\/jpeg\" \/>\n<meta name=\"twitter:card\" content=\"summary_large_image\" \/>\n<script type=\"application\/ld+json\" class=\"yoast-schema-graph\">{\"@context\":\"https:\/\/schema.org\",\"@graph\":[{\"@type\":\"WebPage\",\"@id\":\"https:\/\/paabaths.com\/pl\/katalog\/wanny\/vario-xl-1800x800-a\/\",\"url\":\"https:\/\/paabaths.com\/pl\/katalog\/wanny\/vario-xl-1800x800-a\/\",\"name\":\"Vario XL 1800x800 A - PAA\",\"isPartOf\":{\"@id\":\"https:\/\/paabaths.com\/pl\/#website\"},\"datePublished\":\"2021-06-02T12:25:10+00:00\",\"dateModified\":\"2025-06-03T12:39:26+00:00\",\"breadcrumb\":{\"@id\":\"https:\/\/paabaths.com\/pl\/katalog\/wanny\/vario-xl-1800x800-a\/#breadcrumb\"},\"inLanguage\":\"pl-PL\",\"potentialAction\":[{\"@type\":\"ReadAction\",\"target\":[\"https:\/\/paabaths.com\/pl\/katalog\/wanny\/vario-xl-1800x800-a\/\"]}]},{\"@type\":\"BreadcrumbList\",\"@id\":\"https:\/\/paabaths.com\/pl\/katalog\/wanny\/vario-xl-1800x800-a\/#breadcrumb\",\"itemListElement\":[{\"@type\":\"ListItem\",\"position\":1,\"name\":\"Home\",\"item\":\"https:\/\/paabaths.com\/pl\/\"},{\"@type\":\"ListItem\",\"position\":2,\"name\":\"Katalog\",\"item\":\"https:\/\/paabaths.com\/lv\/produkcija\/\"},{\"@type\":\"ListItem\",\"position\":3,\"name\":\"Vario XL 1800&#215;800 A\"}]},{\"@type\":\"WebSite\",\"@id\":\"https:\/\/paabaths.com\/pl\/#website\",\"url\":\"https:\/\/paabaths.com\/pl\/\",\"name\":\"PAA\",\"description\":\"This is PAA Ltd. brand site\",\"publisher\":{\"@id\":\"https:\/\/paabaths.com\/pl\/#organization\"},\"potentialAction\":[{\"@type\":\"SearchAction\",\"target\":{\"@type\":\"EntryPoint\",\"urlTemplate\":\"https:\/\/paabaths.com\/pl\/?s={search_term_string}\"},\"query-input\":{\"@type\":\"PropertyValueSpecification\",\"valueRequired\":true,\"valueName\":\"search_term_string\"}}],\"inLanguage\":\"pl-PL\"},{\"@type\":\"Organization\",\"@id\":\"https:\/\/paabaths.com\/pl\/#organization\",\"name\":\"PAA Baths\",\"url\":\"https:\/\/paabaths.com\/pl\/\",\"logo\":{\"@type\":\"ImageObject\",\"inLanguage\":\"pl-PL\",\"@id\":\"https:\/\/paabaths.com\/pl\/#\/schema\/logo\/image\/\",\"url\":\"https:\/\/paabaths.com\/wp-content\/uploads\/2023\/02\/84294546_179914056600038_3880533746851512320_n.jpeg\",\"contentUrl\":\"https:\/\/paabaths.com\/wp-content\/uploads\/2023\/02\/84294546_179914056600038_3880533746851512320_n.jpeg\",\"width\":320,\"height\":320,\"caption\":\"PAA Baths\"},\"image\":{\"@id\":\"https:\/\/paabaths.com\/pl\/#\/schema\/logo\/image\/\"},\"sameAs\":[\"https:\/\/www.facebook.com\/paabaths\/\",\"https:\/\/www.instagram.com\/paa_baths\"]}]}<\/script>\n<!-- \/ Yoast SEO plugin. -->","yoast_head_json":{"title":"Vario XL 1800x800 A - PAA","robots":{"index":"index","follow":"follow","max-snippet":"max-snippet:-1","max-image-preview":"max-image-preview:large","max-video-preview":"max-video-preview:-1"},"canonical":"https:\/\/paabaths.com\/pl\/katalog\/wanny\/vario-xl-1800x800-a\/","og_locale":"pl_PL","og_type":"article","og_title":"Vario XL 1800x800 A - PAA","og_url":"https:\/\/paabaths.com\/pl\/katalog\/wanny\/vario-xl-1800x800-a\/","og_site_name":"PAA","article_publisher":"https:\/\/www.facebook.com\/paabaths\/","article_modified_time":"2025-06-03T12:39:26+00:00","og_image":[{"width":2560,"height":1500,"url":"https:\/\/paabaths.com\/wp-content\/uploads\/2025\/09\/PAA-baths-title2560x1500px.jpg","type":"image\/jpeg"}],"twitter_card":"summary_large_image","schema":{"@context":"https:\/\/schema.org","@graph":[{"@type":"WebPage","@id":"https:\/\/paabaths.com\/pl\/katalog\/wanny\/vario-xl-1800x800-a\/","url":"https:\/\/paabaths.com\/pl\/katalog\/wanny\/vario-xl-1800x800-a\/","name":"Vario XL 1800x800 A - PAA","isPartOf":{"@id":"https:\/\/paabaths.com\/pl\/#website"},"datePublished":"2021-06-02T12:25:10+00:00","dateModified":"2025-06-03T12:39:26+00:00","breadcrumb":{"@id":"https:\/\/paabaths.com\/pl\/katalog\/wanny\/vario-xl-1800x800-a\/#breadcrumb"},"inLanguage":"pl-PL","potentialAction":[{"@type":"ReadAction","target":["https:\/\/paabaths.com\/pl\/katalog\/wanny\/vario-xl-1800x800-a\/"]}]},{"@type":"BreadcrumbList","@id":"https:\/\/paabaths.com\/pl\/katalog\/wanny\/vario-xl-1800x800-a\/#breadcrumb","itemListElement":[{"@type":"ListItem","position":1,"name":"Home","item":"https:\/\/paabaths.com\/pl\/"},{"@type":"ListItem","position":2,"name":"Katalog","item":"https:\/\/paabaths.com\/lv\/produkcija\/"},{"@type":"ListItem","position":3,"name":"Vario XL 1800&#215;800 A"}]},{"@type":"WebSite","@id":"https:\/\/paabaths.com\/pl\/#website","url":"https:\/\/paabaths.com\/pl\/","name":"PAA","description":"This is PAA Ltd. brand site","publisher":{"@id":"https:\/\/paabaths.com\/pl\/#organization"},"potentialAction":[{"@type":"SearchAction","target":{"@type":"EntryPoint","urlTemplate":"https:\/\/paabaths.com\/pl\/?s={search_term_string}"},"query-input":{"@type":"PropertyValueSpecification","valueRequired":true,"valueName":"search_term_string"}}],"inLanguage":"pl-PL"},{"@type":"Organization","@id":"https:\/\/paabaths.com\/pl\/#organization","name":"PAA Baths","url":"https:\/\/paabaths.com\/pl\/","logo":{"@type":"ImageObject","inLanguage":"pl-PL","@id":"https:\/\/paabaths.com\/pl\/#\/schema\/logo\/image\/","url":"https:\/\/paabaths.com\/wp-content\/uploads\/2023\/02\/84294546_179914056600038_3880533746851512320_n.jpeg","contentUrl":"https:\/\/paabaths.com\/wp-content\/uploads\/2023\/02\/84294546_179914056600038_3880533746851512320_n.jpeg","width":320,"height":320,"caption":"PAA Baths"},"image":{"@id":"https:\/\/paabaths.com\/pl\/#\/schema\/logo\/image\/"},"sameAs":["https:\/\/www.facebook.com\/paabaths\/","https:\/\/www.instagram.com\/paa_baths"]}]}},"_links":{"self":[{"href":"https:\/\/paabaths.com\/pl\/wp-json\/wp\/v2\/product\/55549","targetHints":{"allow":["GET"]}}],"collection":[{"href":"https:\/\/paabaths.com\/pl\/wp-json\/wp\/v2\/product"}],"about":[{"href":"https:\/\/paabaths.com\/pl\/wp-json\/wp\/v2\/types\/product"}],"acf:post":[{"embeddable":true,"href":"https:\/\/paabaths.com\/pl\/wp-json\/wp\/v2\/product\/55741"},{"embeddable":true,"href":"https:\/\/paabaths.com\/pl\/wp-json\/wp\/v2\/product\/55301"}],"acf:term":[{"embeddable":true,"taxonomy":"pa_material","href":"https:\/\/paabaths.com\/pl\/wp-json\/wp\/v2\/pa_material\/970"},{"embeddable":true,"taxonomy":"product_cat","href":"https:\/\/paabaths.com\/pl\/wp-json\/wp\/v2\/product_cat\/961"}],"wp:attachment":[{"href":"https:\/\/paabaths.com\/pl\/wp-json\/wp\/v2\/media?parent=55549"}],"wp:term":[{"taxonomy":"product_brand","embeddable":true,"href":"https:\/\/paabaths.com\/pl\/wp-json\/wp\/v2\/product_brand?post=55549"},{"taxonomy":"product_cat","embeddable":true,"href":"https:\/\/paabaths.com\/pl\/wp-json\/wp\/v2\/product_cat?post=55549"},{"taxonomy":"product_tag","embeddable":true,"href":"https:\/\/paabaths.com\/pl\/wp-json\/wp\/v2\/product_tag?post=55549"}],"curies":[{"name":"wp","href":"https:\/\/api.w.org\/{rel}","templated":true}]}}