{"id":55301,"date":"2022-03-25T15:57:48","date_gmt":"2022-03-25T13:57:48","guid":{"rendered":"https:\/\/paabaths.com\/catalog\/bez-kategorii\/vario\/"},"modified":"2023-11-02T13:18:24","modified_gmt":"2023-11-02T11:18:24","slug":"vario","status":"publish","type":"product","link":"https:\/\/paabaths.com\/pl\/katalog\/wanny\/vario\/","title":{"rendered":"Vario"},"content":{"rendered":"","protected":false},"excerpt":{"rendered":"","protected":false},"featured_media":0,"template":"","meta":{"_acf_changed":false,"inline_featured_image":false},"product_brand":[],"product_cat":[961],"product_tag":[],"class_list":{"0":"post-55301","1":"product","2":"type-product","3":"status-publish","5":"product_type-vario","6":"product_cat-wanny","7":"pa_material-cast-stone-pl","9":"first","10":"outofstock","11":"shipping-taxable","12":"product-type-vario"},"acf":{"description":"Lakoniczny kszta\u0142t, czyste linie. Modele w rozmiarze M, L i XL. 25 wariant\u00f3w dopasowanych do r\u00f3\u017cnych \u0142azienek. Stworzona z konglomeratu marmurowego, trwa\u0142ego, solidnego i stabilnego materia\u0142u o klasycznie b\u0142yszcz\u0105cej powierzchni.","collection":false,"category":961,"material":[970],"specification_table":[{"type":"material","label":"","value":""},{"type":"size","label":"","value":""},{"type":"sku","label":"","value":""},{"type":"weight","label":"","value":""},{"type":"color","label":"","value":""},{"type":"volume","label":"","value":""}],"downloads":null,"size":[{"size":"medium","variations":[{"type":"square","product":1294},{"type":"a","product":1289},{"type":"b","product":1291},{"type":"c","product":1292},{"type":"d","product":1293},{"type":"ad","product":1287},{"type":"ab","product":1290},{"type":"bc","product":1288},{"type":"abcd","product":1286}]},{"size":"large","variations":[{"type":"square","product":1304},{"type":"a","product":1298},{"type":"b","product":1300},{"type":"c","product":1301},{"type":"d","product":1303},{"type":"ab","product":1299},{"type":"bc","product":1297},{"type":"ad","product":1296},{"type":"abcd","product":1295}]},{"size":"extra-large","variations":[{"type":"square","product":1311},{"type":"a","product":1307},{"type":"d","product":1310},{"type":"ab","product":1308},{"type":"cd","product":1309},{"type":"ad","product":1306},{"type":"abcd","product":1305}]}],"matching_product":null,"all_models_page":1224},"yoast_head":"<!-- This site is optimized with the Yoast SEO plugin v26.1.1 - https:\/\/yoast.com\/wordpress\/plugins\/seo\/ -->\n<title>Vario - PAA<\/title>\n<meta name=\"robots\" content=\"index, follow, max-snippet:-1, max-image-preview:large, max-video-preview:-1\" \/>\n<link rel=\"canonical\" href=\"https:\/\/paabaths.com\/pl\/katalog\/wanny\/vario\/\" \/>\n<meta property=\"og:locale\" content=\"pl_PL\" \/>\n<meta property=\"og:type\" content=\"article\" \/>\n<meta property=\"og:title\" content=\"Vario - PAA\" \/>\n<meta property=\"og:url\" content=\"https:\/\/paabaths.com\/pl\/katalog\/wanny\/vario\/\" \/>\n<meta property=\"og:site_name\" content=\"PAA\" \/>\n<meta property=\"article:publisher\" content=\"https:\/\/www.facebook.com\/paabaths\/\" \/>\n<meta property=\"article:modified_time\" content=\"2023-11-02T11:18:24+00:00\" \/>\n<meta property=\"og:image\" content=\"https:\/\/paabaths.com\/wp-content\/uploads\/2025\/09\/PAA-baths-title2560x1500px.jpg\" \/>\n\t<meta property=\"og:image:width\" content=\"2560\" \/>\n\t<meta property=\"og:image:height\" content=\"1500\" \/>\n\t<meta property=\"og:image:type\" content=\"image\/jpeg\" \/>\n<meta name=\"twitter:card\" content=\"summary_large_image\" \/>\n<script type=\"application\/ld+json\" class=\"yoast-schema-graph\">{\"@context\":\"https:\/\/schema.org\",\"@graph\":[{\"@type\":\"WebPage\",\"@id\":\"https:\/\/paabaths.com\/pl\/katalog\/wanny\/vario\/\",\"url\":\"https:\/\/paabaths.com\/pl\/katalog\/wanny\/vario\/\",\"name\":\"Vario - PAA\",\"isPartOf\":{\"@id\":\"https:\/\/paabaths.com\/pl\/#website\"},\"datePublished\":\"2022-03-25T13:57:48+00:00\",\"dateModified\":\"2023-11-02T11:18:24+00:00\",\"breadcrumb\":{\"@id\":\"https:\/\/paabaths.com\/pl\/katalog\/wanny\/vario\/#breadcrumb\"},\"inLanguage\":\"pl-PL\",\"potentialAction\":[{\"@type\":\"ReadAction\",\"target\":[\"https:\/\/paabaths.com\/pl\/katalog\/wanny\/vario\/\"]}]},{\"@type\":\"BreadcrumbList\",\"@id\":\"https:\/\/paabaths.com\/pl\/katalog\/wanny\/vario\/#breadcrumb\",\"itemListElement\":[{\"@type\":\"ListItem\",\"position\":1,\"name\":\"Home\",\"item\":\"https:\/\/paabaths.com\/pl\/\"},{\"@type\":\"ListItem\",\"position\":2,\"name\":\"Katalog\",\"item\":\"https:\/\/paabaths.com\/lv\/produkcija\/\"},{\"@type\":\"ListItem\",\"position\":3,\"name\":\"Vario\"}]},{\"@type\":\"WebSite\",\"@id\":\"https:\/\/paabaths.com\/pl\/#website\",\"url\":\"https:\/\/paabaths.com\/pl\/\",\"name\":\"PAA\",\"description\":\"This is PAA Ltd. brand site\",\"publisher\":{\"@id\":\"https:\/\/paabaths.com\/pl\/#organization\"},\"potentialAction\":[{\"@type\":\"SearchAction\",\"target\":{\"@type\":\"EntryPoint\",\"urlTemplate\":\"https:\/\/paabaths.com\/pl\/?s={search_term_string}\"},\"query-input\":{\"@type\":\"PropertyValueSpecification\",\"valueRequired\":true,\"valueName\":\"search_term_string\"}}],\"inLanguage\":\"pl-PL\"},{\"@type\":\"Organization\",\"@id\":\"https:\/\/paabaths.com\/pl\/#organization\",\"name\":\"PAA Baths\",\"url\":\"https:\/\/paabaths.com\/pl\/\",\"logo\":{\"@type\":\"ImageObject\",\"inLanguage\":\"pl-PL\",\"@id\":\"https:\/\/paabaths.com\/pl\/#\/schema\/logo\/image\/\",\"url\":\"https:\/\/paabaths.com\/wp-content\/uploads\/2023\/02\/84294546_179914056600038_3880533746851512320_n.jpeg\",\"contentUrl\":\"https:\/\/paabaths.com\/wp-content\/uploads\/2023\/02\/84294546_179914056600038_3880533746851512320_n.jpeg\",\"width\":320,\"height\":320,\"caption\":\"PAA Baths\"},\"image\":{\"@id\":\"https:\/\/paabaths.com\/pl\/#\/schema\/logo\/image\/\"},\"sameAs\":[\"https:\/\/www.facebook.com\/paabaths\/\",\"https:\/\/www.instagram.com\/paa_baths\"]}]}<\/script>\n<!-- \/ Yoast SEO plugin. -->","yoast_head_json":{"title":"Vario - PAA","robots":{"index":"index","follow":"follow","max-snippet":"max-snippet:-1","max-image-preview":"max-image-preview:large","max-video-preview":"max-video-preview:-1"},"canonical":"https:\/\/paabaths.com\/pl\/katalog\/wanny\/vario\/","og_locale":"pl_PL","og_type":"article","og_title":"Vario - PAA","og_url":"https:\/\/paabaths.com\/pl\/katalog\/wanny\/vario\/","og_site_name":"PAA","article_publisher":"https:\/\/www.facebook.com\/paabaths\/","article_modified_time":"2023-11-02T11:18:24+00:00","og_image":[{"width":2560,"height":1500,"url":"https:\/\/paabaths.com\/wp-content\/uploads\/2025\/09\/PAA-baths-title2560x1500px.jpg","type":"image\/jpeg"}],"twitter_card":"summary_large_image","schema":{"@context":"https:\/\/schema.org","@graph":[{"@type":"WebPage","@id":"https:\/\/paabaths.com\/pl\/katalog\/wanny\/vario\/","url":"https:\/\/paabaths.com\/pl\/katalog\/wanny\/vario\/","name":"Vario - PAA","isPartOf":{"@id":"https:\/\/paabaths.com\/pl\/#website"},"datePublished":"2022-03-25T13:57:48+00:00","dateModified":"2023-11-02T11:18:24+00:00","breadcrumb":{"@id":"https:\/\/paabaths.com\/pl\/katalog\/wanny\/vario\/#breadcrumb"},"inLanguage":"pl-PL","potentialAction":[{"@type":"ReadAction","target":["https:\/\/paabaths.com\/pl\/katalog\/wanny\/vario\/"]}]},{"@type":"BreadcrumbList","@id":"https:\/\/paabaths.com\/pl\/katalog\/wanny\/vario\/#breadcrumb","itemListElement":[{"@type":"ListItem","position":1,"name":"Home","item":"https:\/\/paabaths.com\/pl\/"},{"@type":"ListItem","position":2,"name":"Katalog","item":"https:\/\/paabaths.com\/lv\/produkcija\/"},{"@type":"ListItem","position":3,"name":"Vario"}]},{"@type":"WebSite","@id":"https:\/\/paabaths.com\/pl\/#website","url":"https:\/\/paabaths.com\/pl\/","name":"PAA","description":"This is PAA Ltd. brand site","publisher":{"@id":"https:\/\/paabaths.com\/pl\/#organization"},"potentialAction":[{"@type":"SearchAction","target":{"@type":"EntryPoint","urlTemplate":"https:\/\/paabaths.com\/pl\/?s={search_term_string}"},"query-input":{"@type":"PropertyValueSpecification","valueRequired":true,"valueName":"search_term_string"}}],"inLanguage":"pl-PL"},{"@type":"Organization","@id":"https:\/\/paabaths.com\/pl\/#organization","name":"PAA Baths","url":"https:\/\/paabaths.com\/pl\/","logo":{"@type":"ImageObject","inLanguage":"pl-PL","@id":"https:\/\/paabaths.com\/pl\/#\/schema\/logo\/image\/","url":"https:\/\/paabaths.com\/wp-content\/uploads\/2023\/02\/84294546_179914056600038_3880533746851512320_n.jpeg","contentUrl":"https:\/\/paabaths.com\/wp-content\/uploads\/2023\/02\/84294546_179914056600038_3880533746851512320_n.jpeg","width":320,"height":320,"caption":"PAA Baths"},"image":{"@id":"https:\/\/paabaths.com\/pl\/#\/schema\/logo\/image\/"},"sameAs":["https:\/\/www.facebook.com\/paabaths\/","https:\/\/www.instagram.com\/paa_baths"]}]}},"_links":{"self":[{"href":"https:\/\/paabaths.com\/pl\/wp-json\/wp\/v2\/product\/55301","targetHints":{"allow":["GET"]}}],"collection":[{"href":"https:\/\/paabaths.com\/pl\/wp-json\/wp\/v2\/product"}],"about":[{"href":"https:\/\/paabaths.com\/pl\/wp-json\/wp\/v2\/types\/product"}],"acf:post":[{"embeddable":true,"href":"https:\/\/paabaths.com\/pl\/wp-json\/wp\/v2\/product\/1224"}],"acf:term":[{"embeddable":true,"taxonomy":"pa_material","href":"https:\/\/paabaths.com\/pl\/wp-json\/wp\/v2\/pa_material\/970"},{"embeddable":true,"taxonomy":"product_cat","href":"https:\/\/paabaths.com\/pl\/wp-json\/wp\/v2\/product_cat\/961"}],"wp:attachment":[{"href":"https:\/\/paabaths.com\/pl\/wp-json\/wp\/v2\/media?parent=55301"}],"wp:term":[{"taxonomy":"product_brand","embeddable":true,"href":"https:\/\/paabaths.com\/pl\/wp-json\/wp\/v2\/product_brand?post=55301"},{"taxonomy":"product_cat","embeddable":true,"href":"https:\/\/paabaths.com\/pl\/wp-json\/wp\/v2\/product_cat?post=55301"},{"taxonomy":"product_tag","embeddable":true,"href":"https:\/\/paabaths.com\/pl\/wp-json\/wp\/v2\/product_tag?post=55301"}],"curies":[{"name":"wp","href":"https:\/\/api.w.org\/{rel}","templated":true}]}}