{"id":72883,"date":"2025-03-17T10:18:27","date_gmt":"2025-03-17T08:18:27","guid":{"rendered":"https:\/\/paabaths.com\/?page_id=72883"},"modified":"2025-09-17T21:39:14","modified_gmt":"2025-09-17T18:39:14","slug":"alba-rodzina","status":"publish","type":"page","link":"https:\/\/paabaths.com\/pl\/rodziny-produktow\/alba-rodzina\/","title":{"rendered":"Alba Rodzina"},"content":{"rendered":"<section data-type='content-width' id='block-69d4e29954d2c' class='full-width-cta wp-block-group acf-block alignwide font-color-white'><style>#block-69d4e29954d2c .wp-block-image { height: 147px; } \r\n@media(max-width:1024px){ #block-69d4e29954d2c .wp-block-image { height: 147px; } }; \r\n@media(max-width:992px){ #block-69d4e29954d2c .wp-block-image { height: 147px; } }; \r\n@media(max-width:568px){ #block-69d4e29954d2c .wp-block-image { height: 147px; } }; \r\n<\/style><div class='image lazyload' data-background-image='https:\/\/paabaths.com\/wp-content\/uploads\/2025\/03\/PAAxKarim-logo-1000x147-1.jpg'><\/div><div class='fill-bg'><\/div><div class='wp-block alignwide'><div  class='wp-block-image title-position-top'><span class='inner-wrap'><span class='inner t-a-b-2'><h3 class='underline-solid'><\/h3><\/span><\/span><\/div><\/div><\/section>\n\n<section data-type='full-width-auto-height' id='block-69d4e2995703a' class='full-width-cta wp-block-group acf-block auto-height '><style>@media (min-width: 1500px) { #block-69d4e2995703a.full-width-cta:not(.alignwide) { height: auto; padding-top: 0; }}#block-69d4e2995703a img { width: 100%; height: auto; } \r\n#block-69d4e2995703a.full-width-cta .wp-block-image { height: 100%; } \r\n#block-69d4e2995703a .wp-block { position: absolute; width: 100%; top: 0; height: 100%; left: 50%; transform: translateX(-50%); } \r\n#block-69d4e2995703a.full-width-cta .wp-block-image .inner-wrap { padding-top: 3%; padding-bottom: 3%; } \r\n<\/style><img class='lazyload' data-src='https:\/\/paabaths.com\/wp-content\/uploads\/2025\/03\/PAA-Alba-factory-image-vertical-2580x946px-2560x939.jpg' src=''><div class='wp-block alignwide'><div  class='wp-block-image title-position-'><span class='inner-wrap'><span class='inner t-a-b-2'><h3 class='underline-solid'><\/h3><\/span><\/span><\/div><\/div><\/section>\n\n<section class='page-content wp-block-group acf-block alignwide style-2 content-width'><div class='wp-block alignwide'><div class='content t-a-b-2'><p>Alba family by Karim Rashid<\/p>\n<\/div><\/div><\/section>\n\n<section class='page-content wp-block-group acf-block alignwide style-1-1 content-width'><div class='wp-block alignwide'><div class='content t-a-b-2'><p style=\"text-align: center;\"><span style=\"font-family: Barlow Condensed; font-size: 28px;\">W j\u0119zyku w\u0142oskim s\u0142owo \u201ealba\u201d oznacza \u201e\u015bwit\u201d. Budzi ono skojarzenia nie tylko z nowym dniem, ale r\u00f3wnie\u017c z nowym pocz\u0105tkiem, czysto\u015bci\u0105 my\u015bli i formy. Kiedy ostre kraw\u0119dzie prostok\u0105ta ust\u0119puj\u0105 zaokr\u0105glonym liniom, rodzi si\u0119 rze\u017abiarski minimalizm.  <\/span><\/p>\n<\/div><\/div><\/section>\n\n<section class=\"youtube-block\">\n    <div class=\"inner wp-block alignwide\">\n        <div id=\"6bHoY5RiYnw\" class=\"youtube-player\" data-plyr-provider=\"youtube\" data-plyr-embed-id=\"6bHoY5RiYnw\"><\/div>\n    <\/div>\n<\/section>\n<style>\n.plyr__control--overlaid {\n    margin-top: 0!important;\n}\n@media (max-width: 1140px) {\n    .youtube-block {\n        margin-bottom: 30px;\n    }\n    .home .youtube-block .inner {\n\t    padding-left: 70px;\n\t    padding-right: 70px;\n    }\n}\n@media (max-width: 992px) {\n    .home .youtube-block .inner {\n\t    padding-left: 15px;\n\t    padding-right: 15px;\n    }\n}\n@media(max-width:768px) {\n\t.youtube-block {\n\t\tmargin-bottom: 15px;\n\t}\n}\n<\/style>\n\n<div class=\"wp-block-image\">\n<figure class=\"aligncenter size-large is-resized\"><img loading=\"lazy\" decoding=\"async\" src=\"https:\/\/paabaths.com\/wp-content\/uploads\/2025\/02\/PAA-Alba-baths-and-washbasins-interior-2560x1446px-1560x881.jpg\" alt=\"\" class=\"wp-image-72816\" width=\"1044\" height=\"590\" srcset=\"https:\/\/paabaths.com\/wp-content\/uploads\/2025\/02\/PAA-Alba-baths-and-washbasins-interior-2560x1446px-1560x881.jpg 1560w, https:\/\/paabaths.com\/wp-content\/uploads\/2025\/02\/PAA-Alba-baths-and-washbasins-interior-2560x1446px-750x424.jpg 750w, https:\/\/paabaths.com\/wp-content\/uploads\/2025\/02\/PAA-Alba-baths-and-washbasins-interior-2560x1446px-2000x1130.jpg 2000w\" sizes=\"auto, (max-width: 1044px) 100vw, 1044px\" \/><\/figure><\/div>\n\n<section class='page-content wp-block-group acf-block alignwide style-1-1 content-width'><div class='wp-block alignwide'><div class='content t-a-b-2'><p style=\"text-align: center;\"><span style=\"font-family: Barlow Condensed; font-size: 28px;\"><br \/>\nS\u0142o\u0144ce wy\u0142ania si\u0119 na horyzoncie, a mi\u0119kkie, p\u0142ynne przej\u015bcia zach\u0119caj\u0105 do ca\u0142kowitej relaksacji. To moment, by rozlu\u017ani\u0107 cia\u0142o, wyciszy\u0107 umys\u0142 i zanurzy\u0107 si\u0119 w medytacyjnej podr\u00f3\u017cy w g\u0142\u0105b siebie \u2013 by zacz\u0105\u0107 na nowo. <\/span><\/p>\n<\/div><\/div><\/section>\n\n<div class=\"wp-block-image\">\n<figure class=\"aligncenter size-full\"><img loading=\"lazy\" decoding=\"async\" width=\"1000\" height=\"1000\" src=\"https:\/\/paabaths.com\/wp-content\/uploads\/Product-images\/Product-detail-images\/Baths\/Alba\/PAA-Alba-products-family-design-features-PL.jpg\" alt=\"\" class=\"wp-image-72862\" srcset=\"https:\/\/paabaths.com\/wp-content\/uploads\/Product-images\/Product-detail-images\/Baths\/Alba\/PAA-Alba-products-family-design-features-PL.jpg 1000w, https:\/\/paabaths.com\/wp-content\/uploads\/Product-images\/Product-detail-images\/Baths\/Alba\/PAA-Alba-products-family-design-features-PL-750x750.jpg 750w, https:\/\/paabaths.com\/wp-content\/uploads\/Product-images\/Product-detail-images\/Baths\/Alba\/PAA-Alba-products-family-design-features-PL-150x150.jpg 150w, https:\/\/paabaths.com\/wp-content\/uploads\/Product-images\/Product-detail-images\/Baths\/Alba\/PAA-Alba-products-family-design-features-PL-32x32.jpg 32w, https:\/\/paabaths.com\/wp-content\/uploads\/Product-images\/Product-detail-images\/Baths\/Alba\/PAA-Alba-products-family-design-features-PL-600x600.jpg 600w, https:\/\/paabaths.com\/wp-content\/uploads\/Product-images\/Product-detail-images\/Baths\/Alba\/PAA-Alba-products-family-design-features-PL-100x100.jpg 100w\" sizes=\"auto, (max-width: 1000px) 100vw, 1000px\" \/><\/figure><\/div>\n\n<section class='page-content wp-block-group acf-block alignwide style-1-1 content-width'><div class='wp-block alignwide'><div class='content t-a-b-2'><p style=\"text-align: center;\"><span style=\"font-family: Barlow Condensed; font-size: 28px;\"> Siedzenie w g\u0142\u0119bokiej wannie przypomina pozycj\u0119 lotosu w medytacji \u2013 pozwala na g\u0142\u0119boki relaks i naturalne u\u0142o\u017cenie cia\u0142a w pionie. To doskona\u0142e rozwi\u0105zanie dla os\u00f3b, kt\u00f3re lubi\u0105 czyta\u0107 podczas k\u0105pieli lub chc\u0105 mie\u0107 swoje urz\u0105dzenia w zasi\u0119gu r\u0119ki. Co istotne, taka pozycja mo\u017ce by\u0107 bardziej komfortowa dla os\u00f3b z ograniczon\u0105 mobilno\u015bci\u0105. <\/span><\/p>\n<\/div><\/div><\/section>\n\n<section class=\"square-boxes wp-block-group acf-block\">\n    <div class='wp-block-columns align-wide items-2'><div class='wp-block-column'><a href='https:\/\/paabaths.com\/pl\/katalog\/umywalki\/?pa_family=alba-pl' class='wp-block-image title-position-top'><span class='image' style='background-image:url(https:\/\/paabaths.com\/wp-content\/uploads\/2025\/03\/PAA-product-link-images-Alba-washbasin-PL-1-750x750.jpg);'><\/span><span class='inner-wrap'><span class='inner'><h3><\/h3><\/span><\/span><\/a><\/div><div class='wp-block-column'><a href='https:\/\/paabaths.com\/pl\/katalog\/wanny\/alba\/' class='wp-block-image title-position-top'><span class='image' style='background-image:url(https:\/\/paabaths.com\/wp-content\/uploads\/2025\/03\/PAA-product-link-images-Alba-bath-PL-1-750x750.jpg);'><\/span><span class='inner-wrap'><span class='inner'><h3><\/h3><\/span><\/span><\/a><\/div>    <\/div>\n<\/section>\n\n\n<section data-type='content-width' id='block-69d4e2995ec87' class='full-width-cta wp-block-group acf-block alignwide '><style>#block-69d4e2995ec87 .wp-block-image { height: 147px; } \r\n@media(max-width:1024px){ #block-69d4e2995ec87 .wp-block-image { height: 147px; } }; \r\n@media(max-width:992px){ #block-69d4e2995ec87 .wp-block-image { height: 147px; } }; \r\n@media(max-width:568px){ #block-69d4e2995ec87 .wp-block-image { height: 147px; } }; \r\n<\/style><div class='image lazyload' data-background-image='https:\/\/paabaths.com\/wp-content\/uploads\/2025\/03\/PAAxKarim-logo-1000x147-1.jpg'><\/div><div class='fill-bg'><\/div><div class='wp-block alignwide'><div  class='wp-block-image title-position-'><span class='inner-wrap'><span class='inner t-a-b-2'><h3 class='underline-solid'><\/h3><\/span><\/span><\/div><\/div><\/section>\n\n<section data-type='full-width-auto-height' id='block-69d4e2995fd4c' class='full-width-cta wp-block-group acf-block auto-height '><style>@media (min-width: 1500px) { #block-69d4e2995fd4c.full-width-cta:not(.alignwide) { height: auto; padding-top: 0; }}#block-69d4e2995fd4c img { width: 100%; height: auto; } \r\n#block-69d4e2995fd4c.full-width-cta .wp-block-image { height: 100%; } \r\n#block-69d4e2995fd4c .wp-block { position: absolute; width: 100%; top: 0; height: 100%; left: 50%; transform: translateX(-50%); } \r\n#block-69d4e2995fd4c.full-width-cta .wp-block-image .inner-wrap { padding-top: 3%; padding-bottom: 3%; } \r\n<\/style><img class='lazyload' data-src='https:\/\/paabaths.com\/wp-content\/uploads\/2025\/03\/PAA-Designer-Karim-Rashid-portrait-2560x1270px.jpg' src=''><div class='wp-block alignwide'><div  class='wp-block-image title-position-'><span class='inner-wrap'><span class='inner t-a-b-2'><h3 class='underline-solid'><\/h3><\/span><\/span><\/div><\/div><\/section>\n\n<section class='page-content wp-block-group acf-block alignwide style-2 content-width'><div class='wp-block alignwide'><div class='content t-a-b-2'><p>Alba family by Karim Rashid<\/p>\n<\/div><\/div><\/section>\n\n\n<div class=\"wp-block-group alignwide\"><div class=\"wp-block-group__inner-container is-layout-constrained wp-block-group-is-layout-constrained\"><div class=\"wp-block-image\">\n<figure class=\"aligncenter size-large is-resized\"><img loading=\"lazy\" decoding=\"async\" src=\"https:\/\/paabaths.com\/wp-content\/uploads\/2025\/03\/PAA-Karim-Rashid-Alba-sketch-02-1560x942.jpg\" alt=\"\" class=\"wp-image-72632\" width=\"780\" height=\"471\" srcset=\"https:\/\/paabaths.com\/wp-content\/uploads\/2025\/03\/PAA-Karim-Rashid-Alba-sketch-02-1560x942.jpg 1560w, https:\/\/paabaths.com\/wp-content\/uploads\/2025\/03\/PAA-Karim-Rashid-Alba-sketch-02-750x453.jpg 750w, https:\/\/paabaths.com\/wp-content\/uploads\/2025\/03\/PAA-Karim-Rashid-Alba-sketch-02-2000x1208.jpg 2000w\" sizes=\"auto, (max-width: 780px) 100vw, 780px\" \/><\/figure><\/div><\/div><\/div>\n\n\n<section class='page-content wp-block-group acf-block alignwide style-1-1 content-width'><div class='wp-block alignwide'><div class='content t-a-b-2'><p style=\"text-align: center;\"><span style=\"font-family: Barlow Condensed; font-size: 28px;\"><br \/>\nWizjoner i p\u0142odny Karim Rashid jest jednym z najbardziej wyj\u0105tkowych g\u0142os\u00f3w w dzisiejszym designie. Unikaj\u0105c stylu na rzecz projektowania w modzie naszych czas\u00f3w, praca Karima obejmuje ponad 4000 projekt\u00f3w w produkcji, 400 nagr\u00f3d na swoim koncie i klient\u00f3w w 47 krajach. Jego klientami s\u0105 3M, Alessi, Artemide, BoConcept, Citibank, Hugo Boss, Issey Miyake, Kenzo, Method, NH, Radisson Hotels, Umbra, VeuveClicquot i Vondom. Liczne nagrody i wyr\u00f3\u017cnienia, w tym American Prize for DesignLifetime Achievement, Red Dot, Chicago Athenaeum Good Design i Pentaward, \u015bwiadcz\u0105 o wk\u0142adzie Karima w \u015bwiat designu. <\/span><\/p>\n<\/div><\/div><\/section>\n\n\n<div class=\"wp-block-group alignwide\"><div class=\"wp-block-group__inner-container is-layout-constrained wp-block-group-is-layout-constrained\"><div class=\"wp-block-image\">\n<figure class=\"aligncenter size-large is-resized\"><img loading=\"lazy\" decoding=\"async\" src=\"https:\/\/paabaths.com\/wp-content\/uploads\/2025\/03\/PAA-Karim-Rashid-Alba-sketch-01-1560x938.jpg\" alt=\"\" class=\"wp-image-72625\" width=\"780\" height=\"469\" srcset=\"https:\/\/paabaths.com\/wp-content\/uploads\/2025\/03\/PAA-Karim-Rashid-Alba-sketch-01-1560x938.jpg 1560w, https:\/\/paabaths.com\/wp-content\/uploads\/2025\/03\/PAA-Karim-Rashid-Alba-sketch-01-750x451.jpg 750w, https:\/\/paabaths.com\/wp-content\/uploads\/2025\/03\/PAA-Karim-Rashid-Alba-sketch-01-2000x1202.jpg 2000w\" sizes=\"auto, (max-width: 780px) 100vw, 780px\" \/><\/figure><\/div><\/div><\/div>\n","protected":false},"excerpt":{"rendered":"","protected":false},"author":9,"featured_media":0,"parent":73386,"menu_order":110,"comment_status":"closed","ping_status":"closed","template":"template-page-with-breadcrumbs.php","meta":{"_acf_changed":false,"inline_featured_image":false,"footnotes":""},"class_list":["post-72883","page","type-page","status-publish","hentry"],"acf":[],"yoast_head":"<!-- This site is optimized with the Yoast SEO plugin v26.1.1 - https:\/\/yoast.com\/wordpress\/plugins\/seo\/ -->\n<title>Alba Rodzina - PAA<\/title>\n<meta name=\"description\" content=\"We make for a specific bathroom. According to the customer\u2019s specification. In Latvia. Handmade.\" \/>\n<meta name=\"robots\" content=\"index, follow, max-snippet:-1, max-image-preview:large, max-video-preview:-1\" \/>\n<link rel=\"canonical\" href=\"https:\/\/paabaths.com\/pl\/rodziny-produktow\/alba-rodzina\/\" \/>\n<meta property=\"og:locale\" content=\"pl_PL\" \/>\n<meta property=\"og:type\" content=\"article\" \/>\n<meta property=\"og:title\" content=\"Alba Rodzina - PAA\" \/>\n<meta property=\"og:description\" content=\"We make for a specific bathroom. According to the customer\u2019s specification. In Latvia. Handmade.\" \/>\n<meta property=\"og:url\" content=\"https:\/\/paabaths.com\/pl\/rodziny-produktow\/alba-rodzina\/\" \/>\n<meta property=\"og:site_name\" content=\"PAA\" \/>\n<meta property=\"article:publisher\" content=\"https:\/\/www.facebook.com\/paabaths\/\" \/>\n<meta property=\"article:modified_time\" content=\"2025-09-17T18:39:14+00:00\" \/>\n<meta property=\"og:image\" content=\"https:\/\/paabaths.com\/wp-content\/uploads\/2025\/02\/PAA-Alba-baths-and-washbasins-interior-2560x1446px-1560x881.jpg\" \/>\n<meta name=\"twitter:card\" content=\"summary_large_image\" \/>\n<script type=\"application\/ld+json\" class=\"yoast-schema-graph\">{\"@context\":\"https:\/\/schema.org\",\"@graph\":[{\"@type\":\"WebPage\",\"@id\":\"https:\/\/paabaths.com\/pl\/rodziny-produktow\/alba-rodzina\/\",\"url\":\"https:\/\/paabaths.com\/pl\/rodziny-produktow\/alba-rodzina\/\",\"name\":\"Alba Rodzina - PAA\",\"isPartOf\":{\"@id\":\"https:\/\/paabaths.com\/pl\/#website\"},\"primaryImageOfPage\":{\"@id\":\"https:\/\/paabaths.com\/pl\/rodziny-produktow\/alba-rodzina\/#primaryimage\"},\"image\":{\"@id\":\"https:\/\/paabaths.com\/pl\/rodziny-produktow\/alba-rodzina\/#primaryimage\"},\"thumbnailUrl\":\"https:\/\/paabaths.com\/wp-content\/uploads\/2025\/02\/PAA-Alba-baths-and-washbasins-interior-2560x1446px-1560x881.jpg\",\"datePublished\":\"2025-03-17T08:18:27+00:00\",\"dateModified\":\"2025-09-17T18:39:14+00:00\",\"description\":\"We make for a specific bathroom. According to the customer\u2019s specification. In Latvia. Handmade.\",\"breadcrumb\":{\"@id\":\"https:\/\/paabaths.com\/pl\/rodziny-produktow\/alba-rodzina\/#breadcrumb\"},\"inLanguage\":\"pl-PL\",\"potentialAction\":[{\"@type\":\"ReadAction\",\"target\":[\"https:\/\/paabaths.com\/pl\/rodziny-produktow\/alba-rodzina\/\"]}]},{\"@type\":\"ImageObject\",\"inLanguage\":\"pl-PL\",\"@id\":\"https:\/\/paabaths.com\/pl\/rodziny-produktow\/alba-rodzina\/#primaryimage\",\"url\":\"https:\/\/paabaths.com\/wp-content\/uploads\/2025\/02\/PAA-Alba-baths-and-washbasins-interior-2560x1446px-1560x881.jpg\",\"contentUrl\":\"https:\/\/paabaths.com\/wp-content\/uploads\/2025\/02\/PAA-Alba-baths-and-washbasins-interior-2560x1446px-1560x881.jpg\"},{\"@type\":\"BreadcrumbList\",\"@id\":\"https:\/\/paabaths.com\/pl\/rodziny-produktow\/alba-rodzina\/#breadcrumb\",\"itemListElement\":[{\"@type\":\"ListItem\",\"position\":1,\"name\":\"Home\",\"item\":\"https:\/\/paabaths.com\/pl\/\"},{\"@type\":\"ListItem\",\"position\":2,\"name\":\"Rodziny produkt\u00f3w\",\"item\":\"https:\/\/paabaths.com\/pl\/produktu-gimenes\/\"},{\"@type\":\"ListItem\",\"position\":3,\"name\":\"Alba Rodzina\"}]},{\"@type\":\"WebSite\",\"@id\":\"https:\/\/paabaths.com\/pl\/#website\",\"url\":\"https:\/\/paabaths.com\/pl\/\",\"name\":\"PAA\",\"description\":\"This is PAA Ltd. brand site\",\"publisher\":{\"@id\":\"https:\/\/paabaths.com\/pl\/#organization\"},\"potentialAction\":[{\"@type\":\"SearchAction\",\"target\":{\"@type\":\"EntryPoint\",\"urlTemplate\":\"https:\/\/paabaths.com\/pl\/?s={search_term_string}\"},\"query-input\":{\"@type\":\"PropertyValueSpecification\",\"valueRequired\":true,\"valueName\":\"search_term_string\"}}],\"inLanguage\":\"pl-PL\"},{\"@type\":\"Organization\",\"@id\":\"https:\/\/paabaths.com\/pl\/#organization\",\"name\":\"PAA Baths\",\"url\":\"https:\/\/paabaths.com\/pl\/\",\"logo\":{\"@type\":\"ImageObject\",\"inLanguage\":\"pl-PL\",\"@id\":\"https:\/\/paabaths.com\/pl\/#\/schema\/logo\/image\/\",\"url\":\"https:\/\/paabaths.com\/wp-content\/uploads\/2023\/02\/84294546_179914056600038_3880533746851512320_n.jpeg\",\"contentUrl\":\"https:\/\/paabaths.com\/wp-content\/uploads\/2023\/02\/84294546_179914056600038_3880533746851512320_n.jpeg\",\"width\":320,\"height\":320,\"caption\":\"PAA Baths\"},\"image\":{\"@id\":\"https:\/\/paabaths.com\/pl\/#\/schema\/logo\/image\/\"},\"sameAs\":[\"https:\/\/www.facebook.com\/paabaths\/\",\"https:\/\/www.instagram.com\/paa_baths\"]}]}<\/script>\n<!-- \/ Yoast SEO plugin. -->","yoast_head_json":{"title":"Alba Rodzina - PAA","description":"We make for a specific bathroom. According to the customer\u2019s specification. In Latvia. Handmade.","robots":{"index":"index","follow":"follow","max-snippet":"max-snippet:-1","max-image-preview":"max-image-preview:large","max-video-preview":"max-video-preview:-1"},"canonical":"https:\/\/paabaths.com\/pl\/rodziny-produktow\/alba-rodzina\/","og_locale":"pl_PL","og_type":"article","og_title":"Alba Rodzina - PAA","og_description":"We make for a specific bathroom. According to the customer\u2019s specification. In Latvia. Handmade.","og_url":"https:\/\/paabaths.com\/pl\/rodziny-produktow\/alba-rodzina\/","og_site_name":"PAA","article_publisher":"https:\/\/www.facebook.com\/paabaths\/","article_modified_time":"2025-09-17T18:39:14+00:00","og_image":[{"url":"https:\/\/paabaths.com\/wp-content\/uploads\/2025\/02\/PAA-Alba-baths-and-washbasins-interior-2560x1446px-1560x881.jpg","type":"","width":"","height":""}],"twitter_card":"summary_large_image","schema":{"@context":"https:\/\/schema.org","@graph":[{"@type":"WebPage","@id":"https:\/\/paabaths.com\/pl\/rodziny-produktow\/alba-rodzina\/","url":"https:\/\/paabaths.com\/pl\/rodziny-produktow\/alba-rodzina\/","name":"Alba Rodzina - PAA","isPartOf":{"@id":"https:\/\/paabaths.com\/pl\/#website"},"primaryImageOfPage":{"@id":"https:\/\/paabaths.com\/pl\/rodziny-produktow\/alba-rodzina\/#primaryimage"},"image":{"@id":"https:\/\/paabaths.com\/pl\/rodziny-produktow\/alba-rodzina\/#primaryimage"},"thumbnailUrl":"https:\/\/paabaths.com\/wp-content\/uploads\/2025\/02\/PAA-Alba-baths-and-washbasins-interior-2560x1446px-1560x881.jpg","datePublished":"2025-03-17T08:18:27+00:00","dateModified":"2025-09-17T18:39:14+00:00","description":"We make for a specific bathroom. According to the customer\u2019s specification. In Latvia. Handmade.","breadcrumb":{"@id":"https:\/\/paabaths.com\/pl\/rodziny-produktow\/alba-rodzina\/#breadcrumb"},"inLanguage":"pl-PL","potentialAction":[{"@type":"ReadAction","target":["https:\/\/paabaths.com\/pl\/rodziny-produktow\/alba-rodzina\/"]}]},{"@type":"ImageObject","inLanguage":"pl-PL","@id":"https:\/\/paabaths.com\/pl\/rodziny-produktow\/alba-rodzina\/#primaryimage","url":"https:\/\/paabaths.com\/wp-content\/uploads\/2025\/02\/PAA-Alba-baths-and-washbasins-interior-2560x1446px-1560x881.jpg","contentUrl":"https:\/\/paabaths.com\/wp-content\/uploads\/2025\/02\/PAA-Alba-baths-and-washbasins-interior-2560x1446px-1560x881.jpg"},{"@type":"BreadcrumbList","@id":"https:\/\/paabaths.com\/pl\/rodziny-produktow\/alba-rodzina\/#breadcrumb","itemListElement":[{"@type":"ListItem","position":1,"name":"Home","item":"https:\/\/paabaths.com\/pl\/"},{"@type":"ListItem","position":2,"name":"Rodziny produkt\u00f3w","item":"https:\/\/paabaths.com\/pl\/produktu-gimenes\/"},{"@type":"ListItem","position":3,"name":"Alba Rodzina"}]},{"@type":"WebSite","@id":"https:\/\/paabaths.com\/pl\/#website","url":"https:\/\/paabaths.com\/pl\/","name":"PAA","description":"This is PAA Ltd. brand site","publisher":{"@id":"https:\/\/paabaths.com\/pl\/#organization"},"potentialAction":[{"@type":"SearchAction","target":{"@type":"EntryPoint","urlTemplate":"https:\/\/paabaths.com\/pl\/?s={search_term_string}"},"query-input":{"@type":"PropertyValueSpecification","valueRequired":true,"valueName":"search_term_string"}}],"inLanguage":"pl-PL"},{"@type":"Organization","@id":"https:\/\/paabaths.com\/pl\/#organization","name":"PAA Baths","url":"https:\/\/paabaths.com\/pl\/","logo":{"@type":"ImageObject","inLanguage":"pl-PL","@id":"https:\/\/paabaths.com\/pl\/#\/schema\/logo\/image\/","url":"https:\/\/paabaths.com\/wp-content\/uploads\/2023\/02\/84294546_179914056600038_3880533746851512320_n.jpeg","contentUrl":"https:\/\/paabaths.com\/wp-content\/uploads\/2023\/02\/84294546_179914056600038_3880533746851512320_n.jpeg","width":320,"height":320,"caption":"PAA Baths"},"image":{"@id":"https:\/\/paabaths.com\/pl\/#\/schema\/logo\/image\/"},"sameAs":["https:\/\/www.facebook.com\/paabaths\/","https:\/\/www.instagram.com\/paa_baths"]}]}},"_links":{"self":[{"href":"https:\/\/paabaths.com\/pl\/wp-json\/wp\/v2\/pages\/72883","targetHints":{"allow":["GET"]}}],"collection":[{"href":"https:\/\/paabaths.com\/pl\/wp-json\/wp\/v2\/pages"}],"about":[{"href":"https:\/\/paabaths.com\/pl\/wp-json\/wp\/v2\/types\/page"}],"author":[{"embeddable":true,"href":"https:\/\/paabaths.com\/pl\/wp-json\/wp\/v2\/users\/9"}],"replies":[{"embeddable":true,"href":"https:\/\/paabaths.com\/pl\/wp-json\/wp\/v2\/comments?post=72883"}],"version-history":[{"count":17,"href":"https:\/\/paabaths.com\/pl\/wp-json\/wp\/v2\/pages\/72883\/revisions"}],"predecessor-version":[{"id":93105,"href":"https:\/\/paabaths.com\/pl\/wp-json\/wp\/v2\/pages\/72883\/revisions\/93105"}],"up":[{"embeddable":true,"href":"https:\/\/paabaths.com\/pl\/wp-json\/wp\/v2\/pages\/73386"}],"wp:attachment":[{"href":"https:\/\/paabaths.com\/pl\/wp-json\/wp\/v2\/media?parent=72883"}],"curies":[{"name":"wp","href":"https:\/\/api.w.org\/{rel}","templated":true}]}}