{"id":71284,"date":"2025-03-17T10:18:27","date_gmt":"2025-03-17T08:18:27","guid":{"rendered":"https:\/\/paabaths.com\/?page_id=71284"},"modified":"2026-03-17T15:38:37","modified_gmt":"2026-03-17T13:38:37","slug":"pointe-rodzina-old","status":"publish","type":"page","link":"https:\/\/paabaths.com\/pl\/pointe-rodzina-old\/","title":{"rendered":"Pointe Rodzina-old"},"content":{"rendered":"<section data-type='content-width' id='block-69d4f9e5ad861' class='full-width-cta wp-block-group acf-block alignwide font-color-white'><style>#block-69d4f9e5ad861 .wp-block-image { height: 147px; } \r\n@media(max-width:1024px){ #block-69d4f9e5ad861 .wp-block-image { height: 147px; } }; \r\n@media(max-width:992px){ #block-69d4f9e5ad861 .wp-block-image { height: 147px; } }; \r\n@media(max-width:568px){ #block-69d4f9e5ad861 .wp-block-image { height: 147px; } }; \r\n<\/style><div class='image lazyload' data-background-image='https:\/\/paabaths.com\/wp-content\/uploads\/2025\/03\/PAAxKarim-logo-1000x147-1.jpg'><\/div><div class='fill-bg'><\/div><div class='wp-block alignwide'><div  class='wp-block-image title-position-top'><span class='inner-wrap'><span class='inner t-a-b-2'><h3 class='underline-solid'><\/h3><\/span><\/span><\/div><\/div><\/section>\n\n<section data-type='full-width-auto-height' id='block-69d4f9e5afbe5' class='full-width-cta wp-block-group acf-block auto-height '><style>@media (min-width: 1500px) { #block-69d4f9e5afbe5.full-width-cta:not(.alignwide) { height: auto; padding-top: 0; }}#block-69d4f9e5afbe5 img { width: 100%; height: auto; } \r\n#block-69d4f9e5afbe5.full-width-cta .wp-block-image { height: 100%; } \r\n#block-69d4f9e5afbe5 .wp-block { position: absolute; width: 100%; top: 0; height: 100%; left: 50%; transform: translateX(-50%); } \r\n#block-69d4f9e5afbe5.full-width-cta .wp-block-image .inner-wrap { padding-top: 3%; padding-bottom: 3%; } \r\n<\/style><img class='lazyload' data-src='https:\/\/paabaths.com\/wp-content\/uploads\/2025\/03\/PAA-Pointe-factory-image-title-image-2560x948.jpg' src=''><div class='wp-block alignwide'><div  class='wp-block-image title-position-'><span class='inner-wrap'><span class='inner t-a-b-2'><h3 class='underline-solid'><\/h3><\/span><\/span><\/div><\/div><\/section>\n\n<section class='page-content wp-block-group acf-block alignwide style-2 content-width'><div class='wp-block alignwide'><div class='content t-a-b-2'><p>Pointe Family by Karim Rashid<\/p>\n<\/div><\/div><\/section>\n\n<section class='page-content wp-block-group acf-block alignwide style-1-1 content-width'><div class='wp-block alignwide'><div class='content t-a-b-2'><p>J\u0119zyk wizualny kolekcji Pointe to zupe\u0142nie nowa jako\u015b\u0107 w \u015bwiecie designu. Dzi\u0119ki unikalnej estetyce Karima Rashida, bran\u017ca wzbogaci\u0142a si\u0119 o kszta\u0142ty dot\u0105d niespotykane.<\/p>\n<\/div><\/div><\/section>\n\n<section class=\"youtube-block\">\n    <div class=\"inner wp-block alignwide\">\n        <div id=\"3x_jnAg-EGs\" class=\"youtube-player\" data-plyr-provider=\"youtube\" data-plyr-embed-id=\"3x_jnAg-EGs\"><\/div>\n    <\/div>\n<\/section>\n<style>\n.plyr__control--overlaid {\n    margin-top: 0!important;\n}\n@media (max-width: 1140px) {\n    .youtube-block {\n        margin-bottom: 30px;\n    }\n    .home .youtube-block .inner {\n\t    padding-left: 70px;\n\t    padding-right: 70px;\n    }\n}\n@media (max-width: 992px) {\n    .home .youtube-block .inner {\n\t    padding-left: 15px;\n\t    padding-right: 15px;\n    }\n}\n@media(max-width:768px) {\n\t.youtube-block {\n\t\tmargin-bottom: 15px;\n\t}\n}\n<\/style>\n\n<div class=\"wp-block-image\">\n<figure class=\"aligncenter size-large is-resized\"><img loading=\"lazy\" decoding=\"async\" src=\"https:\/\/paabaths.com\/wp-content\/uploads\/2025\/02\/PAA-baths-Pointe-interior-sample-2880x1350px-1560x731.jpg\" alt=\"\" class=\"wp-image-72972\" width=\"1044\" height=\"488\" srcset=\"https:\/\/paabaths.com\/wp-content\/uploads\/2025\/02\/PAA-baths-Pointe-interior-sample-2880x1350px-1560x731.jpg 1560w, https:\/\/paabaths.com\/wp-content\/uploads\/2025\/02\/PAA-baths-Pointe-interior-sample-2880x1350px-750x352.jpg 750w\" sizes=\"auto, (max-width: 1044px) 100vw, 1044px\" \/><\/figure><\/div>\n\n<section class='page-content wp-block-group acf-block alignwide style-1-1 content-width'><div class='wp-block alignwide'><div class='content t-a-b-2'><p>W wannie Pointe mo\u017cna zanurzy\u0107 ca\u0142e cia\u0142o, co sprzyja g\u0142\u0119bokiemu relaksowi. Pochy\u0142e \u015bciany wanny, niczym kapsu\u0142a lub kokon, tworz\u0105 barier\u0119 mi\u0119dzy u\u017cytkownikiem a \u015bwiatem zewn\u0119trznym, daj\u0105c przestrze\u0144 do niezak\u0142\u00f3conego odpoczynku.<\/p>\n<\/div><\/div><\/section>\n\n<div class=\"wp-block-image\">\n<figure class=\"aligncenter size-full is-resized\"><img loading=\"lazy\" decoding=\"async\" src=\"https:\/\/paabaths.com\/wp-content\/uploads\/2025\/03\/PAA-Pointe-details-PL.jpg\" alt=\"\" class=\"wp-image-71509\" width=\"1000\" height=\"1000\" srcset=\"https:\/\/paabaths.com\/wp-content\/uploads\/2025\/03\/PAA-Pointe-details-PL.jpg 1500w, https:\/\/paabaths.com\/wp-content\/uploads\/2025\/03\/PAA-Pointe-details-PL-750x750.jpg 750w, https:\/\/paabaths.com\/wp-content\/uploads\/2025\/03\/PAA-Pointe-details-PL-150x150.jpg 150w, https:\/\/paabaths.com\/wp-content\/uploads\/2025\/03\/PAA-Pointe-details-PL-32x32.jpg 32w, https:\/\/paabaths.com\/wp-content\/uploads\/2025\/03\/PAA-Pointe-details-PL-600x600.jpg 600w, https:\/\/paabaths.com\/wp-content\/uploads\/2025\/03\/PAA-Pointe-details-PL-100x100.jpg 100w\" sizes=\"auto, (max-width: 1000px) 100vw, 1000px\" \/><\/figure><\/div>\n\n<section class='page-content wp-block-group acf-block alignwide style-1-1 content-width'><div class='wp-block alignwide'><div class='content t-a-b-2'><p style=\"text-align: center;\"><span style=\"font-family: Barlow Condensed; font-size: 28px;\"J\u0119zyk wizualny kolekcji Pointe to zupe\u0142nie nowa jako\u015b\u0107 w \u015bwiecie designu. Dzi\u0119ki unikalnej estetyce Karima Rashida, bran\u017ca wzbogaci\u0142a si\u0119 o kszta\u0142ty dot\u0105d niespotykane. Wanny i umywalki zw\u0119\u017caj\u0105ce si\u0119 ku g\u00f3rze na ca\u0142ym obwodzie to nowatorskie rozwi\u0105zanie, wymagaj\u0105ce perfekcji zar\u00f3wno pod wzgl\u0119dem koncepcji, jak i wykonania.<\/span><\/p>\n<p>J\u0119zyk wizualny kolekcji Pointe to zupe\u0142nie nowa jako\u015b\u0107 w \u015bwiecie designu. Dzi\u0119ki unikalnej estetyce Karima Rashida, bran\u017ca wzbogaci\u0142a si\u0119 o kszta\u0142ty dot\u0105d niespotykane. Wanny i umywalki zw\u0119\u017caj\u0105ce si\u0119 ku g\u00f3rze na ca\u0142ym obwodzie to nowatorskie rozwi\u0105zanie, wymagaj\u0105ce perfekcji zar\u00f3wno pod wzgl\u0119dem koncepcji, jak i wykonania.<\/p>\n<\/div><\/div><\/section>\n\n<section class=\"square-boxes wp-block-group acf-block\">\n    <div class='wp-block-columns align-wide items-2'><div class='wp-block-column'><span class='wp-block-image title-position-'><span class='image' style='background-image:url(https:\/\/paabaths.com\/wp-content\/uploads\/2025\/03\/PAA-Washbasin-Pointe-design-flower-TOP-view-1500x1500px-750x750.jpg);'><\/span><span class='inner-wrap'><span class='inner'><h3><\/h3><\/span><\/span><\/span><\/div><div class='wp-block-column'><span class='wp-block-image title-position-'><span class='image' style='background-image:url(https:\/\/paabaths.com\/wp-content\/uploads\/2025\/03\/PAA-Baths-Pointe-design-flower-TOP-view-1500x1500px-750x750.jpg);'><\/span><span class='inner-wrap'><span class='inner'><h3><\/h3><\/span><\/span><\/span><\/div>    <\/div>\n<\/section>\n\n\n<section class=\"square-boxes wp-block-group acf-block\">\n    <div class='wp-block-columns align-wide items-2'><div class='wp-block-column'><a href='https:\/\/paabaths.com\/pl\/katalog\/umywalki\/pointe\/' class='wp-block-image title-position-top'><span class='image' style='background-image:url(https:\/\/paabaths.com\/wp-content\/uploads\/2025\/03\/PAA-product-link-images-Pointe-washbasin-PL-1-750x750.jpg);'><\/span><span class='inner-wrap'><span class='inner'><h3><\/h3><\/span><\/span><\/a><\/div><div class='wp-block-column'><a href='https:\/\/paabaths.com\/pl\/katalog\/wanny\/pointe\/' class='wp-block-image title-position-top'><span class='image' style='background-image:url(https:\/\/paabaths.com\/wp-content\/uploads\/2025\/03\/PAA-product-link-images-Pointe-bath-PL-1-750x750.jpg);'><\/span><span class='inner-wrap'><span class='inner'><h3><\/h3><\/span><\/span><\/a><\/div>    <\/div>\n<\/section>\n\n\n<section data-type='content-width' id='block-69d4f9e5b8641' class='full-width-cta wp-block-group acf-block alignwide '><style>#block-69d4f9e5b8641 .wp-block-image { height: 147px; } \r\n@media(max-width:1024px){ #block-69d4f9e5b8641 .wp-block-image { height: 147px; } }; \r\n@media(max-width:992px){ #block-69d4f9e5b8641 .wp-block-image { height: 147px; } }; \r\n@media(max-width:568px){ #block-69d4f9e5b8641 .wp-block-image { height: 147px; } }; \r\n<\/style><div class='image lazyload' data-background-image='https:\/\/paabaths.com\/wp-content\/uploads\/2025\/03\/PAAxKarim-logo-1000x147-1.jpg'><\/div><div class='fill-bg'><\/div><div class='wp-block alignwide'><div  class='wp-block-image title-position-'><span class='inner-wrap'><span class='inner t-a-b-2'><h3 class='underline-solid'><\/h3><\/span><\/span><\/div><\/div><\/section>\n\n<section data-type='full-width-auto-height' id='block-69d4f9e5b95b5' class='full-width-cta wp-block-group acf-block auto-height '><style>@media (min-width: 1500px) { #block-69d4f9e5b95b5.full-width-cta:not(.alignwide) { height: auto; padding-top: 0; }}#block-69d4f9e5b95b5 img { width: 100%; height: auto; } \r\n#block-69d4f9e5b95b5.full-width-cta .wp-block-image { height: 100%; } \r\n#block-69d4f9e5b95b5 .wp-block { position: absolute; width: 100%; top: 0; height: 100%; left: 50%; transform: translateX(-50%); } \r\n#block-69d4f9e5b95b5.full-width-cta .wp-block-image .inner-wrap { padding-top: 3%; padding-bottom: 3%; } \r\n<\/style><img class='lazyload' data-src='https:\/\/paabaths.com\/wp-content\/uploads\/2025\/03\/PAA-Designer-Karim-Rashid-portrait-2560x1270px.jpg' src=''><div class='wp-block alignwide'><div  class='wp-block-image title-position-'><span class='inner-wrap'><span class='inner t-a-b-2'><h3 class='underline-solid'><\/h3><\/span><\/span><\/div><\/div><\/section>\n\n<section class='page-content wp-block-group acf-block alignwide style-2 content-width'><div class='wp-block alignwide'><div class='content t-a-b-2'><p>Pointe Family by Karim Rashid<\/p>\n<\/div><\/div><\/section>\n\n\n<div class=\"wp-block-group alignwide\"><div class=\"wp-block-group__inner-container is-layout-constrained wp-block-group-is-layout-constrained\"><div class=\"wp-block-image\">\n<figure class=\"aligncenter size-large is-resized\"><a href=\"https:\/\/paabaths.com\/product-families\/pointe-family\"><img loading=\"lazy\" decoding=\"async\" src=\"https:\/\/paabaths.com\/wp-content\/uploads\/2025\/03\/PAA-Karim-Rashid-Pointe-design-sketch-e1742296929567.jpg\" alt=\"\" class=\"wp-image-71245\" width=\"780\" height=\"475\" srcset=\"https:\/\/paabaths.com\/wp-content\/uploads\/2025\/03\/PAA-Karim-Rashid-Pointe-design-sketch-e1742296929567.jpg 2560w, https:\/\/paabaths.com\/wp-content\/uploads\/2025\/03\/PAA-Karim-Rashid-Pointe-design-sketch-e1742296929567-750x456.jpg 750w, https:\/\/paabaths.com\/wp-content\/uploads\/2025\/03\/PAA-Karim-Rashid-Pointe-design-sketch-e1742296929567-1560x949.jpg 1560w, https:\/\/paabaths.com\/wp-content\/uploads\/2025\/03\/PAA-Karim-Rashid-Pointe-design-sketch-e1742296929567-2000x1216.jpg 2000w, https:\/\/paabaths.com\/wp-content\/uploads\/2025\/03\/PAA-Karim-Rashid-Pointe-design-sketch-e1742296929567-768x467.jpg 768w\" sizes=\"auto, (max-width: 780px) 100vw, 780px\" \/><\/a><\/figure><\/div><\/div><\/div>\n\n\n<section class='page-content wp-block-group acf-block alignwide style-1-1 content-width'><div class='wp-block alignwide'><div class='content t-a-b-2'><p style=\"text-align: center;\"><span style=\"font-family: Barlow Condensed; font-size: 28px;\"Wizjoner i p\u0142odny Karim Rashid jest jednym z najbardziej wyj\u0105tkowych g\u0142os\u00f3w w dzisiejszym projektowaniu. Unikaj\u0105c stylu na rzecz projektowania w modzie naszych czas\u00f3w, praca Karima obejmuje ponad 4000 projekt\u00f3w w produkcji, 400 nagr\u00f3d na swoim koncie i klient\u00f3w w 47 krajach. Jego klientami s\u0105 3M, Alessi, Artemide, BoConcept, Citibank, Hugo Boss, Issey Miyake, Kenzo, Method, NH, Radisson Hotels, Umbra, VeuveClicquot i Vondom. Liczne nagrody i wyr\u00f3\u017cnienia, w tym American Prize for DesignLifetime Achievement, Red Dot, Chicago Athenaeum Good Design i Pentaward, \u015bwiadcz\u0105 o wk\u0142adzie Karima w \u015bwiat projektowania.<\/span><\/p>\n<p>Wizjoner i p\u0142odny Karim Rashid jest jednym z najbardziej wyj\u0105tkowych g\u0142os\u00f3w w dzisiejszym projektowaniu. Unikaj\u0105c stylu na rzecz projektowania w modzie naszych czas\u00f3w, praca Karima obejmuje ponad 4000 projekt\u00f3w w produkcji, 400 nagr\u00f3d na swoim koncie i klient\u00f3w w 47 krajach. Jego klientami s\u0105 3M, Alessi, Artemide, BoConcept, Citibank, Hugo Boss, Issey Miyake, Kenzo, Method, NH, Radisson Hotels, Umbra, VeuveClicquot i Vondom. Liczne nagrody i wyr\u00f3\u017cnienia, w tym American Prize for DesignLifetime Achievement, Red Dot, Chicago Athenaeum Good Design i Pentaward, \u015bwiadcz\u0105 o wk\u0142adzie Karima w \u015bwiat projektowania<\/p>\n<\/div><\/div><\/section>\n\n\n<div class=\"wp-block-group alignwide\"><div class=\"wp-block-group__inner-container is-layout-constrained wp-block-group-is-layout-constrained\"><div class=\"wp-block-image\">\n<figure class=\"aligncenter size-large is-resized\"><img loading=\"lazy\" decoding=\"async\" src=\"https:\/\/paabaths.com\/wp-content\/uploads\/2025\/03\/PAA-Karim-Rashid-Pointe-design-sketch-v2-1-1560x1008.jpg\" alt=\"\" class=\"wp-image-71457\" width=\"780\" height=\"504\" srcset=\"https:\/\/paabaths.com\/wp-content\/uploads\/2025\/03\/PAA-Karim-Rashid-Pointe-design-sketch-v2-1-1560x1008.jpg 1560w, https:\/\/paabaths.com\/wp-content\/uploads\/2025\/03\/PAA-Karim-Rashid-Pointe-design-sketch-v2-1-750x485.jpg 750w, https:\/\/paabaths.com\/wp-content\/uploads\/2025\/03\/PAA-Karim-Rashid-Pointe-design-sketch-v2-1-2000x1292.jpg 2000w\" sizes=\"auto, (max-width: 780px) 100vw, 780px\" \/><\/figure><\/div><\/div><\/div>\n","protected":false},"excerpt":{"rendered":"","protected":false},"author":9,"featured_media":0,"parent":0,"menu_order":110,"comment_status":"closed","ping_status":"closed","template":"template-page-with-breadcrumbs.php","meta":{"_acf_changed":false,"inline_featured_image":false,"footnotes":""},"class_list":["post-71284","page","type-page","status-publish","hentry"],"acf":[],"yoast_head":"<!-- This site is optimized with the Yoast SEO plugin v26.1.1 - https:\/\/yoast.com\/wordpress\/plugins\/seo\/ -->\n<title>Pointe Rodzina-old - PAA<\/title>\n<meta name=\"description\" content=\"We make for a specific bathroom. According to the customer\u2019s specification. In Latvia. Handmade.\" \/>\n<meta name=\"robots\" content=\"index, follow, max-snippet:-1, max-image-preview:large, max-video-preview:-1\" \/>\n<link rel=\"canonical\" href=\"https:\/\/paabaths.com\/pl\/pointe-rodzina-old\/\" \/>\n<meta property=\"og:locale\" content=\"pl_PL\" \/>\n<meta property=\"og:type\" content=\"article\" \/>\n<meta property=\"og:title\" content=\"Pointe Rodzina-old - PAA\" \/>\n<meta property=\"og:description\" content=\"We make for a specific bathroom. According to the customer\u2019s specification. In Latvia. Handmade.\" \/>\n<meta property=\"og:url\" content=\"https:\/\/paabaths.com\/pl\/pointe-rodzina-old\/\" \/>\n<meta property=\"og:site_name\" content=\"PAA\" \/>\n<meta property=\"article:publisher\" content=\"https:\/\/www.facebook.com\/paabaths\/\" \/>\n<meta property=\"article:modified_time\" content=\"2026-03-17T13:38:37+00:00\" \/>\n<meta property=\"og:image\" content=\"https:\/\/paabaths.com\/wp-content\/uploads\/2025\/02\/PAA-baths-Pointe-interior-sample-2880x1350px.jpg\" \/>\n\t<meta property=\"og:image:width\" content=\"2880\" \/>\n\t<meta property=\"og:image:height\" content=\"1350\" \/>\n\t<meta property=\"og:image:type\" content=\"image\/jpeg\" \/>\n<meta name=\"twitter:card\" content=\"summary_large_image\" \/>\n<script type=\"application\/ld+json\" class=\"yoast-schema-graph\">{\"@context\":\"https:\/\/schema.org\",\"@graph\":[{\"@type\":\"WebPage\",\"@id\":\"https:\/\/paabaths.com\/pl\/pointe-rodzina-old\/\",\"url\":\"https:\/\/paabaths.com\/pl\/pointe-rodzina-old\/\",\"name\":\"Pointe Rodzina-old - PAA\",\"isPartOf\":{\"@id\":\"https:\/\/paabaths.com\/pl\/#website\"},\"primaryImageOfPage\":{\"@id\":\"https:\/\/paabaths.com\/pl\/pointe-rodzina-old\/#primaryimage\"},\"image\":{\"@id\":\"https:\/\/paabaths.com\/pl\/pointe-rodzina-old\/#primaryimage\"},\"thumbnailUrl\":\"https:\/\/paabaths.com\/wp-content\/uploads\/2025\/02\/PAA-baths-Pointe-interior-sample-2880x1350px-1560x731.jpg\",\"datePublished\":\"2025-03-17T08:18:27+00:00\",\"dateModified\":\"2026-03-17T13:38:37+00:00\",\"description\":\"We make for a specific bathroom. According to the customer\u2019s specification. In Latvia. Handmade.\",\"breadcrumb\":{\"@id\":\"https:\/\/paabaths.com\/pl\/pointe-rodzina-old\/#breadcrumb\"},\"inLanguage\":\"pl-PL\",\"potentialAction\":[{\"@type\":\"ReadAction\",\"target\":[\"https:\/\/paabaths.com\/pl\/pointe-rodzina-old\/\"]}]},{\"@type\":\"ImageObject\",\"inLanguage\":\"pl-PL\",\"@id\":\"https:\/\/paabaths.com\/pl\/pointe-rodzina-old\/#primaryimage\",\"url\":\"https:\/\/paabaths.com\/wp-content\/uploads\/2025\/02\/PAA-baths-Pointe-interior-sample-2880x1350px-1560x731.jpg\",\"contentUrl\":\"https:\/\/paabaths.com\/wp-content\/uploads\/2025\/02\/PAA-baths-Pointe-interior-sample-2880x1350px-1560x731.jpg\"},{\"@type\":\"BreadcrumbList\",\"@id\":\"https:\/\/paabaths.com\/pl\/pointe-rodzina-old\/#breadcrumb\",\"itemListElement\":[{\"@type\":\"ListItem\",\"position\":1,\"name\":\"Home\",\"item\":\"https:\/\/paabaths.com\/pl\/\"},{\"@type\":\"ListItem\",\"position\":2,\"name\":\"Pointe Rodzina-old\"}]},{\"@type\":\"WebSite\",\"@id\":\"https:\/\/paabaths.com\/pl\/#website\",\"url\":\"https:\/\/paabaths.com\/pl\/\",\"name\":\"PAA\",\"description\":\"This is PAA Ltd. brand site\",\"publisher\":{\"@id\":\"https:\/\/paabaths.com\/pl\/#organization\"},\"potentialAction\":[{\"@type\":\"SearchAction\",\"target\":{\"@type\":\"EntryPoint\",\"urlTemplate\":\"https:\/\/paabaths.com\/pl\/?s={search_term_string}\"},\"query-input\":{\"@type\":\"PropertyValueSpecification\",\"valueRequired\":true,\"valueName\":\"search_term_string\"}}],\"inLanguage\":\"pl-PL\"},{\"@type\":\"Organization\",\"@id\":\"https:\/\/paabaths.com\/pl\/#organization\",\"name\":\"PAA Baths\",\"url\":\"https:\/\/paabaths.com\/pl\/\",\"logo\":{\"@type\":\"ImageObject\",\"inLanguage\":\"pl-PL\",\"@id\":\"https:\/\/paabaths.com\/pl\/#\/schema\/logo\/image\/\",\"url\":\"https:\/\/paabaths.com\/wp-content\/uploads\/2023\/02\/84294546_179914056600038_3880533746851512320_n.jpeg\",\"contentUrl\":\"https:\/\/paabaths.com\/wp-content\/uploads\/2023\/02\/84294546_179914056600038_3880533746851512320_n.jpeg\",\"width\":320,\"height\":320,\"caption\":\"PAA Baths\"},\"image\":{\"@id\":\"https:\/\/paabaths.com\/pl\/#\/schema\/logo\/image\/\"},\"sameAs\":[\"https:\/\/www.facebook.com\/paabaths\/\",\"https:\/\/www.instagram.com\/paa_baths\"]}]}<\/script>\n<!-- \/ Yoast SEO plugin. -->","yoast_head_json":{"title":"Pointe Rodzina-old - PAA","description":"We make for a specific bathroom. According to the customer\u2019s specification. In Latvia. Handmade.","robots":{"index":"index","follow":"follow","max-snippet":"max-snippet:-1","max-image-preview":"max-image-preview:large","max-video-preview":"max-video-preview:-1"},"canonical":"https:\/\/paabaths.com\/pl\/pointe-rodzina-old\/","og_locale":"pl_PL","og_type":"article","og_title":"Pointe Rodzina-old - PAA","og_description":"We make for a specific bathroom. According to the customer\u2019s specification. In Latvia. Handmade.","og_url":"https:\/\/paabaths.com\/pl\/pointe-rodzina-old\/","og_site_name":"PAA","article_publisher":"https:\/\/www.facebook.com\/paabaths\/","article_modified_time":"2026-03-17T13:38:37+00:00","og_image":[{"width":2880,"height":1350,"url":"https:\/\/paabaths.com\/wp-content\/uploads\/2025\/02\/PAA-baths-Pointe-interior-sample-2880x1350px.jpg","type":"image\/jpeg"}],"twitter_card":"summary_large_image","schema":{"@context":"https:\/\/schema.org","@graph":[{"@type":"WebPage","@id":"https:\/\/paabaths.com\/pl\/pointe-rodzina-old\/","url":"https:\/\/paabaths.com\/pl\/pointe-rodzina-old\/","name":"Pointe Rodzina-old - PAA","isPartOf":{"@id":"https:\/\/paabaths.com\/pl\/#website"},"primaryImageOfPage":{"@id":"https:\/\/paabaths.com\/pl\/pointe-rodzina-old\/#primaryimage"},"image":{"@id":"https:\/\/paabaths.com\/pl\/pointe-rodzina-old\/#primaryimage"},"thumbnailUrl":"https:\/\/paabaths.com\/wp-content\/uploads\/2025\/02\/PAA-baths-Pointe-interior-sample-2880x1350px-1560x731.jpg","datePublished":"2025-03-17T08:18:27+00:00","dateModified":"2026-03-17T13:38:37+00:00","description":"We make for a specific bathroom. According to the customer\u2019s specification. In Latvia. Handmade.","breadcrumb":{"@id":"https:\/\/paabaths.com\/pl\/pointe-rodzina-old\/#breadcrumb"},"inLanguage":"pl-PL","potentialAction":[{"@type":"ReadAction","target":["https:\/\/paabaths.com\/pl\/pointe-rodzina-old\/"]}]},{"@type":"ImageObject","inLanguage":"pl-PL","@id":"https:\/\/paabaths.com\/pl\/pointe-rodzina-old\/#primaryimage","url":"https:\/\/paabaths.com\/wp-content\/uploads\/2025\/02\/PAA-baths-Pointe-interior-sample-2880x1350px-1560x731.jpg","contentUrl":"https:\/\/paabaths.com\/wp-content\/uploads\/2025\/02\/PAA-baths-Pointe-interior-sample-2880x1350px-1560x731.jpg"},{"@type":"BreadcrumbList","@id":"https:\/\/paabaths.com\/pl\/pointe-rodzina-old\/#breadcrumb","itemListElement":[{"@type":"ListItem","position":1,"name":"Home","item":"https:\/\/paabaths.com\/pl\/"},{"@type":"ListItem","position":2,"name":"Pointe Rodzina-old"}]},{"@type":"WebSite","@id":"https:\/\/paabaths.com\/pl\/#website","url":"https:\/\/paabaths.com\/pl\/","name":"PAA","description":"This is PAA Ltd. brand site","publisher":{"@id":"https:\/\/paabaths.com\/pl\/#organization"},"potentialAction":[{"@type":"SearchAction","target":{"@type":"EntryPoint","urlTemplate":"https:\/\/paabaths.com\/pl\/?s={search_term_string}"},"query-input":{"@type":"PropertyValueSpecification","valueRequired":true,"valueName":"search_term_string"}}],"inLanguage":"pl-PL"},{"@type":"Organization","@id":"https:\/\/paabaths.com\/pl\/#organization","name":"PAA Baths","url":"https:\/\/paabaths.com\/pl\/","logo":{"@type":"ImageObject","inLanguage":"pl-PL","@id":"https:\/\/paabaths.com\/pl\/#\/schema\/logo\/image\/","url":"https:\/\/paabaths.com\/wp-content\/uploads\/2023\/02\/84294546_179914056600038_3880533746851512320_n.jpeg","contentUrl":"https:\/\/paabaths.com\/wp-content\/uploads\/2023\/02\/84294546_179914056600038_3880533746851512320_n.jpeg","width":320,"height":320,"caption":"PAA Baths"},"image":{"@id":"https:\/\/paabaths.com\/pl\/#\/schema\/logo\/image\/"},"sameAs":["https:\/\/www.facebook.com\/paabaths\/","https:\/\/www.instagram.com\/paa_baths"]}]}},"_links":{"self":[{"href":"https:\/\/paabaths.com\/pl\/wp-json\/wp\/v2\/pages\/71284","targetHints":{"allow":["GET"]}}],"collection":[{"href":"https:\/\/paabaths.com\/pl\/wp-json\/wp\/v2\/pages"}],"about":[{"href":"https:\/\/paabaths.com\/pl\/wp-json\/wp\/v2\/types\/page"}],"author":[{"embeddable":true,"href":"https:\/\/paabaths.com\/pl\/wp-json\/wp\/v2\/users\/9"}],"replies":[{"embeddable":true,"href":"https:\/\/paabaths.com\/pl\/wp-json\/wp\/v2\/comments?post=71284"}],"version-history":[{"count":54,"href":"https:\/\/paabaths.com\/pl\/wp-json\/wp\/v2\/pages\/71284\/revisions"}],"predecessor-version":[{"id":97242,"href":"https:\/\/paabaths.com\/pl\/wp-json\/wp\/v2\/pages\/71284\/revisions\/97242"}],"wp:attachment":[{"href":"https:\/\/paabaths.com\/pl\/wp-json\/wp\/v2\/media?parent=71284"}],"curies":[{"name":"wp","href":"https:\/\/api.w.org\/{rel}","templated":true}]}}