{"id":58166,"date":"2021-04-07T04:47:38","date_gmt":"2021-04-07T04:47:38","guid":{"rendered":"https:\/\/paabaths.com\/care-instructions\/"},"modified":"2023-11-03T12:08:26","modified_gmt":"2023-11-03T10:08:26","slug":"instrukcje-opieki","status":"publish","type":"page","link":"https:\/\/paabaths.com\/pl\/instrukcje-opieki\/","title":{"rendered":"Instrukcje opieki"},"content":{"rendered":"<section class='page-title wp-block-group acf-block position-center  has-h1' ><div class='wp-block alignwide'><h1 class='t-a-b-2'>Instrukcje opieki<\/h1><\/div><\/section>\n\n<section class='page-description wp-block-group acf-block alignwide'><div class='wp-block alignwide'><div class='description t-a-b-2'><p>Ka\u017cdy materia\u0142, ze wzgl\u0119du na swoj\u0105 charakterystyk\u0119, wymaga innego traktowania. Troszcz\u0105c si\u0119 o przedmioty, b\u0119d\u0105 one s\u0142u\u017cy\u0107 Tobie przez wiele lat.<\/p>\n<\/div><\/div><\/section>\n\n<section class='care-instructions wp-block-group acf-block items-3'><div class='wp-block alignwide'><div class='inner'><div class='list clearfix'><div class=\"item mh\">\n    <a href=\"https:\/\/paabaths.com\/pl\/instrukcje opieki\/graphite\/\">\n        <span class=\"inner t-a-b-2\">\n            <span class=\"image-wrap\">\n                <span class=\"image lazyload\" data-background-image=\"https:\/\/paabaths.com\/wp-content\/uploads\/2022\/04\/PAA_Materialite_Graphite_1560x1224.jpg\" style=\"\" aria-label=\"PAA_Materialite_Graphite_1560x1224\"><\/span>\n            <\/span>\n            <h3 class=\"\">Graphite<\/h3>\n        <\/span>\n    <\/a>\n<\/div><div class=\"item mh\">\n    <a href=\"https:\/\/paabaths.com\/pl\/instrukcje opieki\/cast-stone\/\">\n        <span class=\"inner t-a-b-2\">\n            <span class=\"image-wrap\">\n                <span class=\"image lazyload\" data-background-image=\"https:\/\/paabaths.com\/wp-content\/uploads\/2021\/07\/PAA_Materialite_CastStone_1560x1224.jpg\" style=\"\" aria-label=\"PAA_Materialite_CastStone_1560x1224\"><\/span>\n            <\/span>\n            <h3 class=\"\">Cast Stone<\/h3>\n        <\/span>\n    <\/a>\n<\/div><div class=\"item mh\">\n    <a href=\"https:\/\/paabaths.com\/pl\/instrukcje opieki\/silkstone\/\">\n        <span class=\"inner t-a-b-2\">\n            <span class=\"image-wrap\">\n                <span class=\"image lazyload\" data-background-image=\"https:\/\/paabaths.com\/wp-content\/uploads\/2021\/06\/care-instructions-silkstone.jpg\" style=\"\" aria-label=\"care-instructions-silkstone\"><\/span>\n            <\/span>\n            <h3 class=\"\">Silkstone<\/h3>\n        <\/span>\n    <\/a>\n<\/div><\/div><\/div><\/div><\/section>","protected":false},"excerpt":{"rendered":"","protected":false},"author":1,"featured_media":0,"parent":0,"menu_order":69,"comment_status":"closed","ping_status":"closed","template":"template-page-with-breadcrumbs.php","meta":{"_acf_changed":false,"inline_featured_image":false,"footnotes":""},"class_list":["post-58166","page","type-page","status-publish","hentry"],"acf":[],"yoast_head":"<!-- This site is optimized with the Yoast SEO plugin v26.1.1 - https:\/\/yoast.com\/wordpress\/plugins\/seo\/ -->\n<title>Instrukcje opieki - PAA<\/title>\n<meta name=\"robots\" content=\"index, follow, max-snippet:-1, max-image-preview:large, max-video-preview:-1\" \/>\n<link rel=\"canonical\" href=\"https:\/\/paabaths.com\/pl\/instrukcje-opieki\/\" \/>\n<meta property=\"og:locale\" content=\"pl_PL\" \/>\n<meta property=\"og:type\" content=\"article\" \/>\n<meta property=\"og:title\" content=\"Instrukcje opieki - PAA\" \/>\n<meta property=\"og:url\" content=\"https:\/\/paabaths.com\/pl\/instrukcje-opieki\/\" \/>\n<meta property=\"og:site_name\" content=\"PAA\" \/>\n<meta property=\"article:publisher\" content=\"https:\/\/www.facebook.com\/paabaths\/\" \/>\n<meta property=\"article:modified_time\" content=\"2023-11-03T10:08:26+00:00\" \/>\n<meta property=\"og:image\" content=\"https:\/\/paabaths.com\/wp-content\/uploads\/2025\/09\/PAA-baths-title2560x1500px.jpg\" \/>\n\t<meta property=\"og:image:width\" content=\"2560\" \/>\n\t<meta property=\"og:image:height\" content=\"1500\" \/>\n\t<meta property=\"og:image:type\" content=\"image\/jpeg\" \/>\n<meta name=\"twitter:card\" content=\"summary_large_image\" \/>\n<script type=\"application\/ld+json\" class=\"yoast-schema-graph\">{\"@context\":\"https:\/\/schema.org\",\"@graph\":[{\"@type\":\"WebPage\",\"@id\":\"https:\/\/paabaths.com\/pl\/instrukcje-opieki\/\",\"url\":\"https:\/\/paabaths.com\/pl\/instrukcje-opieki\/\",\"name\":\"Instrukcje opieki - PAA\",\"isPartOf\":{\"@id\":\"https:\/\/paabaths.com\/pl\/#website\"},\"datePublished\":\"2021-04-07T04:47:38+00:00\",\"dateModified\":\"2023-11-03T10:08:26+00:00\",\"breadcrumb\":{\"@id\":\"https:\/\/paabaths.com\/pl\/instrukcje-opieki\/#breadcrumb\"},\"inLanguage\":\"pl-PL\",\"potentialAction\":[{\"@type\":\"ReadAction\",\"target\":[\"https:\/\/paabaths.com\/pl\/instrukcje-opieki\/\"]}]},{\"@type\":\"BreadcrumbList\",\"@id\":\"https:\/\/paabaths.com\/pl\/instrukcje-opieki\/#breadcrumb\",\"itemListElement\":[{\"@type\":\"ListItem\",\"position\":1,\"name\":\"Home\",\"item\":\"https:\/\/paabaths.com\/pl\/\"},{\"@type\":\"ListItem\",\"position\":2,\"name\":\"Instrukcje opieki\"}]},{\"@type\":\"WebSite\",\"@id\":\"https:\/\/paabaths.com\/pl\/#website\",\"url\":\"https:\/\/paabaths.com\/pl\/\",\"name\":\"PAA\",\"description\":\"This is PAA Ltd. brand site\",\"publisher\":{\"@id\":\"https:\/\/paabaths.com\/pl\/#organization\"},\"potentialAction\":[{\"@type\":\"SearchAction\",\"target\":{\"@type\":\"EntryPoint\",\"urlTemplate\":\"https:\/\/paabaths.com\/pl\/?s={search_term_string}\"},\"query-input\":{\"@type\":\"PropertyValueSpecification\",\"valueRequired\":true,\"valueName\":\"search_term_string\"}}],\"inLanguage\":\"pl-PL\"},{\"@type\":\"Organization\",\"@id\":\"https:\/\/paabaths.com\/pl\/#organization\",\"name\":\"PAA Baths\",\"url\":\"https:\/\/paabaths.com\/pl\/\",\"logo\":{\"@type\":\"ImageObject\",\"inLanguage\":\"pl-PL\",\"@id\":\"https:\/\/paabaths.com\/pl\/#\/schema\/logo\/image\/\",\"url\":\"https:\/\/paabaths.com\/wp-content\/uploads\/2023\/02\/84294546_179914056600038_3880533746851512320_n.jpeg\",\"contentUrl\":\"https:\/\/paabaths.com\/wp-content\/uploads\/2023\/02\/84294546_179914056600038_3880533746851512320_n.jpeg\",\"width\":320,\"height\":320,\"caption\":\"PAA Baths\"},\"image\":{\"@id\":\"https:\/\/paabaths.com\/pl\/#\/schema\/logo\/image\/\"},\"sameAs\":[\"https:\/\/www.facebook.com\/paabaths\/\",\"https:\/\/www.instagram.com\/paa_baths\"]}]}<\/script>\n<!-- \/ Yoast SEO plugin. -->","yoast_head_json":{"title":"Instrukcje opieki - PAA","robots":{"index":"index","follow":"follow","max-snippet":"max-snippet:-1","max-image-preview":"max-image-preview:large","max-video-preview":"max-video-preview:-1"},"canonical":"https:\/\/paabaths.com\/pl\/instrukcje-opieki\/","og_locale":"pl_PL","og_type":"article","og_title":"Instrukcje opieki - PAA","og_url":"https:\/\/paabaths.com\/pl\/instrukcje-opieki\/","og_site_name":"PAA","article_publisher":"https:\/\/www.facebook.com\/paabaths\/","article_modified_time":"2023-11-03T10:08:26+00:00","og_image":[{"width":2560,"height":1500,"url":"https:\/\/paabaths.com\/wp-content\/uploads\/2025\/09\/PAA-baths-title2560x1500px.jpg","type":"image\/jpeg"}],"twitter_card":"summary_large_image","schema":{"@context":"https:\/\/schema.org","@graph":[{"@type":"WebPage","@id":"https:\/\/paabaths.com\/pl\/instrukcje-opieki\/","url":"https:\/\/paabaths.com\/pl\/instrukcje-opieki\/","name":"Instrukcje opieki - PAA","isPartOf":{"@id":"https:\/\/paabaths.com\/pl\/#website"},"datePublished":"2021-04-07T04:47:38+00:00","dateModified":"2023-11-03T10:08:26+00:00","breadcrumb":{"@id":"https:\/\/paabaths.com\/pl\/instrukcje-opieki\/#breadcrumb"},"inLanguage":"pl-PL","potentialAction":[{"@type":"ReadAction","target":["https:\/\/paabaths.com\/pl\/instrukcje-opieki\/"]}]},{"@type":"BreadcrumbList","@id":"https:\/\/paabaths.com\/pl\/instrukcje-opieki\/#breadcrumb","itemListElement":[{"@type":"ListItem","position":1,"name":"Home","item":"https:\/\/paabaths.com\/pl\/"},{"@type":"ListItem","position":2,"name":"Instrukcje opieki"}]},{"@type":"WebSite","@id":"https:\/\/paabaths.com\/pl\/#website","url":"https:\/\/paabaths.com\/pl\/","name":"PAA","description":"This is PAA Ltd. brand site","publisher":{"@id":"https:\/\/paabaths.com\/pl\/#organization"},"potentialAction":[{"@type":"SearchAction","target":{"@type":"EntryPoint","urlTemplate":"https:\/\/paabaths.com\/pl\/?s={search_term_string}"},"query-input":{"@type":"PropertyValueSpecification","valueRequired":true,"valueName":"search_term_string"}}],"inLanguage":"pl-PL"},{"@type":"Organization","@id":"https:\/\/paabaths.com\/pl\/#organization","name":"PAA Baths","url":"https:\/\/paabaths.com\/pl\/","logo":{"@type":"ImageObject","inLanguage":"pl-PL","@id":"https:\/\/paabaths.com\/pl\/#\/schema\/logo\/image\/","url":"https:\/\/paabaths.com\/wp-content\/uploads\/2023\/02\/84294546_179914056600038_3880533746851512320_n.jpeg","contentUrl":"https:\/\/paabaths.com\/wp-content\/uploads\/2023\/02\/84294546_179914056600038_3880533746851512320_n.jpeg","width":320,"height":320,"caption":"PAA Baths"},"image":{"@id":"https:\/\/paabaths.com\/pl\/#\/schema\/logo\/image\/"},"sameAs":["https:\/\/www.facebook.com\/paabaths\/","https:\/\/www.instagram.com\/paa_baths"]}]}},"_links":{"self":[{"href":"https:\/\/paabaths.com\/pl\/wp-json\/wp\/v2\/pages\/58166","targetHints":{"allow":["GET"]}}],"collection":[{"href":"https:\/\/paabaths.com\/pl\/wp-json\/wp\/v2\/pages"}],"about":[{"href":"https:\/\/paabaths.com\/pl\/wp-json\/wp\/v2\/types\/page"}],"author":[{"embeddable":true,"href":"https:\/\/paabaths.com\/pl\/wp-json\/wp\/v2\/users\/1"}],"replies":[{"embeddable":true,"href":"https:\/\/paabaths.com\/pl\/wp-json\/wp\/v2\/comments?post=58166"}],"version-history":[{"count":4,"href":"https:\/\/paabaths.com\/pl\/wp-json\/wp\/v2\/pages\/58166\/revisions"}],"predecessor-version":[{"id":58582,"href":"https:\/\/paabaths.com\/pl\/wp-json\/wp\/v2\/pages\/58166\/revisions\/58582"}],"wp:attachment":[{"href":"https:\/\/paabaths.com\/pl\/wp-json\/wp\/v2\/media?parent=58166"}],"curies":[{"name":"wp","href":"https:\/\/api.w.org\/{rel}","templated":true}]}}