{"id":58162,"date":"2021-04-07T04:44:59","date_gmt":"2021-04-07T01:44:59","guid":{"rendered":"https:\/\/paabaths.com\/us\/story\/"},"modified":"2023-11-06T11:13:57","modified_gmt":"2023-11-06T09:13:57","slug":"fabula","status":"publish","type":"page","link":"https:\/\/paabaths.com\/pl\/us\/fabula\/","title":{"rendered":"Fabu\u0142a"},"content":{"rendered":"<section class='page-title wp-block-group acf-block position-center  has-h1' ><div class='wp-block alignwide'><h1 class='t-a-b-2'>Zajmujemy si\u0119 produkcj\u0105 wanien.<\/h1><\/div><\/section>\n\n<section class='page-description wp-block-group acf-block alignwide'><div class='wp-block alignwide'><div class='description t-a-b-2'><p>Od 1993 r. na \u0141otwie. R\u0119cznie wyko\u0144czone.<\/p>\n<\/div><\/div><\/section>\n\n<section data-type='full-width' id='block-69dcc3cec3527' class='full-width-cta wp-block-group acf-block alignfull font-color-white'><style>#block-69dcc3cec3527 .wp-block-image { height: 810px; } \r\n@media(max-width:1024px){ #block-69dcc3cec3527 .wp-block-image { height: 450px; } }; \r\n@media(max-width:992px){ #block-69dcc3cec3527 .wp-block-image { height: 450px; } }; \r\n@media(max-width:568px){ #block-69dcc3cec3527 .wp-block-image { height: 270px; } }; \r\n<\/style><div class='image lazyload' data-background-image='https:\/\/paabaths.com\/wp-content\/uploads\/2022\/06\/PAA_kolektivs_07-20_2560x1441px.jpg'><\/div><div class='fill-bg'><\/div><div class='wp-block alignwide'><div  class='wp-block-image title-position-bottom'><span class='inner-wrap'><span class='inner t-a-b-2'><h3 class='underline-solid'><\/h3><\/span><\/span><\/div><\/div><\/section>\n\n<section class='page-content wp-block-group acf-block alignwide style-1 content-width'><div class='wp-block alignwide'><div class='content t-a-b-2'><p>PAA zosta\u0142o za\u0142o\u017cone przez trzech przyjaci\u00f3\u0142 \u2013 fizyka, lekarza i stolarza. Po\u0142\u0105czyli swoj\u0105 wiedz\u0119 i indywidualne mocne strony, aby stworzy\u0107 swoj\u0105 pierwsz\u0105 wann\u0119.<\/p>\n<p>Przez lata PAA inwestowa\u0142a w doskona\u0142e rzemios\u0142o i innowacyjne technologie produkcji, aby tworzy\u0107 coraz bardziej eleganckie, trwa\u0142e i kreatywne wanny i umywalki, kt\u00f3re wpisuj\u0105 si\u0119 w najnowsze trendy wzornicze.<\/p>\n<p>Naszym celem jest kontynuowanie tej tradycji i dostarczanie wy\u0142\u0105cznie najlepszych produkt\u00f3w naszym profesjonalnym partnerom, projektantom i klientom, kt\u00f3rzy oczekuj\u0105 tylko tego, co najlepsze.<\/p>\n<\/div><\/div><\/section>\n\n<section class=\"square-boxes wp-block-group acf-block\">\n    <div class='wp-block-columns align-wide items-2'><div class='wp-block-column'><span class='wp-block-image title-position-'><span class='image' style='background-image:url(https:\/\/paabaths.com\/wp-content\/uploads\/2021\/06\/creating-bath-1-750x750.jpg);'><\/span><span class='inner-wrap'><span class='inner'><h3><\/h3><\/span><\/span><\/span><\/div><div class='wp-block-column'><span class='wp-block-image title-position-top'><span class='image' style='background-image:url(https:\/\/paabaths.com\/wp-content\/uploads\/2022\/09\/rocina-750x750.jpg);'><\/span><span class='inner-wrap'><span class='inner'><h3><\/h3><\/span><\/span><\/span><\/div>    <\/div>\n<\/section>\n\n\n<section data-type='' id='block-69dcc3cec8665' class='full-width-cta wp-block-group acf-block alignwide '><style>#block-69dcc3cec8665 .wp-block-image { height: 615px; } \r\n@media(max-width:1024px){ #block-69dcc3cec8665 .wp-block-image { height: 435px; } }; \r\n@media(max-width:992px){ #block-69dcc3cec8665 .wp-block-image { height: 400px; } }; \r\n@media(max-width:568px){ #block-69dcc3cec8665 .wp-block-image { height: 270px; } }; \r\n<\/style><div class='image lazyload' data-background-image='https:\/\/paabaths.com\/wp-content\/uploads\/2021\/06\/creating-bath-3-1560x968.jpg'><\/div><div class='fill-bg'><\/div><div class='wp-block alignwide'><div  class='wp-block-image title-position-'><span class='inner-wrap'><span class='inner t-a-b-2'><h3 class='underline-solid'><\/h3><\/span><\/span><\/div><\/div><\/section>\n\n<section class=\"square-boxes wp-block-group acf-block\">\n    <div class='wp-block-columns align-wide items-2'><div class='wp-block-column'><span class='wp-block-image title-position-'><span class='image' style='background-image:url(https:\/\/paabaths.com\/wp-content\/uploads\/2021\/06\/creating-bath-4-750x750.jpg);'><\/span><span class='inner-wrap'><span class='inner'><h3><\/h3><\/span><\/span><\/span><\/div><div class='wp-block-column'><span class='wp-block-image title-position-'><span class='image' style='background-image:url(https:\/\/paabaths.com\/wp-content\/uploads\/2021\/06\/creating-bath-5-750x750.jpg);'><\/span><span class='inner-wrap'><span class='inner'><h3><\/h3><\/span><\/span><\/span><\/div>    <\/div>\n<\/section>\n\n\n<section class=\"square-boxes wp-block-group acf-block\">\n    <div class='wp-block-columns align-wide items-2'><div class='wp-block-column'><a href='https:\/\/paabaths.com\/pl\/materialy\/' class='wp-block-image title-position-center'><span class='image' style='background-image:url(https:\/\/paabaths.com\/wp-content\/uploads\/2021\/06\/creating-bath-7-750x750.jpg);'><\/span><span class='inner-wrap'><span class='inner'><h3>Materia\u0142y<\/h3><\/span><\/span><\/a><\/div><div class='wp-block-column'><a href='https:\/\/paabaths.com\/pl\/katalog\/wanny\/?pa_color=graphite-pl' class='wp-block-image title-position-center'><span class='image' style='background-image:url(https:\/\/paabaths.com\/wp-content\/uploads\/2021\/06\/silkstone-collection-4-750x750.jpg);'><\/span><span class='inner-wrap'><span class='inner'><h3>Wanny Graphite<\/h3><\/span><\/span><\/a><\/div>    <\/div>\n<\/section>\n","protected":false},"excerpt":{"rendered":"","protected":false},"author":1,"featured_media":0,"parent":58159,"menu_order":0,"comment_status":"closed","ping_status":"closed","template":"template-page-with-breadcrumbs.php","meta":{"_acf_changed":false,"inline_featured_image":false,"footnotes":""},"class_list":["post-58162","page","type-page","status-publish","hentry"],"acf":[],"yoast_head":"<!-- This site is optimized with the Yoast SEO plugin v26.1.1 - https:\/\/yoast.com\/wordpress\/plugins\/seo\/ -->\n<title>Fabu\u0142a - PAA<\/title>\n<meta name=\"description\" content=\"We manufacture bathtubs. Since 1993. In Latvia. Hand-finished.\" \/>\n<meta name=\"robots\" content=\"index, follow, max-snippet:-1, max-image-preview:large, max-video-preview:-1\" \/>\n<link rel=\"canonical\" href=\"https:\/\/paabaths.com\/pl\/us\/fabula\/\" \/>\n<meta property=\"og:locale\" content=\"pl_PL\" \/>\n<meta property=\"og:type\" content=\"article\" \/>\n<meta property=\"og:title\" content=\"Fabu\u0142a - PAA\" \/>\n<meta property=\"og:description\" content=\"We manufacture bathtubs. Since 1993. In Latvia. Hand-finished.\" \/>\n<meta property=\"og:url\" content=\"https:\/\/paabaths.com\/pl\/us\/fabula\/\" \/>\n<meta property=\"og:site_name\" content=\"PAA\" \/>\n<meta property=\"article:publisher\" content=\"https:\/\/www.facebook.com\/paabaths\/\" \/>\n<meta property=\"article:modified_time\" content=\"2023-11-06T09:13:57+00:00\" \/>\n<meta property=\"og:image\" content=\"https:\/\/paabaths.com\/wp-content\/uploads\/2025\/09\/PAA-baths-title2560x1500px.jpg\" \/>\n\t<meta property=\"og:image:width\" content=\"2560\" \/>\n\t<meta property=\"og:image:height\" content=\"1500\" \/>\n\t<meta property=\"og:image:type\" content=\"image\/jpeg\" \/>\n<meta name=\"twitter:card\" content=\"summary_large_image\" \/>\n<script type=\"application\/ld+json\" class=\"yoast-schema-graph\">{\"@context\":\"https:\/\/schema.org\",\"@graph\":[{\"@type\":\"WebPage\",\"@id\":\"https:\/\/paabaths.com\/pl\/us\/fabula\/\",\"url\":\"https:\/\/paabaths.com\/pl\/us\/fabula\/\",\"name\":\"Fabu\u0142a - PAA\",\"isPartOf\":{\"@id\":\"https:\/\/paabaths.com\/pl\/#website\"},\"datePublished\":\"2021-04-07T01:44:59+00:00\",\"dateModified\":\"2023-11-06T09:13:57+00:00\",\"description\":\"We manufacture bathtubs. Since 1993. In Latvia. Hand-finished.\",\"breadcrumb\":{\"@id\":\"https:\/\/paabaths.com\/pl\/us\/fabula\/#breadcrumb\"},\"inLanguage\":\"pl-PL\",\"potentialAction\":[{\"@type\":\"ReadAction\",\"target\":[\"https:\/\/paabaths.com\/pl\/us\/fabula\/\"]}]},{\"@type\":\"BreadcrumbList\",\"@id\":\"https:\/\/paabaths.com\/pl\/us\/fabula\/#breadcrumb\",\"itemListElement\":[{\"@type\":\"ListItem\",\"position\":1,\"name\":\"Home\",\"item\":\"https:\/\/paabaths.com\/pl\/\"},{\"@type\":\"ListItem\",\"position\":2,\"name\":\"O nas\",\"item\":\"https:\/\/paabaths.com\/pl\/mes\/\"},{\"@type\":\"ListItem\",\"position\":3,\"name\":\"Fabu\u0142a\"}]},{\"@type\":\"WebSite\",\"@id\":\"https:\/\/paabaths.com\/pl\/#website\",\"url\":\"https:\/\/paabaths.com\/pl\/\",\"name\":\"PAA\",\"description\":\"This is PAA Ltd. brand site\",\"publisher\":{\"@id\":\"https:\/\/paabaths.com\/pl\/#organization\"},\"potentialAction\":[{\"@type\":\"SearchAction\",\"target\":{\"@type\":\"EntryPoint\",\"urlTemplate\":\"https:\/\/paabaths.com\/pl\/?s={search_term_string}\"},\"query-input\":{\"@type\":\"PropertyValueSpecification\",\"valueRequired\":true,\"valueName\":\"search_term_string\"}}],\"inLanguage\":\"pl-PL\"},{\"@type\":\"Organization\",\"@id\":\"https:\/\/paabaths.com\/pl\/#organization\",\"name\":\"PAA Baths\",\"url\":\"https:\/\/paabaths.com\/pl\/\",\"logo\":{\"@type\":\"ImageObject\",\"inLanguage\":\"pl-PL\",\"@id\":\"https:\/\/paabaths.com\/pl\/#\/schema\/logo\/image\/\",\"url\":\"https:\/\/paabaths.com\/wp-content\/uploads\/2023\/02\/84294546_179914056600038_3880533746851512320_n.jpeg\",\"contentUrl\":\"https:\/\/paabaths.com\/wp-content\/uploads\/2023\/02\/84294546_179914056600038_3880533746851512320_n.jpeg\",\"width\":320,\"height\":320,\"caption\":\"PAA Baths\"},\"image\":{\"@id\":\"https:\/\/paabaths.com\/pl\/#\/schema\/logo\/image\/\"},\"sameAs\":[\"https:\/\/www.facebook.com\/paabaths\/\",\"https:\/\/www.instagram.com\/paa_baths\"]}]}<\/script>\n<!-- \/ Yoast SEO plugin. -->","yoast_head_json":{"title":"Fabu\u0142a - PAA","description":"We manufacture bathtubs. Since 1993. In Latvia. Hand-finished.","robots":{"index":"index","follow":"follow","max-snippet":"max-snippet:-1","max-image-preview":"max-image-preview:large","max-video-preview":"max-video-preview:-1"},"canonical":"https:\/\/paabaths.com\/pl\/us\/fabula\/","og_locale":"pl_PL","og_type":"article","og_title":"Fabu\u0142a - PAA","og_description":"We manufacture bathtubs. Since 1993. In Latvia. Hand-finished.","og_url":"https:\/\/paabaths.com\/pl\/us\/fabula\/","og_site_name":"PAA","article_publisher":"https:\/\/www.facebook.com\/paabaths\/","article_modified_time":"2023-11-06T09:13:57+00:00","og_image":[{"width":2560,"height":1500,"url":"https:\/\/paabaths.com\/wp-content\/uploads\/2025\/09\/PAA-baths-title2560x1500px.jpg","type":"image\/jpeg"}],"twitter_card":"summary_large_image","schema":{"@context":"https:\/\/schema.org","@graph":[{"@type":"WebPage","@id":"https:\/\/paabaths.com\/pl\/us\/fabula\/","url":"https:\/\/paabaths.com\/pl\/us\/fabula\/","name":"Fabu\u0142a - PAA","isPartOf":{"@id":"https:\/\/paabaths.com\/pl\/#website"},"datePublished":"2021-04-07T01:44:59+00:00","dateModified":"2023-11-06T09:13:57+00:00","description":"We manufacture bathtubs. Since 1993. In Latvia. Hand-finished.","breadcrumb":{"@id":"https:\/\/paabaths.com\/pl\/us\/fabula\/#breadcrumb"},"inLanguage":"pl-PL","potentialAction":[{"@type":"ReadAction","target":["https:\/\/paabaths.com\/pl\/us\/fabula\/"]}]},{"@type":"BreadcrumbList","@id":"https:\/\/paabaths.com\/pl\/us\/fabula\/#breadcrumb","itemListElement":[{"@type":"ListItem","position":1,"name":"Home","item":"https:\/\/paabaths.com\/pl\/"},{"@type":"ListItem","position":2,"name":"O nas","item":"https:\/\/paabaths.com\/pl\/mes\/"},{"@type":"ListItem","position":3,"name":"Fabu\u0142a"}]},{"@type":"WebSite","@id":"https:\/\/paabaths.com\/pl\/#website","url":"https:\/\/paabaths.com\/pl\/","name":"PAA","description":"This is PAA Ltd. brand site","publisher":{"@id":"https:\/\/paabaths.com\/pl\/#organization"},"potentialAction":[{"@type":"SearchAction","target":{"@type":"EntryPoint","urlTemplate":"https:\/\/paabaths.com\/pl\/?s={search_term_string}"},"query-input":{"@type":"PropertyValueSpecification","valueRequired":true,"valueName":"search_term_string"}}],"inLanguage":"pl-PL"},{"@type":"Organization","@id":"https:\/\/paabaths.com\/pl\/#organization","name":"PAA Baths","url":"https:\/\/paabaths.com\/pl\/","logo":{"@type":"ImageObject","inLanguage":"pl-PL","@id":"https:\/\/paabaths.com\/pl\/#\/schema\/logo\/image\/","url":"https:\/\/paabaths.com\/wp-content\/uploads\/2023\/02\/84294546_179914056600038_3880533746851512320_n.jpeg","contentUrl":"https:\/\/paabaths.com\/wp-content\/uploads\/2023\/02\/84294546_179914056600038_3880533746851512320_n.jpeg","width":320,"height":320,"caption":"PAA Baths"},"image":{"@id":"https:\/\/paabaths.com\/pl\/#\/schema\/logo\/image\/"},"sameAs":["https:\/\/www.facebook.com\/paabaths\/","https:\/\/www.instagram.com\/paa_baths"]}]}},"_links":{"self":[{"href":"https:\/\/paabaths.com\/pl\/wp-json\/wp\/v2\/pages\/58162","targetHints":{"allow":["GET"]}}],"collection":[{"href":"https:\/\/paabaths.com\/pl\/wp-json\/wp\/v2\/pages"}],"about":[{"href":"https:\/\/paabaths.com\/pl\/wp-json\/wp\/v2\/types\/page"}],"author":[{"embeddable":true,"href":"https:\/\/paabaths.com\/pl\/wp-json\/wp\/v2\/users\/1"}],"replies":[{"embeddable":true,"href":"https:\/\/paabaths.com\/pl\/wp-json\/wp\/v2\/comments?post=58162"}],"version-history":[{"count":3,"href":"https:\/\/paabaths.com\/pl\/wp-json\/wp\/v2\/pages\/58162\/revisions"}],"predecessor-version":[{"id":90780,"href":"https:\/\/paabaths.com\/pl\/wp-json\/wp\/v2\/pages\/58162\/revisions\/90780"}],"up":[{"embeddable":true,"href":"https:\/\/paabaths.com\/pl\/wp-json\/wp\/v2\/pages\/58159"}],"wp:attachment":[{"href":"https:\/\/paabaths.com\/pl\/wp-json\/wp\/v2\/media?parent=58162"}],"curies":[{"name":"wp","href":"https:\/\/api.w.org\/{rel}","templated":true}]}}