{"id":7248,"date":"2022-01-05T11:43:29","date_gmt":"2022-01-05T09:43:29","guid":{"rendered":"https:\/\/paa.emptylimits.com\/catalog\/uncategorized\/quadro\/"},"modified":"2026-03-03T16:40:37","modified_gmt":"2026-03-03T14:40:37","slug":"quadro","status":"publish","type":"product","link":"https:\/\/paabaths.com\/lv\/produkcija\/vannas\/quadro-wall\/","title":{"rendered":"Quadro Wall"},"content":{"rendered":"","protected":false},"excerpt":{"rendered":"","protected":false},"featured_media":3602,"template":"","meta":{"_acf_changed":false,"inline_featured_image":false},"product_brand":[],"product_cat":[81],"product_tag":[],"class_list":{"0":"post-7248","1":"product","2":"type-product","3":"status-publish","4":"has-post-thumbnail","6":"product_type-variable","7":"product_cat-vannas","8":"pa_installation-type-vanna-nisa","9":"pa_installation-type-vanna-pie-sienas","10":"pa_material-akmens-masa","11":"pa_material-silkstone-2","13":"first","14":"instock","15":"shipping-taxable","16":"purchasable","17":"product-type-variable","18":"has-default-attributes"},"acf":{"product_type":"variable","price_pdf_url":"https:\/\/paabaths.com\/wp-content\/uploads\/Product-prices\/LV\/PAA-Baths-Prices-LV_Q-WALL1.pdf","dealer_type-exclusive":false,"corner_image":3600,"square_image":3602,"all_models_image":3594,"tag_image":null,"description":"","category":81,"material":[87],"collection":false,"gallery_1":null,"step_1":{"icon":null,"text":""},"step_2":{"icon":null,"text":""},"step_3":{"icon":null,"text":""},"step_4":{"icon":null,"text":""},"specification_table":[{"type":"size","label":"","value":""},{"type":"sku","label":"","value":""},{"type":"material","label":"","value":""},{"type":"weight","label":"","value":""},{"type":"color","label":"","value":""},{"type":"volume","label":"","value":""}],"optional_products":[{"other_product":51535,"other_image":""}],"optional_text":"","downloads":[{"file_type":"cad","label":"0","file":22191},{"file_type":"cad","label":"1","file":22197},{"file_type":"pdf","label":"9","file":94793}],"gallery":[{"type":"two","image":3600,"text":{"text":"","text_vertical_position":"54"},"image_2":3598,"text_2":{"text":"","text_vertical_position":"54"},"images":null,"video_url":""},{"type":"width","image":3596,"text":{"text":"","text_vertical_position":54},"image_2":null,"text_2":{"text":"","text_vertical_position":54},"images":null,"video_url":""},{"type":"two","image":63047,"text":{"text":"Iesp\u0113ja novietot mais\u012bt\u0101ju uz malas","text_vertical_position":"54"},"image_2":63054,"text_2":{"text":"Sifona v\u0101ci\u0146\u0161 vannas ton\u012b","text_vertical_position":"54"},"images":null,"video_url":"https:\/\/youtu.be\/1_47yVlP7x0"},{"type":"two","image":63061,"text":{"text":"Ar inovat\u012bvu p\u0101rpl\u016bdi","text_vertical_position":"54"},"image_2":63068,"text_2":{"text":"Sader\u012bgu izliet\u0146u izlase","text_vertical_position":"54"},"images":null,"video_url":"https:\/\/youtu.be\/1_47yVlP7x0"},{"type":"two","image":63075,"text":{"text":"Mat\u0113ta vai spo\u017ea virsma","text_vertical_position":"54"},"image_2":63082,"text_2":{"text":"Piek\u013caujas sienai","text_vertical_position":"54"},"images":null,"video_url":""},{"type":"full","image":27061,"text":{"text":"","text_vertical_position":"54"},"image_2":null,"text_2":{"text":"","text_vertical_position":"54"},"images":null,"video_url":""},{"type":"video","image":null,"text":{"text":"","text_vertical_position":54},"image_2":null,"text_2":{"text":"","text_vertical_position":54},"images":null,"video_url":"https:\/\/youtu.be\/1_47yVlP7x0"}],"technical_drawings":{"side_view":86598,"side_view_text":"1605 \u00d7 760 mm\r\nH = 600 mm","end_view":86612,"top_view":86619,"drainage_area":86605,"mounting_icons":3852,"":null,"side_view_scale":{"scale":100,"x_position":100,"y_position":100},"top_view_scale":{"scale":100,"x_position":100,"y_position":100},"end_view_scale":{"scale":100,"x_position":100,"y_position":100},"drainage_area_scale":{"scale":100,"x_position":100,"y_position":100},"space":{"before":0,"between":0,"after":0}},"space_afer_drawings":0,"matching_product":[{"product":7320,"variation":99},{"product":"","variation":null}],"is_main_connected_product":false,"has_no_content":false,"connected_product":"","default_product":null,"enable_mtm_icon":false,"vario_page":null,"vario_all":null},"yoast_head":"<!-- This site is optimized with the Yoast SEO plugin v26.1.1 - https:\/\/yoast.com\/wordpress\/plugins\/seo\/ -->\n<title>Quadro Wall - PAA<\/title>\n<meta name=\"robots\" content=\"index, follow, max-snippet:-1, max-image-preview:large, max-video-preview:-1\" \/>\n<link rel=\"canonical\" href=\"https:\/\/paabaths.com\/lv\/produkcija\/vannas\/quadro-wall\/\" \/>\n<meta property=\"og:locale\" content=\"lv_LV\" \/>\n<meta property=\"og:type\" content=\"article\" \/>\n<meta property=\"og:title\" content=\"Quadro Wall - PAA\" \/>\n<meta property=\"og:url\" content=\"https:\/\/paabaths.com\/lv\/produkcija\/vannas\/quadro-wall\/\" \/>\n<meta property=\"og:site_name\" content=\"PAA\" \/>\n<meta property=\"article:publisher\" content=\"https:\/\/www.facebook.com\/paabaths\/\" \/>\n<meta property=\"article:modified_time\" content=\"2026-03-03T14:40:37+00:00\" \/>\n<meta property=\"og:image\" content=\"https:\/\/paabaths.com\/wp-content\/uploads\/2022\/01\/PAA-Baths-Silkstone-Quadro-1600x750x600-04-01-Matte-White-Front-View-1000x1000-1.jpg\" \/>\n\t<meta property=\"og:image:width\" content=\"1000\" \/>\n\t<meta property=\"og:image:height\" content=\"1000\" \/>\n\t<meta property=\"og:image:type\" content=\"image\/jpeg\" \/>\n<meta name=\"twitter:card\" content=\"summary_large_image\" \/>\n<script type=\"application\/ld+json\" class=\"yoast-schema-graph\">{\"@context\":\"https:\/\/schema.org\",\"@graph\":[{\"@type\":\"WebPage\",\"@id\":\"https:\/\/paabaths.com\/lv\/produkcija\/vannas\/quadro-wall\/\",\"url\":\"https:\/\/paabaths.com\/lv\/produkcija\/vannas\/quadro-wall\/\",\"name\":\"Quadro Wall - PAA\",\"isPartOf\":{\"@id\":\"https:\/\/paabaths.com\/lv\/#website\"},\"primaryImageOfPage\":{\"@id\":\"https:\/\/paabaths.com\/lv\/produkcija\/vannas\/quadro-wall\/#primaryimage\"},\"image\":{\"@id\":\"https:\/\/paabaths.com\/lv\/produkcija\/vannas\/quadro-wall\/#primaryimage\"},\"thumbnailUrl\":\"https:\/\/paabaths.com\/wp-content\/uploads\/2022\/01\/PAA-Baths-Silkstone-Quadro-1600x750x600-04-01-Matte-White-Front-View-1000x1000-1.jpg\",\"datePublished\":\"2022-01-05T09:43:29+00:00\",\"dateModified\":\"2026-03-03T14:40:37+00:00\",\"breadcrumb\":{\"@id\":\"https:\/\/paabaths.com\/lv\/produkcija\/vannas\/quadro-wall\/#breadcrumb\"},\"inLanguage\":\"lv-LV\",\"potentialAction\":[{\"@type\":\"ReadAction\",\"target\":[\"https:\/\/paabaths.com\/lv\/produkcija\/vannas\/quadro-wall\/\"]}]},{\"@type\":\"ImageObject\",\"inLanguage\":\"lv-LV\",\"@id\":\"https:\/\/paabaths.com\/lv\/produkcija\/vannas\/quadro-wall\/#primaryimage\",\"url\":\"https:\/\/paabaths.com\/wp-content\/uploads\/2022\/01\/PAA-Baths-Silkstone-Quadro-1600x750x600-04-01-Matte-White-Front-View-1000x1000-1.jpg\",\"contentUrl\":\"https:\/\/paabaths.com\/wp-content\/uploads\/2022\/01\/PAA-Baths-Silkstone-Quadro-1600x750x600-04-01-Matte-White-Front-View-1000x1000-1.jpg\",\"width\":1000,\"height\":1000},{\"@type\":\"BreadcrumbList\",\"@id\":\"https:\/\/paabaths.com\/lv\/produkcija\/vannas\/quadro-wall\/#breadcrumb\",\"itemListElement\":[{\"@type\":\"ListItem\",\"position\":1,\"name\":\"Home\",\"item\":\"https:\/\/paabaths.com\/lv\/\"},{\"@type\":\"ListItem\",\"position\":2,\"name\":\"Produkcija\",\"item\":\"https:\/\/paabaths.com\/lv\/produkcija\/\"},{\"@type\":\"ListItem\",\"position\":3,\"name\":\"Quadro Wall\"}]},{\"@type\":\"WebSite\",\"@id\":\"https:\/\/paabaths.com\/lv\/#website\",\"url\":\"https:\/\/paabaths.com\/lv\/\",\"name\":\"PAA\",\"description\":\"This is PAA Ltd. brand site\",\"publisher\":{\"@id\":\"https:\/\/paabaths.com\/lv\/#organization\"},\"potentialAction\":[{\"@type\":\"SearchAction\",\"target\":{\"@type\":\"EntryPoint\",\"urlTemplate\":\"https:\/\/paabaths.com\/lv\/?s={search_term_string}\"},\"query-input\":{\"@type\":\"PropertyValueSpecification\",\"valueRequired\":true,\"valueName\":\"search_term_string\"}}],\"inLanguage\":\"lv-LV\"},{\"@type\":\"Organization\",\"@id\":\"https:\/\/paabaths.com\/lv\/#organization\",\"name\":\"PAA Baths\",\"url\":\"https:\/\/paabaths.com\/lv\/\",\"logo\":{\"@type\":\"ImageObject\",\"inLanguage\":\"lv-LV\",\"@id\":\"https:\/\/paabaths.com\/lv\/#\/schema\/logo\/image\/\",\"url\":\"https:\/\/paabaths.com\/wp-content\/uploads\/2023\/02\/84294546_179914056600038_3880533746851512320_n.jpeg\",\"contentUrl\":\"https:\/\/paabaths.com\/wp-content\/uploads\/2023\/02\/84294546_179914056600038_3880533746851512320_n.jpeg\",\"width\":320,\"height\":320,\"caption\":\"PAA Baths\"},\"image\":{\"@id\":\"https:\/\/paabaths.com\/lv\/#\/schema\/logo\/image\/\"},\"sameAs\":[\"https:\/\/www.facebook.com\/paabaths\/\",\"https:\/\/www.instagram.com\/paa_baths\"]}]}<\/script>\n<!-- \/ Yoast SEO plugin. -->","yoast_head_json":{"title":"Quadro Wall - PAA","robots":{"index":"index","follow":"follow","max-snippet":"max-snippet:-1","max-image-preview":"max-image-preview:large","max-video-preview":"max-video-preview:-1"},"canonical":"https:\/\/paabaths.com\/lv\/produkcija\/vannas\/quadro-wall\/","og_locale":"lv_LV","og_type":"article","og_title":"Quadro Wall - PAA","og_url":"https:\/\/paabaths.com\/lv\/produkcija\/vannas\/quadro-wall\/","og_site_name":"PAA","article_publisher":"https:\/\/www.facebook.com\/paabaths\/","article_modified_time":"2026-03-03T14:40:37+00:00","og_image":[{"width":1000,"height":1000,"url":"https:\/\/paabaths.com\/wp-content\/uploads\/2022\/01\/PAA-Baths-Silkstone-Quadro-1600x750x600-04-01-Matte-White-Front-View-1000x1000-1.jpg","type":"image\/jpeg"}],"twitter_card":"summary_large_image","schema":{"@context":"https:\/\/schema.org","@graph":[{"@type":"WebPage","@id":"https:\/\/paabaths.com\/lv\/produkcija\/vannas\/quadro-wall\/","url":"https:\/\/paabaths.com\/lv\/produkcija\/vannas\/quadro-wall\/","name":"Quadro Wall - PAA","isPartOf":{"@id":"https:\/\/paabaths.com\/lv\/#website"},"primaryImageOfPage":{"@id":"https:\/\/paabaths.com\/lv\/produkcija\/vannas\/quadro-wall\/#primaryimage"},"image":{"@id":"https:\/\/paabaths.com\/lv\/produkcija\/vannas\/quadro-wall\/#primaryimage"},"thumbnailUrl":"https:\/\/paabaths.com\/wp-content\/uploads\/2022\/01\/PAA-Baths-Silkstone-Quadro-1600x750x600-04-01-Matte-White-Front-View-1000x1000-1.jpg","datePublished":"2022-01-05T09:43:29+00:00","dateModified":"2026-03-03T14:40:37+00:00","breadcrumb":{"@id":"https:\/\/paabaths.com\/lv\/produkcija\/vannas\/quadro-wall\/#breadcrumb"},"inLanguage":"lv-LV","potentialAction":[{"@type":"ReadAction","target":["https:\/\/paabaths.com\/lv\/produkcija\/vannas\/quadro-wall\/"]}]},{"@type":"ImageObject","inLanguage":"lv-LV","@id":"https:\/\/paabaths.com\/lv\/produkcija\/vannas\/quadro-wall\/#primaryimage","url":"https:\/\/paabaths.com\/wp-content\/uploads\/2022\/01\/PAA-Baths-Silkstone-Quadro-1600x750x600-04-01-Matte-White-Front-View-1000x1000-1.jpg","contentUrl":"https:\/\/paabaths.com\/wp-content\/uploads\/2022\/01\/PAA-Baths-Silkstone-Quadro-1600x750x600-04-01-Matte-White-Front-View-1000x1000-1.jpg","width":1000,"height":1000},{"@type":"BreadcrumbList","@id":"https:\/\/paabaths.com\/lv\/produkcija\/vannas\/quadro-wall\/#breadcrumb","itemListElement":[{"@type":"ListItem","position":1,"name":"Home","item":"https:\/\/paabaths.com\/lv\/"},{"@type":"ListItem","position":2,"name":"Produkcija","item":"https:\/\/paabaths.com\/lv\/produkcija\/"},{"@type":"ListItem","position":3,"name":"Quadro Wall"}]},{"@type":"WebSite","@id":"https:\/\/paabaths.com\/lv\/#website","url":"https:\/\/paabaths.com\/lv\/","name":"PAA","description":"This is PAA Ltd. brand site","publisher":{"@id":"https:\/\/paabaths.com\/lv\/#organization"},"potentialAction":[{"@type":"SearchAction","target":{"@type":"EntryPoint","urlTemplate":"https:\/\/paabaths.com\/lv\/?s={search_term_string}"},"query-input":{"@type":"PropertyValueSpecification","valueRequired":true,"valueName":"search_term_string"}}],"inLanguage":"lv-LV"},{"@type":"Organization","@id":"https:\/\/paabaths.com\/lv\/#organization","name":"PAA Baths","url":"https:\/\/paabaths.com\/lv\/","logo":{"@type":"ImageObject","inLanguage":"lv-LV","@id":"https:\/\/paabaths.com\/lv\/#\/schema\/logo\/image\/","url":"https:\/\/paabaths.com\/wp-content\/uploads\/2023\/02\/84294546_179914056600038_3880533746851512320_n.jpeg","contentUrl":"https:\/\/paabaths.com\/wp-content\/uploads\/2023\/02\/84294546_179914056600038_3880533746851512320_n.jpeg","width":320,"height":320,"caption":"PAA Baths"},"image":{"@id":"https:\/\/paabaths.com\/lv\/#\/schema\/logo\/image\/"},"sameAs":["https:\/\/www.facebook.com\/paabaths\/","https:\/\/www.instagram.com\/paa_baths"]}]}},"_links":{"self":[{"href":"https:\/\/paabaths.com\/lv\/wp-json\/wp\/v2\/product\/7248","targetHints":{"allow":["GET"]}}],"collection":[{"href":"https:\/\/paabaths.com\/lv\/wp-json\/wp\/v2\/product"}],"about":[{"href":"https:\/\/paabaths.com\/lv\/wp-json\/wp\/v2\/types\/product"}],"acf:term":[{"embeddable":true,"taxonomy":"pa_material","href":"https:\/\/paabaths.com\/lv\/wp-json\/wp\/v2\/pa_material\/87"},{"embeddable":true,"taxonomy":"product_cat","href":"https:\/\/paabaths.com\/lv\/wp-json\/wp\/v2\/product_cat\/81"}],"wp:featuredmedia":[{"embeddable":true,"href":"https:\/\/paabaths.com\/lv\/wp-json\/wp\/v2\/media\/3602"}],"wp:attachment":[{"href":"https:\/\/paabaths.com\/lv\/wp-json\/wp\/v2\/media?parent=7248"}],"wp:term":[{"taxonomy":"product_brand","embeddable":true,"href":"https:\/\/paabaths.com\/lv\/wp-json\/wp\/v2\/product_brand?post=7248"},{"taxonomy":"product_cat","embeddable":true,"href":"https:\/\/paabaths.com\/lv\/wp-json\/wp\/v2\/product_cat?post=7248"},{"taxonomy":"product_tag","embeddable":true,"href":"https:\/\/paabaths.com\/lv\/wp-json\/wp\/v2\/product_tag?post=7248"}],"curies":[{"name":"wp","href":"https:\/\/api.w.org\/{rel}","templated":true}]}}