{"id":70716,"date":"2025-02-14T05:30:54","date_gmt":"2025-02-14T03:30:58","guid":{"rendered":"https:\/\/paabaths.com\/?post_type=product&#038;p=70716"},"modified":"2025-09-22T12:00:07","modified_gmt":"2025-09-22T09:00:07","slug":"alba-on-35","status":"publish","type":"product","link":"https:\/\/paabaths.com\/lv\/produkcija\/izlietnes\/alba-on-35\/","title":{"rendered":"Alba On 35"},"content":{"rendered":"<p>A Customizable bathtub with unpretentious shape to suit your needs. Made from Cast Stone \u2014 a durable and solid material, that keeps you warm.<\/p>\n","protected":false},"excerpt":{"rendered":"<p>A Customizable bathtub with unpretentious shape to suit your needs. Made from Cast Stone \u2014 a durable and solid material, that keeps you warm.<\/p>\n","protected":false},"featured_media":0,"template":"","meta":{"_acf_changed":false,"inline_featured_image":false},"product_brand":[],"product_cat":[89],"product_tag":[],"class_list":{"0":"post-70716","1":"product","2":"type-product","3":"status-publish","5":"product_type-variable","6":"product_cat-izlietnes","7":"pa_installation-type-made-to-measure","8":"pa_installation-type-on-top","9":"pa_material-silkstone-2","10":"pa_shape-apala","11":"collection-made-to-measure-lv","13":"first","14":"instock","15":"shipping-taxable","16":"purchasable","17":"product-type-variable","18":"has-default-attributes"},"acf":{"product_type":"variable","price_pdf_url":"https:\/\/paabaths.com\/wp-content\/uploads\/Product-prices\/LV\/PAA-x-KARIM-Washbasin-Prices-LV_Alba-ON-35-MTM.pdf","dealer_type-exclusive":true,"corner_image":null,"square_image":null,"all_models_image":null,"tag_image":null,"description":"","category":89,"material":[87],"collection":[359],"gallery_1":null,"step_1":{"icon":null,"text":""},"step_2":{"icon":null,"text":""},"step_3":{"icon":null,"text":""},"step_4":{"icon":null,"text":""},"specification_table":[{"type":"material","label":"","value":""},{"type":"size","label":"","value":""},{"type":"sku","label":"","value":""},{"type":"color","label":"","value":""}],"optional_products":null,"optional_text":"","downloads":[{"file_type":"cad","label":"0","file":72120},{"file_type":"cad","label":"1","file":72148},{"file_type":"pdf","label":"6","file":92767}],"gallery":[{"type":"two","image":72379,"text":{"text":"","text_vertical_position":"54"},"image_2":72372,"text_2":{"text":"","text_vertical_position":"54"},"images":null,"video_url":""},{"type":"two","image":72512,"text":{"text":"Formu piln\u012bga t\u012br\u012bba ","text_vertical_position":"54"},"image_2":72533,"text_2":{"text":"Piel\u0101gojama izm\u0113ra virsma","text_vertical_position":"54"},"images":null,"video_url":""},{"type":"two","image":72519,"text":{"text":"Jauc\u0113jkr\u0101ns uz virsmas \r\nvai no sienas","text_vertical_position":"54"},"image_2":72526,"text_2":{"text":"Nopl\u016bde ar nosedzo\u0161u, \r\n\u0113rti kopjamu pl\u0101ksni ","text_vertical_position":"54"},"images":null,"video_url":""},{"type":"video","image":null,"text":{"text":"","text_vertical_position":54},"image_2":null,"text_2":{"text":"","text_vertical_position":54},"images":null,"video_url":"https:\/\/youtu.be\/6bHoY5RiYnw?si=bhElm8eGaLJUU_TU"}],"technical_drawings":{"side_view":92903,"side_view_text":"530-800 \u00d7 480-530 mm, \r\nh = 128 mm","end_view":92910,"top_view":92917,"drainage_area":"","mounting_icons":"","":null,"side_view_scale":{"scale":100,"x_position":100,"y_position":100},"top_view_scale":{"scale":100,"x_position":100,"y_position":100},"end_view_scale":{"scale":100,"x_position":100,"y_position":100},"drainage_area_scale":{"scale":100,"x_position":100,"y_position":100},"space":{"before":0,"between":0,"after":0}},"space_afer_drawings":0,"matching_product":[{"product":70572,"variation":99}],"is_main_connected_product":true,"has_no_content":false,"connected_product":null,"default_product":null,"enable_mtm_icon":true,"vario_page":null,"vario_all":null},"yoast_head":"<!-- This site is optimized with the Yoast SEO plugin v26.1.1 - https:\/\/yoast.com\/wordpress\/plugins\/seo\/ -->\n<title>Alba On 35 - PAA<\/title>\n<meta name=\"robots\" content=\"index, follow, max-snippet:-1, max-image-preview:large, max-video-preview:-1\" \/>\n<link rel=\"canonical\" href=\"https:\/\/paabaths.com\/lv\/produkcija\/izlietnes\/alba-on-35\/\" \/>\n<meta property=\"og:locale\" content=\"lv_LV\" \/>\n<meta property=\"og:type\" content=\"article\" \/>\n<meta property=\"og:title\" content=\"Alba On 35 - PAA\" \/>\n<meta property=\"og:description\" content=\"A Customizable bathtub with unpretentious shape to suit your needs. Made from Cast Stone \u2014 a durable and solid material, that keeps you warm.\" \/>\n<meta property=\"og:url\" content=\"https:\/\/paabaths.com\/lv\/produkcija\/izlietnes\/alba-on-35\/\" \/>\n<meta property=\"og:site_name\" content=\"PAA\" \/>\n<meta property=\"article:publisher\" content=\"https:\/\/www.facebook.com\/paabaths\/\" \/>\n<meta property=\"article:modified_time\" content=\"2025-09-22T09:00:07+00:00\" \/>\n<meta property=\"og:image\" content=\"https:\/\/paabaths.com\/wp-content\/uploads\/2025\/09\/PAA-baths-title2560x1500px.jpg\" \/>\n\t<meta property=\"og:image:width\" content=\"2560\" \/>\n\t<meta property=\"og:image:height\" content=\"1500\" \/>\n\t<meta property=\"og:image:type\" content=\"image\/jpeg\" \/>\n<meta name=\"twitter:card\" content=\"summary_large_image\" \/>\n<script type=\"application\/ld+json\" class=\"yoast-schema-graph\">{\"@context\":\"https:\/\/schema.org\",\"@graph\":[{\"@type\":\"WebPage\",\"@id\":\"https:\/\/paabaths.com\/lv\/produkcija\/izlietnes\/alba-on-35\/\",\"url\":\"https:\/\/paabaths.com\/lv\/produkcija\/izlietnes\/alba-on-35\/\",\"name\":\"Alba On 35 - PAA\",\"isPartOf\":{\"@id\":\"https:\/\/paabaths.com\/lv\/#website\"},\"datePublished\":\"2025-02-14T03:30:58+00:00\",\"dateModified\":\"2025-09-22T09:00:07+00:00\",\"breadcrumb\":{\"@id\":\"https:\/\/paabaths.com\/lv\/produkcija\/izlietnes\/alba-on-35\/#breadcrumb\"},\"inLanguage\":\"lv-LV\",\"potentialAction\":[{\"@type\":\"ReadAction\",\"target\":[\"https:\/\/paabaths.com\/lv\/produkcija\/izlietnes\/alba-on-35\/\"]}]},{\"@type\":\"BreadcrumbList\",\"@id\":\"https:\/\/paabaths.com\/lv\/produkcija\/izlietnes\/alba-on-35\/#breadcrumb\",\"itemListElement\":[{\"@type\":\"ListItem\",\"position\":1,\"name\":\"Home\",\"item\":\"https:\/\/paabaths.com\/lv\/\"},{\"@type\":\"ListItem\",\"position\":2,\"name\":\"Produkcija\",\"item\":\"https:\/\/paabaths.com\/lv\/produkcija\/\"},{\"@type\":\"ListItem\",\"position\":3,\"name\":\"Alba On 35\"}]},{\"@type\":\"WebSite\",\"@id\":\"https:\/\/paabaths.com\/lv\/#website\",\"url\":\"https:\/\/paabaths.com\/lv\/\",\"name\":\"PAA\",\"description\":\"This is PAA Ltd. brand site\",\"publisher\":{\"@id\":\"https:\/\/paabaths.com\/lv\/#organization\"},\"potentialAction\":[{\"@type\":\"SearchAction\",\"target\":{\"@type\":\"EntryPoint\",\"urlTemplate\":\"https:\/\/paabaths.com\/lv\/?s={search_term_string}\"},\"query-input\":{\"@type\":\"PropertyValueSpecification\",\"valueRequired\":true,\"valueName\":\"search_term_string\"}}],\"inLanguage\":\"lv-LV\"},{\"@type\":\"Organization\",\"@id\":\"https:\/\/paabaths.com\/lv\/#organization\",\"name\":\"PAA Baths\",\"url\":\"https:\/\/paabaths.com\/lv\/\",\"logo\":{\"@type\":\"ImageObject\",\"inLanguage\":\"lv-LV\",\"@id\":\"https:\/\/paabaths.com\/lv\/#\/schema\/logo\/image\/\",\"url\":\"https:\/\/paabaths.com\/wp-content\/uploads\/2023\/02\/84294546_179914056600038_3880533746851512320_n.jpeg\",\"contentUrl\":\"https:\/\/paabaths.com\/wp-content\/uploads\/2023\/02\/84294546_179914056600038_3880533746851512320_n.jpeg\",\"width\":320,\"height\":320,\"caption\":\"PAA Baths\"},\"image\":{\"@id\":\"https:\/\/paabaths.com\/lv\/#\/schema\/logo\/image\/\"},\"sameAs\":[\"https:\/\/www.facebook.com\/paabaths\/\",\"https:\/\/www.instagram.com\/paa_baths\"]}]}<\/script>\n<!-- \/ Yoast SEO plugin. -->","yoast_head_json":{"title":"Alba On 35 - PAA","robots":{"index":"index","follow":"follow","max-snippet":"max-snippet:-1","max-image-preview":"max-image-preview:large","max-video-preview":"max-video-preview:-1"},"canonical":"https:\/\/paabaths.com\/lv\/produkcija\/izlietnes\/alba-on-35\/","og_locale":"lv_LV","og_type":"article","og_title":"Alba On 35 - PAA","og_description":"A Customizable bathtub with unpretentious shape to suit your needs. Made from Cast Stone \u2014 a durable and solid material, that keeps you warm.","og_url":"https:\/\/paabaths.com\/lv\/produkcija\/izlietnes\/alba-on-35\/","og_site_name":"PAA","article_publisher":"https:\/\/www.facebook.com\/paabaths\/","article_modified_time":"2025-09-22T09:00:07+00:00","og_image":[{"width":2560,"height":1500,"url":"https:\/\/paabaths.com\/wp-content\/uploads\/2025\/09\/PAA-baths-title2560x1500px.jpg","type":"image\/jpeg"}],"twitter_card":"summary_large_image","schema":{"@context":"https:\/\/schema.org","@graph":[{"@type":"WebPage","@id":"https:\/\/paabaths.com\/lv\/produkcija\/izlietnes\/alba-on-35\/","url":"https:\/\/paabaths.com\/lv\/produkcija\/izlietnes\/alba-on-35\/","name":"Alba On 35 - PAA","isPartOf":{"@id":"https:\/\/paabaths.com\/lv\/#website"},"datePublished":"2025-02-14T03:30:58+00:00","dateModified":"2025-09-22T09:00:07+00:00","breadcrumb":{"@id":"https:\/\/paabaths.com\/lv\/produkcija\/izlietnes\/alba-on-35\/#breadcrumb"},"inLanguage":"lv-LV","potentialAction":[{"@type":"ReadAction","target":["https:\/\/paabaths.com\/lv\/produkcija\/izlietnes\/alba-on-35\/"]}]},{"@type":"BreadcrumbList","@id":"https:\/\/paabaths.com\/lv\/produkcija\/izlietnes\/alba-on-35\/#breadcrumb","itemListElement":[{"@type":"ListItem","position":1,"name":"Home","item":"https:\/\/paabaths.com\/lv\/"},{"@type":"ListItem","position":2,"name":"Produkcija","item":"https:\/\/paabaths.com\/lv\/produkcija\/"},{"@type":"ListItem","position":3,"name":"Alba On 35"}]},{"@type":"WebSite","@id":"https:\/\/paabaths.com\/lv\/#website","url":"https:\/\/paabaths.com\/lv\/","name":"PAA","description":"This is PAA Ltd. brand site","publisher":{"@id":"https:\/\/paabaths.com\/lv\/#organization"},"potentialAction":[{"@type":"SearchAction","target":{"@type":"EntryPoint","urlTemplate":"https:\/\/paabaths.com\/lv\/?s={search_term_string}"},"query-input":{"@type":"PropertyValueSpecification","valueRequired":true,"valueName":"search_term_string"}}],"inLanguage":"lv-LV"},{"@type":"Organization","@id":"https:\/\/paabaths.com\/lv\/#organization","name":"PAA Baths","url":"https:\/\/paabaths.com\/lv\/","logo":{"@type":"ImageObject","inLanguage":"lv-LV","@id":"https:\/\/paabaths.com\/lv\/#\/schema\/logo\/image\/","url":"https:\/\/paabaths.com\/wp-content\/uploads\/2023\/02\/84294546_179914056600038_3880533746851512320_n.jpeg","contentUrl":"https:\/\/paabaths.com\/wp-content\/uploads\/2023\/02\/84294546_179914056600038_3880533746851512320_n.jpeg","width":320,"height":320,"caption":"PAA Baths"},"image":{"@id":"https:\/\/paabaths.com\/lv\/#\/schema\/logo\/image\/"},"sameAs":["https:\/\/www.facebook.com\/paabaths\/","https:\/\/www.instagram.com\/paa_baths"]}]}},"_links":{"self":[{"href":"https:\/\/paabaths.com\/lv\/wp-json\/wp\/v2\/product\/70716","targetHints":{"allow":["GET"]}}],"collection":[{"href":"https:\/\/paabaths.com\/lv\/wp-json\/wp\/v2\/product"}],"about":[{"href":"https:\/\/paabaths.com\/lv\/wp-json\/wp\/v2\/types\/product"}],"acf:term":[{"embeddable":true,"taxonomy":"collection","href":"https:\/\/paabaths.com\/lv\/wp-json\/wp\/v2\/collection\/359"},{"embeddable":true,"taxonomy":"pa_material","href":"https:\/\/paabaths.com\/lv\/wp-json\/wp\/v2\/pa_material\/87"},{"embeddable":true,"taxonomy":"product_cat","href":"https:\/\/paabaths.com\/lv\/wp-json\/wp\/v2\/product_cat\/89"}],"wp:attachment":[{"href":"https:\/\/paabaths.com\/lv\/wp-json\/wp\/v2\/media?parent=70716"}],"wp:term":[{"taxonomy":"product_brand","embeddable":true,"href":"https:\/\/paabaths.com\/lv\/wp-json\/wp\/v2\/product_brand?post=70716"},{"taxonomy":"product_cat","embeddable":true,"href":"https:\/\/paabaths.com\/lv\/wp-json\/wp\/v2\/product_cat?post=70716"},{"taxonomy":"product_tag","embeddable":true,"href":"https:\/\/paabaths.com\/lv\/wp-json\/wp\/v2\/product_tag?post=70716"}],"curies":[{"name":"wp","href":"https:\/\/api.w.org\/{rel}","templated":true}]}}