{"id":2003,"date":"2021-03-12T13:58:47","date_gmt":"2021-03-12T13:58:47","guid":{"rendered":"http:\/\/paa.localhost\/catalog\/uncategorized\/bella-bathtub\/"},"modified":"2026-02-24T08:22:37","modified_gmt":"2026-02-24T06:22:37","slug":"bella","status":"publish","type":"product","link":"https:\/\/paabaths.com\/lv\/produkcija\/vannas\/bella\/","title":{"rendered":"Bella"},"content":{"rendered":"","protected":false},"excerpt":{"rendered":"","protected":false},"featured_media":0,"template":"","meta":{"_acf_changed":false,"inline_featured_image":false},"product_brand":[],"product_cat":[81],"product_tag":[],"class_list":{"0":"post-2003","1":"product","2":"type-product","3":"status-publish","5":"product_type-variable","6":"product_cat-vannas","7":"pa_installation-type-brivi-stavosa-vanna","8":"pa_material-akmens-masa","9":"pa_material-silkstone-2","10":"pa_shape-ovals","12":"first","13":"instock","14":"shipping-taxable","15":"purchasable","16":"product-type-variable","17":"has-default-attributes"},"acf":{"product_type":"variable","price_pdf_url":"https:\/\/paabaths.com\/wp-content\/uploads\/Product-prices\/LV\/PAA-Baths-Prices-LV_BELLA1.pdf","dealer_type-exclusive":false,"corner_image":null,"square_image":null,"all_models_image":null,"tag_image":null,"description":"","category":81,"material":[87],"collection":false,"gallery_1":null,"step_1":{"icon":null,"text":""},"step_2":{"icon":null,"text":""},"step_3":{"icon":null,"text":""},"step_4":{"icon":null,"text":""},"specification_table":[{"type":"size","label":"","value":""},{"type":"sku","label":"","value":""},{"type":"material","label":"","value":""},{"type":"weight","label":"","value":""},{"type":"color","label":"","value":""},{"type":"volume","label":"","value":""}],"optional_products":null,"optional_text":"","downloads":[{"file_type":"cad","label":"0","file":22035},{"file_type":"cad","label":"1","file":22041}],"gallery":[{"type":"two","image":1203,"text":{"text":"","text_vertical_position":"54"},"image_2":1211,"text_2":{"text":"","text_vertical_position":"54"},"images":null,"video_url":""},{"type":"two","image":62423,"text":{"text":"Vizu\u0101li viegla, bet ietilp\u012bga","text_vertical_position":"54"},"image_2":62388,"text_2":{"text":"Gracioza p\u0101rpl\u016bde","text_vertical_position":"54"},"images":[27110,27104,27086,27092,27098],"video_url":""},{"type":"two","image":62416,"text":{"text":"Mat\u0113ta vai spo\u017ea virsma","text_vertical_position":"54"},"image_2":62409,"text_2":{"text":"Balta vai kr\u0101saina","text_vertical_position":"54"},"images":null,"video_url":""},{"type":"two","image":62402,"text":{"text":"Sader\u012bga izlietne","text_vertical_position":"54"},"image_2":62395,"text_2":{"text":"Izpl\u016bdes v\u0101ci\u0146\u0161 vannas ton\u012b","text_vertical_position":"54"},"images":null,"video_url":"https:\/\/youtu.be\/apOP9846Ea0"},{"type":"slider","image":null,"text":{"text":"","text_vertical_position":54},"image_2":null,"text_2":{"text":"","text_vertical_position":54},"images":[97101],"video_url":""},{"type":"slider_full","image":1205,"text":{"text":"","text_vertical_position":"54"},"image_2":1243,"text_2":{"text":"","text_vertical_position":"54"},"images":[27110,27104,27086,27092,27098,97321],"video_url":"https:\/\/youtu.be\/apOP9846Ea0"},{"type":"video","image":null,"text":{"text":"","text_vertical_position":54},"image_2":null,"text_2":{"text":"","text_vertical_position":54},"images":null,"video_url":"https:\/\/youtu.be\/apOP9846Ea0"}],"technical_drawings":{"side_view":77679,"side_view_text":"1708 x 800 mm\r\nH=550 mm","end_view":86591,"top_view":77693,"drainage_area":77672,"mounting_icons":"","":null,"side_view_scale":{"scale":100,"x_position":100,"y_position":100},"top_view_scale":{"scale":100,"x_position":100,"y_position":100},"end_view_scale":{"scale":100,"x_position":100,"y_position":100},"drainage_area_scale":{"scale":100,"x_position":100,"y_position":100},"space":{"before":0,"between":0,"after":0}},"space_afer_drawings":0,"matching_product":[{"product":3957,"variation":99}],"is_main_connected_product":false,"has_no_content":false,"connected_product":"","default_product":null,"enable_mtm_icon":false,"vario_page":null,"vario_all":null},"yoast_head":"<!-- This site is optimized with the Yoast SEO plugin v26.1.1 - https:\/\/yoast.com\/wordpress\/plugins\/seo\/ -->\n<title>Bella - PAA<\/title>\n<meta name=\"robots\" content=\"index, follow, max-snippet:-1, max-image-preview:large, max-video-preview:-1\" \/>\n<link rel=\"canonical\" href=\"https:\/\/paabaths.com\/lv\/produkcija\/vannas\/bella\/\" \/>\n<meta property=\"og:locale\" content=\"lv_LV\" \/>\n<meta property=\"og:type\" content=\"article\" \/>\n<meta property=\"og:title\" content=\"Bella - PAA\" \/>\n<meta property=\"og:url\" content=\"https:\/\/paabaths.com\/lv\/produkcija\/vannas\/bella\/\" \/>\n<meta property=\"og:site_name\" content=\"PAA\" \/>\n<meta property=\"article:publisher\" content=\"https:\/\/www.facebook.com\/paabaths\/\" \/>\n<meta property=\"article:modified_time\" content=\"2026-02-24T06:22:37+00:00\" \/>\n<meta property=\"og:image\" content=\"https:\/\/paabaths.com\/wp-content\/uploads\/2025\/09\/PAA-baths-title2560x1500px.jpg\" \/>\n\t<meta property=\"og:image:width\" content=\"2560\" \/>\n\t<meta property=\"og:image:height\" content=\"1500\" \/>\n\t<meta property=\"og:image:type\" content=\"image\/jpeg\" \/>\n<meta name=\"twitter:card\" content=\"summary_large_image\" \/>\n<script type=\"application\/ld+json\" class=\"yoast-schema-graph\">{\"@context\":\"https:\/\/schema.org\",\"@graph\":[{\"@type\":\"WebPage\",\"@id\":\"https:\/\/paabaths.com\/lv\/produkcija\/vannas\/bella\/\",\"url\":\"https:\/\/paabaths.com\/lv\/produkcija\/vannas\/bella\/\",\"name\":\"Bella - PAA\",\"isPartOf\":{\"@id\":\"https:\/\/paabaths.com\/lv\/#website\"},\"datePublished\":\"2021-03-12T13:58:47+00:00\",\"dateModified\":\"2026-02-24T06:22:37+00:00\",\"breadcrumb\":{\"@id\":\"https:\/\/paabaths.com\/lv\/produkcija\/vannas\/bella\/#breadcrumb\"},\"inLanguage\":\"lv-LV\",\"potentialAction\":[{\"@type\":\"ReadAction\",\"target\":[\"https:\/\/paabaths.com\/lv\/produkcija\/vannas\/bella\/\"]}]},{\"@type\":\"BreadcrumbList\",\"@id\":\"https:\/\/paabaths.com\/lv\/produkcija\/vannas\/bella\/#breadcrumb\",\"itemListElement\":[{\"@type\":\"ListItem\",\"position\":1,\"name\":\"Home\",\"item\":\"https:\/\/paabaths.com\/lv\/\"},{\"@type\":\"ListItem\",\"position\":2,\"name\":\"Produkcija\",\"item\":\"https:\/\/paabaths.com\/lv\/produkcija\/\"},{\"@type\":\"ListItem\",\"position\":3,\"name\":\"Bella\"}]},{\"@type\":\"WebSite\",\"@id\":\"https:\/\/paabaths.com\/lv\/#website\",\"url\":\"https:\/\/paabaths.com\/lv\/\",\"name\":\"PAA\",\"description\":\"This is PAA Ltd. brand site\",\"publisher\":{\"@id\":\"https:\/\/paabaths.com\/lv\/#organization\"},\"potentialAction\":[{\"@type\":\"SearchAction\",\"target\":{\"@type\":\"EntryPoint\",\"urlTemplate\":\"https:\/\/paabaths.com\/lv\/?s={search_term_string}\"},\"query-input\":{\"@type\":\"PropertyValueSpecification\",\"valueRequired\":true,\"valueName\":\"search_term_string\"}}],\"inLanguage\":\"lv-LV\"},{\"@type\":\"Organization\",\"@id\":\"https:\/\/paabaths.com\/lv\/#organization\",\"name\":\"PAA Baths\",\"url\":\"https:\/\/paabaths.com\/lv\/\",\"logo\":{\"@type\":\"ImageObject\",\"inLanguage\":\"lv-LV\",\"@id\":\"https:\/\/paabaths.com\/lv\/#\/schema\/logo\/image\/\",\"url\":\"https:\/\/paabaths.com\/wp-content\/uploads\/2023\/02\/84294546_179914056600038_3880533746851512320_n.jpeg\",\"contentUrl\":\"https:\/\/paabaths.com\/wp-content\/uploads\/2023\/02\/84294546_179914056600038_3880533746851512320_n.jpeg\",\"width\":320,\"height\":320,\"caption\":\"PAA Baths\"},\"image\":{\"@id\":\"https:\/\/paabaths.com\/lv\/#\/schema\/logo\/image\/\"},\"sameAs\":[\"https:\/\/www.facebook.com\/paabaths\/\",\"https:\/\/www.instagram.com\/paa_baths\"]}]}<\/script>\n<!-- \/ Yoast SEO plugin. -->","yoast_head_json":{"title":"Bella - PAA","robots":{"index":"index","follow":"follow","max-snippet":"max-snippet:-1","max-image-preview":"max-image-preview:large","max-video-preview":"max-video-preview:-1"},"canonical":"https:\/\/paabaths.com\/lv\/produkcija\/vannas\/bella\/","og_locale":"lv_LV","og_type":"article","og_title":"Bella - PAA","og_url":"https:\/\/paabaths.com\/lv\/produkcija\/vannas\/bella\/","og_site_name":"PAA","article_publisher":"https:\/\/www.facebook.com\/paabaths\/","article_modified_time":"2026-02-24T06:22:37+00:00","og_image":[{"width":2560,"height":1500,"url":"https:\/\/paabaths.com\/wp-content\/uploads\/2025\/09\/PAA-baths-title2560x1500px.jpg","type":"image\/jpeg"}],"twitter_card":"summary_large_image","schema":{"@context":"https:\/\/schema.org","@graph":[{"@type":"WebPage","@id":"https:\/\/paabaths.com\/lv\/produkcija\/vannas\/bella\/","url":"https:\/\/paabaths.com\/lv\/produkcija\/vannas\/bella\/","name":"Bella - PAA","isPartOf":{"@id":"https:\/\/paabaths.com\/lv\/#website"},"datePublished":"2021-03-12T13:58:47+00:00","dateModified":"2026-02-24T06:22:37+00:00","breadcrumb":{"@id":"https:\/\/paabaths.com\/lv\/produkcija\/vannas\/bella\/#breadcrumb"},"inLanguage":"lv-LV","potentialAction":[{"@type":"ReadAction","target":["https:\/\/paabaths.com\/lv\/produkcija\/vannas\/bella\/"]}]},{"@type":"BreadcrumbList","@id":"https:\/\/paabaths.com\/lv\/produkcija\/vannas\/bella\/#breadcrumb","itemListElement":[{"@type":"ListItem","position":1,"name":"Home","item":"https:\/\/paabaths.com\/lv\/"},{"@type":"ListItem","position":2,"name":"Produkcija","item":"https:\/\/paabaths.com\/lv\/produkcija\/"},{"@type":"ListItem","position":3,"name":"Bella"}]},{"@type":"WebSite","@id":"https:\/\/paabaths.com\/lv\/#website","url":"https:\/\/paabaths.com\/lv\/","name":"PAA","description":"This is PAA Ltd. brand site","publisher":{"@id":"https:\/\/paabaths.com\/lv\/#organization"},"potentialAction":[{"@type":"SearchAction","target":{"@type":"EntryPoint","urlTemplate":"https:\/\/paabaths.com\/lv\/?s={search_term_string}"},"query-input":{"@type":"PropertyValueSpecification","valueRequired":true,"valueName":"search_term_string"}}],"inLanguage":"lv-LV"},{"@type":"Organization","@id":"https:\/\/paabaths.com\/lv\/#organization","name":"PAA Baths","url":"https:\/\/paabaths.com\/lv\/","logo":{"@type":"ImageObject","inLanguage":"lv-LV","@id":"https:\/\/paabaths.com\/lv\/#\/schema\/logo\/image\/","url":"https:\/\/paabaths.com\/wp-content\/uploads\/2023\/02\/84294546_179914056600038_3880533746851512320_n.jpeg","contentUrl":"https:\/\/paabaths.com\/wp-content\/uploads\/2023\/02\/84294546_179914056600038_3880533746851512320_n.jpeg","width":320,"height":320,"caption":"PAA Baths"},"image":{"@id":"https:\/\/paabaths.com\/lv\/#\/schema\/logo\/image\/"},"sameAs":["https:\/\/www.facebook.com\/paabaths\/","https:\/\/www.instagram.com\/paa_baths"]}]}},"_links":{"self":[{"href":"https:\/\/paabaths.com\/lv\/wp-json\/wp\/v2\/product\/2003","targetHints":{"allow":["GET"]}}],"collection":[{"href":"https:\/\/paabaths.com\/lv\/wp-json\/wp\/v2\/product"}],"about":[{"href":"https:\/\/paabaths.com\/lv\/wp-json\/wp\/v2\/types\/product"}],"acf:term":[{"embeddable":true,"taxonomy":"pa_material","href":"https:\/\/paabaths.com\/lv\/wp-json\/wp\/v2\/pa_material\/87"},{"embeddable":true,"taxonomy":"product_cat","href":"https:\/\/paabaths.com\/lv\/wp-json\/wp\/v2\/product_cat\/81"}],"wp:attachment":[{"href":"https:\/\/paabaths.com\/lv\/wp-json\/wp\/v2\/media?parent=2003"}],"wp:term":[{"taxonomy":"product_brand","embeddable":true,"href":"https:\/\/paabaths.com\/lv\/wp-json\/wp\/v2\/product_brand?post=2003"},{"taxonomy":"product_cat","embeddable":true,"href":"https:\/\/paabaths.com\/lv\/wp-json\/wp\/v2\/product_cat?post=2003"},{"taxonomy":"product_tag","embeddable":true,"href":"https:\/\/paabaths.com\/lv\/wp-json\/wp\/v2\/product_tag?post=2003"}],"curies":[{"name":"wp","href":"https:\/\/api.w.org\/{rel}","templated":true}]}}