{"id":12251,"date":"2022-05-30T15:08:06","date_gmt":"2022-05-30T12:08:06","guid":{"rendered":"https:\/\/paa.emptylimits.com\/catalog\/uncategorized\/tre-grande-k-with-small-panel\/"},"modified":"2025-04-13T23:19:45","modified_gmt":"2025-04-13T20:19:45","slug":"tre-170-a-ar-zemo-paneli","status":"publish","type":"product","link":"https:\/\/paabaths.com\/lv\/produkcija\/vannas\/tre-170-a\/","title":{"rendered":"Tre 170 A"},"content":{"rendered":"","protected":false},"excerpt":{"rendered":"","protected":false},"featured_media":8031,"template":"","meta":{"_acf_changed":false,"inline_featured_image":false},"product_brand":[],"product_cat":[81],"product_tag":[],"class_list":{"0":"post-12251","1":"product","2":"type-product","3":"status-publish","4":"has-post-thumbnail","6":"product_type-variable","7":"product_cat-vannas","9":"first","10":"instock","11":"shipping-taxable","12":"purchasable","13":"product-type-variable","14":"has-default-attributes"},"acf":{"product_type":"variable","price_pdf_url":"https:\/\/paabaths.com\/wp-content\/uploads\/Product-prices\/LV\/PAA-Baths-Prices-LV_TRE1701.pdf","dealer_type-exclusive":false,"corner_image":null,"square_image":null,"all_models_image":null,"tag_image":null,"description":"","category":81,"material":[100],"collection":false,"gallery_1":null,"step_1":{"icon":null,"text":""},"step_2":{"icon":null,"text":""},"step_3":{"icon":null,"text":""},"step_4":{"icon":null,"text":""},"specification_table":[{"type":"size","label":"","value":""},{"type":"sku","label":"","value":""},{"type":"material","label":"","value":""},{"type":"weight","label":"","value":""},{"type":"color","label":"","value":""},{"type":"volume","label":"","value":""}],"optional_products":[{"other_product":53152,"other_image":""},{"other_product":53159,"other_image":""},{"other_product":59278,"other_image":68309},{"other_product":66545,"other_image":68316}],"optional_text":"","downloads":null,"gallery":[{"type":"two","image":9057,"text":{"text":"","text_vertical_position":"54"},"image_2":9052,"text_2":{"text":"","text_vertical_position":"54"},"images":null,"video_url":""},{"type":"two","image":68884,"text":{"text":"Spo\u017ea virsma","text_vertical_position":"54"},"image_2":68963,"text_2":{"text":"\u0112rta st\u016bra vanna","text_vertical_position":"54"},"images":null,"video_url":""},{"type":"two","image":68891,"text":{"text":"Augstais un zemais panelis","text_vertical_position":"54"},"image_2":68898,"text_2":{"text":"Vienkr\u0101su vai divkr\u0101su","text_vertical_position":"54"},"images":[26957],"video_url":""},{"type":"slider_full","image":68891,"text":{"text":"","text_vertical_position":54},"image_2":68898,"text_2":{"text":"","text_vertical_position":54},"images":[26957],"video_url":""},{"type":"width","image":9047,"text":{"text":"","text_vertical_position":54},"image_2":null,"text_2":{"text":"","text_vertical_position":54},"images":[26957],"video_url":""}],"technical_drawings":{"side_view":93407,"side_view_text":"1700 x 1000 mm, \r\nH = 650 mm","end_view":93414,"top_view":93421,"drainage_area":93400,"mounting_icons":"","":null,"side_view_scale":{"scale":100,"x_position":100,"y_position":100},"top_view_scale":{"scale":100,"x_position":100,"y_position":100},"end_view_scale":{"scale":100,"x_position":100,"y_position":100},"drainage_area_scale":{"scale":100,"x_position":100,"y_position":100},"space":{"before":0,"between":0,"after":0}},"space_afer_drawings":0,"matching_product":[{"product":9964,"variation":123}],"is_main_connected_product":false,"has_no_content":false,"connected_product":8969,"default_product":null,"enable_mtm_icon":false,"vario_page":null,"vario_all":null},"yoast_head":"<!-- This site is optimized with the Yoast SEO plugin v26.1.1 - https:\/\/yoast.com\/wordpress\/plugins\/seo\/ -->\n<title>Tre 170 A - PAA<\/title>\n<meta name=\"robots\" content=\"index, follow, max-snippet:-1, max-image-preview:large, max-video-preview:-1\" \/>\n<link rel=\"canonical\" href=\"https:\/\/paabaths.com\/lv\/produkcija\/vannas\/tre-170-a\/\" \/>\n<meta property=\"og:locale\" content=\"lv_LV\" \/>\n<meta property=\"og:type\" content=\"article\" \/>\n<meta property=\"og:title\" content=\"Tre 170 A - PAA\" \/>\n<meta property=\"og:url\" content=\"https:\/\/paabaths.com\/lv\/produkcija\/vannas\/tre-170-a\/\" \/>\n<meta property=\"og:site_name\" content=\"PAA\" \/>\n<meta property=\"article:publisher\" content=\"https:\/\/www.facebook.com\/paabaths\/\" \/>\n<meta property=\"article:modified_time\" content=\"2025-04-13T20:19:45+00:00\" \/>\n<meta property=\"og:image\" content=\"https:\/\/paabaths.com\/wp-content\/uploads\/2022\/03\/PAA-Baths-Cast-Stone-Tre-K-1500x1000-01-02-Small-panel-Front-View-Glossy-Alpine-White-1540x900px.jpg\" \/>\n\t<meta property=\"og:image:width\" content=\"1540\" \/>\n\t<meta property=\"og:image:height\" content=\"900\" \/>\n\t<meta property=\"og:image:type\" content=\"image\/jpeg\" \/>\n<meta name=\"twitter:card\" content=\"summary_large_image\" \/>\n<script type=\"application\/ld+json\" class=\"yoast-schema-graph\">{\"@context\":\"https:\/\/schema.org\",\"@graph\":[{\"@type\":\"WebPage\",\"@id\":\"https:\/\/paabaths.com\/lv\/produkcija\/vannas\/tre-170-a\/\",\"url\":\"https:\/\/paabaths.com\/lv\/produkcija\/vannas\/tre-170-a\/\",\"name\":\"Tre 170 A - PAA\",\"isPartOf\":{\"@id\":\"https:\/\/paabaths.com\/lv\/#website\"},\"primaryImageOfPage\":{\"@id\":\"https:\/\/paabaths.com\/lv\/produkcija\/vannas\/tre-170-a\/#primaryimage\"},\"image\":{\"@id\":\"https:\/\/paabaths.com\/lv\/produkcija\/vannas\/tre-170-a\/#primaryimage\"},\"thumbnailUrl\":\"https:\/\/paabaths.com\/wp-content\/uploads\/2022\/03\/PAA-Baths-Cast-Stone-Tre-K-1500x1000-01-02-Small-panel-Front-View-Glossy-Alpine-White-1540x900px.jpg\",\"datePublished\":\"2022-05-30T12:08:06+00:00\",\"dateModified\":\"2025-04-13T20:19:45+00:00\",\"breadcrumb\":{\"@id\":\"https:\/\/paabaths.com\/lv\/produkcija\/vannas\/tre-170-a\/#breadcrumb\"},\"inLanguage\":\"lv-LV\",\"potentialAction\":[{\"@type\":\"ReadAction\",\"target\":[\"https:\/\/paabaths.com\/lv\/produkcija\/vannas\/tre-170-a\/\"]}]},{\"@type\":\"ImageObject\",\"inLanguage\":\"lv-LV\",\"@id\":\"https:\/\/paabaths.com\/lv\/produkcija\/vannas\/tre-170-a\/#primaryimage\",\"url\":\"https:\/\/paabaths.com\/wp-content\/uploads\/2022\/03\/PAA-Baths-Cast-Stone-Tre-K-1500x1000-01-02-Small-panel-Front-View-Glossy-Alpine-White-1540x900px.jpg\",\"contentUrl\":\"https:\/\/paabaths.com\/wp-content\/uploads\/2022\/03\/PAA-Baths-Cast-Stone-Tre-K-1500x1000-01-02-Small-panel-Front-View-Glossy-Alpine-White-1540x900px.jpg\",\"width\":1540,\"height\":900},{\"@type\":\"BreadcrumbList\",\"@id\":\"https:\/\/paabaths.com\/lv\/produkcija\/vannas\/tre-170-a\/#breadcrumb\",\"itemListElement\":[{\"@type\":\"ListItem\",\"position\":1,\"name\":\"Home\",\"item\":\"https:\/\/paabaths.com\/lv\/\"},{\"@type\":\"ListItem\",\"position\":2,\"name\":\"Produkcija\",\"item\":\"https:\/\/paabaths.com\/lv\/produkcija\/\"},{\"@type\":\"ListItem\",\"position\":3,\"name\":\"Tre 170 A\"}]},{\"@type\":\"WebSite\",\"@id\":\"https:\/\/paabaths.com\/lv\/#website\",\"url\":\"https:\/\/paabaths.com\/lv\/\",\"name\":\"PAA\",\"description\":\"This is PAA Ltd. brand site\",\"publisher\":{\"@id\":\"https:\/\/paabaths.com\/lv\/#organization\"},\"potentialAction\":[{\"@type\":\"SearchAction\",\"target\":{\"@type\":\"EntryPoint\",\"urlTemplate\":\"https:\/\/paabaths.com\/lv\/?s={search_term_string}\"},\"query-input\":{\"@type\":\"PropertyValueSpecification\",\"valueRequired\":true,\"valueName\":\"search_term_string\"}}],\"inLanguage\":\"lv-LV\"},{\"@type\":\"Organization\",\"@id\":\"https:\/\/paabaths.com\/lv\/#organization\",\"name\":\"PAA Baths\",\"url\":\"https:\/\/paabaths.com\/lv\/\",\"logo\":{\"@type\":\"ImageObject\",\"inLanguage\":\"lv-LV\",\"@id\":\"https:\/\/paabaths.com\/lv\/#\/schema\/logo\/image\/\",\"url\":\"https:\/\/paabaths.com\/wp-content\/uploads\/2023\/02\/84294546_179914056600038_3880533746851512320_n.jpeg\",\"contentUrl\":\"https:\/\/paabaths.com\/wp-content\/uploads\/2023\/02\/84294546_179914056600038_3880533746851512320_n.jpeg\",\"width\":320,\"height\":320,\"caption\":\"PAA Baths\"},\"image\":{\"@id\":\"https:\/\/paabaths.com\/lv\/#\/schema\/logo\/image\/\"},\"sameAs\":[\"https:\/\/www.facebook.com\/paabaths\/\",\"https:\/\/www.instagram.com\/paa_baths\"]}]}<\/script>\n<!-- \/ Yoast SEO plugin. -->","yoast_head_json":{"title":"Tre 170 A - PAA","robots":{"index":"index","follow":"follow","max-snippet":"max-snippet:-1","max-image-preview":"max-image-preview:large","max-video-preview":"max-video-preview:-1"},"canonical":"https:\/\/paabaths.com\/lv\/produkcija\/vannas\/tre-170-a\/","og_locale":"lv_LV","og_type":"article","og_title":"Tre 170 A - PAA","og_url":"https:\/\/paabaths.com\/lv\/produkcija\/vannas\/tre-170-a\/","og_site_name":"PAA","article_publisher":"https:\/\/www.facebook.com\/paabaths\/","article_modified_time":"2025-04-13T20:19:45+00:00","og_image":[{"width":1540,"height":900,"url":"https:\/\/paabaths.com\/wp-content\/uploads\/2022\/03\/PAA-Baths-Cast-Stone-Tre-K-1500x1000-01-02-Small-panel-Front-View-Glossy-Alpine-White-1540x900px.jpg","type":"image\/jpeg"}],"twitter_card":"summary_large_image","schema":{"@context":"https:\/\/schema.org","@graph":[{"@type":"WebPage","@id":"https:\/\/paabaths.com\/lv\/produkcija\/vannas\/tre-170-a\/","url":"https:\/\/paabaths.com\/lv\/produkcija\/vannas\/tre-170-a\/","name":"Tre 170 A - PAA","isPartOf":{"@id":"https:\/\/paabaths.com\/lv\/#website"},"primaryImageOfPage":{"@id":"https:\/\/paabaths.com\/lv\/produkcija\/vannas\/tre-170-a\/#primaryimage"},"image":{"@id":"https:\/\/paabaths.com\/lv\/produkcija\/vannas\/tre-170-a\/#primaryimage"},"thumbnailUrl":"https:\/\/paabaths.com\/wp-content\/uploads\/2022\/03\/PAA-Baths-Cast-Stone-Tre-K-1500x1000-01-02-Small-panel-Front-View-Glossy-Alpine-White-1540x900px.jpg","datePublished":"2022-05-30T12:08:06+00:00","dateModified":"2025-04-13T20:19:45+00:00","breadcrumb":{"@id":"https:\/\/paabaths.com\/lv\/produkcija\/vannas\/tre-170-a\/#breadcrumb"},"inLanguage":"lv-LV","potentialAction":[{"@type":"ReadAction","target":["https:\/\/paabaths.com\/lv\/produkcija\/vannas\/tre-170-a\/"]}]},{"@type":"ImageObject","inLanguage":"lv-LV","@id":"https:\/\/paabaths.com\/lv\/produkcija\/vannas\/tre-170-a\/#primaryimage","url":"https:\/\/paabaths.com\/wp-content\/uploads\/2022\/03\/PAA-Baths-Cast-Stone-Tre-K-1500x1000-01-02-Small-panel-Front-View-Glossy-Alpine-White-1540x900px.jpg","contentUrl":"https:\/\/paabaths.com\/wp-content\/uploads\/2022\/03\/PAA-Baths-Cast-Stone-Tre-K-1500x1000-01-02-Small-panel-Front-View-Glossy-Alpine-White-1540x900px.jpg","width":1540,"height":900},{"@type":"BreadcrumbList","@id":"https:\/\/paabaths.com\/lv\/produkcija\/vannas\/tre-170-a\/#breadcrumb","itemListElement":[{"@type":"ListItem","position":1,"name":"Home","item":"https:\/\/paabaths.com\/lv\/"},{"@type":"ListItem","position":2,"name":"Produkcija","item":"https:\/\/paabaths.com\/lv\/produkcija\/"},{"@type":"ListItem","position":3,"name":"Tre 170 A"}]},{"@type":"WebSite","@id":"https:\/\/paabaths.com\/lv\/#website","url":"https:\/\/paabaths.com\/lv\/","name":"PAA","description":"This is PAA Ltd. brand site","publisher":{"@id":"https:\/\/paabaths.com\/lv\/#organization"},"potentialAction":[{"@type":"SearchAction","target":{"@type":"EntryPoint","urlTemplate":"https:\/\/paabaths.com\/lv\/?s={search_term_string}"},"query-input":{"@type":"PropertyValueSpecification","valueRequired":true,"valueName":"search_term_string"}}],"inLanguage":"lv-LV"},{"@type":"Organization","@id":"https:\/\/paabaths.com\/lv\/#organization","name":"PAA Baths","url":"https:\/\/paabaths.com\/lv\/","logo":{"@type":"ImageObject","inLanguage":"lv-LV","@id":"https:\/\/paabaths.com\/lv\/#\/schema\/logo\/image\/","url":"https:\/\/paabaths.com\/wp-content\/uploads\/2023\/02\/84294546_179914056600038_3880533746851512320_n.jpeg","contentUrl":"https:\/\/paabaths.com\/wp-content\/uploads\/2023\/02\/84294546_179914056600038_3880533746851512320_n.jpeg","width":320,"height":320,"caption":"PAA Baths"},"image":{"@id":"https:\/\/paabaths.com\/lv\/#\/schema\/logo\/image\/"},"sameAs":["https:\/\/www.facebook.com\/paabaths\/","https:\/\/www.instagram.com\/paa_baths"]}]}},"_links":{"self":[{"href":"https:\/\/paabaths.com\/lv\/wp-json\/wp\/v2\/product\/12251","targetHints":{"allow":["GET"]}}],"collection":[{"href":"https:\/\/paabaths.com\/lv\/wp-json\/wp\/v2\/product"}],"about":[{"href":"https:\/\/paabaths.com\/lv\/wp-json\/wp\/v2\/types\/product"}],"acf:post":[{"embeddable":true,"href":"https:\/\/paabaths.com\/lv\/wp-json\/wp\/v2\/product\/8969"}],"acf:term":[{"embeddable":true,"taxonomy":"pa_material","href":"https:\/\/paabaths.com\/lv\/wp-json\/wp\/v2\/pa_material\/100"},{"embeddable":true,"taxonomy":"product_cat","href":"https:\/\/paabaths.com\/lv\/wp-json\/wp\/v2\/product_cat\/81"}],"wp:featuredmedia":[{"embeddable":true,"href":"https:\/\/paabaths.com\/lv\/wp-json\/wp\/v2\/media\/8031"}],"wp:attachment":[{"href":"https:\/\/paabaths.com\/lv\/wp-json\/wp\/v2\/media?parent=12251"}],"wp:term":[{"taxonomy":"product_brand","embeddable":true,"href":"https:\/\/paabaths.com\/lv\/wp-json\/wp\/v2\/product_brand?post=12251"},{"taxonomy":"product_cat","embeddable":true,"href":"https:\/\/paabaths.com\/lv\/wp-json\/wp\/v2\/product_cat?post=12251"},{"taxonomy":"product_tag","embeddable":true,"href":"https:\/\/paabaths.com\/lv\/wp-json\/wp\/v2\/product_tag?post=12251"}],"curies":[{"name":"wp","href":"https:\/\/api.w.org\/{rel}","templated":true}]}}