{"id":11071,"date":"2022-04-19T11:06:09","date_gmt":"2022-04-19T08:06:09","guid":{"rendered":"https:\/\/paa.emptylimits.com\/catalog\/uncategorized\/made-to-measure\/"},"modified":"2025-04-12T10:16:46","modified_gmt":"2025-04-12T07:16:46","slug":"made-to-measure","status":"publish","type":"product","link":"https:\/\/paabaths.com\/lv\/produkcija\/izlietnes\/flow-45\/","title":{"rendered":"Flow 45"},"content":{"rendered":"","protected":false},"excerpt":{"rendered":"","protected":false},"featured_media":0,"template":"","meta":{"_acf_changed":false,"inline_featured_image":false},"product_brand":[],"product_cat":[89],"product_tag":[],"class_list":{"0":"post-11071","1":"product","2":"type-product","3":"status-publish","5":"product_type-variable","6":"product_cat-izlietnes","7":"pa_installation-type-izlietnes-pie-sienas","8":"pa_installation-type-made-to-measure","9":"pa_material-silkstone-2","11":"first","12":"instock","13":"shipping-taxable","14":"purchasable","15":"product-type-variable","16":"has-default-attributes"},"acf":{"product_type":"mtm","price_pdf_url":"https:\/\/paabaths.com\/wp-content\/uploads\/Product-prices\/LV\/PAA-Washbasin-Prices-LV_FLOW451.pdf","dealer_type-exclusive":false,"corner_image":null,"square_image":null,"all_models_image":null,"tag_image":null,"description":"","category":89,"material":[87],"collection":false,"gallery_1":[{"type":"full","image":25184,"image_2":null,"images":[10658],"video_url":""}],"step_1":{"icon":10638,"text":"Uzm\u0113riet telpu, uzz\u012bm\u0113jiet"},"step_2":{"icon":10643,"text":"Iez\u012bm\u0113jiet izlietni"},"step_3":{"icon":10648,"text":"Izlietnei - izv\u0113lieties b\u013codu"},"step_4":{"icon":10653,"text":"Izv\u0113lieties kr\u0101su un papildelementus"},"specification_table":[{"type":"material","label":"","value":""},{"type":"size","label":"","value":""}],"optional_products":null,"optional_text":"","downloads":[{"file_type":"cad","label":"0","file":23338},{"file_type":"cad","label":"1","file":23350},{"file_type":"pdf","label":"6","file":64170}],"gallery":[{"type":"slider","image":null,"text":{"text":"","text_vertical_position":54},"image_2":null,"text_2":{"text":"","text_vertical_position":54},"images":[10663,10658],"video_url":""},{"type":"two","image":10668,"text":{"text":"","text_vertical_position":"54"},"image_2":10673,"text_2":{"text":"","text_vertical_position":"54"},"images":null,"video_url":""}],"technical_drawings":{"side_view":16805,"side_view_text":"600 - 3000 x 450 mm\r\nH = 160 mm","end_view":16811,"top_view":16817,"drainage_area":"","mounting_icons":"","":null,"side_view_scale":{"scale":100,"x_position":100,"y_position":100},"top_view_scale":{"scale":100,"x_position":100,"y_position":110},"end_view_scale":{"scale":100,"x_position":115,"y_position":100},"drainage_area_scale":{"scale":100,"x_position":100,"y_position":100},"space":{"before":0,"between":0,"after":20}},"space_afer_drawings":0,"matching_product":[{"product":7232,"variation":99}],"is_main_connected_product":false,"has_no_content":false,"connected_product":11086,"default_product":null,"enable_mtm_icon":false,"vario_page":null,"vario_all":null},"yoast_head":"<!-- This site is optimized with the Yoast SEO plugin v26.1.1 - https:\/\/yoast.com\/wordpress\/plugins\/seo\/ -->\n<title>Flow 45 - PAA<\/title>\n<meta name=\"robots\" content=\"index, follow, max-snippet:-1, max-image-preview:large, max-video-preview:-1\" \/>\n<link rel=\"canonical\" href=\"https:\/\/paabaths.com\/lv\/produkcija\/izlietnes\/flow-45\/\" \/>\n<meta property=\"og:locale\" content=\"lv_LV\" \/>\n<meta property=\"og:type\" content=\"article\" \/>\n<meta property=\"og:title\" content=\"Flow 45 - PAA\" \/>\n<meta property=\"og:url\" content=\"https:\/\/paabaths.com\/lv\/produkcija\/izlietnes\/flow-45\/\" \/>\n<meta property=\"og:site_name\" content=\"PAA\" \/>\n<meta property=\"article:publisher\" content=\"https:\/\/www.facebook.com\/paabaths\/\" \/>\n<meta property=\"article:modified_time\" content=\"2025-04-12T07:16:46+00:00\" \/>\n<meta property=\"og:image\" content=\"https:\/\/paabaths.com\/wp-content\/uploads\/2025\/09\/PAA-baths-title2560x1500px.jpg\" \/>\n\t<meta property=\"og:image:width\" content=\"2560\" \/>\n\t<meta property=\"og:image:height\" content=\"1500\" \/>\n\t<meta property=\"og:image:type\" content=\"image\/jpeg\" \/>\n<meta name=\"twitter:card\" content=\"summary_large_image\" \/>\n<script type=\"application\/ld+json\" class=\"yoast-schema-graph\">{\"@context\":\"https:\/\/schema.org\",\"@graph\":[{\"@type\":\"WebPage\",\"@id\":\"https:\/\/paabaths.com\/lv\/produkcija\/izlietnes\/flow-45\/\",\"url\":\"https:\/\/paabaths.com\/lv\/produkcija\/izlietnes\/flow-45\/\",\"name\":\"Flow 45 - PAA\",\"isPartOf\":{\"@id\":\"https:\/\/paabaths.com\/lv\/#website\"},\"datePublished\":\"2022-04-19T08:06:09+00:00\",\"dateModified\":\"2025-04-12T07:16:46+00:00\",\"breadcrumb\":{\"@id\":\"https:\/\/paabaths.com\/lv\/produkcija\/izlietnes\/flow-45\/#breadcrumb\"},\"inLanguage\":\"lv-LV\",\"potentialAction\":[{\"@type\":\"ReadAction\",\"target\":[\"https:\/\/paabaths.com\/lv\/produkcija\/izlietnes\/flow-45\/\"]}]},{\"@type\":\"BreadcrumbList\",\"@id\":\"https:\/\/paabaths.com\/lv\/produkcija\/izlietnes\/flow-45\/#breadcrumb\",\"itemListElement\":[{\"@type\":\"ListItem\",\"position\":1,\"name\":\"Home\",\"item\":\"https:\/\/paabaths.com\/lv\/\"},{\"@type\":\"ListItem\",\"position\":2,\"name\":\"Produkcija\",\"item\":\"https:\/\/paabaths.com\/lv\/produkcija\/\"},{\"@type\":\"ListItem\",\"position\":3,\"name\":\"Flow 45\"}]},{\"@type\":\"WebSite\",\"@id\":\"https:\/\/paabaths.com\/lv\/#website\",\"url\":\"https:\/\/paabaths.com\/lv\/\",\"name\":\"PAA\",\"description\":\"This is PAA Ltd. brand site\",\"publisher\":{\"@id\":\"https:\/\/paabaths.com\/lv\/#organization\"},\"potentialAction\":[{\"@type\":\"SearchAction\",\"target\":{\"@type\":\"EntryPoint\",\"urlTemplate\":\"https:\/\/paabaths.com\/lv\/?s={search_term_string}\"},\"query-input\":{\"@type\":\"PropertyValueSpecification\",\"valueRequired\":true,\"valueName\":\"search_term_string\"}}],\"inLanguage\":\"lv-LV\"},{\"@type\":\"Organization\",\"@id\":\"https:\/\/paabaths.com\/lv\/#organization\",\"name\":\"PAA Baths\",\"url\":\"https:\/\/paabaths.com\/lv\/\",\"logo\":{\"@type\":\"ImageObject\",\"inLanguage\":\"lv-LV\",\"@id\":\"https:\/\/paabaths.com\/lv\/#\/schema\/logo\/image\/\",\"url\":\"https:\/\/paabaths.com\/wp-content\/uploads\/2023\/02\/84294546_179914056600038_3880533746851512320_n.jpeg\",\"contentUrl\":\"https:\/\/paabaths.com\/wp-content\/uploads\/2023\/02\/84294546_179914056600038_3880533746851512320_n.jpeg\",\"width\":320,\"height\":320,\"caption\":\"PAA Baths\"},\"image\":{\"@id\":\"https:\/\/paabaths.com\/lv\/#\/schema\/logo\/image\/\"},\"sameAs\":[\"https:\/\/www.facebook.com\/paabaths\/\",\"https:\/\/www.instagram.com\/paa_baths\"]}]}<\/script>\n<!-- \/ Yoast SEO plugin. -->","yoast_head_json":{"title":"Flow 45 - PAA","robots":{"index":"index","follow":"follow","max-snippet":"max-snippet:-1","max-image-preview":"max-image-preview:large","max-video-preview":"max-video-preview:-1"},"canonical":"https:\/\/paabaths.com\/lv\/produkcija\/izlietnes\/flow-45\/","og_locale":"lv_LV","og_type":"article","og_title":"Flow 45 - PAA","og_url":"https:\/\/paabaths.com\/lv\/produkcija\/izlietnes\/flow-45\/","og_site_name":"PAA","article_publisher":"https:\/\/www.facebook.com\/paabaths\/","article_modified_time":"2025-04-12T07:16:46+00:00","og_image":[{"width":2560,"height":1500,"url":"https:\/\/paabaths.com\/wp-content\/uploads\/2025\/09\/PAA-baths-title2560x1500px.jpg","type":"image\/jpeg"}],"twitter_card":"summary_large_image","schema":{"@context":"https:\/\/schema.org","@graph":[{"@type":"WebPage","@id":"https:\/\/paabaths.com\/lv\/produkcija\/izlietnes\/flow-45\/","url":"https:\/\/paabaths.com\/lv\/produkcija\/izlietnes\/flow-45\/","name":"Flow 45 - PAA","isPartOf":{"@id":"https:\/\/paabaths.com\/lv\/#website"},"datePublished":"2022-04-19T08:06:09+00:00","dateModified":"2025-04-12T07:16:46+00:00","breadcrumb":{"@id":"https:\/\/paabaths.com\/lv\/produkcija\/izlietnes\/flow-45\/#breadcrumb"},"inLanguage":"lv-LV","potentialAction":[{"@type":"ReadAction","target":["https:\/\/paabaths.com\/lv\/produkcija\/izlietnes\/flow-45\/"]}]},{"@type":"BreadcrumbList","@id":"https:\/\/paabaths.com\/lv\/produkcija\/izlietnes\/flow-45\/#breadcrumb","itemListElement":[{"@type":"ListItem","position":1,"name":"Home","item":"https:\/\/paabaths.com\/lv\/"},{"@type":"ListItem","position":2,"name":"Produkcija","item":"https:\/\/paabaths.com\/lv\/produkcija\/"},{"@type":"ListItem","position":3,"name":"Flow 45"}]},{"@type":"WebSite","@id":"https:\/\/paabaths.com\/lv\/#website","url":"https:\/\/paabaths.com\/lv\/","name":"PAA","description":"This is PAA Ltd. brand site","publisher":{"@id":"https:\/\/paabaths.com\/lv\/#organization"},"potentialAction":[{"@type":"SearchAction","target":{"@type":"EntryPoint","urlTemplate":"https:\/\/paabaths.com\/lv\/?s={search_term_string}"},"query-input":{"@type":"PropertyValueSpecification","valueRequired":true,"valueName":"search_term_string"}}],"inLanguage":"lv-LV"},{"@type":"Organization","@id":"https:\/\/paabaths.com\/lv\/#organization","name":"PAA Baths","url":"https:\/\/paabaths.com\/lv\/","logo":{"@type":"ImageObject","inLanguage":"lv-LV","@id":"https:\/\/paabaths.com\/lv\/#\/schema\/logo\/image\/","url":"https:\/\/paabaths.com\/wp-content\/uploads\/2023\/02\/84294546_179914056600038_3880533746851512320_n.jpeg","contentUrl":"https:\/\/paabaths.com\/wp-content\/uploads\/2023\/02\/84294546_179914056600038_3880533746851512320_n.jpeg","width":320,"height":320,"caption":"PAA Baths"},"image":{"@id":"https:\/\/paabaths.com\/lv\/#\/schema\/logo\/image\/"},"sameAs":["https:\/\/www.facebook.com\/paabaths\/","https:\/\/www.instagram.com\/paa_baths"]}]}},"_links":{"self":[{"href":"https:\/\/paabaths.com\/lv\/wp-json\/wp\/v2\/product\/11071","targetHints":{"allow":["GET"]}}],"collection":[{"href":"https:\/\/paabaths.com\/lv\/wp-json\/wp\/v2\/product"}],"about":[{"href":"https:\/\/paabaths.com\/lv\/wp-json\/wp\/v2\/types\/product"}],"acf:post":[{"embeddable":true,"href":"https:\/\/paabaths.com\/lv\/wp-json\/wp\/v2\/product\/11086"}],"acf:term":[{"embeddable":true,"taxonomy":"pa_material","href":"https:\/\/paabaths.com\/lv\/wp-json\/wp\/v2\/pa_material\/87"},{"embeddable":true,"taxonomy":"product_cat","href":"https:\/\/paabaths.com\/lv\/wp-json\/wp\/v2\/product_cat\/89"}],"wp:attachment":[{"href":"https:\/\/paabaths.com\/lv\/wp-json\/wp\/v2\/media?parent=11071"}],"wp:term":[{"taxonomy":"product_brand","embeddable":true,"href":"https:\/\/paabaths.com\/lv\/wp-json\/wp\/v2\/product_brand?post=11071"},{"taxonomy":"product_cat","embeddable":true,"href":"https:\/\/paabaths.com\/lv\/wp-json\/wp\/v2\/product_cat?post=11071"},{"taxonomy":"product_tag","embeddable":true,"href":"https:\/\/paabaths.com\/lv\/wp-json\/wp\/v2\/product_tag?post=11071"}],"curies":[{"name":"wp","href":"https:\/\/api.w.org\/{rel}","templated":true}]}}