{"id":72881,"date":"2025-03-17T10:19:30","date_gmt":"2025-03-17T08:19:30","guid":{"rendered":"https:\/\/paabaths.com\/?page_id=72881"},"modified":"2025-09-17T21:36:47","modified_gmt":"2025-09-17T18:36:47","slug":"alba-gimene","status":"publish","type":"page","link":"https:\/\/paabaths.com\/lv\/produktu-gimenes\/alba-gimene\/","title":{"rendered":"Alba \u0122imene"},"content":{"rendered":"<section data-type='content-width' id='block-69e1253e18b0d' class='full-width-cta wp-block-group acf-block alignwide font-color-white'><style>#block-69e1253e18b0d .wp-block-image { height: 147px; } \r\n@media(max-width:1024px){ #block-69e1253e18b0d .wp-block-image { height: 147px; } }; \r\n@media(max-width:992px){ #block-69e1253e18b0d .wp-block-image { height: 147px; } }; \r\n@media(max-width:568px){ #block-69e1253e18b0d .wp-block-image { height: 147px; } }; \r\n<\/style><div class='image lazyload' data-background-image='https:\/\/paabaths.com\/wp-content\/uploads\/2025\/03\/PAAxKarim-logo-1000x147-1.jpg'><\/div><div class='fill-bg'><\/div><div class='wp-block alignwide'><div  class='wp-block-image title-position-top'><span class='inner-wrap'><span class='inner t-a-b-2'><h3 class='underline-solid'><\/h3><\/span><\/span><\/div><\/div><\/section>\n\n<section data-type='full-width-auto-height' id='block-69e1253e1ae96' class='full-width-cta wp-block-group acf-block auto-height '><style>@media (min-width: 1500px) { #block-69e1253e1ae96.full-width-cta:not(.alignwide) { height: auto; padding-top: 0; }}#block-69e1253e1ae96 img { width: 100%; height: auto; } \r\n#block-69e1253e1ae96.full-width-cta .wp-block-image { height: 100%; } \r\n#block-69e1253e1ae96 .wp-block { position: absolute; width: 100%; top: 0; height: 100%; left: 50%; transform: translateX(-50%); } \r\n#block-69e1253e1ae96.full-width-cta .wp-block-image .inner-wrap { padding-top: 3%; padding-bottom: 3%; } \r\n<\/style><img class='lazyload' data-src='https:\/\/paabaths.com\/wp-content\/uploads\/2025\/03\/PAA-Alba-factory-image-vertical-2580x946px-2560x939.jpg' src=''><div class='wp-block alignwide'><div  class='wp-block-image title-position-'><span class='inner-wrap'><span class='inner t-a-b-2'><h3 class='underline-solid'><\/h3><\/span><\/span><\/div><\/div><\/section>\n\n<section class='page-content wp-block-group acf-block alignwide style-2 content-width'><div class='wp-block alignwide'><div class='content t-a-b-2'><p>Alba \u0123imene no Karima Ra\u0161ida<\/p>\n<\/div><\/div><\/section>\n\n<section class='page-content wp-block-group acf-block alignwide style-1-1 content-width'><div class='wp-block alignwide'><div class='content t-a-b-2'><p style=\"text-align: center;\"><span style=\"font-family: Barlow Condensed; font-size: 28px;\">It\u0101lie\u0161u valod\u0101 v\u0101rds alba noz\u012bm\u0113 &#8211; ausma. K\u0101da t\u0101 ir? K\u0101 jaunas dienas svaigums? K\u0101 piln\u012bga domu un formu t\u012br\u012bba? Kad pamatforma transform\u0113jas no taisnst\u016bra uz apli, top skulptur\u0101ls minim\u0101lisms. <\/span><\/p>\n<\/div><\/div><\/section>\n\n<section class=\"youtube-block\">\n    <div class=\"inner wp-block alignwide\">\n        <div id=\"6bHoY5RiYnw\" class=\"youtube-player\" data-plyr-provider=\"youtube\" data-plyr-embed-id=\"6bHoY5RiYnw\"><\/div>\n    <\/div>\n<\/section>\n<style>\n.plyr__control--overlaid {\n    margin-top: 0!important;\n}\n@media (max-width: 1140px) {\n    .youtube-block {\n        margin-bottom: 30px;\n    }\n    .home .youtube-block .inner {\n\t    padding-left: 70px;\n\t    padding-right: 70px;\n    }\n}\n@media (max-width: 992px) {\n    .home .youtube-block .inner {\n\t    padding-left: 15px;\n\t    padding-right: 15px;\n    }\n}\n@media(max-width:768px) {\n\t.youtube-block {\n\t\tmargin-bottom: 15px;\n\t}\n}\n<\/style>\n\n<div class=\"wp-block-image\">\n<figure class=\"aligncenter size-large is-resized\"><img loading=\"lazy\" decoding=\"async\" src=\"https:\/\/paabaths.com\/wp-content\/uploads\/2025\/02\/PAA-Alba-baths-and-washbasins-interior-2560x1446px-1560x881.jpg\" alt=\"\" class=\"wp-image-72816\" width=\"1044\" height=\"590\" srcset=\"https:\/\/paabaths.com\/wp-content\/uploads\/2025\/02\/PAA-Alba-baths-and-washbasins-interior-2560x1446px-1560x881.jpg 1560w, https:\/\/paabaths.com\/wp-content\/uploads\/2025\/02\/PAA-Alba-baths-and-washbasins-interior-2560x1446px-750x424.jpg 750w, https:\/\/paabaths.com\/wp-content\/uploads\/2025\/02\/PAA-Alba-baths-and-washbasins-interior-2560x1446px-2000x1130.jpg 2000w\" sizes=\"auto, (max-width: 1044px) 100vw, 1044px\" \/><\/figure><\/div>\n\n<section class='page-content wp-block-group acf-block alignwide style-1-1 content-width'><div class='wp-block alignwide'><div class='content t-a-b-2'><p style=\"text-align: center;\"><span style=\"font-family: Barlow Condensed; font-size: 28px;\"><br \/>\nSaule pace\u013cas virs apv\u0101r\u0161\u0146a, un maigas, pl\u016bsto\u0161as formu p\u0101rejas iegremd\u0113 atsl\u0101bino\u0161\u0101 pieredz\u0113. <\/span><\/p>\n<\/div><\/div><\/section>\n\n<div class=\"wp-block-image\">\n<figure class=\"aligncenter size-full\"><img loading=\"lazy\" decoding=\"async\" width=\"1000\" height=\"1000\" src=\"https:\/\/paabaths.com\/wp-content\/uploads\/Product-images\/Product-detail-images\/Baths\/Alba\/PAA-Alba-products-family-design-features-LV.jpg\" alt=\"\" class=\"wp-image-72853\" srcset=\"https:\/\/paabaths.com\/wp-content\/uploads\/Product-images\/Product-detail-images\/Baths\/Alba\/PAA-Alba-products-family-design-features-LV.jpg 1000w, https:\/\/paabaths.com\/wp-content\/uploads\/Product-images\/Product-detail-images\/Baths\/Alba\/PAA-Alba-products-family-design-features-LV-750x750.jpg 750w, https:\/\/paabaths.com\/wp-content\/uploads\/Product-images\/Product-detail-images\/Baths\/Alba\/PAA-Alba-products-family-design-features-LV-150x150.jpg 150w, https:\/\/paabaths.com\/wp-content\/uploads\/Product-images\/Product-detail-images\/Baths\/Alba\/PAA-Alba-products-family-design-features-LV-32x32.jpg 32w, https:\/\/paabaths.com\/wp-content\/uploads\/Product-images\/Product-detail-images\/Baths\/Alba\/PAA-Alba-products-family-design-features-LV-600x600.jpg 600w, https:\/\/paabaths.com\/wp-content\/uploads\/Product-images\/Product-detail-images\/Baths\/Alba\/PAA-Alba-products-family-design-features-LV-100x100.jpg 100w\" sizes=\"auto, (max-width: 1000px) 100vw, 1000px\" \/><\/figure><\/div>\n\n<section class='page-content wp-block-group acf-block alignwide style-1-1 content-width'><div class='wp-block alignwide'><div class='content t-a-b-2'><p style=\"text-align: center;\"><span style=\"font-family: Barlow Condensed; font-size: 28px;\">L\u012bdz\u012bgi k\u0101 \u201clotosa\u201d medit\u0101cijas poz\u0101, ar\u012b s\u0113d\u0113\u0161ana vann\u0101 ar taisnu muguru un \u0137erme\u0146a vertikalit\u0101te \u013cauj atsl\u0101bin\u0101ties. M\u016bsdien\u012bgiem lietot\u0101jiem, kas ciena las\u012b\u0161anu vann\u0101 vai reti \u0161\u0137iras no viedier\u012bc\u0113m, s\u0113dvanna b\u016bs \u0113rt\u0101ka izv\u0113le. Turkl\u0101t da\u013cai cilv\u0113ku ar kust\u012bbu ierobe\u017eojumiem s\u0113dvanna var b\u016bt piem\u0113rot\u0101ka. <\/span><\/p>\n<\/div><\/div><\/section>\n\n<section class=\"square-boxes wp-block-group acf-block\">\n    <div class='wp-block-columns align-wide items-2'><div class='wp-block-column'><a href='https:\/\/paabaths.com\/lv\/produkcija\/izlietnes\/?pa_family=alba-lv' class='wp-block-image title-position-top'><span class='image' style='background-image:url(https:\/\/paabaths.com\/wp-content\/uploads\/2025\/03\/PAA-product-link-images-Alba-washbasin-LV-1-750x750.jpg);'><\/span><span class='inner-wrap'><span class='inner'><h3><\/h3><\/span><\/span><\/a><\/div><div class='wp-block-column'><a href='https:\/\/paabaths.com\/lv\/produkcija\/vannas\/alba\/' class='wp-block-image title-position-top'><span class='image' style='background-image:url(https:\/\/paabaths.com\/wp-content\/uploads\/2025\/03\/PAA-product-link-images-Alba-bath-LV-1-750x750.jpg);'><\/span><span class='inner-wrap'><span class='inner'><h3><\/h3><\/span><\/span><\/a><\/div>    <\/div>\n<\/section>\n\n\n<section data-type='content-width' id='block-69e1253e222b7' class='full-width-cta wp-block-group acf-block alignwide '><style>#block-69e1253e222b7 .wp-block-image { height: 147px; } \r\n@media(max-width:1024px){ #block-69e1253e222b7 .wp-block-image { height: 147px; } }; \r\n@media(max-width:992px){ #block-69e1253e222b7 .wp-block-image { height: 147px; } }; \r\n@media(max-width:568px){ #block-69e1253e222b7 .wp-block-image { height: 147px; } }; \r\n<\/style><div class='image lazyload' data-background-image='https:\/\/paabaths.com\/wp-content\/uploads\/2025\/03\/PAAxKarim-logo-1000x147-1.jpg'><\/div><div class='fill-bg'><\/div><div class='wp-block alignwide'><div  class='wp-block-image title-position-'><span class='inner-wrap'><span class='inner t-a-b-2'><h3 class='underline-solid'><\/h3><\/span><\/span><\/div><\/div><\/section>\n\n<section data-type='full-width-auto-height' id='block-69e1253e234de' class='full-width-cta wp-block-group acf-block auto-height '><style>@media (min-width: 1500px) { #block-69e1253e234de.full-width-cta:not(.alignwide) { height: auto; padding-top: 0; }}#block-69e1253e234de img { width: 100%; height: auto; } \r\n#block-69e1253e234de.full-width-cta .wp-block-image { height: 100%; } \r\n#block-69e1253e234de .wp-block { position: absolute; width: 100%; top: 0; height: 100%; left: 50%; transform: translateX(-50%); } \r\n#block-69e1253e234de.full-width-cta .wp-block-image .inner-wrap { padding-top: 3%; padding-bottom: 3%; } \r\n<\/style><img class='lazyload' data-src='https:\/\/paabaths.com\/wp-content\/uploads\/2025\/03\/PAA-Designer-Karim-Rashid-portrait-2560x1270px.jpg' src=''><div class='wp-block alignwide'><div  class='wp-block-image title-position-'><span class='inner-wrap'><span class='inner t-a-b-2'><h3 class='underline-solid'><\/h3><\/span><\/span><\/div><\/div><\/section>\n\n<section class='page-content wp-block-group acf-block alignwide style-2 content-width'><div class='wp-block alignwide'><div class='content t-a-b-2'><p>Alba \u0123imene no Karima Ra\u0161ida<\/p>\n<\/div><\/div><\/section>\n\n\n<div class=\"wp-block-group alignwide\"><div class=\"wp-block-group__inner-container is-layout-constrained wp-block-group-is-layout-constrained\"><div class=\"wp-block-image\">\n<figure class=\"aligncenter size-large is-resized\"><img loading=\"lazy\" decoding=\"async\" src=\"https:\/\/paabaths.com\/wp-content\/uploads\/2025\/03\/PAA-Karim-Rashid-Alba-sketch-02-1560x942.jpg\" alt=\"\" class=\"wp-image-72632\" width=\"780\" height=\"471\" srcset=\"https:\/\/paabaths.com\/wp-content\/uploads\/2025\/03\/PAA-Karim-Rashid-Alba-sketch-02-1560x942.jpg 1560w, https:\/\/paabaths.com\/wp-content\/uploads\/2025\/03\/PAA-Karim-Rashid-Alba-sketch-02-750x453.jpg 750w, https:\/\/paabaths.com\/wp-content\/uploads\/2025\/03\/PAA-Karim-Rashid-Alba-sketch-02-2000x1208.jpg 2000w\" sizes=\"auto, (max-width: 780px) 100vw, 780px\" \/><\/figure><\/div><\/div><\/div>\n\n\n<section class='page-content wp-block-group acf-block alignwide style-1-1 content-width'><div class='wp-block alignwide'><div class='content t-a-b-2'><p style=\"text-align: center;\"><span style=\"font-family: Barlow Condensed; font-size: 28px;\"> V\u012bzijas vad\u012bts, rado\u0161s un ra\u017e\u012bgs \u2013 Karims Ra\u0161ids ir viena no m\u016bsdienu industri\u0101l\u0101 dizaina unik\u0101l\u0101kaj\u0101m bals\u012bm. 4000 rad\u012btu, akt\u012bv\u0101 ra\u017eo\u0161an\u0101 eso\u0161u dizainparaugu, vair\u0101k nek\u0101 400 apbalvojumu un sadarb\u012bba ar klientiem 47 valst\u012bs, Karima sp\u0113ja p\u0101rvar\u0113t rut\u012bnu un ikdien\u012bbu joproj\u0101m padara vi\u0146u par vienu no redzam\u0101kajiem autoriem savas paaudzes dizaineru vid\u016b. Balvas un atzin\u012bbas, tostarp Amerikas balva par m\u016b\u017ea ieguld\u012bjumu dizain\u0101, apliecina Karima Ra\u0161ida jaudu dizaina pasaul\u0113. Karims ir bie\u017es vieslektors universit\u0101t\u0113s un konferenc\u0113s, vis\u0101 pasaul\u0113 aktualiz\u0113jot dizaina noz\u012bmi ikdienas dz\u012bv\u0113. <\/span><\/p>\n<\/div><\/div><\/section>\n\n\n<div class=\"wp-block-group alignwide\"><div class=\"wp-block-group__inner-container is-layout-constrained wp-block-group-is-layout-constrained\"><div class=\"wp-block-image\">\n<figure class=\"aligncenter size-large is-resized\"><img loading=\"lazy\" decoding=\"async\" src=\"https:\/\/paabaths.com\/wp-content\/uploads\/2025\/03\/PAA-Karim-Rashid-Alba-sketch-01-1560x938.jpg\" alt=\"\" class=\"wp-image-72625\" width=\"780\" height=\"469\" srcset=\"https:\/\/paabaths.com\/wp-content\/uploads\/2025\/03\/PAA-Karim-Rashid-Alba-sketch-01-1560x938.jpg 1560w, https:\/\/paabaths.com\/wp-content\/uploads\/2025\/03\/PAA-Karim-Rashid-Alba-sketch-01-750x451.jpg 750w, https:\/\/paabaths.com\/wp-content\/uploads\/2025\/03\/PAA-Karim-Rashid-Alba-sketch-01-2000x1202.jpg 2000w\" sizes=\"auto, (max-width: 780px) 100vw, 780px\" \/><\/figure><\/div><\/div><\/div>\n","protected":false},"excerpt":{"rendered":"","protected":false},"author":9,"featured_media":0,"parent":73384,"menu_order":110,"comment_status":"closed","ping_status":"closed","template":"template-page-with-breadcrumbs.php","meta":{"_acf_changed":false,"inline_featured_image":false,"footnotes":""},"class_list":["post-72881","page","type-page","status-publish","hentry"],"acf":[],"yoast_head":"<!-- This site is optimized with the Yoast SEO plugin v26.1.1 - https:\/\/yoast.com\/wordpress\/plugins\/seo\/ -->\n<title>Alba \u0122imene - PAA<\/title>\n<meta name=\"description\" content=\"We make for a specific bathroom. According to the customer\u2019s specification. In Latvia. Handmade.\" \/>\n<meta name=\"robots\" content=\"index, follow, max-snippet:-1, max-image-preview:large, max-video-preview:-1\" \/>\n<link rel=\"canonical\" href=\"https:\/\/paabaths.com\/lv\/produktu-gimenes\/alba-gimene\/\" \/>\n<meta property=\"og:locale\" content=\"lv_LV\" \/>\n<meta property=\"og:type\" content=\"article\" \/>\n<meta property=\"og:title\" content=\"Alba \u0122imene - PAA\" \/>\n<meta property=\"og:description\" content=\"We make for a specific bathroom. According to the customer\u2019s specification. In Latvia. Handmade.\" \/>\n<meta property=\"og:url\" content=\"https:\/\/paabaths.com\/lv\/produktu-gimenes\/alba-gimene\/\" \/>\n<meta property=\"og:site_name\" content=\"PAA\" \/>\n<meta property=\"article:publisher\" content=\"https:\/\/www.facebook.com\/paabaths\/\" \/>\n<meta property=\"article:modified_time\" content=\"2025-09-17T18:36:47+00:00\" \/>\n<meta property=\"og:image\" content=\"https:\/\/paabaths.com\/wp-content\/uploads\/2025\/02\/PAA-Alba-baths-and-washbasins-interior-2560x1446px-1560x881.jpg\" \/>\n<meta name=\"twitter:card\" content=\"summary_large_image\" \/>\n<script type=\"application\/ld+json\" class=\"yoast-schema-graph\">{\"@context\":\"https:\/\/schema.org\",\"@graph\":[{\"@type\":\"WebPage\",\"@id\":\"https:\/\/paabaths.com\/lv\/produktu-gimenes\/alba-gimene\/\",\"url\":\"https:\/\/paabaths.com\/lv\/produktu-gimenes\/alba-gimene\/\",\"name\":\"Alba \u0122imene - PAA\",\"isPartOf\":{\"@id\":\"https:\/\/paabaths.com\/lv\/#website\"},\"primaryImageOfPage\":{\"@id\":\"https:\/\/paabaths.com\/lv\/produktu-gimenes\/alba-gimene\/#primaryimage\"},\"image\":{\"@id\":\"https:\/\/paabaths.com\/lv\/produktu-gimenes\/alba-gimene\/#primaryimage\"},\"thumbnailUrl\":\"https:\/\/paabaths.com\/wp-content\/uploads\/2025\/02\/PAA-Alba-baths-and-washbasins-interior-2560x1446px-1560x881.jpg\",\"datePublished\":\"2025-03-17T08:19:30+00:00\",\"dateModified\":\"2025-09-17T18:36:47+00:00\",\"description\":\"We make for a specific bathroom. According to the customer\u2019s specification. In Latvia. Handmade.\",\"breadcrumb\":{\"@id\":\"https:\/\/paabaths.com\/lv\/produktu-gimenes\/alba-gimene\/#breadcrumb\"},\"inLanguage\":\"lv-LV\",\"potentialAction\":[{\"@type\":\"ReadAction\",\"target\":[\"https:\/\/paabaths.com\/lv\/produktu-gimenes\/alba-gimene\/\"]}]},{\"@type\":\"ImageObject\",\"inLanguage\":\"lv-LV\",\"@id\":\"https:\/\/paabaths.com\/lv\/produktu-gimenes\/alba-gimene\/#primaryimage\",\"url\":\"https:\/\/paabaths.com\/wp-content\/uploads\/2025\/02\/PAA-Alba-baths-and-washbasins-interior-2560x1446px-1560x881.jpg\",\"contentUrl\":\"https:\/\/paabaths.com\/wp-content\/uploads\/2025\/02\/PAA-Alba-baths-and-washbasins-interior-2560x1446px-1560x881.jpg\"},{\"@type\":\"BreadcrumbList\",\"@id\":\"https:\/\/paabaths.com\/lv\/produktu-gimenes\/alba-gimene\/#breadcrumb\",\"itemListElement\":[{\"@type\":\"ListItem\",\"position\":1,\"name\":\"Home\",\"item\":\"https:\/\/paabaths.com\/lv\/\"},{\"@type\":\"ListItem\",\"position\":2,\"name\":\"Produktu \u0123imenes\",\"item\":\"https:\/\/paabaths.com\/lv\/produktu-gimenes\/\"},{\"@type\":\"ListItem\",\"position\":3,\"name\":\"Alba \u0122imene\"}]},{\"@type\":\"WebSite\",\"@id\":\"https:\/\/paabaths.com\/lv\/#website\",\"url\":\"https:\/\/paabaths.com\/lv\/\",\"name\":\"PAA\",\"description\":\"This is PAA Ltd. brand site\",\"publisher\":{\"@id\":\"https:\/\/paabaths.com\/lv\/#organization\"},\"potentialAction\":[{\"@type\":\"SearchAction\",\"target\":{\"@type\":\"EntryPoint\",\"urlTemplate\":\"https:\/\/paabaths.com\/lv\/?s={search_term_string}\"},\"query-input\":{\"@type\":\"PropertyValueSpecification\",\"valueRequired\":true,\"valueName\":\"search_term_string\"}}],\"inLanguage\":\"lv-LV\"},{\"@type\":\"Organization\",\"@id\":\"https:\/\/paabaths.com\/lv\/#organization\",\"name\":\"PAA Baths\",\"url\":\"https:\/\/paabaths.com\/lv\/\",\"logo\":{\"@type\":\"ImageObject\",\"inLanguage\":\"lv-LV\",\"@id\":\"https:\/\/paabaths.com\/lv\/#\/schema\/logo\/image\/\",\"url\":\"https:\/\/paabaths.com\/wp-content\/uploads\/2023\/02\/84294546_179914056600038_3880533746851512320_n.jpeg\",\"contentUrl\":\"https:\/\/paabaths.com\/wp-content\/uploads\/2023\/02\/84294546_179914056600038_3880533746851512320_n.jpeg\",\"width\":320,\"height\":320,\"caption\":\"PAA Baths\"},\"image\":{\"@id\":\"https:\/\/paabaths.com\/lv\/#\/schema\/logo\/image\/\"},\"sameAs\":[\"https:\/\/www.facebook.com\/paabaths\/\",\"https:\/\/www.instagram.com\/paa_baths\"]}]}<\/script>\n<!-- \/ Yoast SEO plugin. -->","yoast_head_json":{"title":"Alba \u0122imene - PAA","description":"We make for a specific bathroom. According to the customer\u2019s specification. In Latvia. Handmade.","robots":{"index":"index","follow":"follow","max-snippet":"max-snippet:-1","max-image-preview":"max-image-preview:large","max-video-preview":"max-video-preview:-1"},"canonical":"https:\/\/paabaths.com\/lv\/produktu-gimenes\/alba-gimene\/","og_locale":"lv_LV","og_type":"article","og_title":"Alba \u0122imene - PAA","og_description":"We make for a specific bathroom. According to the customer\u2019s specification. In Latvia. Handmade.","og_url":"https:\/\/paabaths.com\/lv\/produktu-gimenes\/alba-gimene\/","og_site_name":"PAA","article_publisher":"https:\/\/www.facebook.com\/paabaths\/","article_modified_time":"2025-09-17T18:36:47+00:00","og_image":[{"url":"https:\/\/paabaths.com\/wp-content\/uploads\/2025\/02\/PAA-Alba-baths-and-washbasins-interior-2560x1446px-1560x881.jpg","type":"","width":"","height":""}],"twitter_card":"summary_large_image","schema":{"@context":"https:\/\/schema.org","@graph":[{"@type":"WebPage","@id":"https:\/\/paabaths.com\/lv\/produktu-gimenes\/alba-gimene\/","url":"https:\/\/paabaths.com\/lv\/produktu-gimenes\/alba-gimene\/","name":"Alba \u0122imene - PAA","isPartOf":{"@id":"https:\/\/paabaths.com\/lv\/#website"},"primaryImageOfPage":{"@id":"https:\/\/paabaths.com\/lv\/produktu-gimenes\/alba-gimene\/#primaryimage"},"image":{"@id":"https:\/\/paabaths.com\/lv\/produktu-gimenes\/alba-gimene\/#primaryimage"},"thumbnailUrl":"https:\/\/paabaths.com\/wp-content\/uploads\/2025\/02\/PAA-Alba-baths-and-washbasins-interior-2560x1446px-1560x881.jpg","datePublished":"2025-03-17T08:19:30+00:00","dateModified":"2025-09-17T18:36:47+00:00","description":"We make for a specific bathroom. According to the customer\u2019s specification. In Latvia. Handmade.","breadcrumb":{"@id":"https:\/\/paabaths.com\/lv\/produktu-gimenes\/alba-gimene\/#breadcrumb"},"inLanguage":"lv-LV","potentialAction":[{"@type":"ReadAction","target":["https:\/\/paabaths.com\/lv\/produktu-gimenes\/alba-gimene\/"]}]},{"@type":"ImageObject","inLanguage":"lv-LV","@id":"https:\/\/paabaths.com\/lv\/produktu-gimenes\/alba-gimene\/#primaryimage","url":"https:\/\/paabaths.com\/wp-content\/uploads\/2025\/02\/PAA-Alba-baths-and-washbasins-interior-2560x1446px-1560x881.jpg","contentUrl":"https:\/\/paabaths.com\/wp-content\/uploads\/2025\/02\/PAA-Alba-baths-and-washbasins-interior-2560x1446px-1560x881.jpg"},{"@type":"BreadcrumbList","@id":"https:\/\/paabaths.com\/lv\/produktu-gimenes\/alba-gimene\/#breadcrumb","itemListElement":[{"@type":"ListItem","position":1,"name":"Home","item":"https:\/\/paabaths.com\/lv\/"},{"@type":"ListItem","position":2,"name":"Produktu \u0123imenes","item":"https:\/\/paabaths.com\/lv\/produktu-gimenes\/"},{"@type":"ListItem","position":3,"name":"Alba \u0122imene"}]},{"@type":"WebSite","@id":"https:\/\/paabaths.com\/lv\/#website","url":"https:\/\/paabaths.com\/lv\/","name":"PAA","description":"This is PAA Ltd. brand site","publisher":{"@id":"https:\/\/paabaths.com\/lv\/#organization"},"potentialAction":[{"@type":"SearchAction","target":{"@type":"EntryPoint","urlTemplate":"https:\/\/paabaths.com\/lv\/?s={search_term_string}"},"query-input":{"@type":"PropertyValueSpecification","valueRequired":true,"valueName":"search_term_string"}}],"inLanguage":"lv-LV"},{"@type":"Organization","@id":"https:\/\/paabaths.com\/lv\/#organization","name":"PAA Baths","url":"https:\/\/paabaths.com\/lv\/","logo":{"@type":"ImageObject","inLanguage":"lv-LV","@id":"https:\/\/paabaths.com\/lv\/#\/schema\/logo\/image\/","url":"https:\/\/paabaths.com\/wp-content\/uploads\/2023\/02\/84294546_179914056600038_3880533746851512320_n.jpeg","contentUrl":"https:\/\/paabaths.com\/wp-content\/uploads\/2023\/02\/84294546_179914056600038_3880533746851512320_n.jpeg","width":320,"height":320,"caption":"PAA Baths"},"image":{"@id":"https:\/\/paabaths.com\/lv\/#\/schema\/logo\/image\/"},"sameAs":["https:\/\/www.facebook.com\/paabaths\/","https:\/\/www.instagram.com\/paa_baths"]}]}},"_links":{"self":[{"href":"https:\/\/paabaths.com\/lv\/wp-json\/wp\/v2\/pages\/72881","targetHints":{"allow":["GET"]}}],"collection":[{"href":"https:\/\/paabaths.com\/lv\/wp-json\/wp\/v2\/pages"}],"about":[{"href":"https:\/\/paabaths.com\/lv\/wp-json\/wp\/v2\/types\/page"}],"author":[{"embeddable":true,"href":"https:\/\/paabaths.com\/lv\/wp-json\/wp\/v2\/users\/9"}],"replies":[{"embeddable":true,"href":"https:\/\/paabaths.com\/lv\/wp-json\/wp\/v2\/comments?post=72881"}],"version-history":[{"count":21,"href":"https:\/\/paabaths.com\/lv\/wp-json\/wp\/v2\/pages\/72881\/revisions"}],"predecessor-version":[{"id":93101,"href":"https:\/\/paabaths.com\/lv\/wp-json\/wp\/v2\/pages\/72881\/revisions\/93101"}],"up":[{"embeddable":true,"href":"https:\/\/paabaths.com\/lv\/wp-json\/wp\/v2\/pages\/73384"}],"wp:attachment":[{"href":"https:\/\/paabaths.com\/lv\/wp-json\/wp\/v2\/media?parent=72881"}],"curies":[{"name":"wp","href":"https:\/\/api.w.org\/{rel}","templated":true}]}}