{"id":71282,"date":"2025-03-17T10:19:32","date_gmt":"2025-03-17T08:19:32","guid":{"rendered":"https:\/\/paabaths.com\/?page_id=71282"},"modified":"2026-03-17T15:36:46","modified_gmt":"2026-03-17T13:36:46","slug":"pointe-gimene-old","status":"publish","type":"page","link":"https:\/\/paabaths.com\/lv\/pointe-gimene-old\/","title":{"rendered":"Pointe \u0122imene-old"},"content":{"rendered":"<section data-type='content-width' id='block-69d4f9d53fde7' class='full-width-cta wp-block-group acf-block alignwide font-color-white'><style>#block-69d4f9d53fde7 .wp-block-image { height: 147px; } \r\n@media(max-width:1024px){ #block-69d4f9d53fde7 .wp-block-image { height: 147px; } }; \r\n@media(max-width:992px){ #block-69d4f9d53fde7 .wp-block-image { height: 147px; } }; \r\n@media(max-width:568px){ #block-69d4f9d53fde7 .wp-block-image { height: 147px; } }; \r\n<\/style><div class='image lazyload' data-background-image='https:\/\/paabaths.com\/wp-content\/uploads\/2025\/03\/PAAxKarim-logo-1000x147-1.jpg'><\/div><div class='fill-bg'><\/div><div class='wp-block alignwide'><div  class='wp-block-image title-position-top'><span class='inner-wrap'><span class='inner t-a-b-2'><h3 class='underline-solid'><\/h3><\/span><\/span><\/div><\/div><\/section>\n\n<section data-type='full-width-auto-height' id='block-69d4f9d542052' class='full-width-cta wp-block-group acf-block auto-height '><style>@media (min-width: 1500px) { #block-69d4f9d542052.full-width-cta:not(.alignwide) { height: auto; padding-top: 0; }}#block-69d4f9d542052 img { width: 100%; height: auto; } \r\n#block-69d4f9d542052.full-width-cta .wp-block-image { height: 100%; } \r\n#block-69d4f9d542052 .wp-block { position: absolute; width: 100%; top: 0; height: 100%; left: 50%; transform: translateX(-50%); } \r\n#block-69d4f9d542052.full-width-cta .wp-block-image .inner-wrap { padding-top: 3%; padding-bottom: 3%; } \r\n<\/style><img class='lazyload' data-src='https:\/\/paabaths.com\/wp-content\/uploads\/2025\/03\/PAA-Pointe-factory-image-title-image-2560x948.jpg' src=''><div class='wp-block alignwide'><div  class='wp-block-image title-position-'><span class='inner-wrap'><span class='inner t-a-b-2'><h3 class='underline-solid'><\/h3><\/span><\/span><\/div><\/div><\/section>\n\n<section class='page-content wp-block-group acf-block alignwide style-2 content-width'><div class='wp-block alignwide'><div class='content t-a-b-2'><p>Pointe \u0123imene no Karima Ra\u0161ida<\/p>\n<\/div><\/div><\/section>\n\n<section class='page-content wp-block-group acf-block alignwide style-1-1 content-width'><div class='wp-block alignwide'><div class='content t-a-b-2'><p style=\"text-align: center;\"><span style=\"font-family: Barlow Condensed; font-size: 30px;\">Pointe \u0123imene iemieso dinamiku, kust\u012bbas eleganci un t\u0101, l\u012bdz\u012bgi k\u0101 baleta kurp\u012bte, ir apliecin\u0101jums, ka virtuozit\u0101te ir sasniedzama. <\/span><\/p>\n<\/div><\/div><\/section>\n\n<section class=\"youtube-block\">\n    <div class=\"inner wp-block alignwide\">\n        <div id=\"3x_jnAg-EGs\" class=\"youtube-player\" data-plyr-provider=\"youtube\" data-plyr-embed-id=\"3x_jnAg-EGs\"><\/div>\n    <\/div>\n<\/section>\n<style>\n.plyr__control--overlaid {\n    margin-top: 0!important;\n}\n@media (max-width: 1140px) {\n    .youtube-block {\n        margin-bottom: 30px;\n    }\n    .home .youtube-block .inner {\n\t    padding-left: 70px;\n\t    padding-right: 70px;\n    }\n}\n@media (max-width: 992px) {\n    .home .youtube-block .inner {\n\t    padding-left: 15px;\n\t    padding-right: 15px;\n    }\n}\n@media(max-width:768px) {\n\t.youtube-block {\n\t\tmargin-bottom: 15px;\n\t}\n}\n<\/style>\n\n<div class=\"wp-block-image\">\n<figure class=\"aligncenter size-large is-resized\"><img loading=\"lazy\" decoding=\"async\" src=\"https:\/\/paabaths.com\/wp-content\/uploads\/2025\/02\/PAA-baths-Pointe-interior-sample-2880x1350px-1560x731.jpg\" alt=\"\" class=\"wp-image-72972\" width=\"1044\" height=\"488\" srcset=\"https:\/\/paabaths.com\/wp-content\/uploads\/2025\/02\/PAA-baths-Pointe-interior-sample-2880x1350px-1560x731.jpg 1560w, https:\/\/paabaths.com\/wp-content\/uploads\/2025\/02\/PAA-baths-Pointe-interior-sample-2880x1350px-750x352.jpg 750w\" sizes=\"auto, (max-width: 1044px) 100vw, 1044px\" \/><\/figure><\/div>\n\n<section class='page-content wp-block-group acf-block alignwide style-1-1 content-width'><div class='wp-block alignwide'><div class='content t-a-b-2'><p style=\"text-align: center;\"><span style=\"font-family: Barlow Condensed; font-size: 30px;\"> Pointe vannas iek\u0161\u0113jais siluets aptver un ieskauj \u0137ermeni, stimul\u0113jot lietot\u0101ja emocion\u0101lo labsaj\u016btu. K\u0101 kapsula, kokons vai maigi iek\u013caujo\u0161a pasl\u0113ptuve &#8211; vannas sl\u012bp\u0101s sienas nodala cilv\u0113ku no trauksmain\u0101s \u0101rpasaules, \u013caujot netrauc\u0113ti velt\u012bt laiku sev. <\/span><\/p>\n<\/div><\/div><\/section>\n\n<div class=\"wp-block-image\">\n<figure class=\"aligncenter size-full is-resized\"><img loading=\"lazy\" decoding=\"async\" src=\"https:\/\/paabaths.com\/wp-content\/uploads\/2025\/03\/PAA-Pointe-details-LV.jpg\" alt=\"\" class=\"wp-image-71299\" width=\"1000\" height=\"1000\" srcset=\"https:\/\/paabaths.com\/wp-content\/uploads\/2025\/03\/PAA-Pointe-details-LV.jpg 1500w, https:\/\/paabaths.com\/wp-content\/uploads\/2025\/03\/PAA-Pointe-details-LV-750x750.jpg 750w, https:\/\/paabaths.com\/wp-content\/uploads\/2025\/03\/PAA-Pointe-details-LV-150x150.jpg 150w, https:\/\/paabaths.com\/wp-content\/uploads\/2025\/03\/PAA-Pointe-details-LV-32x32.jpg 32w, https:\/\/paabaths.com\/wp-content\/uploads\/2025\/03\/PAA-Pointe-details-LV-600x600.jpg 600w, https:\/\/paabaths.com\/wp-content\/uploads\/2025\/03\/PAA-Pointe-details-LV-100x100.jpg 100w\" sizes=\"auto, (max-width: 1000px) 100vw, 1000px\" \/><\/figure><\/div>\n\n<section class='page-content wp-block-group acf-block alignwide style-1-1 content-width'><div class='wp-block alignwide'><div class='content t-a-b-2'><p style=\"text-align: center;\"><span style=\"font-family: Barlow Condensed; font-size: 30px;\"> Pointe formu valoda ir piln\u012bb\u0101 ori\u0123in\u0101la, pateicoties Karima Ra\u0161ida rokrakstam, ir rad\u012bti vannasistabu industrijai unik\u0101li silueti. Negat\u012bvie le\u0146\u0137i sa\u0161aurina visas vannu un izliet\u0146u puses no apak\u0161as uz aug\u0161u, \u0161\u012b inov\u0101cija pras\u012bja izcil\u012bbu k\u0101 formveid\u0113, t\u0101 ra\u017eo\u0161an\u0101. <\/span><\/p>\n<\/div><\/div><\/section>\n\n<section class=\"square-boxes wp-block-group acf-block\">\n    <div class='wp-block-columns align-wide items-2'><div class='wp-block-column'><span class='wp-block-image title-position-'><span class='image' style='background-image:url(https:\/\/paabaths.com\/wp-content\/uploads\/2025\/03\/PAA-Washbasin-Pointe-design-flower-TOP-view-1500x1500px-750x750.jpg);'><\/span><span class='inner-wrap'><span class='inner'><h3><\/h3><\/span><\/span><\/span><\/div><div class='wp-block-column'><span class='wp-block-image title-position-'><span class='image' style='background-image:url(https:\/\/paabaths.com\/wp-content\/uploads\/2025\/03\/PAA-Baths-Pointe-design-flower-TOP-view-1500x1500px-750x750.jpg);'><\/span><span class='inner-wrap'><span class='inner'><h3><\/h3><\/span><\/span><\/span><\/div>    <\/div>\n<\/section>\n\n\n<section class=\"square-boxes wp-block-group acf-block\">\n    <div class='wp-block-columns align-wide items-2'><div class='wp-block-column'><a href='https:\/\/paabaths.com\/lv\/produkcija\/izlietnes\/pointe\/' class='wp-block-image title-position-top'><span class='image' style='background-image:url(https:\/\/paabaths.com\/wp-content\/uploads\/2025\/03\/PAA-product-link-images-Pointe-washbasin-LV-1-750x750.jpg);'><\/span><span class='inner-wrap'><span class='inner'><h3><\/h3><\/span><\/span><\/a><\/div><div class='wp-block-column'><a href='https:\/\/paabaths.com\/lv\/produkcija\/vannas\/pointe\/ ' class='wp-block-image title-position-top'><span class='image' style='background-image:url(https:\/\/paabaths.com\/wp-content\/uploads\/2025\/03\/PAA-product-link-images-Pointe-bath-LV-1-750x750.jpg);'><\/span><span class='inner-wrap'><span class='inner'><h3><\/h3><\/span><\/span><\/a><\/div>    <\/div>\n<\/section>\n\n\n<section data-type='content-width' id='block-69d4f9d54a9a0' class='full-width-cta wp-block-group acf-block alignwide '><style>#block-69d4f9d54a9a0 .wp-block-image { height: 147px; } \r\n@media(max-width:1024px){ #block-69d4f9d54a9a0 .wp-block-image { height: 147px; } }; \r\n@media(max-width:992px){ #block-69d4f9d54a9a0 .wp-block-image { height: 147px; } }; \r\n@media(max-width:568px){ #block-69d4f9d54a9a0 .wp-block-image { height: 147px; } }; \r\n<\/style><div class='image lazyload' data-background-image='https:\/\/paabaths.com\/wp-content\/uploads\/2025\/03\/PAAxKarim-logo-1000x147-1.jpg'><\/div><div class='fill-bg'><\/div><div class='wp-block alignwide'><div  class='wp-block-image title-position-'><span class='inner-wrap'><span class='inner t-a-b-2'><h3 class='underline-solid'><\/h3><\/span><\/span><\/div><\/div><\/section>\n\n<section data-type='full-width-auto-height' id='block-69d4f9d54b9fd' class='full-width-cta wp-block-group acf-block auto-height '><style>@media (min-width: 1500px) { #block-69d4f9d54b9fd.full-width-cta:not(.alignwide) { height: auto; padding-top: 0; }}#block-69d4f9d54b9fd img { width: 100%; height: auto; } \r\n#block-69d4f9d54b9fd.full-width-cta .wp-block-image { height: 100%; } \r\n#block-69d4f9d54b9fd .wp-block { position: absolute; width: 100%; top: 0; height: 100%; left: 50%; transform: translateX(-50%); } \r\n#block-69d4f9d54b9fd.full-width-cta .wp-block-image .inner-wrap { padding-top: 3%; padding-bottom: 3%; } \r\n<\/style><img class='lazyload' data-src='https:\/\/paabaths.com\/wp-content\/uploads\/2025\/03\/PAA-Designer-Karim-Rashid-portrait-2560x1270px.jpg' src=''><div class='wp-block alignwide'><div  class='wp-block-image title-position-'><span class='inner-wrap'><span class='inner t-a-b-2'><h3 class='underline-solid'><\/h3><\/span><\/span><\/div><\/div><\/section>\n\n<section class='page-content wp-block-group acf-block alignwide style-2 content-width'><div class='wp-block alignwide'><div class='content t-a-b-2'><p>Pointe \u0123imene no Karima Ra\u0161ida<\/p>\n<\/div><\/div><\/section>\n\n\n<div class=\"wp-block-group alignwide\"><div class=\"wp-block-group__inner-container is-layout-constrained wp-block-group-is-layout-constrained\"><div class=\"wp-block-image\">\n<figure class=\"aligncenter size-large is-resized\"><a href=\"https:\/\/paabaths.com\/product-families\/pointe-family\"><img loading=\"lazy\" decoding=\"async\" src=\"https:\/\/paabaths.com\/wp-content\/uploads\/2025\/03\/PAA-Karim-Rashid-Pointe-design-sketch-e1742296929567.jpg\" alt=\"\" class=\"wp-image-71245\" width=\"780\" height=\"475\" srcset=\"https:\/\/paabaths.com\/wp-content\/uploads\/2025\/03\/PAA-Karim-Rashid-Pointe-design-sketch-e1742296929567.jpg 2560w, https:\/\/paabaths.com\/wp-content\/uploads\/2025\/03\/PAA-Karim-Rashid-Pointe-design-sketch-e1742296929567-750x456.jpg 750w, https:\/\/paabaths.com\/wp-content\/uploads\/2025\/03\/PAA-Karim-Rashid-Pointe-design-sketch-e1742296929567-1560x949.jpg 1560w, https:\/\/paabaths.com\/wp-content\/uploads\/2025\/03\/PAA-Karim-Rashid-Pointe-design-sketch-e1742296929567-2000x1216.jpg 2000w, https:\/\/paabaths.com\/wp-content\/uploads\/2025\/03\/PAA-Karim-Rashid-Pointe-design-sketch-e1742296929567-768x467.jpg 768w\" sizes=\"auto, (max-width: 780px) 100vw, 780px\" \/><\/a><\/figure><\/div><\/div><\/div>\n\n\n<section class='page-content wp-block-group acf-block alignwide style-1-1 content-width'><div class='wp-block alignwide'><div class='content t-a-b-2'><p style=\"text-align: center;\"><span style=\"font-family: Barlow Condensed; font-size: 30px;\"> V\u012bzijas vad\u012bts, rado\u0161s un ra\u017e\u012bgs \u2013 Karims Ra\u0161ids ir viena no m\u016bsdienu industri\u0101l\u0101 dizaina unik\u0101l\u0101kaj\u0101m bals\u012bm. 4000 rad\u012btu, akt\u012bv\u0101 ra\u017eo\u0161an\u0101 eso\u0161u dizainparaugu, vair\u0101k nek\u0101 400 apbalvojumu un sadarb\u012bba ar klientiem 47 valst\u012bs, Karima sp\u0113ja p\u0101rvar\u0113t rut\u012bnu un ikdien\u012bbu joproj\u0101m padara vi\u0146u par vienu no redzam\u0101kajiem autoriem savas paaudzes dizaineru vid\u016b. Balvas un atzin\u012bbas, tostarp Amerikas balva par m\u016b\u017ea ieguld\u012bjumu dizain\u0101, apliecina Karima Ra\u0161ida jaudu dizaina pasaul\u0113. Karims ir bie\u017es vieslektors universit\u0101t\u0113s un konferenc\u0113s, vis\u0101 pasaul\u0113 aktualiz\u0113jot dizaina noz\u012bmi ikdienas dz\u012bv\u0113. <\/span><\/p>\n<\/div><\/div><\/section>\n\n\n<div class=\"wp-block-group alignwide\"><div class=\"wp-block-group__inner-container is-layout-constrained wp-block-group-is-layout-constrained\"><div class=\"wp-block-image\">\n<figure class=\"aligncenter size-large is-resized\"><img loading=\"lazy\" decoding=\"async\" src=\"https:\/\/paabaths.com\/wp-content\/uploads\/2025\/03\/PAA-Karim-Rashid-Pointe-design-sketch-v2-1-1560x1008.jpg\" alt=\"\" class=\"wp-image-71457\" width=\"780\" height=\"504\" srcset=\"https:\/\/paabaths.com\/wp-content\/uploads\/2025\/03\/PAA-Karim-Rashid-Pointe-design-sketch-v2-1-1560x1008.jpg 1560w, https:\/\/paabaths.com\/wp-content\/uploads\/2025\/03\/PAA-Karim-Rashid-Pointe-design-sketch-v2-1-750x485.jpg 750w, https:\/\/paabaths.com\/wp-content\/uploads\/2025\/03\/PAA-Karim-Rashid-Pointe-design-sketch-v2-1-2000x1292.jpg 2000w\" sizes=\"auto, (max-width: 780px) 100vw, 780px\" \/><\/figure><\/div><\/div><\/div>\n","protected":false},"excerpt":{"rendered":"","protected":false},"author":9,"featured_media":0,"parent":0,"menu_order":110,"comment_status":"closed","ping_status":"closed","template":"template-page-with-breadcrumbs.php","meta":{"_acf_changed":false,"inline_featured_image":false,"footnotes":""},"class_list":["post-71282","page","type-page","status-publish","hentry"],"acf":[],"yoast_head":"<!-- This site is optimized with the Yoast SEO plugin v26.1.1 - https:\/\/yoast.com\/wordpress\/plugins\/seo\/ -->\n<title>Pointe \u0122imene-old - PAA<\/title>\n<meta name=\"description\" content=\"We make for a specific bathroom. According to the customer\u2019s specification. In Latvia. Handmade.\" \/>\n<meta name=\"robots\" content=\"index, follow, max-snippet:-1, max-image-preview:large, max-video-preview:-1\" \/>\n<link rel=\"canonical\" href=\"https:\/\/paabaths.com\/lv\/pointe-gimene-old\/\" \/>\n<meta property=\"og:locale\" content=\"lv_LV\" \/>\n<meta property=\"og:type\" content=\"article\" \/>\n<meta property=\"og:title\" content=\"Pointe \u0122imene-old - PAA\" \/>\n<meta property=\"og:description\" content=\"We make for a specific bathroom. According to the customer\u2019s specification. In Latvia. Handmade.\" \/>\n<meta property=\"og:url\" content=\"https:\/\/paabaths.com\/lv\/pointe-gimene-old\/\" \/>\n<meta property=\"og:site_name\" content=\"PAA\" \/>\n<meta property=\"article:publisher\" content=\"https:\/\/www.facebook.com\/paabaths\/\" \/>\n<meta property=\"article:modified_time\" content=\"2026-03-17T13:36:46+00:00\" \/>\n<meta property=\"og:image\" content=\"https:\/\/paabaths.com\/wp-content\/uploads\/2025\/02\/PAA-baths-Pointe-interior-sample-2880x1350px.jpg\" \/>\n\t<meta property=\"og:image:width\" content=\"2880\" \/>\n\t<meta property=\"og:image:height\" content=\"1350\" \/>\n\t<meta property=\"og:image:type\" content=\"image\/jpeg\" \/>\n<meta name=\"twitter:card\" content=\"summary_large_image\" \/>\n<script type=\"application\/ld+json\" class=\"yoast-schema-graph\">{\"@context\":\"https:\/\/schema.org\",\"@graph\":[{\"@type\":\"WebPage\",\"@id\":\"https:\/\/paabaths.com\/lv\/pointe-gimene-old\/\",\"url\":\"https:\/\/paabaths.com\/lv\/pointe-gimene-old\/\",\"name\":\"Pointe \u0122imene-old - PAA\",\"isPartOf\":{\"@id\":\"https:\/\/paabaths.com\/lv\/#website\"},\"primaryImageOfPage\":{\"@id\":\"https:\/\/paabaths.com\/lv\/pointe-gimene-old\/#primaryimage\"},\"image\":{\"@id\":\"https:\/\/paabaths.com\/lv\/pointe-gimene-old\/#primaryimage\"},\"thumbnailUrl\":\"https:\/\/paabaths.com\/wp-content\/uploads\/2025\/02\/PAA-baths-Pointe-interior-sample-2880x1350px-1560x731.jpg\",\"datePublished\":\"2025-03-17T08:19:32+00:00\",\"dateModified\":\"2026-03-17T13:36:46+00:00\",\"description\":\"We make for a specific bathroom. According to the customer\u2019s specification. In Latvia. Handmade.\",\"breadcrumb\":{\"@id\":\"https:\/\/paabaths.com\/lv\/pointe-gimene-old\/#breadcrumb\"},\"inLanguage\":\"lv-LV\",\"potentialAction\":[{\"@type\":\"ReadAction\",\"target\":[\"https:\/\/paabaths.com\/lv\/pointe-gimene-old\/\"]}]},{\"@type\":\"ImageObject\",\"inLanguage\":\"lv-LV\",\"@id\":\"https:\/\/paabaths.com\/lv\/pointe-gimene-old\/#primaryimage\",\"url\":\"https:\/\/paabaths.com\/wp-content\/uploads\/2025\/02\/PAA-baths-Pointe-interior-sample-2880x1350px-1560x731.jpg\",\"contentUrl\":\"https:\/\/paabaths.com\/wp-content\/uploads\/2025\/02\/PAA-baths-Pointe-interior-sample-2880x1350px-1560x731.jpg\"},{\"@type\":\"BreadcrumbList\",\"@id\":\"https:\/\/paabaths.com\/lv\/pointe-gimene-old\/#breadcrumb\",\"itemListElement\":[{\"@type\":\"ListItem\",\"position\":1,\"name\":\"Home\",\"item\":\"https:\/\/paabaths.com\/lv\/\"},{\"@type\":\"ListItem\",\"position\":2,\"name\":\"Pointe \u0122imene-old\"}]},{\"@type\":\"WebSite\",\"@id\":\"https:\/\/paabaths.com\/lv\/#website\",\"url\":\"https:\/\/paabaths.com\/lv\/\",\"name\":\"PAA\",\"description\":\"This is PAA Ltd. brand site\",\"publisher\":{\"@id\":\"https:\/\/paabaths.com\/lv\/#organization\"},\"potentialAction\":[{\"@type\":\"SearchAction\",\"target\":{\"@type\":\"EntryPoint\",\"urlTemplate\":\"https:\/\/paabaths.com\/lv\/?s={search_term_string}\"},\"query-input\":{\"@type\":\"PropertyValueSpecification\",\"valueRequired\":true,\"valueName\":\"search_term_string\"}}],\"inLanguage\":\"lv-LV\"},{\"@type\":\"Organization\",\"@id\":\"https:\/\/paabaths.com\/lv\/#organization\",\"name\":\"PAA Baths\",\"url\":\"https:\/\/paabaths.com\/lv\/\",\"logo\":{\"@type\":\"ImageObject\",\"inLanguage\":\"lv-LV\",\"@id\":\"https:\/\/paabaths.com\/lv\/#\/schema\/logo\/image\/\",\"url\":\"https:\/\/paabaths.com\/wp-content\/uploads\/2023\/02\/84294546_179914056600038_3880533746851512320_n.jpeg\",\"contentUrl\":\"https:\/\/paabaths.com\/wp-content\/uploads\/2023\/02\/84294546_179914056600038_3880533746851512320_n.jpeg\",\"width\":320,\"height\":320,\"caption\":\"PAA Baths\"},\"image\":{\"@id\":\"https:\/\/paabaths.com\/lv\/#\/schema\/logo\/image\/\"},\"sameAs\":[\"https:\/\/www.facebook.com\/paabaths\/\",\"https:\/\/www.instagram.com\/paa_baths\"]}]}<\/script>\n<!-- \/ Yoast SEO plugin. -->","yoast_head_json":{"title":"Pointe \u0122imene-old - PAA","description":"We make for a specific bathroom. According to the customer\u2019s specification. In Latvia. Handmade.","robots":{"index":"index","follow":"follow","max-snippet":"max-snippet:-1","max-image-preview":"max-image-preview:large","max-video-preview":"max-video-preview:-1"},"canonical":"https:\/\/paabaths.com\/lv\/pointe-gimene-old\/","og_locale":"lv_LV","og_type":"article","og_title":"Pointe \u0122imene-old - PAA","og_description":"We make for a specific bathroom. According to the customer\u2019s specification. In Latvia. Handmade.","og_url":"https:\/\/paabaths.com\/lv\/pointe-gimene-old\/","og_site_name":"PAA","article_publisher":"https:\/\/www.facebook.com\/paabaths\/","article_modified_time":"2026-03-17T13:36:46+00:00","og_image":[{"width":2880,"height":1350,"url":"https:\/\/paabaths.com\/wp-content\/uploads\/2025\/02\/PAA-baths-Pointe-interior-sample-2880x1350px.jpg","type":"image\/jpeg"}],"twitter_card":"summary_large_image","schema":{"@context":"https:\/\/schema.org","@graph":[{"@type":"WebPage","@id":"https:\/\/paabaths.com\/lv\/pointe-gimene-old\/","url":"https:\/\/paabaths.com\/lv\/pointe-gimene-old\/","name":"Pointe \u0122imene-old - PAA","isPartOf":{"@id":"https:\/\/paabaths.com\/lv\/#website"},"primaryImageOfPage":{"@id":"https:\/\/paabaths.com\/lv\/pointe-gimene-old\/#primaryimage"},"image":{"@id":"https:\/\/paabaths.com\/lv\/pointe-gimene-old\/#primaryimage"},"thumbnailUrl":"https:\/\/paabaths.com\/wp-content\/uploads\/2025\/02\/PAA-baths-Pointe-interior-sample-2880x1350px-1560x731.jpg","datePublished":"2025-03-17T08:19:32+00:00","dateModified":"2026-03-17T13:36:46+00:00","description":"We make for a specific bathroom. According to the customer\u2019s specification. In Latvia. Handmade.","breadcrumb":{"@id":"https:\/\/paabaths.com\/lv\/pointe-gimene-old\/#breadcrumb"},"inLanguage":"lv-LV","potentialAction":[{"@type":"ReadAction","target":["https:\/\/paabaths.com\/lv\/pointe-gimene-old\/"]}]},{"@type":"ImageObject","inLanguage":"lv-LV","@id":"https:\/\/paabaths.com\/lv\/pointe-gimene-old\/#primaryimage","url":"https:\/\/paabaths.com\/wp-content\/uploads\/2025\/02\/PAA-baths-Pointe-interior-sample-2880x1350px-1560x731.jpg","contentUrl":"https:\/\/paabaths.com\/wp-content\/uploads\/2025\/02\/PAA-baths-Pointe-interior-sample-2880x1350px-1560x731.jpg"},{"@type":"BreadcrumbList","@id":"https:\/\/paabaths.com\/lv\/pointe-gimene-old\/#breadcrumb","itemListElement":[{"@type":"ListItem","position":1,"name":"Home","item":"https:\/\/paabaths.com\/lv\/"},{"@type":"ListItem","position":2,"name":"Pointe \u0122imene-old"}]},{"@type":"WebSite","@id":"https:\/\/paabaths.com\/lv\/#website","url":"https:\/\/paabaths.com\/lv\/","name":"PAA","description":"This is PAA Ltd. brand site","publisher":{"@id":"https:\/\/paabaths.com\/lv\/#organization"},"potentialAction":[{"@type":"SearchAction","target":{"@type":"EntryPoint","urlTemplate":"https:\/\/paabaths.com\/lv\/?s={search_term_string}"},"query-input":{"@type":"PropertyValueSpecification","valueRequired":true,"valueName":"search_term_string"}}],"inLanguage":"lv-LV"},{"@type":"Organization","@id":"https:\/\/paabaths.com\/lv\/#organization","name":"PAA Baths","url":"https:\/\/paabaths.com\/lv\/","logo":{"@type":"ImageObject","inLanguage":"lv-LV","@id":"https:\/\/paabaths.com\/lv\/#\/schema\/logo\/image\/","url":"https:\/\/paabaths.com\/wp-content\/uploads\/2023\/02\/84294546_179914056600038_3880533746851512320_n.jpeg","contentUrl":"https:\/\/paabaths.com\/wp-content\/uploads\/2023\/02\/84294546_179914056600038_3880533746851512320_n.jpeg","width":320,"height":320,"caption":"PAA Baths"},"image":{"@id":"https:\/\/paabaths.com\/lv\/#\/schema\/logo\/image\/"},"sameAs":["https:\/\/www.facebook.com\/paabaths\/","https:\/\/www.instagram.com\/paa_baths"]}]}},"_links":{"self":[{"href":"https:\/\/paabaths.com\/lv\/wp-json\/wp\/v2\/pages\/71282","targetHints":{"allow":["GET"]}}],"collection":[{"href":"https:\/\/paabaths.com\/lv\/wp-json\/wp\/v2\/pages"}],"about":[{"href":"https:\/\/paabaths.com\/lv\/wp-json\/wp\/v2\/types\/page"}],"author":[{"embeddable":true,"href":"https:\/\/paabaths.com\/lv\/wp-json\/wp\/v2\/users\/9"}],"replies":[{"embeddable":true,"href":"https:\/\/paabaths.com\/lv\/wp-json\/wp\/v2\/comments?post=71282"}],"version-history":[{"count":109,"href":"https:\/\/paabaths.com\/lv\/wp-json\/wp\/v2\/pages\/71282\/revisions"}],"predecessor-version":[{"id":97240,"href":"https:\/\/paabaths.com\/lv\/wp-json\/wp\/v2\/pages\/71282\/revisions\/97240"}],"wp:attachment":[{"href":"https:\/\/paabaths.com\/lv\/wp-json\/wp\/v2\/media?parent=71282"}],"curies":[{"name":"wp","href":"https:\/\/api.w.org\/{rel}","templated":true}]}}