{"id":2401,"date":"2021-04-07T04:48:06","date_gmt":"2021-04-07T04:48:06","guid":{"rendered":"http:\/\/paa.emptylimits.com\/service-guarantee\/"},"modified":"2026-03-17T15:14:59","modified_gmt":"2026-03-17T13:14:59","slug":"serviss-un-garantija","status":"publish","type":"page","link":"https:\/\/paabaths.com\/lv\/serviss-un-garantija\/","title":{"rendered":"Serviss un garantija"},"content":{"rendered":"<section class='page-title wp-block-group acf-block position-center  has-h1' ><div class='wp-block alignwide'><h1 class='t-a-b-2'>Serviss un garantija<\/h1><\/div><\/section>\n\n<section class='page-description wp-block-group acf-block alignwide'><div class='wp-block alignwide'><div class='description t-a-b-2'><p>PAA izstr\u0101d\u0101jumi ir r\u016bp\u012bgi izgatavoti no augstv\u0113rt\u012bg\u0101m izejviel\u0101m un atbilst ES noteiktaj\u0101m norm\u0101m.<br \/>\nPareizi kopjot, tie godam kalpo vair\u0101kas desmitgades.<\/p>\n<\/div><\/div><\/section>\n\n<section data-type='full-width' id='block-69dbd75e2ade5' class='full-width-cta wp-block-group acf-block alignfull '><style>#block-69dbd75e2ade5 .wp-block-image { height: 700px; } \r\n@media(max-width:1024px){ #block-69dbd75e2ade5 .wp-block-image { height: 375px; } }; \r\n@media(max-width:992px){ #block-69dbd75e2ade5 .wp-block-image { height: 375px; } }; \r\n@media(max-width:568px){ #block-69dbd75e2ade5 .wp-block-image { height: 300px; } }; \r\n<\/style><div class='image lazyload' data-background-image='https:\/\/paabaths.com\/wp-content\/uploads\/2022\/11\/PAA_Materialite_Silkstone_10_Year_Warranty_LV_2560x1440.jpg'><\/div><div class='fill-bg'><\/div><div class='wp-block alignwide'><div  class='wp-block-image title-position-'><span class='inner-wrap'><span class='inner t-a-b-2'><h3 class='underline-solid'><\/h3><\/span><\/span><\/div><\/div><\/section>\n\n<section class='page-content wp-block-group acf-block alignwide style-3 content-width'><div class='wp-block alignwide'><div class='content t-a-b-2'><p>Garantija vannu, izliet\u0146u un du\u0161as palikt\u0146u funkcionalit\u0101tei un pret vizu\u0101liem defektiem:<br \/>\n10 gadi \u2013 ja izstr\u0101d\u0101jums tiek lietots m\u0101jas apst\u0101k\u013cos;<br \/>\n2 gadi \u2013 ja izstr\u0101d\u0101jums tiek lietots sabiedrisk\u0101s telp\u0101s, komercobjektos.<\/p>\n<\/div><\/div><\/section>\n\n<section class='page-content wp-block-group acf-block alignwide style-3 content-width'><div class='wp-block alignwide'><div class='content t-a-b-2'><h2>Papla\u0161in\u0101t\u0101s garantijas noteikumi<\/h2>\n<p><a href=\"http:\/\/paabaths.com\/wp-content\/uploads\/2022\/10\/PAA_Warranty_Certificate_A5_1220_LV.pdf\">Garantijas sertifik\u0101ts<\/a><\/p>\n<\/div><\/div><\/section>\n\n<section class='page-content wp-block-group acf-block alignwide style-1 content-width'><div class='wp-block alignwide'><div class='content t-a-b-2'><p><a href=\"https:\/\/paabaths.com\/lv\/mes\/kontakti\/\">Pieteikt servisu Latvij\u0101<\/a><\/p>\n<p><a href=\"https:\/\/paabaths.com\/lv\/mes\/kontakti\/\">Pieteikt servisu Lietuv\u0101<\/a><\/p>\n<p><a href=\"https:\/\/paabaths.com\/lv\/mes\/kontakti\/\">Pieteikt servisu Ukrain\u0101<\/a><\/p>\n<p>Lai pieteiktu servisu citviet &#8211; <a href=\"https:\/\/paabaths.com\/lv\/kur-nopirkt\/\">sazinieties ar PAA d\u012bleri<\/a>, kura tirdzniec\u012bbas viet\u0101 ieg\u0101d\u0101j\u0101ties vannu, izlietni vai du\u0161as paliktni.<\/p>\n<\/div><\/div><\/section>","protected":false},"excerpt":{"rendered":"","protected":false},"author":1,"featured_media":0,"parent":0,"menu_order":29,"comment_status":"closed","ping_status":"closed","template":"template-page-with-breadcrumbs.php","meta":{"_acf_changed":false,"inline_featured_image":false,"footnotes":""},"class_list":["post-2401","page","type-page","status-publish","hentry"],"acf":[],"yoast_head":"<!-- This site is optimized with the Yoast SEO plugin v26.1.1 - https:\/\/yoast.com\/wordpress\/plugins\/seo\/ -->\n<title>Serviss un garantija - PAA<\/title>\n<meta name=\"robots\" content=\"index, follow, max-snippet:-1, max-image-preview:large, max-video-preview:-1\" \/>\n<link rel=\"canonical\" href=\"https:\/\/paabaths.com\/lv\/serviss-un-garantija\/\" \/>\n<meta property=\"og:locale\" content=\"lv_LV\" \/>\n<meta property=\"og:type\" content=\"article\" \/>\n<meta property=\"og:title\" content=\"Serviss un garantija - PAA\" \/>\n<meta property=\"og:url\" content=\"https:\/\/paabaths.com\/lv\/serviss-un-garantija\/\" \/>\n<meta property=\"og:site_name\" content=\"PAA\" \/>\n<meta property=\"article:publisher\" content=\"https:\/\/www.facebook.com\/paabaths\/\" \/>\n<meta property=\"article:modified_time\" content=\"2026-03-17T13:14:59+00:00\" \/>\n<meta property=\"og:image\" content=\"https:\/\/paabaths.com\/wp-content\/uploads\/2025\/09\/PAA-baths-title2560x1500px.jpg\" \/>\n\t<meta property=\"og:image:width\" content=\"2560\" \/>\n\t<meta property=\"og:image:height\" content=\"1500\" \/>\n\t<meta property=\"og:image:type\" content=\"image\/jpeg\" \/>\n<meta name=\"twitter:card\" content=\"summary_large_image\" \/>\n<script type=\"application\/ld+json\" class=\"yoast-schema-graph\">{\"@context\":\"https:\/\/schema.org\",\"@graph\":[{\"@type\":\"WebPage\",\"@id\":\"https:\/\/paabaths.com\/lv\/serviss-un-garantija\/\",\"url\":\"https:\/\/paabaths.com\/lv\/serviss-un-garantija\/\",\"name\":\"Serviss un garantija - PAA\",\"isPartOf\":{\"@id\":\"https:\/\/paabaths.com\/lv\/#website\"},\"datePublished\":\"2021-04-07T04:48:06+00:00\",\"dateModified\":\"2026-03-17T13:14:59+00:00\",\"breadcrumb\":{\"@id\":\"https:\/\/paabaths.com\/lv\/serviss-un-garantija\/#breadcrumb\"},\"inLanguage\":\"lv-LV\",\"potentialAction\":[{\"@type\":\"ReadAction\",\"target\":[\"https:\/\/paabaths.com\/lv\/serviss-un-garantija\/\"]}]},{\"@type\":\"BreadcrumbList\",\"@id\":\"https:\/\/paabaths.com\/lv\/serviss-un-garantija\/#breadcrumb\",\"itemListElement\":[{\"@type\":\"ListItem\",\"position\":1,\"name\":\"Home\",\"item\":\"https:\/\/paabaths.com\/lv\/\"},{\"@type\":\"ListItem\",\"position\":2,\"name\":\"Serviss un garantija\"}]},{\"@type\":\"WebSite\",\"@id\":\"https:\/\/paabaths.com\/lv\/#website\",\"url\":\"https:\/\/paabaths.com\/lv\/\",\"name\":\"PAA\",\"description\":\"This is PAA Ltd. brand site\",\"publisher\":{\"@id\":\"https:\/\/paabaths.com\/lv\/#organization\"},\"potentialAction\":[{\"@type\":\"SearchAction\",\"target\":{\"@type\":\"EntryPoint\",\"urlTemplate\":\"https:\/\/paabaths.com\/lv\/?s={search_term_string}\"},\"query-input\":{\"@type\":\"PropertyValueSpecification\",\"valueRequired\":true,\"valueName\":\"search_term_string\"}}],\"inLanguage\":\"lv-LV\"},{\"@type\":\"Organization\",\"@id\":\"https:\/\/paabaths.com\/lv\/#organization\",\"name\":\"PAA Baths\",\"url\":\"https:\/\/paabaths.com\/lv\/\",\"logo\":{\"@type\":\"ImageObject\",\"inLanguage\":\"lv-LV\",\"@id\":\"https:\/\/paabaths.com\/lv\/#\/schema\/logo\/image\/\",\"url\":\"https:\/\/paabaths.com\/wp-content\/uploads\/2023\/02\/84294546_179914056600038_3880533746851512320_n.jpeg\",\"contentUrl\":\"https:\/\/paabaths.com\/wp-content\/uploads\/2023\/02\/84294546_179914056600038_3880533746851512320_n.jpeg\",\"width\":320,\"height\":320,\"caption\":\"PAA Baths\"},\"image\":{\"@id\":\"https:\/\/paabaths.com\/lv\/#\/schema\/logo\/image\/\"},\"sameAs\":[\"https:\/\/www.facebook.com\/paabaths\/\",\"https:\/\/www.instagram.com\/paa_baths\"]}]}<\/script>\n<!-- \/ Yoast SEO plugin. -->","yoast_head_json":{"title":"Serviss un garantija - PAA","robots":{"index":"index","follow":"follow","max-snippet":"max-snippet:-1","max-image-preview":"max-image-preview:large","max-video-preview":"max-video-preview:-1"},"canonical":"https:\/\/paabaths.com\/lv\/serviss-un-garantija\/","og_locale":"lv_LV","og_type":"article","og_title":"Serviss un garantija - PAA","og_url":"https:\/\/paabaths.com\/lv\/serviss-un-garantija\/","og_site_name":"PAA","article_publisher":"https:\/\/www.facebook.com\/paabaths\/","article_modified_time":"2026-03-17T13:14:59+00:00","og_image":[{"width":2560,"height":1500,"url":"https:\/\/paabaths.com\/wp-content\/uploads\/2025\/09\/PAA-baths-title2560x1500px.jpg","type":"image\/jpeg"}],"twitter_card":"summary_large_image","schema":{"@context":"https:\/\/schema.org","@graph":[{"@type":"WebPage","@id":"https:\/\/paabaths.com\/lv\/serviss-un-garantija\/","url":"https:\/\/paabaths.com\/lv\/serviss-un-garantija\/","name":"Serviss un garantija - PAA","isPartOf":{"@id":"https:\/\/paabaths.com\/lv\/#website"},"datePublished":"2021-04-07T04:48:06+00:00","dateModified":"2026-03-17T13:14:59+00:00","breadcrumb":{"@id":"https:\/\/paabaths.com\/lv\/serviss-un-garantija\/#breadcrumb"},"inLanguage":"lv-LV","potentialAction":[{"@type":"ReadAction","target":["https:\/\/paabaths.com\/lv\/serviss-un-garantija\/"]}]},{"@type":"BreadcrumbList","@id":"https:\/\/paabaths.com\/lv\/serviss-un-garantija\/#breadcrumb","itemListElement":[{"@type":"ListItem","position":1,"name":"Home","item":"https:\/\/paabaths.com\/lv\/"},{"@type":"ListItem","position":2,"name":"Serviss un garantija"}]},{"@type":"WebSite","@id":"https:\/\/paabaths.com\/lv\/#website","url":"https:\/\/paabaths.com\/lv\/","name":"PAA","description":"This is PAA Ltd. brand site","publisher":{"@id":"https:\/\/paabaths.com\/lv\/#organization"},"potentialAction":[{"@type":"SearchAction","target":{"@type":"EntryPoint","urlTemplate":"https:\/\/paabaths.com\/lv\/?s={search_term_string}"},"query-input":{"@type":"PropertyValueSpecification","valueRequired":true,"valueName":"search_term_string"}}],"inLanguage":"lv-LV"},{"@type":"Organization","@id":"https:\/\/paabaths.com\/lv\/#organization","name":"PAA Baths","url":"https:\/\/paabaths.com\/lv\/","logo":{"@type":"ImageObject","inLanguage":"lv-LV","@id":"https:\/\/paabaths.com\/lv\/#\/schema\/logo\/image\/","url":"https:\/\/paabaths.com\/wp-content\/uploads\/2023\/02\/84294546_179914056600038_3880533746851512320_n.jpeg","contentUrl":"https:\/\/paabaths.com\/wp-content\/uploads\/2023\/02\/84294546_179914056600038_3880533746851512320_n.jpeg","width":320,"height":320,"caption":"PAA Baths"},"image":{"@id":"https:\/\/paabaths.com\/lv\/#\/schema\/logo\/image\/"},"sameAs":["https:\/\/www.facebook.com\/paabaths\/","https:\/\/www.instagram.com\/paa_baths"]}]}},"_links":{"self":[{"href":"https:\/\/paabaths.com\/lv\/wp-json\/wp\/v2\/pages\/2401","targetHints":{"allow":["GET"]}}],"collection":[{"href":"https:\/\/paabaths.com\/lv\/wp-json\/wp\/v2\/pages"}],"about":[{"href":"https:\/\/paabaths.com\/lv\/wp-json\/wp\/v2\/types\/page"}],"author":[{"embeddable":true,"href":"https:\/\/paabaths.com\/lv\/wp-json\/wp\/v2\/users\/1"}],"replies":[{"embeddable":true,"href":"https:\/\/paabaths.com\/lv\/wp-json\/wp\/v2\/comments?post=2401"}],"version-history":[{"count":10,"href":"https:\/\/paabaths.com\/lv\/wp-json\/wp\/v2\/pages\/2401\/revisions"}],"predecessor-version":[{"id":59284,"href":"https:\/\/paabaths.com\/lv\/wp-json\/wp\/v2\/pages\/2401\/revisions\/59284"}],"wp:attachment":[{"href":"https:\/\/paabaths.com\/lv\/wp-json\/wp\/v2\/media?parent=2401"}],"curies":[{"name":"wp","href":"https:\/\/api.w.org\/{rel}","templated":true}]}}