{"id":2105,"date":"2021-04-07T04:48:53","date_gmt":"2021-04-07T01:48:53","guid":{"rendered":"http:\/\/paa.localhost\/for-business\/for-architects-designers\/"},"modified":"2023-11-03T14:17:40","modified_gmt":"2023-11-03T12:17:40","slug":"sadarbiba","status":"publish","type":"page","link":"https:\/\/paabaths.com\/lv\/profesionaliem\/sadarbiba\/","title":{"rendered":"Sadarb\u012bba"},"content":{"rendered":"<section data-type='full-width' id='block-69dcea5f22429' class='full-width-cta wp-block-group acf-block alignfull '><style>#block-69dcea5f22429 .wp-block-image { height: 700px; } \r\n@media(max-width:1024px){ #block-69dcea5f22429 .wp-block-image { height: 450px; } }; \r\n@media(max-width:992px){ #block-69dcea5f22429 .wp-block-image { height: 450px; } }; \r\n@media(max-width:568px){ #block-69dcea5f22429 .wp-block-image { height: 270px; } }; \r\n<\/style><div class='image lazyload' data-background-image='https:\/\/paabaths.com\/wp-content\/uploads\/2021\/09\/PAA-Baths-Silkstone-Felice-1945x830-03-01-Matte-White-Front-View-Interior-2880x1630px-2560x1449.jpg'><\/div><div class='fill-bg'><\/div><div class='wp-block alignwide'><div  class='wp-block-image title-position-'><span class='inner-wrap'><span class='inner t-a-b-2'><h3 class='underline-solid'><\/h3><\/span><\/span><\/div><\/div><\/section>\n\n<section class='page-content wp-block-group acf-block alignwide style-1 content-width'><div class='wp-block alignwide'><div class='content t-a-b-2'><p>Mums ir svar\u012bgas cilv\u0113c\u012bgas attiec\u012bbas, nov\u0113rt\u0113jam atkl\u0101t\u012bbu un iedzi\u013cin\u0101\u0161anos.<\/p>\n<p>Ra\u017eojam skaistas vannas un izlietnes \u2013 attur\u012bgas un m\u016bsdien\u012bgi elegantas.<br \/>\nEsam rado\u0161i, rodam atjaut\u012bgus risin\u0101jumus.<\/p>\n<p>Produkciju individualiz\u0113jam, piel\u0101gojam klienta vajadz\u012bb\u0101m.<br \/>\nNebaid\u0101mies iet savu ce\u013cu, ar\u012b tad, ja tas prasa vair\u0101k. T\u0101d\u0113\u013c izstr\u0101d\u0101jumiem v\u0113r\u012bbu joproj\u0101m pie\u0161\u0137ir prasm\u012bgu meistaru roku darbs.<\/p>\n<p>Vislab\u0101k par mums var past\u0101st\u012bt sadarb\u012bbas partneri un klienti.<\/p>\n<\/div><\/div><\/section>\n\n<section data-type='full-width' id='block-69dcea5f2624c' class='full-width-cta wp-block-group acf-block alignwide '><style>#block-69dcea5f2624c .wp-block-image { height: 615px; } \r\n@media(max-width:1024px){ #block-69dcea5f2624c .wp-block-image { height: 430px; } }; \r\n@media(max-width:992px){ #block-69dcea5f2624c .wp-block-image { height: 430px; } }; \r\n@media(max-width:568px){ #block-69dcea5f2624c .wp-block-image { height: 270px; } }; \r\n<\/style><div class='image lazyload' data-background-image='https:\/\/paabaths.com\/wp-content\/uploads\/2022\/06\/Zane-1560x1560.jpg'><\/div><div class='fill-bg'><\/div><div class='wp-block alignwide'><div  class='wp-block-image title-position-'><span class='inner-wrap'><span class='inner t-a-b-2'><h3 class='underline-solid'><\/h3><\/span><\/span><\/div><\/div><\/section>\n\n<section class='wp-block alignwide qoute-with-button'><div class='content t-a-b-2'><div class='qoute'><p>&#8220;Projektos cen\u0161os iek\u013caut Latvij\u0101 ra\u017eotus izstr\u0101d\u0101jumus, lepjos ar viet\u0113jiem ra\u017eot\u0101jiem, kuri rada skaistas un kvalitat\u012bvas lietas. PAA produkciju iesaku, jo ra\u017eot\u0101js pied\u0101v\u0101 gandr\u012bz jebk\u0101dus nestandarta risin\u0101jumus, formu un to\u0146u da\u017e\u0101d\u012bbu. PAA produkcija ir ne tikai bag\u0101t\u012bga skaistu dizainu zi\u0146\u0101, bet ar\u012b ar daudz un da\u017e\u0101diem praktiskiem risin\u0101jumiem, piem\u0113ram, Made to Measure virsmas var izgriezt da\u017eneda\u017e\u0101d\u0101s form\u0101s, no Silkstone iesp\u0113jams veidot daudzveid\u012bgas dizaina kombin\u0101cijas gan vann\u0101m, gan izlietn\u0113m, gan du\u0161as palikt\u0146iem.&#8221;<\/p>\n<\/div><div class='author'>Zane Skalberga, interjera dizainere, Zieme\u013cu Akcents<\/div><div class='wp-block-buttons is-content-justification-center'><div class='wp-block-button is-style-outline'><a href='https:\/\/paabaths.com\/lv\/projekti\/' class='wp-block-button__link' title='Skat\u012bt projektus'>Skat\u012bt projektus<\/a><\/div><\/div><\/div><\/section>\n\n<section class=\"square-boxes wp-block-group acf-block\">\n    <div class='wp-block-columns align-wide items-2'><div class='wp-block-column'><span class='wp-block-image title-position-'><span class='image' style='background-image:url(https:\/\/paabaths.com\/wp-content\/uploads\/2021\/06\/for-architects-2-1-750x750.jpg);'><\/span><span class='inner-wrap'><span class='inner'><h3><\/h3><\/span><\/span><\/span><\/div><div class='wp-block-column'><span class='wp-block-image title-position-'><span class='image' style='background-image:url(https:\/\/paabaths.com\/wp-content\/uploads\/2021\/06\/for-architects-2-2-750x750.jpg);'><\/span><span class='inner-wrap'><span class='inner'><h3><\/h3><\/span><\/span><\/span><\/div>    <\/div>\n<\/section>\n\n\n<section data-type='' id='block-69dcea5f2bfce' class='full-width-cta wp-block-group acf-block alignwide '><style>#block-69dcea5f2bfce .wp-block-image { height: 583px; } \r\n@media(max-width:1024px){ #block-69dcea5f2bfce .wp-block-image { height: 416px; } }; \r\n@media(max-width:992px){ #block-69dcea5f2bfce .wp-block-image { height: 416px; } }; \r\n@media(max-width:568px){ #block-69dcea5f2bfce .wp-block-image { height: 270px; } }; \r\n<\/style><div class='image lazyload' data-background-image='https:\/\/paabaths.com\/wp-content\/uploads\/2021\/06\/for-architects-3.jpg'><\/div><div class='fill-bg'><\/div><div class='wp-block alignwide'><div  class='wp-block-image title-position-'><span class='inner-wrap'><span class='inner t-a-b-2'><h3 class='underline-solid'><\/h3><\/span><\/span><\/div><\/div><\/section>\n\n<section class=\"square-boxes wp-block-group acf-block\">\n    <div class='wp-block-columns align-wide items-2'><div class='wp-block-column'><span class='wp-block-image title-position-'><span class='image' style='background-image:url(https:\/\/paabaths.com\/wp-content\/uploads\/2021\/06\/for-architects-7-1-750x750.jpg);'><\/span><span class='inner-wrap'><span class='inner'><h3><\/h3><\/span><\/span><\/span><\/div><div class='wp-block-column'><span class='wp-block-image title-position-'><span class='image' style='background-image:url(https:\/\/paabaths.com\/wp-content\/uploads\/2021\/06\/for-architects-7-2-750x750.jpg);'><\/span><span class='inner-wrap'><span class='inner'><h3><\/h3><\/span><\/span><\/span><\/div>    <\/div>\n<\/section>\n\n\n<section data-type='' id='block-69dcea5f2e99c' class='full-width-cta wp-block-group acf-block alignwide '><style>#block-69dcea5f2e99c .wp-block-image { height: 615px; } \r\n@media(max-width:1024px){ #block-69dcea5f2e99c .wp-block-image { height: 435px; } }; \r\n@media(max-width:992px){ #block-69dcea5f2e99c .wp-block-image { height: 435px; } }; \r\n@media(max-width:568px){ #block-69dcea5f2e99c .wp-block-image { height: 290px; } }; \r\n<\/style><div class='image lazyload' data-background-image='https:\/\/paabaths.com\/wp-content\/uploads\/2021\/06\/for-architects-6-1-1560x923.jpg'><\/div><div class='fill-bg'><\/div><div class='wp-block alignwide'><div  class='wp-block-image title-position-'><span class='inner-wrap'><span class='inner t-a-b-2'><h3 class='underline-solid'><\/h3><\/span><\/span><\/div><\/div><\/section>\n\n<section class=\"square-boxes wp-block-group acf-block\">\n    <div class='wp-block-columns align-wide items-2'><div class='wp-block-column'><a href='.\/' class='wp-block-image title-position-center'><span class='image' style='background-image:url(https:\/\/paabaths.com\/wp-content\/uploads\/2021\/04\/our-materials-home-square.png);'><\/span><span class='inner-wrap'><span class='inner'><h3>Materi\u0101li<\/h3><\/span><\/span><\/a><\/div><div class='wp-block-column'><a href='https:\/\/paabaths.com\/lv\/projekti\/' class='wp-block-image title-position-center'><span class='image' style='background-image:url(https:\/\/paabaths.com\/wp-content\/uploads\/2021\/06\/selected-projects-square-750x750.jpg);'><\/span><span class='inner-wrap'><span class='inner'><h3>Projekti<\/h3><\/span><\/span><\/a><\/div>    <\/div>\n<\/section>\n\n\n<section class='button-block wp-block-group acf-block'><div class='wp-block alignwide t-a-b-2'><h2><\/h2><div class='wp-block-buttons is-content-justification-center'><div class='wp-block-button is-style-outline'><a href='http:\/\/paabaths.com\/lv\/profesionaliem\/uz-sazinu\/' class='wp-block-button__link' title='Projekta apr\u0113\u0137ina piepras\u012bjums'>Projekta apr\u0113\u0137ina piepras\u012bjums<\/a><\/div><\/div><\/div><\/section>","protected":false},"excerpt":{"rendered":"","protected":false},"author":1,"featured_media":0,"parent":2104,"menu_order":0,"comment_status":"closed","ping_status":"closed","template":"template-page-with-breadcrumbs.php","meta":{"_acf_changed":false,"inline_featured_image":false,"footnotes":""},"class_list":["post-2105","page","type-page","status-publish","hentry"],"acf":[],"yoast_head":"<!-- This site is optimized with the Yoast SEO plugin v26.1.1 - https:\/\/yoast.com\/wordpress\/plugins\/seo\/ -->\n<title>Sadarb\u012bba - PAA<\/title>\n<meta name=\"robots\" content=\"index, follow, max-snippet:-1, max-image-preview:large, max-video-preview:-1\" \/>\n<link rel=\"canonical\" href=\"https:\/\/paabaths.com\/lv\/profesionaliem\/sadarbiba\/\" \/>\n<meta property=\"og:locale\" content=\"lv_LV\" \/>\n<meta property=\"og:type\" content=\"article\" \/>\n<meta property=\"og:title\" content=\"Sadarb\u012bba - PAA\" \/>\n<meta property=\"og:url\" content=\"https:\/\/paabaths.com\/lv\/profesionaliem\/sadarbiba\/\" \/>\n<meta property=\"og:site_name\" content=\"PAA\" \/>\n<meta property=\"article:publisher\" content=\"https:\/\/www.facebook.com\/paabaths\/\" \/>\n<meta property=\"article:modified_time\" content=\"2023-11-03T12:17:40+00:00\" \/>\n<meta property=\"og:image\" content=\"https:\/\/paabaths.com\/wp-content\/uploads\/2025\/09\/PAA-baths-title2560x1500px.jpg\" \/>\n\t<meta property=\"og:image:width\" content=\"2560\" \/>\n\t<meta property=\"og:image:height\" content=\"1500\" \/>\n\t<meta property=\"og:image:type\" content=\"image\/jpeg\" \/>\n<meta name=\"twitter:card\" content=\"summary_large_image\" \/>\n<script type=\"application\/ld+json\" class=\"yoast-schema-graph\">{\"@context\":\"https:\/\/schema.org\",\"@graph\":[{\"@type\":\"WebPage\",\"@id\":\"https:\/\/paabaths.com\/lv\/profesionaliem\/sadarbiba\/\",\"url\":\"https:\/\/paabaths.com\/lv\/profesionaliem\/sadarbiba\/\",\"name\":\"Sadarb\u012bba - PAA\",\"isPartOf\":{\"@id\":\"https:\/\/paabaths.com\/lv\/#website\"},\"datePublished\":\"2021-04-07T01:48:53+00:00\",\"dateModified\":\"2023-11-03T12:17:40+00:00\",\"breadcrumb\":{\"@id\":\"https:\/\/paabaths.com\/lv\/profesionaliem\/sadarbiba\/#breadcrumb\"},\"inLanguage\":\"lv-LV\",\"potentialAction\":[{\"@type\":\"ReadAction\",\"target\":[\"https:\/\/paabaths.com\/lv\/profesionaliem\/sadarbiba\/\"]}]},{\"@type\":\"BreadcrumbList\",\"@id\":\"https:\/\/paabaths.com\/lv\/profesionaliem\/sadarbiba\/#breadcrumb\",\"itemListElement\":[{\"@type\":\"ListItem\",\"position\":1,\"name\":\"Home\",\"item\":\"https:\/\/paabaths.com\/lv\/\"},{\"@type\":\"ListItem\",\"position\":2,\"name\":\"Profesion\u0101\u013ciem\",\"item\":\"https:\/\/paabaths.com\/lv\/for-professionals\/\"},{\"@type\":\"ListItem\",\"position\":3,\"name\":\"Sadarb\u012bba\"}]},{\"@type\":\"WebSite\",\"@id\":\"https:\/\/paabaths.com\/lv\/#website\",\"url\":\"https:\/\/paabaths.com\/lv\/\",\"name\":\"PAA\",\"description\":\"This is PAA Ltd. brand site\",\"publisher\":{\"@id\":\"https:\/\/paabaths.com\/lv\/#organization\"},\"potentialAction\":[{\"@type\":\"SearchAction\",\"target\":{\"@type\":\"EntryPoint\",\"urlTemplate\":\"https:\/\/paabaths.com\/lv\/?s={search_term_string}\"},\"query-input\":{\"@type\":\"PropertyValueSpecification\",\"valueRequired\":true,\"valueName\":\"search_term_string\"}}],\"inLanguage\":\"lv-LV\"},{\"@type\":\"Organization\",\"@id\":\"https:\/\/paabaths.com\/lv\/#organization\",\"name\":\"PAA Baths\",\"url\":\"https:\/\/paabaths.com\/lv\/\",\"logo\":{\"@type\":\"ImageObject\",\"inLanguage\":\"lv-LV\",\"@id\":\"https:\/\/paabaths.com\/lv\/#\/schema\/logo\/image\/\",\"url\":\"https:\/\/paabaths.com\/wp-content\/uploads\/2023\/02\/84294546_179914056600038_3880533746851512320_n.jpeg\",\"contentUrl\":\"https:\/\/paabaths.com\/wp-content\/uploads\/2023\/02\/84294546_179914056600038_3880533746851512320_n.jpeg\",\"width\":320,\"height\":320,\"caption\":\"PAA Baths\"},\"image\":{\"@id\":\"https:\/\/paabaths.com\/lv\/#\/schema\/logo\/image\/\"},\"sameAs\":[\"https:\/\/www.facebook.com\/paabaths\/\",\"https:\/\/www.instagram.com\/paa_baths\"]}]}<\/script>\n<!-- \/ Yoast SEO plugin. -->","yoast_head_json":{"title":"Sadarb\u012bba - PAA","robots":{"index":"index","follow":"follow","max-snippet":"max-snippet:-1","max-image-preview":"max-image-preview:large","max-video-preview":"max-video-preview:-1"},"canonical":"https:\/\/paabaths.com\/lv\/profesionaliem\/sadarbiba\/","og_locale":"lv_LV","og_type":"article","og_title":"Sadarb\u012bba - PAA","og_url":"https:\/\/paabaths.com\/lv\/profesionaliem\/sadarbiba\/","og_site_name":"PAA","article_publisher":"https:\/\/www.facebook.com\/paabaths\/","article_modified_time":"2023-11-03T12:17:40+00:00","og_image":[{"width":2560,"height":1500,"url":"https:\/\/paabaths.com\/wp-content\/uploads\/2025\/09\/PAA-baths-title2560x1500px.jpg","type":"image\/jpeg"}],"twitter_card":"summary_large_image","schema":{"@context":"https:\/\/schema.org","@graph":[{"@type":"WebPage","@id":"https:\/\/paabaths.com\/lv\/profesionaliem\/sadarbiba\/","url":"https:\/\/paabaths.com\/lv\/profesionaliem\/sadarbiba\/","name":"Sadarb\u012bba - PAA","isPartOf":{"@id":"https:\/\/paabaths.com\/lv\/#website"},"datePublished":"2021-04-07T01:48:53+00:00","dateModified":"2023-11-03T12:17:40+00:00","breadcrumb":{"@id":"https:\/\/paabaths.com\/lv\/profesionaliem\/sadarbiba\/#breadcrumb"},"inLanguage":"lv-LV","potentialAction":[{"@type":"ReadAction","target":["https:\/\/paabaths.com\/lv\/profesionaliem\/sadarbiba\/"]}]},{"@type":"BreadcrumbList","@id":"https:\/\/paabaths.com\/lv\/profesionaliem\/sadarbiba\/#breadcrumb","itemListElement":[{"@type":"ListItem","position":1,"name":"Home","item":"https:\/\/paabaths.com\/lv\/"},{"@type":"ListItem","position":2,"name":"Profesion\u0101\u013ciem","item":"https:\/\/paabaths.com\/lv\/for-professionals\/"},{"@type":"ListItem","position":3,"name":"Sadarb\u012bba"}]},{"@type":"WebSite","@id":"https:\/\/paabaths.com\/lv\/#website","url":"https:\/\/paabaths.com\/lv\/","name":"PAA","description":"This is PAA Ltd. brand site","publisher":{"@id":"https:\/\/paabaths.com\/lv\/#organization"},"potentialAction":[{"@type":"SearchAction","target":{"@type":"EntryPoint","urlTemplate":"https:\/\/paabaths.com\/lv\/?s={search_term_string}"},"query-input":{"@type":"PropertyValueSpecification","valueRequired":true,"valueName":"search_term_string"}}],"inLanguage":"lv-LV"},{"@type":"Organization","@id":"https:\/\/paabaths.com\/lv\/#organization","name":"PAA Baths","url":"https:\/\/paabaths.com\/lv\/","logo":{"@type":"ImageObject","inLanguage":"lv-LV","@id":"https:\/\/paabaths.com\/lv\/#\/schema\/logo\/image\/","url":"https:\/\/paabaths.com\/wp-content\/uploads\/2023\/02\/84294546_179914056600038_3880533746851512320_n.jpeg","contentUrl":"https:\/\/paabaths.com\/wp-content\/uploads\/2023\/02\/84294546_179914056600038_3880533746851512320_n.jpeg","width":320,"height":320,"caption":"PAA Baths"},"image":{"@id":"https:\/\/paabaths.com\/lv\/#\/schema\/logo\/image\/"},"sameAs":["https:\/\/www.facebook.com\/paabaths\/","https:\/\/www.instagram.com\/paa_baths"]}]}},"_links":{"self":[{"href":"https:\/\/paabaths.com\/lv\/wp-json\/wp\/v2\/pages\/2105","targetHints":{"allow":["GET"]}}],"collection":[{"href":"https:\/\/paabaths.com\/lv\/wp-json\/wp\/v2\/pages"}],"about":[{"href":"https:\/\/paabaths.com\/lv\/wp-json\/wp\/v2\/types\/page"}],"author":[{"embeddable":true,"href":"https:\/\/paabaths.com\/lv\/wp-json\/wp\/v2\/users\/1"}],"replies":[{"embeddable":true,"href":"https:\/\/paabaths.com\/lv\/wp-json\/wp\/v2\/comments?post=2105"}],"version-history":[{"count":3,"href":"https:\/\/paabaths.com\/lv\/wp-json\/wp\/v2\/pages\/2105\/revisions"}],"predecessor-version":[{"id":58653,"href":"https:\/\/paabaths.com\/lv\/wp-json\/wp\/v2\/pages\/2105\/revisions\/58653"}],"up":[{"embeddable":true,"href":"https:\/\/paabaths.com\/lv\/wp-json\/wp\/v2\/pages\/2104"}],"wp:attachment":[{"href":"https:\/\/paabaths.com\/lv\/wp-json\/wp\/v2\/media?parent=2105"}],"curies":[{"name":"wp","href":"https:\/\/api.w.org\/{rel}","templated":true}]}}