{"id":2094,"date":"2021-04-07T04:45:23","date_gmt":"2021-04-07T01:45:23","guid":{"rendered":"http:\/\/paa.localhost\/contacts\/"},"modified":"2026-02-27T08:06:18","modified_gmt":"2026-02-27T06:06:18","slug":"kontakti","status":"publish","type":"page","link":"https:\/\/paabaths.com\/lv\/mes\/kontakti\/","title":{"rendered":"Kontakti"},"content":{"rendered":"<section class='page-title wp-block-group acf-block position-left  has-h1' ><div class='wp-block alignwide'><h1 class='t-a-b-2'>Kontakti<\/h1><\/div><\/section>\n\n<section class='contact-block contact-block-style-2 wp-block-group acf-block first-block'><div class='wp-block alignwide'><div class='image-wrap'><div class='image' style='background-image:url(https:\/\/paabaths.com\/wp-content\/uploads\/2022\/04\/contacts-factory-1560x789.jpg)'><\/div><img src='' data-src='https:\/\/paabaths.com\/wp-content\/uploads\/2022\/04\/contacts-factory-1560x789.jpg' alt='' class='lazyload'><\/div><div class='item-columns'><div class='item-column left-side-item'><div class='contact-item'><h2>Fabrika<\/h2><p>PAA ra\u017eotne, \u201cLaukai\u0146i\u201d,<br \/>\n\u0136ekavas novads, LV-2123, Latvija<\/p>\n<p>T\u0101lr.: +371 67813556 (administr\u0101cija)<br \/>\nE-pasts:  <a href=\"mailto:info@paa.lv\">info@paa.lv<\/a><\/p>\n<p>Darbalaiks:<br \/>\npirmdiena &#8211; piektdiena: 08.00-12.00 \/ 12.30-16.30<br \/>\nNoliktava:<br \/>\npirmdiena &#8211; piektdiena: 08.00-12.00 \/ 12.30-16.00<\/p>\n<\/div><\/div><div class='item-column right-side-item'><div class='contact-item'><h2>Ekspoz\u012bcija<\/h2><p>PAA vannu salons<br \/>\n\u016anijas iela 12a, R\u012bga, LV\u20131084, Latvija<\/p>\n<p>T\u0101lr.: +371 67321237<br \/>\nE-pasts: <a href=\"mailto:vannusalons@paa.lv\">vannusalons@paa.lv<\/a><br \/>\nDarbalaiks:<br \/>\nDarbdien\u0101s 10.00-18.30 \/ Sestdien\u0101s 11.00-17.00<\/p>\n<\/div><\/div><\/div><\/div><\/section>\n\n<section class='button-block wp-block-group acf-block'><div class='wp-block alignwide t-a-b-2'><h2>Kur ieg\u0101d\u0101ties?<\/h2><div class='wp-block-buttons is-content-justification-center'><div class='wp-block-button is-style-outline'><a href='http:\/\/paabaths.com\/lv\/kur-nopirkt\/#latvija' class='wp-block-button__link' title='D\u012bleri'>D\u012bleri<\/a><\/div><\/div><\/div><\/section>\n\n<section class='contact-block contact-block-style-2 wp-block-group acf-block  no-image'><div class='wp-block alignwide'><div class='item-columns'><div class='item-column left-side-item'><div class='contact-item'><h2>Vairumtirdzniec\u012bba Latvij\u0101<\/h2><p>T\u0101lr.: +371 29447729<br \/>\nE-pasts: <a href=\"mailto:maksims.zinovjevs@paa.lv\">maksims.zinovjevs@paa.lv<\/a><\/p>\n<\/div><\/div><div class='item-column right-side-item'><div class='contact-item'><h2>PAA vannu serviss (Latvij\u0101)<\/h2><p>\u0422\u0101lr.: +371 22005222<br \/>\nE-pasts: <a href=\"mailto:vannuserviss@paa.lv \">vannuserviss@paa.lv <\/a><\/p>\n<\/div><\/div><div class='item-column right-side-item'><div class='contact-item'><h2>Eksporta noda\u013ca<\/h2><p>T\u0101lr.: +371 67830918<br \/>\nE-pasts:  <a href=\"mailto:export@paa.lv\">export@paa.lv<\/a><\/p>\n<\/div><\/div><\/div><\/div><\/section>\n\n<section class='contact-block contact-block-style-2 wp-block-group acf-block  no-image'><div class='wp-block alignwide'><div class='item-columns'><div class='item-column left-side-item'><div class='contact-item'><h2>P\u0101rst\u0101vniec\u012bba Ukrain\u0101<\/h2><p>Me\u017eigorskaja iela 28 -35, Kijiva, 04071, Ukraina<\/p>\n<p>T\u0101lr: +380 505088787<br \/>\nE-pasts: <a href=\"mailto:alla@paa.com.ua\">alla@paa.com.ua<\/a><\/p>\n<\/div><\/div><div class='item-column right-side-item'><div class='contact-item'><h2>P\u0101rst\u0101vniec\u012bba Lietuv\u0101<\/h2><p>T\u0101lr.: +370 67711699<br \/>\nE-pasts: <a href=\"mailto:lietuva@paa.lv\">lietuva@paa.lv<\/a><\/p>\n<\/div><\/div><div class='item-column right-side-item'><div class='contact-item'><h2>P\u0101rst\u0101vniec\u012bba Polij\u0101<\/h2><p>T\u0101lr.: +48 573 990 035<br \/>\nE-pasts: <a href=\"mailto:r.dzierlinski@vixor.plv\">r.dzierlinski@vixor.pl<\/a><\/p>\n<\/div><\/div><\/div><div class='item-columns'><div class='item-column left-side-item'><div class='contact-item'><\/div><\/div><div class='item-column right-side-item'><div class='contact-item'><\/div><\/div><\/div><\/div><\/section>\n\n<section class='contact-block contact-block-style-2 wp-block-group acf-block  no-image'><div class='wp-block alignwide'><div class='item-columns'><div class='item-column left-side-item'><div class='contact-item'><h2>Rekviz\u012bti<\/h2><p>SIA PAA<br \/>\n\u016anijas iela 12a, R\u012bga, LV-1084<br \/>\nRe\u0123. Nr. LV40003133269<br \/>\nBanka: Luminor Bank AS<br \/>\nSWIFT kods: RIKOLV2X<br \/>\nKonts: LV14RIKO0000084100890<\/p>\n<\/div><\/div><div class='item-column right-side-item'><div class='contact-item'><\/div><\/div><div class='item-column right-side-item'><div class='contact-item'><\/div><\/div><\/div><\/div><\/section>","protected":false},"excerpt":{"rendered":"","protected":false},"author":1,"featured_media":0,"parent":13736,"menu_order":3,"comment_status":"closed","ping_status":"closed","template":"template-page-with-breadcrumbs.php","meta":{"_acf_changed":false,"inline_featured_image":false,"footnotes":""},"class_list":["post-2094","page","type-page","status-publish","hentry"],"acf":[],"yoast_head":"<!-- This site is optimized with the Yoast SEO plugin v26.1.1 - https:\/\/yoast.com\/wordpress\/plugins\/seo\/ -->\n<title>Kontakti - PAA<\/title>\n<meta name=\"robots\" content=\"index, follow, max-snippet:-1, max-image-preview:large, max-video-preview:-1\" \/>\n<link rel=\"canonical\" href=\"https:\/\/paabaths.com\/lv\/mes\/kontakti\/\" \/>\n<meta property=\"og:locale\" content=\"lv_LV\" \/>\n<meta property=\"og:type\" content=\"article\" \/>\n<meta property=\"og:title\" content=\"Kontakti - PAA\" \/>\n<meta property=\"og:url\" content=\"https:\/\/paabaths.com\/lv\/mes\/kontakti\/\" \/>\n<meta property=\"og:site_name\" content=\"PAA\" \/>\n<meta property=\"article:publisher\" content=\"https:\/\/www.facebook.com\/paabaths\/\" \/>\n<meta property=\"article:modified_time\" content=\"2026-02-27T06:06:18+00:00\" \/>\n<meta property=\"og:image\" content=\"https:\/\/paabaths.com\/wp-content\/uploads\/2025\/09\/PAA-baths-title2560x1500px.jpg\" \/>\n\t<meta property=\"og:image:width\" content=\"2560\" \/>\n\t<meta property=\"og:image:height\" content=\"1500\" \/>\n\t<meta property=\"og:image:type\" content=\"image\/jpeg\" \/>\n<meta name=\"twitter:card\" content=\"summary_large_image\" \/>\n<script type=\"application\/ld+json\" class=\"yoast-schema-graph\">{\"@context\":\"https:\/\/schema.org\",\"@graph\":[{\"@type\":\"WebPage\",\"@id\":\"https:\/\/paabaths.com\/lv\/mes\/kontakti\/\",\"url\":\"https:\/\/paabaths.com\/lv\/mes\/kontakti\/\",\"name\":\"Kontakti - PAA\",\"isPartOf\":{\"@id\":\"https:\/\/paabaths.com\/lv\/#website\"},\"datePublished\":\"2021-04-07T01:45:23+00:00\",\"dateModified\":\"2026-02-27T06:06:18+00:00\",\"breadcrumb\":{\"@id\":\"https:\/\/paabaths.com\/lv\/mes\/kontakti\/#breadcrumb\"},\"inLanguage\":\"lv-LV\",\"potentialAction\":[{\"@type\":\"ReadAction\",\"target\":[\"https:\/\/paabaths.com\/lv\/mes\/kontakti\/\"]}]},{\"@type\":\"BreadcrumbList\",\"@id\":\"https:\/\/paabaths.com\/lv\/mes\/kontakti\/#breadcrumb\",\"itemListElement\":[{\"@type\":\"ListItem\",\"position\":1,\"name\":\"Home\",\"item\":\"https:\/\/paabaths.com\/lv\/\"},{\"@type\":\"ListItem\",\"position\":2,\"name\":\"M\u0113s\",\"item\":\"https:\/\/paabaths.com\/lv\/mes\/\"},{\"@type\":\"ListItem\",\"position\":3,\"name\":\"Kontakti\"}]},{\"@type\":\"WebSite\",\"@id\":\"https:\/\/paabaths.com\/lv\/#website\",\"url\":\"https:\/\/paabaths.com\/lv\/\",\"name\":\"PAA\",\"description\":\"This is PAA Ltd. brand site\",\"publisher\":{\"@id\":\"https:\/\/paabaths.com\/lv\/#organization\"},\"potentialAction\":[{\"@type\":\"SearchAction\",\"target\":{\"@type\":\"EntryPoint\",\"urlTemplate\":\"https:\/\/paabaths.com\/lv\/?s={search_term_string}\"},\"query-input\":{\"@type\":\"PropertyValueSpecification\",\"valueRequired\":true,\"valueName\":\"search_term_string\"}}],\"inLanguage\":\"lv-LV\"},{\"@type\":\"Organization\",\"@id\":\"https:\/\/paabaths.com\/lv\/#organization\",\"name\":\"PAA Baths\",\"url\":\"https:\/\/paabaths.com\/lv\/\",\"logo\":{\"@type\":\"ImageObject\",\"inLanguage\":\"lv-LV\",\"@id\":\"https:\/\/paabaths.com\/lv\/#\/schema\/logo\/image\/\",\"url\":\"https:\/\/paabaths.com\/wp-content\/uploads\/2023\/02\/84294546_179914056600038_3880533746851512320_n.jpeg\",\"contentUrl\":\"https:\/\/paabaths.com\/wp-content\/uploads\/2023\/02\/84294546_179914056600038_3880533746851512320_n.jpeg\",\"width\":320,\"height\":320,\"caption\":\"PAA Baths\"},\"image\":{\"@id\":\"https:\/\/paabaths.com\/lv\/#\/schema\/logo\/image\/\"},\"sameAs\":[\"https:\/\/www.facebook.com\/paabaths\/\",\"https:\/\/www.instagram.com\/paa_baths\"]}]}<\/script>\n<!-- \/ Yoast SEO plugin. -->","yoast_head_json":{"title":"Kontakti - PAA","robots":{"index":"index","follow":"follow","max-snippet":"max-snippet:-1","max-image-preview":"max-image-preview:large","max-video-preview":"max-video-preview:-1"},"canonical":"https:\/\/paabaths.com\/lv\/mes\/kontakti\/","og_locale":"lv_LV","og_type":"article","og_title":"Kontakti - PAA","og_url":"https:\/\/paabaths.com\/lv\/mes\/kontakti\/","og_site_name":"PAA","article_publisher":"https:\/\/www.facebook.com\/paabaths\/","article_modified_time":"2026-02-27T06:06:18+00:00","og_image":[{"width":2560,"height":1500,"url":"https:\/\/paabaths.com\/wp-content\/uploads\/2025\/09\/PAA-baths-title2560x1500px.jpg","type":"image\/jpeg"}],"twitter_card":"summary_large_image","schema":{"@context":"https:\/\/schema.org","@graph":[{"@type":"WebPage","@id":"https:\/\/paabaths.com\/lv\/mes\/kontakti\/","url":"https:\/\/paabaths.com\/lv\/mes\/kontakti\/","name":"Kontakti - PAA","isPartOf":{"@id":"https:\/\/paabaths.com\/lv\/#website"},"datePublished":"2021-04-07T01:45:23+00:00","dateModified":"2026-02-27T06:06:18+00:00","breadcrumb":{"@id":"https:\/\/paabaths.com\/lv\/mes\/kontakti\/#breadcrumb"},"inLanguage":"lv-LV","potentialAction":[{"@type":"ReadAction","target":["https:\/\/paabaths.com\/lv\/mes\/kontakti\/"]}]},{"@type":"BreadcrumbList","@id":"https:\/\/paabaths.com\/lv\/mes\/kontakti\/#breadcrumb","itemListElement":[{"@type":"ListItem","position":1,"name":"Home","item":"https:\/\/paabaths.com\/lv\/"},{"@type":"ListItem","position":2,"name":"M\u0113s","item":"https:\/\/paabaths.com\/lv\/mes\/"},{"@type":"ListItem","position":3,"name":"Kontakti"}]},{"@type":"WebSite","@id":"https:\/\/paabaths.com\/lv\/#website","url":"https:\/\/paabaths.com\/lv\/","name":"PAA","description":"This is PAA Ltd. brand site","publisher":{"@id":"https:\/\/paabaths.com\/lv\/#organization"},"potentialAction":[{"@type":"SearchAction","target":{"@type":"EntryPoint","urlTemplate":"https:\/\/paabaths.com\/lv\/?s={search_term_string}"},"query-input":{"@type":"PropertyValueSpecification","valueRequired":true,"valueName":"search_term_string"}}],"inLanguage":"lv-LV"},{"@type":"Organization","@id":"https:\/\/paabaths.com\/lv\/#organization","name":"PAA Baths","url":"https:\/\/paabaths.com\/lv\/","logo":{"@type":"ImageObject","inLanguage":"lv-LV","@id":"https:\/\/paabaths.com\/lv\/#\/schema\/logo\/image\/","url":"https:\/\/paabaths.com\/wp-content\/uploads\/2023\/02\/84294546_179914056600038_3880533746851512320_n.jpeg","contentUrl":"https:\/\/paabaths.com\/wp-content\/uploads\/2023\/02\/84294546_179914056600038_3880533746851512320_n.jpeg","width":320,"height":320,"caption":"PAA Baths"},"image":{"@id":"https:\/\/paabaths.com\/lv\/#\/schema\/logo\/image\/"},"sameAs":["https:\/\/www.facebook.com\/paabaths\/","https:\/\/www.instagram.com\/paa_baths"]}]}},"_links":{"self":[{"href":"https:\/\/paabaths.com\/lv\/wp-json\/wp\/v2\/pages\/2094","targetHints":{"allow":["GET"]}}],"collection":[{"href":"https:\/\/paabaths.com\/lv\/wp-json\/wp\/v2\/pages"}],"about":[{"href":"https:\/\/paabaths.com\/lv\/wp-json\/wp\/v2\/types\/page"}],"author":[{"embeddable":true,"href":"https:\/\/paabaths.com\/lv\/wp-json\/wp\/v2\/users\/1"}],"replies":[{"embeddable":true,"href":"https:\/\/paabaths.com\/lv\/wp-json\/wp\/v2\/comments?post=2094"}],"version-history":[{"count":75,"href":"https:\/\/paabaths.com\/lv\/wp-json\/wp\/v2\/pages\/2094\/revisions"}],"predecessor-version":[{"id":97183,"href":"https:\/\/paabaths.com\/lv\/wp-json\/wp\/v2\/pages\/2094\/revisions\/97183"}],"up":[{"embeddable":true,"href":"https:\/\/paabaths.com\/lv\/wp-json\/wp\/v2\/pages\/13736"}],"wp:attachment":[{"href":"https:\/\/paabaths.com\/lv\/wp-json\/wp\/v2\/media?parent=2094"}],"curies":[{"name":"wp","href":"https:\/\/api.w.org\/{rel}","templated":true}]}}