{"id":1943,"date":"2021-03-12T09:59:15","date_gmt":"2021-03-12T07:59:15","guid":{"rendered":"http:\/\/paa.localhost\/made-to-measure\/"},"modified":"2024-05-21T14:51:52","modified_gmt":"2024-05-21T11:51:52","slug":"made-to-measure","status":"publish","type":"page","link":"https:\/\/paabaths.com\/lv\/made-to-measure\/","title":{"rendered":"Made to Measure"},"content":{"rendered":"<section class='page-title wp-block-group acf-block position-center  has-h1' ><div class='wp-block alignwide'><h1 class='t-a-b-2'>Made to Measure<\/h1><\/div><\/section>\n\n<section class='page-description wp-block-group acf-block alignwide'><div class='wp-block alignwide'><div class='description t-a-b-2'><p>Izgatavojam konkr\u0113tai vannasistabai. P\u0113c pas\u016bt\u012bt\u0101ja specifik\u0101cijas. Latvij\u0101. Roku darbs.<\/p>\n<\/div><\/div><\/section>\n\n<section data-type='' id='block-69e8a83e384cb' class='full-width-cta wp-block-group acf-block  '><style>#block-69e8a83e384cb .wp-block-image { height: 700px; } \r\n@media(max-width:1024px){ #block-69e8a83e384cb .wp-block-image { height: 500px; } }; \r\n@media(max-width:992px){ #block-69e8a83e384cb .wp-block-image { height: 450px; } }; \r\n@media(max-width:568px){ #block-69e8a83e384cb .wp-block-image { height: 270px; } }; \r\n<\/style><div class='image lazyload' data-background-image='https:\/\/paabaths.com\/wp-content\/uploads\/2021\/06\/made-to-mesure-1.jpg'><\/div><div class='fill-bg'><\/div><div class='wp-block alignwide'><div  class='wp-block-image title-position-top'><span class='inner-wrap'><span class='inner t-a-b-2'><h3 class='underline-solid'><\/h3><\/span><\/span><\/div><\/div><\/section>\n\n<section class='page-content wp-block-group acf-block alignwide style-2 content-width'><div class='wp-block alignwide'><div class='content t-a-b-2'><p>Piel\u0101gojot telpai un t\u0101s \u012bpa\u0161nieka iecer\u0113m, vannas, izlietnes un du\u0161as palikt\u0146us izgatavojam no Silkstone &#8211; m\u016bsdien\u012bga marmora p\u0113cte\u010da: c\u0113la un ilgm\u016b\u017e\u012bga akmens ar mat\u0113ti z\u012bdainu, siltu virsmu.<\/p>\n<\/div><\/div><\/section>\n\n<section class=\"square-boxes wp-block-group acf-block\">\n    <div class='wp-block-columns align-wide items-2'><div class='wp-block-column'><span class='wp-block-image title-position-top'><span class='image' style='background-image:url(https:\/\/paabaths.com\/wp-content\/uploads\/2021\/06\/made-to-mesure-2.jpg);'><\/span><span class='inner-wrap'><span class='inner'><h3><\/h3><\/span><\/span><\/span><\/div><div class='wp-block-column'><span class='wp-block-image title-position-top'><span class='image' style='background-image:url(https:\/\/paabaths.com\/wp-content\/uploads\/2021\/06\/made-to-mesure-3.jpg);'><\/span><span class='inner-wrap'><span class='inner'><h3><\/h3><\/span><\/span><\/span><\/div>    <\/div>\n<\/section>\n\n\n<section data-type='' id='block-69e8a83e3cccb' class='full-width-cta wp-block-group acf-block alignwide '><style>#block-69e8a83e3cccb .wp-block-image { height: 613px; } \r\n@media(max-width:1024px){ #block-69e8a83e3cccb .wp-block-image { height: 434px; } }; \r\n@media(max-width:992px){ #block-69e8a83e3cccb .wp-block-image { height: 434px; } }; \r\n@media(max-width:568px){ #block-69e8a83e3cccb .wp-block-image { height: 270px; } }; \r\n<\/style><div class='image lazyload' data-background-image='https:\/\/paabaths.com\/wp-content\/uploads\/2021\/06\/made-to-mesure-4.jpg'><\/div><div class='fill-bg'><\/div><div class='wp-block alignwide'><div  class='wp-block-image title-position-top'><span class='inner-wrap'><span class='inner t-a-b-2'><h3 class='underline-solid'><\/h3><\/span><\/span><\/div><\/div><\/section>\n\n<section class='page-content wp-block-group acf-block alignwide style-2 content-width'><div class='wp-block alignwide'><div class='content t-a-b-2'><p>Made to Measure izlietnes<br \/>\nIzgatavotas individu\u0101li p\u0113c noteiktiem izm\u0113riem, formas.<\/p>\n<\/div><\/div><\/section>\n\n<section data-type='full-width' id='block-69e8a83e3ead7' class='full-width-cta wp-block-group acf-block  font-color-white'><style>#block-69e8a83e3ead7 .wp-block-image { height: 782px; } \r\n@media(max-width:1024px){ #block-69e8a83e3ead7 .wp-block-image { height: 500px; } }; \r\n@media(max-width:992px){ #block-69e8a83e3ead7 .wp-block-image { height: 450px; } }; \r\n@media(max-width:568px){ #block-69e8a83e3ead7 .wp-block-image { height: 270px; } }; \r\n<\/style><div class='image lazyload' data-background-image='https:\/\/paabaths.com\/wp-content\/uploads\/2022\/08\/made-to-mesure-5-2560x1200-1.jpg'><\/div><div class='fill-bg'><\/div><div class='wp-block alignwide'><div  class='wp-block-image title-position-top'><span class='inner-wrap'><span class='inner t-a-b-2'><h3 class='underline-solid'><\/h3><\/span><\/span><\/div><\/div><\/section>\n\n<section class=\"youtube-block\">\n    <div class=\"inner wp-block alignwide\">\n        <div id=\"S-MuFY7vij8\" class=\"youtube-player\" data-plyr-provider=\"youtube\" data-plyr-embed-id=\"S-MuFY7vij8\"><\/div>\n    <\/div>\n<\/section>\n<style>\n.plyr__control--overlaid {\n    margin-top: 0!important;\n}\n@media (max-width: 1140px) {\n    .youtube-block {\n        margin-bottom: 30px;\n    }\n    .home .youtube-block .inner {\n\t    padding-left: 70px;\n\t    padding-right: 70px;\n    }\n}\n@media (max-width: 992px) {\n    .home .youtube-block .inner {\n\t    padding-left: 15px;\n\t    padding-right: 15px;\n    }\n}\n@media(max-width:768px) {\n\t.youtube-block {\n\t\tmargin-bottom: 15px;\n\t}\n}\n<\/style>\n\n<section class='content-image-slider wp-block-group acf-block alignwide'><div class='wp-block alignwide'><div class='content t-a-b-2'><div class='slider'><div class='slide'><img src='https:\/\/paabaths.com\/wp-content\/uploads\/2021\/06\/made-to-mesure-slide.jpg' alt=''><h3>Made to Measure izlietne Flow ar plauktu<\/h3><\/div><div class='slide'><img src='https:\/\/paabaths.com\/wp-content\/uploads\/2022\/08\/MTM_products_image-02.jpg' alt=''><h3>Made to Measure izlietne Opus Duo ar dvie\u013cu tur\u0113t\u0101ju<\/h3><\/div><div class='slide'><img src='https:\/\/paabaths.com\/wp-content\/uploads\/2022\/08\/MTM_products_image-03.jpg' alt=''><h3>Made to Measure izlietne Credo ar sienas l\u012bsti<\/h3><\/div><div class='slide'><img src='https:\/\/paabaths.com\/wp-content\/uploads\/2022\/08\/MTM_products_image-04.jpg' alt=''><h3>Uz skap\u012b\u0161a novietota Made to Measure izlietne Opus Grande<\/h3><\/div><div class='slide'><img src='https:\/\/paabaths.com\/wp-content\/uploads\/2022\/08\/MTM_products_image-05.jpg' alt=''><h3>Made to Measure izlietne Ovo ar Matte Shadow virsmu<\/h3><\/div><div class='slide'><img src='https:\/\/paabaths.com\/wp-content\/uploads\/2022\/08\/MTM_products_image-06.jpg' alt=''><h3>Izlietne sabiedrisk\u0101m telp\u0101m &#8211; Made to Measure Piano ar tr\u012bs b\u013cod\u0101m<\/h3><\/div><\/div><\/div><\/div><\/section>\n\n<section class='content-options-list wp-block-group acf-block alignwide'><div class='wp-block alignwide'><div class='content'><div class='col-wrap clearfix t-a-b-2'><div class='col left-side hidden-tablet'><h3>Piel\u0101go\u0161anas iesp\u0113jas<\/h3><\/div><div class='col right-side'><div class=''><h3 class='visible-tablet'>Piel\u0101go\u0161anas iesp\u0113jas<\/h3><ul><li>Virsma p\u0113c m\u0113ra<\/li><li>Da\u017e\u0101das b\u013codas<\/li><li>Sl\u012bpas malas<\/li><li>Noapa\u013cojumi un izgriezumi<\/li><li>Elegantas virsmas kr\u0101sas<\/li><li>Piel\u0101goti urbumi jauc\u0113jkr\u0101nam un piederumiem<\/li><\/ul><\/div><\/div><\/div><\/div><\/div><\/section>\n\n<section class='page-link wp-block-group acf-block alignwide'><div class='wp-block-buttons is-content-justification-center'><div class='wp-block-button is-style-outline'><a href='https:\/\/paabaths.com\/lv\/produkcija\/izlietnes\/?pa_installation-type=made-to-measure-lv' class='wp-block-button__link' title='Skat\u012bt visas Made to Measure izlietnes'>Skat\u012bt visas Made to Measure izlietnes<\/a><\/div><\/div><\/section>\n\n<section class='page-content wp-block-group acf-block alignwide style-2 content-width'><div class='wp-block alignwide'><div class='content t-a-b-2'><p>Made to Measure vannas<br \/>\nVannas virsmu izgatavojam p\u0113c dotajiem parametriem. T\u0101s iek\u0161\u0113jo da\u013cu izvietojam, lai piel\u0101gotu telpai un iecerei.<\/p>\n<\/div><\/div><\/section>\n\n<section data-type='full-width' id='block-69e8a83e4d33d' class='full-width-cta wp-block-group acf-block alignfull font-color-white'><style>#block-69e8a83e4d33d .wp-block-image { height: 700px; } \r\n@media(max-width:1024px){ #block-69e8a83e4d33d .wp-block-image { height: 375px; } }; \r\n@media(max-width:992px){ #block-69e8a83e4d33d .wp-block-image { height: 375px; } }; \r\n@media(max-width:568px){ #block-69e8a83e4d33d .wp-block-image { height: 300px; } }; \r\n<\/style><div class='image lazyload' data-background-image='https:\/\/paabaths.com\/wp-content\/uploads\/2022\/08\/mtm-3-2560x1200-1.jpg'><\/div><div class='fill-bg'><\/div><div class='wp-block alignwide'><div  class='wp-block-image title-position-top'><span class='inner-wrap'><span class='inner t-a-b-2'><h3 class='underline-solid'><\/h3><\/span><\/span><\/div><\/div><\/section>\n\n<section class=\"youtube-block\">\n    <div class=\"inner wp-block alignwide\">\n        <div id=\"N5xYw_IU3Us\" class=\"youtube-player\" data-plyr-provider=\"youtube\" data-plyr-embed-id=\"N5xYw_IU3Us\"><\/div>\n    <\/div>\n<\/section>\n<style>\n.plyr__control--overlaid {\n    margin-top: 0!important;\n}\n@media (max-width: 1140px) {\n    .youtube-block {\n        margin-bottom: 30px;\n    }\n    .home .youtube-block .inner {\n\t    padding-left: 70px;\n\t    padding-right: 70px;\n    }\n}\n@media (max-width: 992px) {\n    .home .youtube-block .inner {\n\t    padding-left: 15px;\n\t    padding-right: 15px;\n    }\n}\n@media(max-width:768px) {\n\t.youtube-block {\n\t\tmargin-bottom: 15px;\n\t}\n}\n<\/style>\n\n<section class='content-image-slider wp-block-group acf-block alignwide'><div class='wp-block alignwide'><div class='content t-a-b-2'><div class='slider'><div class='slide'><img src='https:\/\/paabaths.com\/wp-content\/uploads\/2022\/08\/MTM_products_image-07.jpg' alt=''><h3>Deco Shape vanna, 1580 x 1300 mm, H = 630 mm<\/h3><\/div><div class='slide'><img src='https:\/\/paabaths.com\/wp-content\/uploads\/2022\/08\/MTM_products_image-08.jpg' alt=''><h3>Deco Shape vanna, 1850 x 850 mm, H = 630 mm<\/h3><\/div><div class='slide'><img src='https:\/\/paabaths.com\/wp-content\/uploads\/2022\/08\/MTM_products_image-09.jpg' alt=''><h3>Deco Shape vanna, 1750 x 810 mm, H = 630 mm<\/h3><\/div><\/div><\/div><\/div><\/section>\n\n<section class='content-options-list wp-block-group acf-block alignwide'><div class='wp-block alignwide'><div class='content'><div class='col-wrap clearfix t-a-b-2'><div class='col left-side hidden-tablet'><h3>Piel\u0101go\u0161anas iesp\u0113jas<\/h3><\/div><div class='col right-side'><div class=''><h3 class='visible-tablet'>Piel\u0101go\u0161anas iesp\u0113jas<\/h3><ul><li>Virsma p\u0113c m\u0113ra<\/li><li>Sl\u012bpas malas<\/li><li>Izgriezumi<\/li><li>Noapa\u013cojumi<\/li><li>Urbumi jauc\u0113jkr\u0101nam<\/li><li>Dvie\u013ca tur\u0113t\u0101js<\/li><li>Ton\u0113ta virsma<\/li><\/ul><\/div><\/div><\/div><\/div><\/div><\/section>\n\n<section class='page-link wp-block-group acf-block alignwide'><div class='wp-block-buttons is-content-justification-center'><div class='wp-block-button is-style-outline'><a href='https:\/\/paabaths.com\/lv\/produkcija\/vannas\/?pa_installation-type=made-to-measure-lv' class='wp-block-button__link' title='Skat\u012bt visas Made to Measure vannas'>Skat\u012bt visas Made to Measure vannas<\/a><\/div><\/div><\/section>\n\n<section class='page-content wp-block-group acf-block alignwide style-2 content-width'><div class='wp-block alignwide'><div class='content t-a-b-2'><p>Made to Measure du\u0161as palikt\u0146i<br \/>\nPrec\u012bzi piel\u0101goti konkr\u0113tai vannasistabai. Ar\u012b ar neierastu pl\u0101nojumu.<\/p>\n<\/div><\/div><\/section>\n\n<section data-type='full-width' id='block-69e8a83e51303' class='full-width-cta wp-block-group acf-block alignfull font-color-white'><style>#block-69e8a83e51303 .wp-block-image { height: 782px; } \r\n@media(max-width:1024px){ #block-69e8a83e51303 .wp-block-image { height: 450px; } }; \r\n@media(max-width:992px){ #block-69e8a83e51303 .wp-block-image { height: 450px; } }; \r\n@media(max-width:568px){ #block-69e8a83e51303 .wp-block-image { height: 270px; } }; \r\n<\/style><div class='image lazyload' data-background-image='https:\/\/paabaths.com\/wp-content\/uploads\/2022\/08\/mtm-1-2560x1200-1.jpg'><\/div><div class='fill-bg'><\/div><div class='wp-block alignwide'><div  class='wp-block-image title-position-top'><span class='inner-wrap'><span class='inner t-a-b-2'><h3 class='underline-solid'><\/h3><\/span><\/span><\/div><\/div><\/section>\n\n<section class=\"youtube-block\">\n    <div class=\"inner wp-block alignwide\">\n        <div id=\"rB7mWBNXxqE\" class=\"youtube-player\" data-plyr-provider=\"youtube\" data-plyr-embed-id=\"rB7mWBNXxqE\"><\/div>\n    <\/div>\n<\/section>\n<style>\n.plyr__control--overlaid {\n    margin-top: 0!important;\n}\n@media (max-width: 1140px) {\n    .youtube-block {\n        margin-bottom: 30px;\n    }\n    .home .youtube-block .inner {\n\t    padding-left: 70px;\n\t    padding-right: 70px;\n    }\n}\n@media (max-width: 992px) {\n    .home .youtube-block .inner {\n\t    padding-left: 15px;\n\t    padding-right: 15px;\n    }\n}\n@media(max-width:768px) {\n\t.youtube-block {\n\t\tmargin-bottom: 15px;\n\t}\n}\n<\/style>\n\n<section class='content-image-slider wp-block-group acf-block alignwide'><div class='wp-block alignwide'><div class='content t-a-b-2'><div class='slider'><div class='slide'><img src='https:\/\/paabaths.com\/wp-content\/uploads\/2021\/06\/mtm-2.jpg' alt=''><h3>Made to Measure du\u0161as paliktnis Craft vien\u0101 l\u012bmen\u012b ar gr\u012bdu, 1800 x 900 mm, H = 25 mm<\/h3><\/div><div class='slide'><img src='https:\/\/paabaths.com\/wp-content\/uploads\/2022\/08\/MTM_products_image-10.jpg' alt=''><h3>Made to Measure du\u0161as paliktnis Craft ar izgriezumu, 1800 x 900 mm, H = 25 mm<\/h3><\/div><div class='slide'><img src='https:\/\/paabaths.com\/wp-content\/uploads\/2022\/08\/MTM_products_image-12.jpg' alt=''><h3>Made to Measure du\u0161as paliktnis ar paneli, ni\u0161\u0101, 1600 x 900 mm<\/h3><\/div><div class='slide'><img src='https:\/\/paabaths.com\/wp-content\/uploads\/2022\/08\/MTM_products_image-13.jpg' alt=''><h3>Neregul\u0101ras formas Made to Measure du\u0161as paliktnis Craft ni\u0161\u0101<\/h3><\/div><\/div><\/div><\/div><\/section>\n\n<section class='content-options-list wp-block-group acf-block alignwide'><div class='wp-block alignwide'><div class='content'><div class='col-wrap clearfix t-a-b-2'><div class='col left-side hidden-tablet'><h3>Piel\u0101go\u0161anas iesp\u0113jas<\/h3><\/div><div class='col right-side'><div class=''><h3 class='visible-tablet'>Piel\u0101go\u0161anas iesp\u0113jas<\/h3><ul><li>P\u0113c m\u0113ra<\/li><li>Sl\u012bpas malas<\/li><li>Izgriezumi<\/li><li>Elegantas kr\u0101sas, to\u0146i<\/li><li>Atbilsto\u0161as kr\u0101sas, to\u0146a nopl\u016bdes v\u0101ks<\/li><\/ul><\/div><\/div><\/div><div class='col-wrap clearfix t-a-b-2'><div class='col left-side hidden-tablet'><h3>Mont\u0101\u017ea<\/h3><\/div><div class='col right-side'><div class=''><h3 class='visible-tablet'>Mont\u0101\u017ea<\/h3><ul><li>Gr\u012bd\u0101<\/li><li>Uz gr\u012bdas<\/li><li>Ar k\u0101ji\u0146\u0101m un paneli<\/li><\/ul><\/div><\/div><\/div><\/div><\/div><\/section>\n\n<section class='page-link wp-block-group acf-block alignwide'><div class='wp-block-buttons is-content-justification-center'><div class='wp-block-button is-style-outline'><a href='https:\/\/paabaths.com\/lv\/produkcija\/dusas-paliktni\/?pa_installation-type=made-to-measure-lv' class='wp-block-button__link' title='Skat\u012bt visus Made to Measure du\u0161as palikt\u0146us'>Skat\u012bt visus Made to Measure du\u0161as palikt\u0146us<\/a><\/div><\/div><\/section>\n\n<section class='page-content wp-block-group acf-block alignwide style-2 content-width'><div class='wp-block alignwide'><div class='content t-a-b-2'><p>Silkstone p\u0113c m\u0113ra izgatavoti elementi: plaukti, sienas pane\u013ci, gr\u012bdl\u012bstes, virsmas un palodzes.<br \/>\nIzcili piem\u0113roti vannasistab\u0101s ar mat\u0113ti baltu noform\u0113jumu.<\/p>\n<\/div><\/div><\/section>\n\n<section data-type='full-width' id='block-69e8a83e56e5b' class='full-width-cta wp-block-group acf-block alignfull font-color-white'><style>#block-69e8a83e56e5b .wp-block-image { height: 700px; } \r\n@media(max-width:1024px){ #block-69e8a83e56e5b .wp-block-image { height: 375px; } }; \r\n@media(max-width:992px){ #block-69e8a83e56e5b .wp-block-image { height: 375px; } }; \r\n@media(max-width:568px){ #block-69e8a83e56e5b .wp-block-image { height: 300px; } }; \r\n<\/style><div class='image lazyload' data-background-image='https:\/\/paabaths.com\/wp-content\/uploads\/2022\/08\/mtm-5-2560x1200-1.jpg'><\/div><div class='fill-bg'><\/div><div class='wp-block alignwide'><div  class='wp-block-image title-position-top'><span class='inner-wrap'><span class='inner t-a-b-2'><h3 class='underline-solid'><\/h3><\/span><\/span><\/div><\/div><\/section>\n\n<section class='button-block wp-block-group acf-block'><div class='wp-block alignwide t-a-b-2'><h2><\/h2><div class='wp-block-buttons is-content-justification-center'><div class='wp-block-button is-style-outline'><a href='https:\/\/paabaths.com\/lv\/kur-nopirkt\/' class='wp-block-button__link' title='Kur nopirkt'>Kur nopirkt<\/a><\/div><\/div><\/div><\/section>","protected":false},"excerpt":{"rendered":"","protected":false},"author":1,"featured_media":0,"parent":0,"menu_order":110,"comment_status":"closed","ping_status":"closed","template":"template-page-with-breadcrumbs.php","meta":{"_acf_changed":false,"inline_featured_image":false,"footnotes":""},"class_list":["post-1943","page","type-page","status-publish","hentry"],"acf":[],"yoast_head":"<!-- This site is optimized with the Yoast SEO plugin v26.1.1 - https:\/\/yoast.com\/wordpress\/plugins\/seo\/ -->\n<title>Made to Measure - PAA<\/title>\n<meta name=\"robots\" content=\"index, follow, max-snippet:-1, max-image-preview:large, max-video-preview:-1\" \/>\n<link rel=\"canonical\" href=\"https:\/\/paabaths.com\/lv\/made-to-measure\/\" \/>\n<meta property=\"og:locale\" content=\"lv_LV\" \/>\n<meta property=\"og:type\" content=\"article\" \/>\n<meta property=\"og:title\" content=\"Made to Measure - PAA\" \/>\n<meta property=\"og:url\" content=\"https:\/\/paabaths.com\/lv\/made-to-measure\/\" \/>\n<meta property=\"og:site_name\" content=\"PAA\" \/>\n<meta property=\"article:publisher\" content=\"https:\/\/www.facebook.com\/paabaths\/\" \/>\n<meta property=\"article:modified_time\" content=\"2024-05-21T11:51:52+00:00\" \/>\n<meta property=\"og:image\" content=\"https:\/\/paabaths.com\/wp-content\/uploads\/2025\/09\/PAA-baths-title2560x1500px.jpg\" \/>\n\t<meta property=\"og:image:width\" content=\"2560\" \/>\n\t<meta property=\"og:image:height\" content=\"1500\" \/>\n\t<meta property=\"og:image:type\" content=\"image\/jpeg\" \/>\n<meta name=\"twitter:card\" content=\"summary_large_image\" \/>\n<script type=\"application\/ld+json\" class=\"yoast-schema-graph\">{\"@context\":\"https:\/\/schema.org\",\"@graph\":[{\"@type\":\"WebPage\",\"@id\":\"https:\/\/paabaths.com\/lv\/made-to-measure\/\",\"url\":\"https:\/\/paabaths.com\/lv\/made-to-measure\/\",\"name\":\"Made to Measure - PAA\",\"isPartOf\":{\"@id\":\"https:\/\/paabaths.com\/lv\/#website\"},\"datePublished\":\"2021-03-12T07:59:15+00:00\",\"dateModified\":\"2024-05-21T11:51:52+00:00\",\"breadcrumb\":{\"@id\":\"https:\/\/paabaths.com\/lv\/made-to-measure\/#breadcrumb\"},\"inLanguage\":\"lv-LV\",\"potentialAction\":[{\"@type\":\"ReadAction\",\"target\":[\"https:\/\/paabaths.com\/lv\/made-to-measure\/\"]}]},{\"@type\":\"BreadcrumbList\",\"@id\":\"https:\/\/paabaths.com\/lv\/made-to-measure\/#breadcrumb\",\"itemListElement\":[{\"@type\":\"ListItem\",\"position\":1,\"name\":\"Home\",\"item\":\"https:\/\/paabaths.com\/lv\/\"},{\"@type\":\"ListItem\",\"position\":2,\"name\":\"Made to Measure\"}]},{\"@type\":\"WebSite\",\"@id\":\"https:\/\/paabaths.com\/lv\/#website\",\"url\":\"https:\/\/paabaths.com\/lv\/\",\"name\":\"PAA\",\"description\":\"This is PAA Ltd. brand site\",\"publisher\":{\"@id\":\"https:\/\/paabaths.com\/lv\/#organization\"},\"potentialAction\":[{\"@type\":\"SearchAction\",\"target\":{\"@type\":\"EntryPoint\",\"urlTemplate\":\"https:\/\/paabaths.com\/lv\/?s={search_term_string}\"},\"query-input\":{\"@type\":\"PropertyValueSpecification\",\"valueRequired\":true,\"valueName\":\"search_term_string\"}}],\"inLanguage\":\"lv-LV\"},{\"@type\":\"Organization\",\"@id\":\"https:\/\/paabaths.com\/lv\/#organization\",\"name\":\"PAA Baths\",\"url\":\"https:\/\/paabaths.com\/lv\/\",\"logo\":{\"@type\":\"ImageObject\",\"inLanguage\":\"lv-LV\",\"@id\":\"https:\/\/paabaths.com\/lv\/#\/schema\/logo\/image\/\",\"url\":\"https:\/\/paabaths.com\/wp-content\/uploads\/2023\/02\/84294546_179914056600038_3880533746851512320_n.jpeg\",\"contentUrl\":\"https:\/\/paabaths.com\/wp-content\/uploads\/2023\/02\/84294546_179914056600038_3880533746851512320_n.jpeg\",\"width\":320,\"height\":320,\"caption\":\"PAA Baths\"},\"image\":{\"@id\":\"https:\/\/paabaths.com\/lv\/#\/schema\/logo\/image\/\"},\"sameAs\":[\"https:\/\/www.facebook.com\/paabaths\/\",\"https:\/\/www.instagram.com\/paa_baths\"]}]}<\/script>\n<!-- \/ Yoast SEO plugin. -->","yoast_head_json":{"title":"Made to Measure - PAA","robots":{"index":"index","follow":"follow","max-snippet":"max-snippet:-1","max-image-preview":"max-image-preview:large","max-video-preview":"max-video-preview:-1"},"canonical":"https:\/\/paabaths.com\/lv\/made-to-measure\/","og_locale":"lv_LV","og_type":"article","og_title":"Made to Measure - PAA","og_url":"https:\/\/paabaths.com\/lv\/made-to-measure\/","og_site_name":"PAA","article_publisher":"https:\/\/www.facebook.com\/paabaths\/","article_modified_time":"2024-05-21T11:51:52+00:00","og_image":[{"width":2560,"height":1500,"url":"https:\/\/paabaths.com\/wp-content\/uploads\/2025\/09\/PAA-baths-title2560x1500px.jpg","type":"image\/jpeg"}],"twitter_card":"summary_large_image","schema":{"@context":"https:\/\/schema.org","@graph":[{"@type":"WebPage","@id":"https:\/\/paabaths.com\/lv\/made-to-measure\/","url":"https:\/\/paabaths.com\/lv\/made-to-measure\/","name":"Made to Measure - PAA","isPartOf":{"@id":"https:\/\/paabaths.com\/lv\/#website"},"datePublished":"2021-03-12T07:59:15+00:00","dateModified":"2024-05-21T11:51:52+00:00","breadcrumb":{"@id":"https:\/\/paabaths.com\/lv\/made-to-measure\/#breadcrumb"},"inLanguage":"lv-LV","potentialAction":[{"@type":"ReadAction","target":["https:\/\/paabaths.com\/lv\/made-to-measure\/"]}]},{"@type":"BreadcrumbList","@id":"https:\/\/paabaths.com\/lv\/made-to-measure\/#breadcrumb","itemListElement":[{"@type":"ListItem","position":1,"name":"Home","item":"https:\/\/paabaths.com\/lv\/"},{"@type":"ListItem","position":2,"name":"Made to Measure"}]},{"@type":"WebSite","@id":"https:\/\/paabaths.com\/lv\/#website","url":"https:\/\/paabaths.com\/lv\/","name":"PAA","description":"This is PAA Ltd. brand site","publisher":{"@id":"https:\/\/paabaths.com\/lv\/#organization"},"potentialAction":[{"@type":"SearchAction","target":{"@type":"EntryPoint","urlTemplate":"https:\/\/paabaths.com\/lv\/?s={search_term_string}"},"query-input":{"@type":"PropertyValueSpecification","valueRequired":true,"valueName":"search_term_string"}}],"inLanguage":"lv-LV"},{"@type":"Organization","@id":"https:\/\/paabaths.com\/lv\/#organization","name":"PAA Baths","url":"https:\/\/paabaths.com\/lv\/","logo":{"@type":"ImageObject","inLanguage":"lv-LV","@id":"https:\/\/paabaths.com\/lv\/#\/schema\/logo\/image\/","url":"https:\/\/paabaths.com\/wp-content\/uploads\/2023\/02\/84294546_179914056600038_3880533746851512320_n.jpeg","contentUrl":"https:\/\/paabaths.com\/wp-content\/uploads\/2023\/02\/84294546_179914056600038_3880533746851512320_n.jpeg","width":320,"height":320,"caption":"PAA Baths"},"image":{"@id":"https:\/\/paabaths.com\/lv\/#\/schema\/logo\/image\/"},"sameAs":["https:\/\/www.facebook.com\/paabaths\/","https:\/\/www.instagram.com\/paa_baths"]}]}},"_links":{"self":[{"href":"https:\/\/paabaths.com\/lv\/wp-json\/wp\/v2\/pages\/1943","targetHints":{"allow":["GET"]}}],"collection":[{"href":"https:\/\/paabaths.com\/lv\/wp-json\/wp\/v2\/pages"}],"about":[{"href":"https:\/\/paabaths.com\/lv\/wp-json\/wp\/v2\/types\/page"}],"author":[{"embeddable":true,"href":"https:\/\/paabaths.com\/lv\/wp-json\/wp\/v2\/users\/1"}],"replies":[{"embeddable":true,"href":"https:\/\/paabaths.com\/lv\/wp-json\/wp\/v2\/comments?post=1943"}],"version-history":[{"count":4,"href":"https:\/\/paabaths.com\/lv\/wp-json\/wp\/v2\/pages\/1943\/revisions"}],"predecessor-version":[{"id":62542,"href":"https:\/\/paabaths.com\/lv\/wp-json\/wp\/v2\/pages\/1943\/revisions\/62542"}],"wp:attachment":[{"href":"https:\/\/paabaths.com\/lv\/wp-json\/wp\/v2\/media?parent=1943"}],"curies":[{"name":"wp","href":"https:\/\/api.w.org\/{rel}","templated":true}]}}