{"id":1939,"date":"2021-03-19T13:49:24","date_gmt":"2021-03-19T13:49:24","guid":{"rendered":"http:\/\/paa.localhost\/home\/"},"modified":"2026-04-13T16:55:44","modified_gmt":"2026-04-13T13:55:44","slug":"home","status":"publish","type":"page","link":"https:\/\/paabaths.com\/lv\/","title":{"rendered":"S\u0101kums"},"content":{"rendered":"<section class=\"home-hero acf-block\">\n    <div class=\"image\" style=\"background-image: url(https:\/\/paabaths.com\/wp-content\/uploads\/2026\/04\/PAA-Salone-del-Mobile-Milano-ENG.svg)\"><\/div>\n    <div class=\"wp-block alignwide\">\n        <h1><\/h1>\n    <\/div>\n<\/section>\n\n<div class=\"wp-block-image\">\n<figure class=\"aligncenter size-full\"><a href=\"https:\/\/paabaths.com\/wp-content\/uploads\/profile\/PAA_profile_2025.pdf\"><img loading=\"lazy\" decoding=\"async\" width=\"600\" height=\"900\" src=\"https:\/\/paabaths.com\/wp-content\/uploads\/2025\/09\/PAA-Peteris-Treicis-stands-on-bathtub-600x900px.jpg\" alt=\"\" class=\"wp-image-92372\" srcset=\"https:\/\/paabaths.com\/wp-content\/uploads\/2025\/09\/PAA-Peteris-Treicis-stands-on-bathtub-600x900px.jpg 600w, https:\/\/paabaths.com\/wp-content\/uploads\/2025\/09\/PAA-Peteris-Treicis-stands-on-bathtub-600x900px-500x750.jpg 500w\" sizes=\"auto, (max-width: 600px) 100vw, 600px\" \/><\/a><\/figure><\/div>\n\n<section class='page-content wp-block-group acf-block alignwide style-1-1 content-width'><div class='wp-block alignwide'><div class='content t-a-b-2'><p style=\"text-align: center;\"><span style=\"font-family: Barlow Condensed; font-size: 30px;\">PAA st\u0101sts<\/span><\/p>\n<p style=\"text-align: center;\"><span style=\"font-family: Barlow Condensed; font-size: 25px;\">PAA saknes \u2013 m\u016bsu pamats ir ra\u017eo\u0161ana, bet m\u016bsu gars ir rado\u0161s un m\u0101ksliniecisks. <br \/> M\u016bsu tehnolo\u0123isk\u0101 kompetence ir augusi jau vair\u0101k k\u0101 30 gadus.<\/span><\/p>\n<p style=\"text-align: center;\"><span style=\"font-family: Barlow Condensed; font-size: 25px;\">PAA izmanto modernas ra\u017eo\u0161anas tehnolo\u0123ijas, tom\u0113r produktu smalkumu v\u0113l arvien pie\u0161\u0137ir prasm\u012bgu meistaru roku darbs. M\u0113s nep\u0101rtraukti att\u012bstamies. No jaunu materi\u0101lu ievie\u0161anas un izsmalcin\u0101tu dizainu rad\u012b\u0161anas l\u012bdz sadarb\u012bbai ar t\u0101diem pasaules m\u0113roga dizaineriem k\u0101 Karims Ra\u0161ids.<\/span><\/p>\n<p style=\"text-align: center;\"><span style=\"font-family: Barlow Condensed; font-size: 25px;\">PAA ir k\u013cuvusi par l\u012bderi Baltijas re\u0123ion\u0101, un t\u0101s tirgus papla\u0161in\u0101jies l\u012bdz 15 valst\u012bm.<\/span><\/p>\n<p>&nbsp;<\/p>\n<p style=\"text-align: center; font-family: 'Barlow Condensed'; font-size: 25px; margin-top: 15px;\"><strong>\u2014 P\u0113teris Treicis<\/strong>,<br \/>\nPAA izpilddirektors un uz\u0146\u0113muma dibin\u0101t\u0101js<\/p>\n<\/div><\/div><\/section>\n\n<div class=\"t-a-b-2 visible\">\n<div class=\"wp-block-button is-style-outline\" style=\"text-align: center;\" data-gtm-vis-first-on-screen99515188_84=\"3216\" data-gtm-vis-total-visible-time99515188_84=\"100\" data-gtm-vis-has-fired99515188_84=\"1\"><a class=\"finish-btn wp-block-button__link\" href=\"https:\/\/paabaths.com\/wp-content\/uploads\/profile\/PAA_company_profile_2026-ENG.pdf\">PAA profils (.pdf)<\/a><\/div>\n<\/div>\n\n<section data-type='full-width' id='block-69e03a1449515' class='full-width-cta wp-block-group acf-block alignfull '><style>#block-69e03a1449515 .wp-block-image { height: 700px; } \r\n@media(max-width:1024px){ #block-69e03a1449515 .wp-block-image { height: 370px; } }; \r\n@media(max-width:992px){ #block-69e03a1449515 .wp-block-image { height: 370px; } }; \r\n@media(max-width:568px){ #block-69e03a1449515 .wp-block-image { height: 190px; } }; \r\n<\/style><div class='image lazyload' data-background-image='https:\/\/paabaths.com\/wp-content\/uploads\/2025\/09\/PAA-baths-Alba-factory-title-image.jpg'><\/div><div class='fill-bg'><\/div><div class='wp-block alignwide'><div  class='wp-block-image title-position-'><span class='inner-wrap'><span class='inner t-a-b-2'><h3 class='underline-solid'><\/h3><\/span><\/span><\/div><\/div><\/section>\n\n<section class='page-content wp-block-group acf-block alignwide style-1 alignwide'><div class='wp-block alignwide'><div class='content t-a-b-2'><p style=\"text-align: center;\"><span style=\"font-family: Barlow Condensed; font-size: 30px;\">Jaun\u0101 Alba Linea, ko rad\u012bjis Karim Rahsid<\/span><\/p>\n<p><a><img loading=\"lazy\" decoding=\"async\" class=\"alignnone wp-image-96753 size-medium\" title=\" \" src=\"https:\/\/paabaths.com\/wp-content\/uploads\/Product-images\/Bathtubs\/Alba-Linea\/PAA-baths-Alba-Linea-01-HQ-1to1-750x330.jpg\" alt=\"\" width=\"750\" height=\"314\" \/><\/a><\/p>\n<style>\n@media only screen and (max-width: 767px) {<br \/>\n  .quote-desktop { display: none !important; }<br \/>\n  .quote-mobile { display: block !important; }<br \/>\n}<\/p>\n<p>@media only screen and (min-width: 768px) {<br \/>\n  .quote-desktop { display: block !important; }<br \/>\n  .quote-mobile { display: none !important; }<br \/>\n}<br \/>\n<\/style>\n<p><!-- DESKTOP --><\/p>\n<div class=\"quote-desktop\">\n<p style=\"text-align: center; font-family: 'Barlow Condensed'; font-size: 25px; line-height: 1.6; margin: 0;\">\u201cSkices, ko rad\u012bju kop\u0101 ar PAA, man\u0101 pr\u0101t\u0101 ir virmoju\u0161as jau 30 gadus, veidotas p\u0113c idejas par \u0113rtu, atbalsto\u0161u un iedvesmojo\u0161u vannasistabas vidi.\u201d<\/p>\n<p style=\"text-align: center; font-family: 'Barlow Condensed'; font-size: 25px; margin-top: 15px;\"><strong>\u2014 Karim Rashid<\/strong>, dizainers<\/p>\n<\/div>\n<p><!-- MOBILE --><\/p>\n<div class=\"quote-mobile\" style=\"display: none;\">\n<p style=\"text-align: center; font-family: 'Barlow Condensed'; font-size: 22px; line-height: 1.5; margin: 0; padding: 0 12px;\">\u201cSkices, ko rad\u012bju<br \/>\nkop\u0101 ar PAA,<br \/>\nman\u0101 pr\u0101t\u0101 ir virmoju\u0161as<br \/>\njau 30 gadus,<br \/>\nveidotas p\u0113c idejas<br \/>\npar \u0113rtu, atbalsto\u0161u<br \/>\nun iedvesmojo\u0161u<br \/>\nvannasistabas vidi.\u201d<\/p>\n<p style=\"text-align: center; font-family: 'Barlow Condensed'; font-size: 22px; margin-top: 12px;\"><strong>\u2014 Karim Rashid<\/strong>, dizainers<\/p>\n<\/div>\n<\/div><\/div><\/section>\n\n\n<br>\n<br>\n\n\n\n<div class=\"wp-block-columns alignwide is-layout-flex wp-container-core-columns-is-layout-9d6595d7 wp-block-columns-is-layout-flex\">\n<div class=\"wp-block-column is-layout-flow wp-block-column-is-layout-flow\" style=\"flex-basis:100%\"><\/div>\n<\/div>\n\n\n<section class=\"youtube-block\">\n    <div class=\"inner wp-block alignwide\">\n        <div id=\"Vxlmu8uEskI\" class=\"youtube-player\" data-plyr-provider=\"youtube\" data-plyr-embed-id=\"Vxlmu8uEskI\"><\/div>\n    <\/div>\n<\/section>\n<style>\n.plyr__control--overlaid {\n    margin-top: 0!important;\n}\n@media (max-width: 1140px) {\n    .youtube-block {\n        margin-bottom: 30px;\n    }\n    .home .youtube-block .inner {\n\t    padding-left: 70px;\n\t    padding-right: 70px;\n    }\n}\n@media (max-width: 992px) {\n    .home .youtube-block .inner {\n\t    padding-left: 15px;\n\t    padding-right: 15px;\n    }\n}\n@media(max-width:768px) {\n\t.youtube-block {\n\t\tmargin-bottom: 15px;\n\t}\n}\n<\/style>\n\n<section class=\"square-boxes wp-block-group acf-block\">\n    <div class='wp-block-columns align-wide items-2'><div class='wp-block-column'><a href='https:\/\/paabaths.com\/lv\/produktu-gimenes\/pointe-gimene\/' class='wp-block-image title-position-center'><span class='image' style='background-image:url(https:\/\/paabaths.com\/wp-content\/uploads\/2025\/06\/www-3DD_1387-copy-2-2-750x750.jpg);'><\/span><span class='inner-wrap'><span class='inner'><h3>Pointe produktu \u0123imene<\/h3><\/span><\/span><\/a><\/div><div class='wp-block-column'><a href='https:\/\/paabaths.com\/lv\/produktu-gimenes\/alba-gimene\/' class='wp-block-image title-position-center'><span class='image' style='background-image:url(https:\/\/paabaths.com\/wp-content\/uploads\/2025\/06\/www-3DD_1929-copy-750x750.jpg);'><\/span><span class='inner-wrap'><span class='inner'><h3>Alba produktu \u0123imene<\/h3><\/span><\/span><\/a><\/div>    <\/div>\n<\/section>\n\n\n<section class='page-content wp-block-group acf-block alignwide style-1 alignwide'><div class='wp-block alignwide'><div class='content t-a-b-2'><p style=\"text-align: center;\"><span style=\"font-family: Barlow Condensed; font-size: 30px;\">Jaun\u0101 Perla Onda vanna<\/span><\/p>\n<style>\n@media only screen and (max-width: 767px) {<br \/>\n  .quote2-desktop { display: none !important; }<br \/>\n  .quote2-mobile { display: block !important; }<br \/>\n}<\/p>\n<p>@media only screen and (min-width: 768px) {<br \/>\n  .quote2-desktop { display: block !important; }<br \/>\n  .quote2-mobile { display: none !important; }<br \/>\n}<br \/>\n<\/style>\n<p><!-- DESKTOP VERSION --><\/p>\n<div class=\"quote2-desktop\">\n<p style=\"text-align: center; font-family: 'Barlow Condensed'; font-size: 25px; line-height: 1.6; margin: 0;\">\u201cPerla Onda pl\u016bst k\u0101 kluss, samtaini maigs vilnis, kura l\u012bnijas dabiski un bez piep\u016bles seko \u0137erme\u0146a apris\u0113m. T\u0101s asimetrisk\u0101 forma rada harmonisku l\u012bdzsvaru starp est\u0113tiku un komfortu, sniedzot izsmalcin\u0101tu, ergonomisku atbalstu vienam lietot\u0101jam.<br \/>\nIek\u0101pt Perla Onda ir k\u0101 l\u0113ni iegrimt oke\u0101na mierpilnaj\u0101 dzi\u013cum\u0101 \u2014 kur silti, pl\u016bsto\u0161i vi\u013c\u0146i maigi ieskauj \u0137ermeni. Siltums izplat\u0101s vienm\u0113r\u012bgi, izkaus\u0113jot spriedzi un atverot telpu piln\u012bgai relaks\u0101cijai. \u0160eit laiks k\u013c\u016bst pl\u016bsto\u0161s, un j\u016bs iegrimstat klus\u0101, viegli suspend\u0113t\u0101 pasaul\u0113 \u2014 elegant\u0101, mier\u012bg\u0101 patv\u0113rum\u0101, kas aicina palikt ilg\u0101k.\u201d<\/p>\n<\/div>\n<p><!-- MOBILE VERSION --><\/p>\n<div class=\"quote2-mobile\" style=\"display: none;\">\n<p style=\"text-align: center; font-family: 'Barlow Condensed'; font-size: 22px; line-height: 1.5; margin: 0; padding: 0 12px;\">\u201cT\u0101s asimetrisk\u0101 forma rada harmonisku l\u012bdzsvaru starp est\u0113tiku un komfortu, sniedzot izsmalcin\u0101tu, ergonomisku atbalstu vienam lietot\u0101jam.<br \/>\nIek\u0101pt Perla Onda ir k\u0101 l\u0113ni iegrimt oke\u0101na mierpilnaj\u0101 dzi\u013cum\u0101 \u2014 kur silti, pl\u016bsto\u0161i vi\u013c\u0146i maigi ieskauj \u0137ermeni. Siltums izplat\u0101s vienm\u0113r\u012bgi, izkaus\u0113jot spriedzi un atverot telpu piln\u012bgai relaks\u0101cijai. \u0160eit laiks k\u013c\u016bst pl\u016bsto\u0161s, un j\u016bs iegrimstat klus\u0101, viegli suspend\u0113t\u0101 pasaul\u0113 \u2014 elegant\u0101, mier\u012bg\u0101 patv\u0113rum\u0101, kas aicina palikt ilg\u0101k..\u201d<\/p>\n<\/div>\n<\/div><\/div><\/section>\n\n<section data-type='full-width' id='block-69e03a144e852' class='full-width-cta wp-block-group acf-block alignfull '><style>#block-69e03a144e852 .wp-block-image { height: 700px; } \r\n@media(max-width:1024px){ #block-69e03a144e852 .wp-block-image { height: 370px; } }; \r\n@media(max-width:992px){ #block-69e03a144e852 .wp-block-image { height: 370px; } }; \r\n@media(max-width:568px){ #block-69e03a144e852 .wp-block-image { height: 190px; } }; \r\n<\/style><div class='image lazyload' data-background-image='https:\/\/paabaths.com\/wp-content\/uploads\/Product-images\/Bathtubs\/Perla-Onda\/PAA-baths-Perla-Onda.jpg'><\/div><div class='fill-bg'><\/div><div class='wp-block alignwide'><div  class='wp-block-image title-position-'><span class='inner-wrap'><span class='inner t-a-b-2'><h3 class='underline-solid'><\/h3><\/span><\/span><\/div><\/div><\/section>\n\n<section class=\"square-boxes wp-block-group acf-block\">\n    <div class='wp-block-columns align-wide items-2'><div class='wp-block-column'><a href='https:\/\/paabaths.com\/lv\/materiali\/cast-stone\/' class='wp-block-image title-position-bottom'><span class='image' style='background-image:url(https:\/\/paabaths.com\/wp-content\/uploads\/2025\/09\/PAA-material-example-Cast-Stone-title-image-1-750x750.jpg);'><\/span><span class='inner-wrap'><span class='inner'><h3>Akmens masa<\/h3><\/span><\/span><\/a><\/div><div class='wp-block-column'><a href='https:\/\/paabaths.com\/lv\/materiali\/silkstone\/' class='wp-block-image title-position-bottom'><span class='image' style='background-image:url(https:\/\/paabaths.com\/wp-content\/uploads\/2025\/09\/PAA-material-example-Silkstone-title-image-1-750x750.jpg);'><\/span><span class='inner-wrap'><span class='inner'><h3>Silkstone<\/h3><\/span><\/span><\/a><\/div>    <\/div>\n<\/section>\n\n\n<section data-type='full-width' id='block-69e03a1450df5' class='full-width-cta wp-block-group acf-block alignfull '><style>#block-69e03a1450df5 .wp-block-image { height: 700px; } \r\n@media(max-width:1024px){ #block-69e03a1450df5 .wp-block-image { height: 370px; } }; \r\n@media(max-width:992px){ #block-69e03a1450df5 .wp-block-image { height: 370px; } }; \r\n@media(max-width:568px){ #block-69e03a1450df5 .wp-block-image { height: 190px; } }; \r\n<\/style><div class='image lazyload' data-background-image='https:\/\/paabaths.com\/wp-content\/uploads\/2024\/12\/PAA-washbasins-Bella-Matte-Caffelatte-Interior-2560x1500-1.jpg'><\/div><div class='fill-bg'><\/div><div class='wp-block alignwide'><div  class='wp-block-image title-position-'><span class='inner-wrap'><span class='inner t-a-b-2'><h3 class='underline-solid'><\/h3><\/span><\/span><\/div><\/div><\/section>\n\n\n<div class=\"wp-block-columns is-layout-flex wp-container-core-columns-is-layout-9d6595d7 wp-block-columns-is-layout-flex\">\n<div class=\"wp-block-column is-layout-flow wp-block-column-is-layout-flow\" style=\"flex-basis:100%\"><\/div>\n<\/div>\n\n\n<section class='page-content wp-block-group acf-block alignwide style-1 content-width'><div class='wp-block alignwide'><div class='content t-a-b-2'><figure class=\"wp-block-image aligncenter size-full\"><a href=\"https:\/\/designlatvia.com\/\"><img loading=\"lazy\" decoding=\"async\" class=\"alignnone wp-image-92594 size-medium\" src=\"https:\/\/paabaths.com\/wp-content\/uploads\/2025\/09\/PAA-baths-Design-Latvia-logo-750x71.png\" alt=\"\" width=\"750\" height=\"71\" srcset=\"https:\/\/paabaths.com\/wp-content\/uploads\/2025\/09\/PAA-baths-Design-Latvia-logo-750x71.png 750w, https:\/\/paabaths.com\/wp-content\/uploads\/2025\/09\/PAA-baths-Design-Latvia-logo.png 1000w\" sizes=\"auto, (max-width: 750px) 100vw, 750px\" \/><\/a><\/figure>\n<p style=\"text-align: center;\"><span style=\"font-family: Barlow Condensed; font-size: 20px;\">DESIGN Latvia &#8211; z\u012bmols apvieno Latvijas dizaina produktu ra\u017eot\u0101jus, tostarp PAA.<\/span><\/p>\n<p>&nbsp;<\/p>\n<\/div><\/div><\/section>\n\n<section class=\"square-boxes wp-block-group acf-block\">\n    <div class='wp-block-columns align-wide items-2'><div class='wp-block-column'><a href='https:\/\/paabaths.com\/lv\/produkcija\/vannas\/perla-160\/' class='wp-block-image title-position-top'><span class='image' style='background-image:url(https:\/\/paabaths.com\/wp-content\/uploads\/2024\/12\/PAA-baths-Perla-Interior-1000x1000px-750x750.jpg);'><\/span><span class='inner-wrap'><span class='inner'><h3>Vanna Perla<\/h3><\/span><\/span><\/a><\/div><div class='wp-block-column'><a href='https:\/\/paabaths.com\/lv\/produkcija\/izlietnes\/perla\/' class='wp-block-image title-position-top'><span class='image' style='background-image:url(https:\/\/paabaths.com\/wp-content\/uploads\/2024\/12\/PAA-washbasins-Perla-Interior-with-studio-monitor-1000x1000px-750x750.jpg);'><\/span><span class='inner-wrap'><span class='inner'><h3>Izlietne Perla <\/h3><\/span><\/span><\/a><\/div>    <\/div>\n<\/section>\n\n\n<section class=\"square-boxes wp-block-group acf-block\">\n    <div class='wp-block-columns align-wide items-2'><div class='wp-block-column'><span class='wp-block-image title-position-'><span class='image' style='background-image:url(https:\/\/paabaths.com\/wp-content\/uploads\/2024\/12\/PAA-baths-Quadro-in-glossy-fog-colour-with-Gita-Treice-artworks-LE-750x750.jpg);'><\/span><span class='inner-wrap'><span class='inner'><h3><\/h3><\/span><\/span><\/span><\/div><div class='wp-block-column'><span class='wp-block-image title-position-'><span class='image' style='background-image:url(https:\/\/paabaths.com\/wp-content\/uploads\/2024\/12\/PAA-baths-Quadro-with-ballerina-and-artwork-LE-750x750.jpg);'><\/span><span class='inner-wrap'><span class='inner'><h3><\/h3><\/span><\/span><\/span><\/div>    <\/div>\n<\/section>\n","protected":false},"excerpt":{"rendered":"<p>PAA profils (.pdf)<\/p>\n","protected":false},"author":1,"featured_media":92332,"parent":0,"menu_order":104,"comment_status":"closed","ping_status":"closed","template":"","meta":{"_acf_changed":false,"inline_featured_image":false,"footnotes":""},"class_list":["post-1939","page","type-page","status-publish","has-post-thumbnail","hentry"],"acf":[],"yoast_head":"<!-- This site is optimized with the Yoast SEO plugin v26.1.1 - https:\/\/yoast.com\/wordpress\/plugins\/seo\/ -->\n<title>PAA Vannas<\/title>\n<meta name=\"robots\" content=\"index, follow, max-snippet:-1, max-image-preview:large, max-video-preview:-1\" \/>\n<link rel=\"canonical\" href=\"https:\/\/paabaths.com\/lv\/\" \/>\n<meta property=\"og:locale\" content=\"lv_LV\" \/>\n<meta property=\"og:type\" content=\"article\" \/>\n<meta property=\"og:title\" content=\"PAA Vannas\" \/>\n<meta property=\"og:description\" content=\"PAA profils (.pdf)\" \/>\n<meta property=\"og:url\" content=\"https:\/\/paabaths.com\/lv\/\" \/>\n<meta property=\"og:site_name\" content=\"PAA\" \/>\n<meta property=\"article:publisher\" content=\"https:\/\/www.facebook.com\/paabaths\/\" \/>\n<meta property=\"article:modified_time\" content=\"2026-04-13T13:55:44+00:00\" \/>\n<meta property=\"og:image\" content=\"https:\/\/paabaths.com\/wp-content\/uploads\/2025\/09\/PAA-baths-title2560x1500px.jpg\" \/>\n\t<meta property=\"og:image:width\" content=\"2560\" \/>\n\t<meta property=\"og:image:height\" content=\"1500\" \/>\n\t<meta property=\"og:image:type\" content=\"image\/jpeg\" \/>\n<meta name=\"twitter:card\" content=\"summary_large_image\" \/>\n<script type=\"application\/ld+json\" class=\"yoast-schema-graph\">{\"@context\":\"https:\/\/schema.org\",\"@graph\":[{\"@type\":\"WebPage\",\"@id\":\"https:\/\/paabaths.com\/lv\/\",\"url\":\"https:\/\/paabaths.com\/lv\/\",\"name\":\"PAA Vannas\",\"isPartOf\":{\"@id\":\"https:\/\/paabaths.com\/lv\/#website\"},\"primaryImageOfPage\":{\"@id\":\"https:\/\/paabaths.com\/lv\/#primaryimage\"},\"image\":{\"@id\":\"https:\/\/paabaths.com\/lv\/#primaryimage\"},\"thumbnailUrl\":\"https:\/\/paabaths.com\/wp-content\/uploads\/2025\/09\/PAA-baths-title2560x1500px.jpg\",\"datePublished\":\"2021-03-19T13:49:24+00:00\",\"dateModified\":\"2026-04-13T13:55:44+00:00\",\"breadcrumb\":{\"@id\":\"https:\/\/paabaths.com\/lv\/#breadcrumb\"},\"inLanguage\":\"lv-LV\",\"potentialAction\":[{\"@type\":\"ReadAction\",\"target\":[\"https:\/\/paabaths.com\/lv\/\"]}]},{\"@type\":\"ImageObject\",\"inLanguage\":\"lv-LV\",\"@id\":\"https:\/\/paabaths.com\/lv\/#primaryimage\",\"url\":\"https:\/\/paabaths.com\/wp-content\/uploads\/2025\/09\/PAA-baths-title2560x1500px.jpg\",\"contentUrl\":\"https:\/\/paabaths.com\/wp-content\/uploads\/2025\/09\/PAA-baths-title2560x1500px.jpg\",\"width\":2560,\"height\":1500},{\"@type\":\"BreadcrumbList\",\"@id\":\"https:\/\/paabaths.com\/lv\/#breadcrumb\",\"itemListElement\":[{\"@type\":\"ListItem\",\"position\":1,\"name\":\"Home\",\"item\":\"https:\/\/paabaths.com\/lv\/\"},{\"@type\":\"ListItem\",\"position\":2,\"name\":\"S\u0101kums\"}]},{\"@type\":\"WebSite\",\"@id\":\"https:\/\/paabaths.com\/lv\/#website\",\"url\":\"https:\/\/paabaths.com\/lv\/\",\"name\":\"PAA\",\"description\":\"This is PAA Ltd. brand site\",\"publisher\":{\"@id\":\"https:\/\/paabaths.com\/lv\/#organization\"},\"potentialAction\":[{\"@type\":\"SearchAction\",\"target\":{\"@type\":\"EntryPoint\",\"urlTemplate\":\"https:\/\/paabaths.com\/lv\/?s={search_term_string}\"},\"query-input\":{\"@type\":\"PropertyValueSpecification\",\"valueRequired\":true,\"valueName\":\"search_term_string\"}}],\"inLanguage\":\"lv-LV\"},{\"@type\":\"Organization\",\"@id\":\"https:\/\/paabaths.com\/lv\/#organization\",\"name\":\"PAA Baths\",\"url\":\"https:\/\/paabaths.com\/lv\/\",\"logo\":{\"@type\":\"ImageObject\",\"inLanguage\":\"lv-LV\",\"@id\":\"https:\/\/paabaths.com\/lv\/#\/schema\/logo\/image\/\",\"url\":\"https:\/\/paabaths.com\/wp-content\/uploads\/2023\/02\/84294546_179914056600038_3880533746851512320_n.jpeg\",\"contentUrl\":\"https:\/\/paabaths.com\/wp-content\/uploads\/2023\/02\/84294546_179914056600038_3880533746851512320_n.jpeg\",\"width\":320,\"height\":320,\"caption\":\"PAA Baths\"},\"image\":{\"@id\":\"https:\/\/paabaths.com\/lv\/#\/schema\/logo\/image\/\"},\"sameAs\":[\"https:\/\/www.facebook.com\/paabaths\/\",\"https:\/\/www.instagram.com\/paa_baths\"]}]}<\/script>\n<!-- \/ Yoast SEO plugin. -->","yoast_head_json":{"title":"PAA Vannas","robots":{"index":"index","follow":"follow","max-snippet":"max-snippet:-1","max-image-preview":"max-image-preview:large","max-video-preview":"max-video-preview:-1"},"canonical":"https:\/\/paabaths.com\/lv\/","og_locale":"lv_LV","og_type":"article","og_title":"PAA Vannas","og_description":"PAA profils (.pdf)","og_url":"https:\/\/paabaths.com\/lv\/","og_site_name":"PAA","article_publisher":"https:\/\/www.facebook.com\/paabaths\/","article_modified_time":"2026-04-13T13:55:44+00:00","og_image":[{"width":2560,"height":1500,"url":"https:\/\/paabaths.com\/wp-content\/uploads\/2025\/09\/PAA-baths-title2560x1500px.jpg","type":"image\/jpeg"}],"twitter_card":"summary_large_image","schema":{"@context":"https:\/\/schema.org","@graph":[{"@type":"WebPage","@id":"https:\/\/paabaths.com\/lv\/","url":"https:\/\/paabaths.com\/lv\/","name":"PAA Vannas","isPartOf":{"@id":"https:\/\/paabaths.com\/lv\/#website"},"primaryImageOfPage":{"@id":"https:\/\/paabaths.com\/lv\/#primaryimage"},"image":{"@id":"https:\/\/paabaths.com\/lv\/#primaryimage"},"thumbnailUrl":"https:\/\/paabaths.com\/wp-content\/uploads\/2025\/09\/PAA-baths-title2560x1500px.jpg","datePublished":"2021-03-19T13:49:24+00:00","dateModified":"2026-04-13T13:55:44+00:00","breadcrumb":{"@id":"https:\/\/paabaths.com\/lv\/#breadcrumb"},"inLanguage":"lv-LV","potentialAction":[{"@type":"ReadAction","target":["https:\/\/paabaths.com\/lv\/"]}]},{"@type":"ImageObject","inLanguage":"lv-LV","@id":"https:\/\/paabaths.com\/lv\/#primaryimage","url":"https:\/\/paabaths.com\/wp-content\/uploads\/2025\/09\/PAA-baths-title2560x1500px.jpg","contentUrl":"https:\/\/paabaths.com\/wp-content\/uploads\/2025\/09\/PAA-baths-title2560x1500px.jpg","width":2560,"height":1500},{"@type":"BreadcrumbList","@id":"https:\/\/paabaths.com\/lv\/#breadcrumb","itemListElement":[{"@type":"ListItem","position":1,"name":"Home","item":"https:\/\/paabaths.com\/lv\/"},{"@type":"ListItem","position":2,"name":"S\u0101kums"}]},{"@type":"WebSite","@id":"https:\/\/paabaths.com\/lv\/#website","url":"https:\/\/paabaths.com\/lv\/","name":"PAA","description":"This is PAA Ltd. brand site","publisher":{"@id":"https:\/\/paabaths.com\/lv\/#organization"},"potentialAction":[{"@type":"SearchAction","target":{"@type":"EntryPoint","urlTemplate":"https:\/\/paabaths.com\/lv\/?s={search_term_string}"},"query-input":{"@type":"PropertyValueSpecification","valueRequired":true,"valueName":"search_term_string"}}],"inLanguage":"lv-LV"},{"@type":"Organization","@id":"https:\/\/paabaths.com\/lv\/#organization","name":"PAA Baths","url":"https:\/\/paabaths.com\/lv\/","logo":{"@type":"ImageObject","inLanguage":"lv-LV","@id":"https:\/\/paabaths.com\/lv\/#\/schema\/logo\/image\/","url":"https:\/\/paabaths.com\/wp-content\/uploads\/2023\/02\/84294546_179914056600038_3880533746851512320_n.jpeg","contentUrl":"https:\/\/paabaths.com\/wp-content\/uploads\/2023\/02\/84294546_179914056600038_3880533746851512320_n.jpeg","width":320,"height":320,"caption":"PAA Baths"},"image":{"@id":"https:\/\/paabaths.com\/lv\/#\/schema\/logo\/image\/"},"sameAs":["https:\/\/www.facebook.com\/paabaths\/","https:\/\/www.instagram.com\/paa_baths"]}]}},"_links":{"self":[{"href":"https:\/\/paabaths.com\/lv\/wp-json\/wp\/v2\/pages\/1939","targetHints":{"allow":["GET"]}}],"collection":[{"href":"https:\/\/paabaths.com\/lv\/wp-json\/wp\/v2\/pages"}],"about":[{"href":"https:\/\/paabaths.com\/lv\/wp-json\/wp\/v2\/types\/page"}],"author":[{"embeddable":true,"href":"https:\/\/paabaths.com\/lv\/wp-json\/wp\/v2\/users\/1"}],"replies":[{"embeddable":true,"href":"https:\/\/paabaths.com\/lv\/wp-json\/wp\/v2\/comments?post=1939"}],"version-history":[{"count":102,"href":"https:\/\/paabaths.com\/lv\/wp-json\/wp\/v2\/pages\/1939\/revisions"}],"predecessor-version":[{"id":101401,"href":"https:\/\/paabaths.com\/lv\/wp-json\/wp\/v2\/pages\/1939\/revisions\/101401"}],"wp:featuredmedia":[{"embeddable":true,"href":"https:\/\/paabaths.com\/lv\/wp-json\/wp\/v2\/media\/92332"}],"wp:attachment":[{"href":"https:\/\/paabaths.com\/lv\/wp-json\/wp\/v2\/media?parent=1939"}],"curies":[{"name":"wp","href":"https:\/\/api.w.org\/{rel}","templated":true}]}}