{"id":13724,"date":"2021-04-07T04:44:59","date_gmt":"2021-04-07T01:44:59","guid":{"rendered":"https:\/\/paa.emptylimits.com\/creating-a-bath\/"},"modified":"2025-10-28T14:35:25","modified_gmt":"2025-10-28T12:35:25","slug":"stasts","status":"publish","type":"page","link":"https:\/\/paabaths.com\/lv\/mes\/stasts\/","title":{"rendered":"St\u0101sts"},"content":{"rendered":"<section class='page-title wp-block-group acf-block position-center  has-h1' ><div class='wp-block alignwide'><h1 class='t-a-b-2'>M\u0113s ra\u017eojam vannas.<\/h1><\/div><\/section>\n\n<section class='page-description wp-block-group acf-block alignwide'><div class='wp-block alignwide'><div class='description t-a-b-2'><p>Kop\u0161 1993. gada. Latvij\u0101. Roku darbs.<\/p>\n<\/div><\/div><\/section>\n\n<section data-type='full-width' id='block-69e8addf74bb5' class='full-width-cta wp-block-group acf-block alignfull font-color-white'><style>#block-69e8addf74bb5 .wp-block-image { height: 810px; } \r\n@media(max-width:1024px){ #block-69e8addf74bb5 .wp-block-image { height: 450px; } }; \r\n@media(max-width:992px){ #block-69e8addf74bb5 .wp-block-image { height: 450px; } }; \r\n@media(max-width:568px){ #block-69e8addf74bb5 .wp-block-image { height: 270px; } }; \r\n<\/style><div class='image lazyload' data-background-image='https:\/\/paabaths.com\/wp-content\/uploads\/2022\/06\/PAA_kolektivs_07-20_2560x1441px.jpg'><\/div><div class='fill-bg'><\/div><div class='wp-block alignwide'><div  class='wp-block-image title-position-bottom'><span class='inner-wrap'><span class='inner t-a-b-2'><h3 class='underline-solid'><\/h3><\/span><\/span><\/div><\/div><\/section>\n\n<section class='page-content wp-block-group acf-block alignwide style-1 content-width'><div class='wp-block alignwide'><div class='content t-a-b-2'><p>1993. gad\u0101 tr\u012bs draugi \u2013 \u0101rsts, fizi\u0137is un galdnieks notic\u0113ja mirk\u013ca idejai, apvienoja zin\u0101\u0161anas un sp\u0113kus, izgatavoja savu pirmo vannu. T\u0101 aizs\u0101k\u0101s PAA.<br \/>\nAugot meistar\u012bb\u0101 un apg\u016bstot jaun\u0101k\u0101s tehnolo\u0123ijas, joproj\u0101m ar aizraut\u012bbu un r\u016bp\u012bbu ra\u017eojam m\u016bsdien\u012bgas, elegantas vannas.<br \/>\nLepojamies, ka m\u016bsu darbu nov\u0113rt\u0113 profesion\u0101li partneri un pras\u012bgi klienti.<\/p>\n<\/div><\/div><\/section>\n\n<section class=\"square-boxes wp-block-group acf-block\">\n    <div class='wp-block-columns align-wide items-2'><div class='wp-block-column'><span class='wp-block-image title-position-'><span class='image' style='background-image:url(https:\/\/paabaths.com\/wp-content\/uploads\/2021\/06\/creating-bath-1.jpg);'><\/span><span class='inner-wrap'><span class='inner'><h3><\/h3><\/span><\/span><\/span><\/div><div class='wp-block-column'><span class='wp-block-image title-position-'><span class='image' style='background-image:url(https:\/\/paabaths.com\/wp-content\/uploads\/2022\/09\/rocina-750x750.jpg);'><\/span><span class='inner-wrap'><span class='inner'><h3><\/h3><\/span><\/span><\/span><\/div>    <\/div>\n<\/section>\n\n\n<section class=\"square-boxes wp-block-group acf-block\">\n    <div class='wp-block-columns align-wide items-2'><div class='wp-block-column'><span class='wp-block-image title-position-'><span class='image' style='background-image:url(https:\/\/paabaths.com\/wp-content\/uploads\/2021\/06\/creating-bath-4.jpg);'><\/span><span class='inner-wrap'><span class='inner'><h3><\/h3><\/span><\/span><\/span><\/div><div class='wp-block-column'><span class='wp-block-image title-position-'><span class='image' style='background-image:url(https:\/\/paabaths.com\/wp-content\/uploads\/2021\/06\/creating-bath-5.jpg);'><\/span><span class='inner-wrap'><span class='inner'><h3><\/h3><\/span><\/span><\/span><\/div>    <\/div>\n<\/section>\n\n\n<section class=\"square-boxes wp-block-group acf-block\">\n    <div class='wp-block-columns align-wide items-2'><div class='wp-block-column'><a href='http:\/\/paabaths.com\/lv\/materiali\/' class='wp-block-image title-position-center'><span class='image' style='background-image:url(https:\/\/paabaths.com\/wp-content\/uploads\/2021\/06\/creating-bath-7.jpg);'><\/span><span class='inner-wrap'><span class='inner'><h3>Materi\u0101li<\/h3><\/span><\/span><\/a><\/div><div class='wp-block-column'><a href='https:\/\/paabaths.com\/lv\/produkcija\/vannas\/?pa_color=graphite' class='wp-block-image title-position-center'><span class='image' style='background-image:url(https:\/\/paabaths.com\/wp-content\/uploads\/2021\/06\/silkstone-collection-4-750x750.jpg);'><\/span><span class='inner-wrap'><span class='inner'><h3>Graphite vannas<\/h3><\/span><\/span><\/a><\/div>    <\/div>\n<\/section>\n","protected":false},"excerpt":{"rendered":"","protected":false},"author":1,"featured_media":0,"parent":13736,"menu_order":1,"comment_status":"closed","ping_status":"closed","template":"template-page-with-breadcrumbs.php","meta":{"_acf_changed":false,"inline_featured_image":false,"footnotes":""},"class_list":["post-13724","page","type-page","status-publish","hentry"],"acf":[],"yoast_head":"<!-- This site is optimized with the Yoast SEO plugin v26.1.1 - https:\/\/yoast.com\/wordpress\/plugins\/seo\/ -->\n<title>St\u0101sts - PAA<\/title>\n<meta name=\"robots\" content=\"index, follow, max-snippet:-1, max-image-preview:large, max-video-preview:-1\" \/>\n<link rel=\"canonical\" href=\"https:\/\/paabaths.com\/lv\/mes\/stasts\/\" \/>\n<meta property=\"og:locale\" content=\"lv_LV\" \/>\n<meta property=\"og:type\" content=\"article\" \/>\n<meta property=\"og:title\" content=\"St\u0101sts - PAA\" \/>\n<meta property=\"og:url\" content=\"https:\/\/paabaths.com\/lv\/mes\/stasts\/\" \/>\n<meta property=\"og:site_name\" content=\"PAA\" \/>\n<meta property=\"article:publisher\" content=\"https:\/\/www.facebook.com\/paabaths\/\" \/>\n<meta property=\"article:modified_time\" content=\"2025-10-28T12:35:25+00:00\" \/>\n<meta property=\"og:image\" content=\"https:\/\/paabaths.com\/wp-content\/uploads\/2025\/09\/PAA-baths-title2560x1500px.jpg\" \/>\n\t<meta property=\"og:image:width\" content=\"2560\" \/>\n\t<meta property=\"og:image:height\" content=\"1500\" \/>\n\t<meta property=\"og:image:type\" content=\"image\/jpeg\" \/>\n<meta name=\"twitter:card\" content=\"summary_large_image\" \/>\n<script type=\"application\/ld+json\" class=\"yoast-schema-graph\">{\"@context\":\"https:\/\/schema.org\",\"@graph\":[{\"@type\":\"WebPage\",\"@id\":\"https:\/\/paabaths.com\/lv\/mes\/stasts\/\",\"url\":\"https:\/\/paabaths.com\/lv\/mes\/stasts\/\",\"name\":\"St\u0101sts - PAA\",\"isPartOf\":{\"@id\":\"https:\/\/paabaths.com\/lv\/#website\"},\"datePublished\":\"2021-04-07T01:44:59+00:00\",\"dateModified\":\"2025-10-28T12:35:25+00:00\",\"breadcrumb\":{\"@id\":\"https:\/\/paabaths.com\/lv\/mes\/stasts\/#breadcrumb\"},\"inLanguage\":\"lv-LV\",\"potentialAction\":[{\"@type\":\"ReadAction\",\"target\":[\"https:\/\/paabaths.com\/lv\/mes\/stasts\/\"]}]},{\"@type\":\"BreadcrumbList\",\"@id\":\"https:\/\/paabaths.com\/lv\/mes\/stasts\/#breadcrumb\",\"itemListElement\":[{\"@type\":\"ListItem\",\"position\":1,\"name\":\"Home\",\"item\":\"https:\/\/paabaths.com\/lv\/\"},{\"@type\":\"ListItem\",\"position\":2,\"name\":\"M\u0113s\",\"item\":\"https:\/\/paabaths.com\/lv\/mes\/\"},{\"@type\":\"ListItem\",\"position\":3,\"name\":\"St\u0101sts\"}]},{\"@type\":\"WebSite\",\"@id\":\"https:\/\/paabaths.com\/lv\/#website\",\"url\":\"https:\/\/paabaths.com\/lv\/\",\"name\":\"PAA\",\"description\":\"This is PAA Ltd. brand site\",\"publisher\":{\"@id\":\"https:\/\/paabaths.com\/lv\/#organization\"},\"potentialAction\":[{\"@type\":\"SearchAction\",\"target\":{\"@type\":\"EntryPoint\",\"urlTemplate\":\"https:\/\/paabaths.com\/lv\/?s={search_term_string}\"},\"query-input\":{\"@type\":\"PropertyValueSpecification\",\"valueRequired\":true,\"valueName\":\"search_term_string\"}}],\"inLanguage\":\"lv-LV\"},{\"@type\":\"Organization\",\"@id\":\"https:\/\/paabaths.com\/lv\/#organization\",\"name\":\"PAA Baths\",\"url\":\"https:\/\/paabaths.com\/lv\/\",\"logo\":{\"@type\":\"ImageObject\",\"inLanguage\":\"lv-LV\",\"@id\":\"https:\/\/paabaths.com\/lv\/#\/schema\/logo\/image\/\",\"url\":\"https:\/\/paabaths.com\/wp-content\/uploads\/2023\/02\/84294546_179914056600038_3880533746851512320_n.jpeg\",\"contentUrl\":\"https:\/\/paabaths.com\/wp-content\/uploads\/2023\/02\/84294546_179914056600038_3880533746851512320_n.jpeg\",\"width\":320,\"height\":320,\"caption\":\"PAA Baths\"},\"image\":{\"@id\":\"https:\/\/paabaths.com\/lv\/#\/schema\/logo\/image\/\"},\"sameAs\":[\"https:\/\/www.facebook.com\/paabaths\/\",\"https:\/\/www.instagram.com\/paa_baths\"]}]}<\/script>\n<!-- \/ Yoast SEO plugin. -->","yoast_head_json":{"title":"St\u0101sts - PAA","robots":{"index":"index","follow":"follow","max-snippet":"max-snippet:-1","max-image-preview":"max-image-preview:large","max-video-preview":"max-video-preview:-1"},"canonical":"https:\/\/paabaths.com\/lv\/mes\/stasts\/","og_locale":"lv_LV","og_type":"article","og_title":"St\u0101sts - PAA","og_url":"https:\/\/paabaths.com\/lv\/mes\/stasts\/","og_site_name":"PAA","article_publisher":"https:\/\/www.facebook.com\/paabaths\/","article_modified_time":"2025-10-28T12:35:25+00:00","og_image":[{"width":2560,"height":1500,"url":"https:\/\/paabaths.com\/wp-content\/uploads\/2025\/09\/PAA-baths-title2560x1500px.jpg","type":"image\/jpeg"}],"twitter_card":"summary_large_image","schema":{"@context":"https:\/\/schema.org","@graph":[{"@type":"WebPage","@id":"https:\/\/paabaths.com\/lv\/mes\/stasts\/","url":"https:\/\/paabaths.com\/lv\/mes\/stasts\/","name":"St\u0101sts - PAA","isPartOf":{"@id":"https:\/\/paabaths.com\/lv\/#website"},"datePublished":"2021-04-07T01:44:59+00:00","dateModified":"2025-10-28T12:35:25+00:00","breadcrumb":{"@id":"https:\/\/paabaths.com\/lv\/mes\/stasts\/#breadcrumb"},"inLanguage":"lv-LV","potentialAction":[{"@type":"ReadAction","target":["https:\/\/paabaths.com\/lv\/mes\/stasts\/"]}]},{"@type":"BreadcrumbList","@id":"https:\/\/paabaths.com\/lv\/mes\/stasts\/#breadcrumb","itemListElement":[{"@type":"ListItem","position":1,"name":"Home","item":"https:\/\/paabaths.com\/lv\/"},{"@type":"ListItem","position":2,"name":"M\u0113s","item":"https:\/\/paabaths.com\/lv\/mes\/"},{"@type":"ListItem","position":3,"name":"St\u0101sts"}]},{"@type":"WebSite","@id":"https:\/\/paabaths.com\/lv\/#website","url":"https:\/\/paabaths.com\/lv\/","name":"PAA","description":"This is PAA Ltd. brand site","publisher":{"@id":"https:\/\/paabaths.com\/lv\/#organization"},"potentialAction":[{"@type":"SearchAction","target":{"@type":"EntryPoint","urlTemplate":"https:\/\/paabaths.com\/lv\/?s={search_term_string}"},"query-input":{"@type":"PropertyValueSpecification","valueRequired":true,"valueName":"search_term_string"}}],"inLanguage":"lv-LV"},{"@type":"Organization","@id":"https:\/\/paabaths.com\/lv\/#organization","name":"PAA Baths","url":"https:\/\/paabaths.com\/lv\/","logo":{"@type":"ImageObject","inLanguage":"lv-LV","@id":"https:\/\/paabaths.com\/lv\/#\/schema\/logo\/image\/","url":"https:\/\/paabaths.com\/wp-content\/uploads\/2023\/02\/84294546_179914056600038_3880533746851512320_n.jpeg","contentUrl":"https:\/\/paabaths.com\/wp-content\/uploads\/2023\/02\/84294546_179914056600038_3880533746851512320_n.jpeg","width":320,"height":320,"caption":"PAA Baths"},"image":{"@id":"https:\/\/paabaths.com\/lv\/#\/schema\/logo\/image\/"},"sameAs":["https:\/\/www.facebook.com\/paabaths\/","https:\/\/www.instagram.com\/paa_baths"]}]}},"_links":{"self":[{"href":"https:\/\/paabaths.com\/lv\/wp-json\/wp\/v2\/pages\/13724","targetHints":{"allow":["GET"]}}],"collection":[{"href":"https:\/\/paabaths.com\/lv\/wp-json\/wp\/v2\/pages"}],"about":[{"href":"https:\/\/paabaths.com\/lv\/wp-json\/wp\/v2\/types\/page"}],"author":[{"embeddable":true,"href":"https:\/\/paabaths.com\/lv\/wp-json\/wp\/v2\/users\/1"}],"replies":[{"embeddable":true,"href":"https:\/\/paabaths.com\/lv\/wp-json\/wp\/v2\/comments?post=13724"}],"version-history":[{"count":1,"href":"https:\/\/paabaths.com\/lv\/wp-json\/wp\/v2\/pages\/13724\/revisions"}],"predecessor-version":[{"id":93891,"href":"https:\/\/paabaths.com\/lv\/wp-json\/wp\/v2\/pages\/13724\/revisions\/93891"}],"up":[{"embeddable":true,"href":"https:\/\/paabaths.com\/lv\/wp-json\/wp\/v2\/pages\/13736"}],"wp:attachment":[{"href":"https:\/\/paabaths.com\/lv\/wp-json\/wp\/v2\/media?parent=13724"}],"curies":[{"name":"wp","href":"https:\/\/api.w.org\/{rel}","templated":true}]}}