{"id":9427,"date":"2021-06-02T15:26:53","date_gmt":"2021-06-02T12:26:53","guid":{"rendered":"https:\/\/paa.emptylimits.com\/catalog\/be-kategorijos\/vario-xl-1850x800-bathtub\/"},"modified":"2025-04-09T17:24:51","modified_gmt":"2025-04-09T14:24:51","slug":"vario-xl-1850x800","status":"publish","type":"product","link":"https:\/\/paabaths.com\/lt\/katalogas\/vonios\/vario-xl-1850x800\/","title":{"rendered":"Vario XL 1850&#215;800"},"content":{"rendered":"","protected":false},"excerpt":{"rendered":"","protected":false},"featured_media":0,"template":"","meta":{"_acf_changed":false,"inline_featured_image":false},"product_brand":[],"product_cat":[166],"product_tag":[],"class_list":{"0":"post-9427","1":"product","2":"type-product","3":"status-publish","5":"product_type-variable","6":"product_cat-vonios","7":"pa_installation-type-i-nisa","8":"pa_material-akmens-mase","10":"first","11":"instock","12":"shipping-taxable","13":"purchasable","14":"product-type-variable","15":"has-default-attributes"},"acf":{"product_type":"custom_variation","price_pdf_url":"https:\/\/paabaths.com\/wp-content\/uploads\/Product-prices\/LT\/PAA-Baths-Prices-LT_VARIO1.pdf","dealer_type-exclusive":false,"corner_image":4720,"square_image":5104,"all_models_image":4879,"tag_image":null,"description":"Didel\u0117 ir gili sta\u010diakamp\u0117 vonia. Pagaminta i\u0161 akmens mas\u0117s - patikimos, tvirtos ir stabilios med\u017eiagos klasikiniu blizgiu pavir\u0161iumi.","category":166,"material":[181],"collection":false,"gallery_1":null,"step_1":{"icon":null,"text":""},"step_2":{"icon":null,"text":""},"step_3":{"icon":null,"text":""},"step_4":{"icon":null,"text":""},"specification_table":[{"type":"material","label":"","value":""},{"type":"size","label":"","value":""},{"type":"sku","label":"","value":""},{"type":"weight","label":"","value":""}],"optional_products":[{"other_product":59279,"other_image":68286},{"other_product":66546,"other_image":68293},{"other_product":59016,"other_image":68302},{"other_product":59339,"other_image":""}],"optional_text":"","downloads":null,"gallery":[{"type":"two","image":65787,"text":{"text":"Mai\u0161ytuvas i\u0161 sienos","text_vertical_position":"54"},"image_2":65780,"text_2":{"text":"Blizgus pavir\u0161ius","text_vertical_position":"54"},"images":[5251],"video_url":""},{"type":"two","image":65773,"text":{"text":"Vieno arba dviej\u0173 ton\u0173 versijos","text_vertical_position":"54"},"image_2":65794,"text_2":{"text":"Priderintas praustuvas","text_vertical_position":"54"},"images":null,"video_url":""},{"type":"slider_full","image":null,"text":{"text":"","text_vertical_position":54},"image_2":null,"text_2":{"text":"","text_vertical_position":54},"images":[5251],"video_url":""}],"technical_drawings":{"side_view":5420,"side_view_text":"","end_view":5423,"top_view":5441,"drainage_area":5426,"mounting_icons":5429,"":null,"side_view_scale":{"scale":100,"x_position":100,"y_position":100},"top_view_scale":{"scale":100,"x_position":100,"y_position":100},"end_view_scale":{"scale":100,"x_position":100,"y_position":100},"drainage_area_scale":{"scale":100,"x_position":100,"y_position":100},"space":{"before":0,"between":0,"after":0}},"space_afer_drawings":0,"matching_product":null,"is_main_connected_product":false,"has_no_content":false,"connected_product":null,"default_product":null,"enable_mtm_icon":false,"vario_page":9368,"vario_all":50278},"yoast_head":"<!-- This site is optimized with the Yoast SEO plugin v26.1.1 - https:\/\/yoast.com\/wordpress\/plugins\/seo\/ -->\n<title>Vario XL 1850x800 - PAA<\/title>\n<meta name=\"robots\" content=\"index, follow, max-snippet:-1, max-image-preview:large, max-video-preview:-1\" \/>\n<link rel=\"canonical\" href=\"https:\/\/paabaths.com\/lt\/katalogas\/vonios\/vario-xl-1850x800\/\" \/>\n<meta property=\"og:locale\" content=\"lt_LT\" \/>\n<meta property=\"og:type\" content=\"article\" \/>\n<meta property=\"og:title\" content=\"Vario XL 1850x800 - PAA\" \/>\n<meta property=\"og:url\" content=\"https:\/\/paabaths.com\/lt\/katalogas\/vonios\/vario-xl-1850x800\/\" \/>\n<meta property=\"og:site_name\" content=\"PAA\" \/>\n<meta property=\"article:publisher\" content=\"https:\/\/www.facebook.com\/paabaths\/\" \/>\n<meta property=\"article:modified_time\" content=\"2025-04-09T14:24:51+00:00\" \/>\n<meta property=\"og:image\" content=\"https:\/\/paabaths.com\/wp-content\/uploads\/2025\/09\/PAA-baths-title2560x1500px.jpg\" \/>\n\t<meta property=\"og:image:width\" content=\"2560\" \/>\n\t<meta property=\"og:image:height\" content=\"1500\" \/>\n\t<meta property=\"og:image:type\" content=\"image\/jpeg\" \/>\n<meta name=\"twitter:card\" content=\"summary_large_image\" \/>\n<script type=\"application\/ld+json\" class=\"yoast-schema-graph\">{\"@context\":\"https:\/\/schema.org\",\"@graph\":[{\"@type\":\"WebPage\",\"@id\":\"https:\/\/paabaths.com\/lt\/katalogas\/vonios\/vario-xl-1850x800\/\",\"url\":\"https:\/\/paabaths.com\/lt\/katalogas\/vonios\/vario-xl-1850x800\/\",\"name\":\"Vario XL 1850x800 - PAA\",\"isPartOf\":{\"@id\":\"https:\/\/paabaths.com\/lt\/#website\"},\"datePublished\":\"2021-06-02T12:26:53+00:00\",\"dateModified\":\"2025-04-09T14:24:51+00:00\",\"breadcrumb\":{\"@id\":\"https:\/\/paabaths.com\/lt\/katalogas\/vonios\/vario-xl-1850x800\/#breadcrumb\"},\"inLanguage\":\"lt-LT\",\"potentialAction\":[{\"@type\":\"ReadAction\",\"target\":[\"https:\/\/paabaths.com\/lt\/katalogas\/vonios\/vario-xl-1850x800\/\"]}]},{\"@type\":\"BreadcrumbList\",\"@id\":\"https:\/\/paabaths.com\/lt\/katalogas\/vonios\/vario-xl-1850x800\/#breadcrumb\",\"itemListElement\":[{\"@type\":\"ListItem\",\"position\":1,\"name\":\"Home\",\"item\":\"https:\/\/paabaths.com\/lt\/\"},{\"@type\":\"ListItem\",\"position\":2,\"name\":\"Katalogas\",\"item\":\"https:\/\/paabaths.com\/lv\/produkcija\/\"},{\"@type\":\"ListItem\",\"position\":3,\"name\":\"Vario XL 1850&#215;800\"}]},{\"@type\":\"WebSite\",\"@id\":\"https:\/\/paabaths.com\/lt\/#website\",\"url\":\"https:\/\/paabaths.com\/lt\/\",\"name\":\"PAA\",\"description\":\"This is PAA Ltd. brand site\",\"publisher\":{\"@id\":\"https:\/\/paabaths.com\/lt\/#organization\"},\"potentialAction\":[{\"@type\":\"SearchAction\",\"target\":{\"@type\":\"EntryPoint\",\"urlTemplate\":\"https:\/\/paabaths.com\/lt\/?s={search_term_string}\"},\"query-input\":{\"@type\":\"PropertyValueSpecification\",\"valueRequired\":true,\"valueName\":\"search_term_string\"}}],\"inLanguage\":\"lt-LT\"},{\"@type\":\"Organization\",\"@id\":\"https:\/\/paabaths.com\/lt\/#organization\",\"name\":\"PAA Baths\",\"url\":\"https:\/\/paabaths.com\/lt\/\",\"logo\":{\"@type\":\"ImageObject\",\"inLanguage\":\"lt-LT\",\"@id\":\"https:\/\/paabaths.com\/lt\/#\/schema\/logo\/image\/\",\"url\":\"https:\/\/paabaths.com\/wp-content\/uploads\/2023\/02\/84294546_179914056600038_3880533746851512320_n.jpeg\",\"contentUrl\":\"https:\/\/paabaths.com\/wp-content\/uploads\/2023\/02\/84294546_179914056600038_3880533746851512320_n.jpeg\",\"width\":320,\"height\":320,\"caption\":\"PAA Baths\"},\"image\":{\"@id\":\"https:\/\/paabaths.com\/lt\/#\/schema\/logo\/image\/\"},\"sameAs\":[\"https:\/\/www.facebook.com\/paabaths\/\",\"https:\/\/www.instagram.com\/paa_baths\"]}]}<\/script>\n<!-- \/ Yoast SEO plugin. -->","yoast_head_json":{"title":"Vario XL 1850x800 - PAA","robots":{"index":"index","follow":"follow","max-snippet":"max-snippet:-1","max-image-preview":"max-image-preview:large","max-video-preview":"max-video-preview:-1"},"canonical":"https:\/\/paabaths.com\/lt\/katalogas\/vonios\/vario-xl-1850x800\/","og_locale":"lt_LT","og_type":"article","og_title":"Vario XL 1850x800 - PAA","og_url":"https:\/\/paabaths.com\/lt\/katalogas\/vonios\/vario-xl-1850x800\/","og_site_name":"PAA","article_publisher":"https:\/\/www.facebook.com\/paabaths\/","article_modified_time":"2025-04-09T14:24:51+00:00","og_image":[{"width":2560,"height":1500,"url":"https:\/\/paabaths.com\/wp-content\/uploads\/2025\/09\/PAA-baths-title2560x1500px.jpg","type":"image\/jpeg"}],"twitter_card":"summary_large_image","schema":{"@context":"https:\/\/schema.org","@graph":[{"@type":"WebPage","@id":"https:\/\/paabaths.com\/lt\/katalogas\/vonios\/vario-xl-1850x800\/","url":"https:\/\/paabaths.com\/lt\/katalogas\/vonios\/vario-xl-1850x800\/","name":"Vario XL 1850x800 - PAA","isPartOf":{"@id":"https:\/\/paabaths.com\/lt\/#website"},"datePublished":"2021-06-02T12:26:53+00:00","dateModified":"2025-04-09T14:24:51+00:00","breadcrumb":{"@id":"https:\/\/paabaths.com\/lt\/katalogas\/vonios\/vario-xl-1850x800\/#breadcrumb"},"inLanguage":"lt-LT","potentialAction":[{"@type":"ReadAction","target":["https:\/\/paabaths.com\/lt\/katalogas\/vonios\/vario-xl-1850x800\/"]}]},{"@type":"BreadcrumbList","@id":"https:\/\/paabaths.com\/lt\/katalogas\/vonios\/vario-xl-1850x800\/#breadcrumb","itemListElement":[{"@type":"ListItem","position":1,"name":"Home","item":"https:\/\/paabaths.com\/lt\/"},{"@type":"ListItem","position":2,"name":"Katalogas","item":"https:\/\/paabaths.com\/lv\/produkcija\/"},{"@type":"ListItem","position":3,"name":"Vario XL 1850&#215;800"}]},{"@type":"WebSite","@id":"https:\/\/paabaths.com\/lt\/#website","url":"https:\/\/paabaths.com\/lt\/","name":"PAA","description":"This is PAA Ltd. brand site","publisher":{"@id":"https:\/\/paabaths.com\/lt\/#organization"},"potentialAction":[{"@type":"SearchAction","target":{"@type":"EntryPoint","urlTemplate":"https:\/\/paabaths.com\/lt\/?s={search_term_string}"},"query-input":{"@type":"PropertyValueSpecification","valueRequired":true,"valueName":"search_term_string"}}],"inLanguage":"lt-LT"},{"@type":"Organization","@id":"https:\/\/paabaths.com\/lt\/#organization","name":"PAA Baths","url":"https:\/\/paabaths.com\/lt\/","logo":{"@type":"ImageObject","inLanguage":"lt-LT","@id":"https:\/\/paabaths.com\/lt\/#\/schema\/logo\/image\/","url":"https:\/\/paabaths.com\/wp-content\/uploads\/2023\/02\/84294546_179914056600038_3880533746851512320_n.jpeg","contentUrl":"https:\/\/paabaths.com\/wp-content\/uploads\/2023\/02\/84294546_179914056600038_3880533746851512320_n.jpeg","width":320,"height":320,"caption":"PAA Baths"},"image":{"@id":"https:\/\/paabaths.com\/lt\/#\/schema\/logo\/image\/"},"sameAs":["https:\/\/www.facebook.com\/paabaths\/","https:\/\/www.instagram.com\/paa_baths"]}]}},"_links":{"self":[{"href":"https:\/\/paabaths.com\/lt\/wp-json\/wp\/v2\/product\/9427","targetHints":{"allow":["GET"]}}],"collection":[{"href":"https:\/\/paabaths.com\/lt\/wp-json\/wp\/v2\/product"}],"about":[{"href":"https:\/\/paabaths.com\/lt\/wp-json\/wp\/v2\/types\/product"}],"acf:post":[{"embeddable":true,"href":"https:\/\/paabaths.com\/lt\/wp-json\/wp\/v2\/product\/50278"},{"embeddable":true,"href":"https:\/\/paabaths.com\/lt\/wp-json\/wp\/v2\/product\/9368"}],"acf:term":[{"embeddable":true,"taxonomy":"pa_material","href":"https:\/\/paabaths.com\/lt\/wp-json\/wp\/v2\/pa_material\/181"},{"embeddable":true,"taxonomy":"product_cat","href":"https:\/\/paabaths.com\/lt\/wp-json\/wp\/v2\/product_cat\/166"}],"wp:attachment":[{"href":"https:\/\/paabaths.com\/lt\/wp-json\/wp\/v2\/media?parent=9427"}],"wp:term":[{"taxonomy":"product_brand","embeddable":true,"href":"https:\/\/paabaths.com\/lt\/wp-json\/wp\/v2\/product_brand?post=9427"},{"taxonomy":"product_cat","embeddable":true,"href":"https:\/\/paabaths.com\/lt\/wp-json\/wp\/v2\/product_cat?post=9427"},{"taxonomy":"product_tag","embeddable":true,"href":"https:\/\/paabaths.com\/lt\/wp-json\/wp\/v2\/product_tag?post=9427"}],"curies":[{"name":"wp","href":"https:\/\/api.w.org\/{rel}","templated":true}]}}