{"id":7050,"date":"2022-03-14T15:39:52","date_gmt":"2022-03-14T13:39:52","guid":{"rendered":"https:\/\/paa.emptylimits.com\/?post_type=product&#038;p=7050"},"modified":"2025-04-09T16:43:46","modified_gmt":"2025-04-09T13:43:46","slug":"deco-rim","status":"publish","type":"product","link":"https:\/\/paabaths.com\/lt\/katalogas\/vonios\/deco-rim\/","title":{"rendered":"Deco Rim"},"content":{"rendered":"","protected":false},"excerpt":{"rendered":"","protected":false},"featured_media":8312,"template":"","meta":{"_acf_changed":false,"inline_featured_image":false},"product_brand":[],"product_cat":[166],"product_tag":[],"class_list":{"0":"post-7050","1":"product","2":"type-product","3":"status-publish","4":"has-post-thumbnail","6":"product_type-variable","7":"product_cat-vonios","8":"pa_installation-type-laisvai-pastatoma-vonia","9":"pa_material-silkstone-lt","10":"collection-deco","12":"first","13":"instock","14":"shipping-taxable","15":"purchasable","16":"product-type-variable","17":"has-default-attributes"},"acf":{"product_type":"variable","price_pdf_url":"https:\/\/paabaths.com\/wp-content\/uploads\/Product-prices\/LT\/PAA-Baths-Prices-LT_DECORIM1.pdf","dealer_type-exclusive":false,"corner_image":null,"square_image":null,"all_models_image":null,"tag_image":null,"description":"","category":166,"material":[206],"collection":[224],"gallery_1":null,"step_1":{"icon":null,"text":""},"step_2":{"icon":null,"text":""},"step_3":{"icon":null,"text":""},"step_4":{"icon":null,"text":""},"specification_table":[{"type":"size","label":"","value":""},{"type":"sku","label":"","value":""},{"type":"material","label":"","value":""},{"type":"weight","label":"","value":""},{"type":"color","label":"","value":""},{"type":"volume","label":"","value":""}],"optional_products":null,"optional_text":"","downloads":null,"gallery":[{"type":"two","image":7099,"text":{"text":"","text_vertical_position":"54"},"image_2":7104,"text_2":{"text":"","text_vertical_position":"54"},"images":null,"video_url":""},{"type":"two","image":62978,"text":{"text":"Mai\u0161ytuvas i\u0161 grind\u0173","text_vertical_position":"54"},"image_2":62985,"text_2":{"text":"Lentyn\u0117l\u0117 ir rank\u0161luos\u010di\u0173 laikiklis","text_vertical_position":"54"},"images":null,"video_url":""},{"type":"two","image":62964,"text":{"text":"Delikatus persipylimas","text_vertical_position":"54"},"image_2":62957,"text_2":{"text":"Tokios pa\u010dios spalvos sifono dangtelis","text_vertical_position":"54"},"images":null,"video_url":""},{"type":"two","image":62992,"text":{"text":"Priderintas praustuvas","text_vertical_position":"54"},"image_2":62971,"text_2":{"text":"Baltas arba tonuotas","text_vertical_position":"54"},"images":null,"video_url":""},{"type":"full","image":7114,"text":{"text":"","text_vertical_position":"54"},"image_2":null,"text_2":{"text":"","text_vertical_position":"54"},"images":null,"video_url":""},{"type":"two","image":8302,"text":{"text":"","text_vertical_position":"54"},"image_2":8307,"text_2":{"text":"","text_vertical_position":"54"},"images":null,"video_url":""}],"technical_drawings":{"side_view":87356,"side_view_text":"1660 \u00d7 810 mm\r\nH = 630 mm","end_view":87363,"top_view":87370,"drainage_area":87349,"mounting_icons":6583,"":null,"side_view_scale":{"scale":100,"x_position":100,"y_position":100},"top_view_scale":{"scale":100,"x_position":100,"y_position":100},"end_view_scale":{"scale":100,"x_position":100,"y_position":100},"drainage_area_scale":{"scale":100,"x_position":100,"y_position":100},"space":{"before":0,"between":0,"after":0}},"space_afer_drawings":0,"matching_product":[{"product":7147,"variation":170}],"is_main_connected_product":false,"has_no_content":false,"connected_product":null,"default_product":null,"enable_mtm_icon":false,"vario_page":null,"vario_all":null},"yoast_head":"<!-- This site is optimized with the Yoast SEO plugin v26.1.1 - https:\/\/yoast.com\/wordpress\/plugins\/seo\/ -->\n<title>Deco Rim - PAA<\/title>\n<meta name=\"robots\" content=\"index, follow, max-snippet:-1, max-image-preview:large, max-video-preview:-1\" \/>\n<link rel=\"canonical\" href=\"https:\/\/paabaths.com\/lt\/katalogas\/vonios\/deco-rim\/\" \/>\n<meta property=\"og:locale\" content=\"lt_LT\" \/>\n<meta property=\"og:type\" content=\"article\" \/>\n<meta property=\"og:title\" content=\"Deco Rim - PAA\" \/>\n<meta property=\"og:url\" content=\"https:\/\/paabaths.com\/lt\/katalogas\/vonios\/deco-rim\/\" \/>\n<meta property=\"og:site_name\" content=\"PAA\" \/>\n<meta property=\"article:publisher\" content=\"https:\/\/www.facebook.com\/paabaths\/\" \/>\n<meta property=\"article:modified_time\" content=\"2025-04-09T13:43:46+00:00\" \/>\n<meta property=\"og:image\" content=\"https:\/\/paabaths.com\/wp-content\/uploads\/2022\/03\/PAA-Baths-Silkstone-Deco-Rim-1660x815-04-01-Matte-White-Front-View-1000x1000px.jpg\" \/>\n\t<meta property=\"og:image:width\" content=\"1000\" \/>\n\t<meta property=\"og:image:height\" content=\"1000\" \/>\n\t<meta property=\"og:image:type\" content=\"image\/jpeg\" \/>\n<meta name=\"twitter:card\" content=\"summary_large_image\" \/>\n<script type=\"application\/ld+json\" class=\"yoast-schema-graph\">{\"@context\":\"https:\/\/schema.org\",\"@graph\":[{\"@type\":\"WebPage\",\"@id\":\"https:\/\/paabaths.com\/lt\/katalogas\/vonios\/deco-rim\/\",\"url\":\"https:\/\/paabaths.com\/lt\/katalogas\/vonios\/deco-rim\/\",\"name\":\"Deco Rim - PAA\",\"isPartOf\":{\"@id\":\"https:\/\/paabaths.com\/lt\/#website\"},\"primaryImageOfPage\":{\"@id\":\"https:\/\/paabaths.com\/lt\/katalogas\/vonios\/deco-rim\/#primaryimage\"},\"image\":{\"@id\":\"https:\/\/paabaths.com\/lt\/katalogas\/vonios\/deco-rim\/#primaryimage\"},\"thumbnailUrl\":\"https:\/\/paabaths.com\/wp-content\/uploads\/2022\/03\/PAA-Baths-Silkstone-Deco-Rim-1660x815-04-01-Matte-White-Front-View-1000x1000px.jpg\",\"datePublished\":\"2022-03-14T13:39:52+00:00\",\"dateModified\":\"2025-04-09T13:43:46+00:00\",\"breadcrumb\":{\"@id\":\"https:\/\/paabaths.com\/lt\/katalogas\/vonios\/deco-rim\/#breadcrumb\"},\"inLanguage\":\"lt-LT\",\"potentialAction\":[{\"@type\":\"ReadAction\",\"target\":[\"https:\/\/paabaths.com\/lt\/katalogas\/vonios\/deco-rim\/\"]}]},{\"@type\":\"ImageObject\",\"inLanguage\":\"lt-LT\",\"@id\":\"https:\/\/paabaths.com\/lt\/katalogas\/vonios\/deco-rim\/#primaryimage\",\"url\":\"https:\/\/paabaths.com\/wp-content\/uploads\/2022\/03\/PAA-Baths-Silkstone-Deco-Rim-1660x815-04-01-Matte-White-Front-View-1000x1000px.jpg\",\"contentUrl\":\"https:\/\/paabaths.com\/wp-content\/uploads\/2022\/03\/PAA-Baths-Silkstone-Deco-Rim-1660x815-04-01-Matte-White-Front-View-1000x1000px.jpg\",\"width\":1000,\"height\":1000},{\"@type\":\"BreadcrumbList\",\"@id\":\"https:\/\/paabaths.com\/lt\/katalogas\/vonios\/deco-rim\/#breadcrumb\",\"itemListElement\":[{\"@type\":\"ListItem\",\"position\":1,\"name\":\"Home\",\"item\":\"https:\/\/paabaths.com\/lt\/\"},{\"@type\":\"ListItem\",\"position\":2,\"name\":\"Katalogas\",\"item\":\"https:\/\/paabaths.com\/lv\/produkcija\/\"},{\"@type\":\"ListItem\",\"position\":3,\"name\":\"Deco Rim\"}]},{\"@type\":\"WebSite\",\"@id\":\"https:\/\/paabaths.com\/lt\/#website\",\"url\":\"https:\/\/paabaths.com\/lt\/\",\"name\":\"PAA\",\"description\":\"This is PAA Ltd. brand site\",\"publisher\":{\"@id\":\"https:\/\/paabaths.com\/lt\/#organization\"},\"potentialAction\":[{\"@type\":\"SearchAction\",\"target\":{\"@type\":\"EntryPoint\",\"urlTemplate\":\"https:\/\/paabaths.com\/lt\/?s={search_term_string}\"},\"query-input\":{\"@type\":\"PropertyValueSpecification\",\"valueRequired\":true,\"valueName\":\"search_term_string\"}}],\"inLanguage\":\"lt-LT\"},{\"@type\":\"Organization\",\"@id\":\"https:\/\/paabaths.com\/lt\/#organization\",\"name\":\"PAA Baths\",\"url\":\"https:\/\/paabaths.com\/lt\/\",\"logo\":{\"@type\":\"ImageObject\",\"inLanguage\":\"lt-LT\",\"@id\":\"https:\/\/paabaths.com\/lt\/#\/schema\/logo\/image\/\",\"url\":\"https:\/\/paabaths.com\/wp-content\/uploads\/2023\/02\/84294546_179914056600038_3880533746851512320_n.jpeg\",\"contentUrl\":\"https:\/\/paabaths.com\/wp-content\/uploads\/2023\/02\/84294546_179914056600038_3880533746851512320_n.jpeg\",\"width\":320,\"height\":320,\"caption\":\"PAA Baths\"},\"image\":{\"@id\":\"https:\/\/paabaths.com\/lt\/#\/schema\/logo\/image\/\"},\"sameAs\":[\"https:\/\/www.facebook.com\/paabaths\/\",\"https:\/\/www.instagram.com\/paa_baths\"]}]}<\/script>\n<!-- \/ Yoast SEO plugin. -->","yoast_head_json":{"title":"Deco Rim - PAA","robots":{"index":"index","follow":"follow","max-snippet":"max-snippet:-1","max-image-preview":"max-image-preview:large","max-video-preview":"max-video-preview:-1"},"canonical":"https:\/\/paabaths.com\/lt\/katalogas\/vonios\/deco-rim\/","og_locale":"lt_LT","og_type":"article","og_title":"Deco Rim - PAA","og_url":"https:\/\/paabaths.com\/lt\/katalogas\/vonios\/deco-rim\/","og_site_name":"PAA","article_publisher":"https:\/\/www.facebook.com\/paabaths\/","article_modified_time":"2025-04-09T13:43:46+00:00","og_image":[{"width":1000,"height":1000,"url":"https:\/\/paabaths.com\/wp-content\/uploads\/2022\/03\/PAA-Baths-Silkstone-Deco-Rim-1660x815-04-01-Matte-White-Front-View-1000x1000px.jpg","type":"image\/jpeg"}],"twitter_card":"summary_large_image","schema":{"@context":"https:\/\/schema.org","@graph":[{"@type":"WebPage","@id":"https:\/\/paabaths.com\/lt\/katalogas\/vonios\/deco-rim\/","url":"https:\/\/paabaths.com\/lt\/katalogas\/vonios\/deco-rim\/","name":"Deco Rim - PAA","isPartOf":{"@id":"https:\/\/paabaths.com\/lt\/#website"},"primaryImageOfPage":{"@id":"https:\/\/paabaths.com\/lt\/katalogas\/vonios\/deco-rim\/#primaryimage"},"image":{"@id":"https:\/\/paabaths.com\/lt\/katalogas\/vonios\/deco-rim\/#primaryimage"},"thumbnailUrl":"https:\/\/paabaths.com\/wp-content\/uploads\/2022\/03\/PAA-Baths-Silkstone-Deco-Rim-1660x815-04-01-Matte-White-Front-View-1000x1000px.jpg","datePublished":"2022-03-14T13:39:52+00:00","dateModified":"2025-04-09T13:43:46+00:00","breadcrumb":{"@id":"https:\/\/paabaths.com\/lt\/katalogas\/vonios\/deco-rim\/#breadcrumb"},"inLanguage":"lt-LT","potentialAction":[{"@type":"ReadAction","target":["https:\/\/paabaths.com\/lt\/katalogas\/vonios\/deco-rim\/"]}]},{"@type":"ImageObject","inLanguage":"lt-LT","@id":"https:\/\/paabaths.com\/lt\/katalogas\/vonios\/deco-rim\/#primaryimage","url":"https:\/\/paabaths.com\/wp-content\/uploads\/2022\/03\/PAA-Baths-Silkstone-Deco-Rim-1660x815-04-01-Matte-White-Front-View-1000x1000px.jpg","contentUrl":"https:\/\/paabaths.com\/wp-content\/uploads\/2022\/03\/PAA-Baths-Silkstone-Deco-Rim-1660x815-04-01-Matte-White-Front-View-1000x1000px.jpg","width":1000,"height":1000},{"@type":"BreadcrumbList","@id":"https:\/\/paabaths.com\/lt\/katalogas\/vonios\/deco-rim\/#breadcrumb","itemListElement":[{"@type":"ListItem","position":1,"name":"Home","item":"https:\/\/paabaths.com\/lt\/"},{"@type":"ListItem","position":2,"name":"Katalogas","item":"https:\/\/paabaths.com\/lv\/produkcija\/"},{"@type":"ListItem","position":3,"name":"Deco Rim"}]},{"@type":"WebSite","@id":"https:\/\/paabaths.com\/lt\/#website","url":"https:\/\/paabaths.com\/lt\/","name":"PAA","description":"This is PAA Ltd. brand site","publisher":{"@id":"https:\/\/paabaths.com\/lt\/#organization"},"potentialAction":[{"@type":"SearchAction","target":{"@type":"EntryPoint","urlTemplate":"https:\/\/paabaths.com\/lt\/?s={search_term_string}"},"query-input":{"@type":"PropertyValueSpecification","valueRequired":true,"valueName":"search_term_string"}}],"inLanguage":"lt-LT"},{"@type":"Organization","@id":"https:\/\/paabaths.com\/lt\/#organization","name":"PAA Baths","url":"https:\/\/paabaths.com\/lt\/","logo":{"@type":"ImageObject","inLanguage":"lt-LT","@id":"https:\/\/paabaths.com\/lt\/#\/schema\/logo\/image\/","url":"https:\/\/paabaths.com\/wp-content\/uploads\/2023\/02\/84294546_179914056600038_3880533746851512320_n.jpeg","contentUrl":"https:\/\/paabaths.com\/wp-content\/uploads\/2023\/02\/84294546_179914056600038_3880533746851512320_n.jpeg","width":320,"height":320,"caption":"PAA Baths"},"image":{"@id":"https:\/\/paabaths.com\/lt\/#\/schema\/logo\/image\/"},"sameAs":["https:\/\/www.facebook.com\/paabaths\/","https:\/\/www.instagram.com\/paa_baths"]}]}},"_links":{"self":[{"href":"https:\/\/paabaths.com\/lt\/wp-json\/wp\/v2\/product\/7050","targetHints":{"allow":["GET"]}}],"collection":[{"href":"https:\/\/paabaths.com\/lt\/wp-json\/wp\/v2\/product"}],"about":[{"href":"https:\/\/paabaths.com\/lt\/wp-json\/wp\/v2\/types\/product"}],"acf:term":[{"embeddable":true,"taxonomy":"collection","href":"https:\/\/paabaths.com\/lt\/wp-json\/wp\/v2\/collection\/224"},{"embeddable":true,"taxonomy":"pa_material","href":"https:\/\/paabaths.com\/lt\/wp-json\/wp\/v2\/pa_material\/206"},{"embeddable":true,"taxonomy":"product_cat","href":"https:\/\/paabaths.com\/lt\/wp-json\/wp\/v2\/product_cat\/166"}],"wp:featuredmedia":[{"embeddable":true,"href":"https:\/\/paabaths.com\/lt\/wp-json\/wp\/v2\/media\/8312"}],"wp:attachment":[{"href":"https:\/\/paabaths.com\/lt\/wp-json\/wp\/v2\/media?parent=7050"}],"wp:term":[{"taxonomy":"product_brand","embeddable":true,"href":"https:\/\/paabaths.com\/lt\/wp-json\/wp\/v2\/product_brand?post=7050"},{"taxonomy":"product_cat","embeddable":true,"href":"https:\/\/paabaths.com\/lt\/wp-json\/wp\/v2\/product_cat?post=7050"},{"taxonomy":"product_tag","embeddable":true,"href":"https:\/\/paabaths.com\/lt\/wp-json\/wp\/v2\/product_tag?post=7050"}],"curies":[{"name":"wp","href":"https:\/\/api.w.org\/{rel}","templated":true}]}}