{"id":70177,"date":"2025-02-13T08:34:07","date_gmt":"2025-02-13T06:34:07","guid":{"rendered":"https:\/\/paabaths.com\/?post_type=product&#038;p=70177"},"modified":"2025-09-22T11:32:48","modified_gmt":"2025-09-22T08:32:48","slug":"perla-145-copy","status":"publish","type":"product","link":"https:\/\/paabaths.com\/lt\/katalogas\/vonios\/pointe\/","title":{"rendered":"Pointe"},"content":{"rendered":"","protected":false},"excerpt":{"rendered":"","protected":false},"featured_media":0,"template":"","meta":{"_acf_changed":false,"inline_featured_image":false},"product_brand":[],"product_cat":[166],"product_tag":[],"class_list":{"0":"post-70177","1":"product","2":"type-product","3":"status-publish","5":"product_type-variable","6":"product_cat-vonios","7":"pa_installation-type-laisvai-pastatoma-vonia","8":"pa_material-silkstone-lt","9":"pa_shape-ovali-forma","11":"first","12":"instock","13":"shipping-taxable","14":"purchasable","15":"product-type-variable","16":"has-default-attributes"},"acf":{"product_type":"variable","price_pdf_url":"https:\/\/paabaths.com\/wp-content\/uploads\/Product-prices\/LT\/PAA-Baths-Prices-LT_POINTE1.pdf","dealer_type-exclusive":true,"corner_image":null,"square_image":null,"all_models_image":null,"tag_image":null,"description":"","category":166,"material":[206],"collection":false,"gallery_1":null,"step_1":{"icon":null,"text":""},"step_2":{"icon":null,"text":""},"step_3":{"icon":null,"text":""},"step_4":{"icon":null,"text":""},"specification_table":[{"type":"size","label":"","value":""},{"type":"sku","label":"","value":""},{"type":"material","label":"","value":""},{"type":"weight","label":"","value":""},{"type":"color","label":"","value":""},{"type":"volume","label":"","value":""}],"optional_products":null,"optional_text":"","downloads":[{"file_type":"cad","label":"0","file":72065},{"file_type":"cad","label":"1","file":72072}],"gallery":[{"type":"two","image":69493,"text":{"text":"","text_vertical_position":"54"},"image_2":69500,"text_2":{"text":"","text_vertical_position":"54"},"images":null,"video_url":""},{"type":"two","image":72926,"text":{"text":"Matinis pavir\u0161ius","text_vertical_position":"54"},"image_2":72933,"text_2":{"text":"Priderintas praustuvas","text_vertical_position":"54"},"images":[27111,27105,27087,27093,27099],"video_url":""},{"type":"two","image":72947,"text":{"text":"Baltas arba spalvotas","text_vertical_position":"54"},"image_2":72954,"text_2":{"text":"Smail\u0117jantis \u012f vir\u0161\u0173 \r\nleid\u017eia suma\u017einti vandens suvartojim\u0105","text_vertical_position":"54"},"images":null,"video_url":""},{"type":"two","image":72961,"text":{"text":"Itin ergonomi\u0161kas \r\nnugara ir galvos atrama","text_vertical_position":"54"},"image_2":72940,"text_2":{"text":"Grak\u0161tus persipylimas","text_vertical_position":"54"},"images":null,"video_url":""},{"type":"full","image":72975,"text":{"text":"","text_vertical_position":"54"},"image_2":null,"text_2":{"text":"","text_vertical_position":"54"},"images":[72968],"video_url":""},{"type":"video","image":null,"text":{"text":"","text_vertical_position":54},"image_2":null,"text_2":{"text":"","text_vertical_position":54},"images":null,"video_url":"https:\/\/youtu.be\/3x_jnAg-EGs?si=lWYAK9d7n_YPJv1r"}],"technical_drawings":{"side_view":72044,"side_view_text":"1500 x 720 mm\r\nH = 495, 675 mm","end_view":72023,"top_view":72037,"drainage_area":72030,"mounting_icons":"","":null,"side_view_scale":{"scale":100,"x_position":100,"y_position":100},"top_view_scale":{"scale":100,"x_position":100,"y_position":100},"end_view_scale":{"scale":100,"x_position":100,"y_position":100},"drainage_area_scale":{"scale":100,"x_position":100,"y_position":100},"space":{"before":0,"between":0,"after":0}},"space_afer_drawings":0,"matching_product":[{"product":70480,"variation":170}],"is_main_connected_product":false,"has_no_content":false,"connected_product":null,"default_product":null,"enable_mtm_icon":false,"vario_page":null,"vario_all":null},"yoast_head":"<!-- This site is optimized with the Yoast SEO plugin v26.1.1 - https:\/\/yoast.com\/wordpress\/plugins\/seo\/ -->\n<title>Pointe - PAA<\/title>\n<meta name=\"robots\" content=\"index, follow, max-snippet:-1, max-image-preview:large, max-video-preview:-1\" \/>\n<link rel=\"canonical\" href=\"https:\/\/paabaths.com\/lt\/katalogas\/vonios\/pointe\/\" \/>\n<meta property=\"og:locale\" content=\"lt_LT\" \/>\n<meta property=\"og:type\" content=\"article\" \/>\n<meta property=\"og:title\" content=\"Pointe - PAA\" \/>\n<meta property=\"og:url\" content=\"https:\/\/paabaths.com\/lt\/katalogas\/vonios\/pointe\/\" \/>\n<meta property=\"og:site_name\" content=\"PAA\" \/>\n<meta property=\"article:publisher\" content=\"https:\/\/www.facebook.com\/paabaths\/\" \/>\n<meta property=\"article:modified_time\" content=\"2025-09-22T08:32:48+00:00\" \/>\n<meta property=\"og:image\" content=\"https:\/\/paabaths.com\/wp-content\/uploads\/2025\/09\/PAA-baths-title2560x1500px.jpg\" \/>\n\t<meta property=\"og:image:width\" content=\"2560\" \/>\n\t<meta property=\"og:image:height\" content=\"1500\" \/>\n\t<meta property=\"og:image:type\" content=\"image\/jpeg\" \/>\n<meta name=\"twitter:card\" content=\"summary_large_image\" \/>\n<script type=\"application\/ld+json\" class=\"yoast-schema-graph\">{\"@context\":\"https:\/\/schema.org\",\"@graph\":[{\"@type\":\"WebPage\",\"@id\":\"https:\/\/paabaths.com\/lt\/katalogas\/vonios\/pointe\/\",\"url\":\"https:\/\/paabaths.com\/lt\/katalogas\/vonios\/pointe\/\",\"name\":\"Pointe - PAA\",\"isPartOf\":{\"@id\":\"https:\/\/paabaths.com\/lt\/#website\"},\"datePublished\":\"2025-02-13T06:34:07+00:00\",\"dateModified\":\"2025-09-22T08:32:48+00:00\",\"breadcrumb\":{\"@id\":\"https:\/\/paabaths.com\/lt\/katalogas\/vonios\/pointe\/#breadcrumb\"},\"inLanguage\":\"lt-LT\",\"potentialAction\":[{\"@type\":\"ReadAction\",\"target\":[\"https:\/\/paabaths.com\/lt\/katalogas\/vonios\/pointe\/\"]}]},{\"@type\":\"BreadcrumbList\",\"@id\":\"https:\/\/paabaths.com\/lt\/katalogas\/vonios\/pointe\/#breadcrumb\",\"itemListElement\":[{\"@type\":\"ListItem\",\"position\":1,\"name\":\"Home\",\"item\":\"https:\/\/paabaths.com\/lt\/\"},{\"@type\":\"ListItem\",\"position\":2,\"name\":\"Katalogas\",\"item\":\"https:\/\/paabaths.com\/lv\/produkcija\/\"},{\"@type\":\"ListItem\",\"position\":3,\"name\":\"Pointe\"}]},{\"@type\":\"WebSite\",\"@id\":\"https:\/\/paabaths.com\/lt\/#website\",\"url\":\"https:\/\/paabaths.com\/lt\/\",\"name\":\"PAA\",\"description\":\"This is PAA Ltd. brand site\",\"publisher\":{\"@id\":\"https:\/\/paabaths.com\/lt\/#organization\"},\"potentialAction\":[{\"@type\":\"SearchAction\",\"target\":{\"@type\":\"EntryPoint\",\"urlTemplate\":\"https:\/\/paabaths.com\/lt\/?s={search_term_string}\"},\"query-input\":{\"@type\":\"PropertyValueSpecification\",\"valueRequired\":true,\"valueName\":\"search_term_string\"}}],\"inLanguage\":\"lt-LT\"},{\"@type\":\"Organization\",\"@id\":\"https:\/\/paabaths.com\/lt\/#organization\",\"name\":\"PAA Baths\",\"url\":\"https:\/\/paabaths.com\/lt\/\",\"logo\":{\"@type\":\"ImageObject\",\"inLanguage\":\"lt-LT\",\"@id\":\"https:\/\/paabaths.com\/lt\/#\/schema\/logo\/image\/\",\"url\":\"https:\/\/paabaths.com\/wp-content\/uploads\/2023\/02\/84294546_179914056600038_3880533746851512320_n.jpeg\",\"contentUrl\":\"https:\/\/paabaths.com\/wp-content\/uploads\/2023\/02\/84294546_179914056600038_3880533746851512320_n.jpeg\",\"width\":320,\"height\":320,\"caption\":\"PAA Baths\"},\"image\":{\"@id\":\"https:\/\/paabaths.com\/lt\/#\/schema\/logo\/image\/\"},\"sameAs\":[\"https:\/\/www.facebook.com\/paabaths\/\",\"https:\/\/www.instagram.com\/paa_baths\"]}]}<\/script>\n<!-- \/ Yoast SEO plugin. -->","yoast_head_json":{"title":"Pointe - PAA","robots":{"index":"index","follow":"follow","max-snippet":"max-snippet:-1","max-image-preview":"max-image-preview:large","max-video-preview":"max-video-preview:-1"},"canonical":"https:\/\/paabaths.com\/lt\/katalogas\/vonios\/pointe\/","og_locale":"lt_LT","og_type":"article","og_title":"Pointe - PAA","og_url":"https:\/\/paabaths.com\/lt\/katalogas\/vonios\/pointe\/","og_site_name":"PAA","article_publisher":"https:\/\/www.facebook.com\/paabaths\/","article_modified_time":"2025-09-22T08:32:48+00:00","og_image":[{"width":2560,"height":1500,"url":"https:\/\/paabaths.com\/wp-content\/uploads\/2025\/09\/PAA-baths-title2560x1500px.jpg","type":"image\/jpeg"}],"twitter_card":"summary_large_image","schema":{"@context":"https:\/\/schema.org","@graph":[{"@type":"WebPage","@id":"https:\/\/paabaths.com\/lt\/katalogas\/vonios\/pointe\/","url":"https:\/\/paabaths.com\/lt\/katalogas\/vonios\/pointe\/","name":"Pointe - PAA","isPartOf":{"@id":"https:\/\/paabaths.com\/lt\/#website"},"datePublished":"2025-02-13T06:34:07+00:00","dateModified":"2025-09-22T08:32:48+00:00","breadcrumb":{"@id":"https:\/\/paabaths.com\/lt\/katalogas\/vonios\/pointe\/#breadcrumb"},"inLanguage":"lt-LT","potentialAction":[{"@type":"ReadAction","target":["https:\/\/paabaths.com\/lt\/katalogas\/vonios\/pointe\/"]}]},{"@type":"BreadcrumbList","@id":"https:\/\/paabaths.com\/lt\/katalogas\/vonios\/pointe\/#breadcrumb","itemListElement":[{"@type":"ListItem","position":1,"name":"Home","item":"https:\/\/paabaths.com\/lt\/"},{"@type":"ListItem","position":2,"name":"Katalogas","item":"https:\/\/paabaths.com\/lv\/produkcija\/"},{"@type":"ListItem","position":3,"name":"Pointe"}]},{"@type":"WebSite","@id":"https:\/\/paabaths.com\/lt\/#website","url":"https:\/\/paabaths.com\/lt\/","name":"PAA","description":"This is PAA Ltd. brand site","publisher":{"@id":"https:\/\/paabaths.com\/lt\/#organization"},"potentialAction":[{"@type":"SearchAction","target":{"@type":"EntryPoint","urlTemplate":"https:\/\/paabaths.com\/lt\/?s={search_term_string}"},"query-input":{"@type":"PropertyValueSpecification","valueRequired":true,"valueName":"search_term_string"}}],"inLanguage":"lt-LT"},{"@type":"Organization","@id":"https:\/\/paabaths.com\/lt\/#organization","name":"PAA Baths","url":"https:\/\/paabaths.com\/lt\/","logo":{"@type":"ImageObject","inLanguage":"lt-LT","@id":"https:\/\/paabaths.com\/lt\/#\/schema\/logo\/image\/","url":"https:\/\/paabaths.com\/wp-content\/uploads\/2023\/02\/84294546_179914056600038_3880533746851512320_n.jpeg","contentUrl":"https:\/\/paabaths.com\/wp-content\/uploads\/2023\/02\/84294546_179914056600038_3880533746851512320_n.jpeg","width":320,"height":320,"caption":"PAA Baths"},"image":{"@id":"https:\/\/paabaths.com\/lt\/#\/schema\/logo\/image\/"},"sameAs":["https:\/\/www.facebook.com\/paabaths\/","https:\/\/www.instagram.com\/paa_baths"]}]}},"_links":{"self":[{"href":"https:\/\/paabaths.com\/lt\/wp-json\/wp\/v2\/product\/70177","targetHints":{"allow":["GET"]}}],"collection":[{"href":"https:\/\/paabaths.com\/lt\/wp-json\/wp\/v2\/product"}],"about":[{"href":"https:\/\/paabaths.com\/lt\/wp-json\/wp\/v2\/types\/product"}],"acf:term":[{"embeddable":true,"taxonomy":"pa_material","href":"https:\/\/paabaths.com\/lt\/wp-json\/wp\/v2\/pa_material\/206"},{"embeddable":true,"taxonomy":"product_cat","href":"https:\/\/paabaths.com\/lt\/wp-json\/wp\/v2\/product_cat\/166"}],"wp:attachment":[{"href":"https:\/\/paabaths.com\/lt\/wp-json\/wp\/v2\/media?parent=70177"}],"wp:term":[{"taxonomy":"product_brand","embeddable":true,"href":"https:\/\/paabaths.com\/lt\/wp-json\/wp\/v2\/product_brand?post=70177"},{"taxonomy":"product_cat","embeddable":true,"href":"https:\/\/paabaths.com\/lt\/wp-json\/wp\/v2\/product_cat?post=70177"},{"taxonomy":"product_tag","embeddable":true,"href":"https:\/\/paabaths.com\/lt\/wp-json\/wp\/v2\/product_tag?post=70177"}],"curies":[{"name":"wp","href":"https:\/\/api.w.org\/{rel}","templated":true}]}}