{"id":19896,"date":"2022-04-26T06:41:02","date_gmt":"2022-04-26T03:41:02","guid":{"rendered":"https:\/\/paa.emptylimits.com\/catalog\/be-kategorijos\/mtm-on-top-bella\/"},"modified":"2026-01-15T15:02:46","modified_gmt":"2026-01-15T13:02:46","slug":"mtm-on-top-bella","status":"publish","type":"product","link":"https:\/\/paabaths.com\/lt\/katalogas\/praustuvai\/mtm-on-top-bella\/","title":{"rendered":"Bella ON-TOP MTM"},"content":{"rendered":"","protected":false},"excerpt":{"rendered":"","protected":false},"featured_media":0,"template":"","meta":{"_acf_changed":false,"inline_featured_image":false},"product_brand":[],"product_cat":[179],"product_tag":[],"class_list":{"0":"post-19896","1":"product","2":"type-product","3":"status-publish","5":"product_type-variable","6":"product_cat-praustuvai","7":"pa_installation-type-made-to-measure","8":"pa_installation-type-on-top-praustuvas","9":"pa_material-silkstone-lt","10":"collection-made-to-measure-lt","12":"first","13":"instock","14":"shipping-taxable","15":"purchasable","16":"product-type-variable","17":"has-default-attributes"},"acf":{"product_type":"mtm","price_pdf_url":"https:\/\/paabaths.com\/wp-content\/uploads\/Product-prices\/LT\/PAA-Washbasin-Prices-LT_ONTOPMTM1.pdf","dealer_type-exclusive":false,"corner_image":null,"square_image":null,"all_models_image":null,"tag_image":null,"description":"","category":179,"material":[206],"collection":[360],"gallery_1":null,"step_1":{"icon":10639,"text":"I\u0161matuokite vonios kambar\u012f"},"step_2":{"icon":10644,"text":"Nupie\u0161kite praustuv\u0105"},"step_3":{"icon":10649,"text":"I\u0161sirinkite praustuvo dubens form\u0105"},"step_4":{"icon":10654,"text":"Prid\u0117kite detali\u0173 ir pasirinkite spalv\u0105"},"specification_table":[{"type":"material","label":"","value":""},{"type":"size","label":"","value":""}],"optional_products":null,"optional_text":"","downloads":[{"file_type":"pdf","label":"6","file":96358}],"gallery":null,"technical_drawings":{"side_view":15956,"side_view_text":"670 - 2200 x 350 - 600 mm, \r\nH = 25 - 150 mm","end_view":15962,"top_view":15974,"drainage_area":"","mounting_icons":"","":null,"side_view_scale":{"scale":90,"x_position":105,"y_position":107},"top_view_scale":{"scale":90,"x_position":100,"y_position":110},"end_view_scale":{"scale":90,"x_position":105,"y_position":107},"drainage_area_scale":{"scale":90,"x_position":100,"y_position":110},"space":{"before":0,"between":0,"after":0}},"space_afer_drawings":0,"matching_product":[{"product":7628,"variation":170}],"is_main_connected_product":false,"has_no_content":false,"connected_product":7528,"default_product":null,"enable_mtm_icon":false,"vario_page":null,"vario_all":null},"yoast_head":"<!-- This site is optimized with the Yoast SEO plugin v26.1.1 - https:\/\/yoast.com\/wordpress\/plugins\/seo\/ -->\n<title>Bella ON-TOP MTM - PAA<\/title>\n<meta name=\"robots\" content=\"index, follow, max-snippet:-1, max-image-preview:large, max-video-preview:-1\" \/>\n<link rel=\"canonical\" href=\"https:\/\/paabaths.com\/lt\/katalogas\/praustuvai\/mtm-on-top-bella\/\" \/>\n<meta property=\"og:locale\" content=\"lt_LT\" \/>\n<meta property=\"og:type\" content=\"article\" \/>\n<meta property=\"og:title\" content=\"Bella ON-TOP MTM - PAA\" \/>\n<meta property=\"og:url\" content=\"https:\/\/paabaths.com\/lt\/katalogas\/praustuvai\/mtm-on-top-bella\/\" \/>\n<meta property=\"og:site_name\" content=\"PAA\" \/>\n<meta property=\"article:publisher\" content=\"https:\/\/www.facebook.com\/paabaths\/\" \/>\n<meta property=\"article:modified_time\" content=\"2026-01-15T13:02:46+00:00\" \/>\n<meta property=\"og:image\" content=\"https:\/\/paabaths.com\/wp-content\/uploads\/2025\/09\/PAA-baths-title2560x1500px.jpg\" \/>\n\t<meta property=\"og:image:width\" content=\"2560\" \/>\n\t<meta property=\"og:image:height\" content=\"1500\" \/>\n\t<meta property=\"og:image:type\" content=\"image\/jpeg\" \/>\n<meta name=\"twitter:card\" content=\"summary_large_image\" \/>\n<script type=\"application\/ld+json\" class=\"yoast-schema-graph\">{\"@context\":\"https:\/\/schema.org\",\"@graph\":[{\"@type\":\"WebPage\",\"@id\":\"https:\/\/paabaths.com\/lt\/katalogas\/praustuvai\/mtm-on-top-bella\/\",\"url\":\"https:\/\/paabaths.com\/lt\/katalogas\/praustuvai\/mtm-on-top-bella\/\",\"name\":\"Bella ON-TOP MTM - PAA\",\"isPartOf\":{\"@id\":\"https:\/\/paabaths.com\/lt\/#website\"},\"datePublished\":\"2022-04-26T03:41:02+00:00\",\"dateModified\":\"2026-01-15T13:02:46+00:00\",\"breadcrumb\":{\"@id\":\"https:\/\/paabaths.com\/lt\/katalogas\/praustuvai\/mtm-on-top-bella\/#breadcrumb\"},\"inLanguage\":\"lt-LT\",\"potentialAction\":[{\"@type\":\"ReadAction\",\"target\":[\"https:\/\/paabaths.com\/lt\/katalogas\/praustuvai\/mtm-on-top-bella\/\"]}]},{\"@type\":\"BreadcrumbList\",\"@id\":\"https:\/\/paabaths.com\/lt\/katalogas\/praustuvai\/mtm-on-top-bella\/#breadcrumb\",\"itemListElement\":[{\"@type\":\"ListItem\",\"position\":1,\"name\":\"Home\",\"item\":\"https:\/\/paabaths.com\/lt\/\"},{\"@type\":\"ListItem\",\"position\":2,\"name\":\"Katalogas\",\"item\":\"https:\/\/paabaths.com\/lv\/produkcija\/\"},{\"@type\":\"ListItem\",\"position\":3,\"name\":\"Bella ON-TOP MTM\"}]},{\"@type\":\"WebSite\",\"@id\":\"https:\/\/paabaths.com\/lt\/#website\",\"url\":\"https:\/\/paabaths.com\/lt\/\",\"name\":\"PAA\",\"description\":\"This is PAA Ltd. brand site\",\"publisher\":{\"@id\":\"https:\/\/paabaths.com\/lt\/#organization\"},\"potentialAction\":[{\"@type\":\"SearchAction\",\"target\":{\"@type\":\"EntryPoint\",\"urlTemplate\":\"https:\/\/paabaths.com\/lt\/?s={search_term_string}\"},\"query-input\":{\"@type\":\"PropertyValueSpecification\",\"valueRequired\":true,\"valueName\":\"search_term_string\"}}],\"inLanguage\":\"lt-LT\"},{\"@type\":\"Organization\",\"@id\":\"https:\/\/paabaths.com\/lt\/#organization\",\"name\":\"PAA Baths\",\"url\":\"https:\/\/paabaths.com\/lt\/\",\"logo\":{\"@type\":\"ImageObject\",\"inLanguage\":\"lt-LT\",\"@id\":\"https:\/\/paabaths.com\/lt\/#\/schema\/logo\/image\/\",\"url\":\"https:\/\/paabaths.com\/wp-content\/uploads\/2023\/02\/84294546_179914056600038_3880533746851512320_n.jpeg\",\"contentUrl\":\"https:\/\/paabaths.com\/wp-content\/uploads\/2023\/02\/84294546_179914056600038_3880533746851512320_n.jpeg\",\"width\":320,\"height\":320,\"caption\":\"PAA Baths\"},\"image\":{\"@id\":\"https:\/\/paabaths.com\/lt\/#\/schema\/logo\/image\/\"},\"sameAs\":[\"https:\/\/www.facebook.com\/paabaths\/\",\"https:\/\/www.instagram.com\/paa_baths\"]}]}<\/script>\n<!-- \/ Yoast SEO plugin. -->","yoast_head_json":{"title":"Bella ON-TOP MTM - PAA","robots":{"index":"index","follow":"follow","max-snippet":"max-snippet:-1","max-image-preview":"max-image-preview:large","max-video-preview":"max-video-preview:-1"},"canonical":"https:\/\/paabaths.com\/lt\/katalogas\/praustuvai\/mtm-on-top-bella\/","og_locale":"lt_LT","og_type":"article","og_title":"Bella ON-TOP MTM - PAA","og_url":"https:\/\/paabaths.com\/lt\/katalogas\/praustuvai\/mtm-on-top-bella\/","og_site_name":"PAA","article_publisher":"https:\/\/www.facebook.com\/paabaths\/","article_modified_time":"2026-01-15T13:02:46+00:00","og_image":[{"width":2560,"height":1500,"url":"https:\/\/paabaths.com\/wp-content\/uploads\/2025\/09\/PAA-baths-title2560x1500px.jpg","type":"image\/jpeg"}],"twitter_card":"summary_large_image","schema":{"@context":"https:\/\/schema.org","@graph":[{"@type":"WebPage","@id":"https:\/\/paabaths.com\/lt\/katalogas\/praustuvai\/mtm-on-top-bella\/","url":"https:\/\/paabaths.com\/lt\/katalogas\/praustuvai\/mtm-on-top-bella\/","name":"Bella ON-TOP MTM - PAA","isPartOf":{"@id":"https:\/\/paabaths.com\/lt\/#website"},"datePublished":"2022-04-26T03:41:02+00:00","dateModified":"2026-01-15T13:02:46+00:00","breadcrumb":{"@id":"https:\/\/paabaths.com\/lt\/katalogas\/praustuvai\/mtm-on-top-bella\/#breadcrumb"},"inLanguage":"lt-LT","potentialAction":[{"@type":"ReadAction","target":["https:\/\/paabaths.com\/lt\/katalogas\/praustuvai\/mtm-on-top-bella\/"]}]},{"@type":"BreadcrumbList","@id":"https:\/\/paabaths.com\/lt\/katalogas\/praustuvai\/mtm-on-top-bella\/#breadcrumb","itemListElement":[{"@type":"ListItem","position":1,"name":"Home","item":"https:\/\/paabaths.com\/lt\/"},{"@type":"ListItem","position":2,"name":"Katalogas","item":"https:\/\/paabaths.com\/lv\/produkcija\/"},{"@type":"ListItem","position":3,"name":"Bella ON-TOP MTM"}]},{"@type":"WebSite","@id":"https:\/\/paabaths.com\/lt\/#website","url":"https:\/\/paabaths.com\/lt\/","name":"PAA","description":"This is PAA Ltd. brand site","publisher":{"@id":"https:\/\/paabaths.com\/lt\/#organization"},"potentialAction":[{"@type":"SearchAction","target":{"@type":"EntryPoint","urlTemplate":"https:\/\/paabaths.com\/lt\/?s={search_term_string}"},"query-input":{"@type":"PropertyValueSpecification","valueRequired":true,"valueName":"search_term_string"}}],"inLanguage":"lt-LT"},{"@type":"Organization","@id":"https:\/\/paabaths.com\/lt\/#organization","name":"PAA Baths","url":"https:\/\/paabaths.com\/lt\/","logo":{"@type":"ImageObject","inLanguage":"lt-LT","@id":"https:\/\/paabaths.com\/lt\/#\/schema\/logo\/image\/","url":"https:\/\/paabaths.com\/wp-content\/uploads\/2023\/02\/84294546_179914056600038_3880533746851512320_n.jpeg","contentUrl":"https:\/\/paabaths.com\/wp-content\/uploads\/2023\/02\/84294546_179914056600038_3880533746851512320_n.jpeg","width":320,"height":320,"caption":"PAA Baths"},"image":{"@id":"https:\/\/paabaths.com\/lt\/#\/schema\/logo\/image\/"},"sameAs":["https:\/\/www.facebook.com\/paabaths\/","https:\/\/www.instagram.com\/paa_baths"]}]}},"_links":{"self":[{"href":"https:\/\/paabaths.com\/lt\/wp-json\/wp\/v2\/product\/19896","targetHints":{"allow":["GET"]}}],"collection":[{"href":"https:\/\/paabaths.com\/lt\/wp-json\/wp\/v2\/product"}],"about":[{"href":"https:\/\/paabaths.com\/lt\/wp-json\/wp\/v2\/types\/product"}],"acf:post":[{"embeddable":true,"href":"https:\/\/paabaths.com\/lt\/wp-json\/wp\/v2\/product\/7528"}],"acf:term":[{"embeddable":true,"taxonomy":"collection","href":"https:\/\/paabaths.com\/lt\/wp-json\/wp\/v2\/collection\/360"},{"embeddable":true,"taxonomy":"pa_material","href":"https:\/\/paabaths.com\/lt\/wp-json\/wp\/v2\/pa_material\/206"},{"embeddable":true,"taxonomy":"product_cat","href":"https:\/\/paabaths.com\/lt\/wp-json\/wp\/v2\/product_cat\/179"}],"wp:attachment":[{"href":"https:\/\/paabaths.com\/lt\/wp-json\/wp\/v2\/media?parent=19896"}],"wp:term":[{"taxonomy":"product_brand","embeddable":true,"href":"https:\/\/paabaths.com\/lt\/wp-json\/wp\/v2\/product_brand?post=19896"},{"taxonomy":"product_cat","embeddable":true,"href":"https:\/\/paabaths.com\/lt\/wp-json\/wp\/v2\/product_cat?post=19896"},{"taxonomy":"product_tag","embeddable":true,"href":"https:\/\/paabaths.com\/lt\/wp-json\/wp\/v2\/product_tag?post=19896"}],"curies":[{"name":"wp","href":"https:\/\/api.w.org\/{rel}","templated":true}]}}