{"id":72882,"date":"2025-03-17T10:18:59","date_gmt":"2025-03-17T08:18:59","guid":{"rendered":"https:\/\/paabaths.com\/?page_id=72882"},"modified":"2025-09-17T21:37:16","modified_gmt":"2025-09-17T18:37:16","slug":"alba-family","status":"publish","type":"page","link":"https:\/\/paabaths.com\/lt\/produktu-seimos\/alba-family\/","title":{"rendered":"Alba \u0160eima"},"content":{"rendered":"<section data-type='content-width' id='block-69d6c02ab2797' class='full-width-cta wp-block-group acf-block alignwide font-color-white'><style>#block-69d6c02ab2797 .wp-block-image { height: 147px; } \r\n@media(max-width:1024px){ #block-69d6c02ab2797 .wp-block-image { height: 147px; } }; \r\n@media(max-width:992px){ #block-69d6c02ab2797 .wp-block-image { height: 147px; } }; \r\n@media(max-width:568px){ #block-69d6c02ab2797 .wp-block-image { height: 147px; } }; \r\n<\/style><div class='image lazyload' data-background-image='https:\/\/paabaths.com\/wp-content\/uploads\/2025\/03\/PAAxKarim-logo-1000x147-1.jpg'><\/div><div class='fill-bg'><\/div><div class='wp-block alignwide'><div  class='wp-block-image title-position-top'><span class='inner-wrap'><span class='inner t-a-b-2'><h3 class='underline-solid'><\/h3><\/span><\/span><\/div><\/div><\/section>\n\n<section data-type='full-width-auto-height' id='block-69d6c02ab4a91' class='full-width-cta wp-block-group acf-block auto-height '><style>@media (min-width: 1500px) { #block-69d6c02ab4a91.full-width-cta:not(.alignwide) { height: auto; padding-top: 0; }}#block-69d6c02ab4a91 img { width: 100%; height: auto; } \r\n#block-69d6c02ab4a91.full-width-cta .wp-block-image { height: 100%; } \r\n#block-69d6c02ab4a91 .wp-block { position: absolute; width: 100%; top: 0; height: 100%; left: 50%; transform: translateX(-50%); } \r\n#block-69d6c02ab4a91.full-width-cta .wp-block-image .inner-wrap { padding-top: 3%; padding-bottom: 3%; } \r\n<\/style><img class='lazyload' data-src='https:\/\/paabaths.com\/wp-content\/uploads\/2025\/03\/PAA-Alba-factory-image-vertical-2580x946px-2560x939.jpg' src=''><div class='wp-block alignwide'><div  class='wp-block-image title-position-'><span class='inner-wrap'><span class='inner t-a-b-2'><h3 class='underline-solid'><\/h3><\/span><\/span><\/div><\/div><\/section>\n\n<section class='page-content wp-block-group acf-block alignwide style-2 content-width'><div class='wp-block alignwide'><div class='content t-a-b-2'><p>Alba family by Karim Rashid<\/p>\n<\/div><\/div><\/section>\n\n<section class='page-content wp-block-group acf-block alignwide style-1-1 content-width'><div class='wp-block alignwide'><div class='content t-a-b-2'><p style=\"text-align: center;\"><span style=\"font-family: Barlow Condensed; font-size: 28px;\">Itali\u0161kai \u017eodis \u201ealba\u201c rei\u0161kia \u201eau\u0161r\u0105\u201c. Jis sukelia naujos dienos pabudimo, sveikintino naujos prad\u017eios ar tobulo min\u010di\u0173 ir form\u0173 grynumo jausmus. Kai sta\u010diakamp\u0117s formos pagrindin\u0117 linija suapval\u0117ja \u012f apskritim\u0105, gimsta skulpt\u016brinis minimalizmas. <\/span><\/p>\n<\/div><\/div><\/section>\n\n<section class=\"youtube-block\">\n    <div class=\"inner wp-block alignwide\">\n        <div id=\"6bHoY5RiYnw\" class=\"youtube-player\" data-plyr-provider=\"youtube\" data-plyr-embed-id=\"6bHoY5RiYnw\"><\/div>\n    <\/div>\n<\/section>\n<style>\n.plyr__control--overlaid {\n    margin-top: 0!important;\n}\n@media (max-width: 1140px) {\n    .youtube-block {\n        margin-bottom: 30px;\n    }\n    .home .youtube-block .inner {\n\t    padding-left: 70px;\n\t    padding-right: 70px;\n    }\n}\n@media (max-width: 992px) {\n    .home .youtube-block .inner {\n\t    padding-left: 15px;\n\t    padding-right: 15px;\n    }\n}\n@media(max-width:768px) {\n\t.youtube-block {\n\t\tmargin-bottom: 15px;\n\t}\n}\n<\/style>\n\n<div class=\"wp-block-image\">\n<figure class=\"aligncenter size-large is-resized\"><img loading=\"lazy\" decoding=\"async\" src=\"https:\/\/paabaths.com\/wp-content\/uploads\/2025\/02\/PAA-Alba-baths-and-washbasins-interior-2560x1446px-1560x881.jpg\" alt=\"\" class=\"wp-image-72816\" width=\"1044\" height=\"590\" srcset=\"https:\/\/paabaths.com\/wp-content\/uploads\/2025\/02\/PAA-Alba-baths-and-washbasins-interior-2560x1446px-1560x881.jpg 1560w, https:\/\/paabaths.com\/wp-content\/uploads\/2025\/02\/PAA-Alba-baths-and-washbasins-interior-2560x1446px-750x424.jpg 750w, https:\/\/paabaths.com\/wp-content\/uploads\/2025\/02\/PAA-Alba-baths-and-washbasins-interior-2560x1446px-2000x1130.jpg 2000w\" sizes=\"auto, (max-width: 1044px) 100vw, 1044px\" \/><\/figure><\/div>\n\n<section class='page-content wp-block-group acf-block alignwide style-1-1 content-width'><div class='wp-block alignwide'><div class='content t-a-b-2'><p style=\"text-align: center;\"><span style=\"font-family: Barlow Condensed; font-size: 28px;\"><br \/>\nJo horizonte kyla saul\u0117, o \u0161veln\u016bs, skland\u016bs per\u0117jimai \u012ftraukia \u012f visi\u0161kai atpalaiduojan\u010di\u0105 patirt\u012f. Laikas i\u0161tiesinti nugar\u0105, nuraminti prot\u0105 ir m\u0105sliai pasinerti \u012f vid\u0173, kad prad\u0117tum\u0117te i\u0161 naujo. <\/span><\/p>\n<\/div><\/div><\/section>\n\n<div class=\"wp-block-image\">\n<figure class=\"aligncenter size-full\"><img loading=\"lazy\" decoding=\"async\" width=\"1000\" height=\"1000\" src=\"https:\/\/paabaths.com\/wp-content\/uploads\/Product-images\/Product-detail-images\/Baths\/Alba\/PAA-Alba-products-family-design-features-LT.jpg\" alt=\"\" class=\"wp-image-72847\" srcset=\"https:\/\/paabaths.com\/wp-content\/uploads\/Product-images\/Product-detail-images\/Baths\/Alba\/PAA-Alba-products-family-design-features-LT.jpg 1000w, https:\/\/paabaths.com\/wp-content\/uploads\/Product-images\/Product-detail-images\/Baths\/Alba\/PAA-Alba-products-family-design-features-LT-750x750.jpg 750w, https:\/\/paabaths.com\/wp-content\/uploads\/Product-images\/Product-detail-images\/Baths\/Alba\/PAA-Alba-products-family-design-features-LT-150x150.jpg 150w, https:\/\/paabaths.com\/wp-content\/uploads\/Product-images\/Product-detail-images\/Baths\/Alba\/PAA-Alba-products-family-design-features-LT-32x32.jpg 32w, https:\/\/paabaths.com\/wp-content\/uploads\/Product-images\/Product-detail-images\/Baths\/Alba\/PAA-Alba-products-family-design-features-LT-600x600.jpg 600w, https:\/\/paabaths.com\/wp-content\/uploads\/Product-images\/Product-detail-images\/Baths\/Alba\/PAA-Alba-products-family-design-features-LT-100x100.jpg 100w\" sizes=\"auto, (max-width: 1000px) 100vw, 1000px\" \/><\/figure><\/div>\n\n<section class='page-content wp-block-group acf-block alignwide style-1-1 content-width'><div class='wp-block alignwide'><div class='content t-a-b-2'><p style=\"text-align: center;\"><span style=\"font-family: Barlow Condensed; font-size: 28px;\">Pana\u0161iai kaip s\u0117dint lotoso meditacijos poza, s\u0117d\u0117jimas pilnoje vonioje atpalaiduoja k\u016bn\u0105 vertikalioje pad\u0117tyje. \u0160iuolaikiniams besimaudantiesiems, kurie m\u0117gsta skaityti vonioje arba nori laikyti savo prietaisus \u0161alia, patogus sprendimas yra s\u0117dimoji vonia. Taip pat pamin\u0117tina, kad besimaudan\u010diam su specialiais jud\u0117jimo poreikiais \u0161i s\u0117d\u0117jimo pad\u0117tis gali b\u016bti tinkamesn\u0117. <\/span><\/p>\n<\/div><\/div><\/section>\n\n<section class=\"square-boxes wp-block-group acf-block\">\n    <div class='wp-block-columns align-wide items-2'><div class='wp-block-column'><a href='https:\/\/paabaths.com\/lt\/katalogas\/praustuvai\/?pa_family=alba-lt' class='wp-block-image title-position-top'><span class='image' style='background-image:url(https:\/\/paabaths.com\/wp-content\/uploads\/2025\/03\/PAA-product-link-images-Alba-washbasin-LT-1-750x750.jpg);'><\/span><span class='inner-wrap'><span class='inner'><h3><\/h3><\/span><\/span><\/a><\/div><div class='wp-block-column'><a href='https:\/\/paabaths.com\/lt\/katalogas\/vonios\/alba\/' class='wp-block-image title-position-top'><span class='image' style='background-image:url(https:\/\/paabaths.com\/wp-content\/uploads\/2025\/03\/PAA-product-link-images-Alba-bath-LT-1-750x750.jpg);'><\/span><span class='inner-wrap'><span class='inner'><h3><\/h3><\/span><\/span><\/a><\/div>    <\/div>\n<\/section>\n\n\n<section data-type='content-width' id='block-69d6c02abb9d7' class='full-width-cta wp-block-group acf-block alignwide '><style>#block-69d6c02abb9d7 .wp-block-image { height: 147px; } \r\n@media(max-width:1024px){ #block-69d6c02abb9d7 .wp-block-image { height: 147px; } }; \r\n@media(max-width:992px){ #block-69d6c02abb9d7 .wp-block-image { height: 147px; } }; \r\n@media(max-width:568px){ #block-69d6c02abb9d7 .wp-block-image { height: 147px; } }; \r\n<\/style><div class='image lazyload' data-background-image='https:\/\/paabaths.com\/wp-content\/uploads\/2025\/03\/PAAxKarim-logo-1000x147-1.jpg'><\/div><div class='fill-bg'><\/div><div class='wp-block alignwide'><div  class='wp-block-image title-position-'><span class='inner-wrap'><span class='inner t-a-b-2'><h3 class='underline-solid'><\/h3><\/span><\/span><\/div><\/div><\/section>\n\n<section data-type='full-width-auto-height' id='block-69d6c02abca4c' class='full-width-cta wp-block-group acf-block auto-height '><style>@media (min-width: 1500px) { #block-69d6c02abca4c.full-width-cta:not(.alignwide) { height: auto; padding-top: 0; }}#block-69d6c02abca4c img { width: 100%; height: auto; } \r\n#block-69d6c02abca4c.full-width-cta .wp-block-image { height: 100%; } \r\n#block-69d6c02abca4c .wp-block { position: absolute; width: 100%; top: 0; height: 100%; left: 50%; transform: translateX(-50%); } \r\n#block-69d6c02abca4c.full-width-cta .wp-block-image .inner-wrap { padding-top: 3%; padding-bottom: 3%; } \r\n<\/style><img class='lazyload' data-src='https:\/\/paabaths.com\/wp-content\/uploads\/2025\/03\/PAA-Designer-Karim-Rashid-portrait-2560x1270px.jpg' src=''><div class='wp-block alignwide'><div  class='wp-block-image title-position-'><span class='inner-wrap'><span class='inner t-a-b-2'><h3 class='underline-solid'><\/h3><\/span><\/span><\/div><\/div><\/section>\n\n<section class='page-content wp-block-group acf-block alignwide  content-width'><div class='wp-block alignwide'><div class='content t-a-b-2'>Lorem ipsum dolor sit amet, consectetur adipiscing elit. Maecenas sollicitudin ex vitae enim hendrerit, at finibus ligula commodo. Etiam et nisl eu nunc vulputate gravida quis eget enim.<\/div><\/div><\/section>\n\n\n<div class=\"wp-block-group alignwide\"><div class=\"wp-block-group__inner-container is-layout-constrained wp-block-group-is-layout-constrained\"><div class=\"wp-block-image\">\n<figure class=\"aligncenter size-large is-resized\"><img loading=\"lazy\" decoding=\"async\" src=\"https:\/\/paabaths.com\/wp-content\/uploads\/2025\/03\/PAA-Karim-Rashid-Alba-sketch-02-1560x942.jpg\" alt=\"\" class=\"wp-image-72632\" width=\"780\" height=\"471\" srcset=\"https:\/\/paabaths.com\/wp-content\/uploads\/2025\/03\/PAA-Karim-Rashid-Alba-sketch-02-1560x942.jpg 1560w, https:\/\/paabaths.com\/wp-content\/uploads\/2025\/03\/PAA-Karim-Rashid-Alba-sketch-02-750x453.jpg 750w, https:\/\/paabaths.com\/wp-content\/uploads\/2025\/03\/PAA-Karim-Rashid-Alba-sketch-02-2000x1208.jpg 2000w\" sizes=\"auto, (max-width: 780px) 100vw, 780px\" \/><\/figure><\/div><\/div><\/div>\n\n\n<section class='page-content wp-block-group acf-block alignwide style-1-1 content-width'><div class='wp-block alignwide'><div class='content t-a-b-2'><p style=\"text-align: center;\"><span style=\"font-family: Barlow Condensed; font-size: 28px;\"> Produktyvusis Karim Rashid yra vienas i\u0161 unikali\u0173 \u0161i\u0173 dien\u0173 pramoninio dizaino bals\u0173. Vengiant kasdienio ir \u012fprasto, Karim portfelyje yra daugiau nei 4000 unikali\u0173 dizain\u0173, 400 apdovanojim\u0173 ir klient\u0173 47 \u0161alyse. Jo klientai yra 3M, Alessi, Artemide, Boconcept, Citibank, Hugo Boss, Issey Miyake, Kenzo, Method, NH, Radisson Hotels, Umbra, Veuveclicquot ir Vondom. Apdovanojimai ir pripa\u017einimai, \u012fskaitant Amerikos apdovanojim\u0105 u\u017e Designlifetime pasiekimus, Red Dot Prem, Chicago Athenaeum Good Design ir Pectaward, patvirtina Karimo ind\u0117l\u012f \u012f dizaino pasaul\u012f.<\/span><\/p>\n<\/div><\/div><\/section>\n\n\n<div class=\"wp-block-group alignwide\"><div class=\"wp-block-group__inner-container is-layout-constrained wp-block-group-is-layout-constrained\"><div class=\"wp-block-image\">\n<figure class=\"aligncenter size-large is-resized\"><img loading=\"lazy\" decoding=\"async\" src=\"https:\/\/paabaths.com\/wp-content\/uploads\/2025\/03\/PAA-Karim-Rashid-Alba-sketch-01-1560x938.jpg\" alt=\"\" class=\"wp-image-72625\" width=\"780\" height=\"469\" srcset=\"https:\/\/paabaths.com\/wp-content\/uploads\/2025\/03\/PAA-Karim-Rashid-Alba-sketch-01-1560x938.jpg 1560w, https:\/\/paabaths.com\/wp-content\/uploads\/2025\/03\/PAA-Karim-Rashid-Alba-sketch-01-750x451.jpg 750w, https:\/\/paabaths.com\/wp-content\/uploads\/2025\/03\/PAA-Karim-Rashid-Alba-sketch-01-2000x1202.jpg 2000w\" sizes=\"auto, (max-width: 780px) 100vw, 780px\" \/><\/figure><\/div><\/div><\/div>\n","protected":false},"excerpt":{"rendered":"","protected":false},"author":9,"featured_media":0,"parent":73385,"menu_order":110,"comment_status":"closed","ping_status":"closed","template":"template-page-with-breadcrumbs.php","meta":{"_acf_changed":false,"inline_featured_image":false,"footnotes":""},"class_list":["post-72882","page","type-page","status-publish","hentry"],"acf":[],"yoast_head":"<!-- This site is optimized with the Yoast SEO plugin v26.1.1 - https:\/\/yoast.com\/wordpress\/plugins\/seo\/ -->\n<title>Alba \u0160eima - PAA<\/title>\n<meta name=\"description\" content=\"We make for a specific bathroom. According to the customer\u2019s specification. In Latvia. Handmade.\" \/>\n<meta name=\"robots\" content=\"index, follow, max-snippet:-1, max-image-preview:large, max-video-preview:-1\" \/>\n<link rel=\"canonical\" href=\"https:\/\/paabaths.com\/lt\/produktu-seimos\/alba-family\/\" \/>\n<meta property=\"og:locale\" content=\"lt_LT\" \/>\n<meta property=\"og:type\" content=\"article\" \/>\n<meta property=\"og:title\" content=\"Alba \u0160eima - PAA\" \/>\n<meta property=\"og:description\" content=\"We make for a specific bathroom. According to the customer\u2019s specification. In Latvia. Handmade.\" \/>\n<meta property=\"og:url\" content=\"https:\/\/paabaths.com\/lt\/produktu-seimos\/alba-family\/\" \/>\n<meta property=\"og:site_name\" content=\"PAA\" \/>\n<meta property=\"article:publisher\" content=\"https:\/\/www.facebook.com\/paabaths\/\" \/>\n<meta property=\"article:modified_time\" content=\"2025-09-17T18:37:16+00:00\" \/>\n<meta property=\"og:image\" content=\"https:\/\/paabaths.com\/wp-content\/uploads\/2025\/02\/PAA-Alba-baths-and-washbasins-interior-2560x1446px-1560x881.jpg\" \/>\n<meta name=\"twitter:card\" content=\"summary_large_image\" \/>\n<script type=\"application\/ld+json\" class=\"yoast-schema-graph\">{\"@context\":\"https:\/\/schema.org\",\"@graph\":[{\"@type\":\"WebPage\",\"@id\":\"https:\/\/paabaths.com\/lt\/produktu-seimos\/alba-family\/\",\"url\":\"https:\/\/paabaths.com\/lt\/produktu-seimos\/alba-family\/\",\"name\":\"Alba \u0160eima - PAA\",\"isPartOf\":{\"@id\":\"https:\/\/paabaths.com\/lt\/#website\"},\"primaryImageOfPage\":{\"@id\":\"https:\/\/paabaths.com\/lt\/produktu-seimos\/alba-family\/#primaryimage\"},\"image\":{\"@id\":\"https:\/\/paabaths.com\/lt\/produktu-seimos\/alba-family\/#primaryimage\"},\"thumbnailUrl\":\"https:\/\/paabaths.com\/wp-content\/uploads\/2025\/02\/PAA-Alba-baths-and-washbasins-interior-2560x1446px-1560x881.jpg\",\"datePublished\":\"2025-03-17T08:18:59+00:00\",\"dateModified\":\"2025-09-17T18:37:16+00:00\",\"description\":\"We make for a specific bathroom. According to the customer\u2019s specification. In Latvia. Handmade.\",\"breadcrumb\":{\"@id\":\"https:\/\/paabaths.com\/lt\/produktu-seimos\/alba-family\/#breadcrumb\"},\"inLanguage\":\"lt-LT\",\"potentialAction\":[{\"@type\":\"ReadAction\",\"target\":[\"https:\/\/paabaths.com\/lt\/produktu-seimos\/alba-family\/\"]}]},{\"@type\":\"ImageObject\",\"inLanguage\":\"lt-LT\",\"@id\":\"https:\/\/paabaths.com\/lt\/produktu-seimos\/alba-family\/#primaryimage\",\"url\":\"https:\/\/paabaths.com\/wp-content\/uploads\/2025\/02\/PAA-Alba-baths-and-washbasins-interior-2560x1446px-1560x881.jpg\",\"contentUrl\":\"https:\/\/paabaths.com\/wp-content\/uploads\/2025\/02\/PAA-Alba-baths-and-washbasins-interior-2560x1446px-1560x881.jpg\"},{\"@type\":\"BreadcrumbList\",\"@id\":\"https:\/\/paabaths.com\/lt\/produktu-seimos\/alba-family\/#breadcrumb\",\"itemListElement\":[{\"@type\":\"ListItem\",\"position\":1,\"name\":\"Home\",\"item\":\"https:\/\/paabaths.com\/lt\/\"},{\"@type\":\"ListItem\",\"position\":2,\"name\":\"Produkt\u0173 \u0161eimos\",\"item\":\"https:\/\/paabaths.com\/lt\/produktu-gimenes\/\"},{\"@type\":\"ListItem\",\"position\":3,\"name\":\"Alba \u0160eima\"}]},{\"@type\":\"WebSite\",\"@id\":\"https:\/\/paabaths.com\/lt\/#website\",\"url\":\"https:\/\/paabaths.com\/lt\/\",\"name\":\"PAA\",\"description\":\"This is PAA Ltd. brand site\",\"publisher\":{\"@id\":\"https:\/\/paabaths.com\/lt\/#organization\"},\"potentialAction\":[{\"@type\":\"SearchAction\",\"target\":{\"@type\":\"EntryPoint\",\"urlTemplate\":\"https:\/\/paabaths.com\/lt\/?s={search_term_string}\"},\"query-input\":{\"@type\":\"PropertyValueSpecification\",\"valueRequired\":true,\"valueName\":\"search_term_string\"}}],\"inLanguage\":\"lt-LT\"},{\"@type\":\"Organization\",\"@id\":\"https:\/\/paabaths.com\/lt\/#organization\",\"name\":\"PAA Baths\",\"url\":\"https:\/\/paabaths.com\/lt\/\",\"logo\":{\"@type\":\"ImageObject\",\"inLanguage\":\"lt-LT\",\"@id\":\"https:\/\/paabaths.com\/lt\/#\/schema\/logo\/image\/\",\"url\":\"https:\/\/paabaths.com\/wp-content\/uploads\/2023\/02\/84294546_179914056600038_3880533746851512320_n.jpeg\",\"contentUrl\":\"https:\/\/paabaths.com\/wp-content\/uploads\/2023\/02\/84294546_179914056600038_3880533746851512320_n.jpeg\",\"width\":320,\"height\":320,\"caption\":\"PAA Baths\"},\"image\":{\"@id\":\"https:\/\/paabaths.com\/lt\/#\/schema\/logo\/image\/\"},\"sameAs\":[\"https:\/\/www.facebook.com\/paabaths\/\",\"https:\/\/www.instagram.com\/paa_baths\"]}]}<\/script>\n<!-- \/ Yoast SEO plugin. -->","yoast_head_json":{"title":"Alba \u0160eima - PAA","description":"We make for a specific bathroom. According to the customer\u2019s specification. In Latvia. Handmade.","robots":{"index":"index","follow":"follow","max-snippet":"max-snippet:-1","max-image-preview":"max-image-preview:large","max-video-preview":"max-video-preview:-1"},"canonical":"https:\/\/paabaths.com\/lt\/produktu-seimos\/alba-family\/","og_locale":"lt_LT","og_type":"article","og_title":"Alba \u0160eima - PAA","og_description":"We make for a specific bathroom. According to the customer\u2019s specification. In Latvia. Handmade.","og_url":"https:\/\/paabaths.com\/lt\/produktu-seimos\/alba-family\/","og_site_name":"PAA","article_publisher":"https:\/\/www.facebook.com\/paabaths\/","article_modified_time":"2025-09-17T18:37:16+00:00","og_image":[{"url":"https:\/\/paabaths.com\/wp-content\/uploads\/2025\/02\/PAA-Alba-baths-and-washbasins-interior-2560x1446px-1560x881.jpg","type":"","width":"","height":""}],"twitter_card":"summary_large_image","schema":{"@context":"https:\/\/schema.org","@graph":[{"@type":"WebPage","@id":"https:\/\/paabaths.com\/lt\/produktu-seimos\/alba-family\/","url":"https:\/\/paabaths.com\/lt\/produktu-seimos\/alba-family\/","name":"Alba \u0160eima - PAA","isPartOf":{"@id":"https:\/\/paabaths.com\/lt\/#website"},"primaryImageOfPage":{"@id":"https:\/\/paabaths.com\/lt\/produktu-seimos\/alba-family\/#primaryimage"},"image":{"@id":"https:\/\/paabaths.com\/lt\/produktu-seimos\/alba-family\/#primaryimage"},"thumbnailUrl":"https:\/\/paabaths.com\/wp-content\/uploads\/2025\/02\/PAA-Alba-baths-and-washbasins-interior-2560x1446px-1560x881.jpg","datePublished":"2025-03-17T08:18:59+00:00","dateModified":"2025-09-17T18:37:16+00:00","description":"We make for a specific bathroom. According to the customer\u2019s specification. In Latvia. Handmade.","breadcrumb":{"@id":"https:\/\/paabaths.com\/lt\/produktu-seimos\/alba-family\/#breadcrumb"},"inLanguage":"lt-LT","potentialAction":[{"@type":"ReadAction","target":["https:\/\/paabaths.com\/lt\/produktu-seimos\/alba-family\/"]}]},{"@type":"ImageObject","inLanguage":"lt-LT","@id":"https:\/\/paabaths.com\/lt\/produktu-seimos\/alba-family\/#primaryimage","url":"https:\/\/paabaths.com\/wp-content\/uploads\/2025\/02\/PAA-Alba-baths-and-washbasins-interior-2560x1446px-1560x881.jpg","contentUrl":"https:\/\/paabaths.com\/wp-content\/uploads\/2025\/02\/PAA-Alba-baths-and-washbasins-interior-2560x1446px-1560x881.jpg"},{"@type":"BreadcrumbList","@id":"https:\/\/paabaths.com\/lt\/produktu-seimos\/alba-family\/#breadcrumb","itemListElement":[{"@type":"ListItem","position":1,"name":"Home","item":"https:\/\/paabaths.com\/lt\/"},{"@type":"ListItem","position":2,"name":"Produkt\u0173 \u0161eimos","item":"https:\/\/paabaths.com\/lt\/produktu-gimenes\/"},{"@type":"ListItem","position":3,"name":"Alba \u0160eima"}]},{"@type":"WebSite","@id":"https:\/\/paabaths.com\/lt\/#website","url":"https:\/\/paabaths.com\/lt\/","name":"PAA","description":"This is PAA Ltd. brand site","publisher":{"@id":"https:\/\/paabaths.com\/lt\/#organization"},"potentialAction":[{"@type":"SearchAction","target":{"@type":"EntryPoint","urlTemplate":"https:\/\/paabaths.com\/lt\/?s={search_term_string}"},"query-input":{"@type":"PropertyValueSpecification","valueRequired":true,"valueName":"search_term_string"}}],"inLanguage":"lt-LT"},{"@type":"Organization","@id":"https:\/\/paabaths.com\/lt\/#organization","name":"PAA Baths","url":"https:\/\/paabaths.com\/lt\/","logo":{"@type":"ImageObject","inLanguage":"lt-LT","@id":"https:\/\/paabaths.com\/lt\/#\/schema\/logo\/image\/","url":"https:\/\/paabaths.com\/wp-content\/uploads\/2023\/02\/84294546_179914056600038_3880533746851512320_n.jpeg","contentUrl":"https:\/\/paabaths.com\/wp-content\/uploads\/2023\/02\/84294546_179914056600038_3880533746851512320_n.jpeg","width":320,"height":320,"caption":"PAA Baths"},"image":{"@id":"https:\/\/paabaths.com\/lt\/#\/schema\/logo\/image\/"},"sameAs":["https:\/\/www.facebook.com\/paabaths\/","https:\/\/www.instagram.com\/paa_baths"]}]}},"_links":{"self":[{"href":"https:\/\/paabaths.com\/lt\/wp-json\/wp\/v2\/pages\/72882","targetHints":{"allow":["GET"]}}],"collection":[{"href":"https:\/\/paabaths.com\/lt\/wp-json\/wp\/v2\/pages"}],"about":[{"href":"https:\/\/paabaths.com\/lt\/wp-json\/wp\/v2\/types\/page"}],"author":[{"embeddable":true,"href":"https:\/\/paabaths.com\/lt\/wp-json\/wp\/v2\/users\/9"}],"replies":[{"embeddable":true,"href":"https:\/\/paabaths.com\/lt\/wp-json\/wp\/v2\/comments?post=72882"}],"version-history":[{"count":20,"href":"https:\/\/paabaths.com\/lt\/wp-json\/wp\/v2\/pages\/72882\/revisions"}],"predecessor-version":[{"id":93102,"href":"https:\/\/paabaths.com\/lt\/wp-json\/wp\/v2\/pages\/72882\/revisions\/93102"}],"up":[{"embeddable":true,"href":"https:\/\/paabaths.com\/lt\/wp-json\/wp\/v2\/pages\/73385"}],"wp:attachment":[{"href":"https:\/\/paabaths.com\/lt\/wp-json\/wp\/v2\/media?parent=72882"}],"curies":[{"name":"wp","href":"https:\/\/api.w.org\/{rel}","templated":true}]}}