{"id":71283,"date":"2025-03-17T10:18:59","date_gmt":"2025-03-17T08:18:59","guid":{"rendered":"https:\/\/paabaths.com\/?page_id=71283"},"modified":"2026-03-17T15:37:49","modified_gmt":"2026-03-17T13:37:49","slug":"pointe-family-old","status":"publish","type":"page","link":"https:\/\/paabaths.com\/lt\/pointe-family-old\/","title":{"rendered":"Pointe \u0160eima &#8211; old"},"content":{"rendered":"<section data-type='content-width' id='block-69d4e5c48668c' class='full-width-cta wp-block-group acf-block alignwide font-color-white'><style>#block-69d4e5c48668c .wp-block-image { height: 147px; } \r\n@media(max-width:1024px){ #block-69d4e5c48668c .wp-block-image { height: 147px; } }; \r\n@media(max-width:992px){ #block-69d4e5c48668c .wp-block-image { height: 147px; } }; \r\n@media(max-width:568px){ #block-69d4e5c48668c .wp-block-image { height: 147px; } }; \r\n<\/style><div class='image lazyload' data-background-image='https:\/\/paabaths.com\/wp-content\/uploads\/2025\/03\/PAAxKarim-logo-1000x147-1.jpg'><\/div><div class='fill-bg'><\/div><div class='wp-block alignwide'><div  class='wp-block-image title-position-top'><span class='inner-wrap'><span class='inner t-a-b-2'><h3 class='underline-solid'><\/h3><\/span><\/span><\/div><\/div><\/section>\n\n<section data-type='full-width-auto-height' id='block-69d4e5c4883fa' class='full-width-cta wp-block-group acf-block auto-height '><style>@media (min-width: 1500px) { #block-69d4e5c4883fa.full-width-cta:not(.alignwide) { height: auto; padding-top: 0; }}#block-69d4e5c4883fa img { width: 100%; height: auto; } \r\n#block-69d4e5c4883fa.full-width-cta .wp-block-image { height: 100%; } \r\n#block-69d4e5c4883fa .wp-block { position: absolute; width: 100%; top: 0; height: 100%; left: 50%; transform: translateX(-50%); } \r\n#block-69d4e5c4883fa.full-width-cta .wp-block-image .inner-wrap { padding-top: 3%; padding-bottom: 3%; } \r\n<\/style><img class='lazyload' data-src='https:\/\/paabaths.com\/wp-content\/uploads\/2025\/03\/PAA-Pointe-factory-image-title-image-2560x948.jpg' src=''><div class='wp-block alignwide'><div  class='wp-block-image title-position-'><span class='inner-wrap'><span class='inner t-a-b-2'><h3 class='underline-solid'><\/h3><\/span><\/span><\/div><\/div><\/section>\n\n<section class='page-content wp-block-group acf-block alignwide style-2 content-width'><div class='wp-block alignwide'><div class='content t-a-b-2'><p>Pointe Family by Karim Rashid<\/p>\n<\/div><\/div><\/section>\n\n<section class='page-content wp-block-group acf-block alignwide style-1-1 content-width'><div class='wp-block alignwide'><div class='content t-a-b-2'><p style=\"text-align: center;\"><span style=\"font-family: Barlow Condensed; font-size: 28px;\">Pointe \u0161eima \u012fk\u016bnija dinami\u0161k\u0105 judesio elegancij\u0105, o baleto batelius primenan\u010dios formos liudija virtuozi\u0161kum\u0105. Vidinis Pointe vonios siluetas apgaubia ir apgl\u0117bia k\u016bn\u0105, pagerindamas besimaudan\u010diojo fizin\u0119 ir emocin\u0119 savijaut\u0105.<\/span><\/p>\n<\/div><\/div><\/section>\n\n<section class=\"youtube-block\">\n    <div class=\"inner wp-block alignwide\">\n        <div id=\"3x_jnAg-EGs\" class=\"youtube-player\" data-plyr-provider=\"youtube\" data-plyr-embed-id=\"3x_jnAg-EGs\"><\/div>\n    <\/div>\n<\/section>\n<style>\n.plyr__control--overlaid {\n    margin-top: 0!important;\n}\n@media (max-width: 1140px) {\n    .youtube-block {\n        margin-bottom: 30px;\n    }\n    .home .youtube-block .inner {\n\t    padding-left: 70px;\n\t    padding-right: 70px;\n    }\n}\n@media (max-width: 992px) {\n    .home .youtube-block .inner {\n\t    padding-left: 15px;\n\t    padding-right: 15px;\n    }\n}\n@media(max-width:768px) {\n\t.youtube-block {\n\t\tmargin-bottom: 15px;\n\t}\n}\n<\/style>\n\n<div class=\"wp-block-image\">\n<figure class=\"aligncenter size-large is-resized\"><img loading=\"lazy\" decoding=\"async\" src=\"https:\/\/paabaths.com\/wp-content\/uploads\/2025\/02\/PAA-baths-Pointe-interior-sample-2880x1350px-1560x731.jpg\" alt=\"\" class=\"wp-image-72972\" width=\"1044\" height=\"488\" srcset=\"https:\/\/paabaths.com\/wp-content\/uploads\/2025\/02\/PAA-baths-Pointe-interior-sample-2880x1350px-1560x731.jpg 1560w, https:\/\/paabaths.com\/wp-content\/uploads\/2025\/02\/PAA-baths-Pointe-interior-sample-2880x1350px-750x352.jpg 750w\" sizes=\"auto, (max-width: 1044px) 100vw, 1044px\" \/><\/figure><\/div>\n\n<section class='page-content wp-block-group acf-block alignwide style-1-1 content-width'><div class='wp-block alignwide'><div class='content t-a-b-2'><p style=\"text-align: center;\"><span style=\"font-family: Barlow Condensed; font-size: 28px;\">Nuo\u017eulnios vonios sienel\u0117s tarsi kapsul\u0117, kokonas ar \u0161velni sl\u0117ptuv\u0117 sukuria apsaugin\u012f skyd\u0105 tarp besimaudan\u010diojo ir i\u0161orinio pasaulio, leid\u017eiant\u012f netrukdomai r\u016bpintis savimi ar leisti laik\u0105 su ypatingu \u017emogumi.<\/span><\/p>\n<\/div><\/div><\/section>\n\n<div class=\"wp-block-image\">\n<figure class=\"aligncenter size-full is-resized\"><img loading=\"lazy\" decoding=\"async\" src=\"https:\/\/paabaths.com\/wp-content\/uploads\/2025\/03\/PAA-Pointe-details-LT-1.jpg\" alt=\"\" class=\"wp-image-71321\" width=\"1000\" height=\"1000\" srcset=\"https:\/\/paabaths.com\/wp-content\/uploads\/2025\/03\/PAA-Pointe-details-LT-1.jpg 1500w, https:\/\/paabaths.com\/wp-content\/uploads\/2025\/03\/PAA-Pointe-details-LT-1-750x750.jpg 750w, https:\/\/paabaths.com\/wp-content\/uploads\/2025\/03\/PAA-Pointe-details-LT-1-150x150.jpg 150w, https:\/\/paabaths.com\/wp-content\/uploads\/2025\/03\/PAA-Pointe-details-LT-1-32x32.jpg 32w, https:\/\/paabaths.com\/wp-content\/uploads\/2025\/03\/PAA-Pointe-details-LT-1-600x600.jpg 600w, https:\/\/paabaths.com\/wp-content\/uploads\/2025\/03\/PAA-Pointe-details-LT-1-100x100.jpg 100w\" sizes=\"auto, (max-width: 1000px) 100vw, 1000px\" \/><\/figure><\/div>\n\n<section class='page-content wp-block-group acf-block alignwide style-1-1 content-width'><div class='wp-block alignwide'><div class='content t-a-b-2'><p style=\"text-align: center;\"><span style=\"font-family: Barlow Condensed; font-size: 28px;\">Pointe formos kalba yra visis\u030ckai originali, de\u0307ka Karim Rashid&#8217;o meninio braiz\u030co. Ji sukurta vonios kambario industrijai, suteikia iki s\u030cio nematytu\u0328\u00a0siluetu\u0328. Voni\u0173 ir kriaukli\u0173 kamp\u0173 siaur\u0117jimas i\u0161 vis\u0173 pusi\u0173 nuo apa\u010dios iki vir\u0161aus \u2013 tai tobulo dizaino ir tobulos gamybos naujov\u0117.<\/span><\/p>\n<\/div><\/div><\/section>\n\n<section class=\"square-boxes wp-block-group acf-block\">\n    <div class='wp-block-columns align-wide items-2'><div class='wp-block-column'><span class='wp-block-image title-position-'><span class='image' style='background-image:url(https:\/\/paabaths.com\/wp-content\/uploads\/2025\/03\/PAA-Washbasin-Pointe-design-flower-TOP-view-1500x1500px-750x750.jpg);'><\/span><span class='inner-wrap'><span class='inner'><h3><\/h3><\/span><\/span><\/span><\/div><div class='wp-block-column'><span class='wp-block-image title-position-'><span class='image' style='background-image:url(https:\/\/paabaths.com\/wp-content\/uploads\/2025\/03\/PAA-Baths-Pointe-design-flower-TOP-view-1500x1500px-750x750.jpg);'><\/span><span class='inner-wrap'><span class='inner'><h3><\/h3><\/span><\/span><\/span><\/div>    <\/div>\n<\/section>\n\n\n<section class=\"square-boxes wp-block-group acf-block\">\n    <div class='wp-block-columns align-wide items-2'><div class='wp-block-column'><a href='https:\/\/paabaths.com\/lt\/katalogas\/praustuvai\/pointe\/' class='wp-block-image title-position-top'><span class='image' style='background-image:url(https:\/\/paabaths.com\/wp-content\/uploads\/2025\/03\/PAA-product-link-images-Pointe-washbasin-LT-1-750x750.jpg);'><\/span><span class='inner-wrap'><span class='inner'><h3><\/h3><\/span><\/span><\/a><\/div><div class='wp-block-column'><a href='https:\/\/paabaths.com\/lt\/katalogas\/vonios\/pointe\/' class='wp-block-image title-position-top'><span class='image' style='background-image:url(https:\/\/paabaths.com\/wp-content\/uploads\/2025\/03\/PAA-product-link-images-Pointe-bath-LT-1-750x750.jpg);'><\/span><span class='inner-wrap'><span class='inner'><h3><\/h3><\/span><\/span><\/a><\/div>    <\/div>\n<\/section>\n\n\n<section data-type='content-width' id='block-69d4e5c4906f7' class='full-width-cta wp-block-group acf-block alignwide '><style>#block-69d4e5c4906f7 .wp-block-image { height: 147px; } \r\n@media(max-width:1024px){ #block-69d4e5c4906f7 .wp-block-image { height: 147px; } }; \r\n@media(max-width:992px){ #block-69d4e5c4906f7 .wp-block-image { height: 147px; } }; \r\n@media(max-width:568px){ #block-69d4e5c4906f7 .wp-block-image { height: 147px; } }; \r\n<\/style><div class='image lazyload' data-background-image='https:\/\/paabaths.com\/wp-content\/uploads\/2025\/03\/PAAxKarim-logo-1000x147-1.jpg'><\/div><div class='fill-bg'><\/div><div class='wp-block alignwide'><div  class='wp-block-image title-position-'><span class='inner-wrap'><span class='inner t-a-b-2'><h3 class='underline-solid'><\/h3><\/span><\/span><\/div><\/div><\/section>\n\n<section data-type='full-width-auto-height' id='block-69d4e5c491627' class='full-width-cta wp-block-group acf-block auto-height '><style>@media (min-width: 1500px) { #block-69d4e5c491627.full-width-cta:not(.alignwide) { height: auto; padding-top: 0; }}#block-69d4e5c491627 img { width: 100%; height: auto; } \r\n#block-69d4e5c491627.full-width-cta .wp-block-image { height: 100%; } \r\n#block-69d4e5c491627 .wp-block { position: absolute; width: 100%; top: 0; height: 100%; left: 50%; transform: translateX(-50%); } \r\n#block-69d4e5c491627.full-width-cta .wp-block-image .inner-wrap { padding-top: 3%; padding-bottom: 3%; } \r\n<\/style><img class='lazyload' data-src='https:\/\/paabaths.com\/wp-content\/uploads\/2025\/03\/PAA-Designer-Karim-Rashid-portrait-2560x1270px.jpg' src=''><div class='wp-block alignwide'><div  class='wp-block-image title-position-'><span class='inner-wrap'><span class='inner t-a-b-2'><h3 class='underline-solid'><\/h3><\/span><\/span><\/div><\/div><\/section>\n\n<section class='page-content wp-block-group acf-block alignwide style-2 content-width'><div class='wp-block alignwide'><div class='content t-a-b-2'><p>Pointe Family by Karim Rashid<\/p>\n<\/div><\/div><\/section>\n\n\n<div class=\"wp-block-group alignwide\"><div class=\"wp-block-group__inner-container is-layout-constrained wp-block-group-is-layout-constrained\"><div class=\"wp-block-image\">\n<figure class=\"aligncenter size-large is-resized\"><a href=\"https:\/\/paabaths.com\/product-families\/pointe-family\"><img loading=\"lazy\" decoding=\"async\" src=\"https:\/\/paabaths.com\/wp-content\/uploads\/2025\/03\/PAA-Karim-Rashid-Pointe-design-sketch-e1742296929567.jpg\" alt=\"\" class=\"wp-image-71245\" width=\"780\" height=\"475\" srcset=\"https:\/\/paabaths.com\/wp-content\/uploads\/2025\/03\/PAA-Karim-Rashid-Pointe-design-sketch-e1742296929567.jpg 2560w, https:\/\/paabaths.com\/wp-content\/uploads\/2025\/03\/PAA-Karim-Rashid-Pointe-design-sketch-e1742296929567-750x456.jpg 750w, https:\/\/paabaths.com\/wp-content\/uploads\/2025\/03\/PAA-Karim-Rashid-Pointe-design-sketch-e1742296929567-1560x949.jpg 1560w, https:\/\/paabaths.com\/wp-content\/uploads\/2025\/03\/PAA-Karim-Rashid-Pointe-design-sketch-e1742296929567-2000x1216.jpg 2000w, https:\/\/paabaths.com\/wp-content\/uploads\/2025\/03\/PAA-Karim-Rashid-Pointe-design-sketch-e1742296929567-768x467.jpg 768w\" sizes=\"auto, (max-width: 780px) 100vw, 780px\" \/><\/a><\/figure><\/div><\/div><\/div>\n\n\n<section class='page-content wp-block-group acf-block alignwide style-1-1 content-width'><div class='wp-block alignwide'><div class='content t-a-b-2'><p style=\"text-align: center;\"><span style=\"font-family: Barlow Condensed; font-size: 28px;\">Vizionistas ir produktyvus Karimas Rashidas \u0161iandien yra vienas unikaliausi\u0173 dizaino bals\u0173. Vengdamas dizaino palankumo m\u016bs\u0173 laik\u0173 b\u016bdu, Karimo darbas apima daugiau nei 4000 dizaino produkcijos, 400 apdovanojim\u0173 jo vardu ir klient\u0173 47 \u0161alyse. Jo klientai yra 3M, Alessi, Artemide, BoConcept, Citibank, Hugo Boss, Issey Miyake, Kenzo, Method, NH, Radisson Hotels, Umbra, VeuveClicquot ir Vondom. Daugyb\u0117 apdovanojim\u0173 ir apdovanojim\u0173, \u012fskaitant Amerikos apdovanojim\u0105 u\u017e DesignLifetime Achievement, Red Dot apdovanojim\u0105, Chicago Athenaeum Good Design apdovanojim\u0105 ir Pentaward apdovanojim\u0105, patvirtina Karimo ind\u0117l\u012f \u012f dizaino pasaul\u012f.<\/span><\/p>\n<\/div><\/div><\/section>\n\n\n<div class=\"wp-block-group alignwide\"><div class=\"wp-block-group__inner-container is-layout-constrained wp-block-group-is-layout-constrained\"><div class=\"wp-block-image\">\n<figure class=\"aligncenter size-large is-resized\"><img loading=\"lazy\" decoding=\"async\" src=\"https:\/\/paabaths.com\/wp-content\/uploads\/2025\/03\/PAA-Karim-Rashid-Pointe-design-sketch-v2-1-1560x1008.jpg\" alt=\"\" class=\"wp-image-71457\" width=\"780\" height=\"504\" srcset=\"https:\/\/paabaths.com\/wp-content\/uploads\/2025\/03\/PAA-Karim-Rashid-Pointe-design-sketch-v2-1-1560x1008.jpg 1560w, https:\/\/paabaths.com\/wp-content\/uploads\/2025\/03\/PAA-Karim-Rashid-Pointe-design-sketch-v2-1-750x485.jpg 750w, https:\/\/paabaths.com\/wp-content\/uploads\/2025\/03\/PAA-Karim-Rashid-Pointe-design-sketch-v2-1-2000x1292.jpg 2000w\" sizes=\"auto, (max-width: 780px) 100vw, 780px\" \/><\/figure><\/div><\/div><\/div>\n","protected":false},"excerpt":{"rendered":"","protected":false},"author":9,"featured_media":0,"parent":0,"menu_order":110,"comment_status":"closed","ping_status":"closed","template":"template-page-with-breadcrumbs.php","meta":{"_acf_changed":false,"inline_featured_image":false,"footnotes":""},"class_list":["post-71283","page","type-page","status-publish","hentry"],"acf":[],"yoast_head":"<!-- This site is optimized with the Yoast SEO plugin v26.1.1 - https:\/\/yoast.com\/wordpress\/plugins\/seo\/ -->\n<title>Pointe \u0160eima - old - PAA<\/title>\n<meta name=\"description\" content=\"We make for a specific bathroom. According to the customer\u2019s specification. In Latvia. Handmade.\" \/>\n<meta name=\"robots\" content=\"index, follow, max-snippet:-1, max-image-preview:large, max-video-preview:-1\" \/>\n<link rel=\"canonical\" href=\"https:\/\/paabaths.com\/lt\/pointe-family-old\/\" \/>\n<meta property=\"og:locale\" content=\"lt_LT\" \/>\n<meta property=\"og:type\" content=\"article\" \/>\n<meta property=\"og:title\" content=\"Pointe \u0160eima - old - PAA\" \/>\n<meta property=\"og:description\" content=\"We make for a specific bathroom. According to the customer\u2019s specification. In Latvia. Handmade.\" \/>\n<meta property=\"og:url\" content=\"https:\/\/paabaths.com\/lt\/pointe-family-old\/\" \/>\n<meta property=\"og:site_name\" content=\"PAA\" \/>\n<meta property=\"article:publisher\" content=\"https:\/\/www.facebook.com\/paabaths\/\" \/>\n<meta property=\"article:modified_time\" content=\"2026-03-17T13:37:49+00:00\" \/>\n<meta property=\"og:image\" content=\"https:\/\/paabaths.com\/wp-content\/uploads\/2025\/02\/PAA-baths-Pointe-interior-sample-2880x1350px.jpg\" \/>\n\t<meta property=\"og:image:width\" content=\"2880\" \/>\n\t<meta property=\"og:image:height\" content=\"1350\" \/>\n\t<meta property=\"og:image:type\" content=\"image\/jpeg\" \/>\n<meta name=\"twitter:card\" content=\"summary_large_image\" \/>\n<script type=\"application\/ld+json\" class=\"yoast-schema-graph\">{\"@context\":\"https:\/\/schema.org\",\"@graph\":[{\"@type\":\"WebPage\",\"@id\":\"https:\/\/paabaths.com\/lt\/pointe-family-old\/\",\"url\":\"https:\/\/paabaths.com\/lt\/pointe-family-old\/\",\"name\":\"Pointe \u0160eima - old - PAA\",\"isPartOf\":{\"@id\":\"https:\/\/paabaths.com\/lt\/#website\"},\"primaryImageOfPage\":{\"@id\":\"https:\/\/paabaths.com\/lt\/pointe-family-old\/#primaryimage\"},\"image\":{\"@id\":\"https:\/\/paabaths.com\/lt\/pointe-family-old\/#primaryimage\"},\"thumbnailUrl\":\"https:\/\/paabaths.com\/wp-content\/uploads\/2025\/02\/PAA-baths-Pointe-interior-sample-2880x1350px-1560x731.jpg\",\"datePublished\":\"2025-03-17T08:18:59+00:00\",\"dateModified\":\"2026-03-17T13:37:49+00:00\",\"description\":\"We make for a specific bathroom. According to the customer\u2019s specification. In Latvia. Handmade.\",\"breadcrumb\":{\"@id\":\"https:\/\/paabaths.com\/lt\/pointe-family-old\/#breadcrumb\"},\"inLanguage\":\"lt-LT\",\"potentialAction\":[{\"@type\":\"ReadAction\",\"target\":[\"https:\/\/paabaths.com\/lt\/pointe-family-old\/\"]}]},{\"@type\":\"ImageObject\",\"inLanguage\":\"lt-LT\",\"@id\":\"https:\/\/paabaths.com\/lt\/pointe-family-old\/#primaryimage\",\"url\":\"https:\/\/paabaths.com\/wp-content\/uploads\/2025\/02\/PAA-baths-Pointe-interior-sample-2880x1350px-1560x731.jpg\",\"contentUrl\":\"https:\/\/paabaths.com\/wp-content\/uploads\/2025\/02\/PAA-baths-Pointe-interior-sample-2880x1350px-1560x731.jpg\"},{\"@type\":\"BreadcrumbList\",\"@id\":\"https:\/\/paabaths.com\/lt\/pointe-family-old\/#breadcrumb\",\"itemListElement\":[{\"@type\":\"ListItem\",\"position\":1,\"name\":\"Home\",\"item\":\"https:\/\/paabaths.com\/lt\/\"},{\"@type\":\"ListItem\",\"position\":2,\"name\":\"Pointe \u0160eima &#8211; old\"}]},{\"@type\":\"WebSite\",\"@id\":\"https:\/\/paabaths.com\/lt\/#website\",\"url\":\"https:\/\/paabaths.com\/lt\/\",\"name\":\"PAA\",\"description\":\"This is PAA Ltd. brand site\",\"publisher\":{\"@id\":\"https:\/\/paabaths.com\/lt\/#organization\"},\"potentialAction\":[{\"@type\":\"SearchAction\",\"target\":{\"@type\":\"EntryPoint\",\"urlTemplate\":\"https:\/\/paabaths.com\/lt\/?s={search_term_string}\"},\"query-input\":{\"@type\":\"PropertyValueSpecification\",\"valueRequired\":true,\"valueName\":\"search_term_string\"}}],\"inLanguage\":\"lt-LT\"},{\"@type\":\"Organization\",\"@id\":\"https:\/\/paabaths.com\/lt\/#organization\",\"name\":\"PAA Baths\",\"url\":\"https:\/\/paabaths.com\/lt\/\",\"logo\":{\"@type\":\"ImageObject\",\"inLanguage\":\"lt-LT\",\"@id\":\"https:\/\/paabaths.com\/lt\/#\/schema\/logo\/image\/\",\"url\":\"https:\/\/paabaths.com\/wp-content\/uploads\/2023\/02\/84294546_179914056600038_3880533746851512320_n.jpeg\",\"contentUrl\":\"https:\/\/paabaths.com\/wp-content\/uploads\/2023\/02\/84294546_179914056600038_3880533746851512320_n.jpeg\",\"width\":320,\"height\":320,\"caption\":\"PAA Baths\"},\"image\":{\"@id\":\"https:\/\/paabaths.com\/lt\/#\/schema\/logo\/image\/\"},\"sameAs\":[\"https:\/\/www.facebook.com\/paabaths\/\",\"https:\/\/www.instagram.com\/paa_baths\"]}]}<\/script>\n<!-- \/ Yoast SEO plugin. -->","yoast_head_json":{"title":"Pointe \u0160eima - old - PAA","description":"We make for a specific bathroom. According to the customer\u2019s specification. In Latvia. Handmade.","robots":{"index":"index","follow":"follow","max-snippet":"max-snippet:-1","max-image-preview":"max-image-preview:large","max-video-preview":"max-video-preview:-1"},"canonical":"https:\/\/paabaths.com\/lt\/pointe-family-old\/","og_locale":"lt_LT","og_type":"article","og_title":"Pointe \u0160eima - old - PAA","og_description":"We make for a specific bathroom. According to the customer\u2019s specification. In Latvia. Handmade.","og_url":"https:\/\/paabaths.com\/lt\/pointe-family-old\/","og_site_name":"PAA","article_publisher":"https:\/\/www.facebook.com\/paabaths\/","article_modified_time":"2026-03-17T13:37:49+00:00","og_image":[{"width":2880,"height":1350,"url":"https:\/\/paabaths.com\/wp-content\/uploads\/2025\/02\/PAA-baths-Pointe-interior-sample-2880x1350px.jpg","type":"image\/jpeg"}],"twitter_card":"summary_large_image","schema":{"@context":"https:\/\/schema.org","@graph":[{"@type":"WebPage","@id":"https:\/\/paabaths.com\/lt\/pointe-family-old\/","url":"https:\/\/paabaths.com\/lt\/pointe-family-old\/","name":"Pointe \u0160eima - old - PAA","isPartOf":{"@id":"https:\/\/paabaths.com\/lt\/#website"},"primaryImageOfPage":{"@id":"https:\/\/paabaths.com\/lt\/pointe-family-old\/#primaryimage"},"image":{"@id":"https:\/\/paabaths.com\/lt\/pointe-family-old\/#primaryimage"},"thumbnailUrl":"https:\/\/paabaths.com\/wp-content\/uploads\/2025\/02\/PAA-baths-Pointe-interior-sample-2880x1350px-1560x731.jpg","datePublished":"2025-03-17T08:18:59+00:00","dateModified":"2026-03-17T13:37:49+00:00","description":"We make for a specific bathroom. According to the customer\u2019s specification. In Latvia. Handmade.","breadcrumb":{"@id":"https:\/\/paabaths.com\/lt\/pointe-family-old\/#breadcrumb"},"inLanguage":"lt-LT","potentialAction":[{"@type":"ReadAction","target":["https:\/\/paabaths.com\/lt\/pointe-family-old\/"]}]},{"@type":"ImageObject","inLanguage":"lt-LT","@id":"https:\/\/paabaths.com\/lt\/pointe-family-old\/#primaryimage","url":"https:\/\/paabaths.com\/wp-content\/uploads\/2025\/02\/PAA-baths-Pointe-interior-sample-2880x1350px-1560x731.jpg","contentUrl":"https:\/\/paabaths.com\/wp-content\/uploads\/2025\/02\/PAA-baths-Pointe-interior-sample-2880x1350px-1560x731.jpg"},{"@type":"BreadcrumbList","@id":"https:\/\/paabaths.com\/lt\/pointe-family-old\/#breadcrumb","itemListElement":[{"@type":"ListItem","position":1,"name":"Home","item":"https:\/\/paabaths.com\/lt\/"},{"@type":"ListItem","position":2,"name":"Pointe \u0160eima &#8211; old"}]},{"@type":"WebSite","@id":"https:\/\/paabaths.com\/lt\/#website","url":"https:\/\/paabaths.com\/lt\/","name":"PAA","description":"This is PAA Ltd. brand site","publisher":{"@id":"https:\/\/paabaths.com\/lt\/#organization"},"potentialAction":[{"@type":"SearchAction","target":{"@type":"EntryPoint","urlTemplate":"https:\/\/paabaths.com\/lt\/?s={search_term_string}"},"query-input":{"@type":"PropertyValueSpecification","valueRequired":true,"valueName":"search_term_string"}}],"inLanguage":"lt-LT"},{"@type":"Organization","@id":"https:\/\/paabaths.com\/lt\/#organization","name":"PAA Baths","url":"https:\/\/paabaths.com\/lt\/","logo":{"@type":"ImageObject","inLanguage":"lt-LT","@id":"https:\/\/paabaths.com\/lt\/#\/schema\/logo\/image\/","url":"https:\/\/paabaths.com\/wp-content\/uploads\/2023\/02\/84294546_179914056600038_3880533746851512320_n.jpeg","contentUrl":"https:\/\/paabaths.com\/wp-content\/uploads\/2023\/02\/84294546_179914056600038_3880533746851512320_n.jpeg","width":320,"height":320,"caption":"PAA Baths"},"image":{"@id":"https:\/\/paabaths.com\/lt\/#\/schema\/logo\/image\/"},"sameAs":["https:\/\/www.facebook.com\/paabaths\/","https:\/\/www.instagram.com\/paa_baths"]}]}},"_links":{"self":[{"href":"https:\/\/paabaths.com\/lt\/wp-json\/wp\/v2\/pages\/71283","targetHints":{"allow":["GET"]}}],"collection":[{"href":"https:\/\/paabaths.com\/lt\/wp-json\/wp\/v2\/pages"}],"about":[{"href":"https:\/\/paabaths.com\/lt\/wp-json\/wp\/v2\/types\/page"}],"author":[{"embeddable":true,"href":"https:\/\/paabaths.com\/lt\/wp-json\/wp\/v2\/users\/9"}],"replies":[{"embeddable":true,"href":"https:\/\/paabaths.com\/lt\/wp-json\/wp\/v2\/comments?post=71283"}],"version-history":[{"count":57,"href":"https:\/\/paabaths.com\/lt\/wp-json\/wp\/v2\/pages\/71283\/revisions"}],"predecessor-version":[{"id":97241,"href":"https:\/\/paabaths.com\/lt\/wp-json\/wp\/v2\/pages\/71283\/revisions\/97241"}],"wp:attachment":[{"href":"https:\/\/paabaths.com\/lt\/wp-json\/wp\/v2\/media?parent=71283"}],"curies":[{"name":"wp","href":"https:\/\/api.w.org\/{rel}","templated":true}]}}