{"id":6922,"date":"2021-04-07T04:48:06","date_gmt":"2021-04-07T04:48:06","guid":{"rendered":"https:\/\/paa.emptylimits.com\/service-guarantee\/"},"modified":"2026-03-17T15:14:59","modified_gmt":"2026-03-17T13:14:59","slug":"servisas-ir-garantija","status":"publish","type":"page","link":"https:\/\/paabaths.com\/lt\/servisas-ir-garantija\/","title":{"rendered":"Servisas ir garantija"},"content":{"rendered":"<section class='page-title wp-block-group acf-block position-center  has-h1' ><div class='wp-block alignwide'><h1 class='t-a-b-2'>Aptarnavimas ir garantija<\/h1><\/div><\/section>\n\n<section class='page-description wp-block-group acf-block alignwide'><div class='wp-block alignwide'><div class='description t-a-b-2'><p>PAA gaminiai pagaminti i\u0161 auk\u0161tos kokyb\u0117s \u017ealiav\u0173 ir atitinka ES standartus. Tinkamai pri\u017ei\u016brimi jie tarnauja ilgus de\u0161imtme\u010dius.<\/p>\n<\/div><\/div><\/section>\n\n<section data-type='full-width' id='block-69d466aab981f' class='full-width-cta wp-block-group acf-block alignfull '><style>#block-69d466aab981f .wp-block-image { height: 700px; } \r\n@media(max-width:1024px){ #block-69d466aab981f .wp-block-image { height: 375px; } }; \r\n@media(max-width:992px){ #block-69d466aab981f .wp-block-image { height: 375px; } }; \r\n@media(max-width:568px){ #block-69d466aab981f .wp-block-image { height: 300px; } }; \r\n<\/style><div class='image lazyload' data-background-image='https:\/\/paabaths.com\/wp-content\/uploads\/2022\/11\/PAA_Materialite_Silkstone_10_Year_Warranty_LT_2560x1440.jpg'><\/div><div class='fill-bg'><\/div><div class='wp-block alignwide'><div  class='wp-block-image title-position-'><span class='inner-wrap'><span class='inner t-a-b-2'><h3 class='underline-solid'><\/h3><\/span><\/span><\/div><\/div><\/section>\n\n<section class='page-content wp-block-group acf-block alignwide style-3 content-width'><div class='wp-block alignwide'><div class='content t-a-b-2'><p>Garantija voni\u0173, praustuv\u0173 ir du\u0161o pad\u0117kl\u0173 funkcionalumui ir vizualiniams defektams:<\/p>\n<p>10 met\u0173 &#8211; jei gaminys naudojamas nam\u0173 s\u0105lygomis;<\/p>\n<p>2 metai &#8211; jei gaminys naudojamas vie\u0161ose vietose ar komercin\u0117se patalpose.<\/p>\n<\/div><\/div><\/section>\n\n<section class='page-content wp-block-group acf-block alignwide style-3 content-width'><div class='wp-block alignwide'><div class='content t-a-b-2'><h2>I\u0161pl\u0117stin\u0117s garatijos s\u0105lygos<\/h2>\n<p><a href=\"http:\/\/paabaths.com\/wp-content\/uploads\/2022\/10\/PAA_Warranty_Certificate_A5_1220_LT.pdf\">PAA Garantijos liudijimas<\/a><\/p>\n<\/div><\/div><\/section>\n\n<section class='page-content wp-block-group acf-block alignwide style-1 content-width'><div class='wp-block alignwide'><div class='content t-a-b-2'><p><a href=\"https:\/\/paabaths.com\/lt\/mes\/kontaktai\/\">Servisas Lietuvoje<\/a><\/p>\n<p><a href=\"https:\/\/paabaths.com\/lt\/mes\/kontaktai\/\">Servisas Latvijoje<\/a><\/p>\n<p><a href=\"https:\/\/paabaths.com\/lt\/mes\/kontaktai\/\">Servisas Ukrainoje<\/a><\/p>\n<p>Nor\u0117dami susisiekti su servisu kitur, kreipkit\u0117s \u012f <a href=\"https:\/\/paabaths.com\/lt\/rasti-pardavimo-vieta\/#lietuva\">pardav\u0117j\u0105<\/a>, i\u0161 kurio pirkote PAA gamin\u012f.<\/p>\n<\/div><\/div><\/section>","protected":false},"excerpt":{"rendered":"","protected":false},"author":1,"featured_media":0,"parent":0,"menu_order":29,"comment_status":"closed","ping_status":"closed","template":"template-page-with-breadcrumbs.php","meta":{"_acf_changed":false,"inline_featured_image":false,"footnotes":""},"class_list":["post-6922","page","type-page","status-publish","hentry"],"acf":[],"yoast_head":"<!-- This site is optimized with the Yoast SEO plugin v26.1.1 - https:\/\/yoast.com\/wordpress\/plugins\/seo\/ -->\n<title>Servisas ir garantija - PAA<\/title>\n<meta name=\"robots\" content=\"index, follow, max-snippet:-1, max-image-preview:large, max-video-preview:-1\" \/>\n<link rel=\"canonical\" href=\"https:\/\/paabaths.com\/lt\/servisas-ir-garantija\/\" \/>\n<meta property=\"og:locale\" content=\"lt_LT\" \/>\n<meta property=\"og:type\" content=\"article\" \/>\n<meta property=\"og:title\" content=\"Servisas ir garantija - PAA\" \/>\n<meta property=\"og:url\" content=\"https:\/\/paabaths.com\/lt\/servisas-ir-garantija\/\" \/>\n<meta property=\"og:site_name\" content=\"PAA\" \/>\n<meta property=\"article:publisher\" content=\"https:\/\/www.facebook.com\/paabaths\/\" \/>\n<meta property=\"article:modified_time\" content=\"2026-03-17T13:14:59+00:00\" \/>\n<meta property=\"og:image\" content=\"https:\/\/paabaths.com\/wp-content\/uploads\/2025\/09\/PAA-baths-title2560x1500px.jpg\" \/>\n\t<meta property=\"og:image:width\" content=\"2560\" \/>\n\t<meta property=\"og:image:height\" content=\"1500\" \/>\n\t<meta property=\"og:image:type\" content=\"image\/jpeg\" \/>\n<meta name=\"twitter:card\" content=\"summary_large_image\" \/>\n<script type=\"application\/ld+json\" class=\"yoast-schema-graph\">{\"@context\":\"https:\/\/schema.org\",\"@graph\":[{\"@type\":\"WebPage\",\"@id\":\"https:\/\/paabaths.com\/lt\/servisas-ir-garantija\/\",\"url\":\"https:\/\/paabaths.com\/lt\/servisas-ir-garantija\/\",\"name\":\"Servisas ir garantija - PAA\",\"isPartOf\":{\"@id\":\"https:\/\/paabaths.com\/lt\/#website\"},\"datePublished\":\"2021-04-07T04:48:06+00:00\",\"dateModified\":\"2026-03-17T13:14:59+00:00\",\"breadcrumb\":{\"@id\":\"https:\/\/paabaths.com\/lt\/servisas-ir-garantija\/#breadcrumb\"},\"inLanguage\":\"lt-LT\",\"potentialAction\":[{\"@type\":\"ReadAction\",\"target\":[\"https:\/\/paabaths.com\/lt\/servisas-ir-garantija\/\"]}]},{\"@type\":\"BreadcrumbList\",\"@id\":\"https:\/\/paabaths.com\/lt\/servisas-ir-garantija\/#breadcrumb\",\"itemListElement\":[{\"@type\":\"ListItem\",\"position\":1,\"name\":\"Home\",\"item\":\"https:\/\/paabaths.com\/lt\/\"},{\"@type\":\"ListItem\",\"position\":2,\"name\":\"Servisas ir garantija\"}]},{\"@type\":\"WebSite\",\"@id\":\"https:\/\/paabaths.com\/lt\/#website\",\"url\":\"https:\/\/paabaths.com\/lt\/\",\"name\":\"PAA\",\"description\":\"This is PAA Ltd. brand site\",\"publisher\":{\"@id\":\"https:\/\/paabaths.com\/lt\/#organization\"},\"potentialAction\":[{\"@type\":\"SearchAction\",\"target\":{\"@type\":\"EntryPoint\",\"urlTemplate\":\"https:\/\/paabaths.com\/lt\/?s={search_term_string}\"},\"query-input\":{\"@type\":\"PropertyValueSpecification\",\"valueRequired\":true,\"valueName\":\"search_term_string\"}}],\"inLanguage\":\"lt-LT\"},{\"@type\":\"Organization\",\"@id\":\"https:\/\/paabaths.com\/lt\/#organization\",\"name\":\"PAA Baths\",\"url\":\"https:\/\/paabaths.com\/lt\/\",\"logo\":{\"@type\":\"ImageObject\",\"inLanguage\":\"lt-LT\",\"@id\":\"https:\/\/paabaths.com\/lt\/#\/schema\/logo\/image\/\",\"url\":\"https:\/\/paabaths.com\/wp-content\/uploads\/2023\/02\/84294546_179914056600038_3880533746851512320_n.jpeg\",\"contentUrl\":\"https:\/\/paabaths.com\/wp-content\/uploads\/2023\/02\/84294546_179914056600038_3880533746851512320_n.jpeg\",\"width\":320,\"height\":320,\"caption\":\"PAA Baths\"},\"image\":{\"@id\":\"https:\/\/paabaths.com\/lt\/#\/schema\/logo\/image\/\"},\"sameAs\":[\"https:\/\/www.facebook.com\/paabaths\/\",\"https:\/\/www.instagram.com\/paa_baths\"]}]}<\/script>\n<!-- \/ Yoast SEO plugin. -->","yoast_head_json":{"title":"Servisas ir garantija - PAA","robots":{"index":"index","follow":"follow","max-snippet":"max-snippet:-1","max-image-preview":"max-image-preview:large","max-video-preview":"max-video-preview:-1"},"canonical":"https:\/\/paabaths.com\/lt\/servisas-ir-garantija\/","og_locale":"lt_LT","og_type":"article","og_title":"Servisas ir garantija - PAA","og_url":"https:\/\/paabaths.com\/lt\/servisas-ir-garantija\/","og_site_name":"PAA","article_publisher":"https:\/\/www.facebook.com\/paabaths\/","article_modified_time":"2026-03-17T13:14:59+00:00","og_image":[{"width":2560,"height":1500,"url":"https:\/\/paabaths.com\/wp-content\/uploads\/2025\/09\/PAA-baths-title2560x1500px.jpg","type":"image\/jpeg"}],"twitter_card":"summary_large_image","schema":{"@context":"https:\/\/schema.org","@graph":[{"@type":"WebPage","@id":"https:\/\/paabaths.com\/lt\/servisas-ir-garantija\/","url":"https:\/\/paabaths.com\/lt\/servisas-ir-garantija\/","name":"Servisas ir garantija - PAA","isPartOf":{"@id":"https:\/\/paabaths.com\/lt\/#website"},"datePublished":"2021-04-07T04:48:06+00:00","dateModified":"2026-03-17T13:14:59+00:00","breadcrumb":{"@id":"https:\/\/paabaths.com\/lt\/servisas-ir-garantija\/#breadcrumb"},"inLanguage":"lt-LT","potentialAction":[{"@type":"ReadAction","target":["https:\/\/paabaths.com\/lt\/servisas-ir-garantija\/"]}]},{"@type":"BreadcrumbList","@id":"https:\/\/paabaths.com\/lt\/servisas-ir-garantija\/#breadcrumb","itemListElement":[{"@type":"ListItem","position":1,"name":"Home","item":"https:\/\/paabaths.com\/lt\/"},{"@type":"ListItem","position":2,"name":"Servisas ir garantija"}]},{"@type":"WebSite","@id":"https:\/\/paabaths.com\/lt\/#website","url":"https:\/\/paabaths.com\/lt\/","name":"PAA","description":"This is PAA Ltd. brand site","publisher":{"@id":"https:\/\/paabaths.com\/lt\/#organization"},"potentialAction":[{"@type":"SearchAction","target":{"@type":"EntryPoint","urlTemplate":"https:\/\/paabaths.com\/lt\/?s={search_term_string}"},"query-input":{"@type":"PropertyValueSpecification","valueRequired":true,"valueName":"search_term_string"}}],"inLanguage":"lt-LT"},{"@type":"Organization","@id":"https:\/\/paabaths.com\/lt\/#organization","name":"PAA Baths","url":"https:\/\/paabaths.com\/lt\/","logo":{"@type":"ImageObject","inLanguage":"lt-LT","@id":"https:\/\/paabaths.com\/lt\/#\/schema\/logo\/image\/","url":"https:\/\/paabaths.com\/wp-content\/uploads\/2023\/02\/84294546_179914056600038_3880533746851512320_n.jpeg","contentUrl":"https:\/\/paabaths.com\/wp-content\/uploads\/2023\/02\/84294546_179914056600038_3880533746851512320_n.jpeg","width":320,"height":320,"caption":"PAA Baths"},"image":{"@id":"https:\/\/paabaths.com\/lt\/#\/schema\/logo\/image\/"},"sameAs":["https:\/\/www.facebook.com\/paabaths\/","https:\/\/www.instagram.com\/paa_baths"]}]}},"_links":{"self":[{"href":"https:\/\/paabaths.com\/lt\/wp-json\/wp\/v2\/pages\/6922","targetHints":{"allow":["GET"]}}],"collection":[{"href":"https:\/\/paabaths.com\/lt\/wp-json\/wp\/v2\/pages"}],"about":[{"href":"https:\/\/paabaths.com\/lt\/wp-json\/wp\/v2\/types\/page"}],"author":[{"embeddable":true,"href":"https:\/\/paabaths.com\/lt\/wp-json\/wp\/v2\/users\/1"}],"replies":[{"embeddable":true,"href":"https:\/\/paabaths.com\/lt\/wp-json\/wp\/v2\/comments?post=6922"}],"version-history":[{"count":11,"href":"https:\/\/paabaths.com\/lt\/wp-json\/wp\/v2\/pages\/6922\/revisions"}],"predecessor-version":[{"id":59313,"href":"https:\/\/paabaths.com\/lt\/wp-json\/wp\/v2\/pages\/6922\/revisions\/59313"}],"wp:attachment":[{"href":"https:\/\/paabaths.com\/lt\/wp-json\/wp\/v2\/media?parent=6922"}],"curies":[{"name":"wp","href":"https:\/\/api.w.org\/{rel}","templated":true}]}}