{"id":6911,"date":"2021-03-12T09:59:15","date_gmt":"2021-03-12T09:59:15","guid":{"rendered":"https:\/\/paa.emptylimits.com\/made-to-measure\/"},"modified":"2024-05-21T14:54:32","modified_gmt":"2024-05-21T11:54:32","slug":"made-to-measure","status":"publish","type":"page","link":"https:\/\/paabaths.com\/lt\/made-to-measure\/","title":{"rendered":"Made to Measure"},"content":{"rendered":"<section class='page-title wp-block-group acf-block position-center  has-h1' ><div class='wp-block alignwide'><h1 class='t-a-b-2'>Made to Measure<\/h1><\/div><\/section>\n\n<section class='page-description wp-block-group acf-block alignwide'><div class='wp-block alignwide'><div class='description t-a-b-2'><p>Gaminame individualiai. Atsi\u017evelgdami \u012f kliento specifikacijas. Latvijoje. Rank\u0173 darbas.<\/p>\n<\/div><\/div><\/section>\n\n<section data-type='' id='block-69d35af064832' class='full-width-cta wp-block-group acf-block  '><style>#block-69d35af064832 .wp-block-image { height: 700px; } \r\n@media(max-width:1024px){ #block-69d35af064832 .wp-block-image { height: 500px; } }; \r\n@media(max-width:992px){ #block-69d35af064832 .wp-block-image { height: 450px; } }; \r\n@media(max-width:568px){ #block-69d35af064832 .wp-block-image { height: 270px; } }; \r\n<\/style><div class='image lazyload' data-background-image='https:\/\/paabaths.com\/wp-content\/uploads\/2021\/06\/made-to-mesure-1-2560x1248.jpg'><\/div><div class='fill-bg'><\/div><div class='wp-block alignwide'><div  class='wp-block-image title-position-top'><span class='inner-wrap'><span class='inner t-a-b-2'><h3 class='underline-solid'><\/h3><\/span><\/span><\/div><\/div><\/section>\n\n<section class='page-content wp-block-group acf-block alignwide style-2 content-width'><div class='wp-block alignwide'><div class='content t-a-b-2'><p>Praustuvai, vonios ir du\u0161o pad\u0117klai pritaikyti individualiam vonios kambariui. Gaminame pagal u\u017esakym\u0105 i\u0161 geriausios kokyb\u0117s Silkstone med\u017eiagos, pritaikydami konkre\u010diai erdvei.<\/p>\n<\/div><\/div><\/section>\n\n<section class=\"square-boxes wp-block-group acf-block\">\n    <div class='wp-block-columns align-wide items-2'><div class='wp-block-column'><span class='wp-block-image title-position-top'><span class='image' style='background-image:url(https:\/\/paabaths.com\/wp-content\/uploads\/2021\/06\/made-to-mesure-2-750x750.jpg);'><\/span><span class='inner-wrap'><span class='inner'><h3><\/h3><\/span><\/span><\/span><\/div><div class='wp-block-column'><span class='wp-block-image title-position-top'><span class='image' style='background-image:url(https:\/\/paabaths.com\/wp-content\/uploads\/2021\/06\/made-to-mesure-3-750x750.jpg);'><\/span><span class='inner-wrap'><span class='inner'><h3><\/h3><\/span><\/span><\/span><\/div>    <\/div>\n<\/section>\n\n\n<section data-type='' id='block-69d35af068f66' class='full-width-cta wp-block-group acf-block alignwide '><style>#block-69d35af068f66 .wp-block-image { height: 613px; } \r\n@media(max-width:1024px){ #block-69d35af068f66 .wp-block-image { height: 434px; } }; \r\n@media(max-width:992px){ #block-69d35af068f66 .wp-block-image { height: 434px; } }; \r\n@media(max-width:568px){ #block-69d35af068f66 .wp-block-image { height: 270px; } }; \r\n<\/style><div class='image lazyload' data-background-image='https:\/\/paabaths.com\/wp-content\/uploads\/2021\/06\/made-to-mesure-4-1560x1226.jpg'><\/div><div class='fill-bg'><\/div><div class='wp-block alignwide'><div  class='wp-block-image title-position-top'><span class='inner-wrap'><span class='inner t-a-b-2'><h3 class='underline-solid'><\/h3><\/span><\/span><\/div><\/div><\/section>\n\n<section class='page-content wp-block-group acf-block alignwide style-2 content-width'><div class='wp-block alignwide'><div class='content t-a-b-2'><p>Made to Measure praustuvai<br \/>\nPla\u010dios praustuv\u0173 formos, dyd\u017eio ir individualaus dizaino pritaikymo galimyb\u0117s<\/p>\n<\/div><\/div><\/section>\n\n<section data-type='full-width' id='block-69d35af06a6d3' class='full-width-cta wp-block-group acf-block  font-color-white'><style>#block-69d35af06a6d3 .wp-block-image { height: 782px; } \r\n@media(max-width:1024px){ #block-69d35af06a6d3 .wp-block-image { height: 500px; } }; \r\n@media(max-width:992px){ #block-69d35af06a6d3 .wp-block-image { height: 450px; } }; \r\n@media(max-width:568px){ #block-69d35af06a6d3 .wp-block-image { height: 270px; } }; \r\n<\/style><div class='image lazyload' data-background-image='https:\/\/paabaths.com\/wp-content\/uploads\/2022\/08\/made-to-mesure-5-2560x1200-1.jpg'><\/div><div class='fill-bg'><\/div><div class='wp-block alignwide'><div  class='wp-block-image title-position-top'><span class='inner-wrap'><span class='inner t-a-b-2'><h3 class='underline-solid'><\/h3><\/span><\/span><\/div><\/div><\/section>\n\n<section class=\"youtube-block\">\n    <div class=\"inner wp-block alignwide\">\n        <div id=\"S-MuFY7vij8\" class=\"youtube-player\" data-plyr-provider=\"youtube\" data-plyr-embed-id=\"S-MuFY7vij8\"><\/div>\n    <\/div>\n<\/section>\n<style>\n.plyr__control--overlaid {\n    margin-top: 0!important;\n}\n@media (max-width: 1140px) {\n    .youtube-block {\n        margin-bottom: 30px;\n    }\n    .home .youtube-block .inner {\n\t    padding-left: 70px;\n\t    padding-right: 70px;\n    }\n}\n@media (max-width: 992px) {\n    .home .youtube-block .inner {\n\t    padding-left: 15px;\n\t    padding-right: 15px;\n    }\n}\n@media(max-width:768px) {\n\t.youtube-block {\n\t\tmargin-bottom: 15px;\n\t}\n}\n<\/style>\n\n<section class='content-image-slider wp-block-group acf-block alignwide'><div class='wp-block alignwide'><div class='content t-a-b-2'><div class='slider'><div class='slide'><img src='https:\/\/paabaths.com\/wp-content\/uploads\/2021\/06\/made-to-mesure-slide.jpg' alt=''><h3>Made Measure praustuvas Flow su lentyna<\/h3><\/div><div class='slide'><img src='https:\/\/paabaths.com\/wp-content\/uploads\/2022\/08\/MTM_products_image-02.jpg' alt=''><h3>Made Measure praustuvas Opus Duo su rank\u0161luos\u010di\u0173 laikikliu<\/h3><\/div><div class='slide'><img src='https:\/\/paabaths.com\/wp-content\/uploads\/2022\/08\/MTM_products_image-03.jpg' alt=''><h3>Made to Measure praustuvas Credo su sien\u0173 lipdiniais<\/h3><\/div><div class='slide'><img src='https:\/\/paabaths.com\/wp-content\/uploads\/2022\/08\/MTM_products_image-04.jpg' alt=''><h3>Ant spintel\u0117s u\u017ededama Made to Measure Opus Grande praustuvas<\/h3><\/div><div class='slide'><img src='https:\/\/paabaths.com\/wp-content\/uploads\/2022\/08\/MTM_products_image-05.jpg' alt=''><h3>Made toMeasure praustuvas Ovo su Matte Shadow pavir\u0161iumi<\/h3><\/div><div class='slide'><img src='https:\/\/paabaths.com\/wp-content\/uploads\/2022\/08\/MTM_products_image-06.jpg' alt=''><h3>Praustuvas vie\u0161osioms patalpoms &#8211; Made to Measure Piano su trimis dubenimis<\/h3><\/div><\/div><\/div><\/div><\/section>\n\n<section class='content-options-list wp-block-group acf-block alignwide'><div class='wp-block alignwide'><div class='content'><div class='col-wrap clearfix t-a-b-2'><div class='col left-side hidden-tablet'><h3>Pasirinkimo galimyb\u0117s<\/h3><\/div><div class='col right-side'><div class=''><h3 class='visible-tablet'>Pasirinkimo galimyb\u0117s<\/h3><ul><li>Individual\u016bs i\u0161matavimai<\/li><li>Nestat\u016bs kampai<\/li><li>I\u0161pjovimai<\/li><li>Nupjauti ar u\u017eapvalinti kampai<\/li><li>\u012evair\u016bs duben\u0173 modeliai<\/li><li>Eleganti\u0161kos pavir\u0161i\u0173 spalvos<\/li><li>Individualios angos mai\u0161ytuvams ir aksesuarams <\/li><li>I\u0161pjovos rank\u0161luos\u010di\u0173 laikikliams ir angos \u0161iuk\u0161liad\u0117\u017e\u0117ms<\/li><\/ul><\/div><\/div><\/div><\/div><\/div><\/section>\n\n<section class='page-link wp-block-group acf-block alignwide'><div class='wp-block-buttons is-content-justification-center'><div class='wp-block-button is-style-outline'><a href='https:\/\/paabaths.com\/lt\/katalogas\/praustuvai\/?pa_installation-type=made-to-measure' class='wp-block-button__link' title='\u017di\u016br\u0117ti visus Made to Measure praustuvus'>\u017di\u016br\u0117ti visus Made to Measure praustuvus<\/a><\/div><\/div><\/section>\n\n<section class='page-content wp-block-group acf-block alignwide style-2 content-width'><div class='wp-block alignwide'><div class='content t-a-b-2'><p>Made to Measure vonios<br \/>\nTiksliai pritaikytos individualiam vonios kambariui<\/p>\n<\/div><\/div><\/section>\n\n<section data-type='full-width' id='block-69d35af074943' class='full-width-cta wp-block-group acf-block alignfull font-color-white'><style>#block-69d35af074943 .wp-block-image { height: 700px; } \r\n@media(max-width:1024px){ #block-69d35af074943 .wp-block-image { height: 375px; } }; \r\n@media(max-width:992px){ #block-69d35af074943 .wp-block-image { height: 375px; } }; \r\n@media(max-width:568px){ #block-69d35af074943 .wp-block-image { height: 300px; } }; \r\n<\/style><div class='image lazyload' data-background-image='https:\/\/paabaths.com\/wp-content\/uploads\/2022\/08\/mtm-3-2560x1200-1.jpg'><\/div><div class='fill-bg'><\/div><div class='wp-block alignwide'><div  class='wp-block-image title-position-top'><span class='inner-wrap'><span class='inner t-a-b-2'><h3 class='underline-solid'><\/h3><\/span><\/span><\/div><\/div><\/section>\n\n<section class=\"youtube-block\">\n    <div class=\"inner wp-block alignwide\">\n        <div id=\"N5xYw_IU3Us\" class=\"youtube-player\" data-plyr-provider=\"youtube\" data-plyr-embed-id=\"N5xYw_IU3Us\"><\/div>\n    <\/div>\n<\/section>\n<style>\n.plyr__control--overlaid {\n    margin-top: 0!important;\n}\n@media (max-width: 1140px) {\n    .youtube-block {\n        margin-bottom: 30px;\n    }\n    .home .youtube-block .inner {\n\t    padding-left: 70px;\n\t    padding-right: 70px;\n    }\n}\n@media (max-width: 992px) {\n    .home .youtube-block .inner {\n\t    padding-left: 15px;\n\t    padding-right: 15px;\n    }\n}\n@media(max-width:768px) {\n\t.youtube-block {\n\t\tmargin-bottom: 15px;\n\t}\n}\n<\/style>\n\n<section class='content-image-slider wp-block-group acf-block alignwide'><div class='wp-block alignwide'><div class='content t-a-b-2'><div class='slider'><div class='slide'><img src='https:\/\/paabaths.com\/wp-content\/uploads\/2022\/08\/MTM_products_image-07.jpg' alt=''><h3>Deco Shape vonia, 1580 x 1300 mm, H = 630 mm<\/h3><\/div><div class='slide'><img src='https:\/\/paabaths.com\/wp-content\/uploads\/2022\/08\/MTM_products_image-08.jpg' alt=''><h3>Deco Shape vonia, 1850 x 850 mm, H = 630 mm<\/h3><\/div><div class='slide'><img src='https:\/\/paabaths.com\/wp-content\/uploads\/2022\/08\/MTM_products_image-09.jpg' alt=''><h3>Deco Shape vonia, 1750 x 810 mm, H = 630 mm<\/h3><\/div><\/div><\/div><\/div><\/section>\n\n<section class='page-link wp-block-group acf-block alignwide'><div class='wp-block-buttons is-content-justification-center'><div class='wp-block-button is-style-outline'><a href='https:\/\/paabaths.com\/lt\/catalog\/vonios\/?pa_installation-type=made-to-measure-lt' class='wp-block-button__link' title='\u017di\u016br\u0117ti visas Made to Measure vonias'>\u017di\u016br\u0117ti visas Made to Measure vonias<\/a><\/div><\/div><\/section>\n\n<section class='content-options-list wp-block-group acf-block alignwide'><div class='wp-block alignwide'><div class='content'><div class='col-wrap clearfix t-a-b-2'><div class='col left-side hidden-tablet'><h3>Pasirinkimo galimyb\u0117s<\/h3><\/div><div class='col right-side'><div class=''><h3 class='visible-tablet'>Pasirinkimo galimyb\u0117s<\/h3><ul><li>Individual\u016bs pavir\u0161iaus i\u0161matavimai<\/li><li>Nestat\u016bs kampai<\/li><li>I\u0161pjovimai<\/li><li>U\u017eapvalinti kampai<\/li><li>Angos mai\u0161ytuvui<\/li><li>I\u0161pjova rank\u0161luos\u010di\u0173 laikikliui<\/li><li>Spalvotas pavir\u0161ius<\/li><\/ul><\/div><\/div><\/div><\/div><\/div><\/section>\n\n<section class='page-content wp-block-group acf-block alignwide style-2 content-width'><div class='wp-block alignwide'><div class='content t-a-b-2'><p>Made to Measure du\u0161o pad\u0117klai<br \/>\nTiksliai pritaikyti individualiam vonios kambariui<\/p>\n<\/div><\/div><\/section>\n\n<section data-type='full-width' id='block-69d35af078a18' class='full-width-cta wp-block-group acf-block alignfull font-color-white'><style>#block-69d35af078a18 .wp-block-image { height: 782px; } \r\n@media(max-width:1024px){ #block-69d35af078a18 .wp-block-image { height: 450px; } }; \r\n@media(max-width:992px){ #block-69d35af078a18 .wp-block-image { height: 450px; } }; \r\n@media(max-width:568px){ #block-69d35af078a18 .wp-block-image { height: 270px; } }; \r\n<\/style><div class='image lazyload' data-background-image='https:\/\/paabaths.com\/wp-content\/uploads\/2022\/08\/mtm-1-2560x1200-1.jpg'><\/div><div class='fill-bg'><\/div><div class='wp-block alignwide'><div  class='wp-block-image title-position-top'><span class='inner-wrap'><span class='inner t-a-b-2'><h3 class='underline-solid'><\/h3><\/span><\/span><\/div><\/div><\/section>\n\n<section class=\"youtube-block\">\n    <div class=\"inner wp-block alignwide\">\n        <div id=\"R41AGyWQHK0\" class=\"youtube-player\" data-plyr-provider=\"youtube\" data-plyr-embed-id=\"R41AGyWQHK0\"><\/div>\n    <\/div>\n<\/section>\n<style>\n.plyr__control--overlaid {\n    margin-top: 0!important;\n}\n@media (max-width: 1140px) {\n    .youtube-block {\n        margin-bottom: 30px;\n    }\n    .home .youtube-block .inner {\n\t    padding-left: 70px;\n\t    padding-right: 70px;\n    }\n}\n@media (max-width: 992px) {\n    .home .youtube-block .inner {\n\t    padding-left: 15px;\n\t    padding-right: 15px;\n    }\n}\n@media(max-width:768px) {\n\t.youtube-block {\n\t\tmargin-bottom: 15px;\n\t}\n}\n<\/style>\n\n<section class='content-image-slider wp-block-group acf-block alignwide'><div class='wp-block alignwide'><div class='content t-a-b-2'><div class='slider'><div class='slide'><img src='https:\/\/paabaths.com\/wp-content\/uploads\/2021\/06\/mtm-2.jpg' alt=''><h3>Made to Measure du\u0161o pad\u0117klas Craft lygiai su grindimis, 1800 x 900 mm, H = 25 mm<\/h3><\/div><div class='slide'><img src='https:\/\/paabaths.com\/wp-content\/uploads\/2022\/08\/MTM_products_image-10.jpg' alt=''><h3>Made to Measure du\u0161o pad\u0117klas Craft su i\u0161pjova, 1800 x 900 mm, H = 25 mm<\/h3><\/div><div class='slide'><img src='https:\/\/paabaths.com\/wp-content\/uploads\/2022\/08\/MTM_products_image-12.jpg' alt=''><h3>Made to Measure du\u0161o pad\u0117klas Craft su skydeliu, ni\u0161a, 1600 x 900 mm<\/h3><\/div><div class='slide'><img src='https:\/\/paabaths.com\/wp-content\/uploads\/2022\/08\/MTM_products_image-13.jpg' alt=''><h3>Netaisyklingos formos Made to Measure du\u0161o pad\u0117klas Craft ni\u0161oje<\/h3><\/div><\/div><\/div><\/div><\/section>\n\n<section class='content-options-list wp-block-group acf-block alignwide'><div class='wp-block alignwide'><div class='content'><div class='col-wrap clearfix t-a-b-2'><div class='col left-side hidden-tablet'><h3>Pasirinkimo galimyb\u0117s<\/h3><\/div><div class='col right-side'><div class=''><h3 class='visible-tablet'>Pasirinkimo galimyb\u0117s<\/h3><ul><li>Individual\u016bs i\u0161matavimai<\/li><li>Nestat\u016bs kampai<\/li><li>I\u0161pjovimai<\/li><li>U\u017eapvalinti kampai<\/li><li>Baltas ar spalvotas<\/li><li>Pritaikytas pagal spalv\u0105 sifono dangtelis<\/li><\/ul><\/div><\/div><\/div><div class='col-wrap clearfix t-a-b-2'><div class='col left-side hidden-tablet'><h3>Montavimo galimyb\u0117s<\/h3><\/div><div class='col right-side'><div class=''><h3 class='visible-tablet'>Montavimo galimyb\u0117s<\/h3><ul><li>Lygiai su grindimis<\/li><li>Ant grind\u0173<\/li><li>Su kojel\u0117mis ir paneliu<\/li><\/ul><\/div><\/div><\/div><\/div><\/div><\/section>\n\n<section class='page-link wp-block-group acf-block alignwide'><div class='wp-block-buttons is-content-justification-center'><div class='wp-block-button is-style-outline'><a href='https:\/\/paabaths.com\/lt\/catalog\/duso-padeklai\/?pa_installation-type=made-to-measure-lt' class='wp-block-button__link' title='Per\u017ei\u016br\u0117kite visus Made to Measure du\u0161o pad\u0117klus'>Per\u017ei\u016br\u0117kite visus Made to Measure du\u0161o pad\u0117klus<\/a><\/div><\/div><\/section>\n\n<section class='page-content wp-block-group acf-block alignwide style-2 content-width'><div class='wp-block alignwide'><div class='content t-a-b-2'><p>Silkstone elemenatai pagal u\u017esakym\u0105: paneliai, stalvir\u0161iai, lentyn\u0117l\u0117s, sieniniai paneliai, grindjuost\u0117s, palang\u0117s.<\/p>\n<\/div><\/div><\/section>\n\n<section data-type='full-width' id='block-69d35af07d87a' class='full-width-cta wp-block-group acf-block alignfull font-color-white'><style>#block-69d35af07d87a .wp-block-image { height: 700px; } \r\n@media(max-width:1024px){ #block-69d35af07d87a .wp-block-image { height: 375px; } }; \r\n@media(max-width:992px){ #block-69d35af07d87a .wp-block-image { height: 375px; } }; \r\n@media(max-width:568px){ #block-69d35af07d87a .wp-block-image { height: 300px; } }; \r\n<\/style><div class='image lazyload' data-background-image='https:\/\/paabaths.com\/wp-content\/uploads\/2022\/08\/mtm-5-2560x1200-1.jpg'><\/div><div class='fill-bg'><\/div><div class='wp-block alignwide'><div  class='wp-block-image title-position-top'><span class='inner-wrap'><span class='inner t-a-b-2'><h3 class='underline-solid'><\/h3><\/span><\/span><\/div><\/div><\/section>","protected":false},"excerpt":{"rendered":"","protected":false},"author":1,"featured_media":0,"parent":0,"menu_order":110,"comment_status":"closed","ping_status":"closed","template":"template-page-with-breadcrumbs.php","meta":{"_acf_changed":false,"inline_featured_image":false,"footnotes":""},"class_list":["post-6911","page","type-page","status-publish","hentry"],"acf":[],"yoast_head":"<!-- This site is optimized with the Yoast SEO plugin v26.1.1 - https:\/\/yoast.com\/wordpress\/plugins\/seo\/ -->\n<title>Made to Measure - PAA<\/title>\n<meta name=\"robots\" content=\"index, follow, max-snippet:-1, max-image-preview:large, max-video-preview:-1\" \/>\n<link rel=\"canonical\" href=\"https:\/\/paabaths.com\/lt\/made-to-measure\/\" \/>\n<meta property=\"og:locale\" content=\"lt_LT\" \/>\n<meta property=\"og:type\" content=\"article\" \/>\n<meta property=\"og:title\" content=\"Made to Measure - PAA\" \/>\n<meta property=\"og:url\" content=\"https:\/\/paabaths.com\/lt\/made-to-measure\/\" \/>\n<meta property=\"og:site_name\" content=\"PAA\" \/>\n<meta property=\"article:publisher\" content=\"https:\/\/www.facebook.com\/paabaths\/\" \/>\n<meta property=\"article:modified_time\" content=\"2024-05-21T11:54:32+00:00\" \/>\n<meta property=\"og:image\" content=\"https:\/\/paabaths.com\/wp-content\/uploads\/2025\/09\/PAA-baths-title2560x1500px.jpg\" \/>\n\t<meta property=\"og:image:width\" content=\"2560\" \/>\n\t<meta property=\"og:image:height\" content=\"1500\" \/>\n\t<meta property=\"og:image:type\" content=\"image\/jpeg\" \/>\n<meta name=\"twitter:card\" content=\"summary_large_image\" \/>\n<script type=\"application\/ld+json\" class=\"yoast-schema-graph\">{\"@context\":\"https:\/\/schema.org\",\"@graph\":[{\"@type\":\"WebPage\",\"@id\":\"https:\/\/paabaths.com\/lt\/made-to-measure\/\",\"url\":\"https:\/\/paabaths.com\/lt\/made-to-measure\/\",\"name\":\"Made to Measure - PAA\",\"isPartOf\":{\"@id\":\"https:\/\/paabaths.com\/lt\/#website\"},\"datePublished\":\"2021-03-12T09:59:15+00:00\",\"dateModified\":\"2024-05-21T11:54:32+00:00\",\"breadcrumb\":{\"@id\":\"https:\/\/paabaths.com\/lt\/made-to-measure\/#breadcrumb\"},\"inLanguage\":\"lt-LT\",\"potentialAction\":[{\"@type\":\"ReadAction\",\"target\":[\"https:\/\/paabaths.com\/lt\/made-to-measure\/\"]}]},{\"@type\":\"BreadcrumbList\",\"@id\":\"https:\/\/paabaths.com\/lt\/made-to-measure\/#breadcrumb\",\"itemListElement\":[{\"@type\":\"ListItem\",\"position\":1,\"name\":\"Home\",\"item\":\"https:\/\/paabaths.com\/lt\/\"},{\"@type\":\"ListItem\",\"position\":2,\"name\":\"Made to Measure\"}]},{\"@type\":\"WebSite\",\"@id\":\"https:\/\/paabaths.com\/lt\/#website\",\"url\":\"https:\/\/paabaths.com\/lt\/\",\"name\":\"PAA\",\"description\":\"This is PAA Ltd. brand site\",\"publisher\":{\"@id\":\"https:\/\/paabaths.com\/lt\/#organization\"},\"potentialAction\":[{\"@type\":\"SearchAction\",\"target\":{\"@type\":\"EntryPoint\",\"urlTemplate\":\"https:\/\/paabaths.com\/lt\/?s={search_term_string}\"},\"query-input\":{\"@type\":\"PropertyValueSpecification\",\"valueRequired\":true,\"valueName\":\"search_term_string\"}}],\"inLanguage\":\"lt-LT\"},{\"@type\":\"Organization\",\"@id\":\"https:\/\/paabaths.com\/lt\/#organization\",\"name\":\"PAA Baths\",\"url\":\"https:\/\/paabaths.com\/lt\/\",\"logo\":{\"@type\":\"ImageObject\",\"inLanguage\":\"lt-LT\",\"@id\":\"https:\/\/paabaths.com\/lt\/#\/schema\/logo\/image\/\",\"url\":\"https:\/\/paabaths.com\/wp-content\/uploads\/2023\/02\/84294546_179914056600038_3880533746851512320_n.jpeg\",\"contentUrl\":\"https:\/\/paabaths.com\/wp-content\/uploads\/2023\/02\/84294546_179914056600038_3880533746851512320_n.jpeg\",\"width\":320,\"height\":320,\"caption\":\"PAA Baths\"},\"image\":{\"@id\":\"https:\/\/paabaths.com\/lt\/#\/schema\/logo\/image\/\"},\"sameAs\":[\"https:\/\/www.facebook.com\/paabaths\/\",\"https:\/\/www.instagram.com\/paa_baths\"]}]}<\/script>\n<!-- \/ Yoast SEO plugin. -->","yoast_head_json":{"title":"Made to Measure - PAA","robots":{"index":"index","follow":"follow","max-snippet":"max-snippet:-1","max-image-preview":"max-image-preview:large","max-video-preview":"max-video-preview:-1"},"canonical":"https:\/\/paabaths.com\/lt\/made-to-measure\/","og_locale":"lt_LT","og_type":"article","og_title":"Made to Measure - PAA","og_url":"https:\/\/paabaths.com\/lt\/made-to-measure\/","og_site_name":"PAA","article_publisher":"https:\/\/www.facebook.com\/paabaths\/","article_modified_time":"2024-05-21T11:54:32+00:00","og_image":[{"width":2560,"height":1500,"url":"https:\/\/paabaths.com\/wp-content\/uploads\/2025\/09\/PAA-baths-title2560x1500px.jpg","type":"image\/jpeg"}],"twitter_card":"summary_large_image","schema":{"@context":"https:\/\/schema.org","@graph":[{"@type":"WebPage","@id":"https:\/\/paabaths.com\/lt\/made-to-measure\/","url":"https:\/\/paabaths.com\/lt\/made-to-measure\/","name":"Made to Measure - PAA","isPartOf":{"@id":"https:\/\/paabaths.com\/lt\/#website"},"datePublished":"2021-03-12T09:59:15+00:00","dateModified":"2024-05-21T11:54:32+00:00","breadcrumb":{"@id":"https:\/\/paabaths.com\/lt\/made-to-measure\/#breadcrumb"},"inLanguage":"lt-LT","potentialAction":[{"@type":"ReadAction","target":["https:\/\/paabaths.com\/lt\/made-to-measure\/"]}]},{"@type":"BreadcrumbList","@id":"https:\/\/paabaths.com\/lt\/made-to-measure\/#breadcrumb","itemListElement":[{"@type":"ListItem","position":1,"name":"Home","item":"https:\/\/paabaths.com\/lt\/"},{"@type":"ListItem","position":2,"name":"Made to Measure"}]},{"@type":"WebSite","@id":"https:\/\/paabaths.com\/lt\/#website","url":"https:\/\/paabaths.com\/lt\/","name":"PAA","description":"This is PAA Ltd. brand site","publisher":{"@id":"https:\/\/paabaths.com\/lt\/#organization"},"potentialAction":[{"@type":"SearchAction","target":{"@type":"EntryPoint","urlTemplate":"https:\/\/paabaths.com\/lt\/?s={search_term_string}"},"query-input":{"@type":"PropertyValueSpecification","valueRequired":true,"valueName":"search_term_string"}}],"inLanguage":"lt-LT"},{"@type":"Organization","@id":"https:\/\/paabaths.com\/lt\/#organization","name":"PAA Baths","url":"https:\/\/paabaths.com\/lt\/","logo":{"@type":"ImageObject","inLanguage":"lt-LT","@id":"https:\/\/paabaths.com\/lt\/#\/schema\/logo\/image\/","url":"https:\/\/paabaths.com\/wp-content\/uploads\/2023\/02\/84294546_179914056600038_3880533746851512320_n.jpeg","contentUrl":"https:\/\/paabaths.com\/wp-content\/uploads\/2023\/02\/84294546_179914056600038_3880533746851512320_n.jpeg","width":320,"height":320,"caption":"PAA Baths"},"image":{"@id":"https:\/\/paabaths.com\/lt\/#\/schema\/logo\/image\/"},"sameAs":["https:\/\/www.facebook.com\/paabaths\/","https:\/\/www.instagram.com\/paa_baths"]}]}},"_links":{"self":[{"href":"https:\/\/paabaths.com\/lt\/wp-json\/wp\/v2\/pages\/6911","targetHints":{"allow":["GET"]}}],"collection":[{"href":"https:\/\/paabaths.com\/lt\/wp-json\/wp\/v2\/pages"}],"about":[{"href":"https:\/\/paabaths.com\/lt\/wp-json\/wp\/v2\/types\/page"}],"author":[{"embeddable":true,"href":"https:\/\/paabaths.com\/lt\/wp-json\/wp\/v2\/users\/1"}],"replies":[{"embeddable":true,"href":"https:\/\/paabaths.com\/lt\/wp-json\/wp\/v2\/comments?post=6911"}],"version-history":[{"count":7,"href":"https:\/\/paabaths.com\/lt\/wp-json\/wp\/v2\/pages\/6911\/revisions"}],"predecessor-version":[{"id":62546,"href":"https:\/\/paabaths.com\/lt\/wp-json\/wp\/v2\/pages\/6911\/revisions\/62546"}],"wp:attachment":[{"href":"https:\/\/paabaths.com\/lt\/wp-json\/wp\/v2\/media?parent=6911"}],"curies":[{"name":"wp","href":"https:\/\/api.w.org\/{rel}","templated":true}]}}