{"id":6901,"date":"2021-04-07T04:48:53","date_gmt":"2021-04-07T01:48:53","guid":{"rendered":"https:\/\/paa.emptylimits.com\/for-architects-designers\/"},"modified":"2023-11-03T14:20:28","modified_gmt":"2023-11-03T12:20:28","slug":"bendradarbiavimas","status":"publish","type":"page","link":"https:\/\/paabaths.com\/lt\/verslui\/bendradarbiavimas\/","title":{"rendered":"Bendradarbiavimas"},"content":{"rendered":"<section data-type='full-width' id='block-69de6227abf94' class='full-width-cta wp-block-group acf-block alignfull '><style>#block-69de6227abf94 .wp-block-image { height: 700px; } \r\n@media(max-width:1024px){ #block-69de6227abf94 .wp-block-image { height: 450px; } }; \r\n@media(max-width:992px){ #block-69de6227abf94 .wp-block-image { height: 400px; } }; \r\n@media(max-width:568px){ #block-69de6227abf94 .wp-block-image { height: 270px; } }; \r\n<\/style><div class='image lazyload' data-background-image='https:\/\/paabaths.com\/wp-content\/uploads\/2021\/09\/PAA-Baths-Silkstone-Felice-1945x830-03-01-Matte-White-Front-View-Interior-2880x1630px-2560x1449.jpg'><\/div><div class='fill-bg'><\/div><div class='wp-block alignwide'><div  class='wp-block-image title-position-'><span class='inner-wrap'><span class='inner t-a-b-2'><h3 class='underline-solid'><\/h3><\/span><\/span><\/div><\/div><\/section>\n\n<section class='page-content wp-block-group acf-block alignwide style-1 content-width'><div class='wp-block alignwide'><div class='content t-a-b-2'><p>M\u016bs\u0173 s\u0117km\u0117 pagr\u012fsta m\u016bs\u0173, kaip \u012fmon\u0117s, vertyb\u0117mis.<\/p>\n<p>Mums labai svarb\u016bs \u017emoni\u0173 santykiai. Tikime, kad atviras bendravimas su partneriais yra b\u016btinas.<\/p>\n<p>Mes sutelkiame d\u0117mes\u012f \u012f eleganti\u0161k\u0105, modern\u0173 dizain\u0105, tobulum\u0105 ir nepriekai\u0161ting\u0105 rank\u0173 darbo gamin\u012f.<\/p>\n<p>Kai kreipiasi \u012f mus, esame ekspertai, ie\u0161kantys k\u016brybi\u0161k\u0173, proting\u0173 ir prakti\u0161k\u0173 sprendim\u0173 klient\u0173 poreikiams patenkinti.<\/p>\n<p>Visada esame pasireng\u0119 i\u0161bandyti naujus alternatyvius ir k\u016brybi\u0161kus sprendimus, net jei tam reikia daugiau pastang\u0173, kad patenkintume klient\u0173 poreikius. Estetik\u0105 ir kokyb\u0119 vertiname labiau nei peln\u0105.<\/p>\n<p>M\u016bs\u0173 santykiai su klientais ir partneriais bei elegancijos ir ilgalaikio gro\u017eio siekimas mums yra patys svarbiausi.<\/p>\n<\/div><\/div><\/section>\n\n<section data-type='full-width' id='block-69de6227af70b' class='full-width-cta wp-block-group acf-block alignwide '><style>#block-69de6227af70b .wp-block-image { height: 615px; } \r\n@media(max-width:1024px){ #block-69de6227af70b .wp-block-image { height: 430px; } }; \r\n@media(max-width:992px){ #block-69de6227af70b .wp-block-image { height: 430px; } }; \r\n@media(max-width:568px){ #block-69de6227af70b .wp-block-image { height: 270px; } }; \r\n<\/style><div class='image lazyload' data-background-image='https:\/\/paabaths.com\/wp-content\/uploads\/2022\/06\/Zane-1560x1560.jpg'><\/div><div class='fill-bg'><\/div><div class='wp-block alignwide'><div  class='wp-block-image title-position-'><span class='inner-wrap'><span class='inner t-a-b-2'><h3 class='underline-solid'><\/h3><\/span><\/span><\/div><\/div><\/section>\n\n<section class='wp-block alignwide qoute-with-button'><div class='content t-a-b-2'><div class='qoute'><p>&#8222;\u012e interjero projektus stengiuosi \u012ftraukti Latvjoje pagamintus gaminius, did\u017eiuojuosi vietiniais gamintojais, kurie kuria gra\u017eius ir kokybi\u0161kus dalykus. Klientams rekomenduoju PAA gaminius, nes gamintojas si\u016blo pla\u010dias nestandartini\u0173 sprendim\u0173 galimybes, form\u0173 ir atspalvi\u0173 \u012fvairov\u0119. PAA produkcija yra turtinga ne tik gra\u017eiu dizainu, bet ir \u012fvairiais praktiniais sprendimais, kuri\u0173 nesi\u016blo joks kitas gamintojas, pavyzd\u017eiui, Made to Measure pavir\u0161ius galima padaryti \u012fvairi\u0173 form\u0173, i\u0161 Sikstone med\u017eiagos  galima sukurti \u012fvairaus dizaino prautuv\u0173, voni\u0173 ir du\u0161o pad\u0117kl\u0173 derini\u0173.&#8221;<\/p>\n<\/div><div class='author'>&#8222;Zieme\u013cu akcents&#8221; dizainer\u0117 ZANE SKALBERGA, Ryga<\/div><div class='wp-block-buttons is-content-justification-center'><div class='wp-block-button is-style-outline'><a href='https:\/\/paabaths.com\/lt\/projektai\/' class='wp-block-button__link' title='\u017di\u016br\u0117ti projekt\u0105'>\u017di\u016br\u0117ti projekt\u0105<\/a><\/div><\/div><\/div><\/section>\n\n<section class=\"square-boxes wp-block-group acf-block\">\n    <div class='wp-block-columns align-wide items-2'><div class='wp-block-column'><span class='wp-block-image title-position-'><span class='image' style='background-image:url(https:\/\/paabaths.com\/wp-content\/uploads\/2021\/06\/for-architects-2-1-750x750.jpg);'><\/span><span class='inner-wrap'><span class='inner'><h3><\/h3><\/span><\/span><\/span><\/div><div class='wp-block-column'><span class='wp-block-image title-position-'><span class='image' style='background-image:url(https:\/\/paabaths.com\/wp-content\/uploads\/2021\/06\/for-architects-2-2-750x750.jpg);'><\/span><span class='inner-wrap'><span class='inner'><h3><\/h3><\/span><\/span><\/span><\/div>    <\/div>\n<\/section>\n\n\n<section data-type='' id='block-69de6227b4f7a' class='full-width-cta wp-block-group acf-block alignwide '><style>#block-69de6227b4f7a .wp-block-image { height: 583px; } \r\n@media(max-width:1024px){ #block-69de6227b4f7a .wp-block-image { height: 416px; } }; \r\n@media(max-width:992px){ #block-69de6227b4f7a .wp-block-image { height: 416px; } }; \r\n@media(max-width:568px){ #block-69de6227b4f7a .wp-block-image { height: 270px; } }; \r\n<\/style><div class='image lazyload' data-background-image='https:\/\/paabaths.com\/wp-content\/uploads\/2021\/06\/for-architects-3.jpg'><\/div><div class='fill-bg'><\/div><div class='wp-block alignwide'><div  class='wp-block-image title-position-'><span class='inner-wrap'><span class='inner t-a-b-2'><h3 class='underline-solid'><\/h3><\/span><\/span><\/div><\/div><\/section>\n\n<section data-type='' id='block-69de6227b61cb' class='full-width-cta wp-block-group acf-block alignwide '><style>#block-69de6227b61cb .wp-block-image { height: 615px; } \r\n@media(max-width:1024px){ #block-69de6227b61cb .wp-block-image { height: 435px; } }; \r\n@media(max-width:992px){ #block-69de6227b61cb .wp-block-image { height: 435px; } }; \r\n@media(max-width:568px){ #block-69de6227b61cb .wp-block-image { height: 290px; } }; \r\n<\/style><div class='image lazyload' data-background-image='https:\/\/paabaths.com\/wp-content\/uploads\/2021\/06\/for-architects-6-1-1560x923.jpg'><\/div><div class='fill-bg'><\/div><div class='wp-block alignwide'><div  class='wp-block-image title-position-'><span class='inner-wrap'><span class='inner t-a-b-2'><h3 class='underline-solid'><\/h3><\/span><\/span><\/div><\/div><\/section>\n\n<section class=\"square-boxes wp-block-group acf-block\">\n    <div class='wp-block-columns align-wide items-2'><div class='wp-block-column'><span class='wp-block-image title-position-'><span class='image' style='background-image:url(https:\/\/paabaths.com\/wp-content\/uploads\/2021\/06\/for-architects-7-1-750x750.jpg);'><\/span><span class='inner-wrap'><span class='inner'><h3><\/h3><\/span><\/span><\/span><\/div><div class='wp-block-column'><span class='wp-block-image title-position-'><span class='image' style='background-image:url(https:\/\/paabaths.com\/wp-content\/uploads\/2021\/06\/for-architects-7-2-750x750.jpg);'><\/span><span class='inner-wrap'><span class='inner'><h3><\/h3><\/span><\/span><\/span><\/div>    <\/div>\n<\/section>\n\n\n<section class=\"square-boxes wp-block-group acf-block\">\n    <div class='wp-block-columns align-wide items-2'><div class='wp-block-column'><a href='.\/' class='wp-block-image title-position-center'><span class='image' style='background-image:url(https:\/\/paabaths.com\/wp-content\/uploads\/2021\/04\/our-materials-home-square-750x750.png);'><\/span><span class='inner-wrap'><span class='inner'><h3>Med\u017eiagos<\/h3><\/span><\/span><\/a><\/div><div class='wp-block-column'><a href='http:\/\/paabaths.com\/projects\/' class='wp-block-image title-position-center'><span class='image' style='background-image:url(https:\/\/paabaths.com\/wp-content\/uploads\/2021\/06\/selected-projects-square-750x750.jpg);'><\/span><span class='inner-wrap'><span class='inner'><h3>Projektai<\/h3><\/span><\/span><\/a><\/div>    <\/div>\n<\/section>\n\n\n<section class='button-block wp-block-group acf-block'><div class='wp-block alignwide t-a-b-2'><h2><\/h2><div class='wp-block-buttons is-content-justification-center'><div class='wp-block-button is-style-outline'><a href='http:\/\/paabaths.com\/lt\/verslui\/susisiekti\/' class='wp-block-button__link' title='Pateikti projekto u\u017eklaus\u0105'>Pateikti projekto u\u017eklaus\u0105<\/a><\/div><\/div><\/div><\/section>","protected":false},"excerpt":{"rendered":"","protected":false},"author":1,"featured_media":0,"parent":6908,"menu_order":0,"comment_status":"closed","ping_status":"closed","template":"template-page-with-breadcrumbs.php","meta":{"_acf_changed":false,"inline_featured_image":false,"footnotes":""},"class_list":["post-6901","page","type-page","status-publish","hentry"],"acf":[],"yoast_head":"<!-- This site is optimized with the Yoast SEO plugin v26.1.1 - https:\/\/yoast.com\/wordpress\/plugins\/seo\/ -->\n<title>Bendradarbiavimas - PAA<\/title>\n<meta name=\"robots\" content=\"index, follow, max-snippet:-1, max-image-preview:large, max-video-preview:-1\" \/>\n<link rel=\"canonical\" href=\"https:\/\/paabaths.com\/lt\/verslui\/bendradarbiavimas\/\" \/>\n<meta property=\"og:locale\" content=\"lt_LT\" \/>\n<meta property=\"og:type\" content=\"article\" \/>\n<meta property=\"og:title\" content=\"Bendradarbiavimas - PAA\" \/>\n<meta property=\"og:url\" content=\"https:\/\/paabaths.com\/lt\/verslui\/bendradarbiavimas\/\" \/>\n<meta property=\"og:site_name\" content=\"PAA\" \/>\n<meta property=\"article:publisher\" content=\"https:\/\/www.facebook.com\/paabaths\/\" \/>\n<meta property=\"article:modified_time\" content=\"2023-11-03T12:20:28+00:00\" \/>\n<meta property=\"og:image\" content=\"https:\/\/paabaths.com\/wp-content\/uploads\/2025\/09\/PAA-baths-title2560x1500px.jpg\" \/>\n\t<meta property=\"og:image:width\" content=\"2560\" \/>\n\t<meta property=\"og:image:height\" content=\"1500\" \/>\n\t<meta property=\"og:image:type\" content=\"image\/jpeg\" \/>\n<meta name=\"twitter:card\" content=\"summary_large_image\" \/>\n<script type=\"application\/ld+json\" class=\"yoast-schema-graph\">{\"@context\":\"https:\/\/schema.org\",\"@graph\":[{\"@type\":\"WebPage\",\"@id\":\"https:\/\/paabaths.com\/lt\/verslui\/bendradarbiavimas\/\",\"url\":\"https:\/\/paabaths.com\/lt\/verslui\/bendradarbiavimas\/\",\"name\":\"Bendradarbiavimas - PAA\",\"isPartOf\":{\"@id\":\"https:\/\/paabaths.com\/lt\/#website\"},\"datePublished\":\"2021-04-07T01:48:53+00:00\",\"dateModified\":\"2023-11-03T12:20:28+00:00\",\"breadcrumb\":{\"@id\":\"https:\/\/paabaths.com\/lt\/verslui\/bendradarbiavimas\/#breadcrumb\"},\"inLanguage\":\"lt-LT\",\"potentialAction\":[{\"@type\":\"ReadAction\",\"target\":[\"https:\/\/paabaths.com\/lt\/verslui\/bendradarbiavimas\/\"]}]},{\"@type\":\"BreadcrumbList\",\"@id\":\"https:\/\/paabaths.com\/lt\/verslui\/bendradarbiavimas\/#breadcrumb\",\"itemListElement\":[{\"@type\":\"ListItem\",\"position\":1,\"name\":\"Home\",\"item\":\"https:\/\/paabaths.com\/lt\/\"},{\"@type\":\"ListItem\",\"position\":2,\"name\":\"Verslui\",\"item\":\"https:\/\/paabaths.com\/lt\/for-professionals\/\"},{\"@type\":\"ListItem\",\"position\":3,\"name\":\"Bendradarbiavimas\"}]},{\"@type\":\"WebSite\",\"@id\":\"https:\/\/paabaths.com\/lt\/#website\",\"url\":\"https:\/\/paabaths.com\/lt\/\",\"name\":\"PAA\",\"description\":\"This is PAA Ltd. brand site\",\"publisher\":{\"@id\":\"https:\/\/paabaths.com\/lt\/#organization\"},\"potentialAction\":[{\"@type\":\"SearchAction\",\"target\":{\"@type\":\"EntryPoint\",\"urlTemplate\":\"https:\/\/paabaths.com\/lt\/?s={search_term_string}\"},\"query-input\":{\"@type\":\"PropertyValueSpecification\",\"valueRequired\":true,\"valueName\":\"search_term_string\"}}],\"inLanguage\":\"lt-LT\"},{\"@type\":\"Organization\",\"@id\":\"https:\/\/paabaths.com\/lt\/#organization\",\"name\":\"PAA Baths\",\"url\":\"https:\/\/paabaths.com\/lt\/\",\"logo\":{\"@type\":\"ImageObject\",\"inLanguage\":\"lt-LT\",\"@id\":\"https:\/\/paabaths.com\/lt\/#\/schema\/logo\/image\/\",\"url\":\"https:\/\/paabaths.com\/wp-content\/uploads\/2023\/02\/84294546_179914056600038_3880533746851512320_n.jpeg\",\"contentUrl\":\"https:\/\/paabaths.com\/wp-content\/uploads\/2023\/02\/84294546_179914056600038_3880533746851512320_n.jpeg\",\"width\":320,\"height\":320,\"caption\":\"PAA Baths\"},\"image\":{\"@id\":\"https:\/\/paabaths.com\/lt\/#\/schema\/logo\/image\/\"},\"sameAs\":[\"https:\/\/www.facebook.com\/paabaths\/\",\"https:\/\/www.instagram.com\/paa_baths\"]}]}<\/script>\n<!-- \/ Yoast SEO plugin. -->","yoast_head_json":{"title":"Bendradarbiavimas - PAA","robots":{"index":"index","follow":"follow","max-snippet":"max-snippet:-1","max-image-preview":"max-image-preview:large","max-video-preview":"max-video-preview:-1"},"canonical":"https:\/\/paabaths.com\/lt\/verslui\/bendradarbiavimas\/","og_locale":"lt_LT","og_type":"article","og_title":"Bendradarbiavimas - PAA","og_url":"https:\/\/paabaths.com\/lt\/verslui\/bendradarbiavimas\/","og_site_name":"PAA","article_publisher":"https:\/\/www.facebook.com\/paabaths\/","article_modified_time":"2023-11-03T12:20:28+00:00","og_image":[{"width":2560,"height":1500,"url":"https:\/\/paabaths.com\/wp-content\/uploads\/2025\/09\/PAA-baths-title2560x1500px.jpg","type":"image\/jpeg"}],"twitter_card":"summary_large_image","schema":{"@context":"https:\/\/schema.org","@graph":[{"@type":"WebPage","@id":"https:\/\/paabaths.com\/lt\/verslui\/bendradarbiavimas\/","url":"https:\/\/paabaths.com\/lt\/verslui\/bendradarbiavimas\/","name":"Bendradarbiavimas - PAA","isPartOf":{"@id":"https:\/\/paabaths.com\/lt\/#website"},"datePublished":"2021-04-07T01:48:53+00:00","dateModified":"2023-11-03T12:20:28+00:00","breadcrumb":{"@id":"https:\/\/paabaths.com\/lt\/verslui\/bendradarbiavimas\/#breadcrumb"},"inLanguage":"lt-LT","potentialAction":[{"@type":"ReadAction","target":["https:\/\/paabaths.com\/lt\/verslui\/bendradarbiavimas\/"]}]},{"@type":"BreadcrumbList","@id":"https:\/\/paabaths.com\/lt\/verslui\/bendradarbiavimas\/#breadcrumb","itemListElement":[{"@type":"ListItem","position":1,"name":"Home","item":"https:\/\/paabaths.com\/lt\/"},{"@type":"ListItem","position":2,"name":"Verslui","item":"https:\/\/paabaths.com\/lt\/for-professionals\/"},{"@type":"ListItem","position":3,"name":"Bendradarbiavimas"}]},{"@type":"WebSite","@id":"https:\/\/paabaths.com\/lt\/#website","url":"https:\/\/paabaths.com\/lt\/","name":"PAA","description":"This is PAA Ltd. brand site","publisher":{"@id":"https:\/\/paabaths.com\/lt\/#organization"},"potentialAction":[{"@type":"SearchAction","target":{"@type":"EntryPoint","urlTemplate":"https:\/\/paabaths.com\/lt\/?s={search_term_string}"},"query-input":{"@type":"PropertyValueSpecification","valueRequired":true,"valueName":"search_term_string"}}],"inLanguage":"lt-LT"},{"@type":"Organization","@id":"https:\/\/paabaths.com\/lt\/#organization","name":"PAA Baths","url":"https:\/\/paabaths.com\/lt\/","logo":{"@type":"ImageObject","inLanguage":"lt-LT","@id":"https:\/\/paabaths.com\/lt\/#\/schema\/logo\/image\/","url":"https:\/\/paabaths.com\/wp-content\/uploads\/2023\/02\/84294546_179914056600038_3880533746851512320_n.jpeg","contentUrl":"https:\/\/paabaths.com\/wp-content\/uploads\/2023\/02\/84294546_179914056600038_3880533746851512320_n.jpeg","width":320,"height":320,"caption":"PAA Baths"},"image":{"@id":"https:\/\/paabaths.com\/lt\/#\/schema\/logo\/image\/"},"sameAs":["https:\/\/www.facebook.com\/paabaths\/","https:\/\/www.instagram.com\/paa_baths"]}]}},"_links":{"self":[{"href":"https:\/\/paabaths.com\/lt\/wp-json\/wp\/v2\/pages\/6901","targetHints":{"allow":["GET"]}}],"collection":[{"href":"https:\/\/paabaths.com\/lt\/wp-json\/wp\/v2\/pages"}],"about":[{"href":"https:\/\/paabaths.com\/lt\/wp-json\/wp\/v2\/types\/page"}],"author":[{"embeddable":true,"href":"https:\/\/paabaths.com\/lt\/wp-json\/wp\/v2\/users\/1"}],"replies":[{"embeddable":true,"href":"https:\/\/paabaths.com\/lt\/wp-json\/wp\/v2\/comments?post=6901"}],"version-history":[{"count":3,"href":"https:\/\/paabaths.com\/lt\/wp-json\/wp\/v2\/pages\/6901\/revisions"}],"predecessor-version":[{"id":58659,"href":"https:\/\/paabaths.com\/lt\/wp-json\/wp\/v2\/pages\/6901\/revisions\/58659"}],"up":[{"embeddable":true,"href":"https:\/\/paabaths.com\/lt\/wp-json\/wp\/v2\/pages\/6908"}],"wp:attachment":[{"href":"https:\/\/paabaths.com\/lt\/wp-json\/wp\/v2\/media?parent=6901"}],"curies":[{"name":"wp","href":"https:\/\/api.w.org\/{rel}","templated":true}]}}