{"id":6895,"date":"2021-04-07T04:44:59","date_gmt":"2021-04-07T01:44:59","guid":{"rendered":"https:\/\/paa.emptylimits.com\/creating-a-bath\/"},"modified":"2025-10-29T10:35:36","modified_gmt":"2025-10-29T08:35:36","slug":"istorija","status":"publish","type":"page","link":"https:\/\/paabaths.com\/lt\/mes\/istorija\/","title":{"rendered":"Istorija"},"content":{"rendered":"<section class='page-title wp-block-group acf-block position-center  has-h1' ><div class='wp-block alignwide'><h1 class='t-a-b-2'>Mes gaminame vonias. <\/h1><\/div><\/section>\n\n<section class='page-description wp-block-group acf-block alignwide'><div class='wp-block alignwide'><div class='description t-a-b-2'><p>Nuo 1993 m. Latvijoje. Rank\u0173 darbas.<\/p>\n<\/div><\/div><\/section>\n\n<section data-type='full-width' id='block-69e8a37d16057' class='full-width-cta wp-block-group acf-block alignfull font-color-white'><style>#block-69e8a37d16057 .wp-block-image { height: 810px; } \r\n@media(max-width:1024px){ #block-69e8a37d16057 .wp-block-image { height: 450px; } }; \r\n@media(max-width:992px){ #block-69e8a37d16057 .wp-block-image { height: 450px; } }; \r\n@media(max-width:568px){ #block-69e8a37d16057 .wp-block-image { height: 270px; } }; \r\n<\/style><div class='image lazyload' data-background-image='https:\/\/paabaths.com\/wp-content\/uploads\/2022\/06\/PAA_kolektivs_07-20_2560x1441px.jpg'><\/div><div class='fill-bg'><\/div><div class='wp-block alignwide'><div  class='wp-block-image title-position-bottom'><span class='inner-wrap'><span class='inner t-a-b-2'><h3 class='underline-solid'><\/h3><\/span><\/span><\/div><\/div><\/section>\n\n<section class='page-content wp-block-group acf-block alignwide style-1 content-width'><div class='wp-block alignwide'><div class='content t-a-b-2'><p>PAA buvo \u012fkurta trij\u0173 draug\u0173 &#8211; fiziko, dailid\u0117s ir gydytojo. Jie panaudojo savo sukauptas \u017einias bei stipri\u0105sias puses ir suk\u016br\u0117 pirm\u0105j\u0105 voni\u0105.<\/p>\n<p>B\u0117gant metams, PAA investavo \u012f meistri\u0161kum\u0105 ir novatori\u0161kas gamybos technologijas, kad kurt\u0173 eleganti\u0161kesnes, patvaresnes ir originalesnes vonias bei praustuvus, vadovaudamiesi naujausiomis dizaino tendencijomis.<\/p>\n<p>Esame pasiry\u017e\u0119 t\u0119sti \u0161i\u0105 tradicij\u0105 ir teikti tik geriausios kokyb\u0117s gaminius savo profesionaliems partneriams, dizaineriams ir klientams, kurie tikisi auk\u0161\u010diausios kokyb\u0117s.<\/p>\n<\/div><\/div><\/section>\n\n<section class=\"square-boxes wp-block-group acf-block\">\n    <div class='wp-block-columns align-wide items-2'><div class='wp-block-column'><span class='wp-block-image title-position-'><span class='image' style='background-image:url(https:\/\/paabaths.com\/wp-content\/uploads\/2021\/06\/creating-bath-1.jpg);'><\/span><span class='inner-wrap'><span class='inner'><h3><\/h3><\/span><\/span><\/span><\/div><div class='wp-block-column'><span class='wp-block-image title-position-'><span class='image' style='background-image:url(https:\/\/paabaths.com\/wp-content\/uploads\/2022\/09\/rocina-750x750.jpg);'><\/span><span class='inner-wrap'><span class='inner'><h3><\/h3><\/span><\/span><\/span><\/div>    <\/div>\n<\/section>\n\n\n<section data-type='' id='block-69e8a37d1b5d7' class='full-width-cta wp-block-group acf-block alignwide '><style>#block-69e8a37d1b5d7 .wp-block-image { height: 615px; } \r\n@media(max-width:1024px){ #block-69e8a37d1b5d7 .wp-block-image { height: 435px; } }; \r\n@media(max-width:992px){ #block-69e8a37d1b5d7 .wp-block-image { height: 400px; } }; \r\n@media(max-width:568px){ #block-69e8a37d1b5d7 .wp-block-image { height: 270px; } }; \r\n<\/style><div class='image lazyload' data-background-image='https:\/\/paabaths.com\/wp-content\/uploads\/2021\/06\/creating-bath-3.jpg'><\/div><div class='fill-bg'><\/div><div class='wp-block alignwide'><div  class='wp-block-image title-position-'><span class='inner-wrap'><span class='inner t-a-b-2'><h3 class='underline-solid'><\/h3><\/span><\/span><\/div><\/div><\/section>\n\n<section class=\"square-boxes wp-block-group acf-block\">\n    <div class='wp-block-columns align-wide items-2'><div class='wp-block-column'><span class='wp-block-image title-position-'><span class='image' style='background-image:url(https:\/\/paabaths.com\/wp-content\/uploads\/2021\/06\/creating-bath-4.jpg);'><\/span><span class='inner-wrap'><span class='inner'><h3><\/h3><\/span><\/span><\/span><\/div><div class='wp-block-column'><span class='wp-block-image title-position-'><span class='image' style='background-image:url(https:\/\/paabaths.com\/wp-content\/uploads\/2021\/06\/creating-bath-5.jpg);'><\/span><span class='inner-wrap'><span class='inner'><h3><\/h3><\/span><\/span><\/span><\/div>    <\/div>\n<\/section>\n\n\n<section class=\"square-boxes wp-block-group acf-block\">\n    <div class='wp-block-columns align-wide items-2'><div class='wp-block-column'><a href='http:\/\/paabaths.com\/lt\/medziagos\/' class='wp-block-image title-position-center'><span class='image' style='background-image:url(https:\/\/paabaths.com\/wp-content\/uploads\/2021\/06\/creating-bath-7.jpg);'><\/span><span class='inner-wrap'><span class='inner'><h3>Med\u017eiagos<\/h3><\/span><\/span><\/a><\/div><div class='wp-block-column'><a href='https:\/\/paabaths.com\/lt\/katalogas\/vonios\/?pa_color=graphite' class='wp-block-image title-position-center'><span class='image' style='background-image:url(https:\/\/paabaths.com\/wp-content\/uploads\/2021\/06\/silkstone-collection-4-750x750.jpg);'><\/span><span class='inner-wrap'><span class='inner'><h3>Graphite Vonios<\/h3><\/span><\/span><\/a><\/div>    <\/div>\n<\/section>\n","protected":false},"excerpt":{"rendered":"","protected":false},"author":1,"featured_media":0,"parent":13737,"menu_order":1,"comment_status":"closed","ping_status":"closed","template":"template-page-with-breadcrumbs.php","meta":{"_acf_changed":false,"inline_featured_image":false,"footnotes":""},"class_list":["post-6895","page","type-page","status-publish","hentry"],"acf":[],"yoast_head":"<!-- This site is optimized with the Yoast SEO plugin v26.1.1 - https:\/\/yoast.com\/wordpress\/plugins\/seo\/ -->\n<title>Istorija - PAA<\/title>\n<meta name=\"robots\" content=\"index, follow, max-snippet:-1, max-image-preview:large, max-video-preview:-1\" \/>\n<link rel=\"canonical\" href=\"https:\/\/paabaths.com\/lt\/mes\/istorija\/\" \/>\n<meta property=\"og:locale\" content=\"lt_LT\" \/>\n<meta property=\"og:type\" content=\"article\" \/>\n<meta property=\"og:title\" content=\"Istorija - PAA\" \/>\n<meta property=\"og:url\" content=\"https:\/\/paabaths.com\/lt\/mes\/istorija\/\" \/>\n<meta property=\"og:site_name\" content=\"PAA\" \/>\n<meta property=\"article:publisher\" content=\"https:\/\/www.facebook.com\/paabaths\/\" \/>\n<meta property=\"article:modified_time\" content=\"2025-10-29T08:35:36+00:00\" \/>\n<meta property=\"og:image\" content=\"https:\/\/paabaths.com\/wp-content\/uploads\/2025\/09\/PAA-baths-title2560x1500px.jpg\" \/>\n\t<meta property=\"og:image:width\" content=\"2560\" \/>\n\t<meta property=\"og:image:height\" content=\"1500\" \/>\n\t<meta property=\"og:image:type\" content=\"image\/jpeg\" \/>\n<meta name=\"twitter:card\" content=\"summary_large_image\" \/>\n<script type=\"application\/ld+json\" class=\"yoast-schema-graph\">{\"@context\":\"https:\/\/schema.org\",\"@graph\":[{\"@type\":\"WebPage\",\"@id\":\"https:\/\/paabaths.com\/lt\/mes\/istorija\/\",\"url\":\"https:\/\/paabaths.com\/lt\/mes\/istorija\/\",\"name\":\"Istorija - PAA\",\"isPartOf\":{\"@id\":\"https:\/\/paabaths.com\/lt\/#website\"},\"datePublished\":\"2021-04-07T01:44:59+00:00\",\"dateModified\":\"2025-10-29T08:35:36+00:00\",\"breadcrumb\":{\"@id\":\"https:\/\/paabaths.com\/lt\/mes\/istorija\/#breadcrumb\"},\"inLanguage\":\"lt-LT\",\"potentialAction\":[{\"@type\":\"ReadAction\",\"target\":[\"https:\/\/paabaths.com\/lt\/mes\/istorija\/\"]}]},{\"@type\":\"BreadcrumbList\",\"@id\":\"https:\/\/paabaths.com\/lt\/mes\/istorija\/#breadcrumb\",\"itemListElement\":[{\"@type\":\"ListItem\",\"position\":1,\"name\":\"Home\",\"item\":\"https:\/\/paabaths.com\/lt\/\"},{\"@type\":\"ListItem\",\"position\":2,\"name\":\"Mes\",\"item\":\"https:\/\/paabaths.com\/lt\/mes\/\"},{\"@type\":\"ListItem\",\"position\":3,\"name\":\"Istorija\"}]},{\"@type\":\"WebSite\",\"@id\":\"https:\/\/paabaths.com\/lt\/#website\",\"url\":\"https:\/\/paabaths.com\/lt\/\",\"name\":\"PAA\",\"description\":\"This is PAA Ltd. brand site\",\"publisher\":{\"@id\":\"https:\/\/paabaths.com\/lt\/#organization\"},\"potentialAction\":[{\"@type\":\"SearchAction\",\"target\":{\"@type\":\"EntryPoint\",\"urlTemplate\":\"https:\/\/paabaths.com\/lt\/?s={search_term_string}\"},\"query-input\":{\"@type\":\"PropertyValueSpecification\",\"valueRequired\":true,\"valueName\":\"search_term_string\"}}],\"inLanguage\":\"lt-LT\"},{\"@type\":\"Organization\",\"@id\":\"https:\/\/paabaths.com\/lt\/#organization\",\"name\":\"PAA Baths\",\"url\":\"https:\/\/paabaths.com\/lt\/\",\"logo\":{\"@type\":\"ImageObject\",\"inLanguage\":\"lt-LT\",\"@id\":\"https:\/\/paabaths.com\/lt\/#\/schema\/logo\/image\/\",\"url\":\"https:\/\/paabaths.com\/wp-content\/uploads\/2023\/02\/84294546_179914056600038_3880533746851512320_n.jpeg\",\"contentUrl\":\"https:\/\/paabaths.com\/wp-content\/uploads\/2023\/02\/84294546_179914056600038_3880533746851512320_n.jpeg\",\"width\":320,\"height\":320,\"caption\":\"PAA Baths\"},\"image\":{\"@id\":\"https:\/\/paabaths.com\/lt\/#\/schema\/logo\/image\/\"},\"sameAs\":[\"https:\/\/www.facebook.com\/paabaths\/\",\"https:\/\/www.instagram.com\/paa_baths\"]}]}<\/script>\n<!-- \/ Yoast SEO plugin. -->","yoast_head_json":{"title":"Istorija - PAA","robots":{"index":"index","follow":"follow","max-snippet":"max-snippet:-1","max-image-preview":"max-image-preview:large","max-video-preview":"max-video-preview:-1"},"canonical":"https:\/\/paabaths.com\/lt\/mes\/istorija\/","og_locale":"lt_LT","og_type":"article","og_title":"Istorija - PAA","og_url":"https:\/\/paabaths.com\/lt\/mes\/istorija\/","og_site_name":"PAA","article_publisher":"https:\/\/www.facebook.com\/paabaths\/","article_modified_time":"2025-10-29T08:35:36+00:00","og_image":[{"width":2560,"height":1500,"url":"https:\/\/paabaths.com\/wp-content\/uploads\/2025\/09\/PAA-baths-title2560x1500px.jpg","type":"image\/jpeg"}],"twitter_card":"summary_large_image","schema":{"@context":"https:\/\/schema.org","@graph":[{"@type":"WebPage","@id":"https:\/\/paabaths.com\/lt\/mes\/istorija\/","url":"https:\/\/paabaths.com\/lt\/mes\/istorija\/","name":"Istorija - PAA","isPartOf":{"@id":"https:\/\/paabaths.com\/lt\/#website"},"datePublished":"2021-04-07T01:44:59+00:00","dateModified":"2025-10-29T08:35:36+00:00","breadcrumb":{"@id":"https:\/\/paabaths.com\/lt\/mes\/istorija\/#breadcrumb"},"inLanguage":"lt-LT","potentialAction":[{"@type":"ReadAction","target":["https:\/\/paabaths.com\/lt\/mes\/istorija\/"]}]},{"@type":"BreadcrumbList","@id":"https:\/\/paabaths.com\/lt\/mes\/istorija\/#breadcrumb","itemListElement":[{"@type":"ListItem","position":1,"name":"Home","item":"https:\/\/paabaths.com\/lt\/"},{"@type":"ListItem","position":2,"name":"Mes","item":"https:\/\/paabaths.com\/lt\/mes\/"},{"@type":"ListItem","position":3,"name":"Istorija"}]},{"@type":"WebSite","@id":"https:\/\/paabaths.com\/lt\/#website","url":"https:\/\/paabaths.com\/lt\/","name":"PAA","description":"This is PAA Ltd. brand site","publisher":{"@id":"https:\/\/paabaths.com\/lt\/#organization"},"potentialAction":[{"@type":"SearchAction","target":{"@type":"EntryPoint","urlTemplate":"https:\/\/paabaths.com\/lt\/?s={search_term_string}"},"query-input":{"@type":"PropertyValueSpecification","valueRequired":true,"valueName":"search_term_string"}}],"inLanguage":"lt-LT"},{"@type":"Organization","@id":"https:\/\/paabaths.com\/lt\/#organization","name":"PAA Baths","url":"https:\/\/paabaths.com\/lt\/","logo":{"@type":"ImageObject","inLanguage":"lt-LT","@id":"https:\/\/paabaths.com\/lt\/#\/schema\/logo\/image\/","url":"https:\/\/paabaths.com\/wp-content\/uploads\/2023\/02\/84294546_179914056600038_3880533746851512320_n.jpeg","contentUrl":"https:\/\/paabaths.com\/wp-content\/uploads\/2023\/02\/84294546_179914056600038_3880533746851512320_n.jpeg","width":320,"height":320,"caption":"PAA Baths"},"image":{"@id":"https:\/\/paabaths.com\/lt\/#\/schema\/logo\/image\/"},"sameAs":["https:\/\/www.facebook.com\/paabaths\/","https:\/\/www.instagram.com\/paa_baths"]}]}},"_links":{"self":[{"href":"https:\/\/paabaths.com\/lt\/wp-json\/wp\/v2\/pages\/6895","targetHints":{"allow":["GET"]}}],"collection":[{"href":"https:\/\/paabaths.com\/lt\/wp-json\/wp\/v2\/pages"}],"about":[{"href":"https:\/\/paabaths.com\/lt\/wp-json\/wp\/v2\/types\/page"}],"author":[{"embeddable":true,"href":"https:\/\/paabaths.com\/lt\/wp-json\/wp\/v2\/users\/1"}],"replies":[{"embeddable":true,"href":"https:\/\/paabaths.com\/lt\/wp-json\/wp\/v2\/comments?post=6895"}],"version-history":[{"count":1,"href":"https:\/\/paabaths.com\/lt\/wp-json\/wp\/v2\/pages\/6895\/revisions"}],"predecessor-version":[{"id":93893,"href":"https:\/\/paabaths.com\/lt\/wp-json\/wp\/v2\/pages\/6895\/revisions\/93893"}],"up":[{"embeddable":true,"href":"https:\/\/paabaths.com\/lt\/wp-json\/wp\/v2\/pages\/13737"}],"wp:attachment":[{"href":"https:\/\/paabaths.com\/lt\/wp-json\/wp\/v2\/media?parent=6895"}],"curies":[{"name":"wp","href":"https:\/\/api.w.org\/{rel}","templated":true}]}}