{"id":4318,"date":"2021-03-19T13:49:24","date_gmt":"2021-03-19T11:49:24","guid":{"rendered":"https:\/\/paa.emptylimits.com\/home\/"},"modified":"2026-04-01T11:38:49","modified_gmt":"2026-04-01T08:38:49","slug":"pagrindinis","status":"publish","type":"page","link":"https:\/\/paabaths.com\/lt\/","title":{"rendered":"Pagrindinis"},"content":{"rendered":"<section class=\"home-hero acf-block\">\n    <div class=\"image\" style=\"background-image: url(https:\/\/paabaths.com\/wp-content\/uploads\/2025\/09\/PAA-baths-Alba-factory-title-image.jpg)\"><\/div>\n    <div class=\"wp-block alignwide\">\n        <h1><\/h1>\n    <\/div>\n<\/section>\n\n<div class=\"wp-block-image\">\n<figure class=\"aligncenter size-full\"><a href=\"https:\/\/paabaths.com\/wp-content\/uploads\/profile\/PAA_profile_2025.pdf\"><img loading=\"lazy\" decoding=\"async\" width=\"600\" height=\"900\" src=\"https:\/\/paabaths.com\/wp-content\/uploads\/2025\/09\/PAA-Peteris-Treicis-stands-on-bathtub-600x900px.jpg\" alt=\"\" class=\"wp-image-92372\" srcset=\"https:\/\/paabaths.com\/wp-content\/uploads\/2025\/09\/PAA-Peteris-Treicis-stands-on-bathtub-600x900px.jpg 600w, https:\/\/paabaths.com\/wp-content\/uploads\/2025\/09\/PAA-Peteris-Treicis-stands-on-bathtub-600x900px-500x750.jpg 500w\" sizes=\"auto, (max-width: 600px) 100vw, 600px\" \/><\/a><\/figure><\/div>\n\n<section class='page-content wp-block-group acf-block alignwide style-1 content-width'><div class='wp-block alignwide'><div class='content t-a-b-2'><p style=\"text-align: center;\"><span style=\"font-family: Barlow Condensed; font-size: 30px;\">ISTORIJA<\/span><\/p>\n<p style=\"text-align: center;\"><span style=\"font-family: Barlow Condensed; font-size: 25px;\">PAA \u0161aknys slypi gamyboje, ta\u010diau jos aistra \u2013 k\u016brybi\u0161kumas.<\/span><\/p>\n<p style=\"text-align: center;\"><span style=\"font-family: Barlow Condensed; font-size: 25px;\">Jau daugiau nei tris de\u0161imtme\u010dius veikianti Latvijos gamintoja PAA i\u0161pl\u0117t\u0117 savo technologines galimybes. PAA naudoja modernias technologijas, ta\u010diau visi gamybos procesai baigiami ramkomis iki tobulumo.<\/span><\/p>\n<p style=\"text-align: center;\"><span style=\"font-family: Barlow Condensed; font-size: 25px;\">Nuo nauj\u0173 med\u017eiag\u0173 ir rafinuot\u0173 dizain\u0173 k\u016brimo iki partneryst\u0117s su pasauliniais dizaineriais, tokiais kaip Karim Rashid, PAA tapo lydere Baltijos regione ir jos rinka ple\u010diasi iki 15 \u0161ali\u0173.<\/span><\/p>\n<p style=\"text-align: center;\"><span style=\"font-family: Barlow Condensed; font-size: 25px;\">Meni\u0161ka komunikacija papildo patrauklius ir subtilius produktus.<\/span><\/p>\n<p>.<\/p>\n<\/div><\/div><\/section>\n\n<div class=\"t-a-b-2 visible\">\n<div class=\"wp-block-button is-style-outline\" style=\"text-align: center;\" data-gtm-vis-first-on-screen99515188_84=\"3216\" data-gtm-vis-total-visible-time99515188_84=\"100\" data-gtm-vis-has-fired99515188_84=\"1\"><a class=\"finish-btn wp-block-button__link\" href=\"https:\/\/paabaths.com\/wp-content\/uploads\/profile\/PAA_company_profile_2026-ENG.pdf\">PAA profil\u012f (.pdf)<\/a><\/div>\n<\/div>\n\n<section class='page-content wp-block-group acf-block alignwide style-1 alignwide'><div class='wp-block alignwide'><div class='content t-a-b-2'><p style=\"text-align: center;\"><span style=\"font-family: Barlow Condensed; font-size: 30px;\">SUSIPA\u017dINKITE SU M\u016aS\u0172 NAUJOMIS VONIOMISS<\/span><\/p>\n<p style=\"text-align: center;\"><span style=\"font-family: Barlow Condensed; font-size: 30px;\">Duna<\/span><\/p>\n<p><a href=\"https:\/\/paabaths.com\/catalog\/bathtubs\/duna\/\"><img loading=\"lazy\" decoding=\"async\" class=\"alignnone wp-image-96753 size-medium\" title=\"See Smart 170 bathtub\" src=\"https:\/\/paabaths.com\/wp-content\/uploads\/Product-images\/Bathtubs\/Duna\/PAA-Baths-Cast-Stone--Duna-1500x650-new-product-image-5-750x260.jpg\" alt=\"\" width=\"750\" height=\"314\" \/><\/a><\/p>\n<\/div><\/div><\/section>\n\n<section class='page-content wp-block-group acf-block alignwide style-1 alignwide'><div class='wp-block alignwide'><div class='content t-a-b-2'><p style=\"text-align: center;\"><span style=\"font-family: Barlow Condensed; font-size: 30px;\">Smart 170<\/span><\/p>\n<p><a href=\"https:\/\/paabaths.com\/catalog\/bathtubs\/smart-170\/\"><img loading=\"lazy\" decoding=\"async\" class=\"alignnone wp-image-96753 size-medium\" title=\"See Duna bathtub\" src=\"https:\/\/paabaths.com\/wp-content\/uploads\/Product-images\/Bathtubs\/Smart-170\/PAA-Baths-Cast-Stone--Smart-170--new-product-2026-750x260.jpg\" alt=\"\" width=\"750\" height=\"314\" \/><\/a><\/p>\n<\/div><\/div><\/section>\n\n\n<br>\n<br>\n<br>\n\n\n\n<div class=\"wp-block-columns alignwide is-layout-flex wp-container-core-columns-is-layout-9d6595d7 wp-block-columns-is-layout-flex\">\n<div class=\"wp-block-column is-layout-flow wp-block-column-is-layout-flow\" style=\"flex-basis:100%\"><\/div>\n<\/div>\n\n\n<div class=\"wp-block-image\">\n<figure class=\"aligncenter size-full\"><img loading=\"lazy\" decoding=\"async\" width=\"600\" height=\"1040\" src=\"https:\/\/paabaths.com\/wp-content\/uploads\/2025\/09\/PAA-Karim-Rashid-600x987-with-logo-and-pink-carpet-600x1040px.jpg\" alt=\"\" class=\"wp-image-92419\" srcset=\"https:\/\/paabaths.com\/wp-content\/uploads\/2025\/09\/PAA-Karim-Rashid-600x987-with-logo-and-pink-carpet-600x1040px.jpg 600w, https:\/\/paabaths.com\/wp-content\/uploads\/2025\/09\/PAA-Karim-Rashid-600x987-with-logo-and-pink-carpet-600x1040px-433x750.jpg 433w\" sizes=\"auto, (max-width: 600px) 100vw, 600px\" \/><\/figure><\/div>\n\n<section class=\"youtube-block\">\n    <div class=\"inner wp-block alignwide\">\n        <div id=\"Vxlmu8uEskI\" class=\"youtube-player\" data-plyr-provider=\"youtube\" data-plyr-embed-id=\"Vxlmu8uEskI\"><\/div>\n    <\/div>\n<\/section>\n<style>\n.plyr__control--overlaid {\n    margin-top: 0!important;\n}\n@media (max-width: 1140px) {\n    .youtube-block {\n        margin-bottom: 30px;\n    }\n    .home .youtube-block .inner {\n\t    padding-left: 70px;\n\t    padding-right: 70px;\n    }\n}\n@media (max-width: 992px) {\n    .home .youtube-block .inner {\n\t    padding-left: 15px;\n\t    padding-right: 15px;\n    }\n}\n@media(max-width:768px) {\n\t.youtube-block {\n\t\tmargin-bottom: 15px;\n\t}\n}\n<\/style>\n\n<section class=\"square-boxes wp-block-group acf-block\">\n    <div class='wp-block-columns align-wide items-2'><div class='wp-block-column'><a href='https:\/\/paabaths.com\/lt\/produktu-seimos\/pointe-family\/' class='wp-block-image title-position-center'><span class='image' style='background-image:url(https:\/\/paabaths.com\/wp-content\/uploads\/2025\/06\/www-3DD_1387-copy-2-2-750x750.jpg);'><\/span><span class='inner-wrap'><span class='inner'><h3>Pointe produkt\u0173 \u0161eima<\/h3><\/span><\/span><\/a><\/div><div class='wp-block-column'><a href='https:\/\/paabaths.com\/lt\/produktu-seimos\/alba-family\/' class='wp-block-image title-position-center'><span class='image' style='background-image:url(https:\/\/paabaths.com\/wp-content\/uploads\/2025\/06\/www-3DD_1929-copy-750x750.jpg);'><\/span><span class='inner-wrap'><span class='inner'><h3>Alba produkt\u0173 \u0161eima<\/h3><\/span><\/span><\/a><\/div>    <\/div>\n<\/section>\n\n\n\n<br>\n<br>\n<br>\n<br>\n\n\n<section class=\"square-boxes wp-block-group acf-block\">\n    <div class='wp-block-columns align-wide items-2'><div class='wp-block-column'><a href='https:\/\/paabaths.com\/lt\/medziagos\/cast-stone\/' class='wp-block-image title-position-bottom'><span class='image' style='background-image:url(https:\/\/paabaths.com\/wp-content\/uploads\/2025\/09\/PAA-material-example-Cast-Stone-title-image-1-750x750.jpg);'><\/span><span class='inner-wrap'><span class='inner'><h3>Akmens mas\u0117<\/h3><\/span><\/span><\/a><\/div><div class='wp-block-column'><a href='https:\/\/paabaths.com\/lt\/medziagos\/silkstone\/' class='wp-block-image title-position-bottom'><span class='image' style='background-image:url(https:\/\/paabaths.com\/wp-content\/uploads\/2025\/09\/PAA-material-example-Silkstone-title-image-1-750x750.jpg);'><\/span><span class='inner-wrap'><span class='inner'><h3>Silkstone<\/h3><\/span><\/span><\/a><\/div>    <\/div>\n<\/section>\n\n\n<section data-type='full-width' id='block-69d69431ac233' class='full-width-cta wp-block-group acf-block alignfull '><style>#block-69d69431ac233 .wp-block-image { height: 700px; } \r\n@media(max-width:1024px){ #block-69d69431ac233 .wp-block-image { height: 370px; } }; \r\n@media(max-width:992px){ #block-69d69431ac233 .wp-block-image { height: 370px; } }; \r\n@media(max-width:568px){ #block-69d69431ac233 .wp-block-image { height: 190px; } }; \r\n<\/style><div class='image lazyload' data-background-image='https:\/\/paabaths.com\/wp-content\/uploads\/2024\/12\/PAA-washbasins-Bella-Matte-Caffelatte-Interior-2560x1500-1.jpg'><\/div><div class='fill-bg'><\/div><div class='wp-block alignwide'><div  class='wp-block-image title-position-'><span class='inner-wrap'><span class='inner t-a-b-2'><h3 class='underline-solid'><\/h3><\/span><\/span><\/div><\/div><\/section>\n\n\n<div class=\"wp-block-columns is-layout-flex wp-container-core-columns-is-layout-9d6595d7 wp-block-columns-is-layout-flex\">\n<div class=\"wp-block-column is-layout-flow wp-block-column-is-layout-flow\" style=\"flex-basis:100%\"><\/div>\n<\/div>\n\n\n<section class='page-content wp-block-group acf-block alignwide style-1 content-width'><div class='wp-block alignwide'><div class='content t-a-b-2'><figure class=\"wp-block-image aligncenter size-full\"><a href=\"https:\/\/designlatvia.com\/\"><img loading=\"lazy\" decoding=\"async\" class=\"alignnone wp-image-92594 size-medium\" src=\"https:\/\/paabaths.com\/wp-content\/uploads\/2025\/09\/PAA-baths-Design-Latvia-logo-750x71.png\" alt=\"\" width=\"750\" height=\"71\" srcset=\"https:\/\/paabaths.com\/wp-content\/uploads\/2025\/09\/PAA-baths-Design-Latvia-logo-750x71.png 750w, https:\/\/paabaths.com\/wp-content\/uploads\/2025\/09\/PAA-baths-Design-Latvia-logo.png 1000w\" sizes=\"auto, (max-width: 750px) 100vw, 750px\" \/><\/a><\/figure>\n<p style=\"text-align: center;\"><span style=\"font-family: Barlow Condensed; font-size: 20px;\">\u201eDESIGN Latvia\u201c suburia novatori\u0161kiausius \u0161alies dizaino gamintojus, \u012fskaitant PAA.<\/span><\/p>\n<p>&nbsp;<\/p>\n<\/div><\/div><\/section>\n\n<section class=\"square-boxes wp-block-group acf-block\">\n    <div class='wp-block-columns align-wide items-2'><div class='wp-block-column'><a href='https:\/\/paabaths.com\/lt\/katalogas\/vonios\/perla-160\/' class='wp-block-image title-position-top'><span class='image' style='background-image:url(https:\/\/paabaths.com\/wp-content\/uploads\/2024\/12\/PAA-baths-Perla-Interior-1000x1000px-750x750.jpg);'><\/span><span class='inner-wrap'><span class='inner'><h3>Vonios Perla<\/h3><\/span><\/span><\/a><\/div><div class='wp-block-column'><a href='https:\/\/paabaths.com\/lt\/katalogas\/praustuvai\/perla\/' class='wp-block-image title-position-top'><span class='image' style='background-image:url(https:\/\/paabaths.com\/wp-content\/uploads\/2024\/12\/PAA-washbasins-Perla-Interior-with-studio-monitor-1000x1000px-750x750.jpg);'><\/span><span class='inner-wrap'><span class='inner'><h3>Praustuvai Perla <\/h3><\/span><\/span><\/a><\/div>    <\/div>\n<\/section>\n\n\n<section class=\"square-boxes wp-block-group acf-block\">\n    <div class='wp-block-columns align-wide items-2'><div class='wp-block-column'><span class='wp-block-image title-position-'><span class='image' style='background-image:url(https:\/\/paabaths.com\/wp-content\/uploads\/2024\/12\/PAA-baths-Quadro-in-glossy-fog-colour-with-Gita-Treice-artworks-LE-750x750.jpg);'><\/span><span class='inner-wrap'><span class='inner'><h3><\/h3><\/span><\/span><\/span><\/div><div class='wp-block-column'><span class='wp-block-image title-position-'><span class='image' style='background-image:url(https:\/\/paabaths.com\/wp-content\/uploads\/2024\/12\/PAA-baths-Quadro-with-ballerina-and-artwork-LE-750x750.jpg);'><\/span><span class='inner-wrap'><span class='inner'><h3><\/h3><\/span><\/span><\/span><\/div>    <\/div>\n<\/section>\n","protected":false},"excerpt":{"rendered":"<p>PAA profil\u012f (.pdf)<\/p>\n","protected":false},"author":1,"featured_media":92333,"parent":0,"menu_order":104,"comment_status":"closed","ping_status":"closed","template":"","meta":{"_acf_changed":false,"inline_featured_image":false,"footnotes":""},"class_list":["post-4318","page","type-page","status-publish","has-post-thumbnail","hentry"],"acf":[],"yoast_head":"<!-- This site is optimized with the Yoast SEO plugin v26.1.1 - https:\/\/yoast.com\/wordpress\/plugins\/seo\/ -->\n<title>PAA Baths<\/title>\n<meta name=\"robots\" content=\"index, follow, max-snippet:-1, max-image-preview:large, max-video-preview:-1\" \/>\n<link rel=\"canonical\" href=\"https:\/\/paabaths.com\/lt\/\" \/>\n<meta property=\"og:locale\" content=\"lt_LT\" \/>\n<meta property=\"og:type\" content=\"article\" \/>\n<meta property=\"og:title\" content=\"PAA Baths\" \/>\n<meta property=\"og:description\" content=\"PAA profil\u012f (.pdf)\" \/>\n<meta property=\"og:url\" content=\"https:\/\/paabaths.com\/lt\/\" \/>\n<meta property=\"og:site_name\" content=\"PAA\" \/>\n<meta property=\"article:publisher\" content=\"https:\/\/www.facebook.com\/paabaths\/\" \/>\n<meta property=\"article:modified_time\" content=\"2026-04-01T08:38:49+00:00\" \/>\n<meta property=\"og:image\" content=\"https:\/\/paabaths.com\/wp-content\/uploads\/2025\/09\/PAA-baths-title2560x1500px.jpg\" \/>\n\t<meta property=\"og:image:width\" content=\"2560\" \/>\n\t<meta property=\"og:image:height\" content=\"1500\" \/>\n\t<meta property=\"og:image:type\" content=\"image\/jpeg\" \/>\n<meta name=\"twitter:card\" content=\"summary_large_image\" \/>\n<script type=\"application\/ld+json\" class=\"yoast-schema-graph\">{\"@context\":\"https:\/\/schema.org\",\"@graph\":[{\"@type\":\"WebPage\",\"@id\":\"https:\/\/paabaths.com\/lt\/\",\"url\":\"https:\/\/paabaths.com\/lt\/\",\"name\":\"PAA Baths\",\"isPartOf\":{\"@id\":\"https:\/\/paabaths.com\/lt\/#website\"},\"primaryImageOfPage\":{\"@id\":\"https:\/\/paabaths.com\/lt\/#primaryimage\"},\"image\":{\"@id\":\"https:\/\/paabaths.com\/lt\/#primaryimage\"},\"thumbnailUrl\":\"https:\/\/paabaths.com\/wp-content\/uploads\/2025\/09\/PAA-baths-title2560x1500px.jpg\",\"datePublished\":\"2021-03-19T11:49:24+00:00\",\"dateModified\":\"2026-04-01T08:38:49+00:00\",\"breadcrumb\":{\"@id\":\"https:\/\/paabaths.com\/lt\/#breadcrumb\"},\"inLanguage\":\"lt-LT\",\"potentialAction\":[{\"@type\":\"ReadAction\",\"target\":[\"https:\/\/paabaths.com\/lt\/\"]}]},{\"@type\":\"ImageObject\",\"inLanguage\":\"lt-LT\",\"@id\":\"https:\/\/paabaths.com\/lt\/#primaryimage\",\"url\":\"https:\/\/paabaths.com\/wp-content\/uploads\/2025\/09\/PAA-baths-title2560x1500px.jpg\",\"contentUrl\":\"https:\/\/paabaths.com\/wp-content\/uploads\/2025\/09\/PAA-baths-title2560x1500px.jpg\",\"width\":2560,\"height\":1500},{\"@type\":\"BreadcrumbList\",\"@id\":\"https:\/\/paabaths.com\/lt\/#breadcrumb\",\"itemListElement\":[{\"@type\":\"ListItem\",\"position\":1,\"name\":\"Home\",\"item\":\"https:\/\/paabaths.com\/lt\/\"},{\"@type\":\"ListItem\",\"position\":2,\"name\":\"Pagrindinis\"}]},{\"@type\":\"WebSite\",\"@id\":\"https:\/\/paabaths.com\/lt\/#website\",\"url\":\"https:\/\/paabaths.com\/lt\/\",\"name\":\"PAA\",\"description\":\"This is PAA Ltd. brand site\",\"publisher\":{\"@id\":\"https:\/\/paabaths.com\/lt\/#organization\"},\"potentialAction\":[{\"@type\":\"SearchAction\",\"target\":{\"@type\":\"EntryPoint\",\"urlTemplate\":\"https:\/\/paabaths.com\/lt\/?s={search_term_string}\"},\"query-input\":{\"@type\":\"PropertyValueSpecification\",\"valueRequired\":true,\"valueName\":\"search_term_string\"}}],\"inLanguage\":\"lt-LT\"},{\"@type\":\"Organization\",\"@id\":\"https:\/\/paabaths.com\/lt\/#organization\",\"name\":\"PAA Baths\",\"url\":\"https:\/\/paabaths.com\/lt\/\",\"logo\":{\"@type\":\"ImageObject\",\"inLanguage\":\"lt-LT\",\"@id\":\"https:\/\/paabaths.com\/lt\/#\/schema\/logo\/image\/\",\"url\":\"https:\/\/paabaths.com\/wp-content\/uploads\/2023\/02\/84294546_179914056600038_3880533746851512320_n.jpeg\",\"contentUrl\":\"https:\/\/paabaths.com\/wp-content\/uploads\/2023\/02\/84294546_179914056600038_3880533746851512320_n.jpeg\",\"width\":320,\"height\":320,\"caption\":\"PAA Baths\"},\"image\":{\"@id\":\"https:\/\/paabaths.com\/lt\/#\/schema\/logo\/image\/\"},\"sameAs\":[\"https:\/\/www.facebook.com\/paabaths\/\",\"https:\/\/www.instagram.com\/paa_baths\"]}]}<\/script>\n<!-- \/ Yoast SEO plugin. -->","yoast_head_json":{"title":"PAA Baths","robots":{"index":"index","follow":"follow","max-snippet":"max-snippet:-1","max-image-preview":"max-image-preview:large","max-video-preview":"max-video-preview:-1"},"canonical":"https:\/\/paabaths.com\/lt\/","og_locale":"lt_LT","og_type":"article","og_title":"PAA Baths","og_description":"PAA profil\u012f (.pdf)","og_url":"https:\/\/paabaths.com\/lt\/","og_site_name":"PAA","article_publisher":"https:\/\/www.facebook.com\/paabaths\/","article_modified_time":"2026-04-01T08:38:49+00:00","og_image":[{"width":2560,"height":1500,"url":"https:\/\/paabaths.com\/wp-content\/uploads\/2025\/09\/PAA-baths-title2560x1500px.jpg","type":"image\/jpeg"}],"twitter_card":"summary_large_image","schema":{"@context":"https:\/\/schema.org","@graph":[{"@type":"WebPage","@id":"https:\/\/paabaths.com\/lt\/","url":"https:\/\/paabaths.com\/lt\/","name":"PAA Baths","isPartOf":{"@id":"https:\/\/paabaths.com\/lt\/#website"},"primaryImageOfPage":{"@id":"https:\/\/paabaths.com\/lt\/#primaryimage"},"image":{"@id":"https:\/\/paabaths.com\/lt\/#primaryimage"},"thumbnailUrl":"https:\/\/paabaths.com\/wp-content\/uploads\/2025\/09\/PAA-baths-title2560x1500px.jpg","datePublished":"2021-03-19T11:49:24+00:00","dateModified":"2026-04-01T08:38:49+00:00","breadcrumb":{"@id":"https:\/\/paabaths.com\/lt\/#breadcrumb"},"inLanguage":"lt-LT","potentialAction":[{"@type":"ReadAction","target":["https:\/\/paabaths.com\/lt\/"]}]},{"@type":"ImageObject","inLanguage":"lt-LT","@id":"https:\/\/paabaths.com\/lt\/#primaryimage","url":"https:\/\/paabaths.com\/wp-content\/uploads\/2025\/09\/PAA-baths-title2560x1500px.jpg","contentUrl":"https:\/\/paabaths.com\/wp-content\/uploads\/2025\/09\/PAA-baths-title2560x1500px.jpg","width":2560,"height":1500},{"@type":"BreadcrumbList","@id":"https:\/\/paabaths.com\/lt\/#breadcrumb","itemListElement":[{"@type":"ListItem","position":1,"name":"Home","item":"https:\/\/paabaths.com\/lt\/"},{"@type":"ListItem","position":2,"name":"Pagrindinis"}]},{"@type":"WebSite","@id":"https:\/\/paabaths.com\/lt\/#website","url":"https:\/\/paabaths.com\/lt\/","name":"PAA","description":"This is PAA Ltd. brand site","publisher":{"@id":"https:\/\/paabaths.com\/lt\/#organization"},"potentialAction":[{"@type":"SearchAction","target":{"@type":"EntryPoint","urlTemplate":"https:\/\/paabaths.com\/lt\/?s={search_term_string}"},"query-input":{"@type":"PropertyValueSpecification","valueRequired":true,"valueName":"search_term_string"}}],"inLanguage":"lt-LT"},{"@type":"Organization","@id":"https:\/\/paabaths.com\/lt\/#organization","name":"PAA Baths","url":"https:\/\/paabaths.com\/lt\/","logo":{"@type":"ImageObject","inLanguage":"lt-LT","@id":"https:\/\/paabaths.com\/lt\/#\/schema\/logo\/image\/","url":"https:\/\/paabaths.com\/wp-content\/uploads\/2023\/02\/84294546_179914056600038_3880533746851512320_n.jpeg","contentUrl":"https:\/\/paabaths.com\/wp-content\/uploads\/2023\/02\/84294546_179914056600038_3880533746851512320_n.jpeg","width":320,"height":320,"caption":"PAA Baths"},"image":{"@id":"https:\/\/paabaths.com\/lt\/#\/schema\/logo\/image\/"},"sameAs":["https:\/\/www.facebook.com\/paabaths\/","https:\/\/www.instagram.com\/paa_baths"]}]}},"_links":{"self":[{"href":"https:\/\/paabaths.com\/lt\/wp-json\/wp\/v2\/pages\/4318","targetHints":{"allow":["GET"]}}],"collection":[{"href":"https:\/\/paabaths.com\/lt\/wp-json\/wp\/v2\/pages"}],"about":[{"href":"https:\/\/paabaths.com\/lt\/wp-json\/wp\/v2\/types\/page"}],"author":[{"embeddable":true,"href":"https:\/\/paabaths.com\/lt\/wp-json\/wp\/v2\/users\/1"}],"replies":[{"embeddable":true,"href":"https:\/\/paabaths.com\/lt\/wp-json\/wp\/v2\/comments?post=4318"}],"version-history":[{"count":42,"href":"https:\/\/paabaths.com\/lt\/wp-json\/wp\/v2\/pages\/4318\/revisions"}],"predecessor-version":[{"id":98973,"href":"https:\/\/paabaths.com\/lt\/wp-json\/wp\/v2\/pages\/4318\/revisions\/98973"}],"wp:featuredmedia":[{"embeddable":true,"href":"https:\/\/paabaths.com\/lt\/wp-json\/wp\/v2\/media\/92333"}],"wp:attachment":[{"href":"https:\/\/paabaths.com\/lt\/wp-json\/wp\/v2\/media?parent=4318"}],"curies":[{"name":"wp","href":"https:\/\/api.w.org\/{rel}","templated":true}]}}