{"id":94713,"date":"2025-11-28T07:13:45","date_gmt":"2025-11-28T05:13:45","guid":{"rendered":"https:\/\/paabaths.com\/?page_id=94713"},"modified":"2026-04-15T10:06:22","modified_gmt":"2026-04-15T07:06:22","slug":"paa-showroom","status":"publish","type":"page","link":"https:\/\/paabaths.com\/it\/paa-showroom\/","title":{"rendered":"Showroom PAA"},"content":{"rendered":"<section class='page-title wp-block-group acf-block position-center  color-light-grey has-h1' ><div class='wp-block alignwide'><h1 class='t-a-b-2'>Showroom PAA<\/h1><\/div><\/section>\n\n<section class=\"page-slider wp-block-group acf-block t-a-b-2\">\n    <div class='wp-block full-width'>\n        <div class='slider'>\n                            <div class='slide'>\n                    <img src='https:\/\/paabaths.com\/wp-content\/uploads\/2025\/10\/PAA-Vannu-salons-foto-nakts-skice.jpg' alt='PAA-Vannu-salons-foto-nakts-skice'>\n                <\/div>\n                    <\/div>\n    <\/div>\n<\/section>\n\n<section class='page-content wp-block-group acf-block alignwide style-2 content-width'><div class='wp-block alignwide'><div class='content t-a-b-2'><h2 class=\"paa-barlow-h3 paa-barlow-h1 paa-barlow-h2\" style=\"text-align: center;\">Il nostro unico spazio a Riga \u2013 dove ogni elemento della collezione si esprime nella sua luce autentica.<br \/>\nPi\u00f9 di uno showroom: un invito a toccare, percepire e trasformare il modo di vivere lo spazio.<br \/>\nUn\u2019esperienza che rivela l\u2019essenza dell\u2019artigianalit\u00e0.<\/h2>\n<\/div><\/div><\/section>\n\n\n<div style=\"\n  max-width:944px;\n  margin:0 auto;\n  padding:16px;\n  display:flex;\n  justify-content:center;\n  box-sizing:border-box;\n\">\n\n  <div style=\"\n    width:100%;\n    max-width:540px;\n    aspect-ratio:9\/16;\n    background:#000;\n  \">\n    <video\n      controls\n      playsinline\n      style=\"\n        width:100%;\n        height:100%;\n        object-fit:contain;\n        display:block;\n      \"\n    >\n      <source src=\"https:\/\/paabaths.com\/wp-content\/uploads\/VIDEO\/PAA-Vannu-salons-2026.mp4\" type=\"video\/mp4\">\n      Your browser does not support the video tag.\n    <\/video>\n  <\/div>\n\n<\/div>\n\n\n<section class='page-content wp-block-group acf-block alignwide style-2 content-width'><div class='wp-block alignwide'><div class='content t-a-b-2'><p style=\"text-align: center;\">Tutti i prodotti PAA nascono nel nostro stabilimento, dove la tradizione artigianale incontra l\u2019innovazione contemporanea.<br \/>\nOgni vasca, ogni lavabo \u00e8 progettato per una bellezza duratura e una solidit\u00e0 senza compromessi \u2014 pensato per chi condivide i nostri stessi standard.<\/p>\n<\/div><\/div><\/section>\n\n<section class=\"square-block-slider wp-block-group acf-block t-a-b-2\" data-slides=\"2\">\n    <div class='wp-block alignwide'>\n        <div class='slider'>\n                            <div class='slide' data-title=\"Artigianalit\u00e0\" data-mfp-src=\"https:\/\/paabaths.com\/wp-content\/uploads\/2025\/11\/PAA-Craftsmanship.jpg\">\n                    <div class=\"slide-inner\">\n                        <span class=\"image-wrap\">\n                            <span class=\"image\" style=\"background-image:url(https:\/\/paabaths.com\/wp-content\/uploads\/2025\/11\/PAA-Craftsmanship.jpg)\"><\/span>\n                        <\/span>\n                        <h4>Artigianalit\u00e0<\/h4>\n                    <\/div>\n                <\/div>\n                            <div class='slide' data-title=\"Precisione\" data-mfp-src=\"https:\/\/paabaths.com\/wp-content\/uploads\/2025\/11\/PAA-Precision.jpg\">\n                    <div class=\"slide-inner\">\n                        <span class=\"image-wrap\">\n                            <span class=\"image\" style=\"background-image:url(https:\/\/paabaths.com\/wp-content\/uploads\/2025\/11\/PAA-Precision.jpg)\"><\/span>\n                        <\/span>\n                        <h4>Precisione<\/h4>\n                    <\/div>\n                <\/div>\n                    <\/div>\n    <\/div>\n<\/section>\n\n<section class='page-title wp-block-group acf-block position-center  color-light-grey has-h2' ><div class='wp-block alignwide'><h2 class='t-a-b-2'>Contacts<\/h2><\/div><\/section>\n\n<section class=\"page-contacts wp-block-group acf-block\">\n    <div class='wp-block alignwide'>\n        <div class=\"wp-block-columns\">\n                    <div class=\"wp-block-column\">\n                <div class=\"contact-item t-a-b-2\">\n                    <div class=\"image-left-side\">\n                                                    <div class=\"image-wrap\" data-mfp-src=\"https:\/\/paabaths.com\/wp-content\/uploads\/2026\/01\/PAA-Simona-WEB.jpg\" data-title=\"Simona Aps\u012bte\">\n                                <span class=\"image\" style=\"background-image:url(https:\/\/paabaths.com\/wp-content\/uploads\/2026\/01\/PAA-Simona-thubnail.jpg);\"><\/span>\n                            <\/div>\n                                            <\/div>\n                    <div class=\"content-right-side\">\n                        <h3>Responsabile showroom:<\/h3>\n                        <p>Simona Aps\u012bte<\/p>\n                                                    <p>Email: simona.apsite@paa.lv<\/p>\n                                                                        <\/div>\n                <\/div>\n            <\/div>\n                    <div class=\"wp-block-column\">\n                <div class=\"contact-item t-a-b-2\">\n                    <div class=\"image-left-side\">\n                                                    <div class=\"image-wrap\" data-mfp-src=\"https:\/\/paabaths.com\/wp-content\/uploads\/2026\/01\/PAA-Dace-Lazdina-WEB-2.jpg\" data-title=\"Dace Lazdi\u0146a\">\n                                <span class=\"image\" style=\"background-image:url(https:\/\/paabaths.com\/wp-content\/uploads\/2026\/01\/PAA-Dace-Lazdina-WEB-2.jpg);\"><\/span>\n                            <\/div>\n                                            <\/div>\n                    <div class=\"content-right-side\">\n                        <h3>Amministratore showroom:<\/h3>\n                        <p>Dace Lazdi\u0146a<\/p>\n                                                    <p>Email: vannusalons@paa.lv<\/p>\n                                                                            <p>Telefono: +371 27825878<\/p>\n                                                <\/div>\n                <\/div>\n            <\/div>\n        <\/div><div class='wp-block-columns'>            <div class=\"wp-block-column\">\n                <div class=\"contact-item t-a-b-2\">\n                    <div class=\"image-left-side\">\n                                                    <div class=\"image-wrap\" data-mfp-src=\"https:\/\/paabaths.com\/wp-content\/uploads\/2026\/01\/PAA-Linards-web.jpg\" data-title=\"Linards Breidaks\">\n                                <span class=\"image\" style=\"background-image:url(https:\/\/paabaths.com\/wp-content\/uploads\/2026\/01\/PAA-Linards-web.jpg);\"><\/span>\n                            <\/div>\n                                            <\/div>\n                    <div class=\"content-right-side\">\n                        <h3>Project Manager:<\/h3>\n                        <p>Linards Breidaks<\/p>\n                                                    <p>Email: linards.breidaks@paa.lv<\/p>\n                                                                            <p>Telefono: +371 26607546<\/p>\n                                                <\/div>\n                <\/div>\n            <\/div>\n                    <div class=\"wp-block-column\">\n                <div class=\"contact-item t-a-b-2\">\n                    <div class=\"image-left-side\">\n                                                    <div class=\"image-wrap\" data-mfp-src=\"https:\/\/paabaths.com\/wp-content\/uploads\/2026\/01\/PAA-Dana-v2.png\" data-title=\"Dana Soldatenoka\">\n                                <span class=\"image\" style=\"background-image:url(https:\/\/paabaths.com\/wp-content\/uploads\/2026\/01\/PAA-Dana-1to1.jpg);\"><\/span>\n                            <\/div>\n                                            <\/div>\n                    <div class=\"content-right-side\">\n                        <h3>Project Manager:<\/h3>\n                        <p>Dana Soldatenoka<\/p>\n                                                    <p>Email: dana.soldatenoka@paa.lv<\/p>\n                                                                            <p>Telefono: +371 29454638<\/p>\n                                                <\/div>\n                <\/div>\n            <\/div>\n        <\/div><div class='wp-block-columns'>            <div class=\"wp-block-column\">\n                <div class=\"contact-item t-a-b-2\">\n                    <div class=\"image-left-side\">\n                                                    <div class=\"image-wrap\" data-mfp-src=\"https:\/\/paabaths.com\/wp-content\/uploads\/2026\/01\/PAA-Armands-Brunins-800x1200-1.jpg\" data-title=\"Armands Br\u016bni\u0146\u0161\">\n                                <span class=\"image\" style=\"background-image:url(https:\/\/paabaths.com\/wp-content\/uploads\/2026\/01\/PAA-Armands-Brunins-800x1200-1.jpg);\"><\/span>\n                            <\/div>\n                                            <\/div>\n                    <div class=\"content-right-side\">\n                        <h3>Project Manager:<\/h3>\n                        <p>Armands Br\u016bni\u0146\u0161<\/p>\n                                                    <p>Email: armands@paa.lv<\/p>\n                                                                            <p>Telefono: +371 29463977<\/p>\n                                                <\/div>\n                <\/div>\n            <\/div>\n            <\/div>\n<\/section>\n\n<section class='page-title wp-block-group acf-block position-center  color-light-grey has-h2' ><div class='wp-block alignwide'><h2 class='t-a-b-2'>Indirizzo<\/h2><\/div><\/section>\n\n<section class=\"page-address wp-block-group acf-block t-a-b-2\">\n    <div class='wp-block alignwide'>\n        <div class=\"column-wrap\">\n            <div class=\"column-left-side\">\n                <div class=\"address-item\">\n                    <p><p>PAA showroom<br \/>\nUnijas st. 12a, Riga,<br \/>\nLV\u20131084, Latvia<\/p>\n<\/p>\n                <\/div>\n                <div class=\"open-hours-item\">\n                    <p>Orari di apertura:\r\nGiorni feriali 08:00 \u2013 16:00\r\nSabato 11:00 \u2013 17:00<\/p>\n                <\/div>\n            <\/div>\n            <div class=\"column-right-side\">\n                <div class=\"wp-block-column-inner\">\n                    <div class=\"map-side\">\n                                                    <div\n                                class=\"map-item\"\n                                id=\"paa-address-map-69f0b58183327\"\n                                data-lat=\"56.9695116\"\n                                data-lng=\"24.1651203\"\n                            ><\/div>\n                                            <\/div>\n                    <div class=\"direction-side\">\n                        <div class=\"direction-item\">\n                            <p>Indicazioni:<\/p>\n                                                            <a href=\"https:\/\/waze.com\/ul?ll=56.9695116,24.1651203&#038;navigate=yes\" target=\"_blank\">Waze<\/a>\n                                <a href=\"https:\/\/www.google.com\/maps\/dir\/?api=1&#038;destination=56.9695116,24.1651203\" target=\"_blank\">Google Maps<\/a>\n                                                    <\/div>\n                        <div class=\"social-links-item\">\n                            <ul>\n                                                        <\/ul>\n                        <\/div>\n                    <\/div>\n                <\/div>\n            <\/div>\n        <\/div>\n    <\/div>\n        <script>\n        (function() {\n            var mapId = 'paa-address-map-69f0b58183327';\n            var lat = 56.9695116;\n            var lng = 24.1651203;\n            var markerIconUrl = (typeof window.markerIcon !== 'undefined' && window.markerIcon)\n                ? window.markerIcon\n                : 'https:\/\/paabaths.com\/wp-content\/themes\/paa\/assets\/dist\/svg\/pin.svg';\n            var mapStyles = [{\"featureType\":\"all\",\"stylers\":[{\"saturation\":-80}]},{\"featureType\":\"all\",\"elementType\":\"geometry\",\"stylers\":[{\"hue\":\"#dadada\"},{\"saturation\":-100},{\"lightness\":20},{\"gamma\":1.51}]},{\"featureType\":\"poi.business\",\"elementType\":\"labels\",\"stylers\":[{\"visibility\":\"off\"}]}];\n\n            function renderMap() {\n                if (!window.google || !window.google.maps) {\n                    return;\n                }\n\n                var el = document.getElementById(mapId);\n                if (!el) {\n                    return;\n                }\n\n                var map = new google.maps.Map(el, {\n                    zoom: 16,\n                    center: { lat: lat, lng: lng },\n                    mapTypeId: google.maps.MapTypeId.ROADMAP,\n                    disableDefaultUI: true,\n                    zoomControl: true,\n                    gestureHandling: 'cooperative'\n                });\n\n                if (Array.isArray(mapStyles) && mapStyles.length) {\n                    var styledMap = new google.maps.StyledMapType(mapStyles, { name: 'The Map' });\n                    map.mapTypes.set('map_style', styledMap);\n                    map.setMapTypeId('map_style');\n                }\n\n                new google.maps.Marker({\n                    position: { lat: lat, lng: lng },\n                    map: map,\n                    icon: markerIconUrl\n                });\n            }\n\n            if (window.google && window.google.maps) {\n                renderMap();\n                return;\n            }\n\n            window.paaGoogleMapsCallbacks = window.paaGoogleMapsCallbacks || [];\n            window.paaGoogleMapsCallbacks.push(renderMap);\n\n            if (!window.paaGoogleMapsPoll) {\n                window.paaGoogleMapsPoll = setInterval(function() {\n                    if (window.google && window.google.maps) {\n                        clearInterval(window.paaGoogleMapsPoll);\n                        window.paaGoogleMapsPoll = null;\n\n                        var callbacks = window.paaGoogleMapsCallbacks || [];\n                        while (callbacks.length) {\n                            var cb = callbacks.shift();\n                            try {\n                                cb();\n                            } catch (error) {\n                                if (window.console && console.error) {\n                                    console.error(error);\n                                }\n                            }\n                        }\n                    }\n                }, 150);\n            }\n\n            if (!document.querySelector('script[data-handle=\"paa-google-maps\"]') && !document.querySelector('script[src*=\"maps.googleapis.com\/maps\/api\/js\"]')) {\n                var script = document.createElement('script');\n                script.dataset.handle = 'paa-google-maps';\n                script.src = 'https:\/\/maps.googleapis.com\/maps\/api\/js?key=AIzaSyCaMbhTI2qGDTSSrI5kCeq7zmvloZ98wBM&amp;language=it';\n                script.async = true;\n                script.defer = true;\n                document.head.appendChild(script);\n            }\n        })();\n    <\/script>\n<\/section>\n\n\n<p><\/p>\n","protected":false},"excerpt":{"rendered":"<p>Your browser does not support the video tag.<\/p>\n","protected":false},"author":1,"featured_media":0,"parent":0,"menu_order":5,"comment_status":"closed","ping_status":"closed","template":"","meta":{"_acf_changed":false,"inline_featured_image":false,"footnotes":""},"class_list":["post-94713","page","type-page","status-publish","hentry"],"acf":[],"yoast_head":"<!-- This site is optimized with the Yoast SEO plugin v26.1.1 - https:\/\/yoast.com\/wordpress\/plugins\/seo\/ -->\n<title>Showroom PAA - PAA<\/title>\n<meta name=\"robots\" content=\"index, follow, max-snippet:-1, max-image-preview:large, max-video-preview:-1\" \/>\n<link rel=\"canonical\" href=\"https:\/\/paabaths.com\/it\/paa-showroom\/\" \/>\n<meta property=\"og:locale\" content=\"it_IT\" \/>\n<meta property=\"og:type\" content=\"article\" \/>\n<meta property=\"og:title\" content=\"Showroom PAA - PAA\" \/>\n<meta property=\"og:description\" content=\"Your browser does not support the video tag.\" \/>\n<meta property=\"og:url\" content=\"https:\/\/paabaths.com\/it\/paa-showroom\/\" \/>\n<meta property=\"og:site_name\" content=\"PAA\" \/>\n<meta property=\"article:publisher\" content=\"https:\/\/www.facebook.com\/paabaths\/\" \/>\n<meta property=\"article:modified_time\" content=\"2026-04-15T07:06:22+00:00\" \/>\n<meta property=\"og:image\" content=\"https:\/\/paabaths.com\/wp-content\/uploads\/2025\/09\/PAA-baths-title2560x1500px.jpg\" \/>\n\t<meta property=\"og:image:width\" content=\"2560\" \/>\n\t<meta property=\"og:image:height\" content=\"1500\" \/>\n\t<meta property=\"og:image:type\" content=\"image\/jpeg\" \/>\n<meta name=\"twitter:card\" content=\"summary_large_image\" \/>\n<script type=\"application\/ld+json\" class=\"yoast-schema-graph\">{\"@context\":\"https:\/\/schema.org\",\"@graph\":[{\"@type\":\"WebPage\",\"@id\":\"https:\/\/paabaths.com\/it\/paa-showroom\/\",\"url\":\"https:\/\/paabaths.com\/it\/paa-showroom\/\",\"name\":\"Showroom PAA - PAA\",\"isPartOf\":{\"@id\":\"https:\/\/paabaths.com\/it\/#website\"},\"datePublished\":\"2025-11-28T05:13:45+00:00\",\"dateModified\":\"2026-04-15T07:06:22+00:00\",\"breadcrumb\":{\"@id\":\"https:\/\/paabaths.com\/it\/paa-showroom\/#breadcrumb\"},\"inLanguage\":\"it-IT\",\"potentialAction\":[{\"@type\":\"ReadAction\",\"target\":[\"https:\/\/paabaths.com\/it\/paa-showroom\/\"]}]},{\"@type\":\"BreadcrumbList\",\"@id\":\"https:\/\/paabaths.com\/it\/paa-showroom\/#breadcrumb\",\"itemListElement\":[{\"@type\":\"ListItem\",\"position\":1,\"name\":\"Home\",\"item\":\"https:\/\/paabaths.com\/it\/\"},{\"@type\":\"ListItem\",\"position\":2,\"name\":\"Showroom PAA\"}]},{\"@type\":\"WebSite\",\"@id\":\"https:\/\/paabaths.com\/it\/#website\",\"url\":\"https:\/\/paabaths.com\/it\/\",\"name\":\"PAA\",\"description\":\"This is PAA Ltd. brand site\",\"publisher\":{\"@id\":\"https:\/\/paabaths.com\/it\/#organization\"},\"potentialAction\":[{\"@type\":\"SearchAction\",\"target\":{\"@type\":\"EntryPoint\",\"urlTemplate\":\"https:\/\/paabaths.com\/it\/?s={search_term_string}\"},\"query-input\":{\"@type\":\"PropertyValueSpecification\",\"valueRequired\":true,\"valueName\":\"search_term_string\"}}],\"inLanguage\":\"it-IT\"},{\"@type\":\"Organization\",\"@id\":\"https:\/\/paabaths.com\/it\/#organization\",\"name\":\"PAA Baths\",\"url\":\"https:\/\/paabaths.com\/it\/\",\"logo\":{\"@type\":\"ImageObject\",\"inLanguage\":\"it-IT\",\"@id\":\"https:\/\/paabaths.com\/it\/#\/schema\/logo\/image\/\",\"url\":\"https:\/\/paabaths.com\/wp-content\/uploads\/2023\/02\/84294546_179914056600038_3880533746851512320_n.jpeg\",\"contentUrl\":\"https:\/\/paabaths.com\/wp-content\/uploads\/2023\/02\/84294546_179914056600038_3880533746851512320_n.jpeg\",\"width\":320,\"height\":320,\"caption\":\"PAA Baths\"},\"image\":{\"@id\":\"https:\/\/paabaths.com\/it\/#\/schema\/logo\/image\/\"},\"sameAs\":[\"https:\/\/www.facebook.com\/paabaths\/\",\"https:\/\/www.instagram.com\/paa_baths\"]}]}<\/script>\n<!-- \/ Yoast SEO plugin. -->","yoast_head_json":{"title":"Showroom PAA - PAA","robots":{"index":"index","follow":"follow","max-snippet":"max-snippet:-1","max-image-preview":"max-image-preview:large","max-video-preview":"max-video-preview:-1"},"canonical":"https:\/\/paabaths.com\/it\/paa-showroom\/","og_locale":"it_IT","og_type":"article","og_title":"Showroom PAA - PAA","og_description":"Your browser does not support the video tag.","og_url":"https:\/\/paabaths.com\/it\/paa-showroom\/","og_site_name":"PAA","article_publisher":"https:\/\/www.facebook.com\/paabaths\/","article_modified_time":"2026-04-15T07:06:22+00:00","og_image":[{"width":2560,"height":1500,"url":"https:\/\/paabaths.com\/wp-content\/uploads\/2025\/09\/PAA-baths-title2560x1500px.jpg","type":"image\/jpeg"}],"twitter_card":"summary_large_image","schema":{"@context":"https:\/\/schema.org","@graph":[{"@type":"WebPage","@id":"https:\/\/paabaths.com\/it\/paa-showroom\/","url":"https:\/\/paabaths.com\/it\/paa-showroom\/","name":"Showroom PAA - PAA","isPartOf":{"@id":"https:\/\/paabaths.com\/it\/#website"},"datePublished":"2025-11-28T05:13:45+00:00","dateModified":"2026-04-15T07:06:22+00:00","breadcrumb":{"@id":"https:\/\/paabaths.com\/it\/paa-showroom\/#breadcrumb"},"inLanguage":"it-IT","potentialAction":[{"@type":"ReadAction","target":["https:\/\/paabaths.com\/it\/paa-showroom\/"]}]},{"@type":"BreadcrumbList","@id":"https:\/\/paabaths.com\/it\/paa-showroom\/#breadcrumb","itemListElement":[{"@type":"ListItem","position":1,"name":"Home","item":"https:\/\/paabaths.com\/it\/"},{"@type":"ListItem","position":2,"name":"Showroom PAA"}]},{"@type":"WebSite","@id":"https:\/\/paabaths.com\/it\/#website","url":"https:\/\/paabaths.com\/it\/","name":"PAA","description":"This is PAA Ltd. brand site","publisher":{"@id":"https:\/\/paabaths.com\/it\/#organization"},"potentialAction":[{"@type":"SearchAction","target":{"@type":"EntryPoint","urlTemplate":"https:\/\/paabaths.com\/it\/?s={search_term_string}"},"query-input":{"@type":"PropertyValueSpecification","valueRequired":true,"valueName":"search_term_string"}}],"inLanguage":"it-IT"},{"@type":"Organization","@id":"https:\/\/paabaths.com\/it\/#organization","name":"PAA Baths","url":"https:\/\/paabaths.com\/it\/","logo":{"@type":"ImageObject","inLanguage":"it-IT","@id":"https:\/\/paabaths.com\/it\/#\/schema\/logo\/image\/","url":"https:\/\/paabaths.com\/wp-content\/uploads\/2023\/02\/84294546_179914056600038_3880533746851512320_n.jpeg","contentUrl":"https:\/\/paabaths.com\/wp-content\/uploads\/2023\/02\/84294546_179914056600038_3880533746851512320_n.jpeg","width":320,"height":320,"caption":"PAA Baths"},"image":{"@id":"https:\/\/paabaths.com\/it\/#\/schema\/logo\/image\/"},"sameAs":["https:\/\/www.facebook.com\/paabaths\/","https:\/\/www.instagram.com\/paa_baths"]}]}},"_links":{"self":[{"href":"https:\/\/paabaths.com\/it\/wp-json\/wp\/v2\/pages\/94713","targetHints":{"allow":["GET"]}}],"collection":[{"href":"https:\/\/paabaths.com\/it\/wp-json\/wp\/v2\/pages"}],"about":[{"href":"https:\/\/paabaths.com\/it\/wp-json\/wp\/v2\/types\/page"}],"author":[{"embeddable":true,"href":"https:\/\/paabaths.com\/it\/wp-json\/wp\/v2\/users\/1"}],"replies":[{"embeddable":true,"href":"https:\/\/paabaths.com\/it\/wp-json\/wp\/v2\/comments?post=94713"}],"version-history":[{"count":40,"href":"https:\/\/paabaths.com\/it\/wp-json\/wp\/v2\/pages\/94713\/revisions"}],"predecessor-version":[{"id":104203,"href":"https:\/\/paabaths.com\/it\/wp-json\/wp\/v2\/pages\/94713\/revisions\/104203"}],"wp:attachment":[{"href":"https:\/\/paabaths.com\/it\/wp-json\/wp\/v2\/media?parent=94713"}],"curies":[{"name":"wp","href":"https:\/\/api.w.org\/{rel}","templated":true}]}}