{"id":94232,"date":"2021-04-07T04:48:53","date_gmt":"2021-04-07T04:48:53","guid":{"rendered":"https:\/\/paabaths.com\/cooperation\/"},"modified":"2026-01-28T09:05:26","modified_gmt":"2026-01-28T07:05:26","slug":"cooperation","status":"publish","type":"page","link":"https:\/\/paabaths.com\/it\/cooperation\/","title":{"rendered":"Collaborazione"},"content":{"rendered":"<section data-type='full-width' id='block-69f16b415660e' class='full-width-cta wp-block-group acf-block alignfull '><style>#block-69f16b415660e .wp-block-image { height: 700px; } \r\n@media(max-width:1024px){ #block-69f16b415660e .wp-block-image { height: 450px; } }; \r\n@media(max-width:992px){ #block-69f16b415660e .wp-block-image { height: 400px; } }; \r\n@media(max-width:568px){ #block-69f16b415660e .wp-block-image { height: 270px; } }; \r\n<\/style><div class='image lazyload' data-background-image='https:\/\/paabaths.com\/wp-content\/uploads\/2021\/09\/PAA-Baths-Silkstone-Felice-1945x830-03-01-Matte-White-Front-View-Interior-2880x1630px-2560x1449.jpg'><\/div><div class='fill-bg'><\/div><div class='wp-block alignwide'><div  class='wp-block-image title-position-'><span class='inner-wrap'><span class='inner t-a-b-2'><h3 class='underline-solid'><\/h3><\/span><\/span><\/div><\/div><\/section>\n\n<section class='page-content wp-block-group acf-block alignwide style-1 alignwide'><div class='wp-block alignwide'><div class='content t-a-b-2'><p data-start=\"84\" data-end=\"145\">Il nostro successo si basa sui valori della nostra azienda:<\/p>\n<p data-start=\"147\" data-end=\"269\">Le relazioni umane sono per noi fondamentali. Crediamo che una comunicazione aperta con i nostri partner sia essenziale<\/p>\n<p data-start=\"271\" data-end=\"403\">Ci concentriamo su un design moderno ed elegante, sulla perfezione e sulla cura artigianale in ogni dettaglio dei nostri prodotti<\/p>\n<p data-start=\"405\" data-end=\"531\">Quando necessario, siamo esperti nel trovare soluzioni creative, intelligenti e pratiche per le esigenze dei nostri clienti<\/p>\n<p data-start=\"533\" data-end=\"741\">Siamo sempre pronti a sperimentare soluzioni alternative e creative, anche se richiedono uno sforzo maggiore per soddisfare le aspettative dei clienti. Valorizziamo l\u2019estetica e la qualit\u00e0 pi\u00f9 del profitto<\/p>\n<\/div><\/div><\/section>\n\n<section class=\"square-boxes wp-block-group acf-block\">\n    <div class='wp-block-columns align-wide items-2'><div class='wp-block-column'><span class='wp-block-image title-position-'><span class='image' style='background-image:url(https:\/\/paabaths.com\/wp-content\/uploads\/2021\/06\/for-architects-2-1-750x750.jpg);'><\/span><span class='inner-wrap'><span class='inner'><h3><\/h3><\/span><\/span><\/span><\/div><div class='wp-block-column'><span class='wp-block-image title-position-'><span class='image' style='background-image:url(https:\/\/paabaths.com\/wp-content\/uploads\/2021\/06\/for-architects-2-2-750x750.jpg);'><\/span><span class='inner-wrap'><span class='inner'><h3><\/h3><\/span><\/span><\/span><\/div>    <\/div>\n<\/section>\n\n\n<section data-type='' id='block-69f16b415c339' class='full-width-cta wp-block-group acf-block alignwide '><style>#block-69f16b415c339 .wp-block-image { height: 583px; } \r\n@media(max-width:1024px){ #block-69f16b415c339 .wp-block-image { height: 416px; } }; \r\n@media(max-width:992px){ #block-69f16b415c339 .wp-block-image { height: 416px; } }; \r\n@media(max-width:568px){ #block-69f16b415c339 .wp-block-image { height: 270px; } }; \r\n<\/style><div class='image lazyload' data-background-image='https:\/\/paabaths.com\/wp-content\/uploads\/2021\/06\/for-architects-3.jpg'><\/div><div class='fill-bg'><\/div><div class='wp-block alignwide'><div  class='wp-block-image title-position-'><span class='inner-wrap'><span class='inner t-a-b-2'><h3 class='underline-solid'><\/h3><\/span><\/span><\/div><\/div><\/section>\n\n<section data-type='' id='block-69f16b415d349' class='full-width-cta wp-block-group acf-block alignfull '><style>#block-69f16b415d349 .wp-block-image { height: 700px; } \r\n@media(max-width:1024px){ #block-69f16b415d349 .wp-block-image { height: 450px; } }; \r\n@media(max-width:992px){ #block-69f16b415d349 .wp-block-image { height: 450px; } }; \r\n@media(max-width:568px){ #block-69f16b415d349 .wp-block-image { height: 270px; } }; \r\n<\/style><div class='image lazyload' data-background-image='https:\/\/paabaths.com\/wp-content\/uploads\/2021\/06\/for-architects-4.jpg'><\/div><div class='fill-bg'><\/div><div class='wp-block alignwide'><div  class='wp-block-image title-position-'><span class='inner-wrap'><span class='inner t-a-b-2'><h3 class='underline-solid'><\/h3><\/span><\/span><\/div><\/div><\/section>\n\n<section class='page-content wp-block-group acf-block alignwide style-1 alignwide'><div class='wp-block alignwide'><div class='content t-a-b-2'><p data-start=\"55\" data-end=\"187\">Le nostre relazioni con clienti e partner e la ricerca dell\u2019eleganza e della bellezza duratura sono per noi di massima importanza<\/p>\n<p data-start=\"189\" data-end=\"245\" data-is-last-node=\"\" data-is-only-node=\"\">A parlare di noi, per\u00f2, sono i nostri partner e clienti<\/p>\n<\/div><\/div><\/section>\n\n<section data-type='full-width' id='block-69f16b415e734' class='full-width-cta wp-block-group acf-block alignwide '><style>#block-69f16b415e734 .wp-block-image { height: 615px; } \r\n@media(max-width:1024px){ #block-69f16b415e734 .wp-block-image { height: 430px; } }; \r\n@media(max-width:992px){ #block-69f16b415e734 .wp-block-image { height: 430px; } }; \r\n@media(max-width:568px){ #block-69f16b415e734 .wp-block-image { height: 270px; } }; \r\n<\/style><div class='image lazyload' data-background-image='https:\/\/paabaths.com\/wp-content\/uploads\/2022\/06\/Zane-1560x1560.jpg'><\/div><div class='fill-bg'><\/div><div class='wp-block alignwide'><div  class='wp-block-image title-position-'><span class='inner-wrap'><span class='inner t-a-b-2'><h3 class='underline-solid'><\/h3><\/span><\/span><\/div><\/div><\/section>\n\n<section class='wp-block alignwide qoute-with-button'><div class='content t-a-b-2'><div class='qoute'><p>\u00abNei progetti d\u2019interni cerco sempre di includere prodotti lettoni, perch\u00e9 sono orgoglioso dei produttori locali che realizzano oggetti belli e di alta qualit\u00e0. Raccomando PAA ai clienti, perch\u00e9 il produttore offre quasi tutte le soluzioni non standard, con una grande variet\u00e0 di forme e finiture. La produzione di PAA non \u00e8 solo ricca di design eleganti, ma propone anche diverse soluzioni pratiche che nessun altro produttore offre; ad esempio, le superfici su misura possono essere tagliate in forme diverse, dal materiale Silkstone \u00e8 possibile creare combinazioni di design varie sia per vasche che per lavabi, e anche piatti doccia.\u00bb<\/p>\n<\/div><div class='author'>Designer di &#8220;Zieme\u013cu akcents&#8221; ZANE SKALBERGA, Riga<\/div><div class='wp-block-buttons is-content-justification-center'><div class='wp-block-button is-style-outline'><a href='https:\/\/paabaths.com\/selected-projects\/' class='wp-block-button__link' title='VEDI ALTRI PROGETTI'>VEDI ALTRI PROGETTI<\/a><\/div><\/div><\/div><\/section>\n\n<section data-type='' id='block-69f16b4160c24' class='full-width-cta wp-block-group acf-block alignwide '><style>#block-69f16b4160c24 .wp-block-image { height: 615px; } \r\n@media(max-width:1024px){ #block-69f16b4160c24 .wp-block-image { height: 435px; } }; \r\n@media(max-width:992px){ #block-69f16b4160c24 .wp-block-image { height: 435px; } }; \r\n@media(max-width:568px){ #block-69f16b4160c24 .wp-block-image { height: 290px; } }; \r\n<\/style><div class='image lazyload' data-background-image='https:\/\/paabaths.com\/wp-content\/uploads\/2021\/06\/for-architects-6-1-1560x923.jpg'><\/div><div class='fill-bg'><\/div><div class='wp-block alignwide'><div  class='wp-block-image title-position-'><span class='inner-wrap'><span class='inner t-a-b-2'><h3 class='underline-solid'><\/h3><\/span><\/span><\/div><\/div><\/section>\n\n<section class=\"square-boxes wp-block-group acf-block\">\n    <div class='wp-block-columns align-wide items-2'><div class='wp-block-column'><span class='wp-block-image title-position-'><span class='image' style='background-image:url(https:\/\/paabaths.com\/wp-content\/uploads\/2021\/06\/for-architects-7-1-750x750.jpg);'><\/span><span class='inner-wrap'><span class='inner'><h3><\/h3><\/span><\/span><\/span><\/div><div class='wp-block-column'><span class='wp-block-image title-position-'><span class='image' style='background-image:url(https:\/\/paabaths.com\/wp-content\/uploads\/2021\/06\/for-architects-7-2-750x750.jpg);'><\/span><span class='inner-wrap'><span class='inner'><h3><\/h3><\/span><\/span><\/span><\/div>    <\/div>\n<\/section>\n\n\n<section class=\"square-boxes wp-block-group acf-block\">\n    <div class='wp-block-columns align-wide items-2'><div class='wp-block-column'><a href='http:\/\/paabaths.com\/materials\/' class='wp-block-image title-position-center'><span class='image' style='background-image:url(https:\/\/paabaths.com\/wp-content\/uploads\/2021\/04\/our-materials-home-square-750x750.png);'><\/span><span class='inner-wrap'><span class='inner'><h3>Materiali<\/h3><\/span><\/span><\/a><\/div><div class='wp-block-column'><a href='http:\/\/paabaths.com\/selected-projects\/' class='wp-block-image title-position-center'><span class='image' style='background-image:url(https:\/\/paabaths.com\/wp-content\/uploads\/2021\/06\/selected-projects-square-750x750.jpg);'><\/span><span class='inner-wrap'><span class='inner'><h3>Progetti Selezionati<\/h3><\/span><\/span><\/a><\/div>    <\/div>\n<\/section>\n\n\n<section class='button-block wp-block-group acf-block'><div class='wp-block alignwide t-a-b-2'><h2><\/h2><div class='wp-block-buttons is-content-justification-center'><div class='wp-block-button is-style-outline'><a href='http:\/\/paabaths.com\/for-professionals\/get-in-touch\/' class='wp-block-button__link' title='Invia richiesta di progetto'>Invia richiesta di progetto<\/a><\/div><\/div><\/div><\/section>","protected":false},"excerpt":{"rendered":"","protected":false},"author":1,"featured_media":0,"parent":0,"menu_order":2,"comment_status":"closed","ping_status":"closed","template":"template-page-with-breadcrumbs.php","meta":{"_acf_changed":false,"inline_featured_image":false,"footnotes":""},"class_list":["post-94232","page","type-page","status-publish","hentry"],"acf":[],"yoast_head":"<!-- This site is optimized with the Yoast SEO plugin v26.1.1 - https:\/\/yoast.com\/wordpress\/plugins\/seo\/ -->\n<title>Collaborazione - PAA<\/title>\n<meta name=\"robots\" content=\"index, follow, max-snippet:-1, max-image-preview:large, max-video-preview:-1\" \/>\n<link rel=\"canonical\" href=\"https:\/\/paabaths.com\/it\/cooperation\/\" \/>\n<meta property=\"og:locale\" content=\"it_IT\" \/>\n<meta property=\"og:type\" content=\"article\" \/>\n<meta property=\"og:title\" content=\"Collaborazione - PAA\" \/>\n<meta property=\"og:url\" content=\"https:\/\/paabaths.com\/it\/cooperation\/\" \/>\n<meta property=\"og:site_name\" content=\"PAA\" \/>\n<meta property=\"article:publisher\" content=\"https:\/\/www.facebook.com\/paabaths\/\" \/>\n<meta property=\"article:modified_time\" content=\"2026-01-28T07:05:26+00:00\" \/>\n<meta property=\"og:image\" content=\"https:\/\/paabaths.com\/wp-content\/uploads\/2025\/09\/PAA-baths-title2560x1500px.jpg\" \/>\n\t<meta property=\"og:image:width\" content=\"2560\" \/>\n\t<meta property=\"og:image:height\" content=\"1500\" \/>\n\t<meta property=\"og:image:type\" content=\"image\/jpeg\" \/>\n<meta name=\"twitter:card\" content=\"summary_large_image\" \/>\n<script type=\"application\/ld+json\" class=\"yoast-schema-graph\">{\"@context\":\"https:\/\/schema.org\",\"@graph\":[{\"@type\":\"WebPage\",\"@id\":\"https:\/\/paabaths.com\/it\/cooperation\/\",\"url\":\"https:\/\/paabaths.com\/it\/cooperation\/\",\"name\":\"Collaborazione - PAA\",\"isPartOf\":{\"@id\":\"https:\/\/paabaths.com\/it\/#website\"},\"datePublished\":\"2021-04-07T04:48:53+00:00\",\"dateModified\":\"2026-01-28T07:05:26+00:00\",\"breadcrumb\":{\"@id\":\"https:\/\/paabaths.com\/it\/cooperation\/#breadcrumb\"},\"inLanguage\":\"it-IT\",\"potentialAction\":[{\"@type\":\"ReadAction\",\"target\":[\"https:\/\/paabaths.com\/it\/cooperation\/\"]}]},{\"@type\":\"BreadcrumbList\",\"@id\":\"https:\/\/paabaths.com\/it\/cooperation\/#breadcrumb\",\"itemListElement\":[{\"@type\":\"ListItem\",\"position\":1,\"name\":\"Home\",\"item\":\"https:\/\/paabaths.com\/it\/\"},{\"@type\":\"ListItem\",\"position\":2,\"name\":\"Collaborazione\"}]},{\"@type\":\"WebSite\",\"@id\":\"https:\/\/paabaths.com\/it\/#website\",\"url\":\"https:\/\/paabaths.com\/it\/\",\"name\":\"PAA\",\"description\":\"This is PAA Ltd. brand site\",\"publisher\":{\"@id\":\"https:\/\/paabaths.com\/it\/#organization\"},\"potentialAction\":[{\"@type\":\"SearchAction\",\"target\":{\"@type\":\"EntryPoint\",\"urlTemplate\":\"https:\/\/paabaths.com\/it\/?s={search_term_string}\"},\"query-input\":{\"@type\":\"PropertyValueSpecification\",\"valueRequired\":true,\"valueName\":\"search_term_string\"}}],\"inLanguage\":\"it-IT\"},{\"@type\":\"Organization\",\"@id\":\"https:\/\/paabaths.com\/it\/#organization\",\"name\":\"PAA Baths\",\"url\":\"https:\/\/paabaths.com\/it\/\",\"logo\":{\"@type\":\"ImageObject\",\"inLanguage\":\"it-IT\",\"@id\":\"https:\/\/paabaths.com\/it\/#\/schema\/logo\/image\/\",\"url\":\"https:\/\/paabaths.com\/wp-content\/uploads\/2023\/02\/84294546_179914056600038_3880533746851512320_n.jpeg\",\"contentUrl\":\"https:\/\/paabaths.com\/wp-content\/uploads\/2023\/02\/84294546_179914056600038_3880533746851512320_n.jpeg\",\"width\":320,\"height\":320,\"caption\":\"PAA Baths\"},\"image\":{\"@id\":\"https:\/\/paabaths.com\/it\/#\/schema\/logo\/image\/\"},\"sameAs\":[\"https:\/\/www.facebook.com\/paabaths\/\",\"https:\/\/www.instagram.com\/paa_baths\"]}]}<\/script>\n<!-- \/ Yoast SEO plugin. -->","yoast_head_json":{"title":"Collaborazione - PAA","robots":{"index":"index","follow":"follow","max-snippet":"max-snippet:-1","max-image-preview":"max-image-preview:large","max-video-preview":"max-video-preview:-1"},"canonical":"https:\/\/paabaths.com\/it\/cooperation\/","og_locale":"it_IT","og_type":"article","og_title":"Collaborazione - PAA","og_url":"https:\/\/paabaths.com\/it\/cooperation\/","og_site_name":"PAA","article_publisher":"https:\/\/www.facebook.com\/paabaths\/","article_modified_time":"2026-01-28T07:05:26+00:00","og_image":[{"width":2560,"height":1500,"url":"https:\/\/paabaths.com\/wp-content\/uploads\/2025\/09\/PAA-baths-title2560x1500px.jpg","type":"image\/jpeg"}],"twitter_card":"summary_large_image","schema":{"@context":"https:\/\/schema.org","@graph":[{"@type":"WebPage","@id":"https:\/\/paabaths.com\/it\/cooperation\/","url":"https:\/\/paabaths.com\/it\/cooperation\/","name":"Collaborazione - PAA","isPartOf":{"@id":"https:\/\/paabaths.com\/it\/#website"},"datePublished":"2021-04-07T04:48:53+00:00","dateModified":"2026-01-28T07:05:26+00:00","breadcrumb":{"@id":"https:\/\/paabaths.com\/it\/cooperation\/#breadcrumb"},"inLanguage":"it-IT","potentialAction":[{"@type":"ReadAction","target":["https:\/\/paabaths.com\/it\/cooperation\/"]}]},{"@type":"BreadcrumbList","@id":"https:\/\/paabaths.com\/it\/cooperation\/#breadcrumb","itemListElement":[{"@type":"ListItem","position":1,"name":"Home","item":"https:\/\/paabaths.com\/it\/"},{"@type":"ListItem","position":2,"name":"Collaborazione"}]},{"@type":"WebSite","@id":"https:\/\/paabaths.com\/it\/#website","url":"https:\/\/paabaths.com\/it\/","name":"PAA","description":"This is PAA Ltd. brand site","publisher":{"@id":"https:\/\/paabaths.com\/it\/#organization"},"potentialAction":[{"@type":"SearchAction","target":{"@type":"EntryPoint","urlTemplate":"https:\/\/paabaths.com\/it\/?s={search_term_string}"},"query-input":{"@type":"PropertyValueSpecification","valueRequired":true,"valueName":"search_term_string"}}],"inLanguage":"it-IT"},{"@type":"Organization","@id":"https:\/\/paabaths.com\/it\/#organization","name":"PAA Baths","url":"https:\/\/paabaths.com\/it\/","logo":{"@type":"ImageObject","inLanguage":"it-IT","@id":"https:\/\/paabaths.com\/it\/#\/schema\/logo\/image\/","url":"https:\/\/paabaths.com\/wp-content\/uploads\/2023\/02\/84294546_179914056600038_3880533746851512320_n.jpeg","contentUrl":"https:\/\/paabaths.com\/wp-content\/uploads\/2023\/02\/84294546_179914056600038_3880533746851512320_n.jpeg","width":320,"height":320,"caption":"PAA Baths"},"image":{"@id":"https:\/\/paabaths.com\/it\/#\/schema\/logo\/image\/"},"sameAs":["https:\/\/www.facebook.com\/paabaths\/","https:\/\/www.instagram.com\/paa_baths"]}]}},"_links":{"self":[{"href":"https:\/\/paabaths.com\/it\/wp-json\/wp\/v2\/pages\/94232","targetHints":{"allow":["GET"]}}],"collection":[{"href":"https:\/\/paabaths.com\/it\/wp-json\/wp\/v2\/pages"}],"about":[{"href":"https:\/\/paabaths.com\/it\/wp-json\/wp\/v2\/types\/page"}],"author":[{"embeddable":true,"href":"https:\/\/paabaths.com\/it\/wp-json\/wp\/v2\/users\/1"}],"replies":[{"embeddable":true,"href":"https:\/\/paabaths.com\/it\/wp-json\/wp\/v2\/comments?post=94232"}],"version-history":[{"count":4,"href":"https:\/\/paabaths.com\/it\/wp-json\/wp\/v2\/pages\/94232\/revisions"}],"predecessor-version":[{"id":94740,"href":"https:\/\/paabaths.com\/it\/wp-json\/wp\/v2\/pages\/94232\/revisions\/94740"}],"wp:attachment":[{"href":"https:\/\/paabaths.com\/it\/wp-json\/wp\/v2\/media?parent=94232"}],"curies":[{"name":"wp","href":"https:\/\/api.w.org\/{rel}","templated":true}]}}