{"id":107017,"date":"2021-06-15T14:48:06","date_gmt":"2021-06-15T11:48:06","guid":{"rendered":"https:\/\/paabaths.com\/silkstone-collection\/"},"modified":"2026-04-15T15:59:26","modified_gmt":"2026-04-15T12:59:26","slug":"silkstone-collection","status":"publish","type":"page","link":"https:\/\/paabaths.com\/it\/silkstone-collection\/","title":{"rendered":"Collezione Silkstone"},"content":{"rendered":"<section class='page-title wp-block-group acf-block position-center  has-h1' ><div class='wp-block alignwide'><h1 class='t-a-b-2'>Collezione Silkstone<\/h1><\/div><\/section>\n\n<section class='page-description wp-block-group acf-block alignwide'><div class='wp-block alignwide'><div class='description t-a-b-2'><p>Vasca freestanding in Silkstone\u00ae scultorea, essenziale e senza artifici. Ampia ma visivamente leggera, la vasca BELLA si distingue per la sua perfezione geometrica.<\/p>\n<\/div><\/div><\/section>\n\n<section data-type='' id='block-69e1b988cd40f' class='full-width-cta wp-block-group acf-block  '><style>#block-69e1b988cd40f .wp-block-image { height: 849px; } \r\n@media(max-width:1024px){ #block-69e1b988cd40f .wp-block-image { height: 452px; } }; \r\n@media(max-width:992px){ #block-69e1b988cd40f .wp-block-image { height: 452px; } }; \r\n@media(max-width:568px){ #block-69e1b988cd40f .wp-block-image { height: 270px; } }; \r\n<\/style><div class='image lazyload' data-background-image='https:\/\/paabaths.com\/wp-content\/uploads\/2021\/06\/silkstone-collection-1.jpg'><\/div><div class='fill-bg'><\/div><div class='wp-block alignwide'><div  class='wp-block-image title-position-'><span class='inner-wrap'><span class='inner t-a-b-2'><h3 class='underline-solid'><\/h3><\/span><\/span><\/div><\/div><\/section>\n\n<section class='page-content wp-block-group acf-block alignwide style-1 alignwide'><div class='wp-block alignwide'><div class='content t-a-b-2'><p>Silkstone\u00ae \u00e8 un materiale composito moderno che unisce la morbidezza della seta alla nobile solidit\u00e0 del marmo. \u00c8 disponibile di serie nei colori bianco, grigio e grafite, con finitura semi-opaca, oltre ad altre varianti cromatiche. Per la produzione del Silkstone\u00ae, la bauxite, materiale naturale, viene miscelata sottovuoto con resina poliestere e indurita ad alte temperature.<\/p>\n<\/div><\/div><\/section>\n\n<section class=\"square-boxes wp-block-group acf-block\">\n    <div class='wp-block-columns align-wide items-2'><div class='wp-block-column'><span class='wp-block-image title-position-'><span class='image' style='background-image:url(https:\/\/paabaths.com\/wp-content\/uploads\/2021\/06\/silkstone-collection-2-750x750.jpg);'><\/span><span class='inner-wrap'><span class='inner'><h3><\/h3><\/span><\/span><\/span><\/div><div class='wp-block-column'><a href='https:\/\/paabaths.com\/it\/catalogo\/vaschi\/bella\/' class='wp-block-image title-position-top'><span class='image' style='background-image:url(https:\/\/paabaths.com\/wp-content\/uploads\/2021\/06\/silkstone-collection-3-750x750.jpg);'><\/span><span class='inner-wrap'><span class='inner'><h3>Lavabo Bella<\/h3><\/span><\/span><\/a><\/div>    <\/div>\n<\/section>\n\n\n<section data-type='full-width' id='block-69e1b988d2877' class='full-width-cta wp-block-group acf-block alignwide font-color-white'><style>#block-69e1b988d2877 .wp-block-image { height: 615px; } \r\n@media(max-width:1024px){ #block-69e1b988d2877 .wp-block-image { height: 434px; } }; \r\n@media(max-width:992px){ #block-69e1b988d2877 .wp-block-image { height: 434px; } }; \r\n@media(max-width:568px){ #block-69e1b988d2877 .wp-block-image { height: 270px; } }; \r\n<\/style><div class='image lazyload' data-background-image='https:\/\/paabaths.com\/wp-content\/uploads\/2021\/06\/silkstone-collection-4-1560x923.jpg'><\/div><div class='fill-bg'><\/div><div class='wp-block alignwide'><a href='https:\/\/paabaths.com\/it\/catalogo\/vaschi\/bella\/?attribute_pa_color=graphite' class='wp-block-image title-position-top'><span class='inner-wrap'><span class='inner t-a-b-2'><h3 class='underline-solid'>Graphite Bella<\/h3><\/span><\/span><\/a><\/div><\/section>\n\n<section data-type='full-width' id='block-69e1b988d4565' class='full-width-cta wp-block-group acf-block  font-color-white'><style>#block-69e1b988d4565 .wp-block-image { height: 700px; } \r\n@media(max-width:1024px){ #block-69e1b988d4565 .wp-block-image { height: 571px; } }; \r\n@media(max-width:992px){ #block-69e1b988d4565 .wp-block-image { height: 571px; } }; \r\n@media(max-width:568px){ #block-69e1b988d4565 .wp-block-image { height: 336px; } }; \r\n<\/style><div class='image lazyload' data-background-image='https:\/\/paabaths.com\/wp-content\/uploads\/2021\/06\/silkstone-collection-5.jpg'><\/div><div class='fill-bg'><\/div><div class='wp-block alignwide'><div  class='wp-block-image title-position-top'><span class='inner-wrap'><span class='inner t-a-b-2'><h3 class='underline-solid'>Vasca freestanding scultorea ed essenziale<\/h3><\/span><\/span><\/div><\/div><\/section>\n\n<section class='page-content wp-block-group acf-block alignwide style-1 alignwide'><div class='wp-block alignwide'><div class='content t-a-b-2'><p>Silkstone\u00ae \u00e8 un materiale composito contemporaneo che unisce la morbidezza della seta alla nobile solidit\u00e0 del marmo. \u00c8 disponibile di serie nei colori bianco, grigio e grafite, con finitura semi-opaca, oltre ad altre varianti cromatiche. Per la sua realizzazione, la bauxite \u2013 materiale naturale \u2013 viene miscelata sottovuoto con resina poliestere e indurita ad alte temperature.<\/p>\n<\/div><\/div><\/section>\n\n<section data-type='full-width' id='block-69e1b988d5853' class='full-width-cta wp-block-group acf-block alignwide font-color-dark-grey'><style>#block-69e1b988d5853 .wp-block-image { height: 615px; } \r\n@media(max-width:1024px){ #block-69e1b988d5853 .wp-block-image { height: 571px; } }; \r\n@media(max-width:992px){ #block-69e1b988d5853 .wp-block-image { height: 439px; } }; \r\n@media(max-width:568px){ #block-69e1b988d5853 .wp-block-image { height: 439px; } }; \r\n<\/style><div class='image lazyload' data-background-image='https:\/\/paabaths.com\/wp-content\/uploads\/2021\/06\/silkstone-collection-6-1560x923.jpg'><\/div><div class='fill-bg'><\/div><div class='wp-block alignwide'><div  class='wp-block-image title-position-center'><span class='inner-wrap'><span class='inner t-a-b-2'><h3 class='underline-solid'>Realizzato in Silkstone&reg;<\/h3><div class='wp-block-button is-style-outline'><a href='https:\/\/paabaths.com\/it\/materiali\/silkstone\/' class='wp-block-button__link' title='SCOPRI IL MATERIALE'>SCOPRI IL MATERIALE<\/a><\/div><\/span><\/span><\/div><\/div><\/section>\n\n\n<p><\/p>\n","protected":false},"excerpt":{"rendered":"","protected":false},"author":1,"featured_media":94824,"parent":0,"menu_order":0,"comment_status":"closed","ping_status":"closed","template":"template-page-with-breadcrumbs.php","meta":{"_acf_changed":false,"inline_featured_image":false,"footnotes":""},"class_list":["post-107017","page","type-page","status-publish","has-post-thumbnail","hentry"],"acf":[],"yoast_head":"<!-- This site is optimized with the Yoast SEO plugin v26.1.1 - https:\/\/yoast.com\/wordpress\/plugins\/seo\/ -->\n<title>Collezione Silkstone - PAA<\/title>\n<meta name=\"robots\" content=\"index, follow, max-snippet:-1, max-image-preview:large, max-video-preview:-1\" \/>\n<link rel=\"canonical\" href=\"https:\/\/paabaths.com\/it\/silkstone-collection\/\" \/>\n<meta property=\"og:locale\" content=\"it_IT\" \/>\n<meta property=\"og:type\" content=\"article\" \/>\n<meta property=\"og:title\" content=\"Collezione Silkstone - PAA\" \/>\n<meta property=\"og:url\" content=\"https:\/\/paabaths.com\/it\/silkstone-collection\/\" \/>\n<meta property=\"og:site_name\" content=\"PAA\" \/>\n<meta property=\"article:publisher\" content=\"https:\/\/www.facebook.com\/paabaths\/\" \/>\n<meta property=\"article:modified_time\" content=\"2026-04-15T12:59:26+00:00\" \/>\n<meta property=\"og:image\" content=\"https:\/\/paabaths.com\/wp-content\/uploads\/2022\/08\/PAA-Baths-Silkstone-Amore-Silk-1600x850mm-interior-old-house-2560x1234px.jpg\" \/>\n\t<meta property=\"og:image:width\" content=\"2560\" \/>\n\t<meta property=\"og:image:height\" content=\"1234\" \/>\n\t<meta property=\"og:image:type\" content=\"image\/jpeg\" \/>\n<meta name=\"twitter:card\" content=\"summary_large_image\" \/>\n<script type=\"application\/ld+json\" class=\"yoast-schema-graph\">{\"@context\":\"https:\/\/schema.org\",\"@graph\":[{\"@type\":\"WebPage\",\"@id\":\"https:\/\/paabaths.com\/it\/silkstone-collection\/\",\"url\":\"https:\/\/paabaths.com\/it\/silkstone-collection\/\",\"name\":\"Collezione Silkstone - PAA\",\"isPartOf\":{\"@id\":\"https:\/\/paabaths.com\/it\/#website\"},\"primaryImageOfPage\":{\"@id\":\"https:\/\/paabaths.com\/it\/silkstone-collection\/#primaryimage\"},\"image\":{\"@id\":\"https:\/\/paabaths.com\/it\/silkstone-collection\/#primaryimage\"},\"thumbnailUrl\":\"https:\/\/paabaths.com\/wp-content\/uploads\/2022\/08\/PAA-Baths-Silkstone-Amore-Silk-1600x850mm-interior-old-house-2560x1234px.jpg\",\"datePublished\":\"2021-06-15T11:48:06+00:00\",\"dateModified\":\"2026-04-15T12:59:26+00:00\",\"breadcrumb\":{\"@id\":\"https:\/\/paabaths.com\/it\/silkstone-collection\/#breadcrumb\"},\"inLanguage\":\"it-IT\",\"potentialAction\":[{\"@type\":\"ReadAction\",\"target\":[\"https:\/\/paabaths.com\/it\/silkstone-collection\/\"]}]},{\"@type\":\"ImageObject\",\"inLanguage\":\"it-IT\",\"@id\":\"https:\/\/paabaths.com\/it\/silkstone-collection\/#primaryimage\",\"url\":\"https:\/\/paabaths.com\/wp-content\/uploads\/2022\/08\/PAA-Baths-Silkstone-Amore-Silk-1600x850mm-interior-old-house-2560x1234px.jpg\",\"contentUrl\":\"https:\/\/paabaths.com\/wp-content\/uploads\/2022\/08\/PAA-Baths-Silkstone-Amore-Silk-1600x850mm-interior-old-house-2560x1234px.jpg\",\"width\":2560,\"height\":1234},{\"@type\":\"BreadcrumbList\",\"@id\":\"https:\/\/paabaths.com\/it\/silkstone-collection\/#breadcrumb\",\"itemListElement\":[{\"@type\":\"ListItem\",\"position\":1,\"name\":\"Home\",\"item\":\"https:\/\/paabaths.com\/it\/\"},{\"@type\":\"ListItem\",\"position\":2,\"name\":\"Collezione Silkstone\"}]},{\"@type\":\"WebSite\",\"@id\":\"https:\/\/paabaths.com\/it\/#website\",\"url\":\"https:\/\/paabaths.com\/it\/\",\"name\":\"PAA\",\"description\":\"This is PAA Ltd. brand site\",\"publisher\":{\"@id\":\"https:\/\/paabaths.com\/it\/#organization\"},\"potentialAction\":[{\"@type\":\"SearchAction\",\"target\":{\"@type\":\"EntryPoint\",\"urlTemplate\":\"https:\/\/paabaths.com\/it\/?s={search_term_string}\"},\"query-input\":{\"@type\":\"PropertyValueSpecification\",\"valueRequired\":true,\"valueName\":\"search_term_string\"}}],\"inLanguage\":\"it-IT\"},{\"@type\":\"Organization\",\"@id\":\"https:\/\/paabaths.com\/it\/#organization\",\"name\":\"PAA Baths\",\"url\":\"https:\/\/paabaths.com\/it\/\",\"logo\":{\"@type\":\"ImageObject\",\"inLanguage\":\"it-IT\",\"@id\":\"https:\/\/paabaths.com\/it\/#\/schema\/logo\/image\/\",\"url\":\"https:\/\/paabaths.com\/wp-content\/uploads\/2023\/02\/84294546_179914056600038_3880533746851512320_n.jpeg\",\"contentUrl\":\"https:\/\/paabaths.com\/wp-content\/uploads\/2023\/02\/84294546_179914056600038_3880533746851512320_n.jpeg\",\"width\":320,\"height\":320,\"caption\":\"PAA Baths\"},\"image\":{\"@id\":\"https:\/\/paabaths.com\/it\/#\/schema\/logo\/image\/\"},\"sameAs\":[\"https:\/\/www.facebook.com\/paabaths\/\",\"https:\/\/www.instagram.com\/paa_baths\"]}]}<\/script>\n<!-- \/ Yoast SEO plugin. -->","yoast_head_json":{"title":"Collezione Silkstone - PAA","robots":{"index":"index","follow":"follow","max-snippet":"max-snippet:-1","max-image-preview":"max-image-preview:large","max-video-preview":"max-video-preview:-1"},"canonical":"https:\/\/paabaths.com\/it\/silkstone-collection\/","og_locale":"it_IT","og_type":"article","og_title":"Collezione Silkstone - PAA","og_url":"https:\/\/paabaths.com\/it\/silkstone-collection\/","og_site_name":"PAA","article_publisher":"https:\/\/www.facebook.com\/paabaths\/","article_modified_time":"2026-04-15T12:59:26+00:00","og_image":[{"width":2560,"height":1234,"url":"https:\/\/paabaths.com\/wp-content\/uploads\/2022\/08\/PAA-Baths-Silkstone-Amore-Silk-1600x850mm-interior-old-house-2560x1234px.jpg","type":"image\/jpeg"}],"twitter_card":"summary_large_image","schema":{"@context":"https:\/\/schema.org","@graph":[{"@type":"WebPage","@id":"https:\/\/paabaths.com\/it\/silkstone-collection\/","url":"https:\/\/paabaths.com\/it\/silkstone-collection\/","name":"Collezione Silkstone - PAA","isPartOf":{"@id":"https:\/\/paabaths.com\/it\/#website"},"primaryImageOfPage":{"@id":"https:\/\/paabaths.com\/it\/silkstone-collection\/#primaryimage"},"image":{"@id":"https:\/\/paabaths.com\/it\/silkstone-collection\/#primaryimage"},"thumbnailUrl":"https:\/\/paabaths.com\/wp-content\/uploads\/2022\/08\/PAA-Baths-Silkstone-Amore-Silk-1600x850mm-interior-old-house-2560x1234px.jpg","datePublished":"2021-06-15T11:48:06+00:00","dateModified":"2026-04-15T12:59:26+00:00","breadcrumb":{"@id":"https:\/\/paabaths.com\/it\/silkstone-collection\/#breadcrumb"},"inLanguage":"it-IT","potentialAction":[{"@type":"ReadAction","target":["https:\/\/paabaths.com\/it\/silkstone-collection\/"]}]},{"@type":"ImageObject","inLanguage":"it-IT","@id":"https:\/\/paabaths.com\/it\/silkstone-collection\/#primaryimage","url":"https:\/\/paabaths.com\/wp-content\/uploads\/2022\/08\/PAA-Baths-Silkstone-Amore-Silk-1600x850mm-interior-old-house-2560x1234px.jpg","contentUrl":"https:\/\/paabaths.com\/wp-content\/uploads\/2022\/08\/PAA-Baths-Silkstone-Amore-Silk-1600x850mm-interior-old-house-2560x1234px.jpg","width":2560,"height":1234},{"@type":"BreadcrumbList","@id":"https:\/\/paabaths.com\/it\/silkstone-collection\/#breadcrumb","itemListElement":[{"@type":"ListItem","position":1,"name":"Home","item":"https:\/\/paabaths.com\/it\/"},{"@type":"ListItem","position":2,"name":"Collezione Silkstone"}]},{"@type":"WebSite","@id":"https:\/\/paabaths.com\/it\/#website","url":"https:\/\/paabaths.com\/it\/","name":"PAA","description":"This is PAA Ltd. brand site","publisher":{"@id":"https:\/\/paabaths.com\/it\/#organization"},"potentialAction":[{"@type":"SearchAction","target":{"@type":"EntryPoint","urlTemplate":"https:\/\/paabaths.com\/it\/?s={search_term_string}"},"query-input":{"@type":"PropertyValueSpecification","valueRequired":true,"valueName":"search_term_string"}}],"inLanguage":"it-IT"},{"@type":"Organization","@id":"https:\/\/paabaths.com\/it\/#organization","name":"PAA Baths","url":"https:\/\/paabaths.com\/it\/","logo":{"@type":"ImageObject","inLanguage":"it-IT","@id":"https:\/\/paabaths.com\/it\/#\/schema\/logo\/image\/","url":"https:\/\/paabaths.com\/wp-content\/uploads\/2023\/02\/84294546_179914056600038_3880533746851512320_n.jpeg","contentUrl":"https:\/\/paabaths.com\/wp-content\/uploads\/2023\/02\/84294546_179914056600038_3880533746851512320_n.jpeg","width":320,"height":320,"caption":"PAA Baths"},"image":{"@id":"https:\/\/paabaths.com\/it\/#\/schema\/logo\/image\/"},"sameAs":["https:\/\/www.facebook.com\/paabaths\/","https:\/\/www.instagram.com\/paa_baths"]}]}},"_links":{"self":[{"href":"https:\/\/paabaths.com\/it\/wp-json\/wp\/v2\/pages\/107017","targetHints":{"allow":["GET"]}}],"collection":[{"href":"https:\/\/paabaths.com\/it\/wp-json\/wp\/v2\/pages"}],"about":[{"href":"https:\/\/paabaths.com\/it\/wp-json\/wp\/v2\/types\/page"}],"author":[{"embeddable":true,"href":"https:\/\/paabaths.com\/it\/wp-json\/wp\/v2\/users\/1"}],"replies":[{"embeddable":true,"href":"https:\/\/paabaths.com\/it\/wp-json\/wp\/v2\/comments?post=107017"}],"version-history":[{"count":2,"href":"https:\/\/paabaths.com\/it\/wp-json\/wp\/v2\/pages\/107017\/revisions"}],"predecessor-version":[{"id":107020,"href":"https:\/\/paabaths.com\/it\/wp-json\/wp\/v2\/pages\/107017\/revisions\/107020"}],"wp:featuredmedia":[{"embeddable":true,"href":"https:\/\/paabaths.com\/it\/wp-json\/wp\/v2\/media\/94824"}],"wp:attachment":[{"href":"https:\/\/paabaths.com\/it\/wp-json\/wp\/v2\/media?parent=107017"}],"curies":[{"name":"wp","href":"https:\/\/api.w.org\/{rel}","templated":true}]}}