{"id":104266,"date":"2026-04-15T12:00:27","date_gmt":"2026-04-15T09:00:27","guid":{"rendered":"https:\/\/paabaths.com\/informativa-sulla-privacy\/"},"modified":"2026-04-15T12:00:28","modified_gmt":"2026-04-15T09:00:28","slug":"informativa-sulla-privacy","status":"publish","type":"page","link":"https:\/\/paabaths.com\/it\/informativa-sulla-privacy\/","title":{"rendered":"Informativa sulla privacy"},"content":{"rendered":"\n<h1 class=\"wp-block-heading has-text-align-center\">SIA PAA <br\/>Informativa sulla privacy<\/h1>\n\n<h2 class=\"wp-block-heading\">1. Introduzione<\/h2>\n\n<p>SIA PAA, numero di registrazione 40003133269, con sede in \u016anijas iela 12A, Riga (di seguito \u2013 \u201cTitolare\u201d), sul sito web <a href=\"http:\/\/www.paabaths.com\/\">www.paabaths.com&#13;\n<\/a> (di seguito \u2013 \u201cSito\u201d), tratta i dati personali raccolti dall\u2019interessato, utente del Sito (di seguito \u2013 \u201cUtente\u201d).<\/p>\n\n<p>La presente Informativa sulla privacy ha lo scopo di fornire informazioni sulle finalit\u00e0, sull\u2019ambito e sulle basi giuridiche del trattamento dei dati personali effettuato dal Titolare, sui possibili destinatari delle informazioni, sui principi di protezione, sui tempi di conservazione, sui diritti degli interessati, nonch\u00e9 sull\u2019identit\u00e0 e sui dati di contatto del Titolare.<\/p>\n\n<p>Il Titolare si impegna a tutelare la tua privacy e la sicurezza dei tuoi dati personali, rispettando il tuo diritto alla protezione dei dati e la liceit\u00e0 del trattamento, in conformit\u00e0 al Regolamento (UE) 2016\/679 del Parlamento europeo e del Consiglio del 27 aprile 2016 relativo alla protezione delle persone fisiche con riguardo al trattamento dei dati personali e alla libera circolazione di tali dati, che abroga la direttiva 95\/46\/CE (di seguito \u2013 \u201cRegolamento\u201d), alla Legge sul trattamento dei dati personali, ad altre normative in materia di privacy e trattamento dei dati, nonch\u00e9 alla presente Informativa sulla privacy.<\/p>\n\n<p>La presente Informativa sulla privacy del Titolare si applica al trattamento dei dati personali indipendentemente dalla forma e\/o dal mezzo con cui i dati vengono forniti (sul Sito, in formato cartaceo, elettronico, telefonicamente, tramite iscrizione alla newsletter del Titolare) e dai sistemi in cui vengono trattati.<\/p>\n\n<h2 class=\"wp-block-heading\">2. Identit\u00e0 e dati di contatto del Titolare<\/h2>\n\n<p>Il Titolare \u00e8 SIA PAA, n. di registrazione 40003133269, con sede in \u016anijas iela 12A, Riga, e-mail: <a href=\"mailto:personasdati@paa.lv\">personasdati@paa.lv&#13;\n<\/a>.<\/p>\n\n<h2 class=\"wp-block-heading\">3. Finalit\u00e0 del trattamento e basi giuridiche del trattamento<\/h2>\n\n<p>La base giuridica del trattamento \u00e8 costituita dall\u2019articolo 6, paragrafo 1, lettere a), b), c) e f) del Regolamento.<\/p>\n\n<p>Qualora l\u2019Utente fornisca al Titolare dati personali, quali nome, codice identificativo personale, indirizzo e-mail o postale, numero di telefono, messaggi personali, ecc., tramite i moduli di contatto del Sito, e-mail o altre forme di comunicazione, il Titolare conserva e utilizza tali informazioni ai fini dell\u2019esecuzione o della conclusione dei relativi contratti di servizio.<\/p>\n\n<p>Il trattamento di tali dati da parte del Titolare \u00e8 necessario per l\u2019identificazione del cliente, la preparazione, la conclusione e la prova della conclusione del contratto, l\u2019erogazione e la manutenzione dei servizi, l\u2019assistenza clienti, la gestione e il trattamento di reclami e contestazioni, l\u2019amministrazione della fatturazione e per altre finalit\u00e0 direttamente connesse alla conclusione o all\u2019esecuzione dei contratti.<\/p>\n\n<p>Il Titolare si impegna a trattare i tuoi dati personali qualora sussista una delle seguenti basi giuridiche: il consenso dell\u2019interessato; il legittimo interesse del Titolare alla conclusione e all\u2019esecuzione di un contratto; l\u2019adempimento di obblighi previsti da normative vigenti e vincolanti.<\/p>\n\n<p>Il Titolare persegue i seguenti legittimi interessi:<\/p>\n\n<ul class=\"checkmark-list wp-block-list\">\n<li>svolgere attivit\u00e0 commerciali;<\/li>\n\n\n\n<li>conservare le richieste di fornitura dei servizi, altre richieste e comunicazioni, nonch\u00e9 le relative annotazioni, incluse quelle effettuate verbalmente durante incontri o telefonicamente;<\/li>\n\n\n\n<li>promuovere la fidelizzazione del cliente e migliorare l\u2019efficacia della comunicazione;<\/li>\n\n\n\n<li>progettare e sviluppare prodotti, soluzioni e servizi;<\/li>\n\n\n\n<li>pubblicizzare i propri prodotti e promuoverne la vendita;<\/li>\n\n\n\n<li>migliorare il servizio clienti, anche attraverso indagini sulla qualit\u00e0 dei servizi e sull\u2019esperienza d\u2019uso.<\/li>\n<\/ul>\n\n<p>Il Titolare persegue le seguenti finalit\u00e0 di trattamento dei dati personali:<\/p>\n\n<ol class=\"abc-sublist wp-block-list\">\n<li>Vendita e fornitura di servizi:\n<ul class=\"wp-block-list\">\n<li>identificazione del cliente;<\/li>\n\n\n\n<li>preparazione e conclusione del contratto;<\/li>\n\n\n\n<li>adempimento degli obblighi contrattuali;<\/li>\n\n\n\n<li>distribuzione, fornitura e promozione dei prodotti, sviluppo di nuovi prodotti;<\/li>\n\n\n\n<li>assistenza clienti, inclusa la gestione e il trattamento di contestazioni e reclami;<\/li>\n\n\n\n<li>mantenimento della collaborazione, incremento della fidelizzazione del cliente, indagini sulla soddisfazione;<\/li>\n\n\n\n<li>manutenzione e miglioramento dei siti web e delle newsletter del Titolare.<\/li>\n<\/ul>\n<\/li>\n\n\n\n<li>Pianificazione e analisi:\n<ul class=\"wp-block-list\">\n<li>analisi statistica;<\/li>\n\n\n\n<li>analisi aziendale;<\/li>\n\n\n\n<li>manutenzione e miglioramento dei processi aziendali;<\/li>\n\n\n\n<li>pianificazione operativa e contabilit\u00e0;<\/li>\n\n\n\n<li>garanzia della qualit\u00e0 dei dati;<\/li>\n\n\n\n<li>ricerche di mercato e di opinione pubblica;<\/li>\n\n\n\n<li>indagini sulla clientela per sviluppare i livelli di servizio e migliorare l\u2019esperienza utente nel settore assicurativo;<\/li>\n\n\n\n<li>gestione dei rischi.<\/li>\n<\/ul>\n<\/li>\n\n\n\n<li>Finalit\u00e0 di marketing:\n<ul class=\"wp-block-list\">\n<li>Al fine di inviarti materiali promozionali, sconti o altre offerte speciali in base ai tuoi interessi, per i quali hai prestato il tuo consenso, il Titolare tratta il tuo nome, indirizzo e-mail, numero di telefono e informazioni sulla tua attivit\u00e0 di navigazione sul Sito. La Sezione 9(2) della Legge sui servizi della societ\u00e0 dell\u2019informazione prevede inoltre i casi in cui le comunicazioni commerciali possono essere inviate senza consenso, ad esempio quando l\u2019indirizzo e-mail \u00e8 stato ottenuto nell\u2019ambito della fornitura di un servizio o della vendita di un prodotto. \u00c8 possibile annullare l\u2019iscrizione a tali comunicazioni in qualsiasi momento utilizzando l\u2019apposita funzione di disiscrizione automatica presente nelle e-mail.<\/li>\n\n\n\n<li>Partecipando ai concorsi a premi organizzati sulle pagine social del Titolare, come Facebook, riconosci che, in qualit\u00e0 di partecipante, ci fornisci i tuoi dati personali (nome, cognome, nome utente del social network, ecc.), resi pubblicamente disponibili sulla relativa piattaforma, e che il Titolare pu\u00f2 utilizzare tali dati per le finalit\u00e0 del concorso, inclusa, se necessario, la possibilit\u00e0 di contattarti e identificarti come vincitore e destinatario del premio.&#13;\n&#13;\nIl tuo nome e cognome potranno inoltre essere inclusi nell\u2019annuncio del vincitore, pubblicato su uno dei profili social del Titolare. In qualit\u00e0 di interessato, hai il diritto di revocare il consenso e rinunciare al premio, senza alcuna conseguenza negativa. Con la revoca del consenso, non parteciperai pi\u00f9 all\u2019estrazione. Tale revoca pu\u00f2 essere comunicata ai recapiti forniti dal Titolare.<\/li>\n<\/ul>\n<\/li>\n\n\n\n<li>Altre finalit\u00e0:\n<ul class=\"wp-block-list\">\n<li>adempimento degli obblighi previsti da leggi e regolamenti vincolanti;<\/li>\n\n\n\n<li>attivit\u00e0 di audit e verifica del rispetto dei requisiti operativi;<\/li>\n\n\n\n<li>fornire dati alle autorit\u00e0 pubbliche e ai soggetti incaricati di attivit\u00e0 operative nei casi e nei limiti previsti dalle leggi e dai regolamenti.<\/li>\n<\/ul>\n<\/li>\n\n\n\n<li>Cookie:\n<ul class=\"wp-block-list\">\n<li>Il Titolare migliora costantemente il Sito al fine di ottimizzarne l\u2019utilizzo; per questo motivo ha bisogno di sapere quali informazioni sono rilevanti per i visitatori, con quale frequenza visitano il Sito, quali dispositivi e browser utilizzano, da quale area geografica provengono e quali contenuti preferiscono consultare.<\/li>\n\n\n\n<li>Il Titolare utilizza Google Analytics, che consente di analizzare le modalit\u00e0 di utilizzo del Sito da parte dei visitatori. Maggiori informazioni sul funzionamento di Google Analytics sono disponibili sul sito di Google <a href=\"https:\/\/support.google.com\/analytics\/answer\/1012034?hl=lten&amp;ref_topic=6157800\">https:\/\/support.google.com\/analytics\/answer\/1012034?hl=lten&amp;ref_topic=6157800&#13;\n<\/a>. Il Titolare utilizza i dati raccolti per i propri legittimi interessi, al fine di comprendere meglio le esigenze dei visitatori del Sito e migliorare l\u2019accessibilit\u00e0 delle informazioni pubblicate.<\/li>\n\n\n\n<li>Il server che ospita il Sito pu\u00f2 registrare le richieste inviate dal visitatore (dispositivo utilizzato, browser, indirizzo IP, data e ora di accesso). I dati di cui al presente paragrafo sono utilizzati per finalit\u00e0 tecniche: garantire il corretto funzionamento e la sicurezza del Sito, nonch\u00e9 per indagare eventuali incidenti di sicurezza. La raccolta di tali dati si basa sul legittimo interesse del Titolare a garantire la disponibilit\u00e0 tecnica e l\u2019integrit\u00e0 del Sito.<\/li>\n\n\n\n<li>I cookie sono piccoli file che vengono memorizzati dal browser sul computer del visitatore ogni volta che accede al Sito, nella misura prevista dalle impostazioni del browser. Alcuni cookie vengono utilizzati per selezionare e personalizzare le informazioni e le pubblicit\u00e0 offerte al visitatore in base ai contenuti precedentemente consultati, rendendo cos\u00ec l\u2019utilizzo del Sito semplice, comodo e personalizzato. Ulteriori informazioni sui cookie e su come eliminarli e gestirli sono disponibili su <a href=\"http:\/\/www.aboutcookies.org\">www.aboutcookies.org&#13;\n<\/a>.<\/li>\n\n\n\n<li>Il Sito utilizza cookie per raccogliere indirizzi IP degli utenti e informazioni sulla navigazione, nonch\u00e9 per consentire al Sito di ricordare le preferenze dei visitatori. I cookie permettono al Titolare di monitorare il traffico del Sito e l\u2019interazione degli utenti con esso \u2013 tali dati vengono utilizzati per analizzare il comportamento dei visitatori e migliorare il Sito. La base giuridica per l\u2019utilizzo dei cookie \u00e8 il legittimo interesse del Titolare a garantire la funzionalit\u00e0, la disponibilit\u00e0 e l\u2019integrit\u00e0 del Sito.<\/li>\n\n\n\n<li>Il visitatore pu\u00f2 gestire e\/o eliminare i cookie a propria discrezione. Maggiori informazioni su questa procedura sono disponibili su <a href=\"http:\/\/www.aboutcookies.org\">www.aboutcookies.org&#13;\n.<\/a> Il visitatore pu\u00f2 eliminare tutti i cookie presenti sul proprio computer e la maggior parte dei browser pu\u00f2 essere configurata per impedirne l\u2019installazione. \u00c8 inoltre possibile disattivare i cookie tramite il menu del browser o all\u2019indirizzo <a href=\"https:\/\/tools.google.com\/dlpage\/gaoptout\">https:\/\/tools.google.com\/dlpage\/gaoptout&#13;\n<\/a>. Per configurare correttamente le impostazioni, si consiglia di consultare le condizioni d\u2019uso del proprio browser.<\/li>\n<\/ul>\n<\/li>\n<\/ol>\n\n<h2 class=\"wp-block-heading\">4. Categorie di destinatari dei dati personali<\/h2>\n\n<p>I dati sono comunicati ai dipendenti del Titolare che ne hanno necessit\u00e0 per l\u2019esecuzione delle proprie mansioni e per l\u2019esecuzione o la conclusione del relativo contratto di servizio.<\/p>\n\n<p>Nell\u2019acquisizione e nell\u2019utilizzo dei dati personali, il Titolare si avvale in parte di fornitori di servizi esterni che, in base agli accordi, operano nel pieno rispetto delle istruzioni del Titolare e sono soggetti a un controllo costante, sia prima dell\u2019erogazione del servizio sia successivamente.<\/p>\n\n<h2 class=\"wp-block-heading\">5. Categorie di dati personali<\/h2>\n\n<p>Categorie di dati personali \u2013 nome, cognome, codice identificativo personale, indirizzo e-mail o postale, indirizzo IP, numero di telefono, contenuto del messaggio o della comunicazione, ecc.<\/p>\n\n<h2 class=\"wp-block-heading\">6. Categorie di interessati<\/h2>\n\n<p>Categorie di interessati \u2013 clienti attuali, passati e potenziali del Titolare.<\/p>\n\n<h2 class=\"wp-block-heading\">7. Trasferimento dei dati al di fuori della Lettonia<\/h2>\n\n<p>I dati ricevuti non sono e non saranno trasferiti al di fuori della Lettonia, dell\u2019Unione europea o dello Spazio economico europeo, n\u00e9 saranno trasmessi ad alcuna organizzazione internazionale.<\/p>\n\n<p>Con il tuo consenso, il Titolare pu\u00f2 trasferire i dati personali al di fuori della Lettonia, dell\u2019Unione europea o dello Spazio economico europeo (ad esempio, utilizzando il servizio di cookie Google Analytics).<\/p>\n\n<h2 class=\"wp-block-heading\">8. Periodo di conservazione dei dati<\/h2>\n\n<p>Salvo diversa indicazione nelle istruzioni sulla protezione dei dati, il Titolare cancella i dati personali al pi\u00f9 tardi entro tre mesi dal venir meno della finalit\u00e0 originaria della conservazione, salvo l\u2019obbligo legale di continuare a conservarli (ad esempio, ma non solo, per finalit\u00e0 contabili o di contenzioso).<\/p>\n\n<h2 class=\"wp-block-heading\">9. Accesso dell\u2019interessato ai dati personali e altri diritti<\/h2>\n\n<p>L\u2019interessato ha il diritto di ottenere l\u2019accesso ai propri dati personali entro un mese dalla data della relativa richiesta.<\/p>\n\n<p>L\u2019Utente pu\u00f2 presentare una richiesta per l\u2019esercizio dei propri diritti per iscritto, di persona presso la sede del Titolare (previa esibizione di un documento d\u2019identit\u00e0) oppure tramite e-mail, firmata con firma elettronica sicura.<\/p>\n\n<p>Al ricevimento della richiesta dell\u2019Utente relativa all\u2019esercizio dei propri diritti, il Titolare verifica l\u2019identit\u00e0 dell\u2019Utente, valuta la richiesta e la esegue in conformit\u00e0 alle leggi e ai regolamenti applicabili.<\/p>\n\n<p>L\u2019Utente ha il diritto di ricevere le informazioni previste dalle leggi e dai regolamenti in relazione al trattamento dei propri dati, di richiedere l\u2019accesso ai propri dati personali, nonch\u00e9 di chiedere al Titolare di integrarli, rettificarli o cancellarli, di limitarne il trattamento o di opporsi allo stesso, nella misura in cui tali diritti non siano in contrasto con la finalit\u00e0 del trattamento dei dati (conclusione o esecuzione dei contratti).<\/p>\n\n<p>L\u2019interessato non ha il diritto di ricevere informazioni qualora la loro divulgazione sia vietata dalla legge in materia di sicurezza nazionale, difesa nazionale, sicurezza pubblica, diritto penale, nonch\u00e9 al fine di tutelare gli interessi finanziari pubblici in materia fiscale o per la vigilanza sui partecipanti ai mercati finanziari e per l\u2019analisi macroeconomica.<\/p>\n\n<p>L\u2019interessato ha il diritto di presentare reclamo all\u2019autorit\u00e0 di controllo (Data State Inspectorate). I recapiti aggiornati sono disponibili sul sito web del Data State Inspectorate <a href=\"http:\/\/www.dvi.gov.lv\">www.dvi.gov.lv&#13;\n.<\/a><\/p>\n","protected":false},"excerpt":{"rendered":"<p>SIA PAA Informativa sulla privacy 1. Introduzione SIA PAA, numero di registrazione 40003133269, con sede in \u016anijas iela 12A, Riga (di seguito \u2013 \u201cTitolare\u201d), sul sito web www.paabaths.com&#13; (di seguito \u2013 \u201cSito\u201d), tratta i dati personali raccolti dall\u2019interessato, utente del Sito (di seguito \u2013 \u201cUtente\u201d). La presente Informativa sulla privacy ha lo scopo di fornire [&hellip;]<\/p>\n","protected":false},"author":1,"featured_media":0,"parent":0,"menu_order":119,"comment_status":"closed","ping_status":"open","template":"template-text.php","meta":{"_acf_changed":false,"inline_featured_image":false,"footnotes":""},"class_list":["post-104266","page","type-page","status-publish","hentry"],"acf":[],"yoast_head":"<!-- This site is optimized with the Yoast SEO plugin v26.1.1 - https:\/\/yoast.com\/wordpress\/plugins\/seo\/ -->\n<title>Informativa sulla privacy - PAA<\/title>\n<meta name=\"robots\" content=\"index, follow, max-snippet:-1, max-image-preview:large, max-video-preview:-1\" \/>\n<link rel=\"canonical\" href=\"https:\/\/paabaths.com\/it\/informativa-sulla-privacy\/\" \/>\n<meta property=\"og:locale\" content=\"it_IT\" \/>\n<meta property=\"og:type\" content=\"article\" \/>\n<meta property=\"og:title\" content=\"Informativa sulla privacy - PAA\" \/>\n<meta property=\"og:description\" content=\"SIA PAA Informativa sulla privacy 1. Introduzione SIA PAA, numero di registrazione 40003133269, con sede in \u016anijas iela 12A, Riga (di seguito \u2013 \u201cTitolare\u201d), sul sito web www.paabaths.com&#013; (di seguito \u2013 \u201cSito\u201d), tratta i dati personali raccolti dall\u2019interessato, utente del Sito (di seguito \u2013 \u201cUtente\u201d). La presente Informativa sulla privacy ha lo scopo di fornire [&hellip;]\" \/>\n<meta property=\"og:url\" content=\"https:\/\/paabaths.com\/it\/informativa-sulla-privacy\/\" \/>\n<meta property=\"og:site_name\" content=\"PAA\" \/>\n<meta property=\"article:publisher\" content=\"https:\/\/www.facebook.com\/paabaths\/\" \/>\n<meta property=\"article:modified_time\" content=\"2026-04-15T09:00:28+00:00\" \/>\n<meta property=\"og:image\" content=\"https:\/\/paabaths.com\/wp-content\/uploads\/2025\/09\/PAA-baths-title2560x1500px.jpg\" \/>\n\t<meta property=\"og:image:width\" content=\"2560\" \/>\n\t<meta property=\"og:image:height\" content=\"1500\" \/>\n\t<meta property=\"og:image:type\" content=\"image\/jpeg\" \/>\n<meta name=\"twitter:card\" content=\"summary_large_image\" \/>\n<script type=\"application\/ld+json\" class=\"yoast-schema-graph\">{\"@context\":\"https:\/\/schema.org\",\"@graph\":[{\"@type\":\"WebPage\",\"@id\":\"https:\/\/paabaths.com\/it\/informativa-sulla-privacy\/\",\"url\":\"https:\/\/paabaths.com\/it\/informativa-sulla-privacy\/\",\"name\":\"Informativa sulla privacy - PAA\",\"isPartOf\":{\"@id\":\"https:\/\/paabaths.com\/it\/#website\"},\"datePublished\":\"2026-04-15T09:00:27+00:00\",\"dateModified\":\"2026-04-15T09:00:28+00:00\",\"breadcrumb\":{\"@id\":\"https:\/\/paabaths.com\/it\/informativa-sulla-privacy\/#breadcrumb\"},\"inLanguage\":\"it-IT\",\"potentialAction\":[{\"@type\":\"ReadAction\",\"target\":[\"https:\/\/paabaths.com\/it\/informativa-sulla-privacy\/\"]}]},{\"@type\":\"BreadcrumbList\",\"@id\":\"https:\/\/paabaths.com\/it\/informativa-sulla-privacy\/#breadcrumb\",\"itemListElement\":[{\"@type\":\"ListItem\",\"position\":1,\"name\":\"Home\",\"item\":\"https:\/\/paabaths.com\/it\/\"},{\"@type\":\"ListItem\",\"position\":2,\"name\":\"Informativa sulla privacy\"}]},{\"@type\":\"WebSite\",\"@id\":\"https:\/\/paabaths.com\/it\/#website\",\"url\":\"https:\/\/paabaths.com\/it\/\",\"name\":\"PAA\",\"description\":\"This is PAA Ltd. brand site\",\"publisher\":{\"@id\":\"https:\/\/paabaths.com\/it\/#organization\"},\"potentialAction\":[{\"@type\":\"SearchAction\",\"target\":{\"@type\":\"EntryPoint\",\"urlTemplate\":\"https:\/\/paabaths.com\/it\/?s={search_term_string}\"},\"query-input\":{\"@type\":\"PropertyValueSpecification\",\"valueRequired\":true,\"valueName\":\"search_term_string\"}}],\"inLanguage\":\"it-IT\"},{\"@type\":\"Organization\",\"@id\":\"https:\/\/paabaths.com\/it\/#organization\",\"name\":\"PAA Baths\",\"url\":\"https:\/\/paabaths.com\/it\/\",\"logo\":{\"@type\":\"ImageObject\",\"inLanguage\":\"it-IT\",\"@id\":\"https:\/\/paabaths.com\/it\/#\/schema\/logo\/image\/\",\"url\":\"https:\/\/paabaths.com\/wp-content\/uploads\/2023\/02\/84294546_179914056600038_3880533746851512320_n.jpeg\",\"contentUrl\":\"https:\/\/paabaths.com\/wp-content\/uploads\/2023\/02\/84294546_179914056600038_3880533746851512320_n.jpeg\",\"width\":320,\"height\":320,\"caption\":\"PAA Baths\"},\"image\":{\"@id\":\"https:\/\/paabaths.com\/it\/#\/schema\/logo\/image\/\"},\"sameAs\":[\"https:\/\/www.facebook.com\/paabaths\/\",\"https:\/\/www.instagram.com\/paa_baths\"]}]}<\/script>\n<!-- \/ Yoast SEO plugin. -->","yoast_head_json":{"title":"Informativa sulla privacy - PAA","robots":{"index":"index","follow":"follow","max-snippet":"max-snippet:-1","max-image-preview":"max-image-preview:large","max-video-preview":"max-video-preview:-1"},"canonical":"https:\/\/paabaths.com\/it\/informativa-sulla-privacy\/","og_locale":"it_IT","og_type":"article","og_title":"Informativa sulla privacy - PAA","og_description":"SIA PAA Informativa sulla privacy 1. Introduzione SIA PAA, numero di registrazione 40003133269, con sede in \u016anijas iela 12A, Riga (di seguito \u2013 \u201cTitolare\u201d), sul sito web www.paabaths.com&#13; (di seguito \u2013 \u201cSito\u201d), tratta i dati personali raccolti dall\u2019interessato, utente del Sito (di seguito \u2013 \u201cUtente\u201d). La presente Informativa sulla privacy ha lo scopo di fornire [&hellip;]","og_url":"https:\/\/paabaths.com\/it\/informativa-sulla-privacy\/","og_site_name":"PAA","article_publisher":"https:\/\/www.facebook.com\/paabaths\/","article_modified_time":"2026-04-15T09:00:28+00:00","og_image":[{"width":2560,"height":1500,"url":"https:\/\/paabaths.com\/wp-content\/uploads\/2025\/09\/PAA-baths-title2560x1500px.jpg","type":"image\/jpeg"}],"twitter_card":"summary_large_image","schema":{"@context":"https:\/\/schema.org","@graph":[{"@type":"WebPage","@id":"https:\/\/paabaths.com\/it\/informativa-sulla-privacy\/","url":"https:\/\/paabaths.com\/it\/informativa-sulla-privacy\/","name":"Informativa sulla privacy - PAA","isPartOf":{"@id":"https:\/\/paabaths.com\/it\/#website"},"datePublished":"2026-04-15T09:00:27+00:00","dateModified":"2026-04-15T09:00:28+00:00","breadcrumb":{"@id":"https:\/\/paabaths.com\/it\/informativa-sulla-privacy\/#breadcrumb"},"inLanguage":"it-IT","potentialAction":[{"@type":"ReadAction","target":["https:\/\/paabaths.com\/it\/informativa-sulla-privacy\/"]}]},{"@type":"BreadcrumbList","@id":"https:\/\/paabaths.com\/it\/informativa-sulla-privacy\/#breadcrumb","itemListElement":[{"@type":"ListItem","position":1,"name":"Home","item":"https:\/\/paabaths.com\/it\/"},{"@type":"ListItem","position":2,"name":"Informativa sulla privacy"}]},{"@type":"WebSite","@id":"https:\/\/paabaths.com\/it\/#website","url":"https:\/\/paabaths.com\/it\/","name":"PAA","description":"This is PAA Ltd. brand site","publisher":{"@id":"https:\/\/paabaths.com\/it\/#organization"},"potentialAction":[{"@type":"SearchAction","target":{"@type":"EntryPoint","urlTemplate":"https:\/\/paabaths.com\/it\/?s={search_term_string}"},"query-input":{"@type":"PropertyValueSpecification","valueRequired":true,"valueName":"search_term_string"}}],"inLanguage":"it-IT"},{"@type":"Organization","@id":"https:\/\/paabaths.com\/it\/#organization","name":"PAA Baths","url":"https:\/\/paabaths.com\/it\/","logo":{"@type":"ImageObject","inLanguage":"it-IT","@id":"https:\/\/paabaths.com\/it\/#\/schema\/logo\/image\/","url":"https:\/\/paabaths.com\/wp-content\/uploads\/2023\/02\/84294546_179914056600038_3880533746851512320_n.jpeg","contentUrl":"https:\/\/paabaths.com\/wp-content\/uploads\/2023\/02\/84294546_179914056600038_3880533746851512320_n.jpeg","width":320,"height":320,"caption":"PAA Baths"},"image":{"@id":"https:\/\/paabaths.com\/it\/#\/schema\/logo\/image\/"},"sameAs":["https:\/\/www.facebook.com\/paabaths\/","https:\/\/www.instagram.com\/paa_baths"]}]}},"_links":{"self":[{"href":"https:\/\/paabaths.com\/it\/wp-json\/wp\/v2\/pages\/104266","targetHints":{"allow":["GET"]}}],"collection":[{"href":"https:\/\/paabaths.com\/it\/wp-json\/wp\/v2\/pages"}],"about":[{"href":"https:\/\/paabaths.com\/it\/wp-json\/wp\/v2\/types\/page"}],"author":[{"embeddable":true,"href":"https:\/\/paabaths.com\/it\/wp-json\/wp\/v2\/users\/1"}],"replies":[{"embeddable":true,"href":"https:\/\/paabaths.com\/it\/wp-json\/wp\/v2\/comments?post=104266"}],"version-history":[{"count":1,"href":"https:\/\/paabaths.com\/it\/wp-json\/wp\/v2\/pages\/104266\/revisions"}],"predecessor-version":[{"id":104267,"href":"https:\/\/paabaths.com\/it\/wp-json\/wp\/v2\/pages\/104266\/revisions\/104267"}],"wp:attachment":[{"href":"https:\/\/paabaths.com\/it\/wp-json\/wp\/v2\/media?parent=104266"}],"curies":[{"name":"wp","href":"https:\/\/api.w.org\/{rel}","templated":true}]}}