{"id":7242,"date":"2022-01-05T11:43:29","date_gmt":"2022-01-05T09:43:29","guid":{"rendered":"https:\/\/paa.emptylimits.com\/catalog\/maaratlemata\/quadro\/"},"modified":"2026-03-03T16:44:19","modified_gmt":"2026-03-03T14:44:19","slug":"quadro","status":"publish","type":"product","link":"https:\/\/paabaths.com\/ee\/kataloog\/vannid\/quadro-wall\/","title":{"rendered":"Quadro Wall"},"content":{"rendered":"","protected":false},"excerpt":{"rendered":"","protected":false},"featured_media":6260,"template":"","meta":{"_acf_changed":false,"inline_featured_image":false},"product_brand":[],"product_cat":[161],"product_tag":[],"class_list":{"0":"post-7242","1":"product","2":"type-product","3":"status-publish","4":"has-post-thumbnail","6":"product_type-variable","7":"product_cat-vannid","8":"pa_installation-type-nissi","9":"pa_installation-type-seinaaarne","10":"pa_material-kivimass","11":"pa_material-silkstone-et","13":"first","14":"instock","15":"shipping-taxable","16":"purchasable","17":"product-type-variable","18":"has-default-attributes"},"acf":{"product_type":"variable","price_pdf_url":"https:\/\/paabaths.com\/wp-content\/uploads\/Product-prices\/EE\/PAA-Baths-Prices-EE_Q-WALL1.pdf","dealer_type-exclusive":false,"corner_image":6257,"square_image":6260,"all_models_image":6248,"tag_image":null,"description":"","category":161,"material":[208],"collection":false,"gallery_1":null,"step_1":{"icon":null,"text":""},"step_2":{"icon":null,"text":""},"step_3":{"icon":null,"text":""},"step_4":{"icon":null,"text":""},"specification_table":[{"type":"size","label":"","value":""},{"type":"sku","label":"","value":""},{"type":"material","label":"","value":""},{"type":"weight","label":"","value":""},{"type":"color","label":"","value":""},{"type":"volume","label":"","value":""}],"optional_products":[{"other_product":51536,"other_image":""}],"optional_text":"","downloads":[{"file_type":"cad","label":"0","file":22190},{"file_type":"cad","label":"1","file":22196},{"file_type":"pdf","label":"9","file":94910}],"gallery":[{"type":"two","image":6257,"text":{"text":"","text_vertical_position":"54"},"image_2":6254,"text_2":{"text":"","text_vertical_position":"54"},"images":null,"video_url":""},{"type":"width","image":6251,"text":{"text":"","text_vertical_position":54},"image_2":null,"text_2":{"text":"","text_vertical_position":54},"images":null,"video_url":""},{"type":"two","image":63049,"text":{"text":"Segisti serval","text_vertical_position":"54"},"image_2":63056,"text_2":{"text":"Sama v\u00e4rvi push-open p\u00f5hjaventiili kate","text_vertical_position":"54"},"images":null,"video_url":"https:\/\/youtu.be\/1_47yVlP7x0"},{"type":"two","image":63063,"text":{"text":"Innovatiivse \u00fclevooluga","text_vertical_position":"54"},"image_2":63070,"text_2":{"text":"Valik sobivaid valamuid","text_vertical_position":"54"},"images":null,"video_url":"https:\/\/youtu.be\/1_47yVlP7x0"},{"type":"two","image":63077,"text":{"text":"L\u00e4ikiv v\u00f5i matt pind","text_vertical_position":"54"},"image_2":63084,"text_2":{"text":"\u00dchtib seinaga","text_vertical_position":"54"},"images":null,"video_url":""},{"type":"full","image":27060,"text":{"text":"","text_vertical_position":"54"},"image_2":null,"text_2":{"text":"","text_vertical_position":"54"},"images":null,"video_url":""},{"type":"video","image":null,"text":{"text":"","text_vertical_position":54},"image_2":null,"text_2":{"text":"","text_vertical_position":54},"images":null,"video_url":"https:\/\/youtu.be\/1_47yVlP7x0"}],"technical_drawings":{"side_view":86597,"side_view_text":"1605 \u00d7 760 mm\r\nH = 600 mm","end_view":86611,"top_view":86618,"drainage_area":86604,"mounting_icons":6582,"":null,"side_view_scale":{"scale":100,"x_position":100,"y_position":100},"top_view_scale":{"scale":100,"x_position":100,"y_position":100},"end_view_scale":{"scale":100,"x_position":100,"y_position":100},"drainage_area_scale":{"scale":100,"x_position":100,"y_position":100},"space":{"before":0,"between":0,"after":0}},"space_afer_drawings":0,"matching_product":[{"product":7314,"variation":165},{"product":"","variation":null}],"is_main_connected_product":false,"has_no_content":false,"connected_product":"","default_product":null,"enable_mtm_icon":false,"vario_page":null,"vario_all":null},"yoast_head":"<!-- This site is optimized with the Yoast SEO plugin v26.1.1 - https:\/\/yoast.com\/wordpress\/plugins\/seo\/ -->\n<title>Quadro Wall - PAA<\/title>\n<meta name=\"robots\" content=\"index, follow, max-snippet:-1, max-image-preview:large, max-video-preview:-1\" \/>\n<link rel=\"canonical\" href=\"https:\/\/paabaths.com\/ee\/kataloog\/vannid\/quadro-wall\/\" \/>\n<meta property=\"og:locale\" content=\"en_US\" \/>\n<meta property=\"og:type\" content=\"article\" \/>\n<meta property=\"og:title\" content=\"Quadro Wall - PAA\" \/>\n<meta property=\"og:url\" content=\"https:\/\/paabaths.com\/ee\/kataloog\/vannid\/quadro-wall\/\" \/>\n<meta property=\"og:site_name\" content=\"PAA\" \/>\n<meta property=\"article:publisher\" content=\"https:\/\/www.facebook.com\/paabaths\/\" \/>\n<meta property=\"article:modified_time\" content=\"2026-03-03T14:44:19+00:00\" \/>\n<meta property=\"og:image\" content=\"https:\/\/paabaths.com\/wp-content\/uploads\/2022\/01\/PAA-Baths-Silkstone-Quadro-1600x750x600-04-01-Matte-White-Front-View-1000x1000-1.jpg\" \/>\n\t<meta property=\"og:image:width\" content=\"1000\" \/>\n\t<meta property=\"og:image:height\" content=\"1000\" \/>\n\t<meta property=\"og:image:type\" content=\"image\/jpeg\" \/>\n<meta name=\"twitter:card\" content=\"summary_large_image\" \/>\n<script type=\"application\/ld+json\" class=\"yoast-schema-graph\">{\"@context\":\"https:\/\/schema.org\",\"@graph\":[{\"@type\":\"WebPage\",\"@id\":\"https:\/\/paabaths.com\/ee\/kataloog\/vannid\/quadro-wall\/\",\"url\":\"https:\/\/paabaths.com\/ee\/kataloog\/vannid\/quadro-wall\/\",\"name\":\"Quadro Wall - PAA\",\"isPartOf\":{\"@id\":\"https:\/\/paabaths.com\/ee\/#website\"},\"primaryImageOfPage\":{\"@id\":\"https:\/\/paabaths.com\/ee\/kataloog\/vannid\/quadro-wall\/#primaryimage\"},\"image\":{\"@id\":\"https:\/\/paabaths.com\/ee\/kataloog\/vannid\/quadro-wall\/#primaryimage\"},\"thumbnailUrl\":\"https:\/\/paabaths.com\/wp-content\/uploads\/2022\/01\/PAA-Baths-Silkstone-Quadro-1600x750x600-04-01-Matte-White-Front-View-1000x1000-1.jpg\",\"datePublished\":\"2022-01-05T09:43:29+00:00\",\"dateModified\":\"2026-03-03T14:44:19+00:00\",\"breadcrumb\":{\"@id\":\"https:\/\/paabaths.com\/ee\/kataloog\/vannid\/quadro-wall\/#breadcrumb\"},\"inLanguage\":\"ee\",\"potentialAction\":[{\"@type\":\"ReadAction\",\"target\":[\"https:\/\/paabaths.com\/ee\/kataloog\/vannid\/quadro-wall\/\"]}]},{\"@type\":\"ImageObject\",\"inLanguage\":\"ee\",\"@id\":\"https:\/\/paabaths.com\/ee\/kataloog\/vannid\/quadro-wall\/#primaryimage\",\"url\":\"https:\/\/paabaths.com\/wp-content\/uploads\/2022\/01\/PAA-Baths-Silkstone-Quadro-1600x750x600-04-01-Matte-White-Front-View-1000x1000-1.jpg\",\"contentUrl\":\"https:\/\/paabaths.com\/wp-content\/uploads\/2022\/01\/PAA-Baths-Silkstone-Quadro-1600x750x600-04-01-Matte-White-Front-View-1000x1000-1.jpg\",\"width\":1000,\"height\":1000},{\"@type\":\"BreadcrumbList\",\"@id\":\"https:\/\/paabaths.com\/ee\/kataloog\/vannid\/quadro-wall\/#breadcrumb\",\"itemListElement\":[{\"@type\":\"ListItem\",\"position\":1,\"name\":\"Home\",\"item\":\"https:\/\/paabaths.com\/ee\/\"},{\"@type\":\"ListItem\",\"position\":2,\"name\":\"Kataloog\",\"item\":\"https:\/\/paabaths.com\/lv\/produkcija\/\"},{\"@type\":\"ListItem\",\"position\":3,\"name\":\"Quadro Wall\"}]},{\"@type\":\"WebSite\",\"@id\":\"https:\/\/paabaths.com\/ee\/#website\",\"url\":\"https:\/\/paabaths.com\/ee\/\",\"name\":\"PAA\",\"description\":\"This is PAA Ltd. brand site\",\"publisher\":{\"@id\":\"https:\/\/paabaths.com\/ee\/#organization\"},\"potentialAction\":[{\"@type\":\"SearchAction\",\"target\":{\"@type\":\"EntryPoint\",\"urlTemplate\":\"https:\/\/paabaths.com\/ee\/?s={search_term_string}\"},\"query-input\":{\"@type\":\"PropertyValueSpecification\",\"valueRequired\":true,\"valueName\":\"search_term_string\"}}],\"inLanguage\":\"ee\"},{\"@type\":\"Organization\",\"@id\":\"https:\/\/paabaths.com\/ee\/#organization\",\"name\":\"PAA Baths\",\"url\":\"https:\/\/paabaths.com\/ee\/\",\"logo\":{\"@type\":\"ImageObject\",\"inLanguage\":\"ee\",\"@id\":\"https:\/\/paabaths.com\/ee\/#\/schema\/logo\/image\/\",\"url\":\"https:\/\/paabaths.com\/wp-content\/uploads\/2023\/02\/84294546_179914056600038_3880533746851512320_n.jpeg\",\"contentUrl\":\"https:\/\/paabaths.com\/wp-content\/uploads\/2023\/02\/84294546_179914056600038_3880533746851512320_n.jpeg\",\"width\":320,\"height\":320,\"caption\":\"PAA Baths\"},\"image\":{\"@id\":\"https:\/\/paabaths.com\/ee\/#\/schema\/logo\/image\/\"},\"sameAs\":[\"https:\/\/www.facebook.com\/paabaths\/\",\"https:\/\/www.instagram.com\/paa_baths\"]}]}<\/script>\n<!-- \/ Yoast SEO plugin. -->","yoast_head_json":{"title":"Quadro Wall - PAA","robots":{"index":"index","follow":"follow","max-snippet":"max-snippet:-1","max-image-preview":"max-image-preview:large","max-video-preview":"max-video-preview:-1"},"canonical":"https:\/\/paabaths.com\/ee\/kataloog\/vannid\/quadro-wall\/","og_locale":"en_US","og_type":"article","og_title":"Quadro Wall - PAA","og_url":"https:\/\/paabaths.com\/ee\/kataloog\/vannid\/quadro-wall\/","og_site_name":"PAA","article_publisher":"https:\/\/www.facebook.com\/paabaths\/","article_modified_time":"2026-03-03T14:44:19+00:00","og_image":[{"width":1000,"height":1000,"url":"https:\/\/paabaths.com\/wp-content\/uploads\/2022\/01\/PAA-Baths-Silkstone-Quadro-1600x750x600-04-01-Matte-White-Front-View-1000x1000-1.jpg","type":"image\/jpeg"}],"twitter_card":"summary_large_image","schema":{"@context":"https:\/\/schema.org","@graph":[{"@type":"WebPage","@id":"https:\/\/paabaths.com\/ee\/kataloog\/vannid\/quadro-wall\/","url":"https:\/\/paabaths.com\/ee\/kataloog\/vannid\/quadro-wall\/","name":"Quadro Wall - PAA","isPartOf":{"@id":"https:\/\/paabaths.com\/ee\/#website"},"primaryImageOfPage":{"@id":"https:\/\/paabaths.com\/ee\/kataloog\/vannid\/quadro-wall\/#primaryimage"},"image":{"@id":"https:\/\/paabaths.com\/ee\/kataloog\/vannid\/quadro-wall\/#primaryimage"},"thumbnailUrl":"https:\/\/paabaths.com\/wp-content\/uploads\/2022\/01\/PAA-Baths-Silkstone-Quadro-1600x750x600-04-01-Matte-White-Front-View-1000x1000-1.jpg","datePublished":"2022-01-05T09:43:29+00:00","dateModified":"2026-03-03T14:44:19+00:00","breadcrumb":{"@id":"https:\/\/paabaths.com\/ee\/kataloog\/vannid\/quadro-wall\/#breadcrumb"},"inLanguage":"ee","potentialAction":[{"@type":"ReadAction","target":["https:\/\/paabaths.com\/ee\/kataloog\/vannid\/quadro-wall\/"]}]},{"@type":"ImageObject","inLanguage":"ee","@id":"https:\/\/paabaths.com\/ee\/kataloog\/vannid\/quadro-wall\/#primaryimage","url":"https:\/\/paabaths.com\/wp-content\/uploads\/2022\/01\/PAA-Baths-Silkstone-Quadro-1600x750x600-04-01-Matte-White-Front-View-1000x1000-1.jpg","contentUrl":"https:\/\/paabaths.com\/wp-content\/uploads\/2022\/01\/PAA-Baths-Silkstone-Quadro-1600x750x600-04-01-Matte-White-Front-View-1000x1000-1.jpg","width":1000,"height":1000},{"@type":"BreadcrumbList","@id":"https:\/\/paabaths.com\/ee\/kataloog\/vannid\/quadro-wall\/#breadcrumb","itemListElement":[{"@type":"ListItem","position":1,"name":"Home","item":"https:\/\/paabaths.com\/ee\/"},{"@type":"ListItem","position":2,"name":"Kataloog","item":"https:\/\/paabaths.com\/lv\/produkcija\/"},{"@type":"ListItem","position":3,"name":"Quadro Wall"}]},{"@type":"WebSite","@id":"https:\/\/paabaths.com\/ee\/#website","url":"https:\/\/paabaths.com\/ee\/","name":"PAA","description":"This is PAA Ltd. brand site","publisher":{"@id":"https:\/\/paabaths.com\/ee\/#organization"},"potentialAction":[{"@type":"SearchAction","target":{"@type":"EntryPoint","urlTemplate":"https:\/\/paabaths.com\/ee\/?s={search_term_string}"},"query-input":{"@type":"PropertyValueSpecification","valueRequired":true,"valueName":"search_term_string"}}],"inLanguage":"ee"},{"@type":"Organization","@id":"https:\/\/paabaths.com\/ee\/#organization","name":"PAA Baths","url":"https:\/\/paabaths.com\/ee\/","logo":{"@type":"ImageObject","inLanguage":"ee","@id":"https:\/\/paabaths.com\/ee\/#\/schema\/logo\/image\/","url":"https:\/\/paabaths.com\/wp-content\/uploads\/2023\/02\/84294546_179914056600038_3880533746851512320_n.jpeg","contentUrl":"https:\/\/paabaths.com\/wp-content\/uploads\/2023\/02\/84294546_179914056600038_3880533746851512320_n.jpeg","width":320,"height":320,"caption":"PAA Baths"},"image":{"@id":"https:\/\/paabaths.com\/ee\/#\/schema\/logo\/image\/"},"sameAs":["https:\/\/www.facebook.com\/paabaths\/","https:\/\/www.instagram.com\/paa_baths"]}]}},"_links":{"self":[{"href":"https:\/\/paabaths.com\/ee\/wp-json\/wp\/v2\/product\/7242","targetHints":{"allow":["GET"]}}],"collection":[{"href":"https:\/\/paabaths.com\/ee\/wp-json\/wp\/v2\/product"}],"about":[{"href":"https:\/\/paabaths.com\/ee\/wp-json\/wp\/v2\/types\/product"}],"acf:term":[{"embeddable":true,"taxonomy":"pa_material","href":"https:\/\/paabaths.com\/ee\/wp-json\/wp\/v2\/pa_material\/208"},{"embeddable":true,"taxonomy":"product_cat","href":"https:\/\/paabaths.com\/ee\/wp-json\/wp\/v2\/product_cat\/161"}],"wp:featuredmedia":[{"embeddable":true,"href":"https:\/\/paabaths.com\/ee\/wp-json\/wp\/v2\/media\/6260"}],"wp:attachment":[{"href":"https:\/\/paabaths.com\/ee\/wp-json\/wp\/v2\/media?parent=7242"}],"wp:term":[{"taxonomy":"product_brand","embeddable":true,"href":"https:\/\/paabaths.com\/ee\/wp-json\/wp\/v2\/product_brand?post=7242"},{"taxonomy":"product_cat","embeddable":true,"href":"https:\/\/paabaths.com\/ee\/wp-json\/wp\/v2\/product_cat?post=7242"},{"taxonomy":"product_tag","embeddable":true,"href":"https:\/\/paabaths.com\/ee\/wp-json\/wp\/v2\/product_tag?post=7242"}],"curies":[{"name":"wp","href":"https:\/\/api.w.org\/{rel}","templated":true}]}}