{"id":19531,"date":"2022-05-16T20:47:40","date_gmt":"2022-05-16T17:47:40","guid":{"rendered":"https:\/\/paa.emptylimits.com\/catalog\/uncategorized\/deco-shape\/"},"modified":"2025-04-13T23:51:04","modified_gmt":"2025-04-13T20:51:04","slug":"deco-shape","status":"publish","type":"product","link":"https:\/\/paabaths.com\/ee\/kataloog\/vannid\/deco-shape\/","title":{"rendered":"Deco Shape"},"content":{"rendered":"","protected":false},"excerpt":{"rendered":"","protected":false},"featured_media":0,"template":"","meta":{"_acf_changed":false,"inline_featured_image":false},"product_brand":[],"product_cat":[161],"product_tag":[],"class_list":{"0":"post-19531","1":"product","2":"type-product","3":"status-publish","5":"product_type-variable","6":"product_cat-vannid","7":"pa_installation-type-made-to-measure","8":"pa_installation-type-nurga-vann","9":"pa_installation-type-seinaaarne","10":"pa_material-silkstone-et","11":"collection-deco-et","12":"collection-made-to-measure-et","14":"first","15":"instock","16":"shipping-taxable","17":"purchasable","18":"product-type-variable","19":"has-default-attributes"},"acf":{"product_type":"mtm","price_pdf_url":"https:\/\/paabaths.com\/wp-content\/uploads\/Product-prices\/EE\/PAA-Baths-Prices-EE_DECOSHAP1.pdf","dealer_type-exclusive":false,"corner_image":null,"square_image":null,"all_models_image":null,"tag_image":null,"description":"","category":161,"material":[208],"collection":[358,222],"gallery_1":null,"step_1":{"icon":18047,"text":"M\u00f5\u00f5tke oma vannitoa pindala"},"step_2":{"icon":18053,"text":"Kohandage toote suurust ja kuju vastavalt oma ideele ja konkreetsetele paigutusn\u00f5uetele"},"step_3":{"icon":18059,"text":"Valige vanni asend ja p\u00f6\u00f6rlemine"},"step_4":{"icon":18065,"text":"Lisage \u00fcksikasju, elemente ja valige v\u00e4rv(-id)"},"specification_table":[{"type":"size","label":"","value":""},{"type":"sku","label":"","value":""},{"type":"material","label":"","value":""},{"type":"weight","label":"","value":""},{"type":"color","label":"","value":""},{"type":"volume","label":"","value":""}],"optional_products":null,"optional_text":"","downloads":[{"file_type":"pdf","label":"6","file":49687}],"gallery":[{"type":"two","image":11532,"text":{"text":"","text_vertical_position":"54"},"image_2":11527,"text_2":{"text":"","text_vertical_position":"54"},"images":null,"video_url":""},{"type":"slider_full","image":11502,"text":{"text":"","text_vertical_position":54},"image_2":null,"text_2":{"text":"","text_vertical_position":54},"images":[11502,26923],"video_url":""}],"technical_drawings":{"side_view":18005,"side_view_text":"1660-1800 \u00d7 725-850 mm\r\nH = 630 mm","end_view":18011,"top_view":18017,"drainage_area":17999,"mounting_icons":"","":null,"side_view_scale":{"scale":120,"x_position":105,"y_position":95},"top_view_scale":{"scale":120,"x_position":105,"y_position":100},"end_view_scale":{"scale":120,"x_position":111,"y_position":95},"drainage_area_scale":{"scale":120,"x_position":107,"y_position":93},"space":{"before":0,"between":0,"after":20}},"space_afer_drawings":0,"matching_product":[{"product":7142,"variation":165}],"is_main_connected_product":false,"has_no_content":false,"connected_product":null,"default_product":null,"enable_mtm_icon":true,"vario_page":null,"vario_all":null},"yoast_head":"<!-- This site is optimized with the Yoast SEO plugin v26.1.1 - https:\/\/yoast.com\/wordpress\/plugins\/seo\/ -->\n<title>Deco Shape - PAA<\/title>\n<meta name=\"robots\" content=\"index, follow, max-snippet:-1, max-image-preview:large, max-video-preview:-1\" \/>\n<link rel=\"canonical\" href=\"https:\/\/paabaths.com\/ee\/kataloog\/vannid\/deco-shape\/\" \/>\n<meta property=\"og:locale\" content=\"en_US\" \/>\n<meta property=\"og:type\" content=\"article\" \/>\n<meta property=\"og:title\" content=\"Deco Shape - PAA\" \/>\n<meta property=\"og:url\" content=\"https:\/\/paabaths.com\/ee\/kataloog\/vannid\/deco-shape\/\" \/>\n<meta property=\"og:site_name\" content=\"PAA\" \/>\n<meta property=\"article:publisher\" content=\"https:\/\/www.facebook.com\/paabaths\/\" \/>\n<meta property=\"article:modified_time\" content=\"2025-04-13T20:51:04+00:00\" \/>\n<meta property=\"og:image\" content=\"https:\/\/paabaths.com\/wp-content\/uploads\/2025\/09\/PAA-baths-title2560x1500px.jpg\" \/>\n\t<meta property=\"og:image:width\" content=\"2560\" \/>\n\t<meta property=\"og:image:height\" content=\"1500\" \/>\n\t<meta property=\"og:image:type\" content=\"image\/jpeg\" \/>\n<meta name=\"twitter:card\" content=\"summary_large_image\" \/>\n<script type=\"application\/ld+json\" class=\"yoast-schema-graph\">{\"@context\":\"https:\/\/schema.org\",\"@graph\":[{\"@type\":\"WebPage\",\"@id\":\"https:\/\/paabaths.com\/ee\/kataloog\/vannid\/deco-shape\/\",\"url\":\"https:\/\/paabaths.com\/ee\/kataloog\/vannid\/deco-shape\/\",\"name\":\"Deco Shape - PAA\",\"isPartOf\":{\"@id\":\"https:\/\/paabaths.com\/ee\/#website\"},\"datePublished\":\"2022-05-16T17:47:40+00:00\",\"dateModified\":\"2025-04-13T20:51:04+00:00\",\"breadcrumb\":{\"@id\":\"https:\/\/paabaths.com\/ee\/kataloog\/vannid\/deco-shape\/#breadcrumb\"},\"inLanguage\":\"ee\",\"potentialAction\":[{\"@type\":\"ReadAction\",\"target\":[\"https:\/\/paabaths.com\/ee\/kataloog\/vannid\/deco-shape\/\"]}]},{\"@type\":\"BreadcrumbList\",\"@id\":\"https:\/\/paabaths.com\/ee\/kataloog\/vannid\/deco-shape\/#breadcrumb\",\"itemListElement\":[{\"@type\":\"ListItem\",\"position\":1,\"name\":\"Home\",\"item\":\"https:\/\/paabaths.com\/ee\/\"},{\"@type\":\"ListItem\",\"position\":2,\"name\":\"Kataloog\",\"item\":\"https:\/\/paabaths.com\/lv\/produkcija\/\"},{\"@type\":\"ListItem\",\"position\":3,\"name\":\"Deco Shape\"}]},{\"@type\":\"WebSite\",\"@id\":\"https:\/\/paabaths.com\/ee\/#website\",\"url\":\"https:\/\/paabaths.com\/ee\/\",\"name\":\"PAA\",\"description\":\"This is PAA Ltd. brand site\",\"publisher\":{\"@id\":\"https:\/\/paabaths.com\/ee\/#organization\"},\"potentialAction\":[{\"@type\":\"SearchAction\",\"target\":{\"@type\":\"EntryPoint\",\"urlTemplate\":\"https:\/\/paabaths.com\/ee\/?s={search_term_string}\"},\"query-input\":{\"@type\":\"PropertyValueSpecification\",\"valueRequired\":true,\"valueName\":\"search_term_string\"}}],\"inLanguage\":\"ee\"},{\"@type\":\"Organization\",\"@id\":\"https:\/\/paabaths.com\/ee\/#organization\",\"name\":\"PAA Baths\",\"url\":\"https:\/\/paabaths.com\/ee\/\",\"logo\":{\"@type\":\"ImageObject\",\"inLanguage\":\"ee\",\"@id\":\"https:\/\/paabaths.com\/ee\/#\/schema\/logo\/image\/\",\"url\":\"https:\/\/paabaths.com\/wp-content\/uploads\/2023\/02\/84294546_179914056600038_3880533746851512320_n.jpeg\",\"contentUrl\":\"https:\/\/paabaths.com\/wp-content\/uploads\/2023\/02\/84294546_179914056600038_3880533746851512320_n.jpeg\",\"width\":320,\"height\":320,\"caption\":\"PAA Baths\"},\"image\":{\"@id\":\"https:\/\/paabaths.com\/ee\/#\/schema\/logo\/image\/\"},\"sameAs\":[\"https:\/\/www.facebook.com\/paabaths\/\",\"https:\/\/www.instagram.com\/paa_baths\"]}]}<\/script>\n<!-- \/ Yoast SEO plugin. -->","yoast_head_json":{"title":"Deco Shape - PAA","robots":{"index":"index","follow":"follow","max-snippet":"max-snippet:-1","max-image-preview":"max-image-preview:large","max-video-preview":"max-video-preview:-1"},"canonical":"https:\/\/paabaths.com\/ee\/kataloog\/vannid\/deco-shape\/","og_locale":"en_US","og_type":"article","og_title":"Deco Shape - PAA","og_url":"https:\/\/paabaths.com\/ee\/kataloog\/vannid\/deco-shape\/","og_site_name":"PAA","article_publisher":"https:\/\/www.facebook.com\/paabaths\/","article_modified_time":"2025-04-13T20:51:04+00:00","og_image":[{"width":2560,"height":1500,"url":"https:\/\/paabaths.com\/wp-content\/uploads\/2025\/09\/PAA-baths-title2560x1500px.jpg","type":"image\/jpeg"}],"twitter_card":"summary_large_image","schema":{"@context":"https:\/\/schema.org","@graph":[{"@type":"WebPage","@id":"https:\/\/paabaths.com\/ee\/kataloog\/vannid\/deco-shape\/","url":"https:\/\/paabaths.com\/ee\/kataloog\/vannid\/deco-shape\/","name":"Deco Shape - PAA","isPartOf":{"@id":"https:\/\/paabaths.com\/ee\/#website"},"datePublished":"2022-05-16T17:47:40+00:00","dateModified":"2025-04-13T20:51:04+00:00","breadcrumb":{"@id":"https:\/\/paabaths.com\/ee\/kataloog\/vannid\/deco-shape\/#breadcrumb"},"inLanguage":"ee","potentialAction":[{"@type":"ReadAction","target":["https:\/\/paabaths.com\/ee\/kataloog\/vannid\/deco-shape\/"]}]},{"@type":"BreadcrumbList","@id":"https:\/\/paabaths.com\/ee\/kataloog\/vannid\/deco-shape\/#breadcrumb","itemListElement":[{"@type":"ListItem","position":1,"name":"Home","item":"https:\/\/paabaths.com\/ee\/"},{"@type":"ListItem","position":2,"name":"Kataloog","item":"https:\/\/paabaths.com\/lv\/produkcija\/"},{"@type":"ListItem","position":3,"name":"Deco Shape"}]},{"@type":"WebSite","@id":"https:\/\/paabaths.com\/ee\/#website","url":"https:\/\/paabaths.com\/ee\/","name":"PAA","description":"This is PAA Ltd. brand site","publisher":{"@id":"https:\/\/paabaths.com\/ee\/#organization"},"potentialAction":[{"@type":"SearchAction","target":{"@type":"EntryPoint","urlTemplate":"https:\/\/paabaths.com\/ee\/?s={search_term_string}"},"query-input":{"@type":"PropertyValueSpecification","valueRequired":true,"valueName":"search_term_string"}}],"inLanguage":"ee"},{"@type":"Organization","@id":"https:\/\/paabaths.com\/ee\/#organization","name":"PAA Baths","url":"https:\/\/paabaths.com\/ee\/","logo":{"@type":"ImageObject","inLanguage":"ee","@id":"https:\/\/paabaths.com\/ee\/#\/schema\/logo\/image\/","url":"https:\/\/paabaths.com\/wp-content\/uploads\/2023\/02\/84294546_179914056600038_3880533746851512320_n.jpeg","contentUrl":"https:\/\/paabaths.com\/wp-content\/uploads\/2023\/02\/84294546_179914056600038_3880533746851512320_n.jpeg","width":320,"height":320,"caption":"PAA Baths"},"image":{"@id":"https:\/\/paabaths.com\/ee\/#\/schema\/logo\/image\/"},"sameAs":["https:\/\/www.facebook.com\/paabaths\/","https:\/\/www.instagram.com\/paa_baths"]}]}},"_links":{"self":[{"href":"https:\/\/paabaths.com\/ee\/wp-json\/wp\/v2\/product\/19531","targetHints":{"allow":["GET"]}}],"collection":[{"href":"https:\/\/paabaths.com\/ee\/wp-json\/wp\/v2\/product"}],"about":[{"href":"https:\/\/paabaths.com\/ee\/wp-json\/wp\/v2\/types\/product"}],"acf:term":[{"embeddable":true,"taxonomy":"collection","href":"https:\/\/paabaths.com\/ee\/wp-json\/wp\/v2\/collection\/222"},{"embeddable":true,"taxonomy":"collection","href":"https:\/\/paabaths.com\/ee\/wp-json\/wp\/v2\/collection\/358"},{"embeddable":true,"taxonomy":"pa_material","href":"https:\/\/paabaths.com\/ee\/wp-json\/wp\/v2\/pa_material\/208"},{"embeddable":true,"taxonomy":"product_cat","href":"https:\/\/paabaths.com\/ee\/wp-json\/wp\/v2\/product_cat\/161"}],"wp:attachment":[{"href":"https:\/\/paabaths.com\/ee\/wp-json\/wp\/v2\/media?parent=19531"}],"wp:term":[{"taxonomy":"product_brand","embeddable":true,"href":"https:\/\/paabaths.com\/ee\/wp-json\/wp\/v2\/product_brand?post=19531"},{"taxonomy":"product_cat","embeddable":true,"href":"https:\/\/paabaths.com\/ee\/wp-json\/wp\/v2\/product_cat?post=19531"},{"taxonomy":"product_tag","embeddable":true,"href":"https:\/\/paabaths.com\/ee\/wp-json\/wp\/v2\/product_tag?post=19531"}],"curies":[{"name":"wp","href":"https:\/\/api.w.org\/{rel}","templated":true}]}}