{"id":72880,"date":"2025-03-17T10:20:11","date_gmt":"2025-03-17T08:20:11","guid":{"rendered":"https:\/\/paabaths.com\/?page_id=72880"},"modified":"2025-09-17T21:38:01","modified_gmt":"2025-09-17T18:38:01","slug":"alba-family","status":"publish","type":"page","link":"https:\/\/paabaths.com\/ee\/tooteruhmad\/alba-family\/","title":{"rendered":"Alba Perekond"},"content":{"rendered":"<section data-type='content-width' id='block-69ef4bc4bfadf' class='full-width-cta wp-block-group acf-block alignwide font-color-white'><style>#block-69ef4bc4bfadf .wp-block-image { height: 147px; } \r\n@media(max-width:1024px){ #block-69ef4bc4bfadf .wp-block-image { height: 147px; } }; \r\n@media(max-width:992px){ #block-69ef4bc4bfadf .wp-block-image { height: 147px; } }; \r\n@media(max-width:568px){ #block-69ef4bc4bfadf .wp-block-image { height: 147px; } }; \r\n<\/style><div class='image lazyload' data-background-image='https:\/\/paabaths.com\/wp-content\/uploads\/2025\/03\/PAAxKarim-logo-1000x147-1.jpg'><\/div><div class='fill-bg'><\/div><div class='wp-block alignwide'><div  class='wp-block-image title-position-top'><span class='inner-wrap'><span class='inner t-a-b-2'><h3 class='underline-solid'><\/h3><\/span><\/span><\/div><\/div><\/section>\n\n<section data-type='full-width-auto-height' id='block-69ef4bc4c1c22' class='full-width-cta wp-block-group acf-block auto-height '><style>@media (min-width: 1500px) { #block-69ef4bc4c1c22.full-width-cta:not(.alignwide) { height: auto; padding-top: 0; }}#block-69ef4bc4c1c22 img { width: 100%; height: auto; } \r\n#block-69ef4bc4c1c22.full-width-cta .wp-block-image { height: 100%; } \r\n#block-69ef4bc4c1c22 .wp-block { position: absolute; width: 100%; top: 0; height: 100%; left: 50%; transform: translateX(-50%); } \r\n#block-69ef4bc4c1c22.full-width-cta .wp-block-image .inner-wrap { padding-top: 3%; padding-bottom: 3%; } \r\n<\/style><img class='lazyload' data-src='https:\/\/paabaths.com\/wp-content\/uploads\/2025\/03\/PAA-Alba-factory-image-vertical-2580x946px-2560x939.jpg' src=''><div class='wp-block alignwide'><div  class='wp-block-image title-position-'><span class='inner-wrap'><span class='inner t-a-b-2'><h3 class='underline-solid'><\/h3><\/span><\/span><\/div><\/div><\/section>\n\n<section class='page-content wp-block-group acf-block alignwide style-2 content-width'><div class='wp-block alignwide'><div class='content t-a-b-2'><p>Alba Family by Karim Rashid<\/p>\n<\/div><\/div><\/section>\n\n<section class='page-content wp-block-group acf-block alignwide style-1-1 content-width'><div class='wp-block alignwide'><div class='content t-a-b-2'><p style=\"text-align: center;\"><span style=\"font-family: Barlow Condensed; font-size: 28px;\">S\u00f5na \u201ealba\u201c t\u00e4hendab itaalia keeles koitu. See loob tunde t\u00e4rkavast p\u00e4evast, nagu seisaksid uue alguse l\u00e4vel, andes edasi m\u00f5tte ja vormi t\u00e4iuslikku puhtust. Kui ristk\u00fcliku p\u00f5hijooned kaarduvad \u00fcmaraks vormiks, on tulemuseks skulptuurne minimalism. <\/span><\/p>\n<\/div><\/div><\/section>\n\n<section class=\"youtube-block\">\n    <div class=\"inner wp-block alignwide\">\n        <div id=\"6bHoY5RiYnw\" class=\"youtube-player\" data-plyr-provider=\"youtube\" data-plyr-embed-id=\"6bHoY5RiYnw\"><\/div>\n    <\/div>\n<\/section>\n<style>\n.plyr__control--overlaid {\n    margin-top: 0!important;\n}\n@media (max-width: 1140px) {\n    .youtube-block {\n        margin-bottom: 30px;\n    }\n    .home .youtube-block .inner {\n\t    padding-left: 70px;\n\t    padding-right: 70px;\n    }\n}\n@media (max-width: 992px) {\n    .home .youtube-block .inner {\n\t    padding-left: 15px;\n\t    padding-right: 15px;\n    }\n}\n@media(max-width:768px) {\n\t.youtube-block {\n\t\tmargin-bottom: 15px;\n\t}\n}\n<\/style>\n\n<div class=\"wp-block-image\">\n<figure class=\"aligncenter size-large is-resized\"><img loading=\"lazy\" decoding=\"async\" src=\"https:\/\/paabaths.com\/wp-content\/uploads\/2025\/02\/PAA-Alba-baths-and-washbasins-interior-2560x1446px-1560x881.jpg\" alt=\"\" class=\"wp-image-72816\" width=\"1044\" height=\"590\" srcset=\"https:\/\/paabaths.com\/wp-content\/uploads\/2025\/02\/PAA-Alba-baths-and-washbasins-interior-2560x1446px-1560x881.jpg 1560w, https:\/\/paabaths.com\/wp-content\/uploads\/2025\/02\/PAA-Alba-baths-and-washbasins-interior-2560x1446px-750x424.jpg 750w, https:\/\/paabaths.com\/wp-content\/uploads\/2025\/02\/PAA-Alba-baths-and-washbasins-interior-2560x1446px-2000x1130.jpg 2000w\" sizes=\"auto, (max-width: 1044px) 100vw, 1044px\" \/><\/figure><\/div>\n\n<section class='page-content wp-block-group acf-block alignwide style-1-1 content-width'><div class='wp-block alignwide'><div class='content t-a-b-2'><p style=\"text-align: center;\"><span style=\"font-family: Barlow Condensed; font-size: 28px;\"><br \/>\nSilmapiiril t\u00f5useb p\u00e4ike ja pehmelt sujuvad \u00fcleminekud toovad kaasa l\u00f5\u00f5gastavaid elamusi. On aeg sirutada selga, vaigistada meeled ja sukelduda enda sisemaailma \u2013 et uus saaks alata. <\/span><\/p>\n<\/div><\/div><\/section>\n\n<div class=\"wp-block-image\">\n<figure class=\"aligncenter size-full\"><img loading=\"lazy\" decoding=\"async\" width=\"1000\" height=\"1000\" src=\"https:\/\/paabaths.com\/wp-content\/uploads\/Product-images\/Product-detail-images\/Baths\/Alba\/PAA-Alba-products-family-design-features-EST.jpg\" alt=\"\" class=\"wp-image-72838\" srcset=\"https:\/\/paabaths.com\/wp-content\/uploads\/Product-images\/Product-detail-images\/Baths\/Alba\/PAA-Alba-products-family-design-features-EST.jpg 1000w, https:\/\/paabaths.com\/wp-content\/uploads\/Product-images\/Product-detail-images\/Baths\/Alba\/PAA-Alba-products-family-design-features-EST-750x750.jpg 750w, https:\/\/paabaths.com\/wp-content\/uploads\/Product-images\/Product-detail-images\/Baths\/Alba\/PAA-Alba-products-family-design-features-EST-150x150.jpg 150w, https:\/\/paabaths.com\/wp-content\/uploads\/Product-images\/Product-detail-images\/Baths\/Alba\/PAA-Alba-products-family-design-features-EST-32x32.jpg 32w, https:\/\/paabaths.com\/wp-content\/uploads\/Product-images\/Product-detail-images\/Baths\/Alba\/PAA-Alba-products-family-design-features-EST-600x600.jpg 600w, https:\/\/paabaths.com\/wp-content\/uploads\/Product-images\/Product-detail-images\/Baths\/Alba\/PAA-Alba-products-family-design-features-EST-100x100.jpg 100w\" sizes=\"auto, (max-width: 1000px) 100vw, 1000px\" \/><\/figure><\/div>\n\n<section class='page-content wp-block-group acf-block alignwide style-1-1 content-width'><div class='wp-block alignwide'><div class='content t-a-b-2'><p style=\"text-align: center;\"><span style=\"font-family: Barlow Condensed; font-size: 28px;\">Sarnaselt lootoseistes mediteerimisega l\u00f5dvestab vannis lesimine keha vertikaalasendis. T\u00e4nap\u00e4evastele k\u00fcmblejatele, kes eelistavad vannis lugeda v\u00f5i nutiseadmeid l\u00e4heduses hoida, on lesimiseks mugav lahendus. Samuti tasub m\u00e4rkida, et selline poolistuv asend v\u00f5ib olla sobivam ka liikumise erivajadustega k\u00fcmblejatele. <\/span><\/p>\n<\/div><\/div><\/section>\n\n<section class=\"square-boxes wp-block-group acf-block\">\n    <div class='wp-block-columns align-wide items-2'><div class='wp-block-column'><a href='https:\/\/paabaths.com\/ee\/catalog\/valamud\/?pa_family=alba-ee' class='wp-block-image title-position-top'><span class='image' style='background-image:url(https:\/\/paabaths.com\/wp-content\/uploads\/2025\/03\/PAA-product-link-images-Alba-washbasin-EST-1-750x750.jpg);'><\/span><span class='inner-wrap'><span class='inner'><h3><\/h3><\/span><\/span><\/a><\/div><div class='wp-block-column'><a href='https:\/\/paabaths.com\/ee\/catalog\/vannid\/alba\/' class='wp-block-image title-position-top'><span class='image' style='background-image:url(https:\/\/paabaths.com\/wp-content\/uploads\/2025\/03\/PAA-product-link-images-Alba-bath-EST-1-750x750.jpg);'><\/span><span class='inner-wrap'><span class='inner'><h3><\/h3><\/span><\/span><\/a><\/div>    <\/div>\n<\/section>\n\n\n<section data-type='content-width' id='block-69ef4bc4c9908' class='full-width-cta wp-block-group acf-block alignwide '><style>#block-69ef4bc4c9908 .wp-block-image { height: 147px; } \r\n@media(max-width:1024px){ #block-69ef4bc4c9908 .wp-block-image { height: 147px; } }; \r\n@media(max-width:992px){ #block-69ef4bc4c9908 .wp-block-image { height: 147px; } }; \r\n@media(max-width:568px){ #block-69ef4bc4c9908 .wp-block-image { height: 147px; } }; \r\n<\/style><div class='image lazyload' data-background-image='https:\/\/paabaths.com\/wp-content\/uploads\/2025\/03\/PAAxKarim-logo-1000x147-1.jpg'><\/div><div class='fill-bg'><\/div><div class='wp-block alignwide'><div  class='wp-block-image title-position-'><span class='inner-wrap'><span class='inner t-a-b-2'><h3 class='underline-solid'><\/h3><\/span><\/span><\/div><\/div><\/section>\n\n<section data-type='full-width-auto-height' id='block-69ef4bc4cb19a' class='full-width-cta wp-block-group acf-block auto-height '><style>@media (min-width: 1500px) { #block-69ef4bc4cb19a.full-width-cta:not(.alignwide) { height: auto; padding-top: 0; }}#block-69ef4bc4cb19a img { width: 100%; height: auto; } \r\n#block-69ef4bc4cb19a.full-width-cta .wp-block-image { height: 100%; } \r\n#block-69ef4bc4cb19a .wp-block { position: absolute; width: 100%; top: 0; height: 100%; left: 50%; transform: translateX(-50%); } \r\n#block-69ef4bc4cb19a.full-width-cta .wp-block-image .inner-wrap { padding-top: 3%; padding-bottom: 3%; } \r\n<\/style><img class='lazyload' data-src='https:\/\/paabaths.com\/wp-content\/uploads\/2025\/03\/PAA-Designer-Karim-Rashid-portrait-2560x1270px.jpg' src=''><div class='wp-block alignwide'><div  class='wp-block-image title-position-'><span class='inner-wrap'><span class='inner t-a-b-2'><h3 class='underline-solid'><\/h3><\/span><\/span><\/div><\/div><\/section>\n\n<section class='page-content wp-block-group acf-block alignwide style-2 content-width'><div class='wp-block alignwide'><div class='content t-a-b-2'><p>Alba Family by Karim Rashid<\/p>\n<\/div><\/div><\/section>\n\n\n<div class=\"wp-block-group alignwide\"><div class=\"wp-block-group__inner-container is-layout-constrained wp-block-group-is-layout-constrained\"><div class=\"wp-block-image\">\n<figure class=\"aligncenter size-large is-resized\"><img loading=\"lazy\" decoding=\"async\" src=\"https:\/\/paabaths.com\/wp-content\/uploads\/2025\/03\/PAA-Karim-Rashid-Alba-sketch-02-1560x942.jpg\" alt=\"\" class=\"wp-image-72632\" width=\"780\" height=\"471\" srcset=\"https:\/\/paabaths.com\/wp-content\/uploads\/2025\/03\/PAA-Karim-Rashid-Alba-sketch-02-1560x942.jpg 1560w, https:\/\/paabaths.com\/wp-content\/uploads\/2025\/03\/PAA-Karim-Rashid-Alba-sketch-02-750x453.jpg 750w, https:\/\/paabaths.com\/wp-content\/uploads\/2025\/03\/PAA-Karim-Rashid-Alba-sketch-02-2000x1208.jpg 2000w\" sizes=\"auto, (max-width: 780px) 100vw, 780px\" \/><\/figure><\/div><\/div><\/div>\n\n\n<section class='page-content wp-block-group acf-block alignwide style-1-1 content-width'><div class='wp-block alignwide'><div class='content t-a-b-2'><p style=\"text-align: center;\"><span style=\"font-family: Barlow Condensed; font-size: 28px;\">Vision\u00e4\u00e4r ja viljakas Karim Rashid on t\u00e4nap\u00e4eval \u00fcks ainulaadsemaid disainih\u00e4\u00e4li. V\u00e4ltides stiili meie aja stiili kujundamise kasuks, h\u00f5lmab Karimi t\u00f6\u00f6 enam kui 4000 disaini tootmises, 400 auhinda ja kliente 47 riigis. Tema klientide hulka kuuluvad 3M, Alessi, Artemide, BoConcept, Citibank, Hugo Boss, Issey Miyake, Kenzo, Method, NH, Radisson Hotels, Umbra, VeuveClicquot ja Vondom. Arvukad auhinnad ja tunnustused, sealhulgas Ameerika disainiauhind Elut\u00f6\u00f6auhind, Red Doti auhind, Chicago Athenaeumi hea disaini auhind ja Pentaward, annavad tunnistust Karimi panusest disainimaailma. <\/span><\/p>\n<\/div><\/div><\/section>\n\n\n<div class=\"wp-block-group alignwide\"><div class=\"wp-block-group__inner-container is-layout-constrained wp-block-group-is-layout-constrained\"><div class=\"wp-block-image\">\n<figure class=\"aligncenter size-large is-resized\"><img loading=\"lazy\" decoding=\"async\" src=\"https:\/\/paabaths.com\/wp-content\/uploads\/2025\/03\/PAA-Karim-Rashid-Alba-sketch-01-1560x938.jpg\" alt=\"\" class=\"wp-image-72625\" width=\"780\" height=\"469\" srcset=\"https:\/\/paabaths.com\/wp-content\/uploads\/2025\/03\/PAA-Karim-Rashid-Alba-sketch-01-1560x938.jpg 1560w, https:\/\/paabaths.com\/wp-content\/uploads\/2025\/03\/PAA-Karim-Rashid-Alba-sketch-01-750x451.jpg 750w, https:\/\/paabaths.com\/wp-content\/uploads\/2025\/03\/PAA-Karim-Rashid-Alba-sketch-01-2000x1202.jpg 2000w\" sizes=\"auto, (max-width: 780px) 100vw, 780px\" \/><\/figure><\/div><\/div><\/div>\n","protected":false},"excerpt":{"rendered":"","protected":false},"author":9,"featured_media":0,"parent":73382,"menu_order":110,"comment_status":"closed","ping_status":"closed","template":"template-page-with-breadcrumbs.php","meta":{"_acf_changed":false,"inline_featured_image":false,"footnotes":""},"class_list":["post-72880","page","type-page","status-publish","hentry"],"acf":[],"yoast_head":"<!-- This site is optimized with the Yoast SEO plugin v26.1.1 - https:\/\/yoast.com\/wordpress\/plugins\/seo\/ -->\n<title>Alba Perekond - PAA<\/title>\n<meta name=\"description\" content=\"We make for a specific bathroom. According to the customer\u2019s specification. In Latvia. Handmade.\" \/>\n<meta name=\"robots\" content=\"index, follow, max-snippet:-1, max-image-preview:large, max-video-preview:-1\" \/>\n<link rel=\"canonical\" href=\"https:\/\/paabaths.com\/ee\/tooteruhmad\/alba-family\/\" \/>\n<meta property=\"og:locale\" content=\"en_US\" \/>\n<meta property=\"og:type\" content=\"article\" \/>\n<meta property=\"og:title\" content=\"Alba Perekond - PAA\" \/>\n<meta property=\"og:description\" content=\"We make for a specific bathroom. According to the customer\u2019s specification. In Latvia. Handmade.\" \/>\n<meta property=\"og:url\" content=\"https:\/\/paabaths.com\/ee\/tooteruhmad\/alba-family\/\" \/>\n<meta property=\"og:site_name\" content=\"PAA\" \/>\n<meta property=\"article:publisher\" content=\"https:\/\/www.facebook.com\/paabaths\/\" \/>\n<meta property=\"article:modified_time\" content=\"2025-09-17T18:38:01+00:00\" \/>\n<meta property=\"og:image\" content=\"https:\/\/paabaths.com\/wp-content\/uploads\/2025\/02\/PAA-Alba-baths-and-washbasins-interior-2560x1446px-1560x881.jpg\" \/>\n<meta name=\"twitter:card\" content=\"summary_large_image\" \/>\n<script type=\"application\/ld+json\" class=\"yoast-schema-graph\">{\"@context\":\"https:\/\/schema.org\",\"@graph\":[{\"@type\":\"WebPage\",\"@id\":\"https:\/\/paabaths.com\/ee\/tooteruhmad\/alba-family\/\",\"url\":\"https:\/\/paabaths.com\/ee\/tooteruhmad\/alba-family\/\",\"name\":\"Alba Perekond - PAA\",\"isPartOf\":{\"@id\":\"https:\/\/paabaths.com\/ee\/#website\"},\"primaryImageOfPage\":{\"@id\":\"https:\/\/paabaths.com\/ee\/tooteruhmad\/alba-family\/#primaryimage\"},\"image\":{\"@id\":\"https:\/\/paabaths.com\/ee\/tooteruhmad\/alba-family\/#primaryimage\"},\"thumbnailUrl\":\"https:\/\/paabaths.com\/wp-content\/uploads\/2025\/02\/PAA-Alba-baths-and-washbasins-interior-2560x1446px-1560x881.jpg\",\"datePublished\":\"2025-03-17T08:20:11+00:00\",\"dateModified\":\"2025-09-17T18:38:01+00:00\",\"description\":\"We make for a specific bathroom. According to the customer\u2019s specification. In Latvia. Handmade.\",\"breadcrumb\":{\"@id\":\"https:\/\/paabaths.com\/ee\/tooteruhmad\/alba-family\/#breadcrumb\"},\"inLanguage\":\"ee\",\"potentialAction\":[{\"@type\":\"ReadAction\",\"target\":[\"https:\/\/paabaths.com\/ee\/tooteruhmad\/alba-family\/\"]}]},{\"@type\":\"ImageObject\",\"inLanguage\":\"ee\",\"@id\":\"https:\/\/paabaths.com\/ee\/tooteruhmad\/alba-family\/#primaryimage\",\"url\":\"https:\/\/paabaths.com\/wp-content\/uploads\/2025\/02\/PAA-Alba-baths-and-washbasins-interior-2560x1446px-1560x881.jpg\",\"contentUrl\":\"https:\/\/paabaths.com\/wp-content\/uploads\/2025\/02\/PAA-Alba-baths-and-washbasins-interior-2560x1446px-1560x881.jpg\"},{\"@type\":\"BreadcrumbList\",\"@id\":\"https:\/\/paabaths.com\/ee\/tooteruhmad\/alba-family\/#breadcrumb\",\"itemListElement\":[{\"@type\":\"ListItem\",\"position\":1,\"name\":\"Home\",\"item\":\"https:\/\/paabaths.com\/ee\/\"},{\"@type\":\"ListItem\",\"position\":2,\"name\":\"Tooter\u00fchmad\",\"item\":\"https:\/\/paabaths.com\/ee\/produktu-gimenes\/\"},{\"@type\":\"ListItem\",\"position\":3,\"name\":\"Alba Perekond\"}]},{\"@type\":\"WebSite\",\"@id\":\"https:\/\/paabaths.com\/ee\/#website\",\"url\":\"https:\/\/paabaths.com\/ee\/\",\"name\":\"PAA\",\"description\":\"This is PAA Ltd. brand site\",\"publisher\":{\"@id\":\"https:\/\/paabaths.com\/ee\/#organization\"},\"potentialAction\":[{\"@type\":\"SearchAction\",\"target\":{\"@type\":\"EntryPoint\",\"urlTemplate\":\"https:\/\/paabaths.com\/ee\/?s={search_term_string}\"},\"query-input\":{\"@type\":\"PropertyValueSpecification\",\"valueRequired\":true,\"valueName\":\"search_term_string\"}}],\"inLanguage\":\"ee\"},{\"@type\":\"Organization\",\"@id\":\"https:\/\/paabaths.com\/ee\/#organization\",\"name\":\"PAA Baths\",\"url\":\"https:\/\/paabaths.com\/ee\/\",\"logo\":{\"@type\":\"ImageObject\",\"inLanguage\":\"ee\",\"@id\":\"https:\/\/paabaths.com\/ee\/#\/schema\/logo\/image\/\",\"url\":\"https:\/\/paabaths.com\/wp-content\/uploads\/2023\/02\/84294546_179914056600038_3880533746851512320_n.jpeg\",\"contentUrl\":\"https:\/\/paabaths.com\/wp-content\/uploads\/2023\/02\/84294546_179914056600038_3880533746851512320_n.jpeg\",\"width\":320,\"height\":320,\"caption\":\"PAA Baths\"},\"image\":{\"@id\":\"https:\/\/paabaths.com\/ee\/#\/schema\/logo\/image\/\"},\"sameAs\":[\"https:\/\/www.facebook.com\/paabaths\/\",\"https:\/\/www.instagram.com\/paa_baths\"]}]}<\/script>\n<!-- \/ Yoast SEO plugin. -->","yoast_head_json":{"title":"Alba Perekond - PAA","description":"We make for a specific bathroom. According to the customer\u2019s specification. In Latvia. Handmade.","robots":{"index":"index","follow":"follow","max-snippet":"max-snippet:-1","max-image-preview":"max-image-preview:large","max-video-preview":"max-video-preview:-1"},"canonical":"https:\/\/paabaths.com\/ee\/tooteruhmad\/alba-family\/","og_locale":"en_US","og_type":"article","og_title":"Alba Perekond - PAA","og_description":"We make for a specific bathroom. According to the customer\u2019s specification. In Latvia. Handmade.","og_url":"https:\/\/paabaths.com\/ee\/tooteruhmad\/alba-family\/","og_site_name":"PAA","article_publisher":"https:\/\/www.facebook.com\/paabaths\/","article_modified_time":"2025-09-17T18:38:01+00:00","og_image":[{"url":"https:\/\/paabaths.com\/wp-content\/uploads\/2025\/02\/PAA-Alba-baths-and-washbasins-interior-2560x1446px-1560x881.jpg","type":"","width":"","height":""}],"twitter_card":"summary_large_image","schema":{"@context":"https:\/\/schema.org","@graph":[{"@type":"WebPage","@id":"https:\/\/paabaths.com\/ee\/tooteruhmad\/alba-family\/","url":"https:\/\/paabaths.com\/ee\/tooteruhmad\/alba-family\/","name":"Alba Perekond - PAA","isPartOf":{"@id":"https:\/\/paabaths.com\/ee\/#website"},"primaryImageOfPage":{"@id":"https:\/\/paabaths.com\/ee\/tooteruhmad\/alba-family\/#primaryimage"},"image":{"@id":"https:\/\/paabaths.com\/ee\/tooteruhmad\/alba-family\/#primaryimage"},"thumbnailUrl":"https:\/\/paabaths.com\/wp-content\/uploads\/2025\/02\/PAA-Alba-baths-and-washbasins-interior-2560x1446px-1560x881.jpg","datePublished":"2025-03-17T08:20:11+00:00","dateModified":"2025-09-17T18:38:01+00:00","description":"We make for a specific bathroom. According to the customer\u2019s specification. In Latvia. Handmade.","breadcrumb":{"@id":"https:\/\/paabaths.com\/ee\/tooteruhmad\/alba-family\/#breadcrumb"},"inLanguage":"ee","potentialAction":[{"@type":"ReadAction","target":["https:\/\/paabaths.com\/ee\/tooteruhmad\/alba-family\/"]}]},{"@type":"ImageObject","inLanguage":"ee","@id":"https:\/\/paabaths.com\/ee\/tooteruhmad\/alba-family\/#primaryimage","url":"https:\/\/paabaths.com\/wp-content\/uploads\/2025\/02\/PAA-Alba-baths-and-washbasins-interior-2560x1446px-1560x881.jpg","contentUrl":"https:\/\/paabaths.com\/wp-content\/uploads\/2025\/02\/PAA-Alba-baths-and-washbasins-interior-2560x1446px-1560x881.jpg"},{"@type":"BreadcrumbList","@id":"https:\/\/paabaths.com\/ee\/tooteruhmad\/alba-family\/#breadcrumb","itemListElement":[{"@type":"ListItem","position":1,"name":"Home","item":"https:\/\/paabaths.com\/ee\/"},{"@type":"ListItem","position":2,"name":"Tooter\u00fchmad","item":"https:\/\/paabaths.com\/ee\/produktu-gimenes\/"},{"@type":"ListItem","position":3,"name":"Alba Perekond"}]},{"@type":"WebSite","@id":"https:\/\/paabaths.com\/ee\/#website","url":"https:\/\/paabaths.com\/ee\/","name":"PAA","description":"This is PAA Ltd. brand site","publisher":{"@id":"https:\/\/paabaths.com\/ee\/#organization"},"potentialAction":[{"@type":"SearchAction","target":{"@type":"EntryPoint","urlTemplate":"https:\/\/paabaths.com\/ee\/?s={search_term_string}"},"query-input":{"@type":"PropertyValueSpecification","valueRequired":true,"valueName":"search_term_string"}}],"inLanguage":"ee"},{"@type":"Organization","@id":"https:\/\/paabaths.com\/ee\/#organization","name":"PAA Baths","url":"https:\/\/paabaths.com\/ee\/","logo":{"@type":"ImageObject","inLanguage":"ee","@id":"https:\/\/paabaths.com\/ee\/#\/schema\/logo\/image\/","url":"https:\/\/paabaths.com\/wp-content\/uploads\/2023\/02\/84294546_179914056600038_3880533746851512320_n.jpeg","contentUrl":"https:\/\/paabaths.com\/wp-content\/uploads\/2023\/02\/84294546_179914056600038_3880533746851512320_n.jpeg","width":320,"height":320,"caption":"PAA Baths"},"image":{"@id":"https:\/\/paabaths.com\/ee\/#\/schema\/logo\/image\/"},"sameAs":["https:\/\/www.facebook.com\/paabaths\/","https:\/\/www.instagram.com\/paa_baths"]}]}},"_links":{"self":[{"href":"https:\/\/paabaths.com\/ee\/wp-json\/wp\/v2\/pages\/72880","targetHints":{"allow":["GET"]}}],"collection":[{"href":"https:\/\/paabaths.com\/ee\/wp-json\/wp\/v2\/pages"}],"about":[{"href":"https:\/\/paabaths.com\/ee\/wp-json\/wp\/v2\/types\/page"}],"author":[{"embeddable":true,"href":"https:\/\/paabaths.com\/ee\/wp-json\/wp\/v2\/users\/9"}],"replies":[{"embeddable":true,"href":"https:\/\/paabaths.com\/ee\/wp-json\/wp\/v2\/comments?post=72880"}],"version-history":[{"count":32,"href":"https:\/\/paabaths.com\/ee\/wp-json\/wp\/v2\/pages\/72880\/revisions"}],"predecessor-version":[{"id":93103,"href":"https:\/\/paabaths.com\/ee\/wp-json\/wp\/v2\/pages\/72880\/revisions\/93103"}],"up":[{"embeddable":true,"href":"https:\/\/paabaths.com\/ee\/wp-json\/wp\/v2\/pages\/73382"}],"wp:attachment":[{"href":"https:\/\/paabaths.com\/ee\/wp-json\/wp\/v2\/media?parent=72880"}],"curies":[{"name":"wp","href":"https:\/\/api.w.org\/{rel}","templated":true}]}}