{"id":71281,"date":"2025-03-17T10:20:11","date_gmt":"2025-03-17T08:20:11","guid":{"rendered":"https:\/\/paabaths.com\/?page_id=71281"},"modified":"2025-09-17T21:31:11","modified_gmt":"2025-09-17T18:31:11","slug":"pointe-family","status":"publish","type":"page","link":"https:\/\/paabaths.com\/ee\/pointe-family\/","title":{"rendered":"Pointe Perekond"},"content":{"rendered":"<section data-type='content-width' id='block-69de2dba356c2' class='full-width-cta wp-block-group acf-block alignwide font-color-white'><style>#block-69de2dba356c2 .wp-block-image { height: 147px; } \r\n@media(max-width:1024px){ #block-69de2dba356c2 .wp-block-image { height: 147px; } }; \r\n@media(max-width:992px){ #block-69de2dba356c2 .wp-block-image { height: 147px; } }; \r\n@media(max-width:568px){ #block-69de2dba356c2 .wp-block-image { height: 147px; } }; \r\n<\/style><div class='image lazyload' data-background-image='https:\/\/paabaths.com\/wp-content\/uploads\/2025\/03\/PAAxKarim-logo-1000x147-1.jpg'><\/div><div class='fill-bg'><\/div><div class='wp-block alignwide'><div  class='wp-block-image title-position-top'><span class='inner-wrap'><span class='inner t-a-b-2'><h3 class='underline-solid'><\/h3><\/span><\/span><\/div><\/div><\/section>\n\n<section data-type='full-width-auto-height' id='block-69de2dba378fc' class='full-width-cta wp-block-group acf-block auto-height '><style>@media (min-width: 1500px) { #block-69de2dba378fc.full-width-cta:not(.alignwide) { height: auto; padding-top: 0; }}#block-69de2dba378fc img { width: 100%; height: auto; } \r\n#block-69de2dba378fc.full-width-cta .wp-block-image { height: 100%; } \r\n#block-69de2dba378fc .wp-block { position: absolute; width: 100%; top: 0; height: 100%; left: 50%; transform: translateX(-50%); } \r\n#block-69de2dba378fc.full-width-cta .wp-block-image .inner-wrap { padding-top: 3%; padding-bottom: 3%; } \r\n<\/style><img class='lazyload' data-src='https:\/\/paabaths.com\/wp-content\/uploads\/2025\/03\/PAA-Pointe-factory-image-title-image-2560x948.jpg' src=''><div class='wp-block alignwide'><div  class='wp-block-image title-position-'><span class='inner-wrap'><span class='inner t-a-b-2'><h3 class='underline-solid'><\/h3><\/span><\/span><\/div><\/div><\/section>\n\n<section class='page-content wp-block-group acf-block alignwide style-2 content-width'><div class='wp-block alignwide'><div class='content t-a-b-2'><p>Pointe Family by Karim Rashid<\/p>\n<\/div><\/div><\/section>\n\n<section class='page-content wp-block-group acf-block alignwide style-1-1 content-width'><div class='wp-block alignwide'><div class='content t-a-b-2'><p style=\"text-align: center;\"><span style=\"font-family: Barlow Condensed; font-size: 32px;\">Sari Pointe kehastab liikumise elegantsi \u2013 virtuoosse saavutuse tunnistuseks on balletikinga meenutav vorm.<\/span><\/p>\n<\/div><\/div><\/section>\n\n<section class=\"youtube-block\">\n    <div class=\"inner wp-block alignwide\">\n        <div id=\"3x_jnAg-EGs\" class=\"youtube-player\" data-plyr-provider=\"youtube\" data-plyr-embed-id=\"3x_jnAg-EGs\"><\/div>\n    <\/div>\n<\/section>\n<style>\n.plyr__control--overlaid {\n    margin-top: 0!important;\n}\n@media (max-width: 1140px) {\n    .youtube-block {\n        margin-bottom: 30px;\n    }\n    .home .youtube-block .inner {\n\t    padding-left: 70px;\n\t    padding-right: 70px;\n    }\n}\n@media (max-width: 992px) {\n    .home .youtube-block .inner {\n\t    padding-left: 15px;\n\t    padding-right: 15px;\n    }\n}\n@media(max-width:768px) {\n\t.youtube-block {\n\t\tmargin-bottom: 15px;\n\t}\n}\n<\/style>\n\n<div class=\"wp-block-image\">\n<figure class=\"aligncenter size-large is-resized\"><img loading=\"lazy\" decoding=\"async\" src=\"https:\/\/paabaths.com\/wp-content\/uploads\/2025\/02\/PAA-baths-Pointe-interior-sample-2880x1350px-1560x731.jpg\" alt=\"\" class=\"wp-image-72972\" width=\"1044\" height=\"488\" srcset=\"https:\/\/paabaths.com\/wp-content\/uploads\/2025\/02\/PAA-baths-Pointe-interior-sample-2880x1350px-1560x731.jpg 1560w, https:\/\/paabaths.com\/wp-content\/uploads\/2025\/02\/PAA-baths-Pointe-interior-sample-2880x1350px-750x352.jpg 750w\" sizes=\"auto, (max-width: 1044px) 100vw, 1044px\" \/><\/figure><\/div>\n\n<section class='page-content wp-block-group acf-block alignwide style-1-1 content-width'><div class='wp-block alignwide'><div class='content t-a-b-2'><p style=\"text-align: center;\"><span style=\"font-family: Barlow Condensed; font-size: 32px;\">Vanni Pointe sisemus koondub voolujoonelisena keha \u00fcmber, suurendades k\u00fcmbleja vaimset heaolu. Vanni kaldseinad moodustavad vannisolija ja v\u00e4lismaailma vahele justkui kaitsva kilbi, kapsli, kookoni v\u00f5i pelgupaiga, kus saab v\u00f5tta segamatult aega \u00fcksi v\u00f5i kahekesi olemiseks.<\/span><\/p>\n<\/div><\/div><\/section>\n\n<div class=\"wp-block-image\">\n<figure class=\"aligncenter size-full is-resized\"><img loading=\"lazy\" decoding=\"async\" src=\"https:\/\/paabaths.com\/wp-content\/uploads\/2025\/03\/PAA-Pointe-details-EST.jpg\" alt=\"\" class=\"wp-image-71289\" width=\"1000\" height=\"1000\" srcset=\"https:\/\/paabaths.com\/wp-content\/uploads\/2025\/03\/PAA-Pointe-details-EST.jpg 1500w, https:\/\/paabaths.com\/wp-content\/uploads\/2025\/03\/PAA-Pointe-details-EST-750x750.jpg 750w, https:\/\/paabaths.com\/wp-content\/uploads\/2025\/03\/PAA-Pointe-details-EST-150x150.jpg 150w, https:\/\/paabaths.com\/wp-content\/uploads\/2025\/03\/PAA-Pointe-details-EST-32x32.jpg 32w, https:\/\/paabaths.com\/wp-content\/uploads\/2025\/03\/PAA-Pointe-details-EST-600x600.jpg 600w, https:\/\/paabaths.com\/wp-content\/uploads\/2025\/03\/PAA-Pointe-details-EST-100x100.jpg 100w\" sizes=\"auto, (max-width: 1000px) 100vw, 1000px\" \/><\/figure><\/div>\n\n<section class='page-content wp-block-group acf-block alignwide style-1-1 content-width'><div class='wp-block alignwide'><div class='content t-a-b-2'><p style=\"text-align: center;\"><span style=\"font-family: Barlow Condensed; font-size: 32px;\">Sarja Pointe visuaalne vormikeel on t\u00e4iesti ainulaadne. T\u00e4nu Karim Rashidi kunstnikuk\u00e4ekirjale saame n\u00e4ha seni n\u00e4gemata siluette. \u00dclalt igast k\u00fcljest kitsenevate vannide ja valamute seinad on uuendusliku nurga all, mis eeldab tipptaset nii disainis kui ka tootmises.<\/span><\/p>\n<\/div><\/div><\/section>\n\n<section class=\"square-boxes wp-block-group acf-block\">\n    <div class='wp-block-columns align-wide items-2'><div class='wp-block-column'><span class='wp-block-image title-position-'><span class='image' style='background-image:url(https:\/\/paabaths.com\/wp-content\/uploads\/2025\/03\/PAA-Washbasin-Pointe-design-flower-TOP-view-1500x1500px-750x750.jpg);'><\/span><span class='inner-wrap'><span class='inner'><h3><\/h3><\/span><\/span><\/span><\/div><div class='wp-block-column'><span class='wp-block-image title-position-'><span class='image' style='background-image:url(https:\/\/paabaths.com\/wp-content\/uploads\/2025\/03\/PAA-Baths-Pointe-design-flower-TOP-view-1500x1500px-750x750.jpg);'><\/span><span class='inner-wrap'><span class='inner'><h3><\/h3><\/span><\/span><\/span><\/div>    <\/div>\n<\/section>\n\n\n<section class=\"square-boxes wp-block-group acf-block\">\n    <div class='wp-block-columns align-wide items-2'><div class='wp-block-column'><a href='https:\/\/paabaths.com\/ee\/kataloog\/valamud\/pointe\/' class='wp-block-image title-position-top'><span class='image' style='background-image:url(https:\/\/paabaths.com\/wp-content\/uploads\/2025\/03\/PAA-product-link-images-Pointe-washbasin-EE-1-750x750.jpg);'><\/span><span class='inner-wrap'><span class='inner'><h3><\/h3><\/span><\/span><\/a><\/div><div class='wp-block-column'><a href=' https:\/\/paabaths.com\/ee\/kataloog\/vannid\/pointe\/' class='wp-block-image title-position-top'><span class='image' style='background-image:url(https:\/\/paabaths.com\/wp-content\/uploads\/2025\/03\/PAA-product-link-images-Pointe-bath-EST-1-750x750.jpg);'><\/span><span class='inner-wrap'><span class='inner'><h3><\/h3><\/span><\/span><\/a><\/div>    <\/div>\n<\/section>\n\n\n<section data-type='content-width' id='block-69de2dba40c75' class='full-width-cta wp-block-group acf-block alignwide '><style>#block-69de2dba40c75 .wp-block-image { height: 147px; } \r\n@media(max-width:1024px){ #block-69de2dba40c75 .wp-block-image { height: 147px; } }; \r\n@media(max-width:992px){ #block-69de2dba40c75 .wp-block-image { height: 147px; } }; \r\n@media(max-width:568px){ #block-69de2dba40c75 .wp-block-image { height: 147px; } }; \r\n<\/style><div class='image lazyload' data-background-image='https:\/\/paabaths.com\/wp-content\/uploads\/2025\/03\/PAAxKarim-logo-1000x147-1.jpg'><\/div><div class='fill-bg'><\/div><div class='wp-block alignwide'><div  class='wp-block-image title-position-'><span class='inner-wrap'><span class='inner t-a-b-2'><h3 class='underline-solid'><\/h3><\/span><\/span><\/div><\/div><\/section>\n\n<section data-type='full-width-auto-height' id='block-69de2dba424d3' class='full-width-cta wp-block-group acf-block auto-height '><style>@media (min-width: 1500px) { #block-69de2dba424d3.full-width-cta:not(.alignwide) { height: auto; padding-top: 0; }}#block-69de2dba424d3 img { width: 100%; height: auto; } \r\n#block-69de2dba424d3.full-width-cta .wp-block-image { height: 100%; } \r\n#block-69de2dba424d3 .wp-block { position: absolute; width: 100%; top: 0; height: 100%; left: 50%; transform: translateX(-50%); } \r\n#block-69de2dba424d3.full-width-cta .wp-block-image .inner-wrap { padding-top: 3%; padding-bottom: 3%; } \r\n<\/style><img class='lazyload' data-src='https:\/\/paabaths.com\/wp-content\/uploads\/2025\/03\/PAA-Designer-Karim-Rashid-portrait-2560x1270px.jpg' src=''><div class='wp-block alignwide'><div  class='wp-block-image title-position-'><span class='inner-wrap'><span class='inner t-a-b-2'><h3 class='underline-solid'><\/h3><\/span><\/span><\/div><\/div><\/section>\n\n<section class='page-content wp-block-group acf-block alignwide style-2 content-width'><div class='wp-block alignwide'><div class='content t-a-b-2'><p>Pointe Family by Karim Rashid<\/p>\n<\/div><\/div><\/section>\n\n\n<div class=\"wp-block-group alignwide\"><div class=\"wp-block-group__inner-container is-layout-constrained wp-block-group-is-layout-constrained\"><div class=\"wp-block-image\">\n<figure class=\"aligncenter size-large is-resized\"><a href=\"https:\/\/paabaths.com\/product-families\/pointe-family\"><img loading=\"lazy\" decoding=\"async\" src=\"https:\/\/paabaths.com\/wp-content\/uploads\/2025\/03\/PAA-Karim-Rashid-Pointe-design-sketch-e1742296929567.jpg\" alt=\"\" class=\"wp-image-71245\" width=\"780\" height=\"475\" srcset=\"https:\/\/paabaths.com\/wp-content\/uploads\/2025\/03\/PAA-Karim-Rashid-Pointe-design-sketch-e1742296929567.jpg 2560w, https:\/\/paabaths.com\/wp-content\/uploads\/2025\/03\/PAA-Karim-Rashid-Pointe-design-sketch-e1742296929567-750x456.jpg 750w, https:\/\/paabaths.com\/wp-content\/uploads\/2025\/03\/PAA-Karim-Rashid-Pointe-design-sketch-e1742296929567-1560x949.jpg 1560w, https:\/\/paabaths.com\/wp-content\/uploads\/2025\/03\/PAA-Karim-Rashid-Pointe-design-sketch-e1742296929567-2000x1216.jpg 2000w, https:\/\/paabaths.com\/wp-content\/uploads\/2025\/03\/PAA-Karim-Rashid-Pointe-design-sketch-e1742296929567-768x467.jpg 768w\" sizes=\"auto, (max-width: 780px) 100vw, 780px\" \/><\/a><\/figure><\/div><\/div><\/div>\n\n\n<section class='page-content wp-block-group acf-block alignwide style-1-1 content-width'><div class='wp-block alignwide'><div class='content t-a-b-2'><p style=\"text-align: center;\"><span style=\"font-family: Barlow Condensed; font-size: 32px;\">Vision\u00e4\u00e4r ja viljakas Karim Rashid on t\u00e4nap\u00e4eval \u00fcks ainulaadsemaid disainih\u00e4\u00e4li. V\u00e4ltides stiili meie aja stiili kujundamise kasuks, h\u00f5lmab Karimi t\u00f6\u00f6 enam kui 4000 disaini tootmises, 400 auhinda ja kliente 47 riigis. Tema klientide hulka kuuluvad 3M, Alessi, Artemide, BoConcept, Citibank, Hugo Boss, Issey Miyake, Kenzo, Method, NH, Radisson Hotels, Umbra, VeuveClicquot ja Vondom. Arvukad auhinnad ja tunnustused, sealhulgas Ameerika disainiauhind Elut\u00f6\u00f6auhind, Red Doti auhind, Chicago Athenaeumi hea disaini auhind ja Pentaward, annavad tunnistust Karimi panusest disainimaailma.<\/span><\/p>\n<\/div><\/div><\/section>\n\n\n<div class=\"wp-block-group alignwide\"><div class=\"wp-block-group__inner-container is-layout-constrained wp-block-group-is-layout-constrained\"><div class=\"wp-block-image\">\n<figure class=\"aligncenter size-large is-resized\"><img loading=\"lazy\" decoding=\"async\" src=\"https:\/\/paabaths.com\/wp-content\/uploads\/2025\/03\/PAA-Karim-Rashid-Pointe-design-sketch-v2-1-1560x1008.jpg\" alt=\"\" class=\"wp-image-71457\" width=\"780\" height=\"504\" srcset=\"https:\/\/paabaths.com\/wp-content\/uploads\/2025\/03\/PAA-Karim-Rashid-Pointe-design-sketch-v2-1-1560x1008.jpg 1560w, https:\/\/paabaths.com\/wp-content\/uploads\/2025\/03\/PAA-Karim-Rashid-Pointe-design-sketch-v2-1-750x485.jpg 750w, https:\/\/paabaths.com\/wp-content\/uploads\/2025\/03\/PAA-Karim-Rashid-Pointe-design-sketch-v2-1-2000x1292.jpg 2000w\" sizes=\"auto, (max-width: 780px) 100vw, 780px\" \/><\/figure><\/div><\/div><\/div>\n","protected":false},"excerpt":{"rendered":"","protected":false},"author":9,"featured_media":0,"parent":0,"menu_order":110,"comment_status":"closed","ping_status":"closed","template":"template-page-with-breadcrumbs.php","meta":{"_acf_changed":false,"inline_featured_image":false,"footnotes":""},"class_list":["post-71281","page","type-page","status-publish","hentry"],"acf":[],"yoast_head":"<!-- This site is optimized with the Yoast SEO plugin v26.1.1 - https:\/\/yoast.com\/wordpress\/plugins\/seo\/ -->\n<title>Pointe Perekond - PAA<\/title>\n<meta name=\"description\" content=\"We make for a specific bathroom. According to the customer\u2019s specification. In Latvia. Handmade.\" \/>\n<meta name=\"robots\" content=\"index, follow, max-snippet:-1, max-image-preview:large, max-video-preview:-1\" \/>\n<link rel=\"canonical\" href=\"https:\/\/paabaths.com\/ee\/pointe-family\/\" \/>\n<meta property=\"og:locale\" content=\"en_US\" \/>\n<meta property=\"og:type\" content=\"article\" \/>\n<meta property=\"og:title\" content=\"Pointe Perekond - PAA\" \/>\n<meta property=\"og:description\" content=\"We make for a specific bathroom. According to the customer\u2019s specification. In Latvia. Handmade.\" \/>\n<meta property=\"og:url\" content=\"https:\/\/paabaths.com\/ee\/pointe-family\/\" \/>\n<meta property=\"og:site_name\" content=\"PAA\" \/>\n<meta property=\"article:publisher\" content=\"https:\/\/www.facebook.com\/paabaths\/\" \/>\n<meta property=\"article:modified_time\" content=\"2025-09-17T18:31:11+00:00\" \/>\n<meta property=\"og:image\" content=\"https:\/\/paabaths.com\/wp-content\/uploads\/2025\/02\/PAA-baths-Pointe-interior-sample-2880x1350px-1560x731.jpg\" \/>\n<meta name=\"twitter:card\" content=\"summary_large_image\" \/>\n<script type=\"application\/ld+json\" class=\"yoast-schema-graph\">{\"@context\":\"https:\/\/schema.org\",\"@graph\":[{\"@type\":\"WebPage\",\"@id\":\"https:\/\/paabaths.com\/ee\/pointe-family\/\",\"url\":\"https:\/\/paabaths.com\/ee\/pointe-family\/\",\"name\":\"Pointe Perekond - PAA\",\"isPartOf\":{\"@id\":\"https:\/\/paabaths.com\/ee\/#website\"},\"primaryImageOfPage\":{\"@id\":\"https:\/\/paabaths.com\/ee\/pointe-family\/#primaryimage\"},\"image\":{\"@id\":\"https:\/\/paabaths.com\/ee\/pointe-family\/#primaryimage\"},\"thumbnailUrl\":\"https:\/\/paabaths.com\/wp-content\/uploads\/2025\/02\/PAA-baths-Pointe-interior-sample-2880x1350px-1560x731.jpg\",\"datePublished\":\"2025-03-17T08:20:11+00:00\",\"dateModified\":\"2025-09-17T18:31:11+00:00\",\"description\":\"We make for a specific bathroom. According to the customer\u2019s specification. In Latvia. Handmade.\",\"breadcrumb\":{\"@id\":\"https:\/\/paabaths.com\/ee\/pointe-family\/#breadcrumb\"},\"inLanguage\":\"ee\",\"potentialAction\":[{\"@type\":\"ReadAction\",\"target\":[\"https:\/\/paabaths.com\/ee\/pointe-family\/\"]}]},{\"@type\":\"ImageObject\",\"inLanguage\":\"ee\",\"@id\":\"https:\/\/paabaths.com\/ee\/pointe-family\/#primaryimage\",\"url\":\"https:\/\/paabaths.com\/wp-content\/uploads\/2025\/02\/PAA-baths-Pointe-interior-sample-2880x1350px-1560x731.jpg\",\"contentUrl\":\"https:\/\/paabaths.com\/wp-content\/uploads\/2025\/02\/PAA-baths-Pointe-interior-sample-2880x1350px-1560x731.jpg\"},{\"@type\":\"BreadcrumbList\",\"@id\":\"https:\/\/paabaths.com\/ee\/pointe-family\/#breadcrumb\",\"itemListElement\":[{\"@type\":\"ListItem\",\"position\":1,\"name\":\"Home\",\"item\":\"https:\/\/paabaths.com\/ee\/\"},{\"@type\":\"ListItem\",\"position\":2,\"name\":\"Pointe Perekond\"}]},{\"@type\":\"WebSite\",\"@id\":\"https:\/\/paabaths.com\/ee\/#website\",\"url\":\"https:\/\/paabaths.com\/ee\/\",\"name\":\"PAA\",\"description\":\"This is PAA Ltd. brand site\",\"publisher\":{\"@id\":\"https:\/\/paabaths.com\/ee\/#organization\"},\"potentialAction\":[{\"@type\":\"SearchAction\",\"target\":{\"@type\":\"EntryPoint\",\"urlTemplate\":\"https:\/\/paabaths.com\/ee\/?s={search_term_string}\"},\"query-input\":{\"@type\":\"PropertyValueSpecification\",\"valueRequired\":true,\"valueName\":\"search_term_string\"}}],\"inLanguage\":\"ee\"},{\"@type\":\"Organization\",\"@id\":\"https:\/\/paabaths.com\/ee\/#organization\",\"name\":\"PAA Baths\",\"url\":\"https:\/\/paabaths.com\/ee\/\",\"logo\":{\"@type\":\"ImageObject\",\"inLanguage\":\"ee\",\"@id\":\"https:\/\/paabaths.com\/ee\/#\/schema\/logo\/image\/\",\"url\":\"https:\/\/paabaths.com\/wp-content\/uploads\/2023\/02\/84294546_179914056600038_3880533746851512320_n.jpeg\",\"contentUrl\":\"https:\/\/paabaths.com\/wp-content\/uploads\/2023\/02\/84294546_179914056600038_3880533746851512320_n.jpeg\",\"width\":320,\"height\":320,\"caption\":\"PAA Baths\"},\"image\":{\"@id\":\"https:\/\/paabaths.com\/ee\/#\/schema\/logo\/image\/\"},\"sameAs\":[\"https:\/\/www.facebook.com\/paabaths\/\",\"https:\/\/www.instagram.com\/paa_baths\"]}]}<\/script>\n<!-- \/ Yoast SEO plugin. -->","yoast_head_json":{"title":"Pointe Perekond - PAA","description":"We make for a specific bathroom. According to the customer\u2019s specification. In Latvia. Handmade.","robots":{"index":"index","follow":"follow","max-snippet":"max-snippet:-1","max-image-preview":"max-image-preview:large","max-video-preview":"max-video-preview:-1"},"canonical":"https:\/\/paabaths.com\/ee\/pointe-family\/","og_locale":"en_US","og_type":"article","og_title":"Pointe Perekond - PAA","og_description":"We make for a specific bathroom. According to the customer\u2019s specification. In Latvia. Handmade.","og_url":"https:\/\/paabaths.com\/ee\/pointe-family\/","og_site_name":"PAA","article_publisher":"https:\/\/www.facebook.com\/paabaths\/","article_modified_time":"2025-09-17T18:31:11+00:00","og_image":[{"url":"https:\/\/paabaths.com\/wp-content\/uploads\/2025\/02\/PAA-baths-Pointe-interior-sample-2880x1350px-1560x731.jpg","type":"","width":"","height":""}],"twitter_card":"summary_large_image","schema":{"@context":"https:\/\/schema.org","@graph":[{"@type":"WebPage","@id":"https:\/\/paabaths.com\/ee\/pointe-family\/","url":"https:\/\/paabaths.com\/ee\/pointe-family\/","name":"Pointe Perekond - PAA","isPartOf":{"@id":"https:\/\/paabaths.com\/ee\/#website"},"primaryImageOfPage":{"@id":"https:\/\/paabaths.com\/ee\/pointe-family\/#primaryimage"},"image":{"@id":"https:\/\/paabaths.com\/ee\/pointe-family\/#primaryimage"},"thumbnailUrl":"https:\/\/paabaths.com\/wp-content\/uploads\/2025\/02\/PAA-baths-Pointe-interior-sample-2880x1350px-1560x731.jpg","datePublished":"2025-03-17T08:20:11+00:00","dateModified":"2025-09-17T18:31:11+00:00","description":"We make for a specific bathroom. According to the customer\u2019s specification. In Latvia. Handmade.","breadcrumb":{"@id":"https:\/\/paabaths.com\/ee\/pointe-family\/#breadcrumb"},"inLanguage":"ee","potentialAction":[{"@type":"ReadAction","target":["https:\/\/paabaths.com\/ee\/pointe-family\/"]}]},{"@type":"ImageObject","inLanguage":"ee","@id":"https:\/\/paabaths.com\/ee\/pointe-family\/#primaryimage","url":"https:\/\/paabaths.com\/wp-content\/uploads\/2025\/02\/PAA-baths-Pointe-interior-sample-2880x1350px-1560x731.jpg","contentUrl":"https:\/\/paabaths.com\/wp-content\/uploads\/2025\/02\/PAA-baths-Pointe-interior-sample-2880x1350px-1560x731.jpg"},{"@type":"BreadcrumbList","@id":"https:\/\/paabaths.com\/ee\/pointe-family\/#breadcrumb","itemListElement":[{"@type":"ListItem","position":1,"name":"Home","item":"https:\/\/paabaths.com\/ee\/"},{"@type":"ListItem","position":2,"name":"Pointe Perekond"}]},{"@type":"WebSite","@id":"https:\/\/paabaths.com\/ee\/#website","url":"https:\/\/paabaths.com\/ee\/","name":"PAA","description":"This is PAA Ltd. brand site","publisher":{"@id":"https:\/\/paabaths.com\/ee\/#organization"},"potentialAction":[{"@type":"SearchAction","target":{"@type":"EntryPoint","urlTemplate":"https:\/\/paabaths.com\/ee\/?s={search_term_string}"},"query-input":{"@type":"PropertyValueSpecification","valueRequired":true,"valueName":"search_term_string"}}],"inLanguage":"ee"},{"@type":"Organization","@id":"https:\/\/paabaths.com\/ee\/#organization","name":"PAA Baths","url":"https:\/\/paabaths.com\/ee\/","logo":{"@type":"ImageObject","inLanguage":"ee","@id":"https:\/\/paabaths.com\/ee\/#\/schema\/logo\/image\/","url":"https:\/\/paabaths.com\/wp-content\/uploads\/2023\/02\/84294546_179914056600038_3880533746851512320_n.jpeg","contentUrl":"https:\/\/paabaths.com\/wp-content\/uploads\/2023\/02\/84294546_179914056600038_3880533746851512320_n.jpeg","width":320,"height":320,"caption":"PAA Baths"},"image":{"@id":"https:\/\/paabaths.com\/ee\/#\/schema\/logo\/image\/"},"sameAs":["https:\/\/www.facebook.com\/paabaths\/","https:\/\/www.instagram.com\/paa_baths"]}]}},"_links":{"self":[{"href":"https:\/\/paabaths.com\/ee\/wp-json\/wp\/v2\/pages\/71281","targetHints":{"allow":["GET"]}}],"collection":[{"href":"https:\/\/paabaths.com\/ee\/wp-json\/wp\/v2\/pages"}],"about":[{"href":"https:\/\/paabaths.com\/ee\/wp-json\/wp\/v2\/types\/page"}],"author":[{"embeddable":true,"href":"https:\/\/paabaths.com\/ee\/wp-json\/wp\/v2\/users\/9"}],"replies":[{"embeddable":true,"href":"https:\/\/paabaths.com\/ee\/wp-json\/wp\/v2\/comments?post=71281"}],"version-history":[{"count":53,"href":"https:\/\/paabaths.com\/ee\/wp-json\/wp\/v2\/pages\/71281\/revisions"}],"predecessor-version":[{"id":93096,"href":"https:\/\/paabaths.com\/ee\/wp-json\/wp\/v2\/pages\/71281\/revisions\/93096"}],"wp:attachment":[{"href":"https:\/\/paabaths.com\/ee\/wp-json\/wp\/v2\/media?parent=71281"}],"curies":[{"name":"wp","href":"https:\/\/api.w.org\/{rel}","templated":true}]}}