{"id":6921,"date":"2021-04-07T04:48:06","date_gmt":"2021-04-07T01:48:06","guid":{"rendered":"https:\/\/paa.emptylimits.com\/service-guarantee\/"},"modified":"2026-03-17T15:14:59","modified_gmt":"2026-03-17T13:14:59","slug":"hooldus-ja-garantii","status":"publish","type":"page","link":"https:\/\/paabaths.com\/ee\/hooldus-ja-garantii\/","title":{"rendered":"Hooldus ja garantii"},"content":{"rendered":"<section class='page-title wp-block-group acf-block position-center  has-h1' ><div class='wp-block alignwide'><h1 class='t-a-b-2'>Teenindus ja garantii<\/h1><\/div><\/section>\n\n<section class='page-description wp-block-group acf-block alignwide'><div class='wp-block alignwide'><div class='description t-a-b-2'><p>PAA tooted on hoolikalt valmistatud kvaliteetsest toorainest ja vastavad EL-i normidele. N\u00f5uetekohase hoolduse korral teenivad nad Teid mitu aastak\u00fcmmet.<\/p>\n<\/div><\/div><\/section>\n\n<section data-type='full-width' id='block-69d74d86c237b' class='full-width-cta wp-block-group acf-block alignfull '><style>#block-69d74d86c237b .wp-block-image { height: 700px; } \r\n@media(max-width:1024px){ #block-69d74d86c237b .wp-block-image { height: 375px; } }; \r\n@media(max-width:992px){ #block-69d74d86c237b .wp-block-image { height: 375px; } }; \r\n@media(max-width:568px){ #block-69d74d86c237b .wp-block-image { height: 300px; } }; \r\n<\/style><div class='image lazyload' data-background-image='https:\/\/paabaths.com\/wp-content\/uploads\/2022\/11\/PAA_Materialite_Silkstone_10_Year_Warranty_EE_2560x1440.jpg'><\/div><div class='fill-bg'><\/div><div class='wp-block alignwide'><div  class='wp-block-image title-position-'><span class='inner-wrap'><span class='inner t-a-b-2'><h3 class='underline-solid'><\/h3><\/span><\/span><\/div><\/div><\/section>\n\n<section class='page-content wp-block-group acf-block alignwide style-3 content-width'><div class='wp-block alignwide'><div class='content t-a-b-2'><p>Garantii vannide, valamute ja du\u0161ialuste funktsionaalsusele ning visuaalsete defektide vastu:<\/p>\n<p>10 aastat &#8211; kui toodet kasutatakse kodus;<\/p>\n<p>2 aastat &#8211; kui toodet kasutatakse avalikus ruumis, \u00e4ripinnal.<\/p>\n<\/div><\/div><\/section>\n\n<section class='page-content wp-block-group acf-block alignwide style-3 content-width'><div class='wp-block alignwide'><div class='content t-a-b-2'><h2>Laiendatud garantii tingimused<\/h2>\n<p><a href=\"http:\/\/paabaths.com\/wp-content\/uploads\/2022\/10\/PAA_Warranty_Certificate_A5_1220_EE.pdf\">PAA Garantiitunnistus<\/a><\/p>\n<\/div><\/div><\/section>\n\n<section class='page-content wp-block-group acf-block alignwide style-1 content-width'><div class='wp-block alignwide'><div class='content t-a-b-2'><p>Teeninduse taotlemiseks mujal \u2013 v\u00f5tke <a href=\"https:\/\/paabaths.com\/ee\/leia-maaletooja\/#eesti\">\u00fchendust PAA edasim\u00fc\u00fcjaga<\/a>, kelle juurest ostsite vanni, valamu v\u00f5i du\u0161ialuse.<\/p>\n<\/div><\/div><\/section>","protected":false},"excerpt":{"rendered":"","protected":false},"author":1,"featured_media":0,"parent":0,"menu_order":29,"comment_status":"closed","ping_status":"closed","template":"template-page-with-breadcrumbs.php","meta":{"_acf_changed":false,"inline_featured_image":false,"footnotes":""},"class_list":["post-6921","page","type-page","status-publish","hentry"],"acf":[],"yoast_head":"<!-- This site is optimized with the Yoast SEO plugin v26.1.1 - https:\/\/yoast.com\/wordpress\/plugins\/seo\/ -->\n<title>Hooldus ja garantii - PAA<\/title>\n<meta name=\"robots\" content=\"index, follow, max-snippet:-1, max-image-preview:large, max-video-preview:-1\" \/>\n<link rel=\"canonical\" href=\"https:\/\/paabaths.com\/ee\/hooldus-ja-garantii\/\" \/>\n<meta property=\"og:locale\" content=\"en_US\" \/>\n<meta property=\"og:type\" content=\"article\" \/>\n<meta property=\"og:title\" content=\"Hooldus ja garantii - PAA\" \/>\n<meta property=\"og:url\" content=\"https:\/\/paabaths.com\/ee\/hooldus-ja-garantii\/\" \/>\n<meta property=\"og:site_name\" content=\"PAA\" \/>\n<meta property=\"article:publisher\" content=\"https:\/\/www.facebook.com\/paabaths\/\" \/>\n<meta property=\"article:modified_time\" content=\"2026-03-17T13:14:59+00:00\" \/>\n<meta property=\"og:image\" content=\"https:\/\/paabaths.com\/wp-content\/uploads\/2025\/09\/PAA-baths-title2560x1500px.jpg\" \/>\n\t<meta property=\"og:image:width\" content=\"2560\" \/>\n\t<meta property=\"og:image:height\" content=\"1500\" \/>\n\t<meta property=\"og:image:type\" content=\"image\/jpeg\" \/>\n<meta name=\"twitter:card\" content=\"summary_large_image\" \/>\n<script type=\"application\/ld+json\" class=\"yoast-schema-graph\">{\"@context\":\"https:\/\/schema.org\",\"@graph\":[{\"@type\":\"WebPage\",\"@id\":\"https:\/\/paabaths.com\/ee\/hooldus-ja-garantii\/\",\"url\":\"https:\/\/paabaths.com\/ee\/hooldus-ja-garantii\/\",\"name\":\"Hooldus ja garantii - PAA\",\"isPartOf\":{\"@id\":\"https:\/\/paabaths.com\/ee\/#website\"},\"datePublished\":\"2021-04-07T01:48:06+00:00\",\"dateModified\":\"2026-03-17T13:14:59+00:00\",\"breadcrumb\":{\"@id\":\"https:\/\/paabaths.com\/ee\/hooldus-ja-garantii\/#breadcrumb\"},\"inLanguage\":\"ee\",\"potentialAction\":[{\"@type\":\"ReadAction\",\"target\":[\"https:\/\/paabaths.com\/ee\/hooldus-ja-garantii\/\"]}]},{\"@type\":\"BreadcrumbList\",\"@id\":\"https:\/\/paabaths.com\/ee\/hooldus-ja-garantii\/#breadcrumb\",\"itemListElement\":[{\"@type\":\"ListItem\",\"position\":1,\"name\":\"Home\",\"item\":\"https:\/\/paabaths.com\/ee\/\"},{\"@type\":\"ListItem\",\"position\":2,\"name\":\"Hooldus ja garantii\"}]},{\"@type\":\"WebSite\",\"@id\":\"https:\/\/paabaths.com\/ee\/#website\",\"url\":\"https:\/\/paabaths.com\/ee\/\",\"name\":\"PAA\",\"description\":\"This is PAA Ltd. brand site\",\"publisher\":{\"@id\":\"https:\/\/paabaths.com\/ee\/#organization\"},\"potentialAction\":[{\"@type\":\"SearchAction\",\"target\":{\"@type\":\"EntryPoint\",\"urlTemplate\":\"https:\/\/paabaths.com\/ee\/?s={search_term_string}\"},\"query-input\":{\"@type\":\"PropertyValueSpecification\",\"valueRequired\":true,\"valueName\":\"search_term_string\"}}],\"inLanguage\":\"ee\"},{\"@type\":\"Organization\",\"@id\":\"https:\/\/paabaths.com\/ee\/#organization\",\"name\":\"PAA Baths\",\"url\":\"https:\/\/paabaths.com\/ee\/\",\"logo\":{\"@type\":\"ImageObject\",\"inLanguage\":\"ee\",\"@id\":\"https:\/\/paabaths.com\/ee\/#\/schema\/logo\/image\/\",\"url\":\"https:\/\/paabaths.com\/wp-content\/uploads\/2023\/02\/84294546_179914056600038_3880533746851512320_n.jpeg\",\"contentUrl\":\"https:\/\/paabaths.com\/wp-content\/uploads\/2023\/02\/84294546_179914056600038_3880533746851512320_n.jpeg\",\"width\":320,\"height\":320,\"caption\":\"PAA Baths\"},\"image\":{\"@id\":\"https:\/\/paabaths.com\/ee\/#\/schema\/logo\/image\/\"},\"sameAs\":[\"https:\/\/www.facebook.com\/paabaths\/\",\"https:\/\/www.instagram.com\/paa_baths\"]}]}<\/script>\n<!-- \/ Yoast SEO plugin. -->","yoast_head_json":{"title":"Hooldus ja garantii - PAA","robots":{"index":"index","follow":"follow","max-snippet":"max-snippet:-1","max-image-preview":"max-image-preview:large","max-video-preview":"max-video-preview:-1"},"canonical":"https:\/\/paabaths.com\/ee\/hooldus-ja-garantii\/","og_locale":"en_US","og_type":"article","og_title":"Hooldus ja garantii - PAA","og_url":"https:\/\/paabaths.com\/ee\/hooldus-ja-garantii\/","og_site_name":"PAA","article_publisher":"https:\/\/www.facebook.com\/paabaths\/","article_modified_time":"2026-03-17T13:14:59+00:00","og_image":[{"width":2560,"height":1500,"url":"https:\/\/paabaths.com\/wp-content\/uploads\/2025\/09\/PAA-baths-title2560x1500px.jpg","type":"image\/jpeg"}],"twitter_card":"summary_large_image","schema":{"@context":"https:\/\/schema.org","@graph":[{"@type":"WebPage","@id":"https:\/\/paabaths.com\/ee\/hooldus-ja-garantii\/","url":"https:\/\/paabaths.com\/ee\/hooldus-ja-garantii\/","name":"Hooldus ja garantii - PAA","isPartOf":{"@id":"https:\/\/paabaths.com\/ee\/#website"},"datePublished":"2021-04-07T01:48:06+00:00","dateModified":"2026-03-17T13:14:59+00:00","breadcrumb":{"@id":"https:\/\/paabaths.com\/ee\/hooldus-ja-garantii\/#breadcrumb"},"inLanguage":"ee","potentialAction":[{"@type":"ReadAction","target":["https:\/\/paabaths.com\/ee\/hooldus-ja-garantii\/"]}]},{"@type":"BreadcrumbList","@id":"https:\/\/paabaths.com\/ee\/hooldus-ja-garantii\/#breadcrumb","itemListElement":[{"@type":"ListItem","position":1,"name":"Home","item":"https:\/\/paabaths.com\/ee\/"},{"@type":"ListItem","position":2,"name":"Hooldus ja garantii"}]},{"@type":"WebSite","@id":"https:\/\/paabaths.com\/ee\/#website","url":"https:\/\/paabaths.com\/ee\/","name":"PAA","description":"This is PAA Ltd. brand site","publisher":{"@id":"https:\/\/paabaths.com\/ee\/#organization"},"potentialAction":[{"@type":"SearchAction","target":{"@type":"EntryPoint","urlTemplate":"https:\/\/paabaths.com\/ee\/?s={search_term_string}"},"query-input":{"@type":"PropertyValueSpecification","valueRequired":true,"valueName":"search_term_string"}}],"inLanguage":"ee"},{"@type":"Organization","@id":"https:\/\/paabaths.com\/ee\/#organization","name":"PAA Baths","url":"https:\/\/paabaths.com\/ee\/","logo":{"@type":"ImageObject","inLanguage":"ee","@id":"https:\/\/paabaths.com\/ee\/#\/schema\/logo\/image\/","url":"https:\/\/paabaths.com\/wp-content\/uploads\/2023\/02\/84294546_179914056600038_3880533746851512320_n.jpeg","contentUrl":"https:\/\/paabaths.com\/wp-content\/uploads\/2023\/02\/84294546_179914056600038_3880533746851512320_n.jpeg","width":320,"height":320,"caption":"PAA Baths"},"image":{"@id":"https:\/\/paabaths.com\/ee\/#\/schema\/logo\/image\/"},"sameAs":["https:\/\/www.facebook.com\/paabaths\/","https:\/\/www.instagram.com\/paa_baths"]}]}},"_links":{"self":[{"href":"https:\/\/paabaths.com\/ee\/wp-json\/wp\/v2\/pages\/6921","targetHints":{"allow":["GET"]}}],"collection":[{"href":"https:\/\/paabaths.com\/ee\/wp-json\/wp\/v2\/pages"}],"about":[{"href":"https:\/\/paabaths.com\/ee\/wp-json\/wp\/v2\/types\/page"}],"author":[{"embeddable":true,"href":"https:\/\/paabaths.com\/ee\/wp-json\/wp\/v2\/users\/1"}],"replies":[{"embeddable":true,"href":"https:\/\/paabaths.com\/ee\/wp-json\/wp\/v2\/comments?post=6921"}],"version-history":[{"count":9,"href":"https:\/\/paabaths.com\/ee\/wp-json\/wp\/v2\/pages\/6921\/revisions"}],"predecessor-version":[{"id":59315,"href":"https:\/\/paabaths.com\/ee\/wp-json\/wp\/v2\/pages\/6921\/revisions\/59315"}],"wp:attachment":[{"href":"https:\/\/paabaths.com\/ee\/wp-json\/wp\/v2\/media?parent=6921"}],"curies":[{"name":"wp","href":"https:\/\/api.w.org\/{rel}","templated":true}]}}