{"id":6914,"date":"2021-04-07T04:46:15","date_gmt":"2021-04-07T04:46:15","guid":{"rendered":"https:\/\/paa.emptylimits.com\/press-materials\/"},"modified":"2026-02-25T08:42:31","modified_gmt":"2026-02-25T06:42:31","slug":"kataloogid-ja-allalaadimine","status":"publish","type":"page","link":"https:\/\/paabaths.com\/ee\/kataloogid-ja-allalaadimine\/","title":{"rendered":"Kataloogid ja allalaadimine"},"content":{"rendered":"<section class='page-title wp-block-group acf-block position-center  has-h1' ><div class='wp-block alignwide'><h1 class='t-a-b-2'>Kataloogid ja allalaadimine<\/h1><\/div><\/section>\n\n<section class='press-materials wp-block-group acf-block cols-4'><div class='wp-block alignwide'><div class='list clearfix'><div class=\"item mh\">\n    <a href=\" https:\/\/paabaths.com\/wp-content\/uploads\/Inspirations\/PAA_Inspirations.html\" target=\"_blank\" class=\"file-link\">\n        <span class=\"inner t-a-b-2\">\n            <span class=\"image lazyload\" data-background-image=\"https:\/\/paabaths.com\/wp-content\/uploads\/2023\/03\/PAA_Inspirations_Brochure_cover_4.jpg\" style=\"\" aria-label=\"Print\"><\/span>\n            <h2>PAA Inspirations<\/h2>\n            <span class=\"file-label\">Bro\u0161\u00fc\u00fcr<\/span>\n        <\/span>\n    <\/a>\n<\/div><div class=\"item mh\">\n    <a href=\"http:\/\/paabaths.com\/wp-content\/uploads\/MTM\/EN\/index.html\" target=\"_blank\" class=\"file-link\">\n        <span class=\"inner t-a-b-2\">\n            <span class=\"image lazyload\" data-background-image=\"https:\/\/paabaths.com\/wp-content\/uploads\/2022\/11\/press-material-MTM.jpg\" style=\"\" aria-label=\"http:\/\/paabaths.com\/wp-content\/uploads\/MTM\/EN\/index.html\"><\/span>\n            <h2>Made to Measure<\/h2>\n            <span class=\"file-label\">Bro\u0161\u00fc\u00fcr<\/span>\n        <\/span>\n    <\/a>\n<\/div><div class=\"item mh\">\n    <a href=\"https:\/\/paabaths.com\/wp-content\/uploads\/profile\/PAA_company_profile_2026-ENG.pdf\" target=\"_blank\" class=\"file-link\">\n        <span class=\"inner t-a-b-2\">\n            <span class=\"image lazyload\" data-background-image=\"https:\/\/paabaths.com\/wp-content\/uploads\/2025\/02\/PAA_Profile_2025-IMG.jpg\" style=\"\" aria-label=\"PAA_Profile_2024_ENG_0225_HORIZONTALI\"><\/span>\n            <h2>PAA Profile<\/h2>\n            <span class=\"file-label\">Bro\u0161\u00fc\u00fcr<\/span>\n        <\/span>\n    <\/a>\n<\/div><div class=\"item mh\">\n    <a href=\"https:\/\/paabaths.com\/wp-content\/uploads\/Price-List\/EE\/PAA-Price-list-2026-EE-WEB.pdf\" target=\"_blank\" class=\"file-link\">\n        <span class=\"inner t-a-b-2\">\n            <span class=\"image lazyload\" data-background-image=\"https:\/\/paabaths.com\/wp-content\/uploads\/Price-List\/EE\/PAA-Price-list-2026-cover-EE.jpg\" style=\"\" aria-label=\"PAA-Price-list-2026-cover-EE\"><\/span>\n            <h2>Hinnakiri<\/h2>\n            <span class=\"file-label\">Interaktiivne kataloog<\/span>\n        <\/span>\n    <\/a>\n<\/div><div class=\"item mh\">\n    <a href=\"https:\/\/paabaths.com\/wp-content\/uploads\/Price-List\/EN\/PAA-Karim-booklet-2025-WEB.pdf\" target=\"_blank\" class=\"file-link\">\n        <span class=\"inner t-a-b-2\">\n            <span class=\"image lazyload\" data-background-image=\"https:\/\/paabaths.com\/wp-content\/uploads\/2025\/10\/PAAxKarim-design-catalogue-icon.jpg\" style=\"\" aria-label=\"PAAxKarim-design-catalogue-icon\"><\/span>\n            <h2>Karim Disain<\/h2>\n            <span class=\"file-label\">PDF<\/span>\n        <\/span>\n    <\/a>\n<\/div><div class=\"item mh\">\n    <a href=\"https:\/\/paabaths.com\/wp-content\/uploads\/Price-List\/EE\/PAA-x-KARIM-Price-list_EE-2025.pdf\" target=\"_blank\" class=\"file-link\">\n        <span class=\"inner t-a-b-2\">\n            <span class=\"image lazyload\" data-background-image=\"https:\/\/paabaths.com\/wp-content\/uploads\/Price-List\/PAA-Karim-Logo-with-frame.jpg\" style=\"\" aria-label=\"PAA-Karim-Logo-with-frame\"><\/span>\n            <h2>Karim Hinnakiri<\/h2>\n            <span class=\"file-label\">PDF<\/span>\n        <\/span>\n    <\/a>\n<\/div><div class=\"item mh\">\n    <a href=\"https:\/\/paabaths.com\/wp-content\/uploads\/Price-List\/EE\/PAA-x-MASSIMO-Price-list_EE-2026.pdf\" target=\"_blank\" class=\"file-link\">\n        <span class=\"inner t-a-b-2\">\n            <span class=\"image lazyload\" data-background-image=\"https:\/\/paabaths.com\/wp-content\/uploads\/Price-List\/PAA-MASSIMO-LOGO-WEB-2.jpg\" style=\"\" aria-label=\"PAA-MASSIMO-LOGO-WEB-2\"><\/span>\n            <h2>Massimo Hinnakiri<\/h2>\n            <span class=\"file-label\">PDF<\/span>\n        <\/span>\n    <\/a>\n<\/div><div class=\"item mh\">\n    <a href=\"https:\/\/paabaths.com\/wp-content\/uploads\/LOGO\/PAA_LOGOTYPES.zip\" target=\"_blank\" class=\"file-link\">\n        <span class=\"inner t-a-b-2\">\n            <span class=\"image lazyload\" data-background-image=\"https:\/\/paabaths.com\/wp-content\/uploads\/2021\/12\/press-material-logo.png\" style=\"\" aria-label=\"press-material-logo\"><\/span>\n            <h2>PAA Logot\u00fc\u00fcp<\/h2>\n            <span class=\"file-label\">PNG &#038; PDF<\/span>\n        <\/span>\n    <\/a>\n<\/div><\/div><\/div><\/section>","protected":false},"excerpt":{"rendered":"","protected":false},"author":1,"featured_media":0,"parent":0,"menu_order":87,"comment_status":"closed","ping_status":"closed","template":"template-page-with-breadcrumbs.php","meta":{"_acf_changed":false,"inline_featured_image":false,"footnotes":""},"class_list":["post-6914","page","type-page","status-publish","hentry"],"acf":[],"yoast_head":"<!-- This site is optimized with the Yoast SEO plugin v26.1.1 - https:\/\/yoast.com\/wordpress\/plugins\/seo\/ -->\n<title>Kataloogid ja allalaadimine - PAA<\/title>\n<meta name=\"robots\" content=\"index, follow, max-snippet:-1, max-image-preview:large, max-video-preview:-1\" \/>\n<link rel=\"canonical\" href=\"https:\/\/paabaths.com\/ee\/kataloogid-ja-allalaadimine\/\" \/>\n<meta property=\"og:locale\" content=\"en_US\" \/>\n<meta property=\"og:type\" content=\"article\" \/>\n<meta property=\"og:title\" content=\"Kataloogid ja allalaadimine - PAA\" \/>\n<meta property=\"og:url\" content=\"https:\/\/paabaths.com\/ee\/kataloogid-ja-allalaadimine\/\" \/>\n<meta property=\"og:site_name\" content=\"PAA\" \/>\n<meta property=\"article:publisher\" content=\"https:\/\/www.facebook.com\/paabaths\/\" \/>\n<meta property=\"article:modified_time\" content=\"2026-02-25T06:42:31+00:00\" \/>\n<meta property=\"og:image\" content=\"https:\/\/paabaths.com\/wp-content\/uploads\/2025\/09\/PAA-baths-title2560x1500px.jpg\" \/>\n\t<meta property=\"og:image:width\" content=\"2560\" \/>\n\t<meta property=\"og:image:height\" content=\"1500\" \/>\n\t<meta property=\"og:image:type\" content=\"image\/jpeg\" \/>\n<meta name=\"twitter:card\" content=\"summary_large_image\" \/>\n<script type=\"application\/ld+json\" class=\"yoast-schema-graph\">{\"@context\":\"https:\/\/schema.org\",\"@graph\":[{\"@type\":\"WebPage\",\"@id\":\"https:\/\/paabaths.com\/ee\/kataloogid-ja-allalaadimine\/\",\"url\":\"https:\/\/paabaths.com\/ee\/kataloogid-ja-allalaadimine\/\",\"name\":\"Kataloogid ja allalaadimine - PAA\",\"isPartOf\":{\"@id\":\"https:\/\/paabaths.com\/ee\/#website\"},\"datePublished\":\"2021-04-07T04:46:15+00:00\",\"dateModified\":\"2026-02-25T06:42:31+00:00\",\"breadcrumb\":{\"@id\":\"https:\/\/paabaths.com\/ee\/kataloogid-ja-allalaadimine\/#breadcrumb\"},\"inLanguage\":\"ee\",\"potentialAction\":[{\"@type\":\"ReadAction\",\"target\":[\"https:\/\/paabaths.com\/ee\/kataloogid-ja-allalaadimine\/\"]}]},{\"@type\":\"BreadcrumbList\",\"@id\":\"https:\/\/paabaths.com\/ee\/kataloogid-ja-allalaadimine\/#breadcrumb\",\"itemListElement\":[{\"@type\":\"ListItem\",\"position\":1,\"name\":\"Home\",\"item\":\"https:\/\/paabaths.com\/ee\/\"},{\"@type\":\"ListItem\",\"position\":2,\"name\":\"Kataloogid ja allalaadimine\"}]},{\"@type\":\"WebSite\",\"@id\":\"https:\/\/paabaths.com\/ee\/#website\",\"url\":\"https:\/\/paabaths.com\/ee\/\",\"name\":\"PAA\",\"description\":\"This is PAA Ltd. brand site\",\"publisher\":{\"@id\":\"https:\/\/paabaths.com\/ee\/#organization\"},\"potentialAction\":[{\"@type\":\"SearchAction\",\"target\":{\"@type\":\"EntryPoint\",\"urlTemplate\":\"https:\/\/paabaths.com\/ee\/?s={search_term_string}\"},\"query-input\":{\"@type\":\"PropertyValueSpecification\",\"valueRequired\":true,\"valueName\":\"search_term_string\"}}],\"inLanguage\":\"ee\"},{\"@type\":\"Organization\",\"@id\":\"https:\/\/paabaths.com\/ee\/#organization\",\"name\":\"PAA Baths\",\"url\":\"https:\/\/paabaths.com\/ee\/\",\"logo\":{\"@type\":\"ImageObject\",\"inLanguage\":\"ee\",\"@id\":\"https:\/\/paabaths.com\/ee\/#\/schema\/logo\/image\/\",\"url\":\"https:\/\/paabaths.com\/wp-content\/uploads\/2023\/02\/84294546_179914056600038_3880533746851512320_n.jpeg\",\"contentUrl\":\"https:\/\/paabaths.com\/wp-content\/uploads\/2023\/02\/84294546_179914056600038_3880533746851512320_n.jpeg\",\"width\":320,\"height\":320,\"caption\":\"PAA Baths\"},\"image\":{\"@id\":\"https:\/\/paabaths.com\/ee\/#\/schema\/logo\/image\/\"},\"sameAs\":[\"https:\/\/www.facebook.com\/paabaths\/\",\"https:\/\/www.instagram.com\/paa_baths\"]}]}<\/script>\n<!-- \/ Yoast SEO plugin. -->","yoast_head_json":{"title":"Kataloogid ja allalaadimine - PAA","robots":{"index":"index","follow":"follow","max-snippet":"max-snippet:-1","max-image-preview":"max-image-preview:large","max-video-preview":"max-video-preview:-1"},"canonical":"https:\/\/paabaths.com\/ee\/kataloogid-ja-allalaadimine\/","og_locale":"en_US","og_type":"article","og_title":"Kataloogid ja allalaadimine - PAA","og_url":"https:\/\/paabaths.com\/ee\/kataloogid-ja-allalaadimine\/","og_site_name":"PAA","article_publisher":"https:\/\/www.facebook.com\/paabaths\/","article_modified_time":"2026-02-25T06:42:31+00:00","og_image":[{"width":2560,"height":1500,"url":"https:\/\/paabaths.com\/wp-content\/uploads\/2025\/09\/PAA-baths-title2560x1500px.jpg","type":"image\/jpeg"}],"twitter_card":"summary_large_image","schema":{"@context":"https:\/\/schema.org","@graph":[{"@type":"WebPage","@id":"https:\/\/paabaths.com\/ee\/kataloogid-ja-allalaadimine\/","url":"https:\/\/paabaths.com\/ee\/kataloogid-ja-allalaadimine\/","name":"Kataloogid ja allalaadimine - PAA","isPartOf":{"@id":"https:\/\/paabaths.com\/ee\/#website"},"datePublished":"2021-04-07T04:46:15+00:00","dateModified":"2026-02-25T06:42:31+00:00","breadcrumb":{"@id":"https:\/\/paabaths.com\/ee\/kataloogid-ja-allalaadimine\/#breadcrumb"},"inLanguage":"ee","potentialAction":[{"@type":"ReadAction","target":["https:\/\/paabaths.com\/ee\/kataloogid-ja-allalaadimine\/"]}]},{"@type":"BreadcrumbList","@id":"https:\/\/paabaths.com\/ee\/kataloogid-ja-allalaadimine\/#breadcrumb","itemListElement":[{"@type":"ListItem","position":1,"name":"Home","item":"https:\/\/paabaths.com\/ee\/"},{"@type":"ListItem","position":2,"name":"Kataloogid ja allalaadimine"}]},{"@type":"WebSite","@id":"https:\/\/paabaths.com\/ee\/#website","url":"https:\/\/paabaths.com\/ee\/","name":"PAA","description":"This is PAA Ltd. brand site","publisher":{"@id":"https:\/\/paabaths.com\/ee\/#organization"},"potentialAction":[{"@type":"SearchAction","target":{"@type":"EntryPoint","urlTemplate":"https:\/\/paabaths.com\/ee\/?s={search_term_string}"},"query-input":{"@type":"PropertyValueSpecification","valueRequired":true,"valueName":"search_term_string"}}],"inLanguage":"ee"},{"@type":"Organization","@id":"https:\/\/paabaths.com\/ee\/#organization","name":"PAA Baths","url":"https:\/\/paabaths.com\/ee\/","logo":{"@type":"ImageObject","inLanguage":"ee","@id":"https:\/\/paabaths.com\/ee\/#\/schema\/logo\/image\/","url":"https:\/\/paabaths.com\/wp-content\/uploads\/2023\/02\/84294546_179914056600038_3880533746851512320_n.jpeg","contentUrl":"https:\/\/paabaths.com\/wp-content\/uploads\/2023\/02\/84294546_179914056600038_3880533746851512320_n.jpeg","width":320,"height":320,"caption":"PAA Baths"},"image":{"@id":"https:\/\/paabaths.com\/ee\/#\/schema\/logo\/image\/"},"sameAs":["https:\/\/www.facebook.com\/paabaths\/","https:\/\/www.instagram.com\/paa_baths"]}]}},"_links":{"self":[{"href":"https:\/\/paabaths.com\/ee\/wp-json\/wp\/v2\/pages\/6914","targetHints":{"allow":["GET"]}}],"collection":[{"href":"https:\/\/paabaths.com\/ee\/wp-json\/wp\/v2\/pages"}],"about":[{"href":"https:\/\/paabaths.com\/ee\/wp-json\/wp\/v2\/types\/page"}],"author":[{"embeddable":true,"href":"https:\/\/paabaths.com\/ee\/wp-json\/wp\/v2\/users\/1"}],"replies":[{"embeddable":true,"href":"https:\/\/paabaths.com\/ee\/wp-json\/wp\/v2\/comments?post=6914"}],"version-history":[{"count":17,"href":"https:\/\/paabaths.com\/ee\/wp-json\/wp\/v2\/pages\/6914\/revisions"}],"predecessor-version":[{"id":97167,"href":"https:\/\/paabaths.com\/ee\/wp-json\/wp\/v2\/pages\/6914\/revisions\/97167"}],"wp:attachment":[{"href":"https:\/\/paabaths.com\/ee\/wp-json\/wp\/v2\/media?parent=6914"}],"curies":[{"name":"wp","href":"https:\/\/api.w.org\/{rel}","templated":true}]}}