{"id":6910,"date":"2021-03-12T09:59:15","date_gmt":"2021-03-12T09:59:15","guid":{"rendered":"https:\/\/paa.emptylimits.com\/made-to-measure\/"},"modified":"2024-05-21T14:50:01","modified_gmt":"2024-05-21T11:50:01","slug":"made-to-measure","status":"publish","type":"page","link":"https:\/\/paabaths.com\/ee\/made-to-measure\/","title":{"rendered":"Made to Measure"},"content":{"rendered":"<section class='page-title wp-block-group acf-block position-center  has-h1' ><div class='wp-block alignwide'><h1 class='t-a-b-2'>Made to Measure<\/h1><\/div><\/section>\n\n<section class='page-description wp-block-group acf-block alignwide'><div class='wp-block alignwide'><div class='description t-a-b-2'><p>Valmistame konkreetse vannitoa jaoks. Vastavalt kliendi spetsifikatsioonile. L\u00e4tis. K\u00e4sitsi valmistatud.<\/p>\n<\/div><\/div><\/section>\n\n<section data-type='' id='block-69ea0d6c2cd84' class='full-width-cta wp-block-group acf-block  '><style>#block-69ea0d6c2cd84 .wp-block-image { height: 700px; } \r\n@media(max-width:1024px){ #block-69ea0d6c2cd84 .wp-block-image { height: 500px; } }; \r\n@media(max-width:992px){ #block-69ea0d6c2cd84 .wp-block-image { height: 450px; } }; \r\n@media(max-width:568px){ #block-69ea0d6c2cd84 .wp-block-image { height: 270px; } }; \r\n<\/style><div class='image lazyload' data-background-image='https:\/\/paabaths.com\/wp-content\/uploads\/2021\/06\/made-to-mesure-1-2560x1248.jpg'><\/div><div class='fill-bg'><\/div><div class='wp-block alignwide'><div  class='wp-block-image title-position-top'><span class='inner-wrap'><span class='inner t-a-b-2'><h3 class='underline-solid'><\/h3><\/span><\/span><\/div><\/div><\/section>\n\n<section class='page-content wp-block-group acf-block alignwide style-2 content-width'><div class='wp-block alignwide'><div class='content t-a-b-2'><p>Valamud, vannid ja du\u0161ialused, mis on kohandatud individuaalse vannitoa kujundamiseks. Eritellimusel valmistatud, parima kvaliteediga Silkstone&#8217;ist, et see vastaks t\u00e4psetele spetsifikatsioonidele.<\/p>\n<\/div><\/div><\/section>\n\n<section class=\"square-boxes wp-block-group acf-block\">\n    <div class='wp-block-columns align-wide items-2'><div class='wp-block-column'><span class='wp-block-image title-position-top'><span class='image' style='background-image:url(https:\/\/paabaths.com\/wp-content\/uploads\/2021\/06\/made-to-mesure-2-750x750.jpg);'><\/span><span class='inner-wrap'><span class='inner'><h3><\/h3><\/span><\/span><\/span><\/div><div class='wp-block-column'><span class='wp-block-image title-position-top'><span class='image' style='background-image:url(https:\/\/paabaths.com\/wp-content\/uploads\/2021\/06\/made-to-mesure-3-750x750.jpg);'><\/span><span class='inner-wrap'><span class='inner'><h3><\/h3><\/span><\/span><\/span><\/div>    <\/div>\n<\/section>\n\n\n<section data-type='' id='block-69ea0d6c317c9' class='full-width-cta wp-block-group acf-block alignwide '><style>#block-69ea0d6c317c9 .wp-block-image { height: 613px; } \r\n@media(max-width:1024px){ #block-69ea0d6c317c9 .wp-block-image { height: 434px; } }; \r\n@media(max-width:992px){ #block-69ea0d6c317c9 .wp-block-image { height: 434px; } }; \r\n@media(max-width:568px){ #block-69ea0d6c317c9 .wp-block-image { height: 270px; } }; \r\n<\/style><div class='image lazyload' data-background-image='https:\/\/paabaths.com\/wp-content\/uploads\/2021\/06\/made-to-mesure-4-1560x1226.jpg'><\/div><div class='fill-bg'><\/div><div class='wp-block alignwide'><div  class='wp-block-image title-position-top'><span class='inner-wrap'><span class='inner t-a-b-2'><h3 class='underline-solid'><\/h3><\/span><\/span><\/div><\/div><\/section>\n\n<section class='page-content wp-block-group acf-block alignwide style-2 content-width'><div class='wp-block alignwide'><div class='content t-a-b-2'><p>Made to Measure valamud<br \/>\nK\u00f5ige erinevamad kohandamisv\u00f5imalused &#8211; valamu suurus, kuju ja individuaalsed disainidetailid.<\/p>\n<\/div><\/div><\/section>\n\n<section data-type='full-width' id='block-69ea0d6c32f6f' class='full-width-cta wp-block-group acf-block  font-color-white'><style>#block-69ea0d6c32f6f .wp-block-image { height: 782px; } \r\n@media(max-width:1024px){ #block-69ea0d6c32f6f .wp-block-image { height: 500px; } }; \r\n@media(max-width:992px){ #block-69ea0d6c32f6f .wp-block-image { height: 450px; } }; \r\n@media(max-width:568px){ #block-69ea0d6c32f6f .wp-block-image { height: 270px; } }; \r\n<\/style><div class='image lazyload' data-background-image='https:\/\/paabaths.com\/wp-content\/uploads\/2022\/08\/made-to-mesure-5-2560x1200-1.jpg'><\/div><div class='fill-bg'><\/div><div class='wp-block alignwide'><div  class='wp-block-image title-position-top'><span class='inner-wrap'><span class='inner t-a-b-2'><h3 class='underline-solid'><\/h3><\/span><\/span><\/div><\/div><\/section>\n\n<section class=\"youtube-block\">\n    <div class=\"inner wp-block alignwide\">\n        <div id=\"hixjMRj883c\" class=\"youtube-player\" data-plyr-provider=\"youtube\" data-plyr-embed-id=\"hixjMRj883c\"><\/div>\n    <\/div>\n<\/section>\n<style>\n.plyr__control--overlaid {\n    margin-top: 0!important;\n}\n@media (max-width: 1140px) {\n    .youtube-block {\n        margin-bottom: 30px;\n    }\n    .home .youtube-block .inner {\n\t    padding-left: 70px;\n\t    padding-right: 70px;\n    }\n}\n@media (max-width: 992px) {\n    .home .youtube-block .inner {\n\t    padding-left: 15px;\n\t    padding-right: 15px;\n    }\n}\n@media(max-width:768px) {\n\t.youtube-block {\n\t\tmargin-bottom: 15px;\n\t}\n}\n<\/style>\n\n<section class='content-image-slider wp-block-group acf-block alignwide'><div class='wp-block alignwide'><div class='content t-a-b-2'><div class='slider'><div class='slide'><img src='https:\/\/paabaths.com\/wp-content\/uploads\/2021\/06\/made-to-mesure-slide.jpg' alt=''><h3>Made to Measure valamu Flow koos riiuliga<\/h3><\/div><div class='slide'><img src='https:\/\/paabaths.com\/wp-content\/uploads\/2022\/08\/MTM_products_image-02.jpg' alt=''><h3>Made to Measure r\u00e4tikuhoidjaga valamu Opus Duo<\/h3><\/div><div class='slide'><img src='https:\/\/paabaths.com\/wp-content\/uploads\/2022\/08\/MTM_products_image-03.jpg' alt=''><h3>Made to Measure valamu Credo seinaliistusega<\/h3><\/div><div class='slide'><img src='https:\/\/paabaths.com\/wp-content\/uploads\/2022\/08\/MTM_products_image-04.jpg' alt=''><h3>Made to Measure Opus Grande valamu asetatakse kapile<\/h3><\/div><div class='slide'><img src='https:\/\/paabaths.com\/wp-content\/uploads\/2022\/08\/MTM_products_image-05.jpg' alt=''><h3>Made to Measure valamu Ovo Matte Shadow pinnaga<\/h3><\/div><div class='slide'><img src='https:\/\/paabaths.com\/wp-content\/uploads\/2022\/08\/MTM_products_image-06.jpg' alt=''><h3>Avalike ruumide valamu \u2013 M\u00f5\u00f5du j\u00e4rgi valmistatud klaver kolme kausiga<\/h3><\/div><\/div><\/div><\/div><\/section>\n\n<section class='content-options-list wp-block-group acf-block alignwide'><div class='wp-block alignwide'><div class='content'><div class='col-wrap clearfix t-a-b-2'><div class='col left-side hidden-tablet'><h3>Kohandamisvalikud<\/h3><\/div><div class='col right-side'><div class=''><h3 class='visible-tablet'>Kohandamisvalikud<\/h3><ul><li>Kohandatud m\u00f5\u00f5tmed<\/li><li>Ebakorrap\u00e4rased nurgad<\/li><li>V\u00e4ljal\u00f5iked<\/li><li>\u00dcmardatud ja viltused nurgad<\/li><li>Erinevad valamu mudelid<\/li><li>Elegantsed pinnav\u00e4rvid<\/li><li>Segistite ja tarvikute lisamine<\/li><li>V\u00e4ljal\u00f5iked k\u00e4ter\u00e4tikuhoidjatele ja pr\u00fcgikastidele<\/li><\/ul><\/div><\/div><\/div><\/div><\/div><\/section>\n\n<section class='page-link wp-block-group acf-block alignwide'><div class='wp-block-buttons is-content-justification-center'><div class='wp-block-button is-style-outline'><a href='https:\/\/paabaths.com\/ee\/catalog\/valamud\/?pa_installation-type=made-to-measure' class='wp-block-button__link' title='Vaata k\u00f5iki Made to Measure valamud'>Vaata k\u00f5iki Made to Measure valamud<\/a><\/div><\/div><\/section>\n\n<section class='page-content wp-block-group acf-block alignwide style-2 content-width'><div class='wp-block alignwide'><div class='content t-a-b-2'><p>Made to Measure vannid<br \/>\nT\u00e4pselt valmistatud, et see sobiks ideaalselt teie vannituppa.<\/p>\n<\/div><\/div><\/section>\n\n<section data-type='full-width' id='block-69ea0d6c3d51a' class='full-width-cta wp-block-group acf-block alignfull font-color-white'><style>#block-69ea0d6c3d51a .wp-block-image { height: 700px; } \r\n@media(max-width:1024px){ #block-69ea0d6c3d51a .wp-block-image { height: 375px; } }; \r\n@media(max-width:992px){ #block-69ea0d6c3d51a .wp-block-image { height: 375px; } }; \r\n@media(max-width:568px){ #block-69ea0d6c3d51a .wp-block-image { height: 300px; } }; \r\n<\/style><div class='image lazyload' data-background-image='https:\/\/paabaths.com\/wp-content\/uploads\/2022\/08\/mtm-3-2560x1200-1.jpg'><\/div><div class='fill-bg'><\/div><div class='wp-block alignwide'><div  class='wp-block-image title-position-top'><span class='inner-wrap'><span class='inner t-a-b-2'><h3 class='underline-solid'><\/h3><\/span><\/span><\/div><\/div><\/section>\n\n<section class=\"youtube-block\">\n    <div class=\"inner wp-block alignwide\">\n        <div id=\"Gj3MQcg-z3E\" class=\"youtube-player\" data-plyr-provider=\"youtube\" data-plyr-embed-id=\"Gj3MQcg-z3E\"><\/div>\n    <\/div>\n<\/section>\n<style>\n.plyr__control--overlaid {\n    margin-top: 0!important;\n}\n@media (max-width: 1140px) {\n    .youtube-block {\n        margin-bottom: 30px;\n    }\n    .home .youtube-block .inner {\n\t    padding-left: 70px;\n\t    padding-right: 70px;\n    }\n}\n@media (max-width: 992px) {\n    .home .youtube-block .inner {\n\t    padding-left: 15px;\n\t    padding-right: 15px;\n    }\n}\n@media(max-width:768px) {\n\t.youtube-block {\n\t\tmargin-bottom: 15px;\n\t}\n}\n<\/style>\n\n<section class='content-image-slider wp-block-group acf-block alignwide'><div class='wp-block alignwide'><div class='content t-a-b-2'><div class='slider'><div class='slide'><img src='https:\/\/paabaths.com\/wp-content\/uploads\/2022\/08\/MTM_products_image-07.jpg' alt=''><h3>Deco Shape vann, 1580 x 1300 mm, H = 630 mm<\/h3><\/div><div class='slide'><img src='https:\/\/paabaths.com\/wp-content\/uploads\/2022\/08\/MTM_products_image-08.jpg' alt=''><h3>Deco Shape vann, 1850 x 850 mm, H = 630 mm<\/h3><\/div><div class='slide'><img src='https:\/\/paabaths.com\/wp-content\/uploads\/2022\/08\/MTM_products_image-09.jpg' alt=''><h3>Deco Shape vann, 1750 x 810 mm, H = 630 mm<\/h3><\/div><\/div><\/div><\/div><\/section>\n\n<section class='content-options-list wp-block-group acf-block alignwide'><div class='wp-block alignwide'><div class='content'><div class='col-wrap clearfix t-a-b-2'><div class='col left-side hidden-tablet'><h3>Kohandamisvalikud<\/h3><\/div><div class='col right-side'><div class=''><h3 class='visible-tablet'>Kohandamisvalikud<\/h3><ul><li>Kohandatud m\u00f5\u00f5tmed<\/li><li>Ebakorrap\u00e4rased nurgad<\/li><li>V\u00e4ljal\u00f5iked k\u00fclgedel<\/li><li>\u00dcmardatud nurgad<\/li><li>Segisti augud<\/li><li>V\u00e4ljal\u00f5iked k\u00e4ter\u00e4tikuhoidjale<\/li><li>V\u00e4rviline pind<\/li><\/ul><\/div><\/div><\/div><\/div><\/div><\/section>\n\n<section class='page-link wp-block-group acf-block alignwide'><div class='wp-block-buttons is-content-justification-center'><div class='wp-block-button is-style-outline'><a href='https:\/\/paabaths.com\/ee\/catalog\/vannid\/?pa_installation-type=made-to-measure-ee' class='wp-block-button__link' title='Vaata k\u00f5iki Made to Measure vannid'>Vaata k\u00f5iki Made to Measure vannid<\/a><\/div><\/div><\/section>\n\n<section class='page-content wp-block-group acf-block alignwide style-2 content-width'><div class='wp-block alignwide'><div class='content t-a-b-2'><p>Made to Measure du\u0161ialused<br \/>\nT\u00e4pselt valmistatud, et need sobiks ideaalselt teie vannituppa.<\/p>\n<\/div><\/div><\/section>\n\n<section data-type='full-width' id='block-69ea0d6c41406' class='full-width-cta wp-block-group acf-block alignfull font-color-white'><style>#block-69ea0d6c41406 .wp-block-image { height: 782px; } \r\n@media(max-width:1024px){ #block-69ea0d6c41406 .wp-block-image { height: 450px; } }; \r\n@media(max-width:992px){ #block-69ea0d6c41406 .wp-block-image { height: 450px; } }; \r\n@media(max-width:568px){ #block-69ea0d6c41406 .wp-block-image { height: 270px; } }; \r\n<\/style><div class='image lazyload' data-background-image='https:\/\/paabaths.com\/wp-content\/uploads\/2022\/08\/mtm-1-2560x1200-1.jpg'><\/div><div class='fill-bg'><\/div><div class='wp-block alignwide'><div  class='wp-block-image title-position-top'><span class='inner-wrap'><span class='inner t-a-b-2'><h3 class='underline-solid'><\/h3><\/span><\/span><\/div><\/div><\/section>\n\n<section class=\"youtube-block\">\n    <div class=\"inner wp-block alignwide\">\n        <div id=\"ANQI6PlZDdg\" class=\"youtube-player\" data-plyr-provider=\"youtube\" data-plyr-embed-id=\"ANQI6PlZDdg\"><\/div>\n    <\/div>\n<\/section>\n<style>\n.plyr__control--overlaid {\n    margin-top: 0!important;\n}\n@media (max-width: 1140px) {\n    .youtube-block {\n        margin-bottom: 30px;\n    }\n    .home .youtube-block .inner {\n\t    padding-left: 70px;\n\t    padding-right: 70px;\n    }\n}\n@media (max-width: 992px) {\n    .home .youtube-block .inner {\n\t    padding-left: 15px;\n\t    padding-right: 15px;\n    }\n}\n@media(max-width:768px) {\n\t.youtube-block {\n\t\tmargin-bottom: 15px;\n\t}\n}\n<\/style>\n\n<section class='content-image-slider wp-block-group acf-block alignwide'><div class='wp-block alignwide'><div class='content t-a-b-2'><div class='slider'><div class='slide'><img src='https:\/\/paabaths.com\/wp-content\/uploads\/2021\/06\/mtm-2.jpg' alt=''><h3>Made to Measure du\u0161ialus Craft p\u00f5randaga tasapinnaline, 1800 x 900 mm, H = 25 mm<\/h3><\/div><div class='slide'><img src='https:\/\/paabaths.com\/wp-content\/uploads\/2022\/08\/MTM_products_image-10.jpg' alt=''><h3>Made to Measure du\u0161ialus Craft v\u00e4ljal\u00f5ikega, 1800 x 900 mm, H = 25 mm<\/h3><\/div><div class='slide'><img src='https:\/\/paabaths.com\/wp-content\/uploads\/2022\/08\/MTM_products_image-12.jpg' alt=''><h3>Made to Measure paneeliga du\u0161ialus, ni\u0161\u0161, 1600 x 900 mm<\/h3><\/div><div class='slide'><img src='https:\/\/paabaths.com\/wp-content\/uploads\/2022\/08\/MTM_products_image-13.jpg' alt=''><h3>Ebakorrap\u00e4rase kujuga Made to Measure du\u0161ialus Craft ni\u0161is<\/h3><\/div><\/div><\/div><\/div><\/section>\n\n<section class='content-options-list wp-block-group acf-block alignwide'><div class='wp-block alignwide'><div class='content'><div class='col-wrap clearfix t-a-b-2'><div class='col left-side hidden-tablet'><h3>Kohandamisvalikud<\/h3><\/div><div class='col right-side'><div class=''><h3 class='visible-tablet'>Kohandamisvalikud<\/h3><ul><li>Kohandatud m\u00f5\u00f5tmed<\/li><li>Ebakorrap\u00e4rased nurgad<\/li><li>V\u00e4ljal\u00f5iked k\u00fclgedel<\/li><li>\u00dcmardatud nurgad<\/li><li>Valge v\u00f5i v\u00e4rviline<\/li><li>V\u00e4rviga sobiv \u00e4ravoolukate<\/li><\/ul><\/div><\/div><\/div><div class='col-wrap clearfix t-a-b-2'><div class='col left-side hidden-tablet'><h3>Paigaldusvalikud<\/h3><\/div><div class='col right-side'><div class=''><h3 class='visible-tablet'>Paigaldusvalikud<\/h3><ul><li>S\u00fcvistatud p\u00f5randasse<\/li><li>Paigaldatud p\u00f5randale<\/li><li>Paigaldatud p\u00f5randale paneeliga<\/li><\/ul><\/div><\/div><\/div><\/div><\/div><\/section>\n\n<section class='page-link wp-block-group acf-block alignwide'><div class='wp-block-buttons is-content-justification-center'><div class='wp-block-button is-style-outline'><a href='https:\/\/paabaths.com\/ee\/catalog\/dusi-alused\/?pa_installation-type=made-to-measure-ee' class='wp-block-button__link' title='Vaata k\u00f5iki Made to Measure du\u0161ialused'>Vaata k\u00f5iki Made to Measure du\u0161ialused<\/a><\/div><\/div><\/section>\n\n<section class='page-content wp-block-group acf-block alignwide style-2 content-width'><div class='wp-block alignwide'><div class='content t-a-b-2'><p>Lisaks Silkstone&#8217;i paneelid, t\u00f6\u00f6pinnad, riiulid, seinapaneelid, p\u00f5randaliistud ja aknalauad &#8211; igak\u00fclgse vannitoa sisekujunduseks.<\/p>\n<\/div><\/div><\/section>\n\n<section data-type='full-width' id='block-69ea0d6c461e1' class='full-width-cta wp-block-group acf-block alignfull font-color-white'><style>#block-69ea0d6c461e1 .wp-block-image { height: 700px; } \r\n@media(max-width:1024px){ #block-69ea0d6c461e1 .wp-block-image { height: 375px; } }; \r\n@media(max-width:992px){ #block-69ea0d6c461e1 .wp-block-image { height: 375px; } }; \r\n@media(max-width:568px){ #block-69ea0d6c461e1 .wp-block-image { height: 300px; } }; \r\n<\/style><div class='image lazyload' data-background-image='https:\/\/paabaths.com\/wp-content\/uploads\/2022\/08\/mtm-5-2560x1200-1.jpg'><\/div><div class='fill-bg'><\/div><div class='wp-block alignwide'><div  class='wp-block-image title-position-top'><span class='inner-wrap'><span class='inner t-a-b-2'><h3 class='underline-solid'><\/h3><\/span><\/span><\/div><\/div><\/section>\n\n<section class='button-block wp-block-group acf-block'><div class='wp-block alignwide t-a-b-2'><h2><\/h2><div class='wp-block-buttons is-content-justification-center'><div class='wp-block-button is-style-outline'><a href='https:\/\/paabaths.com\/ee\/leia-maaletooja\/' class='wp-block-button__link' title='PAA edasim\u00fc\u00fcjad'>PAA edasim\u00fc\u00fcjad<\/a><\/div><\/div><\/div><\/section>","protected":false},"excerpt":{"rendered":"","protected":false},"author":1,"featured_media":0,"parent":0,"menu_order":110,"comment_status":"closed","ping_status":"closed","template":"template-page-with-breadcrumbs.php","meta":{"_acf_changed":false,"inline_featured_image":false,"footnotes":""},"class_list":["post-6910","page","type-page","status-publish","hentry"],"acf":[],"yoast_head":"<!-- This site is optimized with the Yoast SEO plugin v26.1.1 - https:\/\/yoast.com\/wordpress\/plugins\/seo\/ -->\n<title>Made to Measure - PAA<\/title>\n<meta name=\"robots\" content=\"index, follow, max-snippet:-1, max-image-preview:large, max-video-preview:-1\" \/>\n<link rel=\"canonical\" href=\"https:\/\/paabaths.com\/ee\/made-to-measure\/\" \/>\n<meta property=\"og:locale\" content=\"en_US\" \/>\n<meta property=\"og:type\" content=\"article\" \/>\n<meta property=\"og:title\" content=\"Made to Measure - PAA\" \/>\n<meta property=\"og:url\" content=\"https:\/\/paabaths.com\/ee\/made-to-measure\/\" \/>\n<meta property=\"og:site_name\" content=\"PAA\" \/>\n<meta property=\"article:publisher\" content=\"https:\/\/www.facebook.com\/paabaths\/\" \/>\n<meta property=\"article:modified_time\" content=\"2024-05-21T11:50:01+00:00\" \/>\n<meta property=\"og:image\" content=\"https:\/\/paabaths.com\/wp-content\/uploads\/2025\/09\/PAA-baths-title2560x1500px.jpg\" \/>\n\t<meta property=\"og:image:width\" content=\"2560\" \/>\n\t<meta property=\"og:image:height\" content=\"1500\" \/>\n\t<meta property=\"og:image:type\" content=\"image\/jpeg\" \/>\n<meta name=\"twitter:card\" content=\"summary_large_image\" \/>\n<script type=\"application\/ld+json\" class=\"yoast-schema-graph\">{\"@context\":\"https:\/\/schema.org\",\"@graph\":[{\"@type\":\"WebPage\",\"@id\":\"https:\/\/paabaths.com\/ee\/made-to-measure\/\",\"url\":\"https:\/\/paabaths.com\/ee\/made-to-measure\/\",\"name\":\"Made to Measure - PAA\",\"isPartOf\":{\"@id\":\"https:\/\/paabaths.com\/ee\/#website\"},\"datePublished\":\"2021-03-12T09:59:15+00:00\",\"dateModified\":\"2024-05-21T11:50:01+00:00\",\"breadcrumb\":{\"@id\":\"https:\/\/paabaths.com\/ee\/made-to-measure\/#breadcrumb\"},\"inLanguage\":\"ee\",\"potentialAction\":[{\"@type\":\"ReadAction\",\"target\":[\"https:\/\/paabaths.com\/ee\/made-to-measure\/\"]}]},{\"@type\":\"BreadcrumbList\",\"@id\":\"https:\/\/paabaths.com\/ee\/made-to-measure\/#breadcrumb\",\"itemListElement\":[{\"@type\":\"ListItem\",\"position\":1,\"name\":\"Home\",\"item\":\"https:\/\/paabaths.com\/ee\/\"},{\"@type\":\"ListItem\",\"position\":2,\"name\":\"Made to Measure\"}]},{\"@type\":\"WebSite\",\"@id\":\"https:\/\/paabaths.com\/ee\/#website\",\"url\":\"https:\/\/paabaths.com\/ee\/\",\"name\":\"PAA\",\"description\":\"This is PAA Ltd. brand site\",\"publisher\":{\"@id\":\"https:\/\/paabaths.com\/ee\/#organization\"},\"potentialAction\":[{\"@type\":\"SearchAction\",\"target\":{\"@type\":\"EntryPoint\",\"urlTemplate\":\"https:\/\/paabaths.com\/ee\/?s={search_term_string}\"},\"query-input\":{\"@type\":\"PropertyValueSpecification\",\"valueRequired\":true,\"valueName\":\"search_term_string\"}}],\"inLanguage\":\"ee\"},{\"@type\":\"Organization\",\"@id\":\"https:\/\/paabaths.com\/ee\/#organization\",\"name\":\"PAA Baths\",\"url\":\"https:\/\/paabaths.com\/ee\/\",\"logo\":{\"@type\":\"ImageObject\",\"inLanguage\":\"ee\",\"@id\":\"https:\/\/paabaths.com\/ee\/#\/schema\/logo\/image\/\",\"url\":\"https:\/\/paabaths.com\/wp-content\/uploads\/2023\/02\/84294546_179914056600038_3880533746851512320_n.jpeg\",\"contentUrl\":\"https:\/\/paabaths.com\/wp-content\/uploads\/2023\/02\/84294546_179914056600038_3880533746851512320_n.jpeg\",\"width\":320,\"height\":320,\"caption\":\"PAA Baths\"},\"image\":{\"@id\":\"https:\/\/paabaths.com\/ee\/#\/schema\/logo\/image\/\"},\"sameAs\":[\"https:\/\/www.facebook.com\/paabaths\/\",\"https:\/\/www.instagram.com\/paa_baths\"]}]}<\/script>\n<!-- \/ Yoast SEO plugin. -->","yoast_head_json":{"title":"Made to Measure - PAA","robots":{"index":"index","follow":"follow","max-snippet":"max-snippet:-1","max-image-preview":"max-image-preview:large","max-video-preview":"max-video-preview:-1"},"canonical":"https:\/\/paabaths.com\/ee\/made-to-measure\/","og_locale":"en_US","og_type":"article","og_title":"Made to Measure - PAA","og_url":"https:\/\/paabaths.com\/ee\/made-to-measure\/","og_site_name":"PAA","article_publisher":"https:\/\/www.facebook.com\/paabaths\/","article_modified_time":"2024-05-21T11:50:01+00:00","og_image":[{"width":2560,"height":1500,"url":"https:\/\/paabaths.com\/wp-content\/uploads\/2025\/09\/PAA-baths-title2560x1500px.jpg","type":"image\/jpeg"}],"twitter_card":"summary_large_image","schema":{"@context":"https:\/\/schema.org","@graph":[{"@type":"WebPage","@id":"https:\/\/paabaths.com\/ee\/made-to-measure\/","url":"https:\/\/paabaths.com\/ee\/made-to-measure\/","name":"Made to Measure - PAA","isPartOf":{"@id":"https:\/\/paabaths.com\/ee\/#website"},"datePublished":"2021-03-12T09:59:15+00:00","dateModified":"2024-05-21T11:50:01+00:00","breadcrumb":{"@id":"https:\/\/paabaths.com\/ee\/made-to-measure\/#breadcrumb"},"inLanguage":"ee","potentialAction":[{"@type":"ReadAction","target":["https:\/\/paabaths.com\/ee\/made-to-measure\/"]}]},{"@type":"BreadcrumbList","@id":"https:\/\/paabaths.com\/ee\/made-to-measure\/#breadcrumb","itemListElement":[{"@type":"ListItem","position":1,"name":"Home","item":"https:\/\/paabaths.com\/ee\/"},{"@type":"ListItem","position":2,"name":"Made to Measure"}]},{"@type":"WebSite","@id":"https:\/\/paabaths.com\/ee\/#website","url":"https:\/\/paabaths.com\/ee\/","name":"PAA","description":"This is PAA Ltd. brand site","publisher":{"@id":"https:\/\/paabaths.com\/ee\/#organization"},"potentialAction":[{"@type":"SearchAction","target":{"@type":"EntryPoint","urlTemplate":"https:\/\/paabaths.com\/ee\/?s={search_term_string}"},"query-input":{"@type":"PropertyValueSpecification","valueRequired":true,"valueName":"search_term_string"}}],"inLanguage":"ee"},{"@type":"Organization","@id":"https:\/\/paabaths.com\/ee\/#organization","name":"PAA Baths","url":"https:\/\/paabaths.com\/ee\/","logo":{"@type":"ImageObject","inLanguage":"ee","@id":"https:\/\/paabaths.com\/ee\/#\/schema\/logo\/image\/","url":"https:\/\/paabaths.com\/wp-content\/uploads\/2023\/02\/84294546_179914056600038_3880533746851512320_n.jpeg","contentUrl":"https:\/\/paabaths.com\/wp-content\/uploads\/2023\/02\/84294546_179914056600038_3880533746851512320_n.jpeg","width":320,"height":320,"caption":"PAA Baths"},"image":{"@id":"https:\/\/paabaths.com\/ee\/#\/schema\/logo\/image\/"},"sameAs":["https:\/\/www.facebook.com\/paabaths\/","https:\/\/www.instagram.com\/paa_baths"]}]}},"_links":{"self":[{"href":"https:\/\/paabaths.com\/ee\/wp-json\/wp\/v2\/pages\/6910","targetHints":{"allow":["GET"]}}],"collection":[{"href":"https:\/\/paabaths.com\/ee\/wp-json\/wp\/v2\/pages"}],"about":[{"href":"https:\/\/paabaths.com\/ee\/wp-json\/wp\/v2\/types\/page"}],"author":[{"embeddable":true,"href":"https:\/\/paabaths.com\/ee\/wp-json\/wp\/v2\/users\/1"}],"replies":[{"embeddable":true,"href":"https:\/\/paabaths.com\/ee\/wp-json\/wp\/v2\/comments?post=6910"}],"version-history":[{"count":8,"href":"https:\/\/paabaths.com\/ee\/wp-json\/wp\/v2\/pages\/6910\/revisions"}],"predecessor-version":[{"id":62539,"href":"https:\/\/paabaths.com\/ee\/wp-json\/wp\/v2\/pages\/6910\/revisions\/62539"}],"wp:attachment":[{"href":"https:\/\/paabaths.com\/ee\/wp-json\/wp\/v2\/media?parent=6910"}],"curies":[{"name":"wp","href":"https:\/\/api.w.org\/{rel}","templated":true}]}}