{"id":6900,"date":"2021-04-07T04:48:53","date_gmt":"2021-04-07T01:48:53","guid":{"rendered":"https:\/\/paa.emptylimits.com\/for-architects-designers\/"},"modified":"2023-11-03T14:22:28","modified_gmt":"2023-11-03T12:22:28","slug":"koostoo","status":"publish","type":"page","link":"https:\/\/paabaths.com\/ee\/spetsialistidele\/koostoo\/","title":{"rendered":"Koost\u00f6\u00f6"},"content":{"rendered":"<section data-type='full-width' id='block-69f16a07380e3' class='full-width-cta wp-block-group acf-block alignfull '><style>#block-69f16a07380e3 .wp-block-image { height: 700px; } \r\n@media(max-width:1024px){ #block-69f16a07380e3 .wp-block-image { height: 450px; } }; \r\n@media(max-width:992px){ #block-69f16a07380e3 .wp-block-image { height: 400px; } }; \r\n@media(max-width:568px){ #block-69f16a07380e3 .wp-block-image { height: 270px; } }; \r\n<\/style><div class='image lazyload' data-background-image='https:\/\/paabaths.com\/wp-content\/uploads\/2021\/11\/PAA-Baths-Silkstone-Felice-1945x830x715mm-front-interior-brown-wall-with-towel-1400x933px.jpg'><\/div><div class='fill-bg'><\/div><div class='wp-block alignwide'><div  class='wp-block-image title-position-'><span class='inner-wrap'><span class='inner t-a-b-2'><h3 class='underline-solid'><\/h3><\/span><\/span><\/div><\/div><\/section>\n\n<section class='page-content wp-block-group acf-block alignwide style-1 content-width'><div class='wp-block alignwide'><div class='content t-a-b-2'><p>Meie edu aluseks on meie, kui ettev\u00f5tte v\u00e4\u00e4rtused.<\/p>\n<p>Inimsuhted on meile v\u00e4ga olulised. Usume, et avatud suhtlus meie partneritega on h\u00e4davajalik.<\/p>\n<p>Keskendume elegantsele, kaasaegsele disainile, t\u00e4iuslikkusele ja k\u00e4sitsi viimistletud veatusele k\u00f5iges, mida toodame.<br \/>\nKui meid kutsutakse, oleme asjatundjad oma klientide vajadustele loovate, nutikate ja praktiliste lahenduste leidmisel<br \/>\nOleme alati valmis proovima uusi, alternatiivseid ja loovaid lahendusi ka siis, kui kliendi n\u00f5udmiste t\u00e4itmine n\u00f5uab suuremat pingutust. Hindame esteetikat ja kvaliteeti rohkem kui kasumit.<\/p>\n<p>Meie jaoks on esmat\u00e4htsad suhted klientide ja partneritega ning elegantsi ja p\u00fcsiva ilu poole p\u00fc\u00fcdlemine.<\/p>\n<\/div><\/div><\/section>\n\n<section data-type='full-width' id='block-69f16a073b155' class='full-width-cta wp-block-group acf-block alignwide '><style>#block-69f16a073b155 .wp-block-image { height: 615px; } \r\n@media(max-width:1024px){ #block-69f16a073b155 .wp-block-image { height: 430px; } }; \r\n@media(max-width:992px){ #block-69f16a073b155 .wp-block-image { height: 430px; } }; \r\n@media(max-width:568px){ #block-69f16a073b155 .wp-block-image { height: 270px; } }; \r\n<\/style><div class='image lazyload' data-background-image='https:\/\/paabaths.com\/wp-content\/uploads\/2022\/06\/Zane-1560x1560.jpg'><\/div><div class='fill-bg'><\/div><div class='wp-block alignwide'><div  class='wp-block-image title-position-'><span class='inner-wrap'><span class='inner t-a-b-2'><h3 class='underline-solid'><\/h3><\/span><\/span><\/div><\/div><\/section>\n\n<section class='wp-block alignwide qoute-with-button'><div class='content t-a-b-2'><div class='qoute'><p>&#8220;Sisustusprojektidesse p\u00fc\u00fcan kaasata L\u00e4ti tooteid, kuna olen uhke kohalike tootjate \u00fcle, kes loovad ilusaid ja kvaliteetseid asju. Soovitan klientidele PAA-d, sest tootja pakub peaaegu k\u00f5iki ebastandardseid lahendusi, erinevaid kujundeid ja toone. PAA toodang pole rikas mitte ainult kauni disaini poolest, vaid ka erinevate praktiliste lahendustega, mida \u00fckski teine tootja ei paku, nagu n\u00e4iteks Made to Measure pindu saab l\u00f5igata erineva kujuga. Silkstone materjalist on v\u00f5imalik luua mitmekesiseid disainikombinatsioone nii vannidest ja valamutest kui ka du\u0161ialustest.&#8221;<\/p>\n<\/div><div class='author'>&#8220;Ziemelu akcents&#8221; disainer ZANE SKALBERGA, Riia<\/div><div class='wp-block-buttons is-content-justification-center'><div class='wp-block-button is-style-outline'><a href='https:\/\/paabaths.com\/ee\/valitud-projektid\/' class='wp-block-button__link' title='\u00dclevaade projektidest'>\u00dclevaade projektidest<\/a><\/div><\/div><\/div><\/section>\n\n<section class=\"square-boxes wp-block-group acf-block\">\n    <div class='wp-block-columns align-wide items-2'><div class='wp-block-column'><span class='wp-block-image title-position-'><span class='image' style='background-image:url(https:\/\/paabaths.com\/wp-content\/uploads\/2021\/06\/for-architects-2-1-750x750.jpg);'><\/span><span class='inner-wrap'><span class='inner'><h3><\/h3><\/span><\/span><\/span><\/div><div class='wp-block-column'><span class='wp-block-image title-position-'><span class='image' style='background-image:url(https:\/\/paabaths.com\/wp-content\/uploads\/2021\/06\/for-architects-2-2-750x750.jpg);'><\/span><span class='inner-wrap'><span class='inner'><h3><\/h3><\/span><\/span><\/span><\/div>    <\/div>\n<\/section>\n\n\n<section data-type='' id='block-69f16a07404b5' class='full-width-cta wp-block-group acf-block alignwide '><style>#block-69f16a07404b5 .wp-block-image { height: 583px; } \r\n@media(max-width:1024px){ #block-69f16a07404b5 .wp-block-image { height: 416px; } }; \r\n@media(max-width:992px){ #block-69f16a07404b5 .wp-block-image { height: 416px; } }; \r\n@media(max-width:568px){ #block-69f16a07404b5 .wp-block-image { height: 270px; } }; \r\n<\/style><div class='image lazyload' data-background-image='https:\/\/paabaths.com\/wp-content\/uploads\/2021\/06\/for-architects-3.jpg'><\/div><div class='fill-bg'><\/div><div class='wp-block alignwide'><div  class='wp-block-image title-position-'><span class='inner-wrap'><span class='inner t-a-b-2'><h3 class='underline-solid'><\/h3><\/span><\/span><\/div><\/div><\/section>\n\n<section data-type='' id='block-69f16a07416b0' class='full-width-cta wp-block-group acf-block alignwide '><style>#block-69f16a07416b0 .wp-block-image { height: 615px; } \r\n@media(max-width:1024px){ #block-69f16a07416b0 .wp-block-image { height: 435px; } }; \r\n@media(max-width:992px){ #block-69f16a07416b0 .wp-block-image { height: 435px; } }; \r\n@media(max-width:568px){ #block-69f16a07416b0 .wp-block-image { height: 290px; } }; \r\n<\/style><div class='image lazyload' data-background-image='https:\/\/paabaths.com\/wp-content\/uploads\/2021\/06\/for-architects-6-1-1560x923.jpg'><\/div><div class='fill-bg'><\/div><div class='wp-block alignwide'><div  class='wp-block-image title-position-'><span class='inner-wrap'><span class='inner t-a-b-2'><h3 class='underline-solid'><\/h3><\/span><\/span><\/div><\/div><\/section>\n\n<section class=\"square-boxes wp-block-group acf-block\">\n    <div class='wp-block-columns align-wide items-2'><div class='wp-block-column'><span class='wp-block-image title-position-'><span class='image' style='background-image:url(https:\/\/paabaths.com\/wp-content\/uploads\/2021\/06\/for-architects-7-1-750x750.jpg);'><\/span><span class='inner-wrap'><span class='inner'><h3><\/h3><\/span><\/span><\/span><\/div><div class='wp-block-column'><span class='wp-block-image title-position-'><span class='image' style='background-image:url(https:\/\/paabaths.com\/wp-content\/uploads\/2021\/06\/for-architects-7-2-750x750.jpg);'><\/span><span class='inner-wrap'><span class='inner'><h3><\/h3><\/span><\/span><\/span><\/div>    <\/div>\n<\/section>\n\n\n<section class=\"square-boxes wp-block-group acf-block\">\n    <div class='wp-block-columns align-wide items-2'><div class='wp-block-column'><a href='.\/' class='wp-block-image title-position-center'><span class='image' style='background-image:url(https:\/\/paabaths.com\/wp-content\/uploads\/2021\/04\/our-materials-home-square-750x750.png);'><\/span><span class='inner-wrap'><span class='inner'><h3>Our Materials<\/h3><\/span><\/span><\/a><\/div><div class='wp-block-column'><a href='http:\/\/paabaths.com\/projects\/' class='wp-block-image title-position-center'><span class='image' style='background-image:url(https:\/\/paabaths.com\/wp-content\/uploads\/2021\/06\/selected-projects-square-750x750.jpg);'><\/span><span class='inner-wrap'><span class='inner'><h3>Selected Projects<\/h3><\/span><\/span><\/a><\/div>    <\/div>\n<\/section>\n\n\n<section class='button-block wp-block-group acf-block'><div class='wp-block alignwide t-a-b-2'><h2><\/h2><div class='wp-block-buttons is-content-justification-center'><div class='wp-block-button is-style-outline'><a href='http:\/\/paabaths.com\/ee\/spetsialistidele\/uhendust-votma\/' class='wp-block-button__link' title='Esitage projektitaotlus'>Esitage projektitaotlus<\/a><\/div><\/div><\/div><\/section>","protected":false},"excerpt":{"rendered":"","protected":false},"author":1,"featured_media":0,"parent":6907,"menu_order":0,"comment_status":"closed","ping_status":"closed","template":"template-page-with-breadcrumbs.php","meta":{"_acf_changed":false,"inline_featured_image":false,"footnotes":""},"class_list":["post-6900","page","type-page","status-publish","hentry"],"acf":[],"yoast_head":"<!-- This site is optimized with the Yoast SEO plugin v26.1.1 - https:\/\/yoast.com\/wordpress\/plugins\/seo\/ -->\n<title>Koost\u00f6\u00f6 - PAA<\/title>\n<meta name=\"robots\" content=\"index, follow, max-snippet:-1, max-image-preview:large, max-video-preview:-1\" \/>\n<link rel=\"canonical\" href=\"https:\/\/paabaths.com\/ee\/spetsialistidele\/koostoo\/\" \/>\n<meta property=\"og:locale\" content=\"en_US\" \/>\n<meta property=\"og:type\" content=\"article\" \/>\n<meta property=\"og:title\" content=\"Koost\u00f6\u00f6 - PAA\" \/>\n<meta property=\"og:url\" content=\"https:\/\/paabaths.com\/ee\/spetsialistidele\/koostoo\/\" \/>\n<meta property=\"og:site_name\" content=\"PAA\" \/>\n<meta property=\"article:publisher\" content=\"https:\/\/www.facebook.com\/paabaths\/\" \/>\n<meta property=\"article:modified_time\" content=\"2023-11-03T12:22:28+00:00\" \/>\n<meta property=\"og:image\" content=\"https:\/\/paabaths.com\/wp-content\/uploads\/2025\/09\/PAA-baths-title2560x1500px.jpg\" \/>\n\t<meta property=\"og:image:width\" content=\"2560\" \/>\n\t<meta property=\"og:image:height\" content=\"1500\" \/>\n\t<meta property=\"og:image:type\" content=\"image\/jpeg\" \/>\n<meta name=\"twitter:card\" content=\"summary_large_image\" \/>\n<script type=\"application\/ld+json\" class=\"yoast-schema-graph\">{\"@context\":\"https:\/\/schema.org\",\"@graph\":[{\"@type\":\"WebPage\",\"@id\":\"https:\/\/paabaths.com\/ee\/spetsialistidele\/koostoo\/\",\"url\":\"https:\/\/paabaths.com\/ee\/spetsialistidele\/koostoo\/\",\"name\":\"Koost\u00f6\u00f6 - PAA\",\"isPartOf\":{\"@id\":\"https:\/\/paabaths.com\/ee\/#website\"},\"datePublished\":\"2021-04-07T01:48:53+00:00\",\"dateModified\":\"2023-11-03T12:22:28+00:00\",\"breadcrumb\":{\"@id\":\"https:\/\/paabaths.com\/ee\/spetsialistidele\/koostoo\/#breadcrumb\"},\"inLanguage\":\"ee\",\"potentialAction\":[{\"@type\":\"ReadAction\",\"target\":[\"https:\/\/paabaths.com\/ee\/spetsialistidele\/koostoo\/\"]}]},{\"@type\":\"BreadcrumbList\",\"@id\":\"https:\/\/paabaths.com\/ee\/spetsialistidele\/koostoo\/#breadcrumb\",\"itemListElement\":[{\"@type\":\"ListItem\",\"position\":1,\"name\":\"Home\",\"item\":\"https:\/\/paabaths.com\/ee\/\"},{\"@type\":\"ListItem\",\"position\":2,\"name\":\"Spetsialistidele\",\"item\":\"https:\/\/paabaths.com\/ee\/for-professionals\/\"},{\"@type\":\"ListItem\",\"position\":3,\"name\":\"Koost\u00f6\u00f6\"}]},{\"@type\":\"WebSite\",\"@id\":\"https:\/\/paabaths.com\/ee\/#website\",\"url\":\"https:\/\/paabaths.com\/ee\/\",\"name\":\"PAA\",\"description\":\"This is PAA Ltd. brand site\",\"publisher\":{\"@id\":\"https:\/\/paabaths.com\/ee\/#organization\"},\"potentialAction\":[{\"@type\":\"SearchAction\",\"target\":{\"@type\":\"EntryPoint\",\"urlTemplate\":\"https:\/\/paabaths.com\/ee\/?s={search_term_string}\"},\"query-input\":{\"@type\":\"PropertyValueSpecification\",\"valueRequired\":true,\"valueName\":\"search_term_string\"}}],\"inLanguage\":\"ee\"},{\"@type\":\"Organization\",\"@id\":\"https:\/\/paabaths.com\/ee\/#organization\",\"name\":\"PAA Baths\",\"url\":\"https:\/\/paabaths.com\/ee\/\",\"logo\":{\"@type\":\"ImageObject\",\"inLanguage\":\"ee\",\"@id\":\"https:\/\/paabaths.com\/ee\/#\/schema\/logo\/image\/\",\"url\":\"https:\/\/paabaths.com\/wp-content\/uploads\/2023\/02\/84294546_179914056600038_3880533746851512320_n.jpeg\",\"contentUrl\":\"https:\/\/paabaths.com\/wp-content\/uploads\/2023\/02\/84294546_179914056600038_3880533746851512320_n.jpeg\",\"width\":320,\"height\":320,\"caption\":\"PAA Baths\"},\"image\":{\"@id\":\"https:\/\/paabaths.com\/ee\/#\/schema\/logo\/image\/\"},\"sameAs\":[\"https:\/\/www.facebook.com\/paabaths\/\",\"https:\/\/www.instagram.com\/paa_baths\"]}]}<\/script>\n<!-- \/ Yoast SEO plugin. -->","yoast_head_json":{"title":"Koost\u00f6\u00f6 - PAA","robots":{"index":"index","follow":"follow","max-snippet":"max-snippet:-1","max-image-preview":"max-image-preview:large","max-video-preview":"max-video-preview:-1"},"canonical":"https:\/\/paabaths.com\/ee\/spetsialistidele\/koostoo\/","og_locale":"en_US","og_type":"article","og_title":"Koost\u00f6\u00f6 - PAA","og_url":"https:\/\/paabaths.com\/ee\/spetsialistidele\/koostoo\/","og_site_name":"PAA","article_publisher":"https:\/\/www.facebook.com\/paabaths\/","article_modified_time":"2023-11-03T12:22:28+00:00","og_image":[{"width":2560,"height":1500,"url":"https:\/\/paabaths.com\/wp-content\/uploads\/2025\/09\/PAA-baths-title2560x1500px.jpg","type":"image\/jpeg"}],"twitter_card":"summary_large_image","schema":{"@context":"https:\/\/schema.org","@graph":[{"@type":"WebPage","@id":"https:\/\/paabaths.com\/ee\/spetsialistidele\/koostoo\/","url":"https:\/\/paabaths.com\/ee\/spetsialistidele\/koostoo\/","name":"Koost\u00f6\u00f6 - PAA","isPartOf":{"@id":"https:\/\/paabaths.com\/ee\/#website"},"datePublished":"2021-04-07T01:48:53+00:00","dateModified":"2023-11-03T12:22:28+00:00","breadcrumb":{"@id":"https:\/\/paabaths.com\/ee\/spetsialistidele\/koostoo\/#breadcrumb"},"inLanguage":"ee","potentialAction":[{"@type":"ReadAction","target":["https:\/\/paabaths.com\/ee\/spetsialistidele\/koostoo\/"]}]},{"@type":"BreadcrumbList","@id":"https:\/\/paabaths.com\/ee\/spetsialistidele\/koostoo\/#breadcrumb","itemListElement":[{"@type":"ListItem","position":1,"name":"Home","item":"https:\/\/paabaths.com\/ee\/"},{"@type":"ListItem","position":2,"name":"Spetsialistidele","item":"https:\/\/paabaths.com\/ee\/for-professionals\/"},{"@type":"ListItem","position":3,"name":"Koost\u00f6\u00f6"}]},{"@type":"WebSite","@id":"https:\/\/paabaths.com\/ee\/#website","url":"https:\/\/paabaths.com\/ee\/","name":"PAA","description":"This is PAA Ltd. brand site","publisher":{"@id":"https:\/\/paabaths.com\/ee\/#organization"},"potentialAction":[{"@type":"SearchAction","target":{"@type":"EntryPoint","urlTemplate":"https:\/\/paabaths.com\/ee\/?s={search_term_string}"},"query-input":{"@type":"PropertyValueSpecification","valueRequired":true,"valueName":"search_term_string"}}],"inLanguage":"ee"},{"@type":"Organization","@id":"https:\/\/paabaths.com\/ee\/#organization","name":"PAA Baths","url":"https:\/\/paabaths.com\/ee\/","logo":{"@type":"ImageObject","inLanguage":"ee","@id":"https:\/\/paabaths.com\/ee\/#\/schema\/logo\/image\/","url":"https:\/\/paabaths.com\/wp-content\/uploads\/2023\/02\/84294546_179914056600038_3880533746851512320_n.jpeg","contentUrl":"https:\/\/paabaths.com\/wp-content\/uploads\/2023\/02\/84294546_179914056600038_3880533746851512320_n.jpeg","width":320,"height":320,"caption":"PAA Baths"},"image":{"@id":"https:\/\/paabaths.com\/ee\/#\/schema\/logo\/image\/"},"sameAs":["https:\/\/www.facebook.com\/paabaths\/","https:\/\/www.instagram.com\/paa_baths"]}]}},"_links":{"self":[{"href":"https:\/\/paabaths.com\/ee\/wp-json\/wp\/v2\/pages\/6900","targetHints":{"allow":["GET"]}}],"collection":[{"href":"https:\/\/paabaths.com\/ee\/wp-json\/wp\/v2\/pages"}],"about":[{"href":"https:\/\/paabaths.com\/ee\/wp-json\/wp\/v2\/types\/page"}],"author":[{"embeddable":true,"href":"https:\/\/paabaths.com\/ee\/wp-json\/wp\/v2\/users\/1"}],"replies":[{"embeddable":true,"href":"https:\/\/paabaths.com\/ee\/wp-json\/wp\/v2\/comments?post=6900"}],"version-history":[{"count":3,"href":"https:\/\/paabaths.com\/ee\/wp-json\/wp\/v2\/pages\/6900\/revisions"}],"predecessor-version":[{"id":58662,"href":"https:\/\/paabaths.com\/ee\/wp-json\/wp\/v2\/pages\/6900\/revisions\/58662"}],"up":[{"embeddable":true,"href":"https:\/\/paabaths.com\/ee\/wp-json\/wp\/v2\/pages\/6907"}],"wp:attachment":[{"href":"https:\/\/paabaths.com\/ee\/wp-json\/wp\/v2\/media?parent=6900"}],"curies":[{"name":"wp","href":"https:\/\/api.w.org\/{rel}","templated":true}]}}