{"id":6891,"date":"2021-04-07T04:45:23","date_gmt":"2021-04-07T01:45:23","guid":{"rendered":"https:\/\/paa.emptylimits.com\/contacts\/"},"modified":"2026-02-25T12:40:14","modified_gmt":"2026-02-25T10:40:14","slug":"kontaktid","status":"publish","type":"page","link":"https:\/\/paabaths.com\/ee\/meist\/kontaktid\/","title":{"rendered":"Kontaktid"},"content":{"rendered":"<section class='page-title wp-block-group acf-block position-left  has-h1' ><div class='wp-block alignwide'><h1 class='t-a-b-2'>Kontaktid<\/h1><\/div><\/section>\n\n<section class='contact-block contact-block-style-2 wp-block-group acf-block first-block'><div class='wp-block alignwide'><div class='image-wrap'><div class='image' style='background-image:url(https:\/\/paabaths.com\/wp-content\/uploads\/2022\/04\/contacts-factory-1560x789.jpg)'><\/div><img src='' data-src='https:\/\/paabaths.com\/wp-content\/uploads\/2022\/04\/contacts-factory-1560x789.jpg' alt='' class='lazyload'><\/div><div class='item-columns'><div class='item-column left-side-item'><div class='contact-item'><h2>Tehas<\/h2><p>PAA tehas, \u201cLaukai\u0146i\u201d, P137,<br \/>\n\u0136ekavas novads, LV-2123, L\u00e4ti<\/p>\n<p>E-post:  <a href=\"mailto:info@paa.lv\">info@paa.lv<\/a><br \/>\nT\u00f6\u00f6aeg: esmasp\u00e4evast reedeni 08.00-12.00 \/ 12.30-16.30<br \/>\nLadu t\u00f6\u00f6aeg: esmasp\u00e4evast reedeni 08.00-12.00 \/ 12.30-16.00<\/p>\n<\/div><\/div><div class='item-column right-side-item'><div class='contact-item'><h2>Showroom Riia<\/h2><p>PAA vannu salons<br \/>\n\u016anijas iela 12a, Riia, LV\u20131084, L\u00e4ti<\/p>\n<p>T\u00f6\u00f6aeg:<br \/>\nt\u00f6\u00f6p\u00e4eviti 08.00-12.00 \/ laup\u00e4eviti 12.30-16.30<\/p>\n<\/div><\/div><\/div><\/div><\/section>\n\n<section class='button-block wp-block-group acf-block'><div class='wp-block alignwide t-a-b-2'><h2>PAA edasim\u00fc\u00fcjad<\/h2><div class='wp-block-buttons is-content-justification-center'><div class='wp-block-button is-style-outline'><a href='http:\/\/paabaths.com\/ee\/leia-maaletooja\/#eesti' class='wp-block-button__link' title='Leia maaletooja'>Leia maaletooja<\/a><\/div><\/div><\/div><\/section>\n\n<section class='contact-block contact-block-style-2 wp-block-group acf-block  no-image'><div class='wp-block alignwide'><div class='item-columns'><div class='item-column left-side-item'><div class='contact-item'><h2>Hulgim\u00fc\u00fck L\u00e4tis<\/h2><p>Tel.: +371 29447729<br \/>\nE-post: <a href=\"mailto:maksims.zinovjevs@paa.lv\">maksims.zinovjevs@paa.lv<\/a><\/p>\n<\/div><\/div><div class='item-column right-side-item'><div class='contact-item'><h2> Ekspordi osakond<\/h2><p>Tel: +371 67830918<br \/>\nE-post: <a href=\"mailto:export@paa.lv\">export@paa.lv<\/a><\/p>\n<\/div><\/div><div class='item-column right-side-item'><div class='contact-item'><h2>Esindus Leedus<\/h2><p>Tel: +370 677 11699<br \/>\nE-post: <a href=\"mailto:lietuva@paa.lv\">lietuva@paa.lv<\/a><\/p>\n<\/div><\/div><\/div><\/div><\/section>\n\n<section class='contact-block contact-block-style-2 wp-block-group acf-block  no-image'><div class='wp-block alignwide'><div class='item-columns'><div class='item-column left-side-item'><div class='contact-item'><h2>Esindus Ukrainas<\/h2><p style=\"text-align: left;\">&#8220;PAA Baths Ukraine&#8221;, Me\u017eigorskaja t\u00e4nav 28-35,<br \/>\nKiiev, 04071, Ukraina<\/p>\n<p style=\"text-align: left;\">Tel: +380 505088787<br \/>\nE-post: <a href=\"mailto:alla@paa.com.ua\">alla@paa.com.ua<\/a><\/p>\n<\/div><\/div><div class='item-column right-side-item'><div class='contact-item'><h2>Esindus Poolas<\/h2><p>Tel: +48 573 990 035<br \/>\nE-post: <a href=\"mailto:r.dzierlinski@vixor.pl\">r.dzierlinski@vixor.pl<\/a><\/p>\n<\/div><\/div><div class='item-column right-side-item'><div class='contact-item'><\/div><\/div><\/div><div class='item-columns'><div class='item-column left-side-item'><div class='contact-item'><\/div><\/div><\/div><\/div><\/section>\n\n<section class='contact-block contact-block-style-2 wp-block-group acf-block first-block no-image'><div class='wp-block alignwide'><div class='item-columns'><div class='item-column left-side-item'><div class='contact-item'><h2>Rekvisiidid<\/h2><p>PAA<\/p>\n<p>\u016anijas iela 12a, Riia, LV-1084, L\u00e4ti<br \/>\nReg. Nr. 40003133269<br \/>\nPank: Luminor Bank AS<br \/>\nSwift kood: RIKOLV2X<br \/>\nIBAN konto: LV14RIKO0000084100890<\/p>\n<\/div><\/div><\/div><\/div><\/section>","protected":false},"excerpt":{"rendered":"","protected":false},"author":1,"featured_media":0,"parent":13735,"menu_order":2,"comment_status":"closed","ping_status":"closed","template":"template-page-with-breadcrumbs.php","meta":{"_acf_changed":false,"inline_featured_image":false,"footnotes":""},"class_list":["post-6891","page","type-page","status-publish","hentry"],"acf":[],"yoast_head":"<!-- This site is optimized with the Yoast SEO plugin v26.1.1 - https:\/\/yoast.com\/wordpress\/plugins\/seo\/ -->\n<title>Kontaktid - PAA<\/title>\n<meta name=\"robots\" content=\"index, follow, max-snippet:-1, max-image-preview:large, max-video-preview:-1\" \/>\n<link rel=\"canonical\" href=\"https:\/\/paabaths.com\/ee\/meist\/kontaktid\/\" \/>\n<meta property=\"og:locale\" content=\"en_US\" \/>\n<meta property=\"og:type\" content=\"article\" \/>\n<meta property=\"og:title\" content=\"Kontaktid - PAA\" \/>\n<meta property=\"og:url\" content=\"https:\/\/paabaths.com\/ee\/meist\/kontaktid\/\" \/>\n<meta property=\"og:site_name\" content=\"PAA\" \/>\n<meta property=\"article:publisher\" content=\"https:\/\/www.facebook.com\/paabaths\/\" \/>\n<meta property=\"article:modified_time\" content=\"2026-02-25T10:40:14+00:00\" \/>\n<meta property=\"og:image\" content=\"https:\/\/paabaths.com\/wp-content\/uploads\/2025\/09\/PAA-baths-title2560x1500px.jpg\" \/>\n\t<meta property=\"og:image:width\" content=\"2560\" \/>\n\t<meta property=\"og:image:height\" content=\"1500\" \/>\n\t<meta property=\"og:image:type\" content=\"image\/jpeg\" \/>\n<meta name=\"twitter:card\" content=\"summary_large_image\" \/>\n<script type=\"application\/ld+json\" class=\"yoast-schema-graph\">{\"@context\":\"https:\/\/schema.org\",\"@graph\":[{\"@type\":\"WebPage\",\"@id\":\"https:\/\/paabaths.com\/ee\/meist\/kontaktid\/\",\"url\":\"https:\/\/paabaths.com\/ee\/meist\/kontaktid\/\",\"name\":\"Kontaktid - PAA\",\"isPartOf\":{\"@id\":\"https:\/\/paabaths.com\/ee\/#website\"},\"datePublished\":\"2021-04-07T01:45:23+00:00\",\"dateModified\":\"2026-02-25T10:40:14+00:00\",\"breadcrumb\":{\"@id\":\"https:\/\/paabaths.com\/ee\/meist\/kontaktid\/#breadcrumb\"},\"inLanguage\":\"ee\",\"potentialAction\":[{\"@type\":\"ReadAction\",\"target\":[\"https:\/\/paabaths.com\/ee\/meist\/kontaktid\/\"]}]},{\"@type\":\"BreadcrumbList\",\"@id\":\"https:\/\/paabaths.com\/ee\/meist\/kontaktid\/#breadcrumb\",\"itemListElement\":[{\"@type\":\"ListItem\",\"position\":1,\"name\":\"Home\",\"item\":\"https:\/\/paabaths.com\/ee\/\"},{\"@type\":\"ListItem\",\"position\":2,\"name\":\"Meist\",\"item\":\"https:\/\/paabaths.com\/ee\/mes\/\"},{\"@type\":\"ListItem\",\"position\":3,\"name\":\"Kontaktid\"}]},{\"@type\":\"WebSite\",\"@id\":\"https:\/\/paabaths.com\/ee\/#website\",\"url\":\"https:\/\/paabaths.com\/ee\/\",\"name\":\"PAA\",\"description\":\"This is PAA Ltd. brand site\",\"publisher\":{\"@id\":\"https:\/\/paabaths.com\/ee\/#organization\"},\"potentialAction\":[{\"@type\":\"SearchAction\",\"target\":{\"@type\":\"EntryPoint\",\"urlTemplate\":\"https:\/\/paabaths.com\/ee\/?s={search_term_string}\"},\"query-input\":{\"@type\":\"PropertyValueSpecification\",\"valueRequired\":true,\"valueName\":\"search_term_string\"}}],\"inLanguage\":\"ee\"},{\"@type\":\"Organization\",\"@id\":\"https:\/\/paabaths.com\/ee\/#organization\",\"name\":\"PAA Baths\",\"url\":\"https:\/\/paabaths.com\/ee\/\",\"logo\":{\"@type\":\"ImageObject\",\"inLanguage\":\"ee\",\"@id\":\"https:\/\/paabaths.com\/ee\/#\/schema\/logo\/image\/\",\"url\":\"https:\/\/paabaths.com\/wp-content\/uploads\/2023\/02\/84294546_179914056600038_3880533746851512320_n.jpeg\",\"contentUrl\":\"https:\/\/paabaths.com\/wp-content\/uploads\/2023\/02\/84294546_179914056600038_3880533746851512320_n.jpeg\",\"width\":320,\"height\":320,\"caption\":\"PAA Baths\"},\"image\":{\"@id\":\"https:\/\/paabaths.com\/ee\/#\/schema\/logo\/image\/\"},\"sameAs\":[\"https:\/\/www.facebook.com\/paabaths\/\",\"https:\/\/www.instagram.com\/paa_baths\"]}]}<\/script>\n<!-- \/ Yoast SEO plugin. -->","yoast_head_json":{"title":"Kontaktid - PAA","robots":{"index":"index","follow":"follow","max-snippet":"max-snippet:-1","max-image-preview":"max-image-preview:large","max-video-preview":"max-video-preview:-1"},"canonical":"https:\/\/paabaths.com\/ee\/meist\/kontaktid\/","og_locale":"en_US","og_type":"article","og_title":"Kontaktid - PAA","og_url":"https:\/\/paabaths.com\/ee\/meist\/kontaktid\/","og_site_name":"PAA","article_publisher":"https:\/\/www.facebook.com\/paabaths\/","article_modified_time":"2026-02-25T10:40:14+00:00","og_image":[{"width":2560,"height":1500,"url":"https:\/\/paabaths.com\/wp-content\/uploads\/2025\/09\/PAA-baths-title2560x1500px.jpg","type":"image\/jpeg"}],"twitter_card":"summary_large_image","schema":{"@context":"https:\/\/schema.org","@graph":[{"@type":"WebPage","@id":"https:\/\/paabaths.com\/ee\/meist\/kontaktid\/","url":"https:\/\/paabaths.com\/ee\/meist\/kontaktid\/","name":"Kontaktid - PAA","isPartOf":{"@id":"https:\/\/paabaths.com\/ee\/#website"},"datePublished":"2021-04-07T01:45:23+00:00","dateModified":"2026-02-25T10:40:14+00:00","breadcrumb":{"@id":"https:\/\/paabaths.com\/ee\/meist\/kontaktid\/#breadcrumb"},"inLanguage":"ee","potentialAction":[{"@type":"ReadAction","target":["https:\/\/paabaths.com\/ee\/meist\/kontaktid\/"]}]},{"@type":"BreadcrumbList","@id":"https:\/\/paabaths.com\/ee\/meist\/kontaktid\/#breadcrumb","itemListElement":[{"@type":"ListItem","position":1,"name":"Home","item":"https:\/\/paabaths.com\/ee\/"},{"@type":"ListItem","position":2,"name":"Meist","item":"https:\/\/paabaths.com\/ee\/mes\/"},{"@type":"ListItem","position":3,"name":"Kontaktid"}]},{"@type":"WebSite","@id":"https:\/\/paabaths.com\/ee\/#website","url":"https:\/\/paabaths.com\/ee\/","name":"PAA","description":"This is PAA Ltd. brand site","publisher":{"@id":"https:\/\/paabaths.com\/ee\/#organization"},"potentialAction":[{"@type":"SearchAction","target":{"@type":"EntryPoint","urlTemplate":"https:\/\/paabaths.com\/ee\/?s={search_term_string}"},"query-input":{"@type":"PropertyValueSpecification","valueRequired":true,"valueName":"search_term_string"}}],"inLanguage":"ee"},{"@type":"Organization","@id":"https:\/\/paabaths.com\/ee\/#organization","name":"PAA Baths","url":"https:\/\/paabaths.com\/ee\/","logo":{"@type":"ImageObject","inLanguage":"ee","@id":"https:\/\/paabaths.com\/ee\/#\/schema\/logo\/image\/","url":"https:\/\/paabaths.com\/wp-content\/uploads\/2023\/02\/84294546_179914056600038_3880533746851512320_n.jpeg","contentUrl":"https:\/\/paabaths.com\/wp-content\/uploads\/2023\/02\/84294546_179914056600038_3880533746851512320_n.jpeg","width":320,"height":320,"caption":"PAA Baths"},"image":{"@id":"https:\/\/paabaths.com\/ee\/#\/schema\/logo\/image\/"},"sameAs":["https:\/\/www.facebook.com\/paabaths\/","https:\/\/www.instagram.com\/paa_baths"]}]}},"_links":{"self":[{"href":"https:\/\/paabaths.com\/ee\/wp-json\/wp\/v2\/pages\/6891","targetHints":{"allow":["GET"]}}],"collection":[{"href":"https:\/\/paabaths.com\/ee\/wp-json\/wp\/v2\/pages"}],"about":[{"href":"https:\/\/paabaths.com\/ee\/wp-json\/wp\/v2\/types\/page"}],"author":[{"embeddable":true,"href":"https:\/\/paabaths.com\/ee\/wp-json\/wp\/v2\/users\/1"}],"replies":[{"embeddable":true,"href":"https:\/\/paabaths.com\/ee\/wp-json\/wp\/v2\/comments?post=6891"}],"version-history":[{"count":50,"href":"https:\/\/paabaths.com\/ee\/wp-json\/wp\/v2\/pages\/6891\/revisions"}],"predecessor-version":[{"id":97182,"href":"https:\/\/paabaths.com\/ee\/wp-json\/wp\/v2\/pages\/6891\/revisions\/97182"}],"up":[{"embeddable":true,"href":"https:\/\/paabaths.com\/ee\/wp-json\/wp\/v2\/pages\/13735"}],"wp:attachment":[{"href":"https:\/\/paabaths.com\/ee\/wp-json\/wp\/v2\/media?parent=6891"}],"curies":[{"name":"wp","href":"https:\/\/api.w.org\/{rel}","templated":true}]}}